{"id":361,"date":"2024-09-18T08:41:46","date_gmt":"2024-09-18T08:41:46","guid":{"rendered":"https:\/\/alfakher24h.de\/?post_type=product&#038;p=361"},"modified":"2025-07-23T04:17:51","modified_gmt":"2025-07-23T04:17:51","slug":"al-fakher-crown-bar-12-000-baforadas-cigarro-eletronico-descartavel-com-nicotina-hubba","status":"publish","type":"product","link":"https:\/\/alfakher24h.de\/pt\/produto\/al-fakher-crown-bar-12-000-baforadas-cigarro-eletronico-descartavel-com-nicotina-hubba\/","title":{"rendered":"AL Fakher Crown Bar 12000 Z\u00fcge Einweg E Zigarette Mit Nikotin - Hubba \n\n(AL Fakher Crown Bar 12000 tragadas Cigarro eletr\u00f4nico descart\u00e1vel com nicotina - Hubba)"},"content":{"rendered":"<h2><strong><a href=\"https:\/\/alfakher24h.de\/pt\/categoria-de-produto\/barra-de-coroa-ai-fakher-12000\/\">AL Fakher Crown Bar 12000 Z\u00fcge \n\n \n becomes \n\nAL Fakher Crown Bar 12000 tragadas<\/a> E-Zigarette de uso \u00fanico com nicotina - Hubba<\/strong><\/h2>\n<p>A <strong>AL Fakher Crown Bar 12000 Z\u00fcge \n\n \n becomes \n\nAL Fakher Crown Bar 12000 tragadas <a href=\"https:\/\/alfakher24h.de\/pt\/\">Cigarrinha eletr\u00f4nica descart\u00e1vel<\/a><\/strong><a href=\"https:\/\/alfakher24h.de\/pt\/\"> com nicotina<\/a> Oferece aos vapers uma experi\u00eancia de primeira classe atrav\u00e9s de sua capacidade impressionante e tecnologia inovadora. Este produto foi desenvolvido especificamente para todos os vapers que procuram uma solu\u00e7\u00e3o pr\u00e1tica, potente e elegante. Descubra como o AL Fakher Crown Bar 12000 PRO eleva as suas experi\u00eancias de vaporiza\u00e7\u00e3o a um novo n\u00edvel.<\/p>\n<h2><strong>AL Fakher Crown Bar 12000 Z\u00fcge \n\n \n becomes \n\nAL Fakher Crown Bar 12000 tragadas <\/strong>Descri\u00e7\u00e3o do produto<\/h2>\n<p>A <strong>AL Fakher Crown Bar 12000 PRO<\/strong> Estabelece novos padr\u00f5es na \u00e1rea da <a href=\"https:\/\/alfakher24h.de\/pt\/\">E-Zigarettes descart\u00e1veis<\/a>Com a capacidade de fornecer at\u00e9 12.000 puffs, este dispositivo \u00e9 ideal para um prazer prolongado e experi\u00eancias intensas de vaporiza\u00e7\u00e3o. O design fino e moderno n\u00e3o s\u00f3 acrescenta uma nota est\u00e9tica, mas tamb\u00e9m proporciona um manuseio confort\u00e1vel. A bobina de malha potente com uma resist\u00eancia de 0,6 Ohm proporciona uma experi\u00eancia de vaporiza\u00e7\u00e3o excepcional com nuvens densas e arom\u00e1ticas que ir\u00e3o deliciar os seus sentidos.<\/p>\n<p>Outro destaque \u00e9 o visor digital, que fornece uma vis\u00e3o clara do n\u00edvel da bateria e da quantidade restante de l\u00edquido eletr\u00f4nico a qualquer momento. Este recurso \u00e9 especialmente \u00fatil para garantir que seu dispositivo esteja sempre pronto para uso. A <strong>AL Fakher Crown Bar 12000 PRO<\/strong> Al\u00e9m disso, \u00e9 recarreg\u00e1vel e utiliza uma conex\u00e3o pr\u00e1tica do tipo C, que permite um carregamento r\u00e1pido.<\/p>\n<p>Especialmente not\u00e1vel \u00e9 a integra\u00e7\u00e3o das ondas sonoras semelhantes \u00e0s do Nargile, que proporcionam a sensa\u00e7\u00e3o de uma sess\u00e3o tradicional de cachimbo de \u00e1gua. Este recurso complementa a experi\u00eancia de vaporiza\u00e7\u00e3o com uma dimens\u00e3o adicional e oferece uma atmosfera aut\u00eantica que torna cada tragada um momento especial.<\/p>\n<h2><strong>AL Fakher Crown Bar 12000 Z\u00fcge \n\n \n becomes \n\nAL Fakher Crown Bar 12000 tragadas <\/strong>Propriedades especiais<\/h2>\n<ul>\n<li><strong>12.000 trens por dispositivo<\/strong>: Utiliza\u00e7\u00e3o m\u00e1xima com n\u00famero extremamente elevado de sess\u00f5es - ideal para sess\u00f5es de vapor prolongadas ou viagens.<\/li>\n<li><strong>Tecnologia de bobina mesh (0,6 Ohm)<\/strong>: Garante nuvens de vapor densas e arom\u00e1ticas e uma intensa liberta\u00e7\u00e3o de sabores.<\/li>\n<li><strong>Recarreg\u00e1vel com conector Tipo-C<\/strong>: Carregamento r\u00e1pido e descomplicado para constante prontid\u00e3o.<\/li>\n<li><strong>Display digital<\/strong>: Basta acompanhar o status da bateria e a quantidade de e-l\u00edquido para um uso sem estresse.<\/li>\n<li><strong>Desenho leve e estiloso<\/strong>Compacto e port\u00e1til, perfeito para uso di\u00e1rio e em viagem.<\/li>\n<li><strong>Ondas sonoras integradas de narguil\u00e9<\/strong>: Experimente a sensa\u00e7\u00e3o aut\u00eantica de um Nargile para uma experi\u00eancia de vapor aprimorada.<\/li>\n<li><strong>Vaporiza\u00e7\u00e3o direta para os pulm\u00f5es (DTL)<\/strong>Para experi\u00eancias de sabor fortes e intensas e vapor denso.<\/li>\n<li><img loading=\"lazy\" decoding=\"async\" class=\"alignnone size-full wp-image-363\" src=\"https:\/\/alfakher24h.de\/wp-content\/uploads\/2024\/09\/AL-Fakher-Crown-Bar-12000-Zuege-Einweg-E-Zigarette-Mit-Nikotin-Hubba-2.webp\" alt=\"AL Fakher Crown Bar 12000 Z\u00fcge Einweg E Zigarette Mit Nikotin - Hubba (AL Fakher Crown Bar 12000 tragadas Cigarro eletr\u00f4nico descart\u00e1vel com nicotina - Hubba)\" width=\"600\" height=\"600\" title=\"\" srcset=\"https:\/\/alfakher24h.de\/wp-content\/uploads\/2024\/09\/AL-Fakher-Crown-Bar-12000-Zuege-Einweg-E-Zigarette-Mit-Nikotin-Hubba-2.webp 600w, https:\/\/alfakher24h.de\/wp-content\/uploads\/2024\/09\/AL-Fakher-Crown-Bar-12000-Zuege-Einweg-E-Zigarette-Mit-Nikotin-Hubba-2-300x300.webp 300w, https:\/\/alfakher24h.de\/wp-content\/uploads\/2024\/09\/AL-Fakher-Crown-Bar-12000-Zuege-Einweg-E-Zigarette-Mit-Nikotin-Hubba-2-150x150.webp 150w, https:\/\/alfakher24h.de\/wp-content\/uploads\/2024\/09\/AL-Fakher-Crown-Bar-12000-Zuege-Einweg-E-Zigarette-Mit-Nikotin-Hubba-2-100x100.webp 100w\" sizes=\"auto, (max-width: 600px) 100vw, 600px\" \/><\/li>\n<\/ul>\n<h2><strong>AL Fakher Crown Bar 12000 Z\u00fcge \n\n \n becomes \n\nAL Fakher Crown Bar 12000 tragadas<\/strong>Descri\u00e7\u00e3o detalhada do sabor - Hubba<\/h2>\n<p>O <strong>Hubba<\/strong> Sabor da <a href=\"https:\/\/alfakher24h.de\/pt\/\">AL Fakher<\/a> Crown Bar 12000 PRO oferece uma experi\u00eancia de sabor incompar\u00e1vel que ir\u00e1 encantar seus bot\u00f5es gustativos. Com uma mistura de notas frutais e doces, o sabor Hubba combina a do\u00e7ura refrescante de frutas frescas com uma nota de a\u00e7\u00facar sutil, mas distinta. Cada tragada se desdobra com uma explos\u00e3o de nuances de sabor que lembram um chiclete frutal, que \u00e9 tanto revigorante quanto agrad\u00e1vel.<\/p>\n<p>O aroma \u00e9 vivo e intenso, sem ser opressor, proporcionando uma experi\u00eancia de sabor uniforme e duradoura que o acompanha desde o primeiro at\u00e9 o \u00faltimo cigarro. A combina\u00e7\u00e3o de do\u00e7ura frutada e da textura ligeiramente pegajosa do chiclete proporciona um tipo especial de prazer, que \u00e9 viciante e enriquece cada momento da vaporiza\u00e7\u00e3o. A profundidade e complexidade do sabor Hubba s\u00e3o perfeitamente real\u00e7adas pela bobina de malha avan\u00e7ada, tornando cada tragada uma experi\u00eancia especial.<\/p>\n<h2><strong>AL Fakher Crown Bar 12000 Z\u00fcge \n\n \n becomes \n\nAL Fakher Crown Bar 12000 tragadas <\/strong>Compre agora em alfakher24h.de<\/h2>\n<p>Para todos que procuram a melhor sele\u00e7\u00e3o de <a href=\"https:\/\/alfakher24h.de\/pt\/\"><strong>E-Zigarettes descart\u00e1veis<\/strong> <\/a>procurar, \u00e9 <strong><a href=\"https:\/\/alfakher24h.de\/pt\/\">alfakher24h.<\/a>de<\/strong> primeira endere\u00e7o na Alemanha. Nossa plataforma oferece uma vasta cole\u00e7\u00e3o dos melhores produtos, incluindo os <strong><a href=\"https:\/\/alfakher24h.de\/pt\/\">AL Fakher<\/a> Crown Bar 12000 Z\u00fcge \n\n becomes \n\n Crown Bar 12000 tragadas<\/strong>que convencem pelo seu desempenho excepcional e diversidade de sabores. Visite-nos e experimente por si mesmo por que somos a maior plataforma de varejo online para <strong>Vapes Descart\u00e1veis<\/strong> na Alemanha. Compre agora e desfrute da qualidade de primeira classe e do prazer incompar\u00e1vel que apenas os melhores cigarros eletr\u00f4nicos descart\u00e1veis podem oferecer.<\/p>","protected":false},"excerpt":{"rendered":"<p>A <strong>AL Fakher Crown Bar 12000 Z\u00fcge Einweg E-Zigarette \n Crown Bar 12000 AL Fakher descart\u00e1vel cigarro eletr\u00f4nico<\/strong> Oferece at\u00e9 12.000 tragadas cheias de experi\u00eancias de sabor intensas, equipadas com uma bobina de malha potente e um visor digital para desfrute \u00f3timo e manuseio f\u00e1cil.<\/p>","protected":false},"featured_media":362,"comment_status":"open","ping_status":"closed","template":"","meta":{"om_disable_all_campaigns":false},"product_brand":[],"product_cat":[20],"product_tag":[],"class_list":{"0":"post-361","1":"product","2":"type-product","3":"status-publish","4":"has-post-thumbnail","6":"product_cat-ai-fakher-crown-bar-12000","8":"first","9":"instock","10":"shipping-taxable","11":"purchasable","12":"product-type-simple"},"_links":{"self":[{"href":"https:\/\/alfakher24h.de\/pt\/wp-json\/wp\/v2\/product\/361","targetHints":{"allow":["GET"]}}],"collection":[{"href":"https:\/\/alfakher24h.de\/pt\/wp-json\/wp\/v2\/product"}],"about":[{"href":"https:\/\/alfakher24h.de\/pt\/wp-json\/wp\/v2\/types\/product"}],"replies":[{"embeddable":true,"href":"https:\/\/alfakher24h.de\/pt\/wp-json\/wp\/v2\/comments?post=361"}],"wp:featuredmedia":[{"embeddable":true,"href":"https:\/\/alfakher24h.de\/pt\/wp-json\/wp\/v2\/media\/362"}],"wp:attachment":[{"href":"https:\/\/alfakher24h.de\/pt\/wp-json\/wp\/v2\/media?parent=361"}],"wp:term":[{"taxonomy":"product_brand","embeddable":true,"href":"https:\/\/alfakher24h.de\/pt\/wp-json\/wp\/v2\/product_brand?post=361"},{"taxonomy":"product_cat","embeddable":true,"href":"https:\/\/alfakher24h.de\/pt\/wp-json\/wp\/v2\/product_cat?post=361"},{"taxonomy":"product_tag","embeddable":true,"href":"https:\/\/alfakher24h.de\/pt\/wp-json\/wp\/v2\/product_tag?post=361"}],"curies":[{"name":"wp","href":"https:\/\/api.w.org\/{rel}","templated":true}]}}