{"id":357,"date":"2024-09-18T08:33:39","date_gmt":"2024-09-18T08:33:39","guid":{"rendered":"https:\/\/alfakher24h.de\/?post_type=product&#038;p=357"},"modified":"2025-07-23T04:17:51","modified_gmt":"2025-07-23T04:17:51","slug":"al-fakher-crown-bar-12-000-baforadas-cigarro-eletronico-descartavel-com-nicotina-uva-hortela","status":"publish","type":"product","link":"https:\/\/alfakher24h.de\/pt\/produto\/al-fakher-crown-bar-12-000-baforadas-cigarro-eletronico-descartavel-com-nicotina-uva-hortela\/","title":{"rendered":"AL Fakher Crown Bar 12000 Z\u00fcge Einweg E Zigarette Mit Nikotin -Grape Mint \nse torna \nAL Fakher Crown Bar 12000 tragadas Cigarro eletr\u00f4nico descart\u00e1vel com nicotina - Hortel\u00e3 de Uva"},"content":{"rendered":"<div class=\"flex-shrink-0 flex flex-col relative items-end\">\n<div>\n<div class=\"pt-0\">\n<div class=\"gizmo-bot-avatar flex h-8 w-8 items-center justify-center overflow-hidden rounded-full\"><strong><span style=\"font-size: 23.04px;\"><a href=\"https:\/\/alfakher24h.de\/pt\/categoria-de-produto\/barra-de-coroa-ai-fakher-12000\/\">AL Fakher Crown Bar 12000 Z\u00fcge \n\n \n becomes \n\nAL Fakher Crown Bar 12000 tragadas<\/a> E-Zigarette descart\u00e1vel com nicotina - Sabor Uva Menta<\/span><\/strong><\/div>\n<\/div>\n<\/div>\n<\/div>\n<div class=\"group\/conversation-turn relative flex w-full min-w-0 flex-col agent-turn\">\n<div class=\"flex-col gap-1 md:gap-3\">\n<div class=\"flex max-w-full flex-col flex-grow\">\n<div class=\"min-h-[20px] text-message flex w-full flex-col items-end gap-2 whitespace-normal break-words [.text-message+&amp;]:mt-5\" dir=\"auto\" data-message-author-role=\"assistant\" data-message-id=\"a98c482a-165c-43a9-8870-1fdd530fee92\">\n<div class=\"flex w-full flex-col gap-1 empty:hidden first:pt-[3px]\">\n<div class=\"markdown prose w-full break-words dark:prose-invert light\">\n<h3>Palavras introdut\u00f3rias<\/h3>\n<p>O <strong>AL Fakher Crown Bar 12000 Z\u00fcge \n\n \n becomes \n\nAL Fakher Crown Bar 12000 tragadas<\/strong> \u00e9 um cigarro eletr\u00f4nico descart\u00e1vel premium que oferece uma experi\u00eancia de vaporiza\u00e7\u00e3o excepcional para os entusiastas de vaporiza\u00e7\u00e3o na Alemanha. Este produto combina tecnologia avan\u00e7ada com design elegante e oferece um desempenho incompar\u00e1vel. Se voc\u00ea est\u00e1 procurando por um vape potente, duradouro e estiloso, ent\u00e3o o Crown Bar 12000 \u00e9 exatamente o que voc\u00ea precisa. Em <a href=\"https:\/\/alfakher24h.de\/pt\/\"><strong>alfakher24h.de<\/strong><\/a>, da maior plataforma online para cigarros eletr\u00f3nicos descart\u00e1veis na Alemanha, pode adquirir este produto topo.<\/p>\n<h3><strong><span style=\"font-size: 23.04px;\">AL Fakher Crown Bar 12000 Z\u00fcge \n\n \n becomes \n\nAL Fakher Crown Bar 12000 tragadas <\/span><\/strong>Descri\u00e7\u00e3o detalhada do produto<\/h3>\n<p>O <strong>AL Fakher Crown Bar 12000 Z\u00fcge \n\n \n becomes \n\nAL Fakher Crown Bar 12000 tragadas<\/strong> Convincente por sua capacidade excepcional e tecnologia avan\u00e7ada. Com a capacidade de fornecer at\u00e9 12.000 tragadas, este vape descart\u00e1vel \u00e9 um dos mais dur\u00e1veis da sua classe. Esta longa vida \u00fatil garante que voc\u00ea n\u00e3o precise se preocupar com reabastecimento ou substitui\u00e7\u00e3o. Cada tragada \u00e9 consistentemente intensa, permitindo que voc\u00ea aproveite ao m\u00e1ximo o aroma sem se preocupar com o esgotamento do dispositivo.<\/p>\n<p>O design do Crown Bar 12000 PRO n\u00e3o \u00e9 apenas moderno, mas tamb\u00e9m pr\u00e1tico. Com um perfil leve e compacto, o dispositivo \u00e9 ideal para uso em movimento. Ele cabe facilmente em qualquer bolso ou bolsa de m\u00e3o, sem ocupar espa\u00e7o adicional. A \u00e1rea da boquilha projetada ergonomicamente garante um aperto confort\u00e1vel e uma experi\u00eancia de vaporiza\u00e7\u00e3o confort\u00e1vel desde o primeiro at\u00e9 o \u00faltimo uso.<\/p>\n<p>Outro destaque \u00e9 a bateria integrada, que \u00e9 carregada atrav\u00e9s de um sistema de carregamento r\u00e1pido USB-C. Isso permite um carregamento r\u00e1pido e confi\u00e1vel, para que seu dispositivo esteja sempre pronto para uso. O Crown Bar 12000 PRO tamb\u00e9m \u00e9 equipado com um display digital, que fornece informa\u00e7\u00f5es sobre o n\u00edvel da bateria e o n\u00edvel do l\u00edquido a qualquer momento.<\/p>\n<h3><strong><span style=\"font-size: 23.04px;\">AL Fakher Crown Bar 12000 Z\u00fcge \n\n \n becomes \n\nAL Fakher Crown Bar 12000 tragadas <\/span><\/strong>Principais caracter\u00edsticas do AL Fakher Crown Bar 12000 PRO<\/h3>\n<ul>\n<li><strong>12.000 trens por dispositivo<\/strong>: Uma das maiores capacidades de Puff no mercado para vaporiza\u00e7\u00e3o duradoura e intensa.<\/li>\n<li><strong>Tecnologia de bobina de malha<\/strong>: As bobinas de malha de 0,6 ohm fornecem nuvens densas e saborosas e um aroma intenso.<\/li>\n<li><strong>Desenho leve e estiloso<\/strong>Um design elegante e leve que cabe em qualquer bolso e melhora a sua experi\u00eancia de vaporiza\u00e7\u00e3o.<\/li>\n<li><strong>Integrierte Shisha-ondas sonoras<\/strong>: Experimente a sensa\u00e7\u00e3o familiar de um narguil\u00e9 tradicional.<\/li>\n<li><strong>Sistema de carregamento r\u00e1pido USB tipo C<\/strong>: Carregamento r\u00e1pido e fi\u00e1vel para utiliza\u00e7\u00e3o m\u00e1xima.<\/li>\n<li><strong>Display digital<\/strong>: Exibi\u00e7\u00e3o do n\u00edvel da bateria e do l\u00edquido para um controle ideal.<\/li>\n<li><strong>Experi\u00eancia Direct-to-Lung (DTL)<\/strong>: Notas fortes e cheias para uma experi\u00eancia de sabor intensa.<\/li>\n<\/ul>\n<h3><strong><span style=\"font-size: 23.04px;\">AL Fakher Crown Bar 12000 Z\u00fcge \n\n \n becomes \n\nAL Fakher Crown Bar 12000 tragadas <\/span><\/strong>Experi\u00eancia de sabor: Grape Mint<\/h3>\n<p>O <strong>hortel\u00e3 de uva<\/strong> Sabor do <a href=\"https:\/\/alfakher24h.de\/pt\/\">AL Fakher<\/a> Crown Bar 12000 Z\u00fcge bietet eine erfrischende und zugleich fruchtige Dampferfahrung. Dieser Geschmack vereint die S\u00fc\u00dfe saftiger Trauben mit einem k\u00fchlenden Minz-Aroma, das ein unverwechselbares Geschmackserlebnis bietet. Die fruchtige S\u00fc\u00dfe der Trauben wird perfekt durch die erfrischende Mentholnote der Minze erg\u00e4nzt, was zu einem ausgewogenen und befriedigenden Dampferlebnis f\u00fchrt.\n\n Crown Bar 12000 Z\u00fcge provides a refreshing and at the same time fruity vaping experience. This flavor combines the sweetness of juicy grapes with a cooling mint aroma that offers an unmistakable taste experience. The fruity sweetness of the grapes is perfectly complemented by the refreshing menthol note of the mint, resulting in a balanced and satisfying vaping experience. \n\n becomes \n\nCrown Bar 12000 Z\u00fcge bietet eine erfrischende und zugleich fruchtige Dampferfahrung. Dieser Geschmack vereint die S\u00fc\u00dfe saftiger Trauben mit einem k\u00fchlenden Minz-Aroma, das ein unverwechselbares Geschmackserlebnis bietet. Die fruchtige S\u00fc\u00dfe der Trauben wird perfekt durch die erfrischende Mentholnote der Minze erg\u00e4nzt, was zu einem ausgewogenen und befriedigenden Dampferlebnis f\u00fchrt.\n\nCrown Bar 12000 Z\u00fcge proporciona uma experi\u00eancia de vaporiza\u00e7\u00e3o refrescante e ao mesmo tempo frutal. Este sabor combina a do\u00e7ura de uvas suculentas com um aroma de menta refrescante, que oferece uma experi\u00eancia de sabor inconfund\u00edvel. A do\u00e7ura frutada das uvas \u00e9 perfeitamente complementada pela nota de mentol refrescante da menta, resultando numa experi\u00eancia de vaporiza\u00e7\u00e3o equilibrada e satisfat\u00f3ria.<\/p>\n<p>Cada trem traz a do\u00e7ura viva de uvas maduras, que se funde harmoniosamente com a frescura refrescante da hortel\u00e3. O aroma n\u00e3o \u00e9 apenas intenso, mas tamb\u00e9m duradouro, permitindo que voc\u00ea saboreie o sabor por muito tempo sem perder a intensidade. O Grape Mint \u00e9 ideal para todos que amam aromas frutados e refrescantes e est\u00e3o procurando por uma experi\u00eancia gustativa especial.<\/p>\n<p><img loading=\"lazy\" decoding=\"async\" class=\"alignnone size-full wp-image-359\" src=\"https:\/\/alfakher24h.de\/wp-content\/uploads\/2024\/09\/AL-Fakher-Crown-Bar-12000-Zuege-Einweg-E-Zigarette-Mit-Nikotin-Cherry-Fiesta-3-1.webp\" alt=\"AL Fakher Crown Bar 12000 Z\u00fcge Einweg E Zigarette Mit Nikotin -Grape Mint se torna AL Fakher Crown Bar 12000 tragadas Cigarro eletr\u00f4nico descart\u00e1vel com nicotina - Hortel\u00e3 de Uva\" width=\"600\" height=\"600\" title=\"\" srcset=\"https:\/\/alfakher24h.de\/wp-content\/uploads\/2024\/09\/AL-Fakher-Crown-Bar-12000-Zuege-Einweg-E-Zigarette-Mit-Nikotin-Cherry-Fiesta-3-1.webp 600w, https:\/\/alfakher24h.de\/wp-content\/uploads\/2024\/09\/AL-Fakher-Crown-Bar-12000-Zuege-Einweg-E-Zigarette-Mit-Nikotin-Cherry-Fiesta-3-1-300x300.webp 300w, https:\/\/alfakher24h.de\/wp-content\/uploads\/2024\/09\/AL-Fakher-Crown-Bar-12000-Zuege-Einweg-E-Zigarette-Mit-Nikotin-Cherry-Fiesta-3-1-150x150.webp 150w, https:\/\/alfakher24h.de\/wp-content\/uploads\/2024\/09\/AL-Fakher-Crown-Bar-12000-Zuege-Einweg-E-Zigarette-Mit-Nikotin-Cherry-Fiesta-3-1-100x100.webp 100w\" sizes=\"auto, (max-width: 600px) 100vw, 600px\" \/><\/p>\n<h3><strong><span style=\"font-size: 23.04px;\">AL Fakher Crown Bar 12000 Z\u00fcge \n\n \n becomes \n\nAL Fakher Crown Bar 12000 tragadas <\/span><\/strong>Por que voc\u00ea deve comprar o AL Fakher Crown Bar 12000 Z\u00fcge?<\/h3>\n<p>O AL Fakher Crown Bar 12000 Z\u00fcge \u00e9 mais do que apenas um<a href=\"https:\/\/alfakher24h.de\/pt\/\"> Cigarra Eletr\u00f4nica Descart\u00e1vel Com Nicotina<\/a>\u00a0\u2013 \u00c9 um investimento numa experi\u00eancia de vaporiza\u00e7\u00e3o de primeira classe. A alta capacidade de puffs de 12.000 oferece-lhe uma longa dura\u00e7\u00e3o de utiliza\u00e7\u00e3o, que ultrapassa em muito o que outros vaporizadores descart\u00e1veis oferecem. O dispositivo \u00e9 f\u00e1cil de usar e n\u00e3o necessita de manuten\u00e7\u00e3o, o que o torna ideal para uso di\u00e1rio.<\/p>\n<p>As bobinas Mesh garantem um vapor intenso e saboroso, enquanto a bateria potente e a fun\u00e7\u00e3o de carregamento r\u00e1pido garantem que voc\u00ea esteja sempre pronto para uma nova rodada de vaporiza\u00e7\u00e3o. O design elegante e a tecnologia avan\u00e7ada tornam o Crown Bar 12000 PRO um excelente companheiro para qualquer ocasi\u00e3o.<\/p>\n<p>Compre o AL Fakher Crown Bar 12000 diretamente de <a href=\"https:\/\/alfakher24h.de\/pt\/\"><strong>alfakher24h.de<\/strong><\/a>da principal plataforma online para<a href=\"https:\/\/alfakher24h.de\/pt\/\"> Cigarros eletr\u00f4nicos descart\u00e1veis<\/a> na Alemanha. Aqui voc\u00ea encontra produtos exclusivos que n\u00e3o est\u00e3o dispon\u00edveis em outras plataformas e desfruta de uma experi\u00eancia de vaporiza\u00e7\u00e3o incompar\u00e1vel.<\/p>\n<\/div>\n<\/div>\n<\/div>\n<\/div>\n<\/div>\n<\/div>","protected":false},"excerpt":{"rendered":"<p>A <strong>AL Fakher Crown Bar 12000 Z\u00fcge Einweg E-Zigarette \n Crown Bar 12000 AL Fakher descart\u00e1vel cigarro eletr\u00f4nico<\/strong> Oferece at\u00e9 12.000 tragadas cheias de experi\u00eancias de sabor intensas, equipadas com uma bobina de malha potente e um visor digital para desfrute \u00f3timo e manuseio f\u00e1cil.<\/p>","protected":false},"featured_media":358,"comment_status":"open","ping_status":"closed","template":"","meta":{"om_disable_all_campaigns":false},"product_brand":[],"product_cat":[20],"product_tag":[],"class_list":{"0":"post-357","1":"product","2":"type-product","3":"status-publish","4":"has-post-thumbnail","6":"product_cat-ai-fakher-crown-bar-12000","8":"first","9":"instock","10":"shipping-taxable","11":"purchasable","12":"product-type-simple"},"_links":{"self":[{"href":"https:\/\/alfakher24h.de\/pt\/wp-json\/wp\/v2\/product\/357","targetHints":{"allow":["GET"]}}],"collection":[{"href":"https:\/\/alfakher24h.de\/pt\/wp-json\/wp\/v2\/product"}],"about":[{"href":"https:\/\/alfakher24h.de\/pt\/wp-json\/wp\/v2\/types\/product"}],"replies":[{"embeddable":true,"href":"https:\/\/alfakher24h.de\/pt\/wp-json\/wp\/v2\/comments?post=357"}],"wp:featuredmedia":[{"embeddable":true,"href":"https:\/\/alfakher24h.de\/pt\/wp-json\/wp\/v2\/media\/358"}],"wp:attachment":[{"href":"https:\/\/alfakher24h.de\/pt\/wp-json\/wp\/v2\/media?parent=357"}],"wp:term":[{"taxonomy":"product_brand","embeddable":true,"href":"https:\/\/alfakher24h.de\/pt\/wp-json\/wp\/v2\/product_brand?post=357"},{"taxonomy":"product_cat","embeddable":true,"href":"https:\/\/alfakher24h.de\/pt\/wp-json\/wp\/v2\/product_cat?post=357"},{"taxonomy":"product_tag","embeddable":true,"href":"https:\/\/alfakher24h.de\/pt\/wp-json\/wp\/v2\/product_tag?post=357"}],"curies":[{"name":"wp","href":"https:\/\/api.w.org\/{rel}","templated":true}]}}