{"id":342,"date":"2024-09-18T07:46:38","date_gmt":"2024-09-18T07:46:38","guid":{"rendered":"https:\/\/alfakher24h.de\/?post_type=product&#038;p=342"},"modified":"2025-07-23T04:17:51","modified_gmt":"2025-07-23T04:17:51","slug":"al-fakher-crown-bar-12-000-baforadas-cigarro-eletronico-descartavel-com-nicotina-gelo-de-groselha-preta","status":"publish","type":"product","link":"https:\/\/alfakher24h.de\/pt\/produto\/al-fakher-crown-bar-12-000-baforadas-cigarro-eletronico-descartavel-com-nicotina-gelo-de-groselha-preta\/","title":{"rendered":"AL Fakher Crown Bar 12000 Z\u00fcge Einweg E Zigarette Mit Nikotin - Blackcurrant Ice\n\nAL Fakher Crown Bar 12000 tragadas Cigarro eletr\u00f4nico descart\u00e1vel com nicotina - Blackcurrant Ice"},"content":{"rendered":"<h2><strong><a href=\"https:\/\/alfakher24h.de\/pt\/categoria-de-produto\/barra-de-coroa-ai-fakher-12000\/\">AL Fakher Crown Bar 12000 Z\u00fcge Einweg -&gt; AL Fakher Crown Bar 12000 tragadas Descart\u00e1vel<\/a> E-Zigarette com nicotina - Blackcurrant Ice<\/strong><\/h2>\n<h3>Inova\u00e7\u00e3o e sabor unidos<\/h3>\n<p>A <strong>AL Fakher Crown Bar 12000 Z\u00fcge \n\n \n becomes \n\nAL Fakher Crown Bar 12000 tragadas <a href=\"https:\/\/alfakher24h.de\/pt\/\">Cigarrinha eletr\u00f4nica descart\u00e1vel<\/a><\/strong> \u00e9 a escolha perfeita para vapers exigentes que procuram nuances de sabor intensas e tecnologia de primeira classe. Com um impressionante estoque de at\u00e9 12.000 tragadas, este dispositivo estabelece um novo padr\u00e3o de durabilidade e facilidade de uso. O cigarro eletr\u00f4nico descart\u00e1vel combina tecnologia moderna com uma experi\u00eancia de fumar cl\u00e1ssica, semelhante \u00e0 sensa\u00e7\u00e3o de fumar narguil\u00e9. Especialmente o sabor \u201cBlackcurrant Ice\u201d tornar\u00e1 cada tragada uma experi\u00eancia refrescante e frutada.<\/p>\n<p>Gra\u00e7as a elas <strong>baterias recarreg\u00e1veis de alta performance<\/strong> E oferece um desempenho cont\u00ednuo e consistente gra\u00e7as ao seu design de alta qualidade. O design ergon\u00f4mico se ajusta confortavelmente \u00e0 m\u00e3o e proporciona uso f\u00e1cil em qualquer lugar.<\/p>\n<p><img loading=\"lazy\" decoding=\"async\" class=\"alignnone size-full wp-image-344\" src=\"https:\/\/alfakher24h.de\/wp-content\/uploads\/2024\/09\/AL-Fakher-Crown-Bar-12000-Zuege-Einweg-E-Zigarette-Mit-Nikotin-Blackcurrant-Ice-2.webp\" alt=\"AL Fakher Crown Bar 12000 Z\u00fcge Einweg E Zigarette Mit Nikotin - Blackcurrant IceAL Fakher Crown Bar 12000 tragadas Cigarro eletr\u00f4nico descart\u00e1vel com nicotina - Blackcurrant Ice\" width=\"600\" height=\"600\" title=\"\" srcset=\"https:\/\/alfakher24h.de\/wp-content\/uploads\/2024\/09\/AL-Fakher-Crown-Bar-12000-Zuege-Einweg-E-Zigarette-Mit-Nikotin-Blackcurrant-Ice-2.webp 600w, https:\/\/alfakher24h.de\/wp-content\/uploads\/2024\/09\/AL-Fakher-Crown-Bar-12000-Zuege-Einweg-E-Zigarette-Mit-Nikotin-Blackcurrant-Ice-2-300x300.webp 300w, https:\/\/alfakher24h.de\/wp-content\/uploads\/2024\/09\/AL-Fakher-Crown-Bar-12000-Zuege-Einweg-E-Zigarette-Mit-Nikotin-Blackcurrant-Ice-2-150x150.webp 150w, https:\/\/alfakher24h.de\/wp-content\/uploads\/2024\/09\/AL-Fakher-Crown-Bar-12000-Zuege-Einweg-E-Zigarette-Mit-Nikotin-Blackcurrant-Ice-2-100x100.webp 100w\" sizes=\"auto, (max-width: 600px) 100vw, 600px\" \/><\/p>\n<hr \/>\n<h3><strong>AL Fakher Crown Bar 12000 tragadas Descart\u00e1vel Por que escolher o AL Fakher Crown Bar 12000?<\/strong><\/h3>\n<p>A <strong>AL Fakher Crown Bar 12000 PRO Cigarra Eletr\u00f4nica Descart\u00e1vel<\/strong> oferece in\u00fameras caracter\u00edsticas excepcionais que a destacam de outros vapes descart\u00e1veis no mercado. Estes pontos destacam por que voc\u00ea deve escolher este produto:<\/p>\n<h3>Capacidade de expans\u00e3o duradoura<\/h3>\n<p>Com uma capacidade de <strong>12.000 trens<\/strong> pertence aos modelos mais potentes <a href=\"https:\/\/alfakher24h.de\/pt\/\">Cigarro Eletr\u00f4nico Descart\u00e1vel Com Nicotina<\/a>que existem atualmente. Ele supera em muito a necessidade di\u00e1ria da maioria dos vapers, o que significa que voc\u00ea ter\u00e1 mais tempo de uso de cada dispositivo antes de precisar de um novo.<\/p>\n<h3>Sabor intenso e nuvens densas<\/h3>\n<p>A <strong>0,6 Ohm de resist\u00eancia de malha em espiral<\/strong> No interior da Crown Bar 12000 proporciona um desenvolvimento de sabor incompar\u00e1vel e permite a gera\u00e7\u00e3o de nuvens de vapor densas e intensas em sabor. Cada tragada traz toda a intensidade do l\u00edquido \u00e0 tona.<\/p>\n<h3>Design moderno e ergon\u00f4mico<\/h3>\n<p>Com o seu design fino e leve, o cigarro eletr\u00f3nico descart\u00e1vel cabe facilmente em qualquer bolso. A pe\u00e7a bucal ergonomicamente moldada garante o m\u00e1ximo conforto e manuseamento agrad\u00e1vel, em casa ou em movimento.<\/p>\n<h3>Recarreg\u00e1vel e livre de manuten\u00e7\u00e3o<\/h3>\n<p>Apesar da sua enorme capacidade de Puff 12000 <strong>recarreg\u00e1vel<\/strong>. O <strong>Conector USB tipo C<\/strong> permite carregar de forma r\u00e1pida e f\u00e1cil. Ao mesmo tempo, o dispositivo n\u00e3o requer manuten\u00e7\u00e3o - perfeito para vapers que n\u00e3o querem se preocupar com a manuten\u00e7\u00e3o do seu dispositivo.<\/p>\n<h3>Tela digital<\/h3>\n<p>Um destaque especial \u00e9 o <strong>tela digital<\/strong>, que te mostra tanto o n\u00edvel da bateria como o n\u00edvel do l\u00edquido. Dessa forma, voc\u00ea tem controle total sobre a sua experi\u00eancia de vaporiza\u00e7\u00e3o e pode garantir que o prazer do vapor nunca acabe.<\/p>\n<hr \/>\n<h3><strong>AL Fakher Crown Bar 12000 Z\u00fcge Einweg Technische Details auf einen Blick \nse torna \nAL Fakher Crown Bar 12000 Zugs Descart\u00e1vel Detalhes T\u00e9cnicos de um Olhar<\/strong><\/h3>\n<ul>\n<li><strong>Trens:<\/strong> At\u00e9 12.000<\/li>\n<li><strong>Nicotina<\/strong> 5 mg (0,5 %)<\/li>\n<li><strong>Bobina:<\/strong> 0,6 Ohm Mesh Coil<\/li>\n<li><strong>Carregar:<\/strong> USB Tipo-C<\/li>\n<li><strong>Exibir:<\/strong> Tela digital para monitoramento da bateria e n\u00edvel de l\u00edquido<\/li>\n<li><strong>Recarreg\u00e1vel<\/strong><\/li>\n<li><strong>Manuten\u00e7\u00e3o livre<\/strong><\/li>\n<li><strong>Leve e port\u00e1til<\/strong><\/li>\n<\/ul>\n<p>Este modelo oferece a combina\u00e7\u00e3o ideal de facilidade de uso, desempenho e design, o que o torna a escolha perfeita para fumantes ocasionais e frequentes. <strong>Pe\u00e7a agora em <a href=\"https:\/\/alfakher24h.de\/pt\/\">alfakher24h.de<\/a><\/strong>, da plataforma l\u00edder em vaporizadores descart\u00e1veis na Alemanha, e experimente a diferen\u00e7a.<\/p>\n<hr \/>\n<h2>Experi\u00eancia de sabor - Blackcurrant Ice<\/h2>\n<p>A <strong>Sabor Blackcurrant Ice<\/strong> \u00e9 uma verdadeira revela\u00e7\u00e3o para os amantes de frutas e para todos aqueles que procuram um refresco frio em cada gole. Esta mistura une o aroma forte e profundo de <strong>amoras pretas<\/strong> com um toque de mentol refrescante, que proporciona uma agrad\u00e1vel sensa\u00e7\u00e3o refrescante na boca.<\/p>\n<h3>A frescura da groselha preta<\/h3>\n<p>A intensa frutividade da groselha preta \u00e9 evidente em cada tragada. Este sabor lembra frutas frescas colhidas, que est\u00e3o totalmente maduras e suculentas. A nota ligeiramente \u00e1cida das groselhas traz uma complexidade agrad\u00e1vel, que destaca o sabor e proporciona um prazer de vapor inconfund\u00edvel.<\/p>\n<h3>O efeito refrescante da mentol<\/h3>\n<p>O que torna o sabor Blackcurrant Ice t\u00e3o especial \u00e9 a <strong>componente de mentol<\/strong>, que proporciona uma sensa\u00e7\u00e3o refrescante e ligeiramente refrescante na garganta. Esta combina\u00e7\u00e3o de do\u00e7ura frutada e frescura confere ao sabor uma profundidade especial, ideal para vapers que procuram uma experi\u00eancia de sabor equilibrada e, no entanto, emocionante.<\/p>\n<h3>Perfeito para o dia a dia<\/h3>\n<p>N\u00e3o importa se voc\u00ea teve um longo dia ou est\u00e1 procurando apenas um curto intervalo - o Blackcurrant Ice garante que cada tragada se torne um pequeno momento de prazer. O sabor permanece agrad\u00e1vel na boca, sem ser muito intenso ou avassalador, o que o torna a escolha perfeita para o uso di\u00e1rio.<\/p>\n<hr \/>\n<h3><strong>AL Fakher Crown Bar 12000 Z\u00fcge Einweg \nSeu \u062a\u062c\u0631\u0628\u0647 de vaporiza\u00e7\u00e3o para o pr\u00f3ximo n\u00edvel<\/strong><\/h3>\n<p>A <strong>AL Fakher Crown Bar 12000 Z\u00fcge \n\n \n becomes \n\nAL Fakher Crown Bar 12000 tragadas<a href=\"https:\/\/alfakher24h.de\/pt\/\"> Cigarrinha eletr\u00f4nica descart\u00e1vel<\/a><\/strong> No sabor Blackcurrant Ice \u00e9 a escolha ideal para todos que procuram uma experi\u00eancia de vaporiza\u00e7\u00e3o duradoura, intensa e refrescante. Com sua longevidade, recursos inovadores e manuseio f\u00e1cil, \u00e9 um companheiro indispens\u00e1vel para todos os vapers na Alemanha.<\/p>\n<p>Voc\u00ea pode encontrar esta e muitas outras emocionais sabores em <a href=\"https:\/\/alfakher24h.de\/pt\/\"><strong>alfakher24h.de<\/strong><\/a> Descubra a maior plataforma online para cigarros eletr\u00f4nicos descart\u00e1veis na Alemanha. Se voc\u00ea \u00e9 um vaper experiente ou um novato - aqui voc\u00ea encontra o dispositivo certo para otimizar sua experi\u00eancia de vaporiza\u00e7\u00e3o. Fa\u00e7a seu pedido agora e aproveite o melhor que o mundo dos vapes descart\u00e1veis tem a oferecer.<\/p>\n<hr \/>\n<h3><strong>A coroa AL Fakher Bar 12000 trag\u00e1vel Conclus\u00e3o - Por que a AL Fakher Crown Bar 12000?<\/strong><\/h3>\n<p>A <strong>AL Fakher Crown Bar 12000 PRO<\/strong> \u00e9 muito mais do que apenas um cigarro eletr\u00f4nico descart\u00e1vel - \u00e9 um <strong>Declara\u00e7\u00e3o de qualidade e inova\u00e7\u00e3o<\/strong>Com sua enorme capacidade de 12.000 tragadas, sabores intensos como Blackcurrant Ice, bateria recarreg\u00e1vel e display digital, ela oferece tudo o que o cora\u00e7\u00e3o de um vaper deseja. Seja voc\u00ea algu\u00e9m que valoriza durabilidade, design pr\u00e1tico ou sabor intenso - este modelo atende a todas as necessidades.<\/p>\n<p>Experimente o futuro do vape e encomende o seu <strong>AL Fakher Crown Bar 12000<\/strong> ainda hoje <a href=\"https:\/\/alfakher24h.de\/pt\/\"><strong>alfakher24h.de<\/strong><\/a>, a maior plataforma para cigarros eletr\u00f4nicos descart\u00e1veis na Alemanha!<\/p>","protected":false},"excerpt":{"rendered":"<p>A <strong>AL Fakher Crown Bar 12000 Z\u00fcge Einweg E-Zigarette \n Crown Bar 12000 AL Fakher descart\u00e1vel cigarro eletr\u00f4nico<\/strong> Oferece uma experi\u00eancia de vapor intensa com at\u00e9 12.000 tragadas, bateria recarreg\u00e1vel, visor digital e sabor refrescante Blackcurrant Ice - perfeito para vapers exigentes na Alemanha.<\/p>","protected":false},"featured_media":343,"comment_status":"open","ping_status":"closed","template":"","meta":{"om_disable_all_campaigns":false},"product_brand":[],"product_cat":[20],"product_tag":[],"class_list":{"0":"post-342","1":"product","2":"type-product","3":"status-publish","4":"has-post-thumbnail","6":"product_cat-ai-fakher-crown-bar-12000","8":"first","9":"instock","10":"shipping-taxable","11":"purchasable","12":"product-type-simple"},"_links":{"self":[{"href":"https:\/\/alfakher24h.de\/pt\/wp-json\/wp\/v2\/product\/342","targetHints":{"allow":["GET"]}}],"collection":[{"href":"https:\/\/alfakher24h.de\/pt\/wp-json\/wp\/v2\/product"}],"about":[{"href":"https:\/\/alfakher24h.de\/pt\/wp-json\/wp\/v2\/types\/product"}],"replies":[{"embeddable":true,"href":"https:\/\/alfakher24h.de\/pt\/wp-json\/wp\/v2\/comments?post=342"}],"wp:featuredmedia":[{"embeddable":true,"href":"https:\/\/alfakher24h.de\/pt\/wp-json\/wp\/v2\/media\/343"}],"wp:attachment":[{"href":"https:\/\/alfakher24h.de\/pt\/wp-json\/wp\/v2\/media?parent=342"}],"wp:term":[{"taxonomy":"product_brand","embeddable":true,"href":"https:\/\/alfakher24h.de\/pt\/wp-json\/wp\/v2\/product_brand?post=342"},{"taxonomy":"product_cat","embeddable":true,"href":"https:\/\/alfakher24h.de\/pt\/wp-json\/wp\/v2\/product_cat?post=342"},{"taxonomy":"product_tag","embeddable":true,"href":"https:\/\/alfakher24h.de\/pt\/wp-json\/wp\/v2\/product_tag?post=342"}],"curies":[{"name":"wp","href":"https:\/\/api.w.org\/{rel}","templated":true}]}}