{"id":266,"date":"2024-09-17T06:19:51","date_gmt":"2024-09-17T06:19:51","guid":{"rendered":"https:\/\/alfakher24h.de\/?post_type=product&#038;p=266"},"modified":"2025-07-16T07:12:19","modified_gmt":"2025-07-16T07:12:19","slug":"al-fakher-crown-bar-big-cloud-8000-por-baforada-cigarro-eletronico-descartavel-limonada-razz-azul","status":"publish","type":"product","link":"https:\/\/alfakher24h.de\/pt\/produto\/al-fakher-crown-bar-big-cloud-8000-por-baforada-cigarro-eletronico-descartavel-limonada-razz-azul\/","title":{"rendered":"Al Fakher Crown Bar Big Cloud 8000 PRO Z\u00fcge Einweg E Zigarette -Blue Razz Lemonade \nbecomes \nAl Fakher Crown Bar Big Cloud 8000 PRO trag\u00e1veis E Cigarro -Blue Razz Limonada"},"content":{"rendered":"<h2><strong><a href=\"https:\/\/alfakher24h.de\/pt\/categoria-de-produto\/al-fakher-coroa-barra-grande-nuvem-8000-pro\/\">Al Fakher Crown Bar Big Cloud 8000 PRO Z\u00fcge \n\n \n becomes \n\nAl Fakher Crown Bar Big Cloud 8000 PRO Puffs<\/a> Einweg E-Zigarette \u2013 Blue Razz Lemonade \n\nbecomes \n\nDisposable E-Cigarette \u2013 Blue Razz Lemonade<\/strong><\/h2>\n<div style=\"width: 360px;\" class=\"wp-video\"><video class=\"wp-video-shortcode\" id=\"video-266-1\" width=\"360\" height=\"640\" preload=\"metadata\" controls=\"controls\"><source type=\"video\/mp4\" src=\"https:\/\/alfakher24h.de\/wp-content\/uploads\/2024\/09\/Al-Fakher-Crown-Bar-Big-Cloud-8000-PRO-Zuege-Einweg-E-Zigarette-Blue-Razz-Lemonade.mp4?_=1\" \/><a href=\"https:\/\/alfakher24h.de\/wp-content\/uploads\/2024\/09\/Al-Fakher-Crown-Bar-Big-Cloud-8000-PRO-Zuege-Einweg-E-Zigarette-Blue-Razz-Lemonade.mp4\">https:\/\/alfakher24h.de\/wp-content\/uploads\/2024\/09\/Al-Fakher-Crown-Bar-Big-Cloud-8000-PRO-Zuege-Einweg-E-Zigarette-Blue-Razz-Lemonade.mp4<\/a><\/video><\/div>\n<p>A Al Fakher Crown Bar Big Cloud 8000 PRO Z\u00fcge \n(maintained original \"PRO Z\u00fcge\" as it seems to be a model or product line name)<a href=\"https:\/\/alfakher24h.de\/pt\/\"> Cigarrinha eletr\u00f4nica descart\u00e1vel<\/a> oferece uma experi\u00eancia de vaporiza\u00e7\u00e3o incompar\u00e1vel com tecnologia inovadora e sabor de primeira classe. Desenvolvido para vaporizadores exigentes, este dispositivo combina longas possibilidades de uso com capacidade impressionante e uma experi\u00eancia de sabor excepcional.<\/p>\n<h2><strong>Al Fakher Crown Bar Big Cloud 8000 PRO Z\u00fcge \n\n \n becomes \n\nAl Fakher Crown Bar Big Cloud 8000 PRO Puffs <\/strong>Descri\u00e7\u00e3o do produto<\/h2>\n<p>A Al Fakher Crown Bar Big Cloud 8000 PRO \u00e9 uma das mais avan\u00e7adas <a href=\"https:\/\/alfakher24h.de\/pt\/\">E-Zigarettes descart\u00e1veis<\/a> no mercado. Com uma capacidade de at\u00e9 8000 tragadas, este modelo oferece um prazer duradouro sem a necessidade de reabastecer ou comprar regularmente novos l\u00edquidos eletr\u00f4nicos. Gra\u00e7as \u00e0 poderosa bateria de 800mAh, que pode ser recarregada atrav\u00e9s de uma conex\u00e3o de carregamento Tipo-C, voc\u00ea pode vaporizar o dia todo sem se preocupar com a dura\u00e7\u00e3o da bateria. A concentra\u00e7\u00e3o de sal de nicotina 5% garante uma tragada suave, mas ainda satisfat\u00f3ria, ideal para vaporizadores regulares.<\/p>\n<p>Um dos destaques deste modelo \u00e9 a funcionalidade de dois modos, que permite alternar flexivelmente entre MTL (boca para pulm\u00e3o) e DTL (direto para pulm\u00e3o). Isso proporciona uma experi\u00eancia de vaporiza\u00e7\u00e3o personalizada que pode ser totalmente adaptada \u00e0s suas prefer\u00eancias. O visor LED embutido mostra praticamente o n\u00edvel da bateria e a quantidade restante de l\u00edquido eletr\u00f4nico, para que voc\u00ea esteja sempre informado sobre o estado do seu cigarro eletr\u00f4nico.<\/p>\n<p>Al Fakher, um renomado fabricante de produtos de shisha, tamb\u00e9m contribuiu com seu conhecimento especializado para este modelo. O cigarro eletr\u00f4nico oferece uma experi\u00eancia semelhante \u00e0 shisha, com nuvens densas e sabor intenso, que lembra a qualidade dos tabacos tradicionais de shisha. O Crown Bar Big Cloud 8000 PRO \u00e9, portanto, ideal para todos que procuram uma experi\u00eancia de vaporiza\u00e7\u00e3o intensa, mas ainda assim descomplicada.<\/p>\n<h2><strong>Al Fakher Crown Bar Big Cloud 8000 PRO Z\u00fcge \n\n \n becomes \n\nAl Fakher Crown Bar Big Cloud 8000 PRO Puffs <\/strong>Principais caracter\u00edsticas do Al Fakher Crown Bar Big Cloud 8000 PRO<\/h2>\n<ul>\n<li><strong>At\u00e9 8000 trens<\/strong>Longa dura\u00e7\u00e3o sem necessidade de reabastecimento.<\/li>\n<li><strong>5% Nikotinsalz<\/strong>: Perfeito para uma tragada suave e satisfat\u00f3ria.<\/li>\n<li><strong>Bateria de 800 mAh<\/strong>: Recarreg\u00e1vel com conector de carga Tipo-C para uso prolongado.<\/li>\n<li><strong>Funcionalidade de modo duplo<\/strong>: Flex\u00edvel altern\u00e2ncia entre MTL e DTL.<\/li>\n<li><strong>Visor LED<\/strong>: Exibi\u00e7\u00e3o pr\u00e1tica do n\u00edvel da bateria e da quantidade de l\u00edquido eletr\u00f4nico.<\/li>\n<li><strong>Experi\u00eancia semelhante ao Shisha<\/strong>Nuvens densas e sabor intenso, como num narguil\u00e9 tradicional.<\/li>\n<\/ul>\n<p><img loading=\"lazy\" decoding=\"async\" class=\"alignnone size-full wp-image-269\" src=\"https:\/\/alfakher24h.de\/wp-content\/uploads\/2024\/09\/Al-Fakher-Crown-Bar-Big-Cloud-8000-PRO-Zuege-Einweg-E-Zigarette-\u2013-Bluberry-Gum-1.webp\" alt=\"Al Fakher Crown Bar Big Cloud 8000 PRO Z\u00fcge Einweg E Zigarette -Blue Razz Lemonade becomes Al Fakher Crown Bar Big Cloud 8000 PRO trag\u00e1veis E Cigarro -Blue Razz Limonada\" width=\"2000\" height=\"2000\" title=\"\" srcset=\"https:\/\/alfakher24h.de\/wp-content\/uploads\/2024\/09\/Al-Fakher-Crown-Bar-Big-Cloud-8000-PRO-Zuege-Einweg-E-Zigarette-\u2013-Bluberry-Gum-1.webp 2000w, https:\/\/alfakher24h.de\/wp-content\/uploads\/2024\/09\/Al-Fakher-Crown-Bar-Big-Cloud-8000-PRO-Zuege-Einweg-E-Zigarette-\u2013-Bluberry-Gum-1-300x300.webp 300w, https:\/\/alfakher24h.de\/wp-content\/uploads\/2024\/09\/Al-Fakher-Crown-Bar-Big-Cloud-8000-PRO-Zuege-Einweg-E-Zigarette-\u2013-Bluberry-Gum-1-1024x1024.webp 1024w, https:\/\/alfakher24h.de\/wp-content\/uploads\/2024\/09\/Al-Fakher-Crown-Bar-Big-Cloud-8000-PRO-Zuege-Einweg-E-Zigarette-\u2013-Bluberry-Gum-1-150x150.webp 150w, https:\/\/alfakher24h.de\/wp-content\/uploads\/2024\/09\/Al-Fakher-Crown-Bar-Big-Cloud-8000-PRO-Zuege-Einweg-E-Zigarette-\u2013-Bluberry-Gum-1-768x768.webp 768w, https:\/\/alfakher24h.de\/wp-content\/uploads\/2024\/09\/Al-Fakher-Crown-Bar-Big-Cloud-8000-PRO-Zuege-Einweg-E-Zigarette-\u2013-Bluberry-Gum-1-1536x1536.webp 1536w, https:\/\/alfakher24h.de\/wp-content\/uploads\/2024\/09\/Al-Fakher-Crown-Bar-Big-Cloud-8000-PRO-Zuege-Einweg-E-Zigarette-\u2013-Bluberry-Gum-1-600x600.webp 600w, https:\/\/alfakher24h.de\/wp-content\/uploads\/2024\/09\/Al-Fakher-Crown-Bar-Big-Cloud-8000-PRO-Zuege-Einweg-E-Zigarette-\u2013-Bluberry-Gum-1-100x100.webp 100w\" sizes=\"auto, (max-width: 2000px) 100vw, 2000px\" \/><\/p>\n<h2><strong>Al Fakher Crown Bar Big Cloud 8000 PRO Z\u00fcge \n\n \n becomes \n\nAl Fakher Crown Bar Big Cloud 8000 PRO Puffs <\/strong>Experi\u00eancia de sabor - Blue Razz Lemonade<\/h2>\n<p>Die Blue Razz Lemonade Flavor-Variante des <a href=\"https:\/\/alfakher24h.de\/pt\/\">Al Fakher<\/a> Crown Bar Big Cloud 8000 PRO \u00e9 uma verdadeira explos\u00e3o de sabor que leva os seus sentidos numa viagem frutada. Este sabor combina a nota doce e suculenta de mirtilos com o car\u00e1cter refrescante e vivo de um refrigerante cl\u00e1ssico de lim\u00e3o.<\/p>\n<p>Os mirtilos trazem uma do\u00e7ura natural que envolve suavemente o paladar com cada tragada. Esta frutividade \u00e9 perfeitamente complementada pela nota c\u00edtrica da limonada, que d\u00e1 um impulso vibrante ao sabor. O resultado \u00e9 um jogo harmonioso de notas doces e \u00e1cidas, que proporciona uma experi\u00eancia de vaporiza\u00e7\u00e3o agrad\u00e1vel e refrescante. Os aromas s\u00e3o projetados para se tornarem mais intensos com cada tragada e permanecem na boca por muito tempo, sem serem invasivos. Isso torna o sabor Blue Razz Lemonade ideal para dias quentes de ver\u00e3o, quando voc\u00ea anseia por um refresco revigorante.<\/p>\n<p>Esta combina\u00e7\u00e3o de sabores \u00e9 especialmente projetada para oferecer uma experi\u00eancia de vaporiza\u00e7\u00e3o intensa e aut\u00eantica, que lembra os ricos aromas dos tabacos tradicionais de narguil\u00e9, mas em um formato moderno e port\u00e1til. O sabor Blue Razz Lemonade n\u00e3o \u00e9 apenas um prazer para as papilas gustativas, mas tamb\u00e9m proporciona uma experi\u00eancia de vaporiza\u00e7\u00e3o agrad\u00e1vel e duradoura.<\/p>\n<h2><strong>Al Fakher Crown Bar Big Cloud 8000 PRO Z\u00fcge \n\n \n becomes \n\nAl Fakher Crown Bar Big Cloud 8000 PRO Puffs <\/strong>Por que voc\u00ea deve comprar o Al Fakher Crown Bar Big Cloud 8000 PRO?<\/h2>\n<p>O Al Fakher Crown Bar Big Cloud 8000 PRO n\u00e3o \u00e9 apenas tecnologicamente atualizado, mas tamb\u00e9m oferece uma experi\u00eancia de sabor inesquec\u00edvel. A possibilidade de escolher entre diferentes m\u00e9todos de inala\u00e7\u00e3o, a alta concentra\u00e7\u00e3o de nicotina e a bateria duradoura tornam este modelo uma escolha excelente para todos que procuram uma experi\u00eancia de vaporiza\u00e7\u00e3o intensa e descomplicada. A qualidade e o sabor do aroma Blue Razz Lemonade complementam o pacote completo e oferecem uma experi\u00eancia de vaporiza\u00e7\u00e3o de primeira classe, que \u00e9 dif\u00edcil de igualar na Alemanha.<\/p>\n<p>Compre o seu Al Fakher Crown Bar Big Cloud 8000 PRO cigarro eletr\u00f3nico descart\u00e1vel com sabor Blue Razz Lemonade no nosso site <a href=\"https:\/\/alfakher24h.de\/pt\/\"><strong>alfakher24h.de<\/strong>.<\/a> Como a maior plataforma de vendas online de cigarros eletr\u00f4nicos descart\u00e1veis na Alemanha, garantimos n\u00e3o apenas produtos de alta qualidade, mas tamb\u00e9m o melhor servi\u00e7o e entrega r\u00e1pida. N\u00e3o perca essa experi\u00eancia excepcional de vaporiza\u00e7\u00e3o!<\/p>","protected":false},"excerpt":{"rendered":"<p>O Al Fakher Crown Bar Big Cloud 8000 PRO, cigarros eletr\u00f4nicos descart\u00e1veis, em Blue Razz Lemonade, oferece at\u00e9 8000 tragadas de um prazer intenso semelhante ao shisha, com um sabor doce e frutado de mirtilo e limonada, e funcionalidade de dois modos potente.<\/p>","protected":false},"featured_media":267,"comment_status":"open","ping_status":"closed","template":"","meta":{"om_disable_all_campaigns":false},"product_brand":[],"product_cat":[21],"product_tag":[],"class_list":{"0":"post-266","1":"product","2":"type-product","3":"status-publish","4":"has-post-thumbnail","6":"product_cat-al-fakher-crown-bar-big-cloud-8000-pro","8":"first","9":"outofstock","10":"shipping-taxable","11":"purchasable","12":"product-type-simple"},"_links":{"self":[{"href":"https:\/\/alfakher24h.de\/pt\/wp-json\/wp\/v2\/product\/266","targetHints":{"allow":["GET"]}}],"collection":[{"href":"https:\/\/alfakher24h.de\/pt\/wp-json\/wp\/v2\/product"}],"about":[{"href":"https:\/\/alfakher24h.de\/pt\/wp-json\/wp\/v2\/types\/product"}],"replies":[{"embeddable":true,"href":"https:\/\/alfakher24h.de\/pt\/wp-json\/wp\/v2\/comments?post=266"}],"wp:featuredmedia":[{"embeddable":true,"href":"https:\/\/alfakher24h.de\/pt\/wp-json\/wp\/v2\/media\/267"}],"wp:attachment":[{"href":"https:\/\/alfakher24h.de\/pt\/wp-json\/wp\/v2\/media?parent=266"}],"wp:term":[{"taxonomy":"product_brand","embeddable":true,"href":"https:\/\/alfakher24h.de\/pt\/wp-json\/wp\/v2\/product_brand?post=266"},{"taxonomy":"product_cat","embeddable":true,"href":"https:\/\/alfakher24h.de\/pt\/wp-json\/wp\/v2\/product_cat?post=266"},{"taxonomy":"product_tag","embeddable":true,"href":"https:\/\/alfakher24h.de\/pt\/wp-json\/wp\/v2\/product_tag?post=266"}],"curies":[{"name":"wp","href":"https:\/\/api.w.org\/{rel}","templated":true}]}}