{"id":255,"date":"2024-09-17T05:51:02","date_gmt":"2024-09-17T05:51:02","guid":{"rendered":"https:\/\/alfakher24h.de\/?post_type=product&#038;p=255"},"modified":"2025-07-16T07:12:19","modified_gmt":"2025-07-16T07:12:19","slug":"al-fakher-crown-bar-big-cloud-8000-por-puff-descartavel-e-cigarro-chiclete-bluberry","status":"publish","type":"product","link":"https:\/\/alfakher24h.de\/pt\/produto\/al-fakher-crown-bar-big-cloud-8000-por-puff-descartavel-e-cigarro-chiclete-bluberry\/","title":{"rendered":"Al Fakher Crown Bar Big Cloud 8000 PRO trag\u00e1veis cigarros eletr\u00f4nicos descart\u00e1veis - Goma de Mirtilo"},"content":{"rendered":"<h2><strong><a href=\"https:\/\/alfakher24h.de\/pt\/categoria-de-produto\/al-fakher-coroa-barra-grande-nuvem-8000-pro\/\">Al Fakher Crown Bar Big Cloud 8000 PRO Z\u00fcge \n\n \n becomes \n\nAl Fakher Crown Bar Big Cloud 8000 PRO Puffs<\/a> Cigarra Eletr\u00f4nica Descart\u00e1vel - Goma de Mirtilo<\/strong><\/h2>\n<div><\/div>\n<div>No mundo de<a href=\"https:\/\/alfakher24h.de\/pt\/\"> E-Zigarettes descart\u00e1veis<\/a> o Al Fakher Crown Bar Big Cloud 8000 PRO \u00e9 um verdadeiro l\u00edder. Este dispositivo de \u00faltima gera\u00e7\u00e3o combina inova\u00e7\u00e3o e conforto de forma incompar\u00e1vel, ideal tanto para iniciantes quanto para entusiastas experientes de vaporiza\u00e7\u00e3o. Com sua tecnologia avan\u00e7ada e recursos pensados, este modelo oferece uma experi\u00eancia de vaporiza\u00e7\u00e3o incompar\u00e1vel que atende aos padr\u00f5es mais elevados.<\/div>\n<div><\/div>\n<h2><strong>Al Fakher Crown Bar Big Cloud 8000 PRO Z\u00fcge Produktbeschreibung \n Crown Bar Big Cloud 8000 PRO da Al Fakher - Descri\u00e7\u00e3o do Produto<\/strong><\/h2>\n<div>O Al Fakher Crown Bar Big Cloud 8000 PRO destaca-se pela sua impressionante funcionalidade de dupla modalidade, que permite ao usu\u00e1rio alternar entre dois estilos de vapor diferentes: \"boca para o pulm\u00e3o\" (MTL) e \"direto para o pulm\u00e3o\" (DTL). Essa flexibilidade permite que voc\u00ea personalize sua experi\u00eancia de vaporiza\u00e7\u00e3o e se adapte \u00e0s suas prefer\u00eancias pessoais. Se voc\u00ea prefere uma t\u00e9cnica de tragada suave e controlada ou tragadas diretas e fortes, esse vaporizador descart\u00e1vel atende facilmente \u00e0s suas necessidades.<\/div>\n<div><\/div>\n<div>O dispositivo j\u00e1 est\u00e1 preenchido com 18 ml de e-l\u00edquido, que tem um alto teor de nicotina de 5 mg de sal de nicotina. Esta concentra\u00e7\u00e3o garante um golpe de nicotina suave e ao mesmo tempo satisfat\u00f3rio em cada tragada. A bateria de 800 mAh do vaporizador garante at\u00e9 8000 tragadas, o que o torna um dos vaporizadores descart\u00e1veis mais dur\u00e1veis do mercado. Isso significa que voc\u00ea pode desfrutar de uma experi\u00eancia de vaporiza\u00e7\u00e3o de primeira classe por um longo per\u00edodo de tempo, sem ter que se preocupar com reabastecimento ou recarga.<\/div>\n<div><\/div>\n<h2><strong>Al Fakher Crown Bar Big Cloud 8000 PRO Z\u00fcge Technische Merkmale \n\n \n(Nenhuma altera\u00e7\u00e3o, sem tradu\u00e7\u00e3o para esse tipo de texto) \nAl Fakher Crown Bar Big Cloud 8000 PRO Z\u00fcge Technische Merkmale<\/strong><\/h2>\n<div>Funcionalidade de dois modos: escolha entre \"boca para pulm\u00e3o\" (MTL) para uma experi\u00eancia de vaporiza\u00e7\u00e3o suave e \"direto para pulm\u00e3o\" (DTL) para nuvens poderosas e grandes.<\/div>\n<div>Capacidade: 18 ml de E-Liquid, ideal para sess\u00f5es de vaporiza\u00e7\u00e3o prolongadas.<\/div>\n<div>Teor de nicotina: 5 mg de sal de nicotina para uma tragada agrad\u00e1vel e intensa.<\/div>\n<div>Akku: Bateria de 800 mAh que possibilita at\u00e9 8000 tragadas.<\/div>\n<div>Tela de informa\u00e7\u00f5es LED: Uma tela pr\u00e1tica mostra o n\u00edvel de l\u00edquido e a carga restante da bateria.<\/div>\n<div>Carregamento r\u00e1pido: uma porta Tipo-C permite um carregamento r\u00e1pido, para que voc\u00ea possa usar o vape novamente rapidamente.<\/div>\n<div>Experi\u00eancia gustativa: Bluberry Gum<\/div>\n<div>O <a href=\"https:\/\/alfakher24h.de\/pt\/\">Al Fakher<\/a> Crown Bar Big Cloud 8000 PRO n\u00e3o \u00e9 conhecido apenas por sua sofistica\u00e7\u00e3o t\u00e9cnica, mas tamb\u00e9m por sua experi\u00eancia de sabor incompar\u00e1vel. O sabor Bluberry Gum \u00e9 uma composi\u00e7\u00e3o exquisita de notas doces e frutadas que oferecer\u00e1 uma verdadeira experi\u00eancia gastron\u00f4mica.<\/div>\n<div><\/div>\n<div>O sabor de Bluberry Gum combina a do\u00e7ura suculenta de mirtilos maduros com o aroma delicado de goma de mascar. Os mirtilos oferecem uma base fresca e frutal, cujas notas doces e ligeiramente \u00e1cidas se fundem harmoniosamente. Cada tragada revela a do\u00e7ura intensa dos mirtilos, enquanto o aroma de goma de mascar adiciona um sabor sutil, mas distinto, que lembra a inf\u00e2ncia. Esta combina\u00e7\u00e3o de sabores proporciona uma experi\u00eancia de vaporiza\u00e7\u00e3o agrad\u00e1vel e satisfat\u00f3ria, que leva os seus sentidos numa viagem deliciosa.<\/div>\n<div><\/div>\n<div>O equil\u00edbrio entre o mirtilo frutado e o chiclete doce \u00e9 perfeitamente suportado pela alta qualidade do e-l\u00edquido, tornando cada tragada uma del\u00edcia. O sabor Bluberry Gum \u00e9 extremamente adequado para quem procura uma alternativa doce e refrescante aos sabores tradicionais de tabaco.<\/div>\n<div><img loading=\"lazy\" decoding=\"async\" class=\"alignnone size-full wp-image-257\" src=\"https:\/\/alfakher24h.de\/wp-content\/uploads\/2024\/09\/Al-Fakher-Crown-Bar-Big-Cloud-8000-PRO-Zuege-Einweg-E-Zigarette-\u2013-Bluberry-Gum.webp\" alt=\"\" width=\"2000\" height=\"2000\" title=\"\" srcset=\"https:\/\/alfakher24h.de\/wp-content\/uploads\/2024\/09\/Al-Fakher-Crown-Bar-Big-Cloud-8000-PRO-Zuege-Einweg-E-Zigarette-\u2013-Bluberry-Gum.webp 2000w, https:\/\/alfakher24h.de\/wp-content\/uploads\/2024\/09\/Al-Fakher-Crown-Bar-Big-Cloud-8000-PRO-Zuege-Einweg-E-Zigarette-\u2013-Bluberry-Gum-300x300.webp 300w, https:\/\/alfakher24h.de\/wp-content\/uploads\/2024\/09\/Al-Fakher-Crown-Bar-Big-Cloud-8000-PRO-Zuege-Einweg-E-Zigarette-\u2013-Bluberry-Gum-1024x1024.webp 1024w, https:\/\/alfakher24h.de\/wp-content\/uploads\/2024\/09\/Al-Fakher-Crown-Bar-Big-Cloud-8000-PRO-Zuege-Einweg-E-Zigarette-\u2013-Bluberry-Gum-150x150.webp 150w, https:\/\/alfakher24h.de\/wp-content\/uploads\/2024\/09\/Al-Fakher-Crown-Bar-Big-Cloud-8000-PRO-Zuege-Einweg-E-Zigarette-\u2013-Bluberry-Gum-768x768.webp 768w, https:\/\/alfakher24h.de\/wp-content\/uploads\/2024\/09\/Al-Fakher-Crown-Bar-Big-Cloud-8000-PRO-Zuege-Einweg-E-Zigarette-\u2013-Bluberry-Gum-1536x1536.webp 1536w, https:\/\/alfakher24h.de\/wp-content\/uploads\/2024\/09\/Al-Fakher-Crown-Bar-Big-Cloud-8000-PRO-Zuege-Einweg-E-Zigarette-\u2013-Bluberry-Gum-600x600.webp 600w, https:\/\/alfakher24h.de\/wp-content\/uploads\/2024\/09\/Al-Fakher-Crown-Bar-Big-Cloud-8000-PRO-Zuege-Einweg-E-Zigarette-\u2013-Bluberry-Gum-100x100.webp 100w\" sizes=\"auto, (max-width: 2000px) 100vw, 2000px\" \/><\/div>\n<div><\/div>\n<h2><strong>Al Fakher Crown Bar Big Cloud 8000 PRO Tra\u00e7os<\/strong><\/h2>\n<div>Se voc\u00ea est\u00e1 procurando por uma potente e saborosa <a href=\"https:\/\/alfakher24h.de\/pt\/\">Cigarrinha eletr\u00f4nica descart\u00e1vel<\/a> Se voc\u00ea est\u00e1 procurando por um vape descart\u00e1vel com alta pot\u00eancia, sabor incr\u00edvel e f\u00e1cil de usar, ent\u00e3o o Al Fakher Crown Bar Big Cloud 8000 PRO \u00e9 exatamente o produto certo para voc\u00ea. Com sua funcionalidade de dupla modalidade, grande capacidade e impressionante vida \u00fatil da bateria, este modelo estabelece novos padr\u00f5es na categoria de vaporizadores descart\u00e1veis. O delicioso sabor de Bluberry Gum complementa a experi\u00eancia geral e garante uma experi\u00eancia de vaporiza\u00e7\u00e3o inesquec\u00edvel. Se voc\u00ea est\u00e1 procurando por um vape descart\u00e1vel com alta pot\u00eancia, \u00f3timo sabor e f\u00e1cil opera\u00e7\u00e3o, visite <a href=\"https:\/\/alfakher24h.de\/pt\/\"><strong>alfakher24h.de<\/strong> .<\/a><\/div>\n<div><\/div>\n<div>Visite alfakherwelt.de, a maior plataforma de vendas online de cigarros eletr\u00f4nicos descart\u00e1veis na Alemanha, para comprar o Al Fakher Crown Bar Big Cloud 8000 PRO. Desfrute do conforto e do alto desempenho deste produto excepcional e experimente o vaping em um novo n\u00edvel.<\/div>","protected":false},"excerpt":{"rendered":"<p>O <strong>Al Fakher Crown Bar Big Cloud 8000 PRO<\/strong> \u00e9 um cigarro eletr\u00f4nico descart\u00e1vel de \u00faltima gera\u00e7\u00e3o com tecnologia de dois modos, 8000 tragadas e um sabor intenso de Bluberry Gum, que oferece uma experi\u00eancia de vaporiza\u00e7\u00e3o de primeira classe.<\/p>","protected":false},"featured_media":259,"comment_status":"open","ping_status":"closed","template":"","meta":{"om_disable_all_campaigns":false},"product_brand":[],"product_cat":[21],"product_tag":[],"class_list":{"0":"post-255","1":"product","2":"type-product","3":"status-publish","4":"has-post-thumbnail","6":"product_cat-al-fakher-crown-bar-big-cloud-8000-pro","8":"first","9":"outofstock","10":"shipping-taxable","11":"purchasable","12":"product-type-simple"},"_links":{"self":[{"href":"https:\/\/alfakher24h.de\/pt\/wp-json\/wp\/v2\/product\/255","targetHints":{"allow":["GET"]}}],"collection":[{"href":"https:\/\/alfakher24h.de\/pt\/wp-json\/wp\/v2\/product"}],"about":[{"href":"https:\/\/alfakher24h.de\/pt\/wp-json\/wp\/v2\/types\/product"}],"replies":[{"embeddable":true,"href":"https:\/\/alfakher24h.de\/pt\/wp-json\/wp\/v2\/comments?post=255"}],"wp:featuredmedia":[{"embeddable":true,"href":"https:\/\/alfakher24h.de\/pt\/wp-json\/wp\/v2\/media\/259"}],"wp:attachment":[{"href":"https:\/\/alfakher24h.de\/pt\/wp-json\/wp\/v2\/media?parent=255"}],"wp:term":[{"taxonomy":"product_brand","embeddable":true,"href":"https:\/\/alfakher24h.de\/pt\/wp-json\/wp\/v2\/product_brand?post=255"},{"taxonomy":"product_cat","embeddable":true,"href":"https:\/\/alfakher24h.de\/pt\/wp-json\/wp\/v2\/product_cat?post=255"},{"taxonomy":"product_tag","embeddable":true,"href":"https:\/\/alfakher24h.de\/pt\/wp-json\/wp\/v2\/product_tag?post=255"}],"curies":[{"name":"wp","href":"https:\/\/api.w.org\/{rel}","templated":true}]}}