{"id":2071,"date":"2025-07-21T05:51:25","date_gmt":"2025-07-21T05:51:25","guid":{"rendered":"https:\/\/alfakher24h.de\/?post_type=product&#038;p=2071"},"modified":"2025-07-21T05:52:15","modified_gmt":"2025-07-21T05:52:15","slug":"vozol-star-20000-puffs-dual-power-recarregavel-vape-descartavel-manga-gelo","status":"publish","type":"product","link":"https:\/\/alfakher24h.de\/pt\/produto\/vozol-star-20000-puffs-dual-power-recarregavel-vape-descartavel-manga-gelo\/","title":{"rendered":"Vozol Star 20000 Puffs Dual Power Recarreg\u00e1vel Vape Descart\u00e1vel Manga Gelo"},"content":{"rendered":"<p><strong>Detalhes:<\/strong><br \/>\n<a href=\"https:\/\/alfakher24h.de\/pt\/produto\/vozol-star-20000-puffs-dual-power-recarregavel-vape-descartavel-morango-kiwi\/\"><strong>Vozol Star 20000 Puffs<\/strong><\/a>\u00a0\u00e9 um vape descart\u00e1vel inteligente com design Full-View e constru\u00eddo com a tecnologia S.i.L.C, oferece at\u00e9 20000 puffs. Cont\u00e9m 24ml de 2% Niko E-l\u00edquido. A S.i.L.C mais recente e \u00fanica garante que cada tragada seja suave, id\u00eantica, duradoura e limpa. O Vozol Star 20000 Puffs est\u00e1 dispon\u00edvel em dois modos diferentes: O modo \"ECO\" pode alcan\u00e7ar at\u00e9 20000 puffs, impulsionado por uma \u00fanica bobina de malha, cada tragada fornece sabores nuances e nuvens suaves. O modelo \"Power\" atinge at\u00e9 15000 puffs e aumenta com a for\u00e7a da bobina dupla de malha. Ele intensifica cada tragada com sabores robustos e nuvens grossas. Para cada modo, existe o Star 20000. Basta um interruptor para ajustar o seu humor. Com uma bateria recarreg\u00e1vel de 650mAh e uma capacidade impressionante de 24ml. Suas fun\u00e7\u00f5es de carregamento r\u00e1pido garantem tempos de inatividade m\u00ednimos, permitindo que os usu\u00e1rios desfrutem de sess\u00f5es mais longas com menos interrup\u00e7\u00f5es.<\/p>\n<p><img loading=\"lazy\" decoding=\"async\" class=\"alignnone size-full wp-image-2060\" src=\"https:\/\/alfakher24h.de\/wp-content\/uploads\/2025\/07\/vozol-star-20000.webp\" alt=\"\" width=\"1131\" height=\"1600\" title=\"\" srcset=\"https:\/\/alfakher24h.de\/wp-content\/uploads\/2025\/07\/vozol-star-20000.webp 1131w, https:\/\/alfakher24h.de\/wp-content\/uploads\/2025\/07\/vozol-star-20000-212x300.webp 212w, https:\/\/alfakher24h.de\/wp-content\/uploads\/2025\/07\/vozol-star-20000-724x1024.webp 724w, https:\/\/alfakher24h.de\/wp-content\/uploads\/2025\/07\/vozol-star-20000-768x1086.webp 768w, https:\/\/alfakher24h.de\/wp-content\/uploads\/2025\/07\/vozol-star-20000-1086x1536.webp 1086w, https:\/\/alfakher24h.de\/wp-content\/uploads\/2025\/07\/vozol-star-20000-8x12.webp 8w, https:\/\/alfakher24h.de\/wp-content\/uploads\/2025\/07\/vozol-star-20000-600x849.webp 600w\" sizes=\"auto, (max-width: 1131px) 100vw, 1131px\" \/><\/p>\n<p><strong>Dados t\u00e9cnicos:<\/strong><br \/>\n650mAh bateria recarreg\u00e1vel<br \/>\n24ml de l\u00edquido eletr\u00f4nico pr\u00e9-preenchido<br \/>\n5% Typ<br \/>\nAt\u00e9 20.000 puffs<br \/>\nProte\u00e7\u00e3o da pe\u00e7a bucal<br \/>\nBobinas de malha dupla<br \/>\nExibi\u00e7\u00e3o em tela cheia<br \/>\nConector de carga tipo C<br \/>\nTipo de bobina: Bobinas de malha dupla com modos duplos (Modo de pot\u00eancia e Modo Eco)<br \/>\nS.i.L.C. T\u00e9cnica: Liso, id\u00eantico, de longa dura\u00e7\u00e3o, limpo<\/p>\n<p><strong>O pacote inclui:<\/strong><br \/>\n1 pe\u00e7a* Vozol Star 20000 Puffs Dual Power Vape descart\u00e1vel recarreg\u00e1vel<\/p>\n<p>&nbsp;<\/p>","protected":false},"excerpt":{"rendered":"<p><strong>Dados t\u00e9cnicos:<\/strong><br \/>\n650mAh bateria recarreg\u00e1vel<br \/>\n24ml de l\u00edquido eletr\u00f4nico pr\u00e9-preenchido<br \/>\n5% Typ<br \/>\nAt\u00e9 20.000 puffs<\/p>","protected":false},"featured_media":2072,"comment_status":"open","ping_status":"closed","template":"","meta":{"om_disable_all_campaigns":false},"product_brand":[],"product_cat":[50],"product_tag":[],"class_list":{"0":"post-2071","1":"product","2":"type-product","3":"status-publish","4":"has-post-thumbnail","6":"product_cat-vozol-star-20000-puffs","8":"first","9":"instock","10":"shipping-taxable","11":"purchasable","12":"product-type-simple"},"_links":{"self":[{"href":"https:\/\/alfakher24h.de\/pt\/wp-json\/wp\/v2\/product\/2071","targetHints":{"allow":["GET"]}}],"collection":[{"href":"https:\/\/alfakher24h.de\/pt\/wp-json\/wp\/v2\/product"}],"about":[{"href":"https:\/\/alfakher24h.de\/pt\/wp-json\/wp\/v2\/types\/product"}],"replies":[{"embeddable":true,"href":"https:\/\/alfakher24h.de\/pt\/wp-json\/wp\/v2\/comments?post=2071"}],"wp:featuredmedia":[{"embeddable":true,"href":"https:\/\/alfakher24h.de\/pt\/wp-json\/wp\/v2\/media\/2072"}],"wp:attachment":[{"href":"https:\/\/alfakher24h.de\/pt\/wp-json\/wp\/v2\/media?parent=2071"}],"wp:term":[{"taxonomy":"product_brand","embeddable":true,"href":"https:\/\/alfakher24h.de\/pt\/wp-json\/wp\/v2\/product_brand?post=2071"},{"taxonomy":"product_cat","embeddable":true,"href":"https:\/\/alfakher24h.de\/pt\/wp-json\/wp\/v2\/product_cat?post=2071"},{"taxonomy":"product_tag","embeddable":true,"href":"https:\/\/alfakher24h.de\/pt\/wp-json\/wp\/v2\/product_tag?post=2071"}],"curies":[{"name":"wp","href":"https:\/\/api.w.org\/{rel}","templated":true}]}}