{"id":1867,"date":"2025-04-23T06:29:08","date_gmt":"2025-04-23T06:29:08","guid":{"rendered":"https:\/\/alfakher24h.de\/?post_type=product&#038;p=1867"},"modified":"2025-07-12T13:35:08","modified_gmt":"2025-07-12T13:35:08","slug":"request-failed-with-status-code-532","status":"publish","type":"product","link":"https:\/\/alfakher24h.de\/pt\/produto\/request-failed-with-status-code-532\/","title":{"rendered":"Coroa AI Fakher Hypermax 15000 - Cigarro Eletr\u00f4nico Descart\u00e1vel \u2013 Blue Razz Lemonde"},"content":{"rendered":"<h2 data-start=\"0\" data-end=\"110\"><strong data-start=\"0\" data-end=\"110\"><a href=\"https:\/\/alfakher24h.de\/pt\/\">Coroa Fakher AI Hypermax 15000 tragadas Cigarro eletr\u00f4nico descart\u00e1vel<\/a>Sua escolha perfeita para um vape inesquec\u00edvel<\/strong><\/h2>\n<div style=\"width: 848px;\" class=\"wp-video\"><video class=\"wp-video-shortcode\" id=\"video-1867-1\" width=\"848\" height=\"480\" preload=\"metadata\" controls=\"controls\"><source type=\"video\/mp4\" src=\"https:\/\/alfakher24h.de\/wp-content\/uploads\/2025\/04\/AF-15K-HYPERMAX-.mp4?_=1\" \/><a href=\"https:\/\/alfakher24h.de\/wp-content\/uploads\/2025\/04\/AF-15K-HYPERMAX-.mp4\">https:\/\/alfakher24h.de\/wp-content\/uploads\/2025\/04\/AF-15K-HYPERMAX-.mp4<\/a><\/video><\/div>\n<h3 data-start=\"112\" data-end=\"136\"><strong data-start=\"112\" data-end=\"136\">Descri\u00e7\u00e3o do produto:<\/strong><\/h3>\n<p class=\"\" data-start=\"138\" data-end=\"721\">A<a href=\"https:\/\/alfakher24h.de\/pt\/\">\u00a0<\/a><strong data-start=\"142\" data-end=\"204\"><a href=\"https:\/\/alfakher24h.de\/pt\/\">AI Fakher<\/a> Crown Bar Hypermax 15000 Z\u00fcge Einweg E Zigarette \n\nbecomes \n\nCrown Bar Hypermax 15000 trag\u00e1veis Cigarros Eletr\u00f4nicos Descart\u00e1veis<\/strong>\u00a0oferece uma experi\u00eancia de vaporiza\u00e7\u00e3o incompar\u00e1vel com um alcance excepcional e uma variedade de sabores deliciosos. Pr\u00e9-preenchido com 15 ml de e-l\u00edquido e equipado com uma bateria potente que pode durar at\u00e9\u00a0<strong data-start=\"430\" data-end=\"445\">15.000 trens<\/strong>\u00a0permite, este cigarro eletr\u00f4nico descart\u00e1vel \u00e9 uma excelente escolha para quem busca uma experi\u00eancia de vaporiza\u00e7\u00e3o duradoura e pr\u00e1tica. \u00c9 a solu\u00e7\u00e3o ideal para um uso r\u00e1pido e sem complica\u00e7\u00f5es, sem a necessidade de recargas ou ajustes complicados.<\/p>\n<p class=\"\" data-start=\"723\" data-end=\"1280\">Seja voc\u00ea um experiente vapeador ou esteja come\u00e7ando agora,\u00a0<strong data-start=\"793\" data-end=\"820\">AI Fakher Crown Bar 15K \n Fakher Crown Bar 15K<\/strong>\u00a0superar\u00e1 suas expectativas. Gra\u00e7as ao\u00a0<strong data-start=\"865\" data-end=\"919\">experi\u00eancia premium de vaporiza\u00e7\u00e3o DTL (Direct to Lung)<\/strong>\u00a0e o\u00a0<strong data-start=\"928\" data-end=\"948\">2% Nikotinst\u00e4rke \nbecomes \n2% For\u00e7a da nicotina<\/strong>\u00a0Desfrute de um sabor intenso e da absor\u00e7\u00e3o de nicotina desejada, perfeitamente adaptados \u00e0s necessidades dos modernos vapers. Al\u00e9m disso, foi o\u00a0<strong data-start=\"1110\" data-end=\"1132\">Crown Bar Hypermax<\/strong>\u00a0concebido para proporcionar uma experi\u00eancia suave e agrad\u00e1vel a qualquer momento - desde a primeira at\u00e9 a \u00faltima nuvem de vapor.<\/p>\n<p class=\"\" data-start=\"1282\" data-end=\"1715\">Outro destaque deste produto \u00e9 o design atraente, que vem com um\u00a0<strong data-start=\"1364\" data-end=\"1396\">superf\u00edcie de couro confort\u00e1vel<\/strong>\u00a0est\u00e1 equipado com uma estrutura que garante uma ader\u00eancia confort\u00e1vel e, ao mesmo tempo, aumenta a durabilidade do dispositivo. Para aumentar ainda mais o conforto, o\u00a0<strong data-start=\"1552\" data-end=\"1584\">AI Fakher Crown Bar Hypermax<\/strong>\u00a0com um\u00a0<strong data-start=\"1595\" data-end=\"1619\">Conector de carregamento tipo C<\/strong>\u00a0para que voc\u00ea possa carregar o dispositivo de forma r\u00e1pida e conveniente ( cabo de carregamento n\u00e3o inclu\u00eddo).<\/p>\n<p class=\"\" data-start=\"1717\" data-end=\"2238\">Al\u00e9m da longa vida \u00fatil e do manuseio confort\u00e1vel, oferece o\u00a0<strong data-start=\"1789\" data-end=\"1816\">AI Fakher Crown Bar 15K \n Fakher Crown Bar 15K<\/strong>\u00a0tamb\u00e9m uma\u00a0<strong data-start=\"1827\" data-end=\"1844\">Exibi\u00e7\u00e3o clara<\/strong>, que mostra o n\u00edvel de l\u00edquido e o status da bateria a qualquer momento, para que voc\u00ea esteja sempre preparado. Se voc\u00ea est\u00e1 procurando por um vape descart\u00e1vel confi\u00e1vel e potente, ent\u00e3o este cigarro eletr\u00f4nico \u00e9 a escolha perfeita. Ele oferece n\u00e3o apenas desempenho excepcional, mas tamb\u00e9m uma variedade de sabores aut\u00eanticos que tornam o vaping um verdadeiro prazer.<\/p>\n<p class=\"\" data-start=\"2240\" data-end=\"2519\">Se voc\u00ea \n(continuar...)\u00a0<strong data-start=\"2253\" data-end=\"2306\">Coroa AI Fakher 15000 tragadas Cigarro eletr\u00f4nico descart\u00e1vel<\/strong> deseja comprar, ent\u00e3o visite alfakher24h.de , a maior plataforma para cigarros eletr\u00f4nicos descart\u00e1veis na Alemanha. Aqui voc\u00ea encontra a sele\u00e7\u00e3o mais abrangente para elevar seu prazer de vaporizar ao pr\u00f3ximo n\u00edvel.<\/p>\n<hr class=\"\" data-start=\"2521\" data-end=\"2524\" \/>\n<h3 data-start=\"2526\" data-end=\"2602\"><strong data-start=\"2526\" data-end=\"2602\">Caracter\u00edsticas do AI Fakher Crown Bar Hypermax 15000 Puffs Cigarro Eletr\u00f4nico Descart\u00e1vel:<\/strong><\/h3>\n<ul data-start=\"2604\" data-end=\"3176\">\n<li class=\"\" data-start=\"2604\" data-end=\"2660\">\n<p class=\"\" data-start=\"2606\" data-end=\"2660\"><strong data-start=\"2606\" data-end=\"2628\">Capacidade de E-L\u00edquido<\/strong>: 22 ml para uma utiliza\u00e7\u00e3o mais prolongada<\/p>\n<\/li>\n<li class=\"\" data-start=\"2661\" data-end=\"2716\">\n<p class=\"\" data-start=\"2663\" data-end=\"2716\"><strong data-start=\"2663\" data-end=\"2684\">Capacidade da bateria<\/strong>: 600 mAh para at\u00e9 15.000 tragadas<\/p>\n<\/li>\n<li class=\"\" data-start=\"2717\" data-end=\"2822\">\n<p class=\"\" data-start=\"2719\" data-end=\"2822\"><strong data-start=\"2719\" data-end=\"2762\">Display para indica\u00e7\u00e3o de l\u00edquido e bateria<\/strong>: Sempre saber quando \u00e9 necess\u00e1rio reabastecer ou recarregar<\/p>\n<\/li>\n<li class=\"\" data-start=\"2823\" data-end=\"2891\">\n<p class=\"\" data-start=\"2825\" data-end=\"2891\"><strong data-start=\"2825\" data-end=\"2857\">DTL (Direct to Lung) vaporiza\u00e7\u00e3o<\/strong>: Para uma experi\u00eancia de vapor intensa<\/p>\n<\/li>\n<li class=\"\" data-start=\"2892\" data-end=\"2961\">\n<p class=\"\" data-start=\"2894\" data-end=\"2961\"><strong data-start=\"2894\" data-end=\"2925\">Superf\u00edcie de couro confort\u00e1vel<\/strong>Para um aperto firme e agrad\u00e1vel<\/p>\n<\/li>\n<li class=\"\" data-start=\"2962\" data-end=\"3026\">\n<p class=\"\" data-start=\"2964\" data-end=\"3026\"><strong data-start=\"2964\" data-end=\"2982\">For\u00e7a da nicotina<\/strong>: 2% (20 mg\/ml) Nicotina para a dose ideal<\/p>\n<\/li>\n<li class=\"\" data-start=\"3027\" data-end=\"3097\">\n<p class=\"\" data-start=\"3029\" data-end=\"3097\"><strong data-start=\"3029\" data-end=\"3045\">Carregamento Type-C<\/strong>: Carregamento r\u00e1pido, sem o inc\u00f4modo de cabos USB-C<\/p>\n<\/li>\n<li class=\"\" data-start=\"3098\" data-end=\"3176\">\n<p class=\"\" data-start=\"3100\" data-end=\"3176\"><strong data-start=\"3100\" data-end=\"3114\">Embalagem<\/strong>: 1 x AI Fakher Crown Bar 15000 E-Zigarette pro Packung<\/p>\n<\/li>\n<\/ul>\n<hr class=\"\" data-start=\"3178\" data-end=\"3181\" \/>\n<h3 data-start=\"3183\" data-end=\"3268\"><strong data-start=\"3183\" data-end=\"3268\">Os melhores sabores da AI Fakher Crown Bar Hypermax 15000 tragadas <a href=\"https:\/\/alfakher24h.de\/pt\/\">Cigarra Eletr\u00f4nica Descart\u00e1vel<\/a>:<\/strong><\/h3>\n<p class=\"\" data-start=\"3270\" data-end=\"3696\"><strong data-start=\"3270\" data-end=\"3286\">Berry Ice<\/strong>\u00a0Um mix refrescante de diferentes frutas vermelhas, combinado com um toque refrescante de gelo. O\u00a0<strong data-start=\"3385\" data-end=\"3398\">Berry Ice<\/strong>A experi\u00eancia de sabor \u00e9 perfeita para os amantes de aromas frutados com um toque refrescante. A mistura doce e ligeiramente \u00e1cida de frutas vermelhas \u00e9 perfeitamente complementada pela nota gelada, proporcionando um vapor refrescante e revigorante. Ideal para todos que procuram uma pausa refrescante e frutada do dia a dia.<\/p>\n<p data-start=\"5062\" data-end=\"5513\"><img loading=\"lazy\" decoding=\"async\" class=\"alignnone wp-image-3093 size-full\" title=\"AI Fakher Crown Bar Hypermax 15000 Z\u00fcge Einweg E Zigarette - Berry Ice 2 AI Fakher Crown Bar Hypermax 15000 trag\u00e1veis Cigarros Eletr\u00f4nicos Descart\u00e1veis - Berry Ice 2\" src=\"https:\/\/alfakher24h.de\/wp-content\/uploads\/2025\/04\/AF-15K-HYPERMAX-2.webp\" sizes=\"auto, (max-width: 1058px) 100vw, 1058px\" srcset=\"https:\/\/alfakher24h.de\/wp-content\/uploads\/2025\/04\/AF-15K-HYPERMAX-2.webp 1058w, https:\/\/alfakher24h.de\/wp-content\/uploads\/2025\/04\/AF-15K-HYPERMAX-2-300x206.webp 300w, https:\/\/alfakher24h.de\/wp-content\/uploads\/2025\/04\/AF-15K-HYPERMAX-2-1024x703.webp 1024w, https:\/\/alfakher24h.de\/wp-content\/uploads\/2025\/04\/AF-15K-HYPERMAX-2-768x527.webp 768w, https:\/\/alfakher24h.de\/wp-content\/uploads\/2025\/04\/AF-15K-HYPERMAX-2-18x12.webp 18w, https:\/\/alfakher24h.de\/wp-content\/uploads\/2025\/04\/AF-15K-HYPERMAX-2-600x412.webp 600w\" alt=\"AI Fakher Crown Bar Hypermax 15000 Z\u00fcge Einweg E Zigarette - Berry Ice becomes AI Fakher Crown Bar Hypermax 15000 Z\u00fcge Einweg E-Zigarette - Berry Ice  No, AI Fakher Crown Bar Hypermax 15000 puffs disposable E cigarette - Berry Ice\" width=\"1058\" height=\"726\" \/><\/p>\n<hr class=\"\" data-start=\"5515\" data-end=\"5518\" \/>\n<h3 data-start=\"5520\" data-end=\"5603\"><strong data-start=\"5520\" data-end=\"5603\">Por que voc\u00ea deve comprar o AI Fakher Crown Bar 15000 Ziguegas Cigarro Eletr\u00f4nico Descart\u00e1vel?<\/strong><\/h3>\n<ul data-start=\"5605\" data-end=\"6563\">\n<li class=\"\" data-start=\"5605\" data-end=\"5769\">\n<p class=\"\" data-start=\"5607\" data-end=\"5769\"><strong data-start=\"5607\" data-end=\"5631\">Utiliza\u00e7\u00e3o a longo prazo<\/strong>: Com uma capacidade de 15 ml de e-l\u00edquido e at\u00e9 15.000 tragadas, voc\u00ea n\u00e3o precisa se preocupar com o dispositivo acabar muito rapidamente.<\/p>\n<\/li>\n<li class=\"\" data-start=\"5770\" data-end=\"5990\">\n<p class=\"\" data-start=\"5772\" data-end=\"5990\"><strong data-start=\"5772\" data-end=\"5794\">Sabores vers\u00e1teis<\/strong>Uma ampla gama de sabores, perfeitamente adaptada ao gosto individual. Quer voc\u00ea prefira sabores frutados, refrescantes ou cl\u00e1ssicos de tabaco, h\u00e1 algo para todos.<\/p>\n<\/li>\n<li class=\"\" data-start=\"5991\" data-end=\"6128\">\n<p class=\"\" data-start=\"5993\" data-end=\"6128\"><strong data-start=\"5993\" data-end=\"6015\">Manuseio conveniente<\/strong>F\u00e1cil de usar e perfeito para viagem. N\u00e3o \u00e9 necess\u00e1rio reabastecer ou recarregar at\u00e9 que o dispositivo termine.<\/p>\n<\/li>\n<li class=\"\" data-start=\"6129\" data-end=\"6369\">\n<p class=\"\" data-start=\"6131\" data-end=\"6369\"><strong data-start=\"6131\" data-end=\"6158\">Fabrica\u00e7\u00e3o de alta qualidade<\/strong>: A\u00a0<strong data-start=\"6164\" data-end=\"6187\">AI Fakher Crown Bar<\/strong>\u00a0\u00c9 um produto de ponta com um acabamento de alta qualidade e um design elegante. O punho de couro confort\u00e1vel garante um manuseio confort\u00e1vel, mesmo durante longas sess\u00f5es de vapor.<\/p>\n<\/li>\n<li class=\"\" data-start=\"6370\" data-end=\"6563\">\n<p class=\"\" data-start=\"6372\" data-end=\"6563\"><strong data-start=\"6372\" data-end=\"6405\">Dispon\u00edvel em alfakher24h.de <\/strong>Compre confortavelmente na maior plataforma online para cigarros eletr\u00f4nicos descart\u00e1veis na Alemanha. Aqui voc\u00ea encontra a melhor sele\u00e7\u00e3o e as ofertas mais atuais.<\/p>\n<\/li>\n<\/ul>\n<hr class=\"\" data-start=\"6565\" data-end=\"6568\" \/>\n<p class=\"\" data-start=\"6570\" data-end=\"6840\">Visite <a href=\"https:\/\/alfakher24h.de\/pt\/\">alfakher24h.de<\/a> \u00a0para as melhores ofertas e uma ampla sele\u00e7\u00e3o de\u00a0<strong data-start=\"6660\" data-end=\"6683\">Cigarros eletr\u00f4nicos descart\u00e1veis<\/strong>! Obtenha o seu\u00a0<strong data-start=\"6705\" data-end=\"6767\">Coroa Fakher AI Hypermax 15000  Puffs Cigarro Eletr\u00f4nico Descart\u00e1vel<\/strong>\u00a0Ainda hoje e experimente a experi\u00eancia de vapor definitiva na Alemanha.<\/p>","protected":false},"excerpt":{"rendered":"<p>A\u00a0<strong data-start=\"4\" data-end=\"66\">Coroa Fakher AI Hypermax 15000  Puffs Cigarro Eletr\u00f4nico Descart\u00e1vel<\/strong>\u00a0Oferece at\u00e9 15.000 tragadas com 15 ml de e-l\u00edquido pr\u00e9-preenchido e uma bateria potente de 600mAh, manuseio confort\u00e1vel, uma ampla sele\u00e7\u00e3o de sabores aut\u00eanticos e aplica\u00e7\u00e3o f\u00e1cil para uma experi\u00eancia de vaporiza\u00e7\u00e3o duradoura e refrescante.<\/p>","protected":false},"featured_media":1868,"comment_status":"open","ping_status":"closed","template":"","meta":{"om_disable_all_campaigns":false},"product_brand":[],"product_cat":[46],"product_tag":[],"class_list":{"0":"post-1867","1":"product","2":"type-product","3":"status-publish","4":"has-post-thumbnail","6":"product_cat-al-fakher-crown-bar-hypermax-15000","8":"first","9":"instock","10":"shipping-taxable","11":"purchasable","12":"product-type-simple"},"_links":{"self":[{"href":"https:\/\/alfakher24h.de\/pt\/wp-json\/wp\/v2\/product\/1867","targetHints":{"allow":["GET"]}}],"collection":[{"href":"https:\/\/alfakher24h.de\/pt\/wp-json\/wp\/v2\/product"}],"about":[{"href":"https:\/\/alfakher24h.de\/pt\/wp-json\/wp\/v2\/types\/product"}],"replies":[{"embeddable":true,"href":"https:\/\/alfakher24h.de\/pt\/wp-json\/wp\/v2\/comments?post=1867"}],"wp:featuredmedia":[{"embeddable":true,"href":"https:\/\/alfakher24h.de\/pt\/wp-json\/wp\/v2\/media\/1868"}],"wp:attachment":[{"href":"https:\/\/alfakher24h.de\/pt\/wp-json\/wp\/v2\/media?parent=1867"}],"wp:term":[{"taxonomy":"product_brand","embeddable":true,"href":"https:\/\/alfakher24h.de\/pt\/wp-json\/wp\/v2\/product_brand?post=1867"},{"taxonomy":"product_cat","embeddable":true,"href":"https:\/\/alfakher24h.de\/pt\/wp-json\/wp\/v2\/product_cat?post=1867"},{"taxonomy":"product_tag","embeddable":true,"href":"https:\/\/alfakher24h.de\/pt\/wp-json\/wp\/v2\/product_tag?post=1867"}],"curies":[{"name":"wp","href":"https:\/\/api.w.org\/{rel}","templated":true}]}}