{"id":1775,"date":"2025-03-11T11:59:10","date_gmt":"2025-03-11T11:59:10","guid":{"rendered":"https:\/\/alfakher24h.de\/?post_type=product&#038;p=1775"},"modified":"2025-07-12T13:27:54","modified_gmt":"2025-07-12T13:27:54","slug":"httperror-response-code-429-too-many-requests-26","status":"publish","type":"product","link":"https:\/\/alfakher24h.de\/pt\/produto\/httperror-response-code-429-too-many-requests-26\/","title":{"rendered":"Arymi IFun 28000 Z\u00fcge Einweg E Zigarette \u2013 Juice Peach lce \u2013 Strawberry Watermelon Bubble \n\nbecomes \n\nArymi IFun 28000 Zugs Disposable E-Cigarette \u2013 Juice Peach Ice \u2013 Strawberry Watermelon Bubble"},"content":{"rendered":"<h1 data-start=\"0\" data-end=\"68\">Arymi IFun 28000 Z\u00fcge Einweg E-Zigarette: A Revolu\u00e7\u00e3o no Vaping<\/h1>\n<p data-start=\"70\" data-end=\"617\">A\u00a0<strong data-start=\"74\" data-end=\"118\">Arymi IFun 28000 Z\u00fcge Einweg E-Zigarette \nbecomes \nArymi IFun 28000 Z\u00fcge Einweg E-Zigarette \n\n No translation needed for numbers and brand names \n\nHowever ,  here is  translation for description \n\nbecomes \nArymi IFun 28000 puffs disposable E-cigarette<\/strong>\u00a0oferece uma experi\u00eancia de vaporiza\u00e7\u00e3o incompar\u00e1vel para vapers exigentes na Alemanha. Com um n\u00famero impressionante de\u00a0<strong data-start=\"245\" data-end=\"261\">28.000 trens<\/strong>um\u00a0<strong data-start=\"269\" data-end=\"301\">grande capacidade de l\u00edquido<\/strong>\u00a0de\u00a0<strong data-start=\"306\" data-end=\"315\">28 ml<\/strong>\u00a0e um\u00a0<strong data-start=\"326\" data-end=\"360\">tecnologia moderna de bobina de malha<\/strong>\u00a0\u00e9 esta cigarra eletr\u00f3nica descart\u00e1vel a escolha perfeita para todos que valorizam sabor, desempenho e conforto. Se voc\u00ea \u00e9 um\u00a0<strong data-start=\"484\" data-end=\"506\">Cigarrinha eletr\u00f4nica descart\u00e1vel<\/strong>\u00a0com nicotina comprar m\u00f6chten, \u00e9 o\u00a0<strong data-start=\"543\" data-end=\"563\">Arymi IFun 28000<\/strong>\u00a0a solu\u00e7\u00e3o ideal, que lhe oferece tudo isto e muito mais.<\/p>\n<p data-start=\"619\" data-end=\"1009\">Dispon\u00edvel em\u00a0<a href=\"https:\/\/alfakher24h.de\/pt\/\"><strong data-start=\"634\" data-end=\"653\">alfakherwelt.de<\/strong><\/a>ao maior loja online para\u00a0<strong data-start=\"683\" data-end=\"706\">Cigarros eletr\u00f4nicos descart\u00e1veis<\/strong>\u00a0Na Alemanha, voc\u00ea pode encomendar facilmente este vape altamente desenvolvido a partir de sua casa. Neste artigo, voc\u00ea aprender\u00e1 mais sobre as propriedades exclusivas do\u00a0<strong data-start=\"873\" data-end=\"893\">Arymi IFun 28000<\/strong>as diferentes sabores e por que esses\u00a0<strong data-start=\"950\" data-end=\"972\">Cigarrinha eletr\u00f4nica descart\u00e1vel<\/strong>\u00a0Sua melhor escolha para vaporizar \u00e9.<\/p>\n<h3 data-start=\"1011\" data-end=\"1086\">Caracter\u00edsticas excepcionais do Arymi IFun 28000 cigarros eletr\u00f4nicos descart\u00e1veis<\/h3>\n<h4 data-start=\"1088\" data-end=\"1139\">1.\u00a0<strong data-start=\"1095\" data-end=\"1139\">N\u00famero incompar\u00e1vel de trens (28.000 trens)<\/strong><\/h4>\n<p data-start=\"1140\" data-end=\"1420\">At\u00e9\u00a0<strong data-start=\"1151\" data-end=\"1167\">28.000 trens<\/strong>\u00a0Oferece o Arymi IFun\u00a0<strong data-start=\"1190\" data-end=\"1209\">utiliza\u00e7\u00e3o mais prolongada<\/strong>\u00a0como muitos convencionais\u00a0<strong data-start=\"1233\" data-end=\"1256\">Cigarros eletr\u00f4nicos descart\u00e1veis<\/strong>\u00a0no mercado. Gra\u00e7as a este impressionante\u00a0<strong data-start=\"1300\" data-end=\"1315\">N\u00famero de Puffs<\/strong>\u00a0Desfrute de uma experi\u00eancia de vaporiza\u00e7\u00e3o duradoura sem reabastecimento frequente ou troca do dispositivo.<\/p>\n<h4 data-start=\"1422\" data-end=\"1467\">2.\u00a0<strong data-start=\"1429\" data-end=\"1467\">Grande capacidade de E-Liquid de 28 ml<\/strong><\/h4>\n<p data-start=\"1468\" data-end=\"1689\">A\u00a0<strong data-start=\"1472\" data-end=\"1490\">28 ml E-Liquid<\/strong>-A capacidade garante que voc\u00ea possa vaporizar por mais tempo sem se preocupar em reabastecer. Ideal para vapers pesados que preferem um uso mais prolongado e sem preocupa\u00e7\u00f5es.<\/p>\n<h4 data-start=\"1691\" data-end=\"1763\">3.\u00a0<strong data-start=\"1698\" data-end=\"1763\">Tecnologia avan\u00e7ada de bobina de malha (Bobina dupla de malha de 1,0 \u03a9)<\/strong><\/h4>\n<p data-start=\"1764\" data-end=\"2042\">A\u00a0<strong data-start=\"1768\" data-end=\"1781\">Bobina de malha<\/strong>\u00a0garante uma evapora\u00e7\u00e3o uniforme do E-Liquid e uma experi\u00eancia de sabor mais intensa. O\u00a0<strong data-start=\"1882\" data-end=\"1900\">Bobina de Dupla Malha<\/strong>\u00a0com\u00a0<strong data-start=\"1905\" data-end=\"1914\">1,0 \u03a9<\/strong>\u00a0resist\u00eancia n\u00e3o s\u00f3 lhe fornece uma produ\u00e7\u00e3o de vapor densa, mas tamb\u00e9m uma\u00a0<strong data-start=\"1991\" data-end=\"2018\">perfeito em termos de sabor<\/strong>\u00a0Experi\u00eancia em cada viagem.<\/p>\n<h4 data-start=\"2044\" data-end=\"2099\">4.\u00a0<strong data-start=\"2051\" data-end=\"2099\">Fluxo de ar personaliz\u00e1vel para vaporiza\u00e7\u00e3o individual<\/strong><\/h4>\n<p data-start=\"2100\" data-end=\"2349\">O\u00a0<strong data-start=\"2104\" data-end=\"2128\">Airflow ajust\u00e1vel<\/strong>\u00a0O Arymi IFun cigarro eletr\u00f4nico descart\u00e1vel permite que voc\u00ea ajuste o suprimento de ar de acordo com suas prefer\u00eancias. Dessa forma, voc\u00ea pode\u00a0<strong data-start=\"2250\" data-end=\"2266\">Comportamento de trem<\/strong>\u00a0personalizar, seja qual for o seu prefer\u00eancia por um trem mais leve ou mais potente.<\/p>\n<h4 data-start=\"2351\" data-end=\"2392\">5.\u00a0<strong data-start=\"2358\" data-end=\"2392\">Bateria com capacidade de 600 mAh<\/strong><\/h4>\n<p data-start=\"2393\" data-end=\"2634\">A\u00a0<strong data-start=\"2397\" data-end=\"2417\">600 mAh bateria<\/strong>\u00a0garante um desempenho confi\u00e1vel ao longo de toda a vida \u00fatil do dispositivo. Com\u00a0<strong data-start=\"2500\" data-end=\"2524\">Conector de carregamento tipo C<\/strong>\u00a0Voc\u00ea pode\u00a0<strong data-start=\"2540\" data-end=\"2583\">Carregar a bateria de forma r\u00e1pida e eficiente<\/strong>para prolongar ainda mais a experi\u00eancia de vaporiza\u00e7\u00e3o.<\/p>\n<h4 data-start=\"2636\" data-end=\"2667\">6.\u00a0<strong data-start=\"2643\" data-end=\"2667\">Nikotinst\u00e4rke von 2% \n(Nenhuma altera\u00e7\u00e3o \u00e9 necess\u00e1ria, pois \"2%\" parece ser um c\u00f3digo ou valor espec\u00edfico, e n\u00e3o um texto que precise ser traduzido) \n2%<\/strong><\/h4>\n<p data-start=\"2668\" data-end=\"2904\">A\u00a0<strong data-start=\"2672\" data-end=\"2693\">2 % For\u00e7a de nicotina<\/strong>\u00a0oferece um impulso agrad\u00e1vel para todos que procuram uma absor\u00e7\u00e3o moderada de nicotina, sem se sobrecarregar. Perfeito para aqueles que mudam de cigarros tradicionais para\u00a0<strong data-start=\"2869\" data-end=\"2885\">Cigarros eletr\u00f4nicos<\/strong>\u00a0mudar de trem<\/p>\n<h4 data-start=\"2906\" data-end=\"2956\">7.\u00a0<strong data-start=\"2913\" data-end=\"2956\">Pacote individual pr\u00e1tico e embalagem grande<\/strong><\/h4>\n<p data-start=\"2957\" data-end=\"3217\">Cada\u00a0<strong data-start=\"2962\" data-end=\"3001\">Arymi IFun 28000 Einweg-E-Zigarette \n\nbecomes \n\nArymi IFun 28000 Disposable E-Cigarette<\/strong>\u00a0Pesa apenas\u00a0<strong data-start=\"3012\" data-end=\"3021\">120 g<\/strong>\u00a0e est\u00e1 em uma embalagem com\u00a0<strong data-start=\"3051\" data-end=\"3063\">10 pe\u00e7as<\/strong>\u00a0dispon\u00edvel. Para pedidos maiores, tamb\u00e9m h\u00e1\u00a0<strong data-start=\"3114\" data-end=\"3139\">Caixas com 200 unidades<\/strong>que s\u00e3o adequadas para venda comercial ou para necessidades pessoais.<\/p>\n<hr data-start=\"3219\" data-end=\"3222\" \/>\n<h3 data-start=\"3224\" data-end=\"3290\">Detalhes dos sabores do Arymi IFun 28000 Puffs Cigarro Eletr\u00f4nico Descart\u00e1vel<\/h3>\n<p data-start=\"3292\" data-end=\"3686\">A Arymi IFun 28000 oferece uma\u00a0<strong data-start=\"3325\" data-end=\"3370\">ampla sele\u00e7\u00e3o de sabores deliciosos<\/strong>que ir\u00e1 mimar os seus bot\u00f5es gustativos a cada utiliza\u00e7\u00e3o. Cada\u00a0<strong data-start=\"3440\" data-end=\"3462\">Cigarrinha eletr\u00f4nica descart\u00e1vel<\/strong>\u00a0\u00e9 projetado para proporcionar-lhe uma experi\u00eancia intensa e\u00a0<strong data-start=\"3510\" data-end=\"3544\">experi\u00eancia gustativa realista<\/strong>\u00a0A seguir, voc\u00ea encontrar\u00e1 descri\u00e7\u00f5es detalhadas dos sabores mais populares que voc\u00ea pode desfrutar no seu dispositivo:<\/p>\n<h4 data-start=\"3688\" data-end=\"3714\"><strong data-start=\"3692\" data-end=\"3714\">1. Suco de P\u00eassego Gelo<\/strong><\/h4>\n<p data-start=\"3715\" data-end=\"4139\">A\u00a0<strong data-start=\"3719\" data-end=\"3738\">Suco de P\u00eassego Gelo<\/strong>combina o sabor doce e suculento de p\u00eassegos maduros com um toque fresco e frio de mentol. A\u00a0<strong data-start=\"3867\" data-end=\"3884\">Nota de p\u00eassego<\/strong>\u00a0\u00e9 perfeitamente equilibrado e oferece um sabor pleno e frutado, que \u00e9 real\u00e7ado pela\u00a0<strong data-start=\"3972\" data-end=\"3987\">Refrigera\u00e7\u00e3o a Gelo<\/strong>\u00a0um sabor refrescante e frio. Este sabor \u00e9 ideal para dias quentes de ver\u00e3o e proporciona um refresco agrad\u00e1vel e frio ap\u00f3s cada tragada.<\/p>\n<h4 data-start=\"4141\" data-end=\"4180\"><strong data-start=\"4145\" data-end=\"4180\">2. Morango Mel\u00e3o Bolha<\/strong><\/h4>\n<p data-start=\"4181\" data-end=\"4633\">A\u00a0<strong data-start=\"4185\" data-end=\"4217\">Strawberry Watermelon Bubble \n(nenhuma tradu\u00e7\u00e3o necess\u00e1ria) \n Bolha de Morango e Mel\u00e3o<\/strong>Combina\u00e7\u00e3o de aromas combina o sabor doce de frutas maduras\u00a0<strong data-start=\"4278\" data-end=\"4291\">Morangos<\/strong>\u00a0e\u00a0<strong data-start=\"4296\" data-end=\"4313\">Mel\u00f5es de \u00e1gua<\/strong>\u00a0com um toque de\u00a0<strong data-start=\"4334\" data-end=\"4346\">Chiclete<\/strong>Essa mistura lembra a experi\u00eancia deliciosa de mascar chiclete da inf\u00e2ncia, com um toque frutado que \u00e9 ao mesmo tempo doce e refrescante. O sabor \u00e9\u00a0<strong data-start=\"4506\" data-end=\"4531\">frutado e intenso<\/strong>com uma nota doce de morango e mel\u00e3o de \u00e1gua, que \u00e9 perfeitamente arredondada pelo sabor de goma de mascar.<\/p>\n<p data-start=\"4181\" data-end=\"4633\"><img loading=\"lazy\" decoding=\"async\" class=\"alignnone wp-image-2302 size-full\" title=\"Arymi IFun 28000 Z\u00fcge Einweg E Zigarette - Juice Peach lce - Strawberry Watermelon Bubble 2 becomes Arymi IFun 28000 Z\u00fcge Einweg E Zigarette - Juice Peach lce - Morango Mel\u00e3o Bolha 2\" src=\"https:\/\/alfakher24h.de\/wp-content\/uploads\/2025\/03\/all1.webp\" sizes=\"auto, (max-width: 904px) 100vw, 904px\" srcset=\"https:\/\/alfakher24h.de\/wp-content\/uploads\/2025\/03\/all1.webp 904w, https:\/\/alfakher24h.de\/wp-content\/uploads\/2025\/03\/all1-212x300.webp 212w, https:\/\/alfakher24h.de\/wp-content\/uploads\/2025\/03\/all1-723x1024.webp 723w, https:\/\/alfakher24h.de\/wp-content\/uploads\/2025\/03\/all1-768x1087.webp 768w, https:\/\/alfakher24h.de\/wp-content\/uploads\/2025\/03\/all1-8x12.webp 8w, https:\/\/alfakher24h.de\/wp-content\/uploads\/2025\/03\/all1-600x850.webp 600w\" alt=\"Arymi IFun 28000 Z\u00fcge Einweg E Zigarette - Juice Peach lce - Strawberry Watermelon Bubble Arymi IFun 28000 trag\u00e1veis E-cigarros descart\u00e1veis - Sabor suco de p\u00eassego gelado - Morango Melancia Bolha\" width=\"904\" height=\"1280\" \/><\/p>\n<hr data-start=\"4635\" data-end=\"4638\" \/>\n<h3 data-start=\"4640\" data-end=\"4712\">Por que voc\u00ea deve comprar o cigarro eletr\u00f4nico descart\u00e1vel Arymi IFun 28000 tragadas<\/h3>\n<h4 data-start=\"4714\" data-end=\"4769\"><strong data-start=\"4718\" data-end=\"4769\">Larga durabilidade para um prazer prolongado<\/strong><\/h4>\n<p data-start=\"4770\" data-end=\"5114\">Gra\u00e7as a\u00a0<strong data-start=\"4779\" data-end=\"4793\">28000 trens<\/strong>\u00a0e generosa\u00a0<strong data-start=\"4814\" data-end=\"4842\">28 ml de capacidade de E-L\u00edquido<\/strong>\u00a0\u00e9 esta\u00a0<strong data-start=\"4853\" data-end=\"4875\">Cigarrinha eletr\u00f4nica descart\u00e1vel<\/strong>\u00a0a escolha perfeita para vapers que procuram uma\u00a0<strong data-start=\"4916\" data-end=\"4937\">longa durabilidade<\/strong>\u00a0sem precisar reabastecer ou trocar de aparelho frequentemente. Voc\u00ea pode confiar em cada viagem, sem se preocupar em recarregar ou substituir o dispositivo.<\/p>\n<h4 data-start=\"5116\" data-end=\"5172\"><strong data-start=\"5120\" data-end=\"5172\">Premium qualidade para o vapeador exigente<\/strong><\/h4>\n<p data-start=\"5173\" data-end=\"5473\">A Arymi IFun oferece n\u00e3o apenas\u00a0<strong data-start=\"5205\" data-end=\"5236\">alta capacidade e desempenho<\/strong>mas tamb\u00e9m\u00a0<strong data-start=\"5251\" data-end=\"5278\">Componentes de alta qualidade<\/strong>\u00a0como a\u00a0<strong data-start=\"5287\" data-end=\"5312\">Tecnologia de bobina de malha<\/strong>\u00a0e a\u00a0<strong data-start=\"5321\" data-end=\"5343\">Airflow adapt\u00e1vel<\/strong>-Op\u00e7\u00e3o. Estas caracter\u00edsticas proporcionam uma experi\u00eancia de vaporiza\u00e7\u00e3o excepcional e garantem um sabor intenso e uniforme.<\/p>\n<h4 data-start=\"5475\" data-end=\"5527\"><strong data-start=\"5479\" data-end=\"5527\">Perfeito para iniciantes e experientes vapers<\/strong><\/h4>\n<p data-start=\"5528\" data-end=\"5810\">Gra\u00e7as a\u00a0<strong data-start=\"5537\" data-end=\"5561\">manuseio simples<\/strong>dos\u00a0<strong data-start=\"5567\" data-end=\"5588\">desenhos compactos<\/strong>\u00a0e o\u00a0<strong data-start=\"5597\" data-end=\"5625\">portabilidade pr\u00e1tica<\/strong>\u00a0eignet sich die Arymi IFun sowohl f\u00fcr -&gt; \n\u00e9 adequada para Arymi IFun tanto para\u00a0<strong data-start=\"5664\" data-end=\"5686\">Iniciante de vaporiza\u00e7\u00e3o<\/strong>\u00a0bem como para usu\u00e1rios experientes que est\u00e3o procurando por um\u00a0<strong data-start=\"5747\" data-end=\"5781\">de alta qualidade e confi\u00e1veis<\/strong>\u00a0<strong data-start=\"5782\" data-end=\"5804\">Cigarrinha eletr\u00f4nica descart\u00e1vel<\/strong>\u00a0s\u00e3o.<\/p>\n<hr data-start=\"5812\" data-end=\"5815\" \/>\n<h3 data-start=\"5817\" data-end=\"5849\">Perguntas Frequentes (FAQ)<\/h3>\n<p data-start=\"5851\" data-end=\"6044\"><strong data-start=\"5851\" data-end=\"5933\">1. Quantos puffs posso esperar do cigarro eletr\u00f4nico Arymi IFun 28000 puffs?<\/strong>\u00a0A Arymi IFun oferece at\u00e9\u00a0<strong data-start=\"5969\" data-end=\"5984\">28.000 trens<\/strong>, o que representa uma das maiores capacidades do mercado.<\/p>\n<p data-start=\"6046\" data-end=\"6241\"><strong data-start=\"6046\" data-end=\"6118\">2. A Arymi IFun 28000 Z\u00fcge Einweg-E-Zigarette \u00e9 recarreg\u00e1vel?<\/strong>\u00a0Sim, o Arymi IFun possui um\u00a0<strong data-start=\"6157\" data-end=\"6181\">Conector de carregamento tipo C<\/strong>, para que voc\u00ea possa recarregar a bateria conforme necess\u00e1rio.<\/p>\n<p data-start=\"6243\" data-end=\"6408\"><strong data-start=\"6243\" data-end=\"6296\">3. Qual \u00e9 a for\u00e7a de nicotina do Arymi IFun 28000?<\/strong>\u00a0A Arymi IFun \u00e9 equipada com uma\u00a0<strong data-start=\"6326\" data-end=\"6352\">Nikotin-St\u00e4rke von 2 1%<\/strong>\u00a0equipado, o que proporciona uma absor\u00e7\u00e3o moderada de nicotina.<\/p>\n<p data-start=\"6410\" data-end=\"6597\"><strong data-start=\"6410\" data-end=\"6460\">Quais sabores est\u00e3o dispon\u00edveis?<\/strong>\u00a0Atualmente oferecemos as\u00a0<strong data-start=\"6484\" data-end=\"6503\">Suco de P\u00eassego Gelo<\/strong>\u00a0e\u00a0<strong data-start=\"6508\" data-end=\"6540\">Strawberry Watermelon Bubble \n(nenhuma tradu\u00e7\u00e3o necess\u00e1ria) \n Bolha de Morango e Mel\u00e3o<\/strong>\u00a0Aromas. Mais sabores est\u00e3o em planejamento.<\/p>\n<p data-start=\"6599\" data-end=\"6811\"><strong data-start=\"6599\" data-end=\"6662\">5. Como limpo o cigarro eletr\u00f4nico descart\u00e1vel Arymi IFun 28000?<\/strong>\u00a0Da es sich um eine\u00a0<strong data-start=\"6682\" data-end=\"6704\">Cigarrinha eletr\u00f4nica descart\u00e1vel<\/strong>\u00a0Se forem descart\u00e1veis, n\u00e3o precisam ser limpos. Ap\u00f3s o uso completo, voc\u00ea pode simplesmente descart\u00e1-los.<\/p>\n<hr data-start=\"6813\" data-end=\"6816\" \/>\n<p data-start=\"6818\" data-end=\"7153\">A\u00a0<strong data-start=\"6822\" data-end=\"6866\">Arymi IFun 28000 Z\u00fcge Einweg E-Zigarette \nbecomes \nArymi IFun 28000 Z\u00fcge Einweg E-Zigarette \n\n No translation needed for numbers and brand names \n\nHowever ,  here is  translation for description \n\nbecomes \nArymi IFun 28000 puffs disposable E-cigarette<\/strong>\u00a0\u00e9 a escolha ideal para todos aqueles que procuram uma\u00a0<strong data-start=\"6906\" data-end=\"6970\">experi\u00eancia de vaporiza\u00e7\u00e3o prolongada, saborosa e personaliz\u00e1vel<\/strong>\u00a0procurar. Se voc\u00ea\u00a0<strong data-start=\"6988\" data-end=\"7011\">E-Zigarettes descart\u00e1veis<\/strong>\u00a0deseja comprar, visite\u00a0<a href=\"https:\/\/alfakher24h.de\/pt\/\"><strong data-start=\"7041\" data-end=\"7060\">alfakherwelt.de<\/strong><\/a>a maior plataforma de vendas online na Alemanha para\u00a0<strong data-start=\"7117\" data-end=\"7152\">E-Zigarettes descart\u00e1veis com nicotina<\/strong>.<\/p>","protected":false},"excerpt":{"rendered":"<p>Arymi IFun 28000 Zugs E-Zigarette: A Revolu\u00e7\u00e3o no Vaping \nA Arymi IFun 28000 Zugs E-Zigarette descart\u00e1vel oferece uma experi\u00eancia de vaporiza\u00e7\u00e3o incompar\u00e1vel para os vapers exigentes na Alemanha. Com um impressionante n\u00famero de 28.000 tragadas, uma grande capacidade de l\u00edquido de 28 ml e uma moderna tecnologia de bobina de malha, este E-Zigarette descart\u00e1vel \u00e9 a escolha perfeita para todos que valorizam sabor, desempenho e conforto. Se voc\u00ea deseja comprar um E-Zigarette descart\u00e1vel com nicotina [\u2026]","protected":false},"featured_media":1776,"comment_status":"open","ping_status":"closed","template":"","meta":{"om_disable_all_campaigns":false},"product_brand":[],"product_cat":[45],"product_tag":[],"class_list":{"0":"post-1775","1":"product","2":"type-product","3":"status-publish","4":"has-post-thumbnail","6":"product_cat-arymi-ifun-28000","8":"first","9":"outofstock","10":"shipping-taxable","11":"purchasable","12":"product-type-simple"},"_links":{"self":[{"href":"https:\/\/alfakher24h.de\/pt\/wp-json\/wp\/v2\/product\/1775","targetHints":{"allow":["GET"]}}],"collection":[{"href":"https:\/\/alfakher24h.de\/pt\/wp-json\/wp\/v2\/product"}],"about":[{"href":"https:\/\/alfakher24h.de\/pt\/wp-json\/wp\/v2\/types\/product"}],"replies":[{"embeddable":true,"href":"https:\/\/alfakher24h.de\/pt\/wp-json\/wp\/v2\/comments?post=1775"}],"wp:featuredmedia":[{"embeddable":true,"href":"https:\/\/alfakher24h.de\/pt\/wp-json\/wp\/v2\/media\/1776"}],"wp:attachment":[{"href":"https:\/\/alfakher24h.de\/pt\/wp-json\/wp\/v2\/media?parent=1775"}],"wp:term":[{"taxonomy":"product_brand","embeddable":true,"href":"https:\/\/alfakher24h.de\/pt\/wp-json\/wp\/v2\/product_brand?post=1775"},{"taxonomy":"product_cat","embeddable":true,"href":"https:\/\/alfakher24h.de\/pt\/wp-json\/wp\/v2\/product_cat?post=1775"},{"taxonomy":"product_tag","embeddable":true,"href":"https:\/\/alfakher24h.de\/pt\/wp-json\/wp\/v2\/product_tag?post=1775"}],"curies":[{"name":"wp","href":"https:\/\/api.w.org\/{rel}","templated":true}]}}