{"id":1773,"date":"2025-03-11T11:52:34","date_gmt":"2025-03-11T11:52:34","guid":{"rendered":"https:\/\/alfakher24h.de\/?post_type=product&#038;p=1773"},"modified":"2025-07-12T13:27:54","modified_gmt":"2025-07-12T13:27:54","slug":"httperror-response-code-429-too-many-requests-30","status":"publish","type":"product","link":"https:\/\/alfakher24h.de\/pt\/produto\/httperror-response-code-429-too-many-requests-30\/","title":{"rendered":"Arymi IFun 28000 Z\u00fcge Einweg E Zigarette \u2013 Mixed Berries \u2013 Pina Colada Rum \n\nbecomes \n\nArymi IFun 28000 Zugs Disposable E-Cigarette \u2013 Mixed Berries \u2013 Pina Colada Rum \n\n No, \n\nbecomes \n\nArymi IFun 28000 Z\u00fcge Einweg E-Zigarette \u2013 Mixed Berries \u2013 Pina Colada Rum \n\n Arymi IFun 28000 disposable E-cigarette  \u2013 Mixed Berries \u2013 Pina Colada Rum \n\n No \n\nArymi IFun 28000 Z\u00fcge Einweg E Zigarette \u2013 Mixed Berries \u2013 Pina Colada Rum\n\n Arymi IFun 28000 Z\u00fcge = Arymi IFun 28000 Puffs \n\nbecomes \n\n Arymi IFun 28000 Puffs  Disposable  E-cigarette \u2013 Mixed Berries \u2013 Pina Colada Rum \n\nThe translation \n\nArymi IFun 28000 Puffs  Disposable  E-cigarette \u2013 Mixed Berries \u2013 Pina Colada Rum \n\nbecomes \n\nArymi IFun 28000 Puffs Descart\u00e1vel E-Cigarro \u2013 Frutas Mistas \u2013 Pina Colada Rum"},"content":{"rendered":"<hr data-start=\"813\" data-end=\"816\" \/>\n<h3 data-start=\"818\" data-end=\"844\"><strong data-start=\"821\" data-end=\"844\">Descri\u00e7\u00e3o do produto<\/strong><\/h3>\n<p data-start=\"846\" data-end=\"1366\">A\u00a0<strong data-start=\"850\" data-end=\"894\">Arymi IFun 28000 Z\u00fcge \n\n(Translation not required for this input as it seems to be a mix of brand\/model and a quantity\/measurement) \nArymi IFun 28000 Z\u00fcge\u00a0<a href=\"https:\/\/alfakher24h.de\/pt\/\">Cigarra Eletr\u00f4nica Descart\u00e1vel<\/a><\/strong>\u00a0oferece, com seu impressionante n\u00famero de 28.000 ti\u00e7\u00f5es, uma experi\u00eancia de vapor excepcionalmente longa. Equipado com uma\u00a0<strong data-start=\"1032\" data-end=\"1067\">grande capacidade de 28 ml de l\u00edquido eletr\u00f4nico<\/strong>\u00a0e um\u00a0<strong data-start=\"1078\" data-end=\"1100\">2 % Nicotina-For\u00e7a<\/strong>\u00e9 ideal para vapers que desejam uma absor\u00e7\u00e3o de nicotina forte, mas ainda agrad\u00e1vel.\u00a0<strong data-start=\"1211\" data-end=\"1233\">Cigarra Eletr\u00f4nica Descart\u00e1vel<\/strong>\u00a0N\u00e3o \u00e9 apenas poderoso, mas tamb\u00e9m cuidadosamente projetado para maximizar tanto o sabor quanto a facilidade de uso.<\/p>\n<p data-start=\"1368\" data-end=\"1953\">Com um\u00a0<strong data-start=\"1378\" data-end=\"1411\">600 mAh bateria de cobalto puro<\/strong>que por\u00a0<strong data-start=\"1421\" data-end=\"1431\">Type-C<\/strong>\u00a0aufgeladen werden kann, k\u00f6nnen Sie sicher sein, dass Ihre\u00a0<strong data-start=\"1490\" data-end=\"1505\">Cigarro eletr\u00f4nico<\/strong>\u00a0ao longo de todo o per\u00edodo de sua utiliza\u00e7\u00e3o, funcionou de forma confi\u00e1vel.\u00a0<strong data-start=\"1584\" data-end=\"1608\">1,0 \u03a9 Bobina Dupla Malha<\/strong>\u00a0proporciona um sabor especialmente rico e intenso. Gra\u00e7as ao\u00a0<strong data-start=\"1678\" data-end=\"1704\">Airflows ajust\u00e1veis<\/strong>\u00a0Voc\u00ea pode personalizar a experi\u00eancia de vaporiza\u00e7\u00e3o de acordo com suas prefer\u00eancias e encontrar o tiro perfeito para voc\u00ea. Se voc\u00ea prefere um tiro suave ou mais intenso, o\u00a0<strong data-start=\"1876\" data-end=\"1901\">Arymi IFun 28000 Z\u00fcge \n\n(Translation not required for this input as it seems to be a mix of brand\/model and a quantity\/measurement) \nArymi IFun 28000 Z\u00fcge<\/strong>\u00a0Oferece uma adaptabilidade de primeira classe.<\/p>\n<p data-start=\"1955\" data-end=\"2349\">Um outro recurso pr\u00e1tico \u00e9 o\u00a0<strong data-start=\"1996\" data-end=\"2038\">Indicador de status de e-l\u00edquido e bateria<\/strong>, com o qual voc\u00ea pode manter a bateria atualizada e o n\u00edvel de l\u00edquido sempre sob controle. O design destes\u00a0<strong data-start=\"2167\" data-end=\"2189\">Cigarro eletr\u00f4nico descart\u00e1vel<\/strong>\u00a0foi projetado n\u00e3o apenas para a funcionalidade, mas tamb\u00e9m para a est\u00e9tica, para que voc\u00ea possa brilhar com este produto tanto em termos de desempenho quanto de apar\u00eancia.<\/p>\n<p data-start=\"2351\" data-end=\"2379\"><strong data-start=\"2351\" data-end=\"2379\">Detalhes \u00e0 primeira vista:<\/strong><\/p>\n<ul data-start=\"2380\" data-end=\"2759\">\n<li data-start=\"2380\" data-end=\"2411\"><strong data-start=\"2382\" data-end=\"2392\">Puffs:<\/strong>\u00a0At\u00e9 28.000 trens<\/li>\n<li data-start=\"2412\" data-end=\"2443\"><strong data-start=\"2414\" data-end=\"2437\">Capacidade de E-L\u00edquido:<\/strong>\u00a028 ml<\/li>\n<li data-start=\"2444\" data-end=\"2476\"><strong data-start=\"2446\" data-end=\"2464\">Teor de nicotina:<\/strong>\u00a02 % Nicotina<\/li>\n<li data-start=\"2477\" data-end=\"2514\"><strong data-start=\"2479\" data-end=\"2492\">Bateria:<\/strong>\u00a0600 mAh de cobalto puro<\/li>\n<li data-start=\"2515\" data-end=\"2577\"><strong data-start=\"2517\" data-end=\"2531\">Mesh Coil:<\/strong>\u00a01,0 \u03a9 Bobina Dupla Malha para sabor intenso<\/li>\n<li data-start=\"2578\" data-end=\"2641\"><strong data-start=\"2580\" data-end=\"2605\">Fluxo de ar ajust\u00e1vel<\/strong>\u00a0para experi\u00eancias personalizadas de vapor<\/li>\n<li data-start=\"2642\" data-end=\"2681\"><strong data-start=\"2644\" data-end=\"2681\">Indica\u00e7\u00e3o de bateria e l\u00edquido<\/strong><\/li>\n<li data-start=\"2682\" data-end=\"2728\"><strong data-start=\"2684\" data-end=\"2707\">Unidade de embalagem:<\/strong>\u00a010 unidades por embalagem<\/li>\n<li data-start=\"2729\" data-end=\"2759\"><strong data-start=\"2731\" data-end=\"2753\">Peso por pe\u00e7a:<\/strong>\u00a0120 g<\/li>\n<\/ul>\n<hr data-start=\"2761\" data-end=\"2764\" \/>\n<h3 data-start=\"2766\" data-end=\"2842\"><strong data-start=\"2769\" data-end=\"2842\">Por que voc\u00ea deve comprar o cigarro eletr\u00f4nico descart\u00e1vel Arymi IFun 28000 tragadas<\/strong><\/h3>\n<p data-start=\"2844\" data-end=\"3163\">A\u00a0<strong data-start=\"2848\" data-end=\"2892\">Arymi IFun 28000 Z\u00fcge Einweg E Zigarette\n\n becomes \n\nArymi IFun 28000 Z\u00fcge Einweg E Zigarette<\/strong>\u00a0oferece n\u00e3o apenas uma durabilidade e desempenho excepcionais, mas tamb\u00e9m uma variedade de benef\u00edcios que a tornam a melhor escolha para vapers que valorizam a qualidade e o prazer. Aqui est\u00e3o algumas raz\u00f5es pelas quais voc\u00ea deve escolher este produto:<\/p>\n<ol data-start=\"3165\" data-end=\"4242\">\n<li data-start=\"3165\" data-end=\"3342\"><strong data-start=\"3168\" data-end=\"3200\">Capacidade de Puff invenc\u00edvel:<\/strong>\u00a0At\u00e9\u00a0<strong data-start=\"3212\" data-end=\"3228\">28.000 trens<\/strong>\u00a0oferece um prazer especialmente longo, para que voc\u00ea n\u00e3o precise se preocupar com compras frequentes.<\/li>\n<li data-start=\"3343\" data-end=\"3558\"><strong data-start=\"3346\" data-end=\"3401\">Longa dura\u00e7\u00e3o de uso gra\u00e7as \u00e0 bateria potente:<\/strong>\u00a0A\u00a0<strong data-start=\"3406\" data-end=\"3433\">600 mAh bateria de cobalto<\/strong>\u00a0garante um desempenho constante ao longo de todo o per\u00edodo de utiliza\u00e7\u00e3o e pode ser facilmente controlado atrav\u00e9s de\u00a0<strong data-start=\"3529\" data-end=\"3539\">Type-C<\/strong>\u00a0serem carregados.<\/li>\n<li data-start=\"3559\" data-end=\"3747\"><strong data-start=\"3562\" data-end=\"3593\">Vaporiza\u00e7\u00e3o personaliz\u00e1vel:<\/strong>\u00a0Com o\u00a0<strong data-start=\"3602\" data-end=\"3627\">fluxo de ar ajust\u00e1vel<\/strong>\u00a0Voc\u00ea pode adaptar a experi\u00eancia de vaporiza\u00e7\u00e3o totalmente \u00e0s suas prefer\u00eancias - desde uma tragada suave at\u00e9 uma experi\u00eancia intensa.<\/li>\n<li data-start=\"3748\" data-end=\"3905\"><strong data-start=\"3751\" data-end=\"3789\">Sabor premium atrav\u00e9s de Mesh Coil:<\/strong>\u00a0O\u00a0<strong data-start=\"3794\" data-end=\"3818\">1,0 \u03a9 Bobina Dupla Malha<\/strong>\u00a0garante uma evapora\u00e7\u00e3o uniforme e um sabor rico e intenso.<\/li>\n<li data-start=\"3906\" data-end=\"4101\"><strong data-start=\"3909\" data-end=\"3936\">Indicadores pr\u00e1ticos:<\/strong>\u00a0A\u00a0<strong data-start=\"3941\" data-end=\"3975\">Exibi\u00e7\u00e3o de bateria e e-l\u00edquido<\/strong>\u00a0garantem que voc\u00ea sempre tenha controle e nunca fique inesperadamente com uma bateria vazia ou l\u00edquido vazio.<\/li>\n<li data-start=\"4102\" data-end=\"4242\"><strong data-start=\"4105\" data-end=\"4142\">Variedades de sabores:<\/strong>\u00a0Experimente uma ampla variedade de sabores deliciosos que tornam o vape um verdadeiro prazer.<\/li>\n<\/ol>\n<p><img loading=\"lazy\" decoding=\"async\" class=\"alignnone wp-image-2299 size-full\" title=\"Arymi IFun 28000 Z\u00fcge Einweg E Zigarette - Mixed Berries - Pina Colada Rum 2 becomes Arymi IFun 28000 Z\u00fcge Einweg E Zigarette - Mixed Berries - Pina Colada Rum 2  No translation needed for &quot;Arymi IFun 28000 Z\u00fcge Einweg E Zigarette&quot; as it seems to be product name and numbers becomes Arymi IFun 28000 Z\u00fcge Einweg E Zigarette - Frutas Misturadas - Pina Colada Rum 2\" src=\"https:\/\/alfakher24h.de\/wp-content\/uploads\/2025\/03\/arymi-hookalit-2.webp\" sizes=\"auto, (max-width: 1077px) 100vw, 1077px\" srcset=\"https:\/\/alfakher24h.de\/wp-content\/uploads\/2025\/03\/arymi-hookalit-2.webp 1077w, https:\/\/alfakher24h.de\/wp-content\/uploads\/2025\/03\/arymi-hookalit-2-300x284.webp 300w, https:\/\/alfakher24h.de\/wp-content\/uploads\/2025\/03\/arymi-hookalit-2-1024x970.webp 1024w, https:\/\/alfakher24h.de\/wp-content\/uploads\/2025\/03\/arymi-hookalit-2-768x727.webp 768w, https:\/\/alfakher24h.de\/wp-content\/uploads\/2025\/03\/arymi-hookalit-2-13x12.webp 13w, https:\/\/alfakher24h.de\/wp-content\/uploads\/2025\/03\/arymi-hookalit-2-600x568.webp 600w\" alt=\"Arymi IFun 28000 Z\u00fcge Einweg E Zigarette - Mixed Berries - Pina Colada Rum becomes Arymi IFun 28000 Z\u00fcge Disposable E-Cigarette - Mixed Berries - Pina Colada Rum\" width=\"1077\" height=\"1020\" \/><\/p>\n<h3 data-start=\"4249\" data-end=\"4308\"><strong data-start=\"4252\" data-end=\"4308\">Sabores da\u00a0<a href=\"https:\/\/alfakher24h.de\/pt\/\">Arymi<\/a> IFun 28000 Z\u00fcge Einweg E-Zigarette \nse torna \nIFun 28000 tragadas Cigarro eletr\u00f4nico descart\u00e1vel<\/strong><\/h3>\n<p data-start=\"4310\" data-end=\"4622\">A\u00a0<strong data-start=\"4314\" data-end=\"4358\">Arymi IFun 28000 Z\u00fcge Einweg E Zigarette\n\n becomes \n\nArymi IFun 28000 Z\u00fcge Einweg E Zigarette<\/strong>\u00a0oferece n\u00e3o apenas um desempenho excepcional, mas tamb\u00e9m uma sele\u00e7\u00e3o incr\u00edvel de\u00a0<strong data-start=\"4442\" data-end=\"4466\">Sabores<\/strong>que satisfar\u00e3o at\u00e9 mesmo os vaporizadores mais exigentes. Aqui est\u00e3o alguns dos sabores mais populares que voc\u00ea pode encontrar em alfakher24h.de:<\/p>\n<h4 data-start=\"4624\" data-end=\"4645\"><strong data-start=\"4628\" data-end=\"4645\">Frutas Vermelhas Misturadas<\/strong><\/h4>\n<p data-start=\"4646\" data-end=\"5111\">Este aroma combina os sabores doces e frescos de diferentes tipos de bagas para uma experi\u00eancia gustativa \u00fanica. A\u00a0<strong data-start=\"4777\" data-end=\"4794\">Frutas Vermelhas Misturadas<\/strong>\u00a0oferecem uma mistura equilibrada de framboesas, morangos, mirtilos e groselhas pretas, que deleitam o paladar com frescura frut\u00edfera e um toque de do\u00e7ura. A\u00a0<strong data-start=\"4979\" data-end=\"4997\">Mistura de frutas vermelhas<\/strong>\u00a0garante uma experi\u00eancia de sabor intensa e duradoura, tornando cada sess\u00e3o de vaporiza\u00e7\u00e3o algo especial.<\/p>\n<h4 data-start=\"5113\" data-end=\"5136\"><strong data-start=\"5117\" data-end=\"5136\">Pina Colada Rum<\/strong><\/h4>\n<p data-start=\"5137\" data-end=\"5601\">Mergulhe no prazer tropical com a\u00a0<strong data-start=\"5186\" data-end=\"5205\">Pina Colada Rum<\/strong>Sabor. Este cigarro eletr\u00f4nico traz o charme ex\u00f3tico do Caribe diretamente para voc\u00ea.\u00a0<strong data-start=\"5295\" data-end=\"5329\">sabor frutal de abacaxi<\/strong>\u00a0mistura-se perfeitamente com a\u00a0<strong data-start=\"5361\" data-end=\"5383\">cremosa coco<\/strong>\u00a0e um toque de\u00a0<strong data-start=\"5404\" data-end=\"5411\">Rum<\/strong>para oferecer uma experi\u00eancia doce e deliciosa que imediatamente evoca o clima de f\u00e9rias. Cada sorvete tem o sabor de um prazer tropical - perfeito para aqueles que gostam de sabores frutados e refrescantes.<\/p>\n<hr data-start=\"5603\" data-end=\"5606\" \/>\n<h3 data-start=\"5608\" data-end=\"5645\"><strong data-start=\"5611\" data-end=\"5645\">Perguntas Frequentes (FAQs)<\/strong><\/h3>\n<h4 data-start=\"5647\" data-end=\"5717\"><strong data-start=\"5651\" data-end=\"5717\">Quantas tragadas oferece o cigarro eletr\u00f4nico descart\u00e1vel Arymi IFun 28000?<\/strong><\/h4>\n<p data-start=\"5718\" data-end=\"5875\">A\u00a0<strong data-start=\"5722\" data-end=\"5747\">Arymi IFun 28000 Z\u00fcge \n\n(Translation not required for this input as it seems to be a mix of brand\/model and a quantity\/measurement) \nArymi IFun 28000 Z\u00fcge<\/strong>\u00a0O vape descart\u00e1vel oferece at\u00e9 28.000 tragadas, o que o torna um dos vapes descart\u00e1veis mais dur\u00e1veis dispon\u00edveis no mercado.<\/p>\n<h4 data-start=\"5877\" data-end=\"5934\"><strong data-start=\"5881\" data-end=\"5934\">Quanto tempo dura a bateria do Arymi IFun 28000?<\/strong><\/h4>\n<p data-start=\"5935\" data-end=\"6168\">Com a\u00a0<strong data-start=\"5943\" data-end=\"5970\">600 mAh bateria de cobalto<\/strong>\u00a0Voc\u00ea pode\u00a0<strong data-start=\"5986\" data-end=\"6006\">Arymi IFun 28000<\/strong>\u00a0para um longo per\u00edodo de tempo sem perder desempenho. Al\u00e9m disso, a bateria pode ser recarregada de forma r\u00e1pida e f\u00e1cil atrav\u00e9s do\u00a0<strong data-start=\"6138\" data-end=\"6158\">Conector Type-C<\/strong>\u00a0carregar.<\/p>\n<h4 data-start=\"6170\" data-end=\"6219\"><strong data-start=\"6174\" data-end=\"6219\">Posso ajustar o controle de fluxo de ar?<\/strong><\/h4>\n<p data-start=\"6220\" data-end=\"6383\">Sim, a\u00a0<strong data-start=\"6228\" data-end=\"6272\">Arymi IFun 28000 Z\u00fcge Einweg E Zigarette\n\n becomes \n\nArymi IFun 28000 Z\u00fcge Einweg E Zigarette<\/strong>\u00a0disp\u00f5e de uma\u00a0<strong data-start=\"6291\" data-end=\"6315\">Fluxo de ar ajust\u00e1vel<\/strong>, para que voc\u00ea possa adaptar a experi\u00eancia de vapor \u00e0s suas prefer\u00eancias.<\/p>\n<h4 data-start=\"6385\" data-end=\"6440\"><strong data-start=\"6389\" data-end=\"6440\">Qual \u00e9 a quantidade de E-Liquid que o Arymi IFun 28000 cont\u00e9m?<\/strong><\/h4>\n<p data-start=\"6441\" data-end=\"6592\">A\u00a0<strong data-start=\"6445\" data-end=\"6465\">Arymi IFun 28000<\/strong>\u00a0cont\u00e9m uma\u00a0<strong data-start=\"6479\" data-end=\"6507\">28 ml de capacidade de E-L\u00edquido<\/strong>que dura o suficiente para um uso prolongado e proporciona uma experi\u00eancia de vaporiza\u00e7\u00e3o intensa.<\/p>\n<hr data-start=\"6594\" data-end=\"6597\" \/>\n<p data-start=\"6599\" data-end=\"6609\"><strong data-start=\"6599\" data-end=\"6609\">Conclus\u00e3o:<\/strong><\/p>\n<p data-start=\"6611\" data-end=\"7155\">A\u00a0<strong data-start=\"6615\" data-end=\"6659\">Arymi IFun 28000 Z\u00fcge \n\n(Translation not required for this input as it seems to be a mix of brand\/model and a quantity\/measurement) \nArymi IFun 28000 Z\u00fcge <a href=\"https:\/\/alfakher24h.de\/pt\/\">Cigarra Eletr\u00f4nica Descart\u00e1vel<\/a><\/strong>\u00a0\u00e9 a escolha ideal para todos que procuram uma experi\u00eancia de vaporiza\u00e7\u00e3o potente, duradoura e saborosa. Com um elevado n\u00famero de tragadas, um design pr\u00e1tico\u00a0<strong data-start=\"6854\" data-end=\"6876\">Capacidade de E-L\u00edquido<\/strong>\u00a0e diversificados\u00a0<strong data-start=\"6894\" data-end=\"6918\">Sabores<\/strong> oferece tudo o que o cora\u00e7\u00e3o de um vaporizador deseja. Visite alfakher24h.de, a maior loja online para\u00a0<strong data-start=\"7038\" data-end=\"7073\">Vapes Descart\u00e1veis na Alemanha<\/strong>e pegue o seu\u00a0<strong data-start=\"7099\" data-end=\"7143\">Arymi IFun 28000 Z\u00fcge Einweg E Zigarette\n\n becomes \n\nArymi IFun 28000 Z\u00fcge Einweg E Zigarette<\/strong>\u00a0Ainda hoje!<\/p>","protected":false},"excerpt":{"rendered":"<p><strong data-start=\"6615\" data-end=\"6659\">Arymi IFun 28000 Z\u00fcge \n\n(Translation not required for this input as it seems to be a mix of brand\/model and a quantity\/measurement) \nArymi IFun 28000 Z\u00fcge <a href=\"https:\/\/alfakher24h.de\/pt\/\">Cigarra Eletr\u00f4nica Descart\u00e1vel<\/a><\/strong>\u00a0\u00e9 a escolha ideal para todos que procuram uma experi\u00eancia de vaporiza\u00e7\u00e3o potente, duradoura e de sabor excepcional.<\/p>","protected":false},"featured_media":1774,"comment_status":"open","ping_status":"closed","template":"","meta":{"om_disable_all_campaigns":false},"product_brand":[],"product_cat":[45],"product_tag":[],"class_list":{"0":"post-1773","1":"product","2":"type-product","3":"status-publish","4":"has-post-thumbnail","6":"product_cat-arymi-ifun-28000","8":"first","9":"outofstock","10":"shipping-taxable","11":"purchasable","12":"product-type-simple"},"_links":{"self":[{"href":"https:\/\/alfakher24h.de\/pt\/wp-json\/wp\/v2\/product\/1773","targetHints":{"allow":["GET"]}}],"collection":[{"href":"https:\/\/alfakher24h.de\/pt\/wp-json\/wp\/v2\/product"}],"about":[{"href":"https:\/\/alfakher24h.de\/pt\/wp-json\/wp\/v2\/types\/product"}],"replies":[{"embeddable":true,"href":"https:\/\/alfakher24h.de\/pt\/wp-json\/wp\/v2\/comments?post=1773"}],"wp:featuredmedia":[{"embeddable":true,"href":"https:\/\/alfakher24h.de\/pt\/wp-json\/wp\/v2\/media\/1774"}],"wp:attachment":[{"href":"https:\/\/alfakher24h.de\/pt\/wp-json\/wp\/v2\/media?parent=1773"}],"wp:term":[{"taxonomy":"product_brand","embeddable":true,"href":"https:\/\/alfakher24h.de\/pt\/wp-json\/wp\/v2\/product_brand?post=1773"},{"taxonomy":"product_cat","embeddable":true,"href":"https:\/\/alfakher24h.de\/pt\/wp-json\/wp\/v2\/product_cat?post=1773"},{"taxonomy":"product_tag","embeddable":true,"href":"https:\/\/alfakher24h.de\/pt\/wp-json\/wp\/v2\/product_tag?post=1773"}],"curies":[{"name":"wp","href":"https:\/\/api.w.org\/{rel}","templated":true}]}}