{"id":1769,"date":"2025-03-11T11:15:30","date_gmt":"2025-03-11T11:15:30","guid":{"rendered":"https:\/\/alfakher24h.de\/?post_type=product&#038;p=1769"},"modified":"2025-07-12T13:27:55","modified_gmt":"2025-07-12T13:27:55","slug":"httperror-response-code-429-too-many-requests-32","status":"publish","type":"product","link":"https:\/\/alfakher24h.de\/pt\/produto\/httperror-response-code-429-too-many-requests-32\/","title":{"rendered":"Arymi IFun 28000 Z\u00fcge Einweg E Zigarette \u2013 Raspberry Grape \u2013 Morango Drag\u00e3o Fruta"},"content":{"rendered":"<h2 data-start=\"0\" data-end=\"91\">Arymi IFun 28000 Z\u00fcge\u00a0Einweg E-Zigarette: O prazer definitivo para vapers na Alemanha<\/h2>\n<p data-start=\"93\" data-end=\"698\">A\u00a0<strong data-start=\"97\" data-end=\"141\">Arymi IFun 28000 Z\u00fcge Einweg E-Zigarette \nbecomes \nArymi IFun 28000 Z\u00fcge Einweg E-Zigarette \n\n No translation needed for numbers and brand names \n\nHowever ,  here is  translation for description \n\nbecomes \nArymi IFun 28000 puffs disposable E-cigarette<\/strong>\u00a0\u00e9 a escolha perfeita para todos que procuram uma experi\u00eancia de vaporiza\u00e7\u00e3o potente, duradoura e de excelente sabor. Na Alemanha, a demanda por cigarros eletr\u00f4nicos descart\u00e1veis de alta qualidade, especialmente aqueles com\u00a0<strong data-start=\"367\" data-end=\"378\">Nicotina<\/strong>nos \u00faltimos anos aumentou consideravelmente. Com a\u00a0<strong data-start=\"428\" data-end=\"448\">Arymi IFun 28000<\/strong>\u00a0Oferecemos-lhe um produto que n\u00e3o s\u00f3 pela sua consider\u00e1vel\u00a0<strong data-start=\"517\" data-end=\"532\">N\u00famero de Puffs<\/strong>\u00a0de at\u00e9\u00a0<strong data-start=\"544\" data-end=\"560\">28.000 trens<\/strong>mas tamb\u00e9m pela sua avan\u00e7ada\u00a0<strong data-start=\"604\" data-end=\"619\">Tecnologia<\/strong>,\u00a0<strong data-start=\"621\" data-end=\"646\">bateria de alta performance<\/strong>\u00a0e diversificados\u00a0<strong data-start=\"664\" data-end=\"688\">Sabores<\/strong>\u00a0suborna.<\/p>\n<p data-start=\"700\" data-end=\"954\">Se voc\u00ea tiver uma\u00a0<strong data-start=\"714\" data-end=\"736\">Cigarrinha eletr\u00f4nica descart\u00e1vel<\/strong>\u00a0procuram por algo que ofere\u00e7a mais do que os modelos convencionais, voc\u00ea est\u00e1 no lugar certo. Voc\u00ea pode\u00a0<strong data-start=\"831\" data-end=\"851\">Arymi IFun 28000<\/strong>\u00a0confort\u00e1vel\u00a0<strong data-start=\"859\" data-end=\"882\">em alfakher24h.de<\/strong>\u00a0comprar - a maior plataforma para\u00a0<strong data-start=\"918\" data-end=\"938\">vape descart\u00e1veis<\/strong>\u00a0na Alemanha.<\/p>\n<h3 data-start=\"956\" data-end=\"1013\">Descri\u00e7\u00e3o do produto: Potente e de longa dura\u00e7\u00e3o<\/h3>\n<p data-start=\"1015\" data-end=\"1464\">A\u00a0<strong data-start=\"1019\" data-end=\"1063\">Arymi IFun 28000 Z\u00fcge Einweg E-Zigarette \nbecomes \nArymi IFun 28000 Z\u00fcge Einweg E-Zigarette \n\n No translation needed for numbers and brand names \n\nHowever ,  here is  translation for description \n\nbecomes \nArymi IFun 28000 puffs disposable E-cigarette<\/strong>\u00a0\u00e9 um produto excepcional que supera todas as expectativas de um cigarro eletr\u00f4nico descart\u00e1vel. Com uma\u00a0<strong data-start=\"1166\" data-end=\"1198\">Capacidade de 28 ml de E-L\u00edquido<\/strong>\u00a0e um\u00a0<strong data-start=\"1209\" data-end=\"1234\">Teor de nicotina de 2 %<\/strong>\u00a0Oferece este modelo uma\u00a0<strong data-start=\"1261\" data-end=\"1285\">utiliza\u00e7\u00e3o a longo prazo<\/strong>\u00a0para vapers exigentes. Com\u00a0<strong data-start=\"1316\" data-end=\"1339\">at\u00e9 28.000 trens<\/strong>\u00a0\u00e9 um dos\u00a0<strong data-start=\"1357\" data-end=\"1382\">mais dur\u00e1veis<\/strong>\u00a0Produtos no mercado, o que o torna a escolha ideal para o uso di\u00e1rio.<\/p>\n<p data-start=\"1466\" data-end=\"1868\">A\u00a0<strong data-start=\"1470\" data-end=\"1490\">Arymi IFun 28000<\/strong>\u00a0oferece n\u00e3o apenas uma durabilidade impressionante, mas tamb\u00e9m uma\u00a0<strong data-start=\"1559\" data-end=\"1584\">f\u00e1cil de usar<\/strong>\u00a0Aplica\u00e7\u00e3o. Com um\u00a0<strong data-start=\"1606\" data-end=\"1641\">design simples e ergon\u00f4mico<\/strong>\u00a0\u00e9 particularmente amig\u00e1vel e confort\u00e1vel de manusear. Gra\u00e7as \u00e0\u00a0<strong data-start=\"1723\" data-end=\"1757\">Fun\u00e7\u00e3o de fluxo de ar ajust\u00e1vel<\/strong>\u00a0Voc\u00ea pode personalizar completamente o comportamento do dispositivo de acordo com suas prefer\u00eancias e desfrutar de uma experi\u00eancia de vaporiza\u00e7\u00e3o individualizada.<\/p>\n<h3 data-start=\"1870\" data-end=\"1932\">Caracter\u00edsticas do Arymi IFun 28000 cigarros eletr\u00f3nicos descart\u00e1veis<\/h3>\n<ul data-start=\"1934\" data-end=\"2943\">\n<li data-start=\"1934\" data-end=\"2089\"><strong data-start=\"1936\" data-end=\"1978\">Larga durabilidade (at\u00e9 28.000 tragadas)<\/strong>: Desfrute de uma experi\u00eancia prolongada de vaporiza\u00e7\u00e3o sem se preocupar com reabastecimentos frequentes.<\/li>\n<li data-start=\"2090\" data-end=\"2201\"><strong data-start=\"2092\" data-end=\"2120\">28 ml de capacidade de E-L\u00edquido<\/strong>: Oferece uma quantidade generosa de l\u00edquido para v\u00e1rias semanas de uso intensivo.<\/li>\n<li data-start=\"2202\" data-end=\"2311\"><strong data-start=\"2204\" data-end=\"2229\">2 1\/3% \nou \n2,33% \nou \n2,333...% \nse preferir \nmas \nse \ntraduzir \napenas \n2 1\/3 \ndeixa \ncomo \nest\u00e1 \n2 1\/3<\/strong>: Ideal para fumantes que dependem de um fornecimento de nicotina dosado de forma agrad\u00e1vel.<\/li>\n<li data-start=\"2312\" data-end=\"2454\"><strong data-start=\"2314\" data-end=\"2356\">Bateria de 600 mAh (recarreg\u00e1vel via Type-C)<\/strong>: Garante um desempenho uniforme e permite que o dispositivo seja facilmente carregado quando necess\u00e1rio.<\/li>\n<li data-start=\"2455\" data-end=\"2584\"><strong data-start=\"2457\" data-end=\"2501\">Bobina de Malha Premium (Bobina de Malha Dupla de 1,0 \u03a9)<\/strong>: Produz densas nuvens de vapor saborosas para uma experi\u00eancia de sabor intensa.<\/li>\n<li data-start=\"2585\" data-end=\"2700\"><strong data-start=\"2587\" data-end=\"2611\">Fluxo de ar ajust\u00e1vel<\/strong>: Permite o ajuste fino do fluxo de ar para uma produ\u00e7\u00e3o de vapor personalizada.<\/li>\n<li data-start=\"2701\" data-end=\"2835\"><strong data-start=\"2703\" data-end=\"2734\">Indica\u00e7\u00e3o de bateria e l\u00edquido<\/strong>: Com os indicadores pr\u00e1ticos, voc\u00ea saber\u00e1 a qualquer momento quanta energia e l\u00edquido ainda est\u00e3o dispon\u00edveis.<\/li>\n<li data-start=\"2836\" data-end=\"2943\"><strong data-start=\"2838\" data-end=\"2860\">Leve e compacto<\/strong>O dispositivo pesa apenas 120 g por unidade e \u00e9, portanto, particularmente pr\u00e1tico e port\u00e1til.<\/li>\n<\/ul>\n<p data-start=\"2945\" data-end=\"3095\"><strong data-start=\"2945\" data-end=\"2964\">Unidade de embalagem<\/strong>10 pe\u00e7as por caixa<br data-start=\"2982\" data-end=\"2985\" \/><strong data-start=\"2985\" data-end=\"3008\">Peso por embalagem<\/strong>: 120 g \/ unidade<br data-start=\"3023\" data-end=\"3026\" \/><strong data-start=\"3026\" data-end=\"3046\">Quantidade por caixa<\/strong>: 200 pe\u00e7as<br data-start=\"3057\" data-end=\"3060\" \/><strong data-start=\"3060\" data-end=\"3088\">Peso total por caixa<\/strong>: 25 kg<\/p>\n<h2 data-start=\"0\" data-end=\"71\"><img loading=\"lazy\" decoding=\"async\" class=\"alignnone wp-image-2302 size-full\" title=\"Arymi IFun 28000 Z\u00fcge Einweg E Zigarette - Framboesa Uva - Morango Drag\u00e3o Fruta 2\" src=\"https:\/\/alfakher24h.de\/wp-content\/uploads\/2025\/03\/all1.webp\" sizes=\"auto, (max-width: 904px) 100vw, 904px\" srcset=\"https:\/\/alfakher24h.de\/wp-content\/uploads\/2025\/03\/all1.webp 904w, https:\/\/alfakher24h.de\/wp-content\/uploads\/2025\/03\/all1-212x300.webp 212w, https:\/\/alfakher24h.de\/wp-content\/uploads\/2025\/03\/all1-723x1024.webp 723w, https:\/\/alfakher24h.de\/wp-content\/uploads\/2025\/03\/all1-768x1087.webp 768w, https:\/\/alfakher24h.de\/wp-content\/uploads\/2025\/03\/all1-8x12.webp 8w, https:\/\/alfakher24h.de\/wp-content\/uploads\/2025\/03\/all1-600x850.webp 600w\" alt=\"Arymi IFun 28000 Z\u00fcge Einweg E Zigarette - Framboesa Uva - Morango Drag\u00e3o Fruta\" width=\"904\" height=\"1280\" \/><\/h2>\n<hr data-start=\"4635\" data-end=\"4638\" \/>\n<h3 data-start=\"3097\" data-end=\"3143\">Sabores: Explos\u00e3o de sabor em cada tragada<\/h3>\n<p data-start=\"3145\" data-end=\"3568\">A\u00a0<strong data-start=\"3149\" data-end=\"3193\"><a href=\"https:\/\/alfakherwelt.de\/product-category\/arymi-ifun-28000\/\" target=\"_blank\" rel=\"noopener\">Arymi IFun 28000 Z\u00fcge \n\n(Translation not required for this input as it seems to be a mix of brand\/model and a quantity\/measurement) \nArymi IFun 28000 Z\u00fcge<\/a>\u00a0Cigarrinha eletr\u00f4nica descart\u00e1vel<\/strong>\u00a0oferece uma sele\u00e7\u00e3o impressionante de\u00a0<strong data-start=\"3232\" data-end=\"3256\">Sabores<\/strong>que t\u00eam algo para oferecer a cada vaper. Cada tragada traz uma explos\u00e3o de sabor que voc\u00ea n\u00e3o esquecer\u00e1 t\u00e3o cedo. As duas variantes mais populares s\u00e3o\u00a0<strong data-start=\"3426\" data-end=\"3444\">Amora-uva<\/strong>\u00a0e\u00a0<strong data-start=\"3449\" data-end=\"3473\">Morango-Pitaya<\/strong>, mas a sele\u00e7\u00e3o est\u00e1 crescendo constantemente. Aqui est\u00e1 uma descri\u00e7\u00e3o detalhada destes dois sabores:<\/p>\n<h4 data-start=\"3570\" data-end=\"3595\"><strong data-start=\"3575\" data-end=\"3593\">Amora-uva<\/strong><\/h4>\n<p data-start=\"3596\" data-end=\"4205\">Um mix saboroso de framboesas suculentas e uvas doces, que une o melhor de dois mundos. O sabor \u00e9 ao mesmo tempo doce e ligeiramente \u00e1cido e proporciona uma experi\u00eancia refrescante que seduz o paladar. A cada tragada, voc\u00ea desfruta da frescura natural e do sabor intenso destas duas frutas, que harmonizam perfeitamente. O sabor frutado e doce dura muito tempo e permanece inconfund\u00edvel a cada inala\u00e7\u00e3o. Ideal para todos que procuram um\u00a0<strong data-start=\"4069\" data-end=\"4103\">sabor frutado e doce<\/strong>\u00a0preferem e a nota fresca de\u00a0<strong data-start=\"4140\" data-end=\"4153\">Amoras<\/strong>\u00a0em combina\u00e7\u00e3o com a\u00a0<strong data-start=\"4177\" data-end=\"4197\">Do\u00e7ura de uvas<\/strong>\u00a0amar.<\/p>\n<h4 data-start=\"4207\" data-end=\"4238\"><strong data-start=\"4212\" data-end=\"4236\">Morango-Pitaya<\/strong><\/h4>\n<p data-start=\"4239\" data-end=\"4852\">Esta combina\u00e7\u00e3o re\u00fane a morango fresco e doce com o sabor ex\u00f3tico do\u00a0<strong data-start=\"4336\" data-end=\"4352\">Fruta do drag\u00e3o<\/strong>. A\u00a0<strong data-start=\"4358\" data-end=\"4374\">Fruta do drag\u00e3o<\/strong>tamb\u00e9m conhecida como Pitaya, tem uma nota suave e ligeiramente doce que combina perfeitamente com a frescura e intensidade do morango. O sabor n\u00e3o \u00e9 apenas frutado, mas tamb\u00e9m ligeiramente floral, o que torna o ch\u00e1 especialmente\u00a0<strong data-start=\"4599\" data-end=\"4611\">ex\u00f3tico<\/strong>\u00a0e\u00a0<strong data-start=\"4616\" data-end=\"4628\">vivo<\/strong>\u00a0Se voc\u00ea est\u00e1 procurando por um sabor de fruta intenso, mas n\u00e3o muito pesado, esta combina\u00e7\u00e3o certamente vai agradar. \u00c9 uma escolha ideal para vapers que\u00a0<strong data-start=\"4816\" data-end=\"4845\">Aromas doces e tropicais<\/strong>\u00a0gostar.<\/p>\n<p data-start=\"4854\" data-end=\"4918\"><strong data-start=\"4854\" data-end=\"4915\">Outras poss\u00edveis sabores (dispon\u00edveis futuramente)<\/strong>:<\/p>\n<ul data-start=\"4919\" data-end=\"5007\">\n<li data-start=\"4919\" data-end=\"4939\"><strong data-start=\"4921\" data-end=\"4937\">Mango-Papaya<\/strong><\/li>\n<li data-start=\"4940\" data-end=\"4961\"><strong data-start=\"4942\" data-end=\"4959\">Minze-Limette<\/strong><\/li>\n<li data-start=\"4962\" data-end=\"4987\"><strong data-start=\"4964\" data-end=\"4985\">Frutas tropicais<\/strong><\/li>\n<li data-start=\"4988\" data-end=\"5007\"><strong data-start=\"4990\" data-end=\"5007\">Creme de baunilha<\/strong><\/li>\n<\/ul>\n<h3 data-start=\"5009\" data-end=\"5082\">Por que voc\u00ea deve comprar o cigarro eletr\u00f4nico descart\u00e1vel Arymi IFun 28000 tragadas<\/h3>\n<ol data-start=\"5084\" data-end=\"5767\">\n<li data-start=\"5084\" data-end=\"5231\"><strong data-start=\"5087\" data-end=\"5104\">Longevidade<\/strong>: Com\u00a0<strong data-start=\"5110\" data-end=\"5126\">28.000 trens<\/strong>\u00a0Voc\u00ea tem a garantia de que o seu vape dura muito tempo. Voc\u00ea n\u00e3o precisa se preocupar constantemente com a compra de reposi\u00e7\u00e3o.<\/li>\n<li data-start=\"5232\" data-end=\"5340\"><strong data-start=\"5235\" data-end=\"5256\">Sabor premium<\/strong>: O\u00a0<strong data-start=\"5262\" data-end=\"5275\">Mesh Coil<\/strong>\u00a0garante um vapor intenso e saboroso em cada tragada.<\/li>\n<li data-start=\"5341\" data-end=\"5449\"><strong data-start=\"5344\" data-end=\"5367\">Manuseio simples<\/strong>: N\u00e3o reabaste\u00e7a, n\u00e3o recarregue (a menos que a bateria esteja vazia), simplesmente aproveite.<\/li>\n<li data-start=\"5450\" data-end=\"5620\"><strong data-start=\"5453\" data-end=\"5489\">Variadas nuances de sabor<\/strong>: Seja qual for - se voc\u00ea prefere sabores frutados, doces ou ex\u00f3ticos - os\u00a0<strong data-start=\"5559\" data-end=\"5579\">Arymi IFun 28000<\/strong>\u00a0tem algo para todos os gostos.<\/li>\n<li data-start=\"5621\" data-end=\"5767\"><strong data-start=\"5624\" data-end=\"5650\">For\u00e7a de nicotina perfeita<\/strong>Com 2 % de nicotina, voc\u00ea recebe uma dose agrad\u00e1vel de nicotina, ideal para fumantes e ex-fumantes.<\/li>\n<\/ol>\n<h3 data-start=\"5769\" data-end=\"5821\">Perguntas Frequentes sobre o Arymi IFun 28000 Z\u00fcge Cigarro Eletr\u00f4nico Descart\u00e1vel<\/h3>\n<p data-start=\"5823\" data-end=\"6066\"><strong data-start=\"5823\" data-end=\"5890\">1. Quantas tragadas dura o cigarro eletr\u00f4nico descart\u00e1vel Arymi IFun 28000?<\/strong><br data-start=\"5890\" data-end=\"5893\" \/>A\u00a0<strong data-start=\"5897\" data-end=\"5922\">Arymi IFun 28000 Z\u00fcge \n\n(Translation not required for this input as it seems to be a mix of brand\/model and a quantity\/measurement) \nArymi IFun 28000 Z\u00fcge<\/strong>\u00a0oferece\u00a0<strong data-start=\"5930\" data-end=\"5952\">at\u00e9 28.000 trens<\/strong>o que \u00e9 suficiente para uso di\u00e1rio por v\u00e1rias semanas ou meses, dependendo da frequ\u00eancia de uso.<\/p>\n<p data-start=\"6068\" data-end=\"6242\"><strong data-start=\"6068\" data-end=\"6121\">2. Quantas gramas de nicotina cont\u00eam os Arymi IFun 28000?<\/strong><br data-start=\"6121\" data-end=\"6124\" \/>O teor de nicotina \u00e9 de\u00a0<strong data-start=\"6150\" data-end=\"6157\">2 %<\/strong>que oferece um fornecimento moderado de nicotina, adequado para a maioria dos vapers.<\/p>\n<p data-start=\"6244\" data-end=\"6483\"><strong data-start=\"6244\" data-end=\"6309\">3. Preciso carregar a cigarro eletr\u00f4nico descart\u00e1vel Arymi IFun 28000?<\/strong><br data-start=\"6309\" data-end=\"6312\" \/>Sim, a bateria \u00e9\u00a0<strong data-start=\"6329\" data-end=\"6348\">recarreg\u00e1vel<\/strong>\u00a0sobre\u00a0<strong data-start=\"6354\" data-end=\"6364\">Type-C<\/strong>O acumulador dura para toda a vida \u00fatil do l\u00edquido, mas quando estiver descarregado, voc\u00ea pode recarreg\u00e1-lo facilmente.<\/p>\n<p data-start=\"6485\" data-end=\"6702\"><strong data-start=\"6485\" data-end=\"6527\">4. Posso ajustar a entrada de ar?<\/strong><br data-start=\"6527\" data-end=\"6530\" \/>Sim, a\u00a0<strong data-start=\"6538\" data-end=\"6563\">Arymi IFun 28000 Z\u00fcge \n\n(Translation not required for this input as it seems to be a mix of brand\/model and a quantity\/measurement) \nArymi IFun 28000 Z\u00fcge<\/strong>\u00a0disp\u00f5e de uma\u00a0<strong data-start=\"6582\" data-end=\"6606\">Fluxo de ar ajust\u00e1vel<\/strong>, com a qual voc\u00ea pode ajustar o fluxo de ar conforme desejado para otimizar a experi\u00eancia de vaporiza\u00e7\u00e3o.<\/p>\n<p data-start=\"6704\" data-end=\"6922\"><strong data-start=\"6704\" data-end=\"6751\">Onde posso comprar o Arymi IFun 28000?<\/strong><br data-start=\"6751\" data-end=\"6754\" \/>Sie k\u00f6nnen die\u00a0<strong data-start=\"6769\" data-end=\"6808\">Arymi IFun 28000 Einweg E-Zigarette \n\nbecomes \n\nArymi IFun 28000 Disposable E-Cigarette \n\n translation: \nArymi IFun 28000 Cigarro Eletr\u00f4nico Descart\u00e1vel<\/strong> Compre de forma conveniente e segura em alfakher24h.de - a maior plataforma para\u00a0<strong data-start=\"6886\" data-end=\"6906\">vape descart\u00e1veis<\/strong>\u00a0na Alemanha.<\/p>\n<h3 data-start=\"6924\" data-end=\"6933\">Conclus\u00e3o<\/h3>\n<p data-start=\"6935\" data-end=\"7461\" data-is-last-node=\"\">A\u00a0<strong data-start=\"6939\" data-end=\"6983\">Arymi IFun 28000 Z\u00fcge Einweg E-Zigarette \nbecomes \nArymi IFun 28000 Z\u00fcge Einweg E-Zigarette \n\n No translation needed for numbers and brand names \n\nHowever ,  here is  translation for description \n\nbecomes \nArymi IFun 28000 puffs disposable E-cigarette<\/strong>\u00a0\u00e9 mais do que apenas um vape comum - \u00e9 a escolha perfeita para todos que procuram um cigarro eletr\u00f4nico descart\u00e1vel duradouro, de alta qualidade e com sabor excepcional. Com sua\u00a0<strong data-start=\"7174\" data-end=\"7202\">not\u00e1vel n\u00famero de puffs<\/strong>o\u00a0<strong data-start=\"7208\" data-end=\"7245\">variadas nuances de sabor<\/strong>\u00a0e o\u00a0<strong data-start=\"7254\" data-end=\"7278\">manuseio simples<\/strong>\u00a0\u00e9 a escolha ideal para todos os vapers em\u00a0<strong data-start=\"7321\" data-end=\"7336\">Alemanha<\/strong>Compre hoje mesmo o seu\u00a0<strong data-start=\"7365\" data-end=\"7385\">Arymi IFun 28000<\/strong> em alfakher24h.de e experimente o Vaping em um n\u00edvel completamente novo!<\/p>","protected":false},"excerpt":{"rendered":"<p><strong data-start=\"6939\" data-end=\"6983\">Arymi IFun 28000 Z\u00fcge Einweg E-Zigarette \nbecomes \nArymi IFun 28000 Z\u00fcge Einweg E-Zigarette \n\n No translation needed for numbers and brand names \n\nHowever ,  here is  translation for description \n\nbecomes \nArymi IFun 28000 puffs disposable E-cigarette<\/strong>\u00a0\u00e9 mais do que apenas um vape comum - \u00e9 a escolha perfeita para todos que procuram um cigarro eletr\u00f4nico descart\u00e1vel duradouro, de alta qualidade e com sabor excepcional. Com sua\u00a0<strong data-start=\"7174\" data-end=\"7202\">not\u00e1vel n\u00famero de puffs<\/strong>,<\/p>","protected":false},"featured_media":1770,"comment_status":"open","ping_status":"closed","template":"","meta":{"om_disable_all_campaigns":false},"product_brand":[],"product_cat":[45],"product_tag":[],"class_list":{"0":"post-1769","1":"product","2":"type-product","3":"status-publish","4":"has-post-thumbnail","6":"product_cat-arymi-ifun-28000","8":"first","9":"outofstock","10":"shipping-taxable","11":"purchasable","12":"product-type-simple"},"_links":{"self":[{"href":"https:\/\/alfakher24h.de\/pt\/wp-json\/wp\/v2\/product\/1769","targetHints":{"allow":["GET"]}}],"collection":[{"href":"https:\/\/alfakher24h.de\/pt\/wp-json\/wp\/v2\/product"}],"about":[{"href":"https:\/\/alfakher24h.de\/pt\/wp-json\/wp\/v2\/types\/product"}],"replies":[{"embeddable":true,"href":"https:\/\/alfakher24h.de\/pt\/wp-json\/wp\/v2\/comments?post=1769"}],"wp:featuredmedia":[{"embeddable":true,"href":"https:\/\/alfakher24h.de\/pt\/wp-json\/wp\/v2\/media\/1770"}],"wp:attachment":[{"href":"https:\/\/alfakher24h.de\/pt\/wp-json\/wp\/v2\/media?parent=1769"}],"wp:term":[{"taxonomy":"product_brand","embeddable":true,"href":"https:\/\/alfakher24h.de\/pt\/wp-json\/wp\/v2\/product_brand?post=1769"},{"taxonomy":"product_cat","embeddable":true,"href":"https:\/\/alfakher24h.de\/pt\/wp-json\/wp\/v2\/product_cat?post=1769"},{"taxonomy":"product_tag","embeddable":true,"href":"https:\/\/alfakher24h.de\/pt\/wp-json\/wp\/v2\/product_tag?post=1769"}],"curies":[{"name":"wp","href":"https:\/\/api.w.org\/{rel}","templated":true}]}}