{"id":1766,"date":"2025-03-11T06:02:06","date_gmt":"2025-03-11T06:02:06","guid":{"rendered":"https:\/\/alfakher24h.de\/?post_type=product&#038;p=1766"},"modified":"2025-07-12T13:27:55","modified_gmt":"2025-07-12T13:27:55","slug":"httperror-response-code-429-too-many-requests-29","status":"publish","type":"product","link":"https:\/\/alfakher24h.de\/pt\/produto\/httperror-response-code-429-too-many-requests-29\/","title":{"rendered":"Arymi IFun 28000 Z\u00fcge Einweg E Zigarette \u2013 Minho de Gelo \u2013 Banana Milkshake"},"content":{"rendered":"<h2><a href=\"https:\/\/alfakher24h.de\/pt\/\">Arymi IFun 28000 Z\u00fcge Einweg E-Zigarette \n\nbecomes \n\nArymi IFun 28000 Z\u00fcge Disposable E-Cigarette<\/a>: A escolha definitiva para vaporizadores exigentes<\/h2>\n<div style=\"width: 848px;\" class=\"wp-video\"><video class=\"wp-video-shortcode\" id=\"video-1766-1\" width=\"848\" height=\"478\" preload=\"metadata\" controls=\"controls\"><source type=\"video\/mp4\" src=\"https:\/\/alfakher24h.de\/wp-content\/uploads\/2025\/03\/VID-20241031-WA0010.mp4?_=1\" \/><a href=\"https:\/\/alfakher24h.de\/wp-content\/uploads\/2025\/03\/VID-20241031-WA0010.mp4\">https:\/\/alfakher24h.de\/wp-content\/uploads\/2025\/03\/VID-20241031-WA0010.mp4<\/a><\/video><\/div>\n<p data-start=\"92\" data-end=\"802\">A\u00a0<strong data-start=\"96\" data-end=\"140\">Arymi IFun 28000 Z\u00fcge Einweg E Zigarette\n\n becomes \n\nArymi IFun 28000 Z\u00fcge Einweg E Zigarette<\/strong>\u00a0\u00e9 a solu\u00e7\u00e3o perfeita para todos que procuram uma experi\u00eancia de vaporiza\u00e7\u00e3o duradoura, f\u00e1cil de usar e saborosa. Com um impressionante n\u00famero de 28.000 tragadas, uma generosa capacidade de l\u00edquido eletr\u00f4nico e recursos inovadores, este produto oferece um desempenho excepcional que ir\u00e1 convenc\u00ea-lo. Neste artigo, voc\u00ea aprender\u00e1 tudo o que precisa saber sobre o\u00a0<strong data-start=\"509\" data-end=\"542\">Arymi IFun Cigarro Eletr\u00f4nico Descart\u00e1vel<\/strong>\u00a0devem saber, desde as caracter\u00edsticas not\u00e1veis at\u00e9 uma descri\u00e7\u00e3o detalhada dos sabores. Compre o seu\u00a0<strong data-start=\"678\" data-end=\"700\">Cigarra Eletr\u00f4nica Descart\u00e1vel<\/strong> diretamente em \/alfakher24h.de, a maior plataforma de vendas online de vaporizadores descart\u00e1veis na Alemanha.<\/p>\n<hr data-start=\"804\" data-end=\"807\" \/>\n<h3 data-start=\"809\" data-end=\"886\"><strong data-start=\"812\" data-end=\"886\">Por que a Arymi IFun 28000 Zug <a href=\"https:\/\/alfakher24h.de\/pt\/\">Cigarra Eletr\u00f4nica Descart\u00e1vel<\/a> Sua primeira escolha \u00e9<\/strong><\/h3>\n<p data-start=\"888\" data-end=\"1358\">A\u00a0<strong data-start=\"892\" data-end=\"936\">Arymi IFun 28000 Z\u00fcge Einweg E Zigarette\n\n becomes \n\nArymi IFun 28000 Z\u00fcge Einweg E Zigarette<\/strong>\u00a0Foi desenvolvido com um objetivo claro: oferecer uma experi\u00eancia de vaporiza\u00e7\u00e3o de alta qualidade, duradoura e vers\u00e1til. Seja voc\u00ea um iniciante ou um vaporizador experiente, este dispositivo superar\u00e1 suas expectativas. A combina\u00e7\u00e3o de um grande n\u00famero de tragadas e tecnologia de bobina de malha de primeira classe garante um vaporiza\u00e7\u00e3o intensa e consistente, fazendo com que voc\u00ea aproveite cada segundo.<\/p>\n<h3><strong data-start=\"1364\" data-end=\"1426\">Principais caracter\u00edsticas dos cigarros eletr\u00f3nicos descart\u00e1veis Arymi IFun 28000<\/strong><\/h3>\n<ul data-start=\"1428\" data-end=\"2738\">\n<li data-start=\"1428\" data-end=\"1602\"><strong data-start=\"1430\" data-end=\"1465\">N\u00famero m\u00e1ximo de viagens: 28.000 trens<\/strong>: Com um n\u00famero excepcionalmente alto de tragadas, este cigarro eletr\u00f4nico descart\u00e1vel oferece uma das maiores possibilidades de uso no mercado.<\/li>\n<li data-start=\"1603\" data-end=\"1742\"><strong data-start=\"1605\" data-end=\"1640\">Grande capacidade de E-Liquid: 28 ml<\/strong>: O tanque de l\u00edquido de 28 ml garante que voc\u00ea possa vaporizar por mais tempo sem precisar reabastecer.<\/li>\n<li data-start=\"1743\" data-end=\"1906\"><strong data-start=\"1745\" data-end=\"1770\">Teor de nicotina de 2 %<\/strong>Ideal para quem deseja o mesmo teor de nicotina de um cigarro tradicional, mas com os benef\u00edcios da vaporiza\u00e7\u00e3o.<\/li>\n<li data-start=\"1907\" data-end=\"2050\"><strong data-start=\"1909\" data-end=\"1938\">Akku: 600 mAh Pure Cobalt<\/strong>: A bateria potente garante um desempenho constante que n\u00e3o diminui mesmo durante longas sess\u00f5es de vapor.<\/li>\n<li data-start=\"2051\" data-end=\"2252\"><strong data-start=\"2053\" data-end=\"2099\">Bobina Mesh Premium com 1.0 \u03a9 Bobina Mesh Dupla<\/strong>:A tecnologia inovadora de bobina de malha garante uma evapora\u00e7\u00e3o uniforme do l\u00edquido e, portanto, um sabor intenso e uma produ\u00e7\u00e3o de vapor densa.<\/li>\n<li data-start=\"2253\" data-end=\"2412\"><strong data-start=\"2255\" data-end=\"2282\">Fluxo de ar ajust\u00e1vel<\/strong>: Ajuste o fluxo de ar de acordo com suas prefer\u00eancias para personalizar sua experi\u00eancia de vaporiza\u00e7\u00e3o e desfrutar do trago perfeito.<\/li>\n<li data-start=\"2413\" data-end=\"2587\"><strong data-start=\"2415\" data-end=\"2451\">Indicador de bateria e l\u00edquido eletr\u00f4nico<\/strong>: Mantenha-se informado sobre o status da bateria e a quantidade de l\u00edquido para garantir que voc\u00ea sempre tenha energia e l\u00edquido suficientes.<\/li>\n<li data-start=\"2588\" data-end=\"2738\"><strong data-start=\"2590\" data-end=\"2616\">Manuseio confort\u00e1vel<\/strong>O dispositivo \u00e9 leve, f\u00e1cil de manusear e pronto para uso imediato, sem que voc\u00ea precise se preocupar com configura\u00e7\u00f5es adicionais.<\/li>\n<\/ul>\n<hr data-start=\"2740\" data-end=\"2743\" \/>\n<h3 data-start=\"2745\" data-end=\"2804\"><strong data-start=\"2748\" data-end=\"2804\">Sabores do Arymi IFun 28000 Puffs Cigarro Eletr\u00f4nico Descart\u00e1vel<\/strong><\/h3>\n<h4 data-start=\"2806\" data-end=\"2822\"><strong data-start=\"2810\" data-end=\"2822\">Mint Ice<\/strong><\/h4>\n<p data-start=\"2824\" data-end=\"3278\">O\u00a0<strong data-start=\"2828\" data-end=\"2840\">Mint Ice<\/strong>O sabor \u00e9 perfeito para todos os amantes de experi\u00eancias de vaporiza\u00e7\u00e3o refrescantes e agrad\u00e1veis. Esta combina\u00e7\u00e3o de sabores de hortel\u00e3 fresca e um toque gelado proporciona um refrescamento imediato. A frescura natural da hortel\u00e3, combinada com uma nota de cristal de gelo frio, proporciona uma experi\u00eancia intensa e agrad\u00e1vel que nunca \u00e9 excessiva. Perfeito para come\u00e7ar o dia ou para desfrutar de um momento refrescante de vaporiza\u00e7\u00e3o a qualquer momento.<\/p>\n<h4 data-start=\"3280\" data-end=\"3304\"><strong data-start=\"3284\" data-end=\"3304\">Banana Milkshake<\/strong><\/h4>\n<p data-start=\"3306\" data-end=\"3763\">O\u00a0<strong data-start=\"3310\" data-end=\"3330\">Banana Milkshake<\/strong>O sabor \u00e9 uma combina\u00e7\u00e3o atraente de bananas doces e uma nota cremosa de milkshake. Este sabor lembra um cl\u00e1ssico milkshake de banana fresco, direto da barraca. A textura cremosa proporciona uma experi\u00eancia de vaporiza\u00e7\u00e3o suave e agrad\u00e1vel, que \u00e9 ao mesmo tempo doce e satisfat\u00f3ria. Para aqueles que procuram uma op\u00e7\u00e3o doce, mas n\u00e3o muito pesada, este sabor \u00e9 uma escolha excelente.<\/p>\n<h2 data-start=\"0\" data-end=\"107\"><img loading=\"lazy\" decoding=\"async\" class=\"alignnone wp-image-2299 size-full\" title=\"Arymi IFun 28000 Z\u00fcge Einweg E Zigarette - Mint Ice - Banana Milkshake 2 becomes Arymi IFun 28000 Z\u00fcge Einweg E Zigarette - Mint Ice - Banana Milkshake 2\" src=\"https:\/\/alfakher24h.de\/wp-content\/uploads\/2025\/03\/arymi-hookalit-2.webp\" sizes=\"auto, (max-width: 1077px) 100vw, 1077px\" srcset=\"https:\/\/alfakher24h.de\/wp-content\/uploads\/2025\/03\/arymi-hookalit-2.webp 1077w, https:\/\/alfakher24h.de\/wp-content\/uploads\/2025\/03\/arymi-hookalit-2-300x284.webp 300w, https:\/\/alfakher24h.de\/wp-content\/uploads\/2025\/03\/arymi-hookalit-2-1024x970.webp 1024w, https:\/\/alfakher24h.de\/wp-content\/uploads\/2025\/03\/arymi-hookalit-2-768x727.webp 768w, https:\/\/alfakher24h.de\/wp-content\/uploads\/2025\/03\/arymi-hookalit-2-13x12.webp 13w, https:\/\/alfakher24h.de\/wp-content\/uploads\/2025\/03\/arymi-hookalit-2-600x568.webp 600w\" alt=\"Arymi IFun 28000 Z\u00fcge Einweg E Zigarette - Mint Ice - Banana Milkshake becomes Arymi IFun 28000 Z\u00fcge Einweg E Zigarette - Mint Ice - Banana Milkshake\" width=\"1077\" height=\"1020\" \/><\/h2>\n<h3 data-start=\"3770\" data-end=\"3840\"><strong data-start=\"3773\" data-end=\"3840\">Vantagens de comprar o Arymi IFun 28000 Puffs Cigarro Eletr\u00f4nico Descart\u00e1vel<\/strong><\/h3>\n<ul data-start=\"3842\" data-end=\"4862\">\n<li data-start=\"3842\" data-end=\"4043\"><strong data-start=\"3844\" data-end=\"3871\">Uso prolongado<\/strong>: Com 28.000 movimentos, este produto oferece uma vida \u00fatil excepcionalmente longa e \u00e9 ideal para uso di\u00e1rio sem precisar ser substitu\u00eddo ap\u00f3s um curto per\u00edodo.<\/li>\n<li data-start=\"4044\" data-end=\"4298\"><strong data-start=\"4046\" data-end=\"4078\">N\u00e3o \u00e9 necess\u00e1rio reabastecer<\/strong>Como se trata de um cigarro eletr\u00f4nico descart\u00e1vel, voc\u00ea n\u00e3o precisa se preocupar em reabastecer o l\u00edquido. Assim que a bateria ou o l\u00edquido acabar, voc\u00ea pode simplesmente descartar o dispositivo e usar um novo.<\/li>\n<li data-start=\"4299\" data-end=\"4470\"><strong data-start=\"4301\" data-end=\"4324\">Manuseio simples<\/strong>: Nenhum setup complicado necess\u00e1rio. Abra a embalagem e comece a vaporizar imediatamente - perfeito para iniciantes e pessoas ocupadas.<\/li>\n<li data-start=\"4471\" data-end=\"4653\"><strong data-start=\"4473\" data-end=\"4498\">Perfekte Portabilit\u00e4t<\/strong>: Compacto e leve, o Arymi IFun pode ser facilmente guardado na sua bolsa ou mochila, permitindo que voc\u00ea o aproveite a qualquer hora e em qualquer lugar.<\/li>\n<li data-start=\"4654\" data-end=\"4862\"><strong data-start=\"4656\" data-end=\"4692\">Variadas nuances de sabor<\/strong>Com uma sele\u00e7\u00e3o de deliciosos sabores que variam desde frescos toques de hortel\u00e3 at\u00e9 doces cria\u00e7\u00f5es de frutas cremosas, h\u00e1 algo para todos os gostos.<\/li>\n<\/ul>\n<hr data-start=\"4864\" data-end=\"4867\" \/>\n<h3 data-start=\"4869\" data-end=\"4965\"><strong data-start=\"4872\" data-end=\"4965\">Por que voc\u00ea deve comprar o Arymi IFun 28000 Z\u00fcge Descart\u00e1vel E Zigarette em \/alfakher24h.de<\/strong><\/h3>\n<p data-start=\"4967\" data-end=\"5318\"><strong data-start=\"4967\" data-end=\"4986\">\/alfakher24h.de Alfakherwelt.de<\/strong>\u00a0\u00e9 a maior plataforma online para a compra de\u00a0<strong data-start=\"5036\" data-end=\"5059\">Cigarros eletr\u00f4nicos descart\u00e1veis<\/strong>\u00a0na Alemanha e oferece-lhe uma enorme sele\u00e7\u00e3o de produtos de vaporiza\u00e7\u00e3o. O nosso site foi concebido para garantir n\u00e3o s\u00f3 uma entrega r\u00e1pida e segura, mas tamb\u00e9m uma experi\u00eancia de compra f\u00e1cil e amig\u00e1vel.<\/p>\n<h3><strong data-start=\"5324\" data-end=\"5350\">Por que alfakher24h.de?<\/strong><\/h3>\n<ul data-start=\"5351\" data-end=\"5879\">\n<li data-start=\"5351\" data-end=\"5527\"><strong data-start=\"5353\" data-end=\"5370\">Grande sele\u00e7\u00e3o<\/strong>Oferecemos uma ampla sele\u00e7\u00e3o de\u00a0<strong data-start=\"5412\" data-end=\"5435\">Cigarros eletr\u00f4nicos descart\u00e1veis<\/strong>incluso os\u00a0<strong data-start=\"5456\" data-end=\"5481\">Arymi IFun 28000 Z\u00fcge \n\n(Translation not required for this input as it seems to be a mix of brand\/model and a quantity\/measurement) \nArymi IFun 28000 Z\u00fcge<\/strong>para que voc\u00ea possa encontrar os melhores produtos.<\/li>\n<li data-start=\"5528\" data-end=\"5649\"><strong data-start=\"5530\" data-end=\"5552\">Entrega r\u00e1pida<\/strong>: Beneficie de entrega r\u00e1pida para que possa desfrutar dos seus vapes sem demora.<\/li>\n<li data-start=\"5650\" data-end=\"5755\"><strong data-start=\"5652\" data-end=\"5672\">Compra segura<\/strong>Seus dados est\u00e3o seguros conosco e garantimos um pagamento sem problemas.<\/li>\n<li data-start=\"5756\" data-end=\"5879\"><strong data-start=\"5758\" data-end=\"5780\">Ofertas Exclusivas<\/strong>Como uma plataforma l\u00edder, oferecemos regularmente ofertas e descontos exclusivos para nossos clientes.<\/li>\n<\/ul>\n<hr data-start=\"5881\" data-end=\"5884\" \/>\n<h3 data-start=\"5886\" data-end=\"5952\"><strong data-start=\"5889\" data-end=\"5952\">Perguntas frequentes sobre <a href=\"https:\/\/alfakher24h.de\/pt\/\">Arymi<\/a> IFun 28000 Z\u00fcge Einweg E Zigarette \nse torna \nIFun 28000 tragadas Cigarro eletr\u00f4nico descart\u00e1vel<\/strong><\/h3>\n<h3 data-start=\"5954\" data-end=\"6031\"><strong data-start=\"5958\" data-end=\"6031\">Quanto tempo dura a bateria do Arymi IFun 28000 tragadas Cigarro eletr\u00f4nico descart\u00e1vel?<\/strong><\/h3>\n<p data-start=\"6033\" data-end=\"6232\">A bateria do\u00a0<strong data-start=\"6046\" data-end=\"6060\">Arymi IFun<\/strong>\u00a0Tem uma capacidade de 600 mAh e oferece pot\u00eancia suficiente para suportar os 28.000 puffs completos. Ele \u00e9 projetado para durar muito tempo, mesmo com uso intensivo.<\/p>\n<h3 data-start=\"6234\" data-end=\"6289\"><strong data-start=\"6238\" data-end=\"6289\">Quantas vezes preciso reabastecer o recipiente de l\u00edquido?<\/strong><\/h3>\n<p data-start=\"6291\" data-end=\"6494\">A\u00a0<strong data-start=\"6295\" data-end=\"6339\">Arymi IFun 28000 Z\u00fcge Einweg E Zigarette\n\n becomes \n\nArymi IFun 28000 Z\u00fcge Einweg E Zigarette<\/strong>\u00a0\u00e9 um produto descart\u00e1vel e n\u00e3o precisa ser recarregado. Assim que o l\u00edquido acabar, voc\u00ea pode descartar o cigarro eletr\u00f4nico e usar um novo.<\/p>\n<h3 data-start=\"6496\" data-end=\"6539\"><strong data-start=\"6500\" data-end=\"6539\">Posso ajustar a entrada de ar?<\/strong><\/h3>\n<p data-start=\"6541\" data-end=\"6751\">Sim, a\u00a0<strong data-start=\"6549\" data-end=\"6593\">Arymi IFun 28000 Z\u00fcge Einweg E Zigarette\n\n becomes \n\nArymi IFun 28000 Z\u00fcge Einweg E Zigarette<\/strong>\u00a0possui um suprimento de ar ajust\u00e1vel, permitindo que voc\u00ea personalize o fluxo de ar de acordo com suas prefer\u00eancias, proporcionando uma experi\u00eancia de vaporiza\u00e7\u00e3o personalizada.<\/p>\n<h3 data-start=\"6753\" data-end=\"6803\"><strong data-start=\"6757\" data-end=\"6803\">O produto est\u00e1 dispon\u00edvel na Alemanha?<\/strong><\/h3>\n<p data-start=\"6805\" data-end=\"6961\">Sim, a\u00a0<strong data-start=\"6813\" data-end=\"6857\">Arymi IFun 28000 Z\u00fcge Einweg E Zigarette\n\n becomes \n\nArymi IFun 28000 Z\u00fcge Einweg E Zigarette<\/strong> est dispon\u00edvel na Alemanha e pode ser facilmente adquirido atrav\u00e9s do nosso site\/ <a href=\"https:\/\/alfakher24h.de\/pt\/\">alfakher24h.de<\/a>\u00a0ser encomendado.<\/p>\n<hr data-start=\"6963\" data-end=\"6966\" \/>\n<p data-start=\"6968\" data-end=\"7202\" data-is-last-node=\"\">Com a\u00a0<strong data-start=\"6976\" data-end=\"7020\">Arymi IFun 28000 Z\u00fcge \n\n(Translation not required for this input as it seems to be a mix of brand\/model and a quantity\/measurement) \nArymi IFun 28000 Z\u00fcge <a href=\"https:\/\/alfakher24h.de\/pt\/\">Cigarra Eletr\u00f4nica Descart\u00e1vel<\/a><\/strong> Decida-se por uma experi\u00eancia de vaporiza\u00e7\u00e3o de alta qualidade, duradoura e saborosa. Ordene j\u00e1 em \/alfakher24h.de e desfrute do futuro da vaporiza\u00e7\u00e3o!<\/p>","protected":false},"excerpt":{"rendered":"<p>Com a\u00a0<strong data-start=\"6976\" data-end=\"7020\">Arymi IFun 28000 Z\u00fcge \n\n(Translation not required for this input as it seems to be a mix of brand\/model and a quantity\/measurement) \nArymi IFun 28000 Z\u00fcge <a href=\"https:\/\/alfakher24h.de\/pt\/\">Cigarra Eletr\u00f4nica Descart\u00e1vel<\/a><\/strong> Decida-se por uma experi\u00eancia de vaporiza\u00e7\u00e3o de alta qualidade, duradoura e saborosa. Ordene j\u00e1 em \/alfakher24h.de e desfrute do futuro da vaporiza\u00e7\u00e3o!<\/p>","protected":false},"featured_media":1767,"comment_status":"open","ping_status":"closed","template":"","meta":{"om_disable_all_campaigns":false},"product_brand":[],"product_cat":[45],"product_tag":[],"class_list":{"0":"post-1766","1":"product","2":"type-product","3":"status-publish","4":"has-post-thumbnail","6":"product_cat-arymi-ifun-28000","8":"first","9":"outofstock","10":"shipping-taxable","11":"purchasable","12":"product-type-simple"},"_links":{"self":[{"href":"https:\/\/alfakher24h.de\/pt\/wp-json\/wp\/v2\/product\/1766","targetHints":{"allow":["GET"]}}],"collection":[{"href":"https:\/\/alfakher24h.de\/pt\/wp-json\/wp\/v2\/product"}],"about":[{"href":"https:\/\/alfakher24h.de\/pt\/wp-json\/wp\/v2\/types\/product"}],"replies":[{"embeddable":true,"href":"https:\/\/alfakher24h.de\/pt\/wp-json\/wp\/v2\/comments?post=1766"}],"wp:featuredmedia":[{"embeddable":true,"href":"https:\/\/alfakher24h.de\/pt\/wp-json\/wp\/v2\/media\/1767"}],"wp:attachment":[{"href":"https:\/\/alfakher24h.de\/pt\/wp-json\/wp\/v2\/media?parent=1766"}],"wp:term":[{"taxonomy":"product_brand","embeddable":true,"href":"https:\/\/alfakher24h.de\/pt\/wp-json\/wp\/v2\/product_brand?post=1766"},{"taxonomy":"product_cat","embeddable":true,"href":"https:\/\/alfakher24h.de\/pt\/wp-json\/wp\/v2\/product_cat?post=1766"},{"taxonomy":"product_tag","embeddable":true,"href":"https:\/\/alfakher24h.de\/pt\/wp-json\/wp\/v2\/product_tag?post=1766"}],"curies":[{"name":"wp","href":"https:\/\/api.w.org\/{rel}","templated":true}]}}