{"id":1764,"date":"2025-03-11T05:50:34","date_gmt":"2025-03-11T05:50:34","guid":{"rendered":"https:\/\/alfakher24h.de\/?post_type=product&#038;p=1764"},"modified":"2025-07-12T13:27:55","modified_gmt":"2025-07-12T13:27:55","slug":"httperror-response-code-429-too-many-requests-28","status":"publish","type":"product","link":"https:\/\/alfakher24h.de\/pt\/produto\/httperror-response-code-429-too-many-requests-28\/","title":{"rendered":"Arymi IFun 28000 Z\u00fcge Einweg E Zigarette \u2013 Lush Ice \u2013 Kiwi Passion Fruit Guava\n\n becomes \n\nArymi IFun 28000 Z\u00fcge Einweg E Zigarette \u2013 Lush Ice \u2013 Kiwi Passion Fruit Guava \n\n No translation needed for brand and product names \n\n Arymi IFun 28000 Z\u00fcge Einweg E Zigarette \u2013 Lush Ice \u2013 Kiwi Passion Fruit Guava \n\n Actual translation for description \n\n Arymi IFun 28000 tragadas Descart\u00e1vel Cigarro eletr\u00f4nico - Lush Ice - Kiwi Maracuj\u00e1 Goiaba"},"content":{"rendered":"<h2 data-start=\"0\" data-end=\"121\"><strong data-start=\"0\" data-end=\"121\"><a href=\"https:\/\/alfakher24h.de\/pt\/\">Arymi IFun 28000 Z\u00fcge Einweg E-Zigarette \n\nbecomes \n\nArymi IFun 28000 Z\u00fcge Disposable E-Cigarette \n\n Arymi IFun 28000 disposable e-cigarette<\/a>: Sua escolha definitiva para uma experi\u00eancia de vaporiza\u00e7\u00e3o incompar\u00e1vel na Alemanha<\/strong><\/h2>\n<div style=\"width: 848px;\" class=\"wp-video\"><video class=\"wp-video-shortcode\" id=\"video-1764-1\" width=\"848\" height=\"478\" preload=\"metadata\" controls=\"controls\"><source type=\"video\/mp4\" src=\"https:\/\/alfakher24h.de\/wp-content\/uploads\/2025\/03\/VID-20241031-WA0010.mp4?_=1\" \/><a href=\"https:\/\/alfakher24h.de\/wp-content\/uploads\/2025\/03\/VID-20241031-WA0010.mp4\">https:\/\/alfakher24h.de\/wp-content\/uploads\/2025\/03\/VID-20241031-WA0010.mp4<\/a><\/video><\/div>\n<h3 data-start=\"123\" data-end=\"137\"><strong data-start=\"123\" data-end=\"137\">Introdu\u00e7\u00e3o<\/strong><\/h3>\n<p data-start=\"139\" data-end=\"767\">No mundo dos cigarros eletr\u00f4nicos descart\u00e1veis, oferece a\u00a0<strong data-start=\"186\" data-end=\"211\">Arymi IFun 28000 Z\u00fcge \n\n(Translation not required for this input as it seems to be a mix of brand\/model and a quantity\/measurement) \nArymi IFun 28000 Z\u00fcge<\/strong>\u00a0Um\u9ad4\u9a57 de vape excepcional que supera todas as expectativas. Com um n\u00famero impressionante de at\u00e9\u00a0<strong data-start=\"345\" data-end=\"361\">28.000 trens<\/strong>\u00a0e uma capacidade de liquidez de primeira classe de\u00a0<strong data-start=\"406\" data-end=\"415\">28 ml<\/strong>\u00e9 o cigarro eletr\u00f4nico descart\u00e1vel ideal para vapers que buscam uma experi\u00eancia longa, saborosa e satisfat\u00f3ria. Seja voc\u00ea um vaper experiente ou um novato, o\u00a0<strong data-start=\"607\" data-end=\"627\">Arymi IFun 28000<\/strong>\u00a0oferecer\u00e1 um vaping incompar\u00e1vel que n\u00e3o s\u00f3 satisfaz a sua sede de nicotina, mas tamb\u00e9m pamonha os seus bot\u00f5es gustativos.<\/p>\n<p data-start=\"769\" data-end=\"831\"><strong data-start=\"769\" data-end=\"831\">Por que escolher o cigarro eletr\u00f4nico descart\u00e1vel Arymi IFun 28000 tragadas?<\/strong><\/p>\n<p data-start=\"833\" data-end=\"1299\">A\u00a0<strong data-start=\"837\" data-end=\"881\">Arymi IFun 28000 Z\u00fcge Einweg E-Zigarette \nbecomes \nArymi IFun 28000 Z\u00fcge Einweg E-Zigarette \n\n No translation needed for numbers and brand names \n\nHowever ,  here is  translation for description \n\nbecomes \nArymi IFun 28000 puffs disposable E-cigarette<\/strong>\u00a0oferece n\u00e3o apenas um alto n\u00famero de puffs, mas tamb\u00e9m uma s\u00e9rie de caracter\u00edsticas que otimizam todo o processo de vaporiza\u00e7\u00e3o. \u00c9 a escolha perfeita para todos aqueles que est\u00e3o procurando por uma\u00a0<strong data-start=\"1072\" data-end=\"1087\">pr\u00e1ticos<\/strong>,\u00a0<strong data-start=\"1089\" data-end=\"1104\">de longa dura\u00e7\u00e3o<\/strong>\u00a0e\u00a0<strong data-start=\"1109\" data-end=\"1137\">intenso sabor<\/strong> As op\u00e7\u00f5es s\u00e3o. Aqui est\u00e1 o porqu\u00ea voc\u00ea deve comprar este produto na alfakher24h.de, a maior loja online de cigarros eletr\u00f4nicos descart\u00e1veis na Alemanha:<\/p>\n<h3 data-start=\"1301\" data-end=\"1367\"><strong data-start=\"1305\" data-end=\"1367\">Hauptmerkmale der\u00a0<a href=\"https:\/\/alfakher24h.de\/pt\/\">Arymi<\/a> IFun 28000 Z\u00fcge \n\n becomes \n\nIFun 28000 trens\u00a0<a href=\"https:\/\/alfakher24h.de\/pt\/\">Cigarrinha eletr\u00f4nica descart\u00e1vel<\/a><\/strong><\/h3>\n<ul data-start=\"1369\" data-end=\"3175\">\n<li data-start=\"1369\" data-end=\"1690\">\n<p data-start=\"1371\" data-end=\"1690\"><strong data-start=\"1371\" data-end=\"1414\">Incr\u00edvel quantidade de 28.000 tragadas<\/strong>Com um n\u00famero t\u00e3o alto de tragadas, o Arymi IFun est\u00e1 entre os cigarros eletr\u00f4nicos descart\u00e1veis mais dur\u00e1veis e potentes do mercado. Esses puffs duram mais tempo e oferecem uma experi\u00eancia de vaporiza\u00e7\u00e3o consistentemente satisfat\u00f3ria, ideal para uso di\u00e1rio.<\/p>\n<\/li>\n<li data-start=\"1694\" data-end=\"1889\">\n<p data-start=\"1696\" data-end=\"1889\"><strong data-start=\"1696\" data-end=\"1731\">Grande capacidade l\u00edquida de 28 ml<\/strong>: A\u00a0<strong data-start=\"1737\" data-end=\"1765\">28 ml de capacidade de E-L\u00edquido<\/strong>\u00a0garante que voc\u00ea n\u00e3o precise reabastecer constantemente. Ideal para vapers que preferem sess\u00f5es longas sem interrup\u00e7\u00e3o.<\/p>\n<\/li>\n<li data-start=\"1891\" data-end=\"2169\">\n<p data-start=\"1893\" data-end=\"2169\"><strong data-start=\"1893\" data-end=\"1914\">2 % teor de nicotina<\/strong>: O\u00a0<strong data-start=\"1920\" data-end=\"1945\">2 1\/3% \nou \n2,33% \nou \n2,333...% \nse preferir \nmas \nse \ntraduzir \napenas \n2 1\/3 \ndeixa \ncomo \nest\u00e1 \n2 1\/3<\/strong>\u00a0garante o equil\u00edbrio perfeito para atender \u00e0 necessidade de nicotina sem afetar o sabor.\u00a0<strong data-start=\"2057\" data-end=\"2068\">Nicotina<\/strong>A entrada \u00e9 intensa, mas agrad\u00e1vel, permitindo que voc\u00ea aproveite ao m\u00e1ximo cada inala\u00e7\u00e3o.<\/p>\n<\/li>\n<li data-start=\"2171\" data-end=\"2420\">\n<p data-start=\"2173\" data-end=\"2420\"><strong data-start=\"2173\" data-end=\"2208\">Bateria potente com 600 mAh<\/strong>: A\u00a0<strong data-start=\"2214\" data-end=\"2246\">600 mAh Bateria de Cobalto Puro<\/strong>\u00a0garante um desempenho est\u00e1vel e duradouro. Com a possibilidade de\u00a0<strong data-start=\"2323\" data-end=\"2346\">Tipo-C-Carregamento<\/strong>\u00a0pode garantir que o seu cigarro eletr\u00f3nico est\u00e1 sempre pronto a funcionar.<\/p>\n<\/li>\n<li data-start=\"2422\" data-end=\"2608\">\n<p data-start=\"2424\" data-end=\"2608\"><strong data-start=\"2424\" data-end=\"2445\">Bobina Mesh Premium<\/strong>: O\u00a0<strong data-start=\"2451\" data-end=\"2475\">1,0 \u03a9 Bobina Dupla Malha<\/strong>\u00a0oferece uma excelente produ\u00e7\u00e3o de vapor e intensifica o sabor do e-l\u00edquido, proporcionando uma experi\u00eancia de vaporiza\u00e7\u00e3o luxuosa.<\/p>\n<\/li>\n<li data-start=\"2610\" data-end=\"2789\">\n<p data-start=\"2612\" data-end=\"2789\"><strong data-start=\"2612\" data-end=\"2636\">Fluxo de ar ajust\u00e1vel<\/strong>: A ajust\u00e1vel\u00a0<strong data-start=\"2655\" data-end=\"2666\">Airflow<\/strong>A fun\u00e7\u00e3o permite que voc\u00ea ajuste a resist\u00eancia do controle de acordo com suas prefer\u00eancias, para personalizar sua experi\u00eancia de vaporiza\u00e7\u00e3o.<\/p>\n<\/li>\n<li data-start=\"2791\" data-end=\"3029\">\n<p data-start=\"2793\" data-end=\"3029\"><strong data-start=\"2793\" data-end=\"2845\">Indicadores pr\u00e1ticos para bateria e e-l\u00edquido<\/strong>Com as pr\u00e1ticas\u00a0<strong data-start=\"2867\" data-end=\"2905\">Indicadores de bateria e e-l\u00edquido<\/strong>\u00a0Mantenha-se sempre informado sobre o estado da sua e-cigarrilha descart\u00e1vel e saiba exatamente quando \u00e9 hora de reabastecer.<\/p>\n<\/li>\n<li data-start=\"3031\" data-end=\"3175\">\n<p data-start=\"3033\" data-end=\"3175\"><strong data-start=\"3033\" data-end=\"3057\">10 unidades por embalagem<\/strong>: A\u00a0<strong data-start=\"3063\" data-end=\"3083\">Arymi IFun 28000<\/strong>\u00a0\u00e9 fornecido em uma embalagem pr\u00e1tica de 10 unidades, para que voc\u00ea esteja sempre preparado.<\/p>\n<\/li>\n<\/ul>\n<h3 data-start=\"3177\" data-end=\"3221\"><strong data-start=\"3177\" data-end=\"3220\">Especifica\u00e7\u00f5es t\u00e9cnicas em resumo<\/strong>:<\/h3>\n<ul data-start=\"3223\" data-end=\"3577\">\n<li data-start=\"3223\" data-end=\"3254\"><strong data-start=\"3225\" data-end=\"3234\">Puffs<\/strong>: At\u00e9 28.000 trens<\/li>\n<li data-start=\"3255\" data-end=\"3286\"><strong data-start=\"3257\" data-end=\"3279\">Capacidade de E-L\u00edquido<\/strong>: 28 ml<\/li>\n<li data-start=\"3287\" data-end=\"3305\"><strong data-start=\"3289\" data-end=\"3300\">Nicotina<\/strong>: 2 %<\/li>\n<li data-start=\"3306\" data-end=\"3341\"><strong data-start=\"3308\" data-end=\"3320\">Bateria<\/strong>: 600 mAh Puro Cobalto<\/li>\n<li data-start=\"3342\" data-end=\"3379\"><strong data-start=\"3344\" data-end=\"3357\">Mesh Coil<\/strong>: Bobina Dual Mesh 1,0 \u03a9<\/li>\n<li data-start=\"3380\" data-end=\"3406\"><strong data-start=\"3382\" data-end=\"3406\">Fluxo de ar ajust\u00e1vel<\/strong><\/li>\n<li data-start=\"3407\" data-end=\"3447\"><strong data-start=\"3409\" data-end=\"3447\">Indicadores de bateria e e-l\u00edquido<\/strong><\/li>\n<li data-start=\"3448\" data-end=\"3491\"><strong data-start=\"3450\" data-end=\"3469\">Unidade de embalagem<\/strong>10 pe\u00e7as por embalagem<\/li>\n<li data-start=\"3492\" data-end=\"3530\"><strong data-start=\"3494\" data-end=\"3513\">Peso da embalagem<\/strong>: 120 g por pe\u00e7a<\/li>\n<li data-start=\"3531\" data-end=\"3577\"><strong data-start=\"3533\" data-end=\"3555\">Unidade de embalagem<\/strong>: 200 unidades por caixa<\/li>\n<\/ul>\n<h3 data-start=\"3579\" data-end=\"3625\"><strong data-start=\"3579\" data-end=\"3625\">Os melhores sabores para a sua experi\u00eancia de vaporiza\u00e7\u00e3o:<\/strong><\/h3>\n<p data-start=\"3627\" data-end=\"4042\">A\u00a0<strong data-start=\"3631\" data-end=\"3675\">Arymi IFun 28000 Z\u00fcge Einweg E-Zigarette \nbecomes \nArymi IFun 28000 Z\u00fcge Einweg E-Zigarette \n\n No translation needed for numbers and brand names \n\nHowever ,  here is  translation for description \n\nbecomes \nArymi IFun 28000 puffs disposable E-cigarette<\/strong>\u00a0oferece uma sele\u00e7\u00e3o impressionante de\u00a0<strong data-start=\"3714\" data-end=\"3724\">Aromas<\/strong>, para elevar sua experi\u00eancia de vaporiza\u00e7\u00e3o ao pr\u00f3ximo n\u00edvel. Um dos aromas mais not\u00e1veis \u00e9 o\u00a0<strong data-start=\"3823\" data-end=\"3835\">Lush Ice<\/strong>uma mistura refrescante de kiwi, maracuj\u00e1 e goiaba. Deixe-se encantar por esta combina\u00e7\u00e3o \u00fanica de sabores, que oferece um equil\u00edbrio perfeito entre frescura e frutividade.<\/p>\n<h2 data-start=\"0\" data-end=\"107\"><img loading=\"lazy\" decoding=\"async\" class=\"alignnone wp-image-2299 size-full\" title=\"Arymi IFun 28000 Z\u00fcge Einweg E Zigarette - Lush Ice - Kiwi Passion Fruit Guava 2 becomes Arymi IFun 28000 Z\u00fcge Disposable E-Cigarette - Lush Ice - Kiwi Passion Fruit Guava 2\" src=\"https:\/\/alfakher24h.de\/wp-content\/uploads\/2025\/03\/arymi-hookalit-2.webp\" sizes=\"auto, (max-width: 1077px) 100vw, 1077px\" srcset=\"https:\/\/alfakher24h.de\/wp-content\/uploads\/2025\/03\/arymi-hookalit-2.webp 1077w, https:\/\/alfakher24h.de\/wp-content\/uploads\/2025\/03\/arymi-hookalit-2-300x284.webp 300w, https:\/\/alfakher24h.de\/wp-content\/uploads\/2025\/03\/arymi-hookalit-2-1024x970.webp 1024w, https:\/\/alfakher24h.de\/wp-content\/uploads\/2025\/03\/arymi-hookalit-2-768x727.webp 768w, https:\/\/alfakher24h.de\/wp-content\/uploads\/2025\/03\/arymi-hookalit-2-13x12.webp 13w, https:\/\/alfakher24h.de\/wp-content\/uploads\/2025\/03\/arymi-hookalit-2-600x568.webp 600w\" alt=\"Arymi IFun 28000 Z\u00fcge Einweg E Zigarette - Lush Ice - Kiwi Paix\u00e3o Fruit Goiaba\" width=\"1077\" height=\"1020\" \/><\/h2>\n<h3><strong data-start=\"4048\" data-end=\"4093\">Lush Ice \u2013 Kiwi, Maracuj\u00e1 e Goiaba<\/strong><\/h3>\n<ul data-start=\"4095\" data-end=\"4793\">\n<li data-start=\"4095\" data-end=\"4313\">\n<p data-start=\"4097\" data-end=\"4313\"><strong data-start=\"4097\" data-end=\"4105\">Kiwi<\/strong>A kiwi traz uma do\u00e7ura leve, mas refrescante, que proporciona uma experi\u00eancia gustativa alegre e ao mesmo tempo frutada. \u00c9 o complemento perfeito para os outros sabores na mistura.<\/p>\n<\/li>\n<li data-start=\"4317\" data-end=\"4516\">\n<p data-start=\"4319\" data-end=\"4516\"><strong data-start=\"4319\" data-end=\"4337\">Maracuj\u00e1<\/strong>A paix\u00e3o d\u00e1 \u00e0 mistura um toque tropical, doce e ligeiramente \u00e1cido. Sua nota ex\u00f3tica e arom\u00e1tica torna a mistura um verdadeiro prazer.<\/p>\n<\/li>\n<li data-start=\"4518\" data-end=\"4793\">\n<p data-start=\"4520\" data-end=\"4793\"><strong data-start=\"4520\" data-end=\"4529\">goiaba<\/strong>: A goiaba arredonda o aroma, sendo complementada por uma do\u00e7ura intensa mas suave e um toque de frescor tropical. Esta combina\u00e7\u00e3o torna o\u00a0<strong data-start=\"4692\" data-end=\"4704\">Lush Ice<\/strong>-Aroma \u00e9 um dos aromas mais populares e mais vendidos para\u00a0<strong data-start=\"4772\" data-end=\"4792\">Arymi IFun 28000<\/strong>.<\/p>\n<\/li>\n<\/ul>\n<p data-start=\"4795\" data-end=\"5030\">Para todos os vapeadores que procuram uma experi\u00eancia refrescante e tropical, \u00e9 o\u00a0<strong data-start=\"4879\" data-end=\"4891\">Lush Ice<\/strong>-Aroma a escolha ideal. Desfrute da mistura perfeita de aromas doces, frescos e frutados que tornam cada tragada um prazer.<\/p>\n<h3 data-start=\"5032\" data-end=\"5106\"><strong data-start=\"5032\" data-end=\"5106\">Por que voc\u00ea deve comprar o cigarro eletr\u00f4nico descart\u00e1vel Arymi IFun 28000?<\/strong><\/h3>\n<ul data-start=\"5108\" data-end=\"6076\">\n<li data-start=\"5108\" data-end=\"5259\">\n<p data-start=\"5110\" data-end=\"5259\"><strong data-start=\"5110\" data-end=\"5127\">Longevidade<\/strong>: Com at\u00e9 28.000 trens \u00e9 a\u00a0<strong data-start=\"5161\" data-end=\"5181\">Arymi IFun 28000<\/strong>\u00a0uma das e-cigarros descart\u00e1veis mais dur\u00e1veis e confi\u00e1veis do mercado.<\/p>\n<\/li>\n<li data-start=\"5263\" data-end=\"5483\">\n<p data-start=\"5265\" data-end=\"5483\"><strong data-start=\"5265\" data-end=\"5283\">Versatilidade<\/strong>: A\u00a0<strong data-start=\"5289\" data-end=\"5313\">Fluxo de ar ajust\u00e1vel<\/strong>-Fun\u00e7\u00e3o e a grande sele\u00e7\u00e3o de aromas tornam a\u00a0<strong data-start=\"5366\" data-end=\"5386\">Arymi IFun 28000<\/strong>\u00a0a escolha ideal para cada vapeador que d\u00e1 valor a uma experi\u00eancia de vaporiza\u00e7\u00e3o individualmente personaliz\u00e1vel.<\/p>\n<\/li>\n<li data-start=\"5485\" data-end=\"5687\">\n<p data-start=\"5487\" data-end=\"5687\"><strong data-start=\"5487\" data-end=\"5505\">Confort<\/strong>: Gra\u00e7as a\u00a0<strong data-start=\"5516\" data-end=\"5535\">tamanho compacto<\/strong>\u00a0e o\u00a0<strong data-start=\"5544\" data-end=\"5579\">manuseio amig\u00e1vel ao usu\u00e1rio<\/strong>\u00a0Voc\u00ea pode\u00a0<strong data-start=\"5595\" data-end=\"5615\">Arymi IFun 28000<\/strong>\u00a0levar para qualquer lugar e desfrutar de uma experi\u00eancia de vaporiza\u00e7\u00e3o conveniente a qualquer momento.<\/p>\n<\/li>\n<li data-start=\"5689\" data-end=\"5920\">\n<p data-start=\"5691\" data-end=\"5920\"><strong data-start=\"5691\" data-end=\"5719\">Tecnologia de primeira classe<\/strong>: Com a\u00a0<strong data-start=\"5729\" data-end=\"5750\">Bobina Mesh Premium<\/strong>, o\u00a0<strong data-start=\"5756\" data-end=\"5785\">bateria de alto desempenho<\/strong>\u00a0e o\u00a0<strong data-start=\"5794\" data-end=\"5823\">processamento de alta qualidade<\/strong>\u00a0pode ter a certeza de que vai desfrutar de um produto duradouro e fi\u00e1vel.<\/p>\n<\/li>\n<li data-start=\"5922\" data-end=\"6076\">\n<p data-start=\"5924\" data-end=\"6076\"><strong data-start=\"5924\" data-end=\"5947\">Aromas refrescantes<\/strong>: O\u00a0<strong data-start=\"5953\" data-end=\"5965\">Lush Ice<\/strong>-Aroma e muitos outros sabores oferecem-lhe uma sele\u00e7\u00e3o vers\u00e1til que enriquecer\u00e1 a sua experi\u00eancia de vaporiza\u00e7\u00e3o.<\/p>\n<\/li>\n<\/ul>\n<h3 data-start=\"6078\" data-end=\"6131\"><strong data-start=\"6078\" data-end=\"6131\">Perguntas Frequentes sobre a Arymi IFun 28000 Z\u00fcge  E-Zigarro Descart\u00e1vel<\/strong><\/h3>\n<ul data-start=\"6133\" data-end=\"7093\">\n<li data-start=\"6133\" data-end=\"6326\">\n<p data-start=\"6135\" data-end=\"6326\"><strong data-start=\"6135\" data-end=\"6192\">Quanto tempo dura o cigarro eletr\u00f4nico Arymi IFun 28000?<\/strong>\u00a0A\u00a0<strong data-start=\"6199\" data-end=\"6219\">Arymi IFun 28000<\/strong>\u00a0at\u00e9 oferece \noder \noferece at\u00e9\u00a0<strong data-start=\"6234\" data-end=\"6249\">28.000 trens<\/strong>, o que a torna uma das e-cigarros descart\u00e1veis mais dur\u00e1veis do mercado.<\/p>\n<\/li>\n<li data-start=\"6328\" data-end=\"6500\">\n<p data-start=\"6330\" data-end=\"6500\"><strong data-start=\"6330\" data-end=\"6373\">Posso carregar o Arymi IFun 28000?<\/strong>\u00a0Sim, a\u00a0<strong data-start=\"6384\" data-end=\"6404\">Arymi IFun 28000<\/strong>\u00a0\u00e9 com um\u00a0<strong data-start=\"6419\" data-end=\"6442\">600 mAh Bateria de Cobalto<\/strong>\u00a0equipado, que sobre\u00a0<strong data-start=\"6466\" data-end=\"6476\">Type-C<\/strong>\u00a0aufgeladen werden kann.\n\n becomes \n\nser carregado.<\/p>\n<\/li>\n<li data-start=\"6502\" data-end=\"6687\">\n<p data-start=\"6504\" data-end=\"6687\"><strong data-start=\"6504\" data-end=\"6568\">Qual \u00e9 o percentual de nicotina contido no Arymi IFun 28000?<\/strong>\u00a0A\u00a0<strong data-start=\"6575\" data-end=\"6595\">Arymi IFun 28000<\/strong>\u00a0cont\u00e9m\u00a0<strong data-start=\"6604\" data-end=\"6619\">2 % Nicotina<\/strong>que oferece uma experi\u00eancia agrad\u00e1vel e satisfat\u00f3ria para os vapers.<\/p>\n<\/li>\n<li data-start=\"6689\" data-end=\"6879\">\n<p data-start=\"6691\" data-end=\"6879\"><strong data-start=\"6691\" data-end=\"6724\">Quais sabores est\u00e3o dispon\u00edveis?<\/strong>\u00a0A\u00a0<strong data-start=\"6731\" data-end=\"6751\">Arymi IFun 28000<\/strong>\u00a0oferece v\u00e1rios sabores, incluindo o popular\u00a0<strong data-start=\"6802\" data-end=\"6814\">Lush Ice<\/strong>que oferece uma combina\u00e7\u00e3o de kiwi, maracuj\u00e1 e goiaba.<\/p>\n<\/li>\n<li data-start=\"6881\" data-end=\"7093\">\n<p data-start=\"6883\" data-end=\"7093\"><strong data-start=\"6883\" data-end=\"6924\">Como limpo o Arymi IFun 28000?<\/strong>\u00a0Da es sich um eine\u00a0<strong data-start=\"6946\" data-end=\"6968\">Cigarrinha eletr\u00f4nica descart\u00e1vel<\/strong>\u00a0Quando o l\u00edquido estiver completamente consumido, voc\u00ea pode simplesmente descartar o dispositivo.<\/p>\n<\/li>\n<\/ul>\n<p data-start=\"7095\" data-end=\"7105\"><strong data-start=\"7095\" data-end=\"7105\">Conclus\u00e3o:<\/strong><\/p>\n<p data-start=\"7107\" data-end=\"7617\">A\u00a0<strong data-start=\"7111\" data-end=\"7155\">Arymi IFun 28000 Z\u00fcge Einweg E-Zigarette \nbecomes \nArymi IFun 28000 Z\u00fcge Einweg E-Zigarette \n\n No translation needed for numbers and brand names \n\nHowever ,  here is  translation for description \n\nbecomes \nArymi IFun 28000 puffs disposable E-cigarette<\/strong>\u00a0oferece um desempenho excepcional, alta capacidade e uma variedade de sabores que ir\u00e3o encantar o paladar dos vapers na Alemanha. Se voc\u00ea est\u00e1 procurando por um\u00a0<strong data-start=\"7339\" data-end=\"7356\">de longo prazo<\/strong>\u00a0e\u00a0<strong data-start=\"7361\" data-end=\"7381\">de alta performance \nou: poderosos \nou: de alto desempenho<\/strong>\u00a0Se essa \u00e9 a op\u00e7\u00e3o, ent\u00e3o este cigarro eletr\u00f4nico descart\u00e1vel \u00e9 a escolha perfeita. Compre o seu\u00a0<strong data-start=\"7459\" data-end=\"7503\">Arymi IFun 28000 Z\u00fcge Einweg E-Zigarette \nbecomes \nArymi IFun 28000 Z\u00fcge Einweg E-Zigarette \n\n No translation needed for numbers and brand names \n\nHowever ,  here is  translation for description \n\nbecomes \nArymi IFun 28000 puffs disposable E-cigarette<\/strong>\u00a0hoje exclusivamente em <a href=\"https:\/\/alfakher24h.de\/pt\/\">alfakher24h.de<\/a>dos maiores\u00a0<strong data-start=\"7556\" data-end=\"7576\">Plataforma online<\/strong>\u00a0para\u00a0<strong data-start=\"7581\" data-end=\"7616\">Vapes Descart\u00e1veis na Alemanha<\/strong>.<\/p>","protected":false},"excerpt":{"rendered":"<p><strong data-start=\"7111\" data-end=\"7155\">Arymi IFun 28000 Z\u00fcge Einweg E-Zigarette \nbecomes \nArymi IFun 28000 Z\u00fcge Einweg E-Zigarette \n\n No translation needed for numbers and brand names \n\nHowever ,  here is  translation for description \n\nbecomes \nArymi IFun 28000 puffs disposable E-cigarette<\/strong>\u00a0oferece um desempenho excepcional, alta capacidade e uma variedade de sabores que ir\u00e3o encantar o paladar dos vapers na Alemanha<\/p>","protected":false},"featured_media":1765,"comment_status":"open","ping_status":"closed","template":"","meta":{"om_disable_all_campaigns":false},"product_brand":[],"product_cat":[45],"product_tag":[],"class_list":{"0":"post-1764","1":"product","2":"type-product","3":"status-publish","4":"has-post-thumbnail","6":"product_cat-arymi-ifun-28000","8":"first","9":"outofstock","10":"shipping-taxable","11":"purchasable","12":"product-type-simple"},"_links":{"self":[{"href":"https:\/\/alfakher24h.de\/pt\/wp-json\/wp\/v2\/product\/1764","targetHints":{"allow":["GET"]}}],"collection":[{"href":"https:\/\/alfakher24h.de\/pt\/wp-json\/wp\/v2\/product"}],"about":[{"href":"https:\/\/alfakher24h.de\/pt\/wp-json\/wp\/v2\/types\/product"}],"replies":[{"embeddable":true,"href":"https:\/\/alfakher24h.de\/pt\/wp-json\/wp\/v2\/comments?post=1764"}],"wp:featuredmedia":[{"embeddable":true,"href":"https:\/\/alfakher24h.de\/pt\/wp-json\/wp\/v2\/media\/1765"}],"wp:attachment":[{"href":"https:\/\/alfakher24h.de\/pt\/wp-json\/wp\/v2\/media?parent=1764"}],"wp:term":[{"taxonomy":"product_brand","embeddable":true,"href":"https:\/\/alfakher24h.de\/pt\/wp-json\/wp\/v2\/product_brand?post=1764"},{"taxonomy":"product_cat","embeddable":true,"href":"https:\/\/alfakher24h.de\/pt\/wp-json\/wp\/v2\/product_cat?post=1764"},{"taxonomy":"product_tag","embeddable":true,"href":"https:\/\/alfakher24h.de\/pt\/wp-json\/wp\/v2\/product_tag?post=1764"}],"curies":[{"name":"wp","href":"https:\/\/api.w.org\/{rel}","templated":true}]}}