{"id":1762,"date":"2025-03-11T05:43:45","date_gmt":"2025-03-11T05:43:45","guid":{"rendered":"https:\/\/alfakher24h.de\/?post_type=product&#038;p=1762"},"modified":"2025-07-12T13:27:56","modified_gmt":"2025-07-12T13:27:56","slug":"httperror-response-code-429-too-many-requests-22","status":"publish","type":"product","link":"https:\/\/alfakher24h.de\/pt\/produto\/httperror-response-code-429-too-many-requests-22\/","title":{"rendered":"Arymi IFun 28000 Z\u00fcge Einweg E Zigarette \u2013 Blueberry Raspberry \u2013 Mojito \n\nbecomes \n\nArymi IFun 28000 Zugs Disposable E-Cigarette \u2013 Blueberry Raspberry \u2013 Mojito"},"content":{"rendered":"<h2 data-start=\"0\" data-end=\"92\"><strong data-start=\"0\" data-end=\"92\"><a href=\"https:\/\/alfakher24h.de\/pt\/\">Arymi IFun 28000 Z\u00fcge Einweg E-Zigarette \n\nbecomes \n\nArymi IFun 28000 Z\u00fcge Disposable E-Cigarette \n\n Arymi IFun 28000 disposable e-cigarette<\/a> \u2013 A experi\u00eancia final de vaporiza\u00e7\u00e3o na Alemanha<\/strong><\/h2>\n<div style=\"width: 848px;\" class=\"wp-video\"><video class=\"wp-video-shortcode\" id=\"video-1762-1\" width=\"848\" height=\"478\" preload=\"metadata\" controls=\"controls\"><source type=\"video\/mp4\" src=\"https:\/\/alfakher24h.de\/wp-content\/uploads\/2025\/03\/VID-20241031-WA0010.mp4?_=1\" \/><a href=\"https:\/\/alfakher24h.de\/wp-content\/uploads\/2025\/03\/VID-20241031-WA0010.mp4\">https:\/\/alfakher24h.de\/wp-content\/uploads\/2025\/03\/VID-20241031-WA0010.mp4<\/a><\/video><\/div>\n<p data-start=\"94\" data-end=\"675\">A\u00a0<strong data-start=\"98\" data-end=\"142\">Arymi IFun 28000 Z\u00fcge \n\n(Translation not required for this input as it seems to be a mix of brand\/model and a quantity\/measurement) \nArymi IFun 28000 Z\u00fcge <a href=\"https:\/\/alfakher24h.de\/pt\/\">Cigarrinha eletr\u00f4nica descart\u00e1vel<\/a><\/strong>\u00a0\u00e9 uma das \u00faltimas inova\u00e7\u00f5es no mercado e proporciona uma experi\u00eancia de vaporiza\u00e7\u00e3o excepcional que supera todas as expectativas. Com um n\u00famero impressionante de\u00a0<strong data-start=\"315\" data-end=\"331\">28.000 trens<\/strong> e uma variedade de fun\u00e7\u00f5es de alta qualidade, este dispositivo oferece um desempenho sem precedentes que ir\u00e1 impression\u00e1-lo. Neste artigo, voc\u00ea aprender\u00e1 tudo o que precisa saber sobre este produto excepcional e por que vale a pena compr\u00e1-lo em alfakher24h.de, sua maior loja online de cigarros eletr\u00f4nicos descart\u00e1veis na Alemanha.<\/p>\n<hr data-start=\"677\" data-end=\"680\" \/>\n<h3 data-start=\"682\" data-end=\"763\">Descri\u00e7\u00e3o detalhada do produto do Arymi IFun 28000 tragadas Cigarro eletr\u00f4nico descart\u00e1vel<\/h3>\n<p data-start=\"765\" data-end=\"1293\">A\u00a0<strong data-start=\"769\" data-end=\"813\">Arymi IFun 28000 Z\u00fcge Einweg E-Zigarette \nbecomes \nArymi IFun 28000 Z\u00fcge Einweg E-Zigarette \n\n No translation needed for numbers and brand names \n\nHowever ,  here is  translation for description \n\nbecomes \nArymi IFun 28000 puffs disposable E-cigarette<\/strong>\u00a0foi especificamente desenvolvido para vapers exigentes que procuram uma experi\u00eancia duradoura, potente e saborosa. Com uma\u00a0<strong data-start=\"951\" data-end=\"983\">Capacidade de E-L\u00edquido de 28 ml<\/strong>\u00a0e um\u00a0<strong data-start=\"994\" data-end=\"1019\">Teor de nicotina de 2 %<\/strong>\u00a0Oferece n\u00e3o apenas uma longa vida \u00fatil, mas tamb\u00e9m uma experi\u00eancia de vaporiza\u00e7\u00e3o agrad\u00e1vel e com nicotina. \u00c9 o companheiro ideal para todos que desejam um dispositivo de alta qualidade, f\u00e1cil de usar e que se adequa perfeitamente ao uso di\u00e1rio.<\/p>\n<p data-start=\"1295\" data-end=\"1773\">Devido ao\u00a0<strong data-start=\"1304\" data-end=\"1329\">1,0 \u03a9 Bobinas Dupla Malha<\/strong>\u00a0e o\u00a0<strong data-start=\"1338\" data-end=\"1373\">fun\u00e7\u00e3o de fluxo de ar ajust\u00e1vel<\/strong>\u00a0Voc\u00ea pode personalizar seus golpes de acordo com suas prefer\u00eancias e obter a experi\u00eancia de vaporiza\u00e7\u00e3o desejada. A\u00a0<strong data-start=\"1467\" data-end=\"1492\">Tecnologia de Bobina de Malha<\/strong>\u00a0garante um vapor intenso e uniforme, que revela os aromas em todo o seu esplendor. Se voc\u00ea \u00e9 um vaper experiente ou est\u00e1 come\u00e7ando agora,\u00a0<strong data-start=\"1658\" data-end=\"1702\">Arymi IFun 28000 Z\u00fcge Einweg E-Zigarette \nbecomes \nArymi IFun 28000 Z\u00fcge Einweg E-Zigarette \n\n No translation needed for numbers and brand names \n\nHowever ,  here is  translation for description \n\nbecomes \nArymi IFun 28000 puffs disposable E-cigarette<\/strong>\u00a0oferece tudo o que voc\u00ea precisa para uma experi\u00eancia excepcional.<\/p>\n<hr data-start=\"1775\" data-end=\"1778\" \/>\n<h3 data-start=\"1780\" data-end=\"1841\">Caracter\u00edsticas principais do Arymi IFun 28000\u00a0<a href=\"https:\/\/alfakher24h.de\/pt\/\">Cigarrinha eletr\u00f4nica descart\u00e1vel<\/a><\/h3>\n<ul data-start=\"1843\" data-end=\"3054\">\n<li data-start=\"1843\" data-end=\"1979\"><strong data-start=\"1845\" data-end=\"1884\">Impressive Puff Count (28.000 Z\u00fcge)\n\n becomes \n\nImpressive Puff Count (28.000 tragadas)<\/strong>: Com at\u00e9 28.000 tragadas, voc\u00ea tem estoque suficiente para semanas ou at\u00e9 meses, dependendo do uso.<\/li>\n<li data-start=\"1980\" data-end=\"2207\"><strong data-start=\"1982\" data-end=\"2036\">Bateria recarreg\u00e1vel com conector de carga tipo C<\/strong>: Desfrute de um desempenho constante com a recarreg\u00e1vel\u00a0<strong data-start=\"2102\" data-end=\"2129\">600 mAh bateria de cobalto<\/strong>. O\u00a0<strong data-start=\"2135\" data-end=\"2159\">Conector de carregamento tipo C<\/strong>\u00a0garante uma carga r\u00e1pida e f\u00e1cil.<\/li>\n<li data-start=\"2208\" data-end=\"2333\"><strong data-start=\"2210\" data-end=\"2238\">30 ml de capacidade de E-L\u00edquido<\/strong>: Com uma capacidade de 28 ml de l\u00edquido eletr\u00f4nico, voc\u00ea obt\u00e9m uma quantidade generosa para vaporizar ininterruptamente.<\/li>\n<li data-start=\"2334\" data-end=\"2494\"><strong data-start=\"2336\" data-end=\"2382\">Bobina Mesh Premium para sabor intenso<\/strong>: O\u00a0<strong data-start=\"2388\" data-end=\"2406\">Bobina de Dupla Malha<\/strong>\u00a0garante um vapor uniforme e intenso e intensifica o sabor de cada tragada.<\/li>\n<li data-start=\"2495\" data-end=\"2670\"><strong data-start=\"2497\" data-end=\"2524\">Fluxo de ar ajust\u00e1vel<\/strong>: Com a\u00a0<strong data-start=\"2534\" data-end=\"2570\">Controle de fluxo de ar ajust\u00e1vel<\/strong>\u00a0Voc\u00ea pode ajustar o suprimento de ar de acordo com o seu gosto, para obter a experi\u00eancia de vaporiza\u00e7\u00e3o perfeita.<\/li>\n<li data-start=\"2671\" data-end=\"2852\"><strong data-start=\"2673\" data-end=\"2709\">Indicador de bateria e l\u00edquido eletr\u00f4nico<\/strong>Um guia pr\u00e1tico\u00a0<strong data-start=\"2727\" data-end=\"2763\">Indicador de bateria e l\u00edquido eletr\u00f4nico<\/strong>\u00a0mant\u00e9m voc\u00ea sempre informado, para que voc\u00ea nunca fique com a bateria vazia ou sem E-Liquid.<\/li>\n<li data-start=\"2853\" data-end=\"3054\"><strong data-start=\"2855\" data-end=\"2873\">Tamanho compacto<\/strong>Apesar da grande capacidade e muitas fun\u00e7\u00f5es, o IFun 28000 \u00e9 surpreendentemente compacto e leve. Voc\u00ea pode transportar o dispositivo confortavelmente em sua bolsa e desfrutar a qualquer momento.<\/li>\n<\/ul>\n<hr data-start=\"3056\" data-end=\"3059\" \/>\n<h3 data-start=\"3061\" data-end=\"3128\">Experi\u00eancia de sabor do Arymi IFun 28000 cigarros eletr\u00f4nicos descart\u00e1veis<\/h3>\n<p data-start=\"3130\" data-end=\"3476\">A\u00a0<strong data-start=\"3134\" data-end=\"3178\">Arymi IFun 28000 Z\u00fcge Einweg E-Zigarette \nbecomes \nArymi IFun 28000 Z\u00fcge Einweg E-Zigarette \n\n No translation needed for numbers and brand names \n\nHowever ,  here is  translation for description \n\nbecomes \nArymi IFun 28000 puffs disposable E-cigarette<\/strong>\u00a0oferece uma variedade de sabores deliciosos que acariciam os sentidos e transformam cada experi\u00eancia de vaporiza\u00e7\u00e3o em algo especial. Destacam-se particularmente os sabores \u00fanicos e populares\u00a0<strong data-start=\"3359\" data-end=\"3382\">Mirtilo Framboesa<\/strong>- e\u00a0<strong data-start=\"3388\" data-end=\"3398\">Mojito<\/strong>Sabores. Aqui voc\u00ea descobre o que torna estes aromas t\u00e3o especiais:<\/p>\n<h4 data-start=\"3478\" data-end=\"3507\"><strong data-start=\"3483\" data-end=\"3506\">Mirtilo Framboesa<\/strong>:<\/h4>\n<p data-start=\"3508\" data-end=\"4027\">Este sabor \u00e9 uma verdadeira explos\u00e3o de sabor. O\u00a0<strong data-start=\"3565\" data-end=\"3607\">sabor fresco de mirtilos doces<\/strong>\u00a0encontra a nota refrescante da\u00a0<strong data-start=\"3645\" data-end=\"3658\">Amoras<\/strong>o que leva a uma experi\u00eancia de vaporiza\u00e7\u00e3o frutal, mas n\u00e3o muito doce.\u00a0<strong data-start=\"3732\" data-end=\"3746\">Mirtilos<\/strong>\u00a0provocam um doce leve, mas profundo, enquanto os\u00a0<strong data-start=\"3808\" data-end=\"3821\">Amoras<\/strong>\u00a0As gemas gustativas s\u00e3o estimuladas com um toque de frescor e notas levemente \u00e1cidas. Juntos, formam uma mistura harmoniosa de sabores frutados que entusiasma os amantes do vape repetidamente.<\/p>\n<h4 data-start=\"4029\" data-end=\"4045\"><strong data-start=\"4034\" data-end=\"4044\">Mojito<\/strong>:<\/h4>\n<p data-start=\"4046\" data-end=\"4482\">Para os f\u00e3s de aromas refrescantes e picantes \u00e9 o\u00a0<strong data-start=\"4103\" data-end=\"4113\">Mojito<\/strong>o sabor perfeito. Esta mistura combina os\u00a0<strong data-start=\"4173\" data-end=\"4190\">hortel\u00e3 fresca<\/strong>o\u00a0<strong data-start=\"4196\" data-end=\"4226\">sabor c\u00edtrico de limeta<\/strong>\u00a0e um toque de\u00a0<strong data-start=\"4247\" data-end=\"4261\">Cana-de-a\u00e7\u00facar<\/strong>\u00a0a uma experi\u00eancia refrescante, estimulante e muito revigorante. \u00c9 como se estivesse a saborear uma verdadeira bebida Mojito - apenas sem \u00e1lcool, mas com um sabor intenso que traz o ver\u00e3o para o inverno.<\/p>\n<h2 data-start=\"0\" data-end=\"91\"><img loading=\"lazy\" decoding=\"async\" class=\"alignnone wp-image-2302 size-full\" title=\"Arymi IFun 28000 Z\u00fcge Einweg E Zigarette - Blueberry Raspberry - Mojito 2 Arymi IFun 28000 trag\u00e1veis E-cigarros descart\u00e1veis - Mirtilo Framboesa - Mojito 2\" src=\"https:\/\/alfakher24h.de\/wp-content\/uploads\/2025\/03\/all1.webp\" sizes=\"auto, (max-width: 904px) 100vw, 904px\" srcset=\"https:\/\/alfakher24h.de\/wp-content\/uploads\/2025\/03\/all1.webp 904w, https:\/\/alfakher24h.de\/wp-content\/uploads\/2025\/03\/all1-212x300.webp 212w, https:\/\/alfakher24h.de\/wp-content\/uploads\/2025\/03\/all1-723x1024.webp 723w, https:\/\/alfakher24h.de\/wp-content\/uploads\/2025\/03\/all1-768x1087.webp 768w, https:\/\/alfakher24h.de\/wp-content\/uploads\/2025\/03\/all1-8x12.webp 8w, https:\/\/alfakher24h.de\/wp-content\/uploads\/2025\/03\/all1-600x850.webp 600w\" alt=\"Arymi IFun 28000 Z\u00fcge Einweg E Zigarette - Mirtilo Framboesa - Mojito\" width=\"904\" height=\"1280\" \/><\/h2>\n<hr data-start=\"4635\" data-end=\"4638\" \/>\n<h3 data-start=\"4489\" data-end=\"4563\">Por que voc\u00ea deve comprar o cigarro eletr\u00f4nico descart\u00e1vel Arymi IFun 28000?<\/h3>\n<p data-start=\"4565\" data-end=\"4866\">A\u00a0<strong data-start=\"4569\" data-end=\"4613\">Arymi IFun 28000 Z\u00fcge Einweg E-Zigarette \nbecomes \nArymi IFun 28000 Z\u00fcge Einweg E-Zigarette \n\n No translation needed for numbers and brand names \n\nHowever ,  here is  translation for description \n\nbecomes \nArymi IFun 28000 puffs disposable E-cigarette<\/strong>\u00a0n\u00e3o oferece apenas\u00a0<strong data-start=\"4631\" data-end=\"4646\">28.000 trens<\/strong>\u00a0e\u00a0<strong data-start=\"4651\" data-end=\"4669\">30 ml E-L\u00edquido<\/strong>mas tamb\u00e9m uma variedade de outras vantagens que o tornam a melhor escolha para entusiastas de vaporiza\u00e7\u00e3o. Aqui est\u00e3o algumas raz\u00f5es pelas quais voc\u00ea deve comprar este produto em alfakher24h.de:<\/p>\n<ol data-start=\"4868\" data-end=\"5841\">\n<li data-start=\"4868\" data-end=\"5060\"><strong data-start=\"4871\" data-end=\"4894\">Longa dura\u00e7\u00e3o de uso<\/strong>: Com at\u00e9\u00a0<strong data-start=\"4907\" data-end=\"4923\">28.000 trens<\/strong>\u00a0Voc\u00ea n\u00e3o precisa se preocupar que o dispositivo acabe muito rapidamente. Isso torna o IFun 28000 particularmente atraente para usu\u00e1rios pesados de vape.<\/li>\n<li data-start=\"5061\" data-end=\"5258\"><strong data-start=\"5064\" data-end=\"5087\">Manuseio simples<\/strong>O dispositivo \u00e9\u00a0<strong data-start=\"5103\" data-end=\"5131\">n\u00e3o apenas poderoso<\/strong>mas tamb\u00e9m \u00e9 amig\u00e1vel ao usu\u00e1rio. \u00c9 ideal para todos que procuram uma experi\u00eancia de vaporiza\u00e7\u00e3o simples, pr\u00e1tica e sem preocupa\u00e7\u00f5es.<\/li>\n<li data-start=\"5259\" data-end=\"5479\"><strong data-start=\"5262\" data-end=\"5284\">Aromas de alta qualidade<\/strong>: Com aromas exquisitos como\u00a0<strong data-start=\"5316\" data-end=\"5339\">Mirtilo Framboesa<\/strong>\u00a0e\u00a0<strong data-start=\"5344\" data-end=\"5354\">Mojito<\/strong>\u00a0Experimente uma experi\u00eancia gastron\u00f4mica intensa e deliciosa que refresca os seus sentidos e proporciona um prazer duradouro.<\/li>\n<li data-start=\"5480\" data-end=\"5677\"><strong data-start=\"5483\" data-end=\"5508\">Tecnologia mais moderna<\/strong>: Com a\u00a0<strong data-start=\"5518\" data-end=\"5531\">Mesh Coil<\/strong>\u00a0e o\u00a0<strong data-start=\"5540\" data-end=\"5576\">Controle de fluxo de ar ajust\u00e1vel<\/strong>\u00a0Oferece o desempenho de primeira classe que voc\u00ea n\u00e3o encontrar\u00e1 em nenhum outro vape descart\u00e1vel.<\/li>\n<li data-start=\"5678\" data-end=\"5841\"><strong data-start=\"5681\" data-end=\"5706\">Perfeito para viagem<\/strong>: O tamanho compacto e a possibilidade de carregar o dispositivo de forma conveniente fazem dele o companheiro ideal para o dia a dia, viagens e muito mais.<\/li>\n<\/ol>\n<hr data-start=\"5843\" data-end=\"5846\" \/>\n<h3 data-start=\"5848\" data-end=\"5882\">Perguntas Frequentes (FAQs)<\/h3>\n<p data-start=\"5884\" data-end=\"6066\"><strong data-start=\"5884\" data-end=\"5952\">1. A Arymi IFun 28000 \u00e9 um cigarro eletr\u00f4nico descart\u00e1vel com nicotina?<\/strong>\u00a0Sim, a\u00a0<strong data-start=\"5961\" data-end=\"5981\">Arymi IFun 28000<\/strong>\u00a0cont\u00e9m\u00a0<strong data-start=\"5990\" data-end=\"6005\">2 % Nicotina<\/strong>, ideal para vapers que procuram um fornecimento de nicotina leve.<\/p>\n<p data-start=\"6068\" data-end=\"6327\"><strong data-start=\"6068\" data-end=\"6120\">2. Quanto tempo dura a bateria do Arymi IFun 28000?<\/strong>\u00a0A bateria do\u00a0<strong data-start=\"6134\" data-end=\"6154\">Arymi IFun 28000<\/strong>\u00a0\u00e9 com uma\u00a0<strong data-start=\"6169\" data-end=\"6196\">600 mAh bateria de cobalto<\/strong>\u00a0equipados, que s\u00e3o para at\u00e9\u00a0<strong data-start=\"6226\" data-end=\"6241\">28.000 trens<\/strong>\u00a0ausreicht. Das Ger\u00e4t kann bei Bedarf \u00fcber den\u00a0<strong data-start=\"6288\" data-end=\"6308\">Conector Type-C<\/strong>\u00a0serem carregados.<\/p>\n<p data-start=\"6329\" data-end=\"6503\"><strong data-start=\"6329\" data-end=\"6372\">Qual \u00e9 a capacidade do l\u00edquido eletr\u00f4nico?<\/strong>\u00a0A\u00a0<strong data-start=\"6377\" data-end=\"6399\">Capacidade de E-L\u00edquido<\/strong>\u00a0des Ger\u00e4ts betr\u00e4gt -&gt; do dispositivo \u00e9\u00a0<strong data-start=\"6419\" data-end=\"6428\">28 ml<\/strong>, o que garante uma utiliza\u00e7\u00e3o prolongada sem necessidade de reabastecimento frequente.<\/p>\n<p data-start=\"6505\" data-end=\"6660\"><strong data-start=\"6505\" data-end=\"6544\">4. Como posso carregar o dispositivo?<\/strong>\u00a0Das Ger\u00e4t ist mit einem\u00a0<strong data-start=\"6569\" data-end=\"6593\">Conector de carregamento tipo C<\/strong>\u00a0equipado, o que permite um carregamento r\u00e1pido e f\u00e1cil.<\/p>\n<p data-start=\"6662\" data-end=\"6865\"><strong data-start=\"6662\" data-end=\"6699\">Quais sabores est\u00e3o dispon\u00edveis?<\/strong>\u00a0Derzeit bietet die\u00a0<strong data-start=\"6719\" data-end=\"6739\">Arymi IFun 28000<\/strong>\u00a0dois sabores populares:\u00a0<strong data-start=\"6762\" data-end=\"6785\">Mirtilo Framboesa<\/strong>\u00a0e\u00a0<strong data-start=\"6790\" data-end=\"6800\">Mojito<\/strong>Mais sabores podem estar dispon\u00edveis no futuro.<\/p>\n<hr data-start=\"6867\" data-end=\"6870\" \/>\n<h3 data-start=\"6872\" data-end=\"6881\">Conclus\u00e3o<\/h3>\n<p data-start=\"6883\" data-end=\"7489\">A\u00a0<strong data-start=\"6887\" data-end=\"6931\"><a href=\"https:\/\/alfakher24h.de\/pt\/\">Arymi<\/a> IFun 28000 Z\u00fcge Einweg E-Zigarette \nse torna \nIFun 28000 tragadas Cigarro eletr\u00f4nico descart\u00e1vel<\/strong>\u00a0\u00e9 um dispositivo potente, vers\u00e1til e f\u00e1cil de usar que entusiasma tanto os novos quanto os experientes vapers. Com uma\u00a0<strong data-start=\"7068\" data-end=\"7100\">Capacidade de E-L\u00edquido de 28 ml<\/strong>,\u00a0<strong data-start=\"7102\" data-end=\"7118\">28.000 trens<\/strong>,\u00a0<strong data-start=\"7120\" data-end=\"7146\">Bobina de malha de alta qualidade<\/strong>\u00a0e\u00a0<strong data-start=\"7151\" data-end=\"7178\">fluxo de ar ajust\u00e1vel<\/strong>\u00a0oferece tudo o que voc\u00ea precisa para uma experi\u00eancia de vaporiza\u00e7\u00e3o intensa e agrad\u00e1vel. Descubra a experi\u00eancia de vaporiza\u00e7\u00e3o definitiva e compre o\u00a0<strong data-start=\"7339\" data-end=\"7383\">Arymi IFun 28000 Z\u00fcge Einweg E-Zigarette \nbecomes \nArymi IFun 28000 Z\u00fcge Einweg E-Zigarette \n\n No translation needed for numbers and brand names \n\nHowever ,  here is  translation for description \n\nbecomes \nArymi IFun 28000 puffs disposable E-cigarette<\/strong>\u00a0ainda hoje no alfakher24h.de, o seu maior loja online para\u00a0<strong data-start=\"7450\" data-end=\"7488\">E-Zigarettes descart\u00e1veis na Alemanha<\/strong>.<\/p>","protected":false},"excerpt":{"rendered":"<p><strong data-start=\"6887\" data-end=\"6931\">Arymi IFun 28000 Z\u00fcge Einweg E-Zigarette \nbecomes \nArymi IFun 28000 Z\u00fcge Einweg E-Zigarette \n\n No translation needed for numbers and brand names \n\nHowever ,  here is  translation for description \n\nbecomes \nArymi IFun 28000 puffs disposable E-cigarette<\/strong>\u00a0\u00e9 um dispositivo potente, vers\u00e1til e f\u00e1cil de usar que entusiasma tanto os novos quanto os experientes vapers. Com uma\u00a0<strong data-start=\"7068\" data-end=\"7100\">Capacidade de E-L\u00edquido de 28 ml<\/strong>,\u00a0<strong data-start=\"7102\" data-end=\"7118\">28.000 trens<\/strong>,\u00a0<strong data-start=\"7120\" data-end=\"7146\">Bobina de malha de alta qualidade<\/strong>\u00a0e\u00a0<strong data-start=\"7151\" data-end=\"7178\">fluxo de ar ajust\u00e1vel<\/strong>\u00a0oferece tudo o que voc\u00ea precisa para uma experi\u00eancia de vaporiza\u00e7\u00e3o intensa e agrad\u00e1vel. Descubra a experi\u00eancia de vaporiza\u00e7\u00e3o definitiva e compre o\u00a0<strong data-start=\"7339\" data-end=\"7383\">Arymi IFun 28000 Z\u00fcge Einweg E-Zigarette \nbecomes \nArymi IFun 28000 Z\u00fcge Einweg E-Zigarette \n\n No translation needed for numbers and brand names \n\nHowever ,  here is  translation for description \n\nbecomes \nArymi IFun 28000 puffs disposable E-cigarette<\/strong><\/p>","protected":false},"featured_media":1763,"comment_status":"open","ping_status":"closed","template":"","meta":{"om_disable_all_campaigns":false},"product_brand":[],"product_cat":[45],"product_tag":[],"class_list":{"0":"post-1762","1":"product","2":"type-product","3":"status-publish","4":"has-post-thumbnail","6":"product_cat-arymi-ifun-28000","8":"first","9":"outofstock","10":"shipping-taxable","11":"purchasable","12":"product-type-simple"},"_links":{"self":[{"href":"https:\/\/alfakher24h.de\/pt\/wp-json\/wp\/v2\/product\/1762","targetHints":{"allow":["GET"]}}],"collection":[{"href":"https:\/\/alfakher24h.de\/pt\/wp-json\/wp\/v2\/product"}],"about":[{"href":"https:\/\/alfakher24h.de\/pt\/wp-json\/wp\/v2\/types\/product"}],"replies":[{"embeddable":true,"href":"https:\/\/alfakher24h.de\/pt\/wp-json\/wp\/v2\/comments?post=1762"}],"wp:featuredmedia":[{"embeddable":true,"href":"https:\/\/alfakher24h.de\/pt\/wp-json\/wp\/v2\/media\/1763"}],"wp:attachment":[{"href":"https:\/\/alfakher24h.de\/pt\/wp-json\/wp\/v2\/media?parent=1762"}],"wp:term":[{"taxonomy":"product_brand","embeddable":true,"href":"https:\/\/alfakher24h.de\/pt\/wp-json\/wp\/v2\/product_brand?post=1762"},{"taxonomy":"product_cat","embeddable":true,"href":"https:\/\/alfakher24h.de\/pt\/wp-json\/wp\/v2\/product_cat?post=1762"},{"taxonomy":"product_tag","embeddable":true,"href":"https:\/\/alfakher24h.de\/pt\/wp-json\/wp\/v2\/product_tag?post=1762"}],"curies":[{"name":"wp","href":"https:\/\/api.w.org\/{rel}","templated":true}]}}