{"id":1760,"date":"2025-03-11T05:34:06","date_gmt":"2025-03-11T05:34:06","guid":{"rendered":"https:\/\/alfakher24h.de\/?post_type=product&#038;p=1760"},"modified":"2025-07-12T13:27:56","modified_gmt":"2025-07-12T13:27:56","slug":"httperror-response-code-429-too-many-requests-24","status":"publish","type":"product","link":"https:\/\/alfakher24h.de\/pt\/produto\/httperror-response-code-429-too-many-requests-24\/","title":{"rendered":"Arymi IFun 28000 Z\u00fcge Einweg E Zigarette \u2013 Double apple \u2013 blueberry cherry cranbarry \n\nbecomes \n\nArymi IFun 28000 Zugs Disposable E-Cigarette \u2013 Double Apple \u2013 Blueberry Cherry Cranberry"},"content":{"rendered":"<h2 data-start=\"493\" data-end=\"598\"><strong data-start=\"497\" data-end=\"598\">Arymi IFun 28000 Z\u00fcge\u00a0Einweg E-Zigarette: A Escolha \u00daltima para Amantes de Vaping na Alemanha<\/strong><\/h2>\n<div style=\"width: 848px;\" class=\"wp-video\"><video class=\"wp-video-shortcode\" id=\"video-1760-1\" width=\"848\" height=\"478\" preload=\"metadata\" controls=\"controls\"><source type=\"video\/mp4\" src=\"https:\/\/alfakher24h.de\/wp-content\/uploads\/2025\/03\/VID-20241031-WA0010.mp4?_=1\" \/><a href=\"https:\/\/alfakher24h.de\/wp-content\/uploads\/2025\/03\/VID-20241031-WA0010.mp4\">https:\/\/alfakher24h.de\/wp-content\/uploads\/2025\/03\/VID-20241031-WA0010.mp4<\/a><\/video><\/div>\n<p data-start=\"600\" data-end=\"1130\">A\u00a0<strong data-start=\"604\" data-end=\"648\">Arymi IFun 28000 Z\u00fcge Einweg E-Zigarette \nbecomes \nArymi IFun 28000 Z\u00fcge Einweg E-Zigarette \n\n No translation needed for numbers and brand names \n\nHowever ,  here is  translation for description \n\nbecomes \nArymi IFun 28000 puffs disposable E-cigarette<\/strong>\u00a0Representa uma verdadeira revolu\u00e7\u00e3o no setor dos vapes descart\u00e1veis e estabelece novos padr\u00f5es de qualidade, sabor e experi\u00eancia do usu\u00e1rio. Com um impressionante n\u00famero de 28.000 tragadas e um design amig\u00e1vel, este cigarro eletr\u00f4nico \u00e9 a escolha ideal para vapers que procuram longa durabilidade e sabor de primeira classe. Aqui, voc\u00ea n\u00e3o obt\u00e9m apenas um alto desempenho, mas tamb\u00e9m uma variedade de aromas que tornam cada momento de vaporiza\u00e7\u00e3o uma experi\u00eancia \u00fanica.<\/p>\n<h4 data-start=\"1132\" data-end=\"1160\"><strong data-start=\"1137\" data-end=\"1160\">Descri\u00e7\u00e3o do produto<\/strong><\/h4>\n<p data-start=\"1162\" data-end=\"1744\">A\u00a0<strong data-start=\"1166\" data-end=\"1210\">Arymi IFun 28000 Z\u00fcge Einweg E-Zigarette \nbecomes \nArymi IFun 28000 Z\u00fcge Einweg E-Zigarette \n\n No translation needed for numbers and brand names \n\nHowever ,  here is  translation for description \n\nbecomes \nArymi IFun 28000 puffs disposable E-cigarette<\/strong>\u00a0foi desenvolvido com o objetivo de proporcionar uma experi\u00eancia de vapor incompar\u00e1vel. Com uma generosa\u00a0<strong data-start=\"1311\" data-end=\"1334\">Capacidade de 28 ml<\/strong>\u00a0E-Liquid e um\u00a0<strong data-start=\"1354\" data-end=\"1378\">Nikotingehalt von 21mg \n(keine direkte \u00dcbersetzung, mas presume-se que \"TP3T\" seja uma abrevia\u00e7\u00e3o ou c\u00f3digo, ent\u00e3o traduziu-se somente o valor num\u00e9rico) \n21mg<\/strong>\u00a0\u00e9 perfeita para quem deseja saborear tanto o sabor quanto a nicotina. A\u00a0<strong data-start=\"1480\" data-end=\"1512\">600 mAh bateria de cobalto puro<\/strong>\u00a0permite que voc\u00ea aproveite cada tra\u00e7\u00e3o at\u00e9 o \u00faltimo suspiro. Gra\u00e7as ao\u00a0<strong data-start=\"1592\" data-end=\"1640\">Tecnologia de Bobina Mesh (1,0 \u03a9 Bobina Mesh Dupla)<\/strong>\u00a0O sabor fica intenso e encorpado, levando a uma experi\u00eancia de vaporiza\u00e7\u00e3o especialmente saborosa.<\/p>\n<p data-start=\"1746\" data-end=\"2170\">Um destaque desta e-cigarra \u00e9 o\u00a0<strong data-start=\"1800\" data-end=\"1826\">fluxo de ar ajust\u00e1vel<\/strong>, que permite ao usu\u00e1rio personalizar a experi\u00eancia de vaporiza\u00e7\u00e3o de acordo com suas prefer\u00eancias. Se voc\u00ea preferir uma tragada suave ou um sabor intenso e forte, o IFun 28000 pode fornecer ambos. Al\u00e9m disso, o\u00a0<strong data-start=\"2057\" data-end=\"2093\">Indicador de bateria e l\u00edquido eletr\u00f4nico<\/strong>\u00a0para que voc\u00ea sempre saiba quando \u00e9 hora de comprar o pr\u00f3ximo vape.<\/p>\n<p data-start=\"2172\" data-end=\"2428\">Devido ao design pr\u00e1tico e compacto do\u00a0<strong data-start=\"2219\" data-end=\"2239\">Arymi IFun 28000<\/strong>\u00a0Voc\u00ea pode levar este cigarro eletr\u00f4nico a qualquer lugar. Ele n\u00e3o \u00e9 apenas f\u00e1cil de usar, mas tamb\u00e9m extremamente confi\u00e1vel - ideal para uso em movimento, em viagens ou ao relaxar em casa.<\/p>\n<h3 data-start=\"2430\" data-end=\"2500\"><strong data-start=\"2434\" data-end=\"2500\">Caracter\u00edsticas importantes dos cigarros eletr\u00f3nicos descart\u00e1veis Arymi IFun 28000<\/strong><\/h3>\n<ul data-start=\"2502\" data-end=\"3487\">\n<li data-start=\"2502\" data-end=\"2679\"><strong data-start=\"2504\" data-end=\"2550\">Incr\u00edvel n\u00famero de trens (28.000 trens)<\/strong>: Com um dos maiores n\u00fameros de puffs no mercado, voc\u00ea obt\u00e9m mais do que suficientes tragadas antes de precisar de um novo cigarro eletr\u00f4nico.<\/li>\n<li data-start=\"2680\" data-end=\"2835\"><strong data-start=\"2682\" data-end=\"2714\">Capacidade de E-L\u00edquido de 28 ml<\/strong>Uma generosa capacidade de l\u00edquido que garante um prazer duradouro sem a necessidade de reabastecimento constante.<\/li>\n<li data-start=\"2836\" data-end=\"2953\"><strong data-start=\"2838\" data-end=\"2862\">21mg<\/strong>Ideal para quem deseja um n\u00edvel moderado de nicotina, sem exagerar na dose.<\/li>\n<li data-start=\"2954\" data-end=\"3091\"><strong data-start=\"2956\" data-end=\"2993\">Tecnologia de bobina de malha de alta qualidade<\/strong>: A bobina Dual Mesh de 1,0 \u03a9 garante uma evapora\u00e7\u00e3o uniforme e um sabor intenso.<\/li>\n<li data-start=\"3092\" data-end=\"3204\"><strong data-start=\"3094\" data-end=\"3121\">Fluxo de ar ajust\u00e1vel<\/strong>: Adapte sua experi\u00eancia de vaporiza\u00e7\u00e3o, de suave a potente, de acordo com suas prefer\u00eancias.<\/li>\n<li data-start=\"3205\" data-end=\"3326\"><strong data-start=\"3207\" data-end=\"3248\">Indicadores para E-L\u00edquido e Bateria<\/strong>: Mantenha-se sempre informado sobre o n\u00edvel de enchimento e o estado de carga.<\/li>\n<li data-start=\"3327\" data-end=\"3487\"><strong data-start=\"3329\" data-end=\"3352\">M\u00f3vel e pr\u00e1tico<\/strong>Com um peso de apenas 120 g por unidade e um design pr\u00e1tico, o IFun 28000 \u00e9 a escolha ideal para o uso di\u00e1rio.<\/li>\n<\/ul>\n<h3 data-start=\"3489\" data-end=\"3548\"><strong data-start=\"3493\" data-end=\"3548\">Os sabores de cigarro eletr\u00f4nico descart\u00e1vel Arymi IFun 28000<\/strong><\/h3>\n<p data-start=\"3550\" data-end=\"3815\">Os cigarros eletr\u00f3nicos descart\u00e1veis Arymi IFun 28000 chegam numa ampla gama de sabores emocionais, perfeitamente adaptados aos sentidos gustativos. Aqui apresentamos os sabores mais populares, que se destacam pela sua\u00a0<strong data-start=\"3766\" data-end=\"3786\">Arymi IFun 28000<\/strong>\u00a0E-Zigaretten sind erh\u00e4ltlich als:<\/p>\n<h4 data-start=\"3817\" data-end=\"3841\"><strong data-start=\"3822\" data-end=\"3841\">1. Ma\u00e7\u00e3 Dupla<\/strong><\/h4>\n<p data-start=\"3842\" data-end=\"4394\">O sabor de\u00a0<strong data-start=\"3860\" data-end=\"3876\">Double Apple<\/strong>\u00a0\u00c9 uma verdadeira explos\u00e3o de sabor para todos os amantes de ma\u00e7\u00e3s. Com uma mistura de notas de ma\u00e7\u00e3 doce e ligeiramente \u00e1cida, perfeitamente harmonizadas, este sabor oferece uma experi\u00eancia fresca e crocante que permanece refrescante o dia todo. A propor\u00e7\u00e3o equilibrada entre do\u00e7ura e frescor torna este aroma um companheiro ideal para a sua jornada de vaporiza\u00e7\u00e3o. O sabor ligeiramente frutado faz voc\u00ea sonhar com sensa\u00e7\u00f5es de colheita de ma\u00e7\u00e3s suculentas e traz uma frescura natural a cada tragada.<\/p>\n<h4 data-start=\"4396\" data-end=\"4417\"><strong data-start=\"4401\" data-end=\"4417\">2. Mirtilo<\/strong><\/h4>\n<p data-start=\"4418\" data-end=\"4974\">O\u00a0<strong data-start=\"4422\" data-end=\"4435\">Mirtilo<\/strong>-Aroma oferece um sabor delicioso e intenso de mirtilos maduros e frescos. Cada tragada desdobra um sabor doce e ao mesmo tempo ligeiramente \u00e1cido, que refresca os sentidos e oferece uma do\u00e7ura agrad\u00e1vel. Os mirtilos transformam-se numa experi\u00eancia arom\u00e1tica que lembra um conto de ver\u00e3o \u2013 simplesmente perfeito para todos aqueles que desejam saborear o sabor frutado intenso. A cada inala\u00e7\u00e3o, voc\u00ea sente como o sabor fresco das frutas se desdobra em sua boca, proporcionando uma experi\u00eancia de vaporiza\u00e7\u00e3o satisfat\u00f3ria.<\/p>\n<h4 data-start=\"4976\" data-end=\"4994\"><strong data-start=\"4981\" data-end=\"4994\">3. Cherry -&gt; 3. Cereja<\/strong><\/h4>\n<p data-start=\"4995\" data-end=\"5406\"><strong data-start=\"4995\" data-end=\"5005\">Cherry<\/strong>\u00a0ou cereja \u00e9 outro aroma popular que capta perfeitamente o sabor doce e ligeiramente \u00e1cido da cereja. \u00c9 o ep\u00edtome de frutalidade e proporciona um sabor harmonioso e agrad\u00e1vel que regala o paladar. Seja em combina\u00e7\u00e3o com outras frutas ou como sabor \u00fanico, a\u00a0<strong data-start=\"5328\" data-end=\"5338\">Cherry<\/strong>-Option sorgt stets f\u00fcr eine erfrischende und s\u00fc\u00dfe Vaping-Erfahrung.<\/p>\n<h4 data-start=\"5408\" data-end=\"5429\"><strong data-start=\"5413\" data-end=\"5429\">4. Cranberry<\/strong><\/h4>\n<p data-start=\"5430\" data-end=\"5940\">A\u00a0<strong data-start=\"5434\" data-end=\"5447\">Cranberry<\/strong>O sabor traz uma acidez refrescante que se destaca agradavelmente dos aromas frutados mais doces. O sabor amargo do cranberry \u00e9 equilibrado por uma do\u00e7ura leve, levando a uma experi\u00eancia de vaporiza\u00e7\u00e3o equilibrada e fresca. Este aroma \u00e9 perfeito para quem procura um sabor frutado que seja ao mesmo tempo refrescante e um pouco mais ex\u00f3tico. O sabor fresco e ligeiramente amargo proporciona uma agrad\u00e1vel varia\u00e7\u00e3o e \u00e9 ideal para o consumo di\u00e1rio.<\/p>\n<h2 data-start=\"0\" data-end=\"91\"><img loading=\"lazy\" decoding=\"async\" class=\"alignnone wp-image-2302 size-full\" title=\"Arymi IFun 28000 Z\u00fcge Einweg E Zigarette - Double apple - blueberry cherry cranbarry 2 becomes Arymi IFun 28000 Zugs Disposable E-Cigarette - Double Apple - Blueberry Cherry Cranberry 2\" src=\"https:\/\/alfakher24h.de\/wp-content\/uploads\/2025\/03\/all1.webp\" sizes=\"auto, (max-width: 904px) 100vw, 904px\" srcset=\"https:\/\/alfakher24h.de\/wp-content\/uploads\/2025\/03\/all1.webp 904w, https:\/\/alfakher24h.de\/wp-content\/uploads\/2025\/03\/all1-212x300.webp 212w, https:\/\/alfakher24h.de\/wp-content\/uploads\/2025\/03\/all1-723x1024.webp 723w, https:\/\/alfakher24h.de\/wp-content\/uploads\/2025\/03\/all1-768x1087.webp 768w, https:\/\/alfakher24h.de\/wp-content\/uploads\/2025\/03\/all1-8x12.webp 8w, https:\/\/alfakher24h.de\/wp-content\/uploads\/2025\/03\/all1-600x850.webp 600w\" alt=\"Arymi IFun 28000 Z\u00fcge Einweg E Zigarette - Double apple - blueberry cherry cranbarry becomes Arymi IFun 28000 Zugs Disposable E-Cigarette - Double Apple - Blueberry Cherry Cranberry\" width=\"904\" height=\"1280\" \/><\/h2>\n<hr data-start=\"4635\" data-end=\"4638\" \/>\n<h3 data-start=\"5942\" data-end=\"6019\"><strong data-start=\"5946\" data-end=\"6019\">Por que voc\u00ea deve comprar o cigarro eletr\u00f4nico descart\u00e1vel Arymi IFun 28000 tragadas<\/strong><\/h3>\n<p data-start=\"6021\" data-end=\"6541\">A\u00a0<strong data-start=\"6025\" data-end=\"6069\">Arymi IFun 28000 Z\u00fcge Einweg E-Zigarette \nbecomes \nArymi IFun 28000 Z\u00fcge Einweg E-Zigarette \n\n No translation needed for numbers and brand names \n\nHowever ,  here is  translation for description \n\nbecomes \nArymi IFun 28000 puffs disposable E-cigarette<\/strong>\u00a0\u00e9 a escolha perfeita para todos que procuram uma experi\u00eancia de vaporiza\u00e7\u00e3o duradoura e saborosa. Com um elevado n\u00famero de tragadas, uma grande capacidade de e-l\u00edquido e uma bateria potente, este cigarro eletr\u00f3nico garante uma utiliza\u00e7\u00e3o prolongada sem necessidade de reabastecimento ou recarga frequentes. O fluxo de ar ajust\u00e1vel permite-lhe personalizar a experi\u00eancia de vaporiza\u00e7\u00e3o de acordo com as suas prefer\u00eancias individuais, enquanto os v\u00e1rios sabores satisfazem todos os gostos.<\/p>\n<p data-start=\"6543\" data-end=\"7035\">Se voc\u00ea estiver procurando por um cigarro eletr\u00f4nico descart\u00e1vel de alta qualidade e durabilidade na Alemanha, que ofere\u00e7a uma experi\u00eancia de sabor incompar\u00e1vel, \u00e9 o\u00a0<strong data-start=\"6698\" data-end=\"6742\">Arymi IFun 28000 Z\u00fcge Einweg E-Zigarette \nbecomes \nArymi IFun 28000 Z\u00fcge Einweg E-Zigarette \n\n No translation needed for numbers and brand names \n\nHowever ,  here is  translation for description \n\nbecomes \nArymi IFun 28000 puffs disposable E-cigarette<\/strong>\u00a0a escolha ideal.\u00a0<strong data-start=\"6760\" data-end=\"6833\">Compre seu cigarro eletr\u00f4nico descart\u00e1vel diretamente conosco em alfakher24h.de<\/strong>, a maior plataforma de vendas de Disposable Vapes na Alemanha. Oferecemos-lhe n\u00e3o apenas os melhores pre\u00e7os, mas tamb\u00e9m uma variedade de sabores e produtos de primeira qualidade para suas necessidades.<\/p>\n<h3 data-start=\"7037\" data-end=\"7094\"><strong data-start=\"7041\" data-end=\"7094\">Perguntas Frequentes sobre a Arymi IFun 28000 Z\u00fcge  E-Zigarro Descart\u00e1vel<\/strong><\/h3>\n<p data-start=\"7096\" data-end=\"7282\"><strong data-start=\"7096\" data-end=\"7158\">1. Quantos golpes o cigarro eletr\u00f4nico Arymi IFun 28000 oferece?<\/strong><br data-start=\"7158\" data-end=\"7161\" \/>A Arymi IFun oferece at\u00e9\u00a0<strong data-start=\"7190\" data-end=\"7205\">28.000 trens<\/strong>, o que a torna uma das e-cigarros descart\u00e1veis mais dur\u00e1veis do mercado.<\/p>\n<p data-start=\"7284\" data-end=\"7461\"><strong data-start=\"7284\" data-end=\"7345\">2. Qual \u00e9 o teor de nicotina contido no IFun 28000?<\/strong><br data-start=\"7345\" data-end=\"7348\" \/>A\u00a0<strong data-start=\"7352\" data-end=\"7372\">Arymi IFun 28000<\/strong>\u00a0cont\u00e9m\u00a0<strong data-start=\"7381\" data-end=\"7395\">2% Nikotin<\/strong>, ideal para aqueles que preferem uma dose moderada de nicotina.<\/p>\n<p data-start=\"7463\" data-end=\"7706\"><strong data-start=\"7463\" data-end=\"7536\">Quais sabores est\u00e3o dispon\u00edveis no cigarro eletr\u00f4nico Arymi IFun 28000?<\/strong><br data-start=\"7536\" data-end=\"7539\" \/>Entre os sabores mais populares est\u00e3o\u00a0<strong data-start=\"7574\" data-end=\"7590\">Double Apple<\/strong>,\u00a0<strong data-start=\"7592\" data-end=\"7605\">Mirtilo<\/strong>,\u00a0<strong data-start=\"7607\" data-end=\"7617\">Cherry<\/strong>\u00a0e\u00a0<strong data-start=\"7622\" data-end=\"7635\">Cranberry<\/strong>Cada aroma proporciona uma experi\u00eancia de vapor \u00fanica e intensa.<\/p>\n<p data-start=\"7708\" data-end=\"7915\"><strong data-start=\"7708\" data-end=\"7760\">4. Quanto tempo dura a bateria do Arymi IFun 28000?<\/strong><br data-start=\"7760\" data-end=\"7763\" \/>A\u00a0<strong data-start=\"7767\" data-end=\"7787\">Arymi IFun 28000<\/strong>\u00a0disp\u00f5e de uma dur\u00e1vel\u00a0<strong data-start=\"7817\" data-end=\"7837\">600 mAh bateria<\/strong>que garante uma variedade de tiros antes que seja necess\u00e1rio recarregar.<\/p>\n<p data-start=\"7917\" data-end=\"8097\"><strong data-start=\"7917\" data-end=\"7965\">5. A Arymi IFun 28000 \u00e9 recarreg\u00e1vel?<\/strong><br data-start=\"7965\" data-end=\"7968\" \/>Sim, a\u00a0<strong data-start=\"7976\" data-end=\"7996\">Arymi IFun 28000<\/strong>\u00a0\u00e9 com um\u00a0<strong data-start=\"8011\" data-end=\"8035\">Conector de carregamento tipo C<\/strong>\u00a0equipado para que voc\u00ea possa carregar a bateria conforme necess\u00e1rio.<\/p>\n<hr data-start=\"8099\" data-end=\"8102\" \/>\n<p data-start=\"8104\" data-end=\"8277\" data-is-last-node=\"\">Para mais informa\u00e7\u00f5es e para\u00a0<strong data-start=\"8135\" data-end=\"8150\">Comprar vape<\/strong>, visite nosso site<a href=\"https:\/\/alfakher24h.de\/pt\/\"> alfakher24h.de<\/a>, Sua primeira escolha para Vapes Descart\u00e1veis na Alemanha!<\/p>","protected":false},"excerpt":{"rendered":"<p><strong data-start=\"6025\" data-end=\"6069\">Arymi IFun 28000 Z\u00fcge Einweg E-Zigarette \nbecomes \nArymi IFun 28000 Z\u00fcge Einweg E-Zigarette \n\n No translation needed for numbers and brand names \n\nHowever ,  here is  translation for description \n\nbecomes \nArymi IFun 28000 puffs disposable E-cigarette<\/strong>\u00a0\u00e9 a escolha perfeita para todos que procuram uma experi\u00eancia de vaporiza\u00e7\u00e3o duradoura e saborosa. Com um elevado n\u00famero de tragadas, uma grande capacidade de e-l\u00edquido e uma bateria potente, este cigarro eletr\u00f3nico garante uma utiliza\u00e7\u00e3o prolongada sem necessidade de reabastecimento ou recarga frequentes. O fluxo de ar ajust\u00e1vel permite-lhe personalizar a experi\u00eancia de vaporiza\u00e7\u00e3o de acordo com as suas prefer\u00eancias individuais, enquanto os v\u00e1rios sabores satisfazem todos os gostos.<\/p>","protected":false},"featured_media":1761,"comment_status":"open","ping_status":"closed","template":"","meta":{"om_disable_all_campaigns":false},"product_brand":[],"product_cat":[45],"product_tag":[],"class_list":{"0":"post-1760","1":"product","2":"type-product","3":"status-publish","4":"has-post-thumbnail","6":"product_cat-arymi-ifun-28000","8":"first","9":"outofstock","10":"shipping-taxable","11":"purchasable","12":"product-type-simple"},"_links":{"self":[{"href":"https:\/\/alfakher24h.de\/pt\/wp-json\/wp\/v2\/product\/1760","targetHints":{"allow":["GET"]}}],"collection":[{"href":"https:\/\/alfakher24h.de\/pt\/wp-json\/wp\/v2\/product"}],"about":[{"href":"https:\/\/alfakher24h.de\/pt\/wp-json\/wp\/v2\/types\/product"}],"replies":[{"embeddable":true,"href":"https:\/\/alfakher24h.de\/pt\/wp-json\/wp\/v2\/comments?post=1760"}],"wp:featuredmedia":[{"embeddable":true,"href":"https:\/\/alfakher24h.de\/pt\/wp-json\/wp\/v2\/media\/1761"}],"wp:attachment":[{"href":"https:\/\/alfakher24h.de\/pt\/wp-json\/wp\/v2\/media?parent=1760"}],"wp:term":[{"taxonomy":"product_brand","embeddable":true,"href":"https:\/\/alfakher24h.de\/pt\/wp-json\/wp\/v2\/product_brand?post=1760"},{"taxonomy":"product_cat","embeddable":true,"href":"https:\/\/alfakher24h.de\/pt\/wp-json\/wp\/v2\/product_cat?post=1760"},{"taxonomy":"product_tag","embeddable":true,"href":"https:\/\/alfakher24h.de\/pt\/wp-json\/wp\/v2\/product_tag?post=1760"}],"curies":[{"name":"wp","href":"https:\/\/api.w.org\/{rel}","templated":true}]}}