{"id":176,"date":"2024-09-13T08:21:52","date_gmt":"2024-09-13T08:21:52","guid":{"rendered":"https:\/\/alfakher24h.de\/?post_type=product&#038;p=176"},"modified":"2025-02-26T06:08:07","modified_gmt":"2025-02-26T06:08:07","slug":"barra-de-coroa-al-fakher-por-8-000-baforadas-de-gelo-descartavel-para-cigarro-eletronico","status":"publish","type":"product","link":"https:\/\/alfakher24h.de\/pt\/produto\/barra-de-coroa-al-fakher-por-8-000-baforadas-de-gelo-descartavel-para-cigarro-eletronico\/","title":{"rendered":"AL Fakher Crown Bar Pro 8000 tragadas Cigarro eletr\u00f4nico descart\u00e1vel com nicotina - Berry mint"},"content":{"rendered":"<h2><strong><a href=\"https:\/\/alfakher24h.de\/pt\/categoria-de-produto\/al-fakher-coroa-em-dinheiro-por-8-000\/\">AL Fakher Crown Bar Pro 8000 Z\u00fcge \n\nbecomes \n\nAL Fakher Crown Bar Pro 8000 puffs<\/a> Cigarrinho Descart\u00e1vel com Nicotina - Berry Ice: Inova\u00e7\u00e3o e Prazer em Um<\/strong><\/h2>\n<p>Experimente uma experi\u00eancia de vapor incompar\u00e1vel com a <strong>AL Fakher Crown Bar Pro 8000 Z\u00fcge \n\nbecomes \n\nAL Fakher Crown Bar Pro 8000 puffs <a href=\"https:\/\/alfakher24h.de\/pt\/\">Cigarrinha eletr\u00f4nica descart\u00e1vel com nicotina<\/a><\/strong> \u2013 um produto premium que convence tanto pela sua tecnologia como pelo seu sabor intenso. Este cigarro eletr\u00f3nico moderno combina um design elegante e port\u00e1til com uma capacidade de desempenho impressionante, o que o torna a escolha perfeita para os vapers na Alemanha que procuram conforto e prazer. Com at\u00e9 <strong>8000 trens<\/strong> e um delicioso <strong>Sabor Berry Ice<\/strong> Este dispositivo leva o prazer do vapor a um n\u00edvel completamente novo.<\/p>\n<p>A <strong>AL Fakher Crown Bar Pro 8000 Z\u00fcge \n\nbecomes \n\nAL Fakher Crown Bar Pro 8000 puffs<\/strong> s\u00e3o n\u00e3o apenas poderosos, mas tamb\u00e9m f\u00e1ceis de usar e ideais para todos aqueles que desejam uma experi\u00eancia de vaporiza\u00e7\u00e3o descomplicada e de alta qualidade. Como a maior plataforma online da Alemanha para cigarros eletr\u00f4nicos descart\u00e1veis, oferecemos em <strong>alfakher24h.de<\/strong> uma ampla sele\u00e7\u00e3o de vapes premium, incluindo os <strong>Crown Bar Pro<\/strong> que \u00e9 conhecida por sua excelente qualidade.<\/p>\n<hr \/>\n<h2><strong>AL Fakher Crown Bar Pro 8000 Z\u00fcge \n\nbecomes \n\nAL Fakher Crown Bar Pro 8000 puffs <\/strong>Descri\u00e7\u00e3o do produto: AL Fakher Crown Bar Pro 8000 - O desempenho encontra o estilo<\/h2>\n<p>A <strong>AL Fakher Crown Bar Pro<\/strong> seduz pela sua moderna design e t\u00e9cnica inovadora, que garante uma longa vida \u00fatil e um sabor intenso. Com uma <strong>Capacidade de E-L\u00edquido de 18 ml<\/strong> e um <strong>For\u00e7a de nicotina de 5 mg (0,5 %)<\/strong> oferece uma experi\u00eancia de vapor equilibrada, adequada tanto para iniciantes quanto para vaporizadores experientes.<\/p>\n<p>Atrav\u00e9s da avan\u00e7ada <strong>Bobina de malha<\/strong> torna-se cada gole uma experi\u00eancia gustativa intensa, enquanto o <strong>600 mAh bateria<\/strong> com <strong>Fun\u00e7\u00e3o de carregamento r\u00e1pido tipo C<\/strong> para uma utiliza\u00e7\u00e3o sem preocupa\u00e7\u00f5es durante todo o dia. Gra\u00e7as \u00e0 alta capacidade de carga de at\u00e9 8000 puffs, voc\u00ea n\u00e3o precisa se preocupar com constantes reabastecimentos ou recargas - simplesmente vape e aproveite.<\/p>\n<hr \/>\n<h2><strong>AL Fakher Crown Bar Pro 8000 Z\u00fcge \n\nbecomes \n\nAL Fakher Crown Bar Pro 8000 puffs <\/strong>Caracter\u00edsticas do AL Fakher Crown Bar Pro 8000 Puxadas<\/h2>\n<ul>\n<li><strong>8000 trens<\/strong> : Com uma capacidade de at\u00e9 8000 trens este <a href=\"https:\/\/alfakher24h.de\/pt\/\">Cigarrinha eletr\u00f4nica descart\u00e1vel<\/a> \u00e9 duradouro e oferece uma experi\u00eancia de vaporiza\u00e7\u00e3o prolongada, sem que voc\u00ea precise se preocupar com a substitui\u00e7\u00e3o.<\/li>\n<li><strong>18 ml E-Liquid<\/strong> : O volume generoso de 18 ml enche garante um prazer de vapor cont\u00ednuo sem reabastecimento frequente.<\/li>\n<li><strong>600 mAh bateria<\/strong> : A bateria potente permite que voc\u00ea vaporize por muito tempo antes que uma recarga seja necess\u00e1ria.<\/li>\n<li><strong>Fun\u00e7\u00e3o de carregamento r\u00e1pido tipo C<\/strong> : Com a moderna fun\u00e7\u00e3o de carregamento Type-C, a bateria fica pronta para uso novamente rapidamente, de modo que n\u00e3o s\u00e3o necess\u00e1rios longos tempos de carregamento.<\/li>\n<li><strong>Bobina de malha<\/strong> : A inovadora bobina de malha oferece um sabor mais intenso em cada tragada, o que aumenta consideravelmente o prazer.<\/li>\n<li><strong>For\u00e7a de nicotina de 5 mg (0,5%)<\/strong> Ideal para uma experi\u00eancia de inala\u00e7\u00e3o equilibrada, que \u00e9 satisfat\u00f3ria, mas n\u00e3o opressor.<\/li>\n<li><strong>Design elegante e pr\u00e1tico<\/strong> : Magro, compacto e port\u00e1til - ideal para viagem e perfeito para levar sempre consigo.<\/li>\n<\/ul>\n<p>Com o AL Fakher Crown Bar Pro voc\u00ea recebe um cigarro eletr\u00f4nico descart\u00e1vel que convence pela sua facilidade de uso e desempenho. Perfeito para vapers que preferem um sabor intenso e uma alta capacidade de tragadas.<\/p>\n<hr \/>\n<h2><strong>AL Fakher Crown Bar Pro 8000 Z\u00fcge \n\nbecomes \n\nAL Fakher Crown Bar Pro 8000 puffs <\/strong>Sorvete de frutas - Um prazer refrescante<\/h2>\n<p>O <strong>Berry Ice<\/strong> Sabor da <strong><a href=\"https:\/\/alfakher24h.de\/pt\/\">AL Fakher<\/a> Crown Bar Pro<\/strong> \u00e9 uma mistura frutada e refrescante, perfeitamente adaptada para dias quentes de ver\u00e3o ou para quem deseja um sabor fresco e leve. Esta variedade combina a do\u00e7ura e sucul\u00eancia de frutas como <strong>Morangos e mirtilos<\/strong> com um final fresco, que torna cada viagem uma experi\u00eancia agrad\u00e1vel.<\/p>\n<p>O sabor intenso de cerveja \u00e9 harmoniosamente arredondado pela nota fresca, proporcionando um equil\u00edbrio perfeito. Surge um sabor que n\u00e3o \u00e9 muito doce, mas ainda \u00e9 intenso o suficiente para agradar os seus bot\u00f5es gustativos. O toque gelado no final de cada tragada proporciona uma sensa\u00e7\u00e3o fresca e duradoura na boca, que n\u00e3o se torna mon\u00f3tona mesmo ap\u00f3s v\u00e1rias tragadas. Ideal para vapers que procuram um sabor vers\u00e1til e refrescante que une o melhor de dois mundos - fruta e frescura.<\/p>\n<hr \/>\n<h2><strong>AL Fakher Crown Bar Pro 8000 Z\u00fcge \n\nbecomes \n\nAL Fakher Crown Bar Pro 8000 puffs <\/strong>Por que comprar o AL Fakher Crown Bar Pro 8000 tragadas na alfakher24h.de?<\/h2>\n<p><strong>AL Fakher<\/strong> representa qualidade e inova\u00e7\u00e3o, o que se reflete em cada detalhe da s\u00e9rie Crown Bar Pro. Se voc\u00ea est\u00e1 procurando por um vape que ofere\u00e7a prazer duradouro e sabores de primeira classe, voc\u00ea est\u00e1 no lugar certo. <a href=\"https:\/\/alfakher24h.de\/pt\/\"><strong>Alfakher24h.de<\/strong><\/a> \u00e9 a maior plataforma online para cigarros eletr\u00f3nicos descart\u00e1veis na Alemanha e oferece-lhe uma enorme sele\u00e7\u00e3o de produtos premium.<\/p>\n<h3>Raz\u00f5es pelas quais voc\u00ea deve comprar conosco:<\/h3>\n<ol>\n<li><strong>Processamento de alta qualidade<\/strong> : A AL Fakher Crown Bar Pro 8000 Z\u00fcge zeicham-se pela sua constru\u00e7\u00e3o robusta e pela utiliza\u00e7\u00e3o de materiais de alta qualidade.<\/li>\n<li><strong>Desempenho duradouro<\/strong> : Com at\u00e9 8000 tragadas por dispositivo, este modelo \u00e9 especialmente dur\u00e1vel e confi\u00e1vel, o que o torna ideal para vaporiza\u00e7\u00e3o di\u00e1ria.<\/li>\n<li><strong>Sabores de primeira qualidade<\/strong> : Seja frutado ou refrescante, a linha Crown Bar Pro oferece uma ampla variedade de sabores para todos.<\/li>\n<li><strong>Pronto para uso imediato<\/strong> : Simplesmente desembale e aproveite - sem qualquer prepara\u00e7\u00e3o. Ideal para viagem ou para um r\u00e1pido prazer a qualquer momento.<\/li>\n<li><strong>Sustentabilidade<\/strong> : Devido \u00e0 alta capacidade de carga e ao grande volume de l\u00edquido eletr\u00f4nico, este dispositivo ajuda a reduzir res\u00edduos frequentes e permite um uso mais sustent\u00e1vel.<\/li>\n<\/ol>\n<hr \/>\n<h2><strong>AL Fakher Crown Bar Pro 8000 Z\u00fcge \n\nbecomes \n\nAL Fakher Crown Bar Pro 8000 puffs <\/strong>Detalhes t\u00e9cnicos do AL Fakher Crown Bar Pro 8000 tragadas em resumo<\/h2>\n<ul>\n<li><strong>Tamanho<\/strong> : 19 x 109 mm<\/li>\n<li><strong>Capacidade de E-L\u00edquido<\/strong> : 18 ml<\/li>\n<li><strong>Resist\u00eancia da bobina<\/strong> : 1,2 Ohm<\/li>\n<li><strong>Tens\u00e3o de sa\u00edda<\/strong> : 3,7 V<\/li>\n<li><strong>Capacidade da bateria<\/strong> : 600 mAh<\/li>\n<li><strong>For\u00e7a da nicotina<\/strong> : 5 mg (0,5%)<\/li>\n<li><strong>Limites de temperatura<\/strong> : -10 \u00b0C a +40 \u00b0C<\/li>\n<li><strong>Tomada de carregamento<\/strong> : Tipo-C<\/li>\n<li><strong>Maximais trens<\/strong> : 8000<\/li>\n<\/ul>\n<p><img loading=\"lazy\" decoding=\"async\" class=\"alignnone size-full wp-image-181\" src=\"https:\/\/alfakher24h.de\/wp-content\/uploads\/2024\/09\/AL-Fakher-Crown-Bar-Pro-8000-Zuege-Einweg-E-Zigarette-\u2013-Berry-Ice-.webp\" alt=\"AL-Fakher-Crown-Bar-Pro-8000-Z\u00fcge-Einweg-E-Zigarette \u2013 Berry-Ice\" width=\"1000\" height=\"1000\" title=\"\" srcset=\"https:\/\/alfakher24h.de\/wp-content\/uploads\/2024\/09\/AL-Fakher-Crown-Bar-Pro-8000-Zuege-Einweg-E-Zigarette-\u2013-Berry-Ice-.webp 1000w, https:\/\/alfakher24h.de\/wp-content\/uploads\/2024\/09\/AL-Fakher-Crown-Bar-Pro-8000-Zuege-Einweg-E-Zigarette-\u2013-Berry-Ice--300x300.webp 300w, https:\/\/alfakher24h.de\/wp-content\/uploads\/2024\/09\/AL-Fakher-Crown-Bar-Pro-8000-Zuege-Einweg-E-Zigarette-\u2013-Berry-Ice--150x150.webp 150w, https:\/\/alfakher24h.de\/wp-content\/uploads\/2024\/09\/AL-Fakher-Crown-Bar-Pro-8000-Zuege-Einweg-E-Zigarette-\u2013-Berry-Ice--768x768.webp 768w, https:\/\/alfakher24h.de\/wp-content\/uploads\/2024\/09\/AL-Fakher-Crown-Bar-Pro-8000-Zuege-Einweg-E-Zigarette-\u2013-Berry-Ice--600x600.webp 600w, https:\/\/alfakher24h.de\/wp-content\/uploads\/2024\/09\/AL-Fakher-Crown-Bar-Pro-8000-Zuege-Einweg-E-Zigarette-\u2013-Berry-Ice--100x100.webp 100w\" sizes=\"auto, (max-width: 1000px) 100vw, 1000px\" \/><\/p>\n<hr \/>\n<h2><strong>AL Fakher Crown Bar Pro 8000 Z\u00fcge \n\nbecomes \n\nAL Fakher Crown Bar Pro 8000 puffs <\/strong>Compre sua AL Fakher Crown Bar Pro 8000 Z\u00fcge agora em alfakher24h.de<\/h2>\n<p>Descubra as <strong>AL Fakher Crown Bar Pro 8000 Z\u00fcge \n\nbecomes \n\nAL Fakher Crown Bar Pro 8000 puffs<\/strong> Einweg E-Zigarette und viele weitere Premium-Produkte auf <strong>alfakher24h.de<\/strong> Oferecemos uma ampla sele\u00e7\u00e3o de vaporizadores descart\u00e1veis de alta qualidade com uma variedade de sabores, especialmente desenvolvidos para vapers na Alemanha. Compre agora e experimente um prazer de vaporiza\u00e7\u00e3o incompar\u00e1vel!<\/p>","protected":false},"excerpt":{"rendered":"<p>A <strong>AL Fakher Crown Bar Pro 8000 Z\u00fcge Einweg E Zigarette \n\nbecomes \n\nAL Fakher Crown Bar Pro 8000 tragadas Cigarro eletr\u00f4nico descart\u00e1vel<\/strong> oferece uma experi\u00eancia de vapor intensa com 8000 tragadas, 18 ml de e-l\u00edquido, 5 mg de nicotina e um sabor refrescante de Berry Ice, ideal para desfrute prolongado em movimento<\/p>","protected":false},"featured_media":1544,"comment_status":"open","ping_status":"closed","template":"","meta":{"om_disable_all_campaigns":false},"product_brand":[],"product_cat":[15],"product_tag":[],"class_list":{"0":"post-176","1":"product","2":"type-product","3":"status-publish","4":"has-post-thumbnail","6":"product_cat-al-fakher-crown-bar-pro-8000","8":"first","9":"instock","10":"shipping-taxable","11":"purchasable","12":"product-type-simple"},"_links":{"self":[{"href":"https:\/\/alfakher24h.de\/pt\/wp-json\/wp\/v2\/product\/176","targetHints":{"allow":["GET"]}}],"collection":[{"href":"https:\/\/alfakher24h.de\/pt\/wp-json\/wp\/v2\/product"}],"about":[{"href":"https:\/\/alfakher24h.de\/pt\/wp-json\/wp\/v2\/types\/product"}],"replies":[{"embeddable":true,"href":"https:\/\/alfakher24h.de\/pt\/wp-json\/wp\/v2\/comments?post=176"}],"wp:featuredmedia":[{"embeddable":true,"href":"https:\/\/alfakher24h.de\/pt\/wp-json\/wp\/v2\/media\/1544"}],"wp:attachment":[{"href":"https:\/\/alfakher24h.de\/pt\/wp-json\/wp\/v2\/media?parent=176"}],"wp:term":[{"taxonomy":"product_brand","embeddable":true,"href":"https:\/\/alfakher24h.de\/pt\/wp-json\/wp\/v2\/product_brand?post=176"},{"taxonomy":"product_cat","embeddable":true,"href":"https:\/\/alfakher24h.de\/pt\/wp-json\/wp\/v2\/product_cat?post=176"},{"taxonomy":"product_tag","embeddable":true,"href":"https:\/\/alfakher24h.de\/pt\/wp-json\/wp\/v2\/product_tag?post=176"}],"curies":[{"name":"wp","href":"https:\/\/api.w.org\/{rel}","templated":true}]}}