{"id":1758,"date":"2025-03-11T05:16:32","date_gmt":"2025-03-11T05:16:32","guid":{"rendered":"https:\/\/alfakher24h.de\/?post_type=product&#038;p=1758"},"modified":"2025-07-12T13:27:56","modified_gmt":"2025-07-12T13:27:56","slug":"httperror-response-code-429-too-many-requests-33","status":"publish","type":"product","link":"https:\/\/alfakher24h.de\/pt\/produto\/httperror-response-code-429-too-many-requests-33\/","title":{"rendered":"Arymi IFun 28000 Z\u00fcge Einweg E Zigarette \u2013 Red apple \u2013 vimto Crush \n\nbecomes \n\nArymi IFun 28000 Z\u00fcge Disposable E-Cigarette \u2013 Red apple \u2013 Vimto Crush"},"content":{"rendered":"<h2 data-start=\"0\" data-end=\"95\"><strong data-start=\"0\" data-end=\"95\"><a href=\"https:\/\/alfakher24h.de\/pt\/?post_type=product&amp;p=1758&amp;preview=true\">Arymi IFun 28000 Z\u00fcge Einweg E-Zigarette \n\nbecomes \n\nArymi IFun 28000 Z\u00fcge Disposable E-Cigarette<\/a> O prazer definitivo para vapeadores exigentes<\/strong><\/h2>\n<div style=\"width: 848px;\" class=\"wp-video\"><video class=\"wp-video-shortcode\" id=\"video-1758-1\" width=\"848\" height=\"478\" preload=\"metadata\" controls=\"controls\"><source type=\"video\/mp4\" src=\"https:\/\/alfakher24h.de\/wp-content\/uploads\/2025\/03\/VID-20241031-WA0010.mp4?_=1\" \/><a href=\"https:\/\/alfakher24h.de\/wp-content\/uploads\/2025\/03\/VID-20241031-WA0010.mp4\">https:\/\/alfakher24h.de\/wp-content\/uploads\/2025\/03\/VID-20241031-WA0010.mp4<\/a><\/video><\/div>\n<p data-start=\"97\" data-end=\"762\">A\u00a0<strong data-start=\"101\" data-end=\"145\">Arymi IFun 28000 Z\u00fcge Einweg E Zigarette\n\n becomes \n\nArymi IFun 28000 Z\u00fcge Einweg E Zigarette<\/strong>\u00a0representa um passo revolucion\u00e1rio na \u00e1rea da\u00a0<strong data-start=\"197\" data-end=\"220\">E-Zigarettes descart\u00e1veis<\/strong>\u00a0e oferece aos fumantes\u00a0<strong data-start=\"248\" data-end=\"263\">Alemanha<\/strong>\u00a0uma experi\u00eancia de vaporiza\u00e7\u00e3o incompar\u00e1vel. Com uma capacidade generosa de l\u00edquido, um n\u00famero impressionante de tragadas e uma variedade de sabores exclusivos, este cigarro eletr\u00f4nico \u00e9 um item obrigat\u00f3rio para todos que buscam uma experi\u00eancia de vaporiza\u00e7\u00e3o de alta qualidade e longa dura\u00e7\u00e3o. Se voc\u00ea est\u00e1 procurando pelo melhor\u00a0<strong data-start=\"611\" data-end=\"633\">Cigarra Eletr\u00f4nica Descart\u00e1vel<\/strong> sind, dann k\u00f6nnen Sie diese exklusiv auf alfakher24h.de, Alemanha maior loja online de\u00a0<strong data-start=\"733\" data-end=\"753\">Vapes Descart\u00e1veis<\/strong>comprar.<\/p>\n<h3 data-start=\"764\" data-end=\"787\">Descri\u00e7\u00e3o do produto<\/h3>\n<p data-start=\"789\" data-end=\"1214\">A\u00a0<strong data-start=\"793\" data-end=\"837\">Arymi IFun 28000 Z\u00fcge Einweg E Zigarette\n\n becomes \n\nArymi IFun 28000 Z\u00fcge Einweg E Zigarette<\/strong>\u00a0foi desenvolvido para vapores que procuram qualidade, conforto e prazer no mais alto n\u00edvel. Com uma\u00a0<strong data-start=\"939\" data-end=\"971\">Capacidade de 28 ml de E-L\u00edquido<\/strong>\u00a0e um\u00a0<strong data-start=\"982\" data-end=\"1006\">Quantidade de nicotina de 2 %<\/strong>\u00a0oferece tudo o que um vapeador exigente possa desejar. O grande n\u00famero de\u00a0<strong data-start=\"1107\" data-end=\"1122\">28000 trens<\/strong>\u00a0garante uma experi\u00eancia duradoura, ideal para uso di\u00e1rio.<\/p>\n<p data-start=\"1216\" data-end=\"1509\">O design inovador do vape garante que a opera\u00e7\u00e3o seja intuitiva e confort\u00e1vel.\u00a0<strong data-start=\"1314\" data-end=\"1341\">alimenta\u00e7\u00e3o de ar ajust\u00e1vel<\/strong>\u00a0permite que os usu\u00e1rios personalizem a experi\u00eancia de vaporiza\u00e7\u00e3o de acordo com suas prefer\u00eancias - seja voc\u00ea preferir uma tragada mais intensa ou mais suave, essa fun\u00e7\u00e3o torna isso poss\u00edvel.<\/p>\n<p data-start=\"1511\" data-end=\"1859\">A\u00a0<strong data-start=\"1515\" data-end=\"1562\">Bateria recarreg\u00e1vel com conector de carga tipo C<\/strong>\u00a0n\u00e3o \u00e9 apenas potente, mas tamb\u00e9m ecol\u00f3gico e permite que voc\u00ea carregue o cigarro eletr\u00f4nico rapidamente a qualquer momento, para que voc\u00ea nunca precise desistir da sua experi\u00eancia de vaporiza\u00e7\u00e3o. A\u00a0<strong data-start=\"1748\" data-end=\"1772\">1,0 \u03a9 Bobina Dual Mesh<\/strong>\u00a0garante uma vaporiza\u00e7\u00e3o uniforme e refor\u00e7a o\u00a0<strong data-start=\"1833\" data-end=\"1846\">Sabor<\/strong>\u00a0cada trem.<\/p>\n<h3 data-start=\"1861\" data-end=\"1938\">principais caracter\u00edsticas da\u00a0<strong data-start=\"1894\" data-end=\"1938\">Arymi IFun 28000 Z\u00fcge \n\n(Translation not required for this input as it seems to be a mix of brand\/model and a quantity\/measurement) \nArymi IFun 28000 Z\u00fcge\u00a0<a href=\"https:\/\/alfakher24h.de\/pt\/\">Cigarra Eletr\u00f4nica Descart\u00e1vel<\/a><\/strong><\/h3>\n<ul data-start=\"1940\" data-end=\"3243\">\n<li data-start=\"1940\" data-end=\"2178\"><strong data-start=\"1942\" data-end=\"1982\">Impressionante contagem de puffs (28.000 tragadas):<\/strong>\u00a0Com um n\u00famero impressionante de\u00a0<strong data-start=\"2018\" data-end=\"2034\">28.000 trens<\/strong>\u00a0podem desfrutar plenamente destes\u00a0<strong data-start=\"2071\" data-end=\"2093\">Cigarra Eletr\u00f4nica Descart\u00e1vel<\/strong>\u00a0experimentar por um longo per\u00edodo de tempo sem ter que substituir constantemente o cigarro eletr\u00f4nico.<\/li>\n<li data-start=\"2179\" data-end=\"2369\"><strong data-start=\"2181\" data-end=\"2204\">Capacidade de E-L\u00edquido:<\/strong>\u00a0Com uma\u00a0<strong data-start=\"2215\" data-end=\"2243\">28 ml de capacidade de E-L\u00edquido<\/strong>\u00a0n\u00e3o precisa se preocupar que o l\u00edquido acabe rapidamente. Ele oferece capacidade suficiente para um uso intensivo.<\/li>\n<li data-start=\"2370\" data-end=\"2548\"><strong data-start=\"2372\" data-end=\"2388\">2 % Nicotina:<\/strong>\u00a0Ideal para vapers que procuram um teor de nicotina leve. Estas\u00a0<strong data-start=\"2455\" data-end=\"2478\">Cigarro Eletr\u00f4nico de Nicotina<\/strong>\u00a0oferece um sabor equilibrado e a entrega de nicotina desejada.<\/li>\n<li data-start=\"2549\" data-end=\"2754\"><strong data-start=\"2551\" data-end=\"2584\">600 mAh bateria pura de Cobalto:<\/strong>\u00a0A bateria garante uma longa vida \u00fatil e pode ser facilmente recarregada por meio de\u00a0<strong data-start=\"2652\" data-end=\"2672\">Cabo de carregamento tipo C<\/strong>\u00a0ser carregadas. Isso garante um carregamento r\u00e1pido e eficiente.<\/li>\n<li data-start=\"2755\" data-end=\"2903\"><strong data-start=\"2757\" data-end=\"2779\">Bobina Mesh Premium:<\/strong>\u00a0A\u00a0<strong data-start=\"2784\" data-end=\"2808\">1,0 \u03a9 Bobina Dual Mesh<\/strong>\u00a0garante um vapor uniforme e um sabor intenso que pamonha os seus bot\u00f5es gustativos.<\/li>\n<li data-start=\"2904\" data-end=\"3078\"><strong data-start=\"2906\" data-end=\"2934\">Controle de ar ajust\u00e1vel:<\/strong>\u00a0Ajuste o suprimento de ar conforme desejado para personalizar a vaporiza\u00e7\u00e3o e encontrar o fluxo de ar ideal para a sua experi\u00eancia de sabor.<\/li>\n<li data-start=\"3079\" data-end=\"3243\"><strong data-start=\"3081\" data-end=\"3119\">Diferentes sabores:<\/strong>\u00a0Escolha entre uma variedade de sabores que agradam a todos os gostos - de frutado a doce e refrescante.<\/li>\n<\/ul>\n<h3 data-start=\"3245\" data-end=\"3293\">Sabores - A experi\u00eancia de sabor definitiva<\/h3>\n<p data-start=\"3295\" data-end=\"3464\">A\u00a0<strong data-start=\"3299\" data-end=\"3343\">Arymi IFun 28000 Z\u00fcge Einweg E Zigarette\n\n becomes \n\nArymi IFun 28000 Z\u00fcge Einweg E Zigarette<\/strong>\u00a0oferece uma variedade de sabores que tornam cada viagem de vapor uma experi\u00eancia incompar\u00e1vel. Em detalhe:<\/p>\n<ol data-start=\"3466\" data-end=\"4757\">\n<li data-start=\"3466\" data-end=\"4102\">\n<p data-start=\"3469\" data-end=\"4102\"><strong data-start=\"3469\" data-end=\"3483\">Manzana Roja:<\/strong>\u00a0O\u00a0<strong data-start=\"3488\" data-end=\"3501\">Ma\u00e7\u00e3 Vermelha<\/strong>\u00a0Sabor \u00e9 um cl\u00e1ssico favorito entre os vapers, que fornece o sabor pleno e fresco de uma ma\u00e7\u00e3 vermelha suculenta. O sabor \u00e9 doce e ao mesmo tempo refrescante, com uma nota de fruta natural que pode ser perfeitamente apreciada o dia todo. Cada tragada se sente como se estivesse mordendo uma ma\u00e7\u00e3 rec\u00e9m-colhida - crocante, fresca e frutada. O sabor doce, mas n\u00e3o excessivo, \u00e9 ideal para vapers que procuram uma experi\u00eancia suave e ainda assim satisfat\u00f3ria. O\u00a0<strong data-start=\"4005\" data-end=\"4018\">Ma\u00e7\u00e3 Vermelha<\/strong>\u00a0garante uma mistura harmoniosa de do\u00e7ura e frescor que permanece na l\u00edngua.<\/p>\n<\/li>\n<li data-start=\"4104\" data-end=\"4757\">\n<p data-start=\"4107\" data-end=\"4757\"><strong data-start=\"4107\" data-end=\"4123\">Vimto Crush:<\/strong>\u00a0Para todos os amantes de sabores de frutas ex\u00f3ticas e \u00fanicas, oferece o\u00a0<strong data-start=\"4210\" data-end=\"4225\">Vimto Crush<\/strong>\u00a0Um sabor intenso e emocionante. Inspirado na mistura popular e frutal da bebida cl\u00e1ssica Vimto, este cigarro eletr\u00f4nico oferece uma combina\u00e7\u00e3o deliciosa de amoras-pretas, framboesas e um toque de lim\u00e3o. O sabor \u00e9 vivo, frutal e ainda assim equilibrado. O\u00a0<strong data-start=\"4545\" data-end=\"4560\">Vimto Crush<\/strong>\u00a0Convincente pela sua complexidade e frescura, que proporciona uma experi\u00eancia de vaporiza\u00e7\u00e3o revigorante. \u00c9 uma excelente escolha para vapers que procuram algo \u00fanico e emocionante.<\/p>\n<\/li>\n<\/ol>\n<h2 data-start=\"0\" data-end=\"107\"><img loading=\"lazy\" decoding=\"async\" class=\"alignnone wp-image-2299 size-full\" title=\"Arymi IFun 28000 Z\u00fcge Einweg E Zigarette - Red apple - vimto Crush 2 Arymi IFun 28000 cigarros eletr\u00f4nicos descart\u00e1veis - Ma\u00e7\u00e3 vermelha - vimto Crush 2\" src=\"https:\/\/alfakher24h.de\/wp-content\/uploads\/2025\/03\/arymi-hookalit-2.webp\" sizes=\"auto, (max-width: 1077px) 100vw, 1077px\" srcset=\"https:\/\/alfakher24h.de\/wp-content\/uploads\/2025\/03\/arymi-hookalit-2.webp 1077w, https:\/\/alfakher24h.de\/wp-content\/uploads\/2025\/03\/arymi-hookalit-2-300x284.webp 300w, https:\/\/alfakher24h.de\/wp-content\/uploads\/2025\/03\/arymi-hookalit-2-1024x970.webp 1024w, https:\/\/alfakher24h.de\/wp-content\/uploads\/2025\/03\/arymi-hookalit-2-768x727.webp 768w, https:\/\/alfakher24h.de\/wp-content\/uploads\/2025\/03\/arymi-hookalit-2-13x12.webp 13w, https:\/\/alfakher24h.de\/wp-content\/uploads\/2025\/03\/arymi-hookalit-2-600x568.webp 600w\" alt=\"Arymi IFun 28000 Z\u00fcge Einweg E Zigarette - Red apple - vimto Crush becomes Arymi IFun 28000 Z\u00fcge Einweg E Zigarette - Red apple - vimto Crush No translation needed for brand names and product codes. However, here is an attempt to translate if it was necessary:Arymi IFun 28000 puffs disposable E cigarette - Red apple - vimto Crush\" width=\"1077\" height=\"1020\" \/><\/h2>\n<h3 data-start=\"4759\" data-end=\"4836\">Por que voc\u00ea a\u00a0<strong data-start=\"4777\" data-end=\"4821\">Arymi IFun 28000 Z\u00fcge \n\n(Translation not required for this input as it seems to be a mix of brand\/model and a quantity\/measurement) \nArymi IFun 28000 Z\u00fcge\u00a0<a href=\"https:\/\/alfakher24h.de\/pt\/\">Cigarra Eletr\u00f4nica Descart\u00e1vel<\/a><\/strong>\u00a0deveriam comprar<\/h3>\n<ul data-start=\"4838\" data-end=\"5735\">\n<li data-start=\"4838\" data-end=\"5011\"><strong data-start=\"4840\" data-end=\"4858\">Longevidade:<\/strong>\u00a0Com uma\u00a0<strong data-start=\"4869\" data-end=\"4898\">Capacidade de 28.000 trens<\/strong>\u00a0Obtenha uma experi\u00eancia de vaporiza\u00e7\u00e3o extraordinariamente duradoura - ideal para uso di\u00e1rio e em movimento.<\/li>\n<li data-start=\"5012\" data-end=\"5196\"><strong data-start=\"5014\" data-end=\"5052\">Pr\u00e1tico e f\u00e1cil de usar:<\/strong>\u00a0O\u00a0<strong data-start=\"5057\" data-end=\"5087\">design amig\u00e1vel para o usu\u00e1rio<\/strong>\u00a0o\u00a0<strong data-start=\"5092\" data-end=\"5114\">Cigarra Eletr\u00f4nica Descart\u00e1vel<\/strong>\u00a0n\u00e3o requer manuseio complicado. Simplesmente retire, vaporize e desfrute.<\/li>\n<li data-start=\"5197\" data-end=\"5358\"><strong data-start=\"5199\" data-end=\"5236\">Variadas nuances de sabor:<\/strong>\u00a0A\u00a0<strong data-start=\"5241\" data-end=\"5264\">diversos sabores<\/strong>\u00a0como\u00a0<strong data-start=\"5269\" data-end=\"5282\">Ma\u00e7\u00e3 Vermelha<\/strong>\u00a0e\u00a0<strong data-start=\"5287\" data-end=\"5302\">Vimto Crush<\/strong>\u00a0oferecem a experi\u00eancia de vaporiza\u00e7\u00e3o perfeita para cada gosto.<\/li>\n<li data-start=\"5359\" data-end=\"5562\"><strong data-start=\"5361\" data-end=\"5393\">Confort\u00e1vel e ecol\u00f3gico:<\/strong>\u00a0Gra\u00e7as a\u00a0<strong data-start=\"5403\" data-end=\"5449\">Bateria recarreg\u00e1vel com carregamento Type-C<\/strong>\u00a0Este produto n\u00e3o \u00e9 apenas conveniente de usar, mas tamb\u00e9m mais amigo do ambiente do que os produtos descart\u00e1veis convencionais.<\/li>\n<li data-start=\"5563\" data-end=\"5735\"><strong data-start=\"5565\" data-end=\"5592\">For\u00e7a de nicotina ideal:<\/strong>\u00a0Com uma\u00a0<strong data-start=\"5603\" data-end=\"5627\">Quantidade de nicotina de 2 %<\/strong>\u00a0Oferece este cigarro eletr\u00f3nico o compromisso perfeito para os vapers que desejam uma experi\u00eancia de vaporiza\u00e7\u00e3o equilibrada.<\/li>\n<\/ul>\n<h3 data-start=\"5737\" data-end=\"5745\">Perguntas Frequentes<\/h3>\n<p data-start=\"5747\" data-end=\"5823\"><strong data-start=\"5747\" data-end=\"5823\">1. A Arymi IFun 28000 Z\u00fcge Einweg E Zigarette n\u00e3o \u00e9 recarreg\u00e1vel.<\/strong><\/p>\n<p data-start=\"5825\" data-end=\"5986\">Sim, a\u00a0<strong data-start=\"5833\" data-end=\"5877\">Arymi IFun 28000 Z\u00fcge Einweg E Zigarette\n\n becomes \n\nArymi IFun 28000 Z\u00fcge Einweg E Zigarette<\/strong>\u00a0\u00e9 com uma\u00a0<strong data-start=\"5892\" data-end=\"5919\">600 mAh bateria de cobalto<\/strong>\u00a0equipados, que por\u00a0<strong data-start=\"5942\" data-end=\"5962\">Cabo de carregamento tipo C<\/strong>\u00a0aufgeladen werden kann.\n\n becomes \n\nser carregado.<\/p>\n<p data-start=\"5988\" data-end=\"6051\"><strong data-start=\"5988\" data-end=\"6051\">2. Quantos golpes posso desfrutar com este cigarro eletr\u00f4nico?<\/strong><\/p>\n<p data-start=\"6053\" data-end=\"6189\">Com a\u00a0<strong data-start=\"6061\" data-end=\"6105\">Arymi IFun 28000 Z\u00fcge Einweg E Zigarette\n\n becomes \n\nArymi IFun 28000 Z\u00fcge Einweg E Zigarette<\/strong>\u00a0podem at\u00e9\u00a0<strong data-start=\"6124\" data-end=\"6138\">28000 trens<\/strong>\u00a0desfrutar, o que garante uma longa vida \u00fatil.<\/p>\n<p data-start=\"6191\" data-end=\"6256\"><strong data-start=\"6191\" data-end=\"6256\">3. Posso personalizar a experi\u00eancia de vaporiza\u00e7\u00e3o de acordo com minhas prefer\u00eancias?<\/strong><\/p>\n<p data-start=\"6258\" data-end=\"6403\">Sim, a\u00a0<strong data-start=\"6266\" data-end=\"6288\">Cigarra Eletr\u00f4nica Descart\u00e1vel<\/strong>\u00a0disp\u00f5e de uma\u00a0<strong data-start=\"6307\" data-end=\"6334\">alimenta\u00e7\u00e3o de ar ajust\u00e1vel<\/strong>, com a qual voc\u00ea pode personalizar o vapor de acordo com suas prefer\u00eancias.<\/p>\n<p data-start=\"6405\" data-end=\"6455\"><strong data-start=\"6405\" data-end=\"6455\">4. Quanto de nicotina cont\u00e9m este cigarro eletr\u00f4nico?<\/strong><\/p>\n<p data-start=\"6457\" data-end=\"6568\">A\u00a0<strong data-start=\"6461\" data-end=\"6505\">Arymi IFun 28000 Z\u00fcge Einweg E Zigarette\n\n becomes \n\nArymi IFun 28000 Z\u00fcge Einweg E Zigarette<\/strong>\u00a0cont\u00e9m\u00a0<strong data-start=\"6514\" data-end=\"6529\">2 % Nicotina<\/strong>que garante uma dose equilibrada.<\/p>\n<p data-start=\"6570\" data-end=\"6645\"><strong data-start=\"6570\" data-end=\"6645\">Onde posso comprar o cigarro eletr\u00f4nico descart\u00e1vel Arymi IFun 28000 tragadas?<\/strong><\/p>\n<p data-start=\"6647\" data-end=\"6809\">A\u00a0<strong data-start=\"6651\" data-end=\"6695\">Arymi IFun 28000 Z\u00fcge Einweg E Zigarette\n\n becomes \n\nArymi IFun 28000 Z\u00fcge Einweg E Zigarette<\/strong> est dispon\u00edvel exclusivamente em alfakher24h.de, a maior loja online para\u00a0<strong data-start=\"6773\" data-end=\"6793\">Vapes Descart\u00e1veis<\/strong>\u00a0na Alemanha.<\/p>\n<h3 data-start=\"6811\" data-end=\"6820\">Conclus\u00e3o<\/h3>\n<p data-start=\"6822\" data-end=\"7266\">A\u00a0<strong data-start=\"6826\" data-end=\"6870\">Arymi IFun 28000 Z\u00fcge Einweg E Zigarette\n\n becomes \n\nArymi IFun 28000 Z\u00fcge Einweg E Zigarette<\/strong>\u00a0\u00e9 a escolha ideal para vapers em\u00a0<strong data-start=\"6906\" data-end=\"6921\">Alemanha<\/strong>que procuram um cigarro eletr\u00f3nico de alta qualidade, de longa dura\u00e7\u00e3o e com uma variedade de sabores. Com uma capacidade de\u00a0<strong data-start=\"7043\" data-end=\"7061\">28 ml E-Liquid<\/strong>de um n\u00famero impressionante de\u00a0<strong data-start=\"7094\" data-end=\"7109\">28000 trens<\/strong>\u00a0e uma sele\u00e7\u00e3o de sabores deliciosos como\u00a0<strong data-start=\"7167\" data-end=\"7180\">Ma\u00e7\u00e3 Vermelha<\/strong>\u00a0e\u00a0<strong data-start=\"7185\" data-end=\"7200\">Vimto Crush<\/strong>\u00a0Oferece este modelo tudo o que o cora\u00e7\u00e3o de um fumante deseja.<\/p>\n<p data-start=\"7268\" data-end=\"7413\" data-is-last-node=\"\">Compre as\u00a0<strong data-start=\"7283\" data-end=\"7327\">Arymi IFun 28000 Z\u00fcge Einweg E Zigarette\n\n becomes \n\nArymi IFun 28000 Z\u00fcge Einweg E Zigarette<\/strong> Ainda hoje, no alfabaker24h.de e experimente o vapor em um novo n\u00edvel!<\/p>","protected":false},"excerpt":{"rendered":"<p><strong data-start=\"6826\" data-end=\"6870\">Arymi IFun 28000 Z\u00fcge Einweg E Zigarette\n\n becomes \n\nArymi IFun 28000 Z\u00fcge Einweg E Zigarette<\/strong>\u00a0\u00e9 a escolha ideal para vapers em\u00a0<strong data-start=\"6906\" data-end=\"6921\">Alemanha<\/strong>que procuram um cigarro eletr\u00f3nico de alta qualidade, de longa dura\u00e7\u00e3o e com uma variedade de sabores. Com uma capacidade de\u00a0<strong data-start=\"7043\" data-end=\"7061\">28 ml E-Liquid<\/strong><\/p>","protected":false},"featured_media":1759,"comment_status":"open","ping_status":"closed","template":"","meta":{"om_disable_all_campaigns":false},"product_brand":[],"product_cat":[45],"product_tag":[],"class_list":{"0":"post-1758","1":"product","2":"type-product","3":"status-publish","4":"has-post-thumbnail","6":"product_cat-arymi-ifun-28000","8":"first","9":"outofstock","10":"shipping-taxable","11":"purchasable","12":"product-type-simple"},"_links":{"self":[{"href":"https:\/\/alfakher24h.de\/pt\/wp-json\/wp\/v2\/product\/1758","targetHints":{"allow":["GET"]}}],"collection":[{"href":"https:\/\/alfakher24h.de\/pt\/wp-json\/wp\/v2\/product"}],"about":[{"href":"https:\/\/alfakher24h.de\/pt\/wp-json\/wp\/v2\/types\/product"}],"replies":[{"embeddable":true,"href":"https:\/\/alfakher24h.de\/pt\/wp-json\/wp\/v2\/comments?post=1758"}],"wp:featuredmedia":[{"embeddable":true,"href":"https:\/\/alfakher24h.de\/pt\/wp-json\/wp\/v2\/media\/1759"}],"wp:attachment":[{"href":"https:\/\/alfakher24h.de\/pt\/wp-json\/wp\/v2\/media?parent=1758"}],"wp:term":[{"taxonomy":"product_brand","embeddable":true,"href":"https:\/\/alfakher24h.de\/pt\/wp-json\/wp\/v2\/product_brand?post=1758"},{"taxonomy":"product_cat","embeddable":true,"href":"https:\/\/alfakher24h.de\/pt\/wp-json\/wp\/v2\/product_cat?post=1758"},{"taxonomy":"product_tag","embeddable":true,"href":"https:\/\/alfakher24h.de\/pt\/wp-json\/wp\/v2\/product_tag?post=1758"}],"curies":[{"name":"wp","href":"https:\/\/api.w.org\/{rel}","templated":true}]}}