{"id":1756,"date":"2025-03-11T05:07:49","date_gmt":"2025-03-11T05:07:49","guid":{"rendered":"https:\/\/alfakher24h.de\/?post_type=product&#038;p=1756"},"modified":"2025-07-12T13:27:56","modified_gmt":"2025-07-12T13:27:56","slug":"httperror-response-code-429-too-many-requests-23","status":"publish","type":"product","link":"https:\/\/alfakher24h.de\/pt\/produto\/httperror-response-code-429-too-many-requests-23\/","title":{"rendered":"Arymi IFun 28000 Z\u00fcge Einweg E Zigarette \u2013 Cherry Cola \u2013 Strawberry Ice Cream \n\nbecomes \n\nArymi IFun 28000 Zugs Disposable E-Cigarette \u2013 Cherry Cola \u2013 Strawberry Ice Cream"},"content":{"rendered":"<h2 data-start=\"439\" data-end=\"528\">Arymi IFun 28000 Z\u00fcge\u00a0Einweg E-Zigarette \u2013 O prazer final de vaporiza\u00e7\u00e3o para a Alemanha<\/h2>\n<div style=\"width: 848px;\" class=\"wp-video\"><video class=\"wp-video-shortcode\" id=\"video-1756-1\" width=\"848\" height=\"478\" preload=\"metadata\" controls=\"controls\"><source type=\"video\/mp4\" src=\"https:\/\/alfakher24h.de\/wp-content\/uploads\/2025\/03\/VID-20241031-WA0010.mp4?_=1\" \/><a href=\"https:\/\/alfakher24h.de\/wp-content\/uploads\/2025\/03\/VID-20241031-WA0010.mp4\">https:\/\/alfakher24h.de\/wp-content\/uploads\/2025\/03\/VID-20241031-WA0010.mp4<\/a><\/video><\/div>\n<p data-start=\"530\" data-end=\"1270\">A\u00a0<strong data-start=\"534\" data-end=\"578\">Arymi IFun 28000 Z\u00fcge Einweg E-Zigarette \nbecomes \nArymi IFun 28000 Z\u00fcge Einweg E-Zigarette \n\n No translation needed for numbers and brand names \n\nHowever ,  here is  translation for description \n\nbecomes \nArymi IFun 28000 puffs disposable E-cigarette<\/strong>\u00a0\u00e9 a escolha perfeita para os amantes de vaporiza\u00e7\u00e3o na Alemanha que procuram um cigarro eletr\u00f4nico de primeira classe, potente e f\u00e1cil de usar. Com seu design impressionante, desempenho excepcional e uma variedade de sabores deliciosos, o\u00a0<strong data-start=\"869\" data-end=\"883\">IFun 28000<\/strong>\u00a0tudo o que voc\u00ea deseja de um vape descart\u00e1vel, est\u00e1 dispon\u00edvel. Gra\u00e7as a uma capacidade de at\u00e9\u00a0<strong data-start=\"983\" data-end=\"999\">28.000 trens<\/strong>\u00a0e\u00a0<strong data-start=\"1004\" data-end=\"1021\">30ml E-L\u00edquido<\/strong>, combinada com uma\u00a0<strong data-start=\"1044\" data-end=\"1066\">2 % Nicotina-For\u00e7a<\/strong>, oferece esta modelo uma experi\u00eancia de vaporiza\u00e7\u00e3o de alto n\u00edvel. Compre o seu\u00a0<strong data-start=\"1146\" data-end=\"1168\">Cigarra Eletr\u00f4nica Descart\u00e1vel<\/strong> diretamente no alfakher24h.de, a maior plataforma de vendas online de vaporizadores descart\u00e1veis na Alemanha!<\/p>\n<h3 data-start=\"1272\" data-end=\"1339\">Descri\u00e7\u00e3o do produto do Arymi IFun 28000 Puffs Cigarro Eletr\u00f4nico Descart\u00e1vel<\/h3>\n<p data-start=\"1341\" data-end=\"1982\">A\u00a0<strong data-start=\"1345\" data-end=\"1389\">Arymi IFun 28000 Z\u00fcge Einweg E-Zigarette \nbecomes \nArymi IFun 28000 Z\u00fcge Einweg E-Zigarette \n\n No translation needed for numbers and brand names \n\nHowever ,  here is  translation for description \n\nbecomes \nArymi IFun 28000 puffs disposable E-cigarette<\/strong>\u00a0\u00e9 uma obra-prima tecnol\u00f3gica que o deleita a cada uso com uma variedade exquisita de aromas e um cheiro de nicotina impressionantemente intenso. Com uma\u00a0<strong data-start=\"1554\" data-end=\"1587\">Capacidade da bateria de 600 mAh<\/strong>\u00a0e um\u00a0<strong data-start=\"1598\" data-end=\"1630\">Capacidade de 28 ml de E-L\u00edquido<\/strong>, que comporta at\u00e9 28.000 viagens, oferece uma vida \u00fatil excepcionalmente longa e possibilita um uso agrad\u00e1vel e sem estresse durante v\u00e1rios dias.\u00a0<strong data-start=\"1794\" data-end=\"1815\">2 % For\u00e7a de nicotina<\/strong>\u00a0garante uma experi\u00eancia de vaporiza\u00e7\u00e3o agrad\u00e1vel e satisfat\u00f3ria, especialmente desenvolvida para fumantes e vaporizadores experientes que procuram a experi\u00eancia usual de nicotina.<\/p>\n<h3 data-start=\"1984\" data-end=\"2001\">Caracter\u00edsticas principais:<\/h3>\n<ul data-start=\"2003\" data-end=\"2863\">\n<li data-start=\"2003\" data-end=\"2103\"><strong data-start=\"2005\" data-end=\"2028\">At\u00e9 28.000 trens:<\/strong>\u00a0Desfrute de uma vida \u00fatil incomparavelmente longa para a sua experi\u00eancia de vape.<\/li>\n<li data-start=\"2104\" data-end=\"2186\"><strong data-start=\"2106\" data-end=\"2135\">28 ml de capacidade de E-L\u00edquido:<\/strong>\u00a0Mais l\u00edquido por per\u00edodos mais longos sem reabastecimento.<\/li>\n<li data-start=\"2187\" data-end=\"2277\"><strong data-start=\"2189\" data-end=\"2205\">2 % Nicotina:<\/strong>\u00a0Uma propor\u00e7\u00e3o equilibrada de nicotina para uma vaporiza\u00e7\u00e3o satisfat\u00f3ria.<\/li>\n<li data-start=\"2278\" data-end=\"2370\"><strong data-start=\"2280\" data-end=\"2308\">Bateria de Cobalto 600 mAh:<\/strong>\u00a0Alto desempenho e tempos de carregamento r\u00e1pidos para desempenho constante.<\/li>\n<li data-start=\"2371\" data-end=\"2478\"><strong data-start=\"2373\" data-end=\"2410\">Bobina Mesh Dupla (1,0 \u03a9 Bobina Mesh Dupla):<\/strong>\u00a0Bobina Mesh Premium para uma produ\u00e7\u00e3o de vapor uniforme e rica.<\/li>\n<li data-start=\"2479\" data-end=\"2593\"><strong data-start=\"2481\" data-end=\"2509\">Fluxo de ar ajust\u00e1vel:<\/strong>\u00a0Ajuste o fluxo de ar de acordo com as suas prefer\u00eancias para personalizar o seu vape.<\/li>\n<li data-start=\"2594\" data-end=\"2714\"><strong data-start=\"2596\" data-end=\"2631\">Indicador de e-l\u00edquido e bateria:<\/strong>\u00a0Os visores pr\u00e1ticos mostram o status atual da bateria e do l\u00edquido eletr\u00f4nico.<\/li>\n<li data-start=\"2715\" data-end=\"2863\"><strong data-start=\"2717\" data-end=\"2735\">Sistema descart\u00e1vel:<\/strong>\u00a0N\u00e3o \u00e9 necess\u00e1rio reabastecer ou recarregar - basta desfrutar do uso e descartar o dispositivo ap\u00f3s o uso.<\/li>\n<\/ul>\n<h3>Por que o Arymi IFun 28000 Z\u00fcge Einweg E-Zigarette \u00e9 a melhor escolha:<\/h3>\n<p data-start=\"2941\" data-end=\"3656\">A\u00a0<strong data-start=\"2945\" data-end=\"2989\">Arymi IFun 28000 Z\u00fcge Einweg E-Zigarette \nbecomes \nArymi IFun 28000 Z\u00fcge Einweg E-Zigarette \n\n No translation needed for numbers and brand names \n\nHowever ,  here is  translation for description \n\nbecomes \nArymi IFun 28000 puffs disposable E-cigarette<\/strong>\u00a0oferece n\u00e3o apenas alto desempenho, mas tamb\u00e9m fun\u00e7\u00f5es amig\u00e1veis que a tornam a escolha preferida para vapers na Alemanha. As\u00a0<strong data-start=\"3135\" data-end=\"3170\">Controle de fluxo de ar ajust\u00e1vel<\/strong>\u00a0permite que voc\u00ea ajuste individualmente a resist\u00eancia e a quantidade de vapor - ideal tanto para iniciantes quanto para vaporizadores experientes. Al\u00e9m disso, o\u00a0<strong data-start=\"3328\" data-end=\"3341\">Mesh Coil<\/strong>\u00a0uma escolha excelente para maximizar o sabor e a produ\u00e7\u00e3o de vapor, levando a uma experi\u00eancia de vaporiza\u00e7\u00e3o mais intensa e suave. Com uma capacidade de\u00a0<strong data-start=\"3509\" data-end=\"3527\">28 ml E-Liquid<\/strong>\u00a0e um\u00a0<strong data-start=\"3538\" data-end=\"3571\">Capacidade da bateria de 600 mAh<\/strong>\u00a0voc\u00ea poder\u00e1 desfrutar do dispositivo por muitos dias antes de precisar descart\u00e1-lo.<\/p>\n<h3 data-start=\"3658\" data-end=\"3718\">Cigarro eletr\u00f4nico descart\u00e1vel com v\u00e1rios sabores<\/h3>\n<p data-start=\"3720\" data-end=\"4019\">O especial sobre a\u00a0<strong data-start=\"3741\" data-end=\"3785\">Arymi IFun 28000 Z\u00fcge Einweg E-Zigarette \nbecomes \nArymi IFun 28000 Z\u00fcge Einweg E-Zigarette \n\n No translation needed for numbers and brand names \n\nHowever ,  here is  translation for description \n\nbecomes \nArymi IFun 28000 puffs disposable E-cigarette<\/strong>\u00a0\u00e9 n\u00e3o apenas o desempenho excepcional, mas tamb\u00e9m a diversidade do\u00a0<strong data-start=\"3858\" data-end=\"3868\">Aromas<\/strong>Com as deliciosas op\u00e7\u00f5es\u00a0<strong data-start=\"3898\" data-end=\"3913\">Cherry Cola<\/strong>\u00a0e\u00a0<strong data-start=\"3918\" data-end=\"3942\">Sorvete de Morango<\/strong>\u00a0Voc\u00ea pode se alegrar com uma experi\u00eancia \u00fanica e saborosa de vaporiza\u00e7\u00e3o.<\/p>\n<h4 data-start=\"4021\" data-end=\"4036\">Cherry Cola<\/h4>\n<p data-start=\"4038\" data-end=\"4491\">Experimente o sabor refrescante de\u00a0<strong data-start=\"4082\" data-end=\"4097\">Cherry Cola<\/strong>que combina a do\u00e7ura \u00e1cida da cola com a nota doce e frutada da cereja. Este aroma ir\u00e1 deliciar as suas papilas gustativas com uma mistura perfeita de acidez e do\u00e7ura. A cola d\u00e1-lhe uma refresc\u00e2ncia picante, enquanto o sabor frutado de cereja completa a experi\u00eancia de vaporiza\u00e7\u00e3o - ideal para aqueles que preferem sabores frutados e refrescantes.<\/p>\n<h4 data-start=\"4493\" data-end=\"4517\">Sorvete de Morango<\/h4>\n<p data-start=\"4519\" data-end=\"4952\">Para os f\u00e3s de aromas cremosos e doces \u00e9\u00a0<strong data-start=\"4562\" data-end=\"4586\">Sorvete de Morango<\/strong>\u00a0A escolha perfeita. Este aroma oferece o sabor delicioso de morangos frescos, combinados com um sorvete de baunilha sedoso. \u00c9 como se voc\u00ea estivesse saboreando uma colherada de sorvete cremoso enquanto vapeja. A combina\u00e7\u00e3o da morango doce e do baunilha fresco e cremoso proporciona uma experi\u00eancia gastron\u00f4mica real que voc\u00ea pode desfrutar em cada tragada.<\/p>\n<h2 data-start=\"0\" data-end=\"107\"><img loading=\"lazy\" decoding=\"async\" class=\"alignnone wp-image-2299 size-full\" title=\"Arymi IFun 28000 Z\u00fcge Einweg E Zigarette - Cherry Cola - Strawberry Ice Cream 2 becomes Arymi IFun 28000 Z\u00fcge Einweg E Zigarette - Cherry Cola - Morango Ice Cream 2  Wait, becomes Arymi IFun 28000 puffs disposable E cigarette - Cherry Cola - Strawberry Ice Cream 2  No Arymi IFun 28000 Z\u00fcge Einweg E-Zigarette - Cherry Cola - Erdbeereis 2  No Arymi IFun 28000 disposable E cigarette  - Cherry Cola - Strawberry Ice Cream 2  No becomes Arymi IFun 28000 puffs  E cigarette - Cherry Cola - Strawberry Ice Cream 2  No Arymi IFun 28000 Z\u00fcge Einweg E Zigarette - Cherry Cola - Strawberry Ice Cream  No, The translation Arymi IFun 28000 disposable e-cigarette - Cherry Cola - Strawberry Ice Cream 2\" src=\"https:\/\/alfakher24h.de\/wp-content\/uploads\/2025\/03\/arymi-hookalit-2.webp\" sizes=\"auto, (max-width: 1077px) 100vw, 1077px\" srcset=\"https:\/\/alfakher24h.de\/wp-content\/uploads\/2025\/03\/arymi-hookalit-2.webp 1077w, https:\/\/alfakher24h.de\/wp-content\/uploads\/2025\/03\/arymi-hookalit-2-300x284.webp 300w, https:\/\/alfakher24h.de\/wp-content\/uploads\/2025\/03\/arymi-hookalit-2-1024x970.webp 1024w, https:\/\/alfakher24h.de\/wp-content\/uploads\/2025\/03\/arymi-hookalit-2-768x727.webp 768w, https:\/\/alfakher24h.de\/wp-content\/uploads\/2025\/03\/arymi-hookalit-2-13x12.webp 13w, https:\/\/alfakher24h.de\/wp-content\/uploads\/2025\/03\/arymi-hookalit-2-600x568.webp 600w\" alt=\"Arymi IFun 28000 Z\u00fcge Einweg E Zigarette - Cherry Cola - Morango Sorvete\" width=\"1077\" height=\"1020\" \/><\/h2>\n<h3 data-start=\"4954\" data-end=\"5014\">Outras propriedades not\u00e1veis do Arymi IFun 28000<\/h3>\n<ul data-start=\"5016\" data-end=\"5584\">\n<li data-start=\"5016\" data-end=\"5155\"><strong data-start=\"5018\" data-end=\"5041\">Leve e port\u00e1til:<\/strong>\u00a0A\u00a0<strong data-start=\"5046\" data-end=\"5090\">Arymi IFun 28000 Z\u00fcge Einweg E-Zigarette \nbecomes \nArymi IFun 28000 Z\u00fcge Einweg E-Zigarette \n\n No translation needed for numbers and brand names \n\nHowever ,  here is  translation for description \n\nbecomes \nArymi IFun 28000 puffs disposable E-cigarette<\/strong>\u00a0\u00e9 compacto e cabe facilmente na sua bolsa ou carteira.<\/li>\n<li data-start=\"5156\" data-end=\"5311\"><strong data-start=\"5158\" data-end=\"5189\">Nenhuma manuten\u00e7\u00e3o necess\u00e1ria:<\/strong>\u00a0N\u00e3o h\u00e1 necessidade de reabastecer ou de pe\u00e7as adicionais - use e descarte quando os refis acabarem.<\/li>\n<li data-start=\"5312\" data-end=\"5444\"><strong data-start=\"5314\" data-end=\"5338\">Manuseio simples:<\/strong>\u00a0Com uma\u00a0<strong data-start=\"5349\" data-end=\"5372\">opera\u00e7\u00e3o simples<\/strong>\u00a0e um\u00a0<strong data-start=\"5383\" data-end=\"5407\">design ergon\u00f4mico<\/strong>\u00a0\u00c9 intuitivo e conveniente fumar.<\/li>\n<li data-start=\"5445\" data-end=\"5584\"><strong data-start=\"5447\" data-end=\"5474\">Seguro e confi\u00e1vel:<\/strong>\u00a0O\u00a0<strong data-start=\"5479\" data-end=\"5497\">Prote\u00e7\u00e3o da bateria<\/strong>\u00a0e a\u00a0<strong data-start=\"5506\" data-end=\"5536\">Evita\u00e7\u00e3o de superaquecimento<\/strong>\u00a0oferecem a seguran\u00e7a que voc\u00ea merece.<\/li>\n<\/ul>\n<h3 data-start=\"5586\" data-end=\"5619\">Perguntas Frequentes (FAQs)<\/h3>\n<h4 data-start=\"5621\" data-end=\"5688\">1. Quantas tragadas dura o cigarro eletr\u00f4nico descart\u00e1vel Arymi IFun 28000?<\/h4>\n<p data-start=\"5689\" data-end=\"5849\">Com uma\u00a0<strong data-start=\"5699\" data-end=\"5731\">Capacidade de 28 ml de E-L\u00edquido<\/strong>\u00a0e\u00a0<strong data-start=\"5736\" data-end=\"5752\">28.000 trens<\/strong>\u00a0Voc\u00ea pode usar este cigarro eletr\u00f4nico por v\u00e1rios dias, dependendo da frequ\u00eancia da vaporiza\u00e7\u00e3o.<\/p>\n<h4 data-start=\"5851\" data-end=\"5915\">2. O e-cigarro Arymi IFun 28000 pode ser recarregado?<\/h4>\n<p data-start=\"5916\" data-end=\"6051\">N\u00e3o, a\u00a0<strong data-start=\"5926\" data-end=\"5970\">Arymi IFun 28000 Z\u00fcge Einweg E-Zigarette \nbecomes \nArymi IFun 28000 Z\u00fcge Einweg E-Zigarette \n\n No translation needed for numbers and brand names \n\nHowever ,  here is  translation for description \n\nbecomes \nArymi IFun 28000 puffs disposable E-cigarette<\/strong>\u00a0\u00e9 um\u00a0<strong data-start=\"5979\" data-end=\"5996\">Produto descart\u00e1vel<\/strong>que \u00e9 descartado ap\u00f3s o uso do l\u00edquido eletr\u00f4nico ser esgotado.<\/p>\n<h4 data-start=\"6053\" data-end=\"6106\">3. Qual \u00e9 a for\u00e7a de nicotina do Arymi IFun 28000?<\/h4>\n<p data-start=\"6107\" data-end=\"6242\">A\u00a0<strong data-start=\"6111\" data-end=\"6155\">Arymi IFun 28000 Z\u00fcge Einweg E-Zigarette \nbecomes \nArymi IFun 28000 Z\u00fcge Einweg E-Zigarette \n\n No translation needed for numbers and brand names \n\nHowever ,  here is  translation for description \n\nbecomes \nArymi IFun 28000 puffs disposable E-cigarette<\/strong>\u00a0cont\u00e9m\u00a0<strong data-start=\"6164\" data-end=\"6179\">2 % Nicotina<\/strong>, o que proporciona uma experi\u00eancia de vaporiza\u00e7\u00e3o agrad\u00e1vel e satisfat\u00f3ria.<\/p>\n<h4 data-start=\"6244\" data-end=\"6287\">4. Como posso ajustar o fluxo de ar?<\/h4>\n<p data-start=\"6288\" data-end=\"6483\">A\u00a0<strong data-start=\"6292\" data-end=\"6336\">Arymi IFun 28000 Z\u00fcge Einweg E-Zigarette \nbecomes \nArymi IFun 28000 Z\u00fcge Einweg E-Zigarette \n\n No translation needed for numbers and brand names \n\nHowever ,  here is  translation for description \n\nbecomes \nArymi IFun 28000 puffs disposable E-cigarette<\/strong>\u00a0disp\u00f5e de uma\u00a0<strong data-start=\"6355\" data-end=\"6390\">Controle de fluxo de ar ajust\u00e1vel<\/strong>que permite controlar a resist\u00eancia e a quantidade de vapor de acordo com as suas prefer\u00eancias.<\/p>\n<h4 data-start=\"6485\" data-end=\"6535\">Quais sabores est\u00e3o dispon\u00edveis?<\/h4>\n<p data-start=\"6536\" data-end=\"6678\">Derzeit sind die\u00a0<strong data-start=\"6553\" data-end=\"6568\">Cherry Cola<\/strong>\u00a0e\u00a0<strong data-start=\"6573\" data-end=\"6597\">Sorvete de Morango<\/strong>\u00a0Aromas dispon\u00edveis. Ambos oferecem uma experi\u00eancia de vaporiza\u00e7\u00e3o deliciosa e refrescante.<\/p>\n<h3 data-start=\"6680\" data-end=\"6716\">Por que comprar na alfakher24h.de?<\/h3>\n<p data-start=\"6718\" data-end=\"7103\"><strong data-start=\"6718\" data-end=\"6737\">alfakher24h.de alfakher24h.de<\/strong>\u00a0\u00e9 o\u00a0<strong data-start=\"6746\" data-end=\"6768\">maior loja online<\/strong>\u00a0para\u00a0<strong data-start=\"6773\" data-end=\"6796\">Cigarros eletr\u00f4nicos descart\u00e1veis<\/strong>\u00a0na Alemanha. Oferecemos n\u00e3o apenas os \u00faltimos modelos e sabores, mas tamb\u00e9m os melhores pre\u00e7os e entrega r\u00e1pida diretamente em sua casa. Compre o seu\u00a0<strong data-start=\"6984\" data-end=\"7028\">Arymi IFun 28000 Z\u00fcge Einweg E-Zigarette \nbecomes \nArymi IFun 28000 Z\u00fcge Einweg E-Zigarette \n\n No translation needed for numbers and brand names \n\nHowever ,  here is  translation for description \n\nbecomes \nArymi IFun 28000 puffs disposable E-cigarette<\/strong>\u00a0Hoje ainda conosco e experimente a melhor experi\u00eancia de vaporiza\u00e7\u00e3o da Alemanha!<\/p>","protected":false},"excerpt":{"rendered":"<p><strong data-start=\"6718\" data-end=\"6737\">alfakher24h.de alfakherwelt.de<\/strong>\u00a0\u00e9 o\u00a0<strong data-start=\"6746\" data-end=\"6768\">maior loja online<\/strong>\u00a0para\u00a0<strong data-start=\"6773\" data-end=\"6796\">Cigarros eletr\u00f4nicos descart\u00e1veis<\/strong>\u00a0na Alemanha. Oferecemos n\u00e3o apenas os modelos e sabores mais recentes, mas tamb\u00e9m os melhores pre\u00e7os e entrega r\u00e1pida diretamente em sua casa<\/p>","protected":false},"featured_media":1757,"comment_status":"open","ping_status":"closed","template":"","meta":{"om_disable_all_campaigns":false},"product_brand":[],"product_cat":[45],"product_tag":[],"class_list":{"0":"post-1756","1":"product","2":"type-product","3":"status-publish","4":"has-post-thumbnail","6":"product_cat-arymi-ifun-28000","8":"first","9":"outofstock","10":"shipping-taxable","11":"purchasable","12":"product-type-simple"},"_links":{"self":[{"href":"https:\/\/alfakher24h.de\/pt\/wp-json\/wp\/v2\/product\/1756","targetHints":{"allow":["GET"]}}],"collection":[{"href":"https:\/\/alfakher24h.de\/pt\/wp-json\/wp\/v2\/product"}],"about":[{"href":"https:\/\/alfakher24h.de\/pt\/wp-json\/wp\/v2\/types\/product"}],"replies":[{"embeddable":true,"href":"https:\/\/alfakher24h.de\/pt\/wp-json\/wp\/v2\/comments?post=1756"}],"wp:featuredmedia":[{"embeddable":true,"href":"https:\/\/alfakher24h.de\/pt\/wp-json\/wp\/v2\/media\/1757"}],"wp:attachment":[{"href":"https:\/\/alfakher24h.de\/pt\/wp-json\/wp\/v2\/media?parent=1756"}],"wp:term":[{"taxonomy":"product_brand","embeddable":true,"href":"https:\/\/alfakher24h.de\/pt\/wp-json\/wp\/v2\/product_brand?post=1756"},{"taxonomy":"product_cat","embeddable":true,"href":"https:\/\/alfakher24h.de\/pt\/wp-json\/wp\/v2\/product_cat?post=1756"},{"taxonomy":"product_tag","embeddable":true,"href":"https:\/\/alfakher24h.de\/pt\/wp-json\/wp\/v2\/product_tag?post=1756"}],"curies":[{"name":"wp","href":"https:\/\/api.w.org\/{rel}","templated":true}]}}