{"id":1744,"date":"2025-03-10T10:27:38","date_gmt":"2025-03-10T10:27:38","guid":{"rendered":"https:\/\/alfakher24h.de\/?post_type=product&#038;p=1744"},"modified":"2025-07-12T13:27:57","modified_gmt":"2025-07-12T13:27:57","slug":"httperror-response-code-429-too-many-requests-25","status":"publish","type":"product","link":"https:\/\/alfakher24h.de\/pt\/produto\/httperror-response-code-429-too-many-requests-25\/","title":{"rendered":"Arymi IFun 28000 Z\u00fcge Einweg E Zigarette \u2013 Fizzy Cherry \u2013 Blue Razz Lemonade\n\nbecomes\n\nArymi IFun 28000 Z\u00fcge Disposable E-Cigarette \u2013 Fizzy Cherry \u2013 Blue Razz Lemonade \n\n No, \n\nbecomes \n\nArymi IFun 28000 Z\u00fcge Einweg E-Zigarette \u2013 Fizzy Cherry \u2013 Blue Razz Limonada \n Arymi IFun 28000 disposable E-cigarette  \u2013 Fizzy Cherry \u2013 Blue Razz Lemonade \n\n No \n\nArymi IFun 28000 Z\u00fcge Einweg E Zigarette \u2013 Fizzy Cherry \u2013 Blue Razz Lemonade \n\nis \n\nArymi IFun 28000 Z\u00fcge Einweg E Zigarette \u2013 Fizzy Cherry \u2013 Blue Razz Limonada"},"content":{"rendered":"<div class=\"wp-video\"><\/div>\n<h3 data-start=\"492\" data-end=\"601\"><strong data-start=\"496\" data-end=\"601\">Arymi IFun 28000 Z\u00fcge\u00a0Einweg E Zigarette: A experi\u00eancia definitiva para amantes de vaporiza\u00e7\u00e3o na Alemanha<\/strong><\/h3>\n<div style=\"width: 848px;\" class=\"wp-video\"><video class=\"wp-video-shortcode\" id=\"video-1744-1\" width=\"848\" height=\"478\" preload=\"metadata\" controls=\"controls\"><source type=\"video\/mp4\" src=\"https:\/\/alfakher24h.de\/wp-content\/uploads\/2025\/03\/VID-20241031-WA0010.mp4?_=1\" \/><a href=\"https:\/\/alfakher24h.de\/wp-content\/uploads\/2025\/03\/VID-20241031-WA0010.mp4\">https:\/\/alfakher24h.de\/wp-content\/uploads\/2025\/03\/VID-20241031-WA0010.mp4<\/a><\/video><\/div>\n<p data-start=\"603\" data-end=\"1191\">Se voc\u00ea est\u00e1 procurando por um cigarro eletr\u00f4nico descart\u00e1vel potente e confort\u00e1vel, que agrade tanto no sabor quanto na funcionalidade, ent\u00e3o \u00e9 o\u00a0<strong data-start=\"765\" data-end=\"809\">Arymi IFun 28000 Z\u00fcge Einweg E Zigarette\n\n becomes \n\nArymi IFun 28000 Z\u00fcge Einweg E Zigarette<\/strong>\u00a0exatamente o que voc\u00ea precisa. Com um n\u00famero excepcional de 28.000 puffs, uma generosa capacidade de e-l\u00edquido de 28 ml e um conte\u00fado de nicotina perfeito, este vape descart\u00e1vel oferece uma experi\u00eancia de usu\u00e1rio excepcional. Este vape de alta qualidade \u00e9 ideal para iniciantes e vaporizadores experientes e distingue-se pela sua facilidade de uso e desempenho fi\u00e1vel.<\/p>\n<h3 data-start=\"1193\" data-end=\"1268\"><strong data-start=\"1197\" data-end=\"1268\">Descri\u00e7\u00e3o do produto: O melhor da tecnologia de vaporiza\u00e7\u00e3o e sabor<\/strong><\/h3>\n<p data-start=\"1270\" data-end=\"1733\">A\u00a0<strong data-start=\"1274\" data-end=\"1318\">Arymi IFun 28000 Z\u00fcge Einweg E-Zigarette \nbecomes \nArymi IFun 28000 Z\u00fcge Einweg E-Zigarette \n\n No translation needed for numbers and brand names \n\nHowever ,  here is  translation for description \n\nbecomes \nArymi IFun 28000 puffs disposable E-cigarette<\/strong>\u00a0Foi desenvolvida com foco em facilidade de uso e desempenho, oferecendo uma excelente alternativa aos e-cigarros tradicionais. Este e-cigarro descart\u00e1vel est\u00e1 pronto para uso imediato e n\u00e3o requer configura\u00e7\u00e3o complicada. Com uma impressionante capacidade de 28.000 tragadas, o IFun proporciona uma experi\u00eancia de vaporiza\u00e7\u00e3o duradoura que pode durar v\u00e1rias semanas, dependendo da intensidade de uso.<\/p>\n<p data-start=\"1735\" data-end=\"2195\">A bateria de 600 mAh garante que voc\u00ea possa vaporizar continuamente por muito tempo sem se preocupar em recarregar constantemente. Se a bateria acabar, ela pode ser recarregada rapidamente por meio de um carregador moderno\u00a0<strong data-start=\"1956\" data-end=\"1979\">Conector USB tipo C<\/strong>\u00a0serem carregados, o que torna o uso ainda mais conveniente. A\u00a0<strong data-start=\"2040\" data-end=\"2064\">1,0 \u03a9 Bobina Dual Mesh<\/strong>\u00a0garante uma vaporiza\u00e7\u00e3o uniforme e cont\u00ednua do E-Liquid e permite um vapor intenso e uniforme.<\/p>\n<h3 data-start=\"2197\" data-end=\"2260\"><strong data-start=\"2201\" data-end=\"2260\">Fun\u00e7\u00f5es do Arymi IFun 28000 cigarros eletr\u00f4nicos descart\u00e1veis<\/strong><\/h3>\n<ul data-start=\"2262\" data-end=\"3386\">\n<li data-start=\"2262\" data-end=\"2454\"><strong data-start=\"2264\" data-end=\"2306\">Primeira classe de n\u00famero de puffs (28.000 tragadas):<\/strong>\u00a0Desfrute de uma experi\u00eancia de vaporiza\u00e7\u00e3o incompar\u00e1vel por um longo per\u00edodo de tempo, sem ter que se preocupar com compras frequentes de reposi\u00e7\u00e3o.<\/li>\n<li data-start=\"2455\" data-end=\"2620\"><strong data-start=\"2457\" data-end=\"2499\">Bateria recarreg\u00e1vel com conector Type-C:<\/strong>\u00a0Gra\u00e7as ao moderno conector de carregamento Type-C, voc\u00ea pode carregar o IFun de forma r\u00e1pida e f\u00e1cil quando a bateria estiver baixa.<\/li>\n<li data-start=\"2621\" data-end=\"2797\"><strong data-start=\"2623\" data-end=\"2660\">Grande capacidade de E-Liquid (28 ml):<\/strong>\u00a0O tanque generoso com 28 ml de e-l\u00edquido \u00e9 suficiente para muitas tragadas e permite que voc\u00ea tenha uma longa experi\u00eancia de vaporiza\u00e7\u00e3o sem a necessidade de reabastecer constantemente.<\/li>\n<li data-start=\"2798\" data-end=\"2987\"><strong data-start=\"2800\" data-end=\"2845\">Bobina de Malha Premium (1,0 \u03a9 Bobina de Malha Dupla)<\/strong>\u00a0Esta bobina de malha de alta qualidade garante uma excelente forma\u00e7\u00e3o de vapor e um sabor intenso, tornando o vape uma verdadeira del\u00edcia.<\/li>\n<li data-start=\"2988\" data-end=\"3118\"><strong data-start=\"2990\" data-end=\"3015\">Fluxo de ar ajust\u00e1vel:<\/strong>\u00a0Ajuste o suprimento de ar de acordo com suas prefer\u00eancias para personalizar a experi\u00eancia de vaporiza\u00e7\u00e3o.<\/li>\n<li data-start=\"3119\" data-end=\"3271\"><strong data-start=\"3121\" data-end=\"3152\">Exibi\u00e7\u00e3o de E-L\u00edquido e Bateria:<\/strong>\u00a0Os indicadores integrados mant\u00eam-no informado em tempo real sobre o n\u00edvel de carga da bateria e o n\u00edvel de l\u00edquido electr\u00f3nico.<\/li>\n<li data-start=\"3272\" data-end=\"3386\"><strong data-start=\"3274\" data-end=\"3301\">Prax Vape descart\u00e1vel:<\/strong>\u00a0Nenhum reabastecimento complicado ou rearranjo necess\u00e1rio - simplesmente desembale e aproveite.<\/li>\n<\/ul>\n<h3 data-start=\"3388\" data-end=\"3465\"><strong data-start=\"3392\" data-end=\"3465\">Por que voc\u00ea a<a href=\"https:\/\/alfakherwelt.de\/product-category\/arymi-ifun-28000\/\" target=\"_blank\" rel=\"noopener\">\u00a0Arymi IFun 28000 Z\u00fcge \n\n(Translation not required for this input as it seems to be a mix of brand\/model and a quantity\/measurement) \nArymi IFun 28000 Z\u00fcge<\/a>\u00a0Comprar cigarros eletr\u00f4nicos descart\u00e1veis devem<\/strong><\/h3>\n<ul data-start=\"3467\" data-end=\"4206\">\n<li data-start=\"3467\" data-end=\"3624\"><strong data-start=\"3469\" data-end=\"3487\">Longevidade:<\/strong>\u00a0Com at\u00e9 28.000 tragadas, este cigarro eletr\u00f4nico descart\u00e1vel oferece uma longevidade sem precedentes e garante uma experi\u00eancia de vaporiza\u00e7\u00e3o prolongada.<\/li>\n<li data-start=\"3625\" data-end=\"3843\"><strong data-start=\"3627\" data-end=\"3664\">Pr\u00e1tico e amig\u00e1vel:<\/strong>\u00a0O uso descart\u00e1vel e a possibilidade de carregar rapidamente o cigarro eletr\u00f4nico atrav\u00e9s da porta Type-C tornam-no uma escolha excelente para vapers de todos os n\u00edveis de experi\u00eancia.<\/li>\n<li data-start=\"3844\" data-end=\"4021\"><strong data-start=\"3846\" data-end=\"3881\">Variadas op\u00e7\u00f5es de sabor:<\/strong>\u00a0A Arymi IFun oferece uma variedade de sabores que fazem o cora\u00e7\u00e3o de todo vaper bater mais forte. Perfeito para todos aqueles que apreciam a variedade.<\/li>\n<li data-start=\"4022\" data-end=\"4206\"><strong data-start=\"4024\" data-end=\"4052\">Tecnologia de alta qualidade:<\/strong>\u00a0A bobina Premium Mesh garante um sabor intenso, enquanto o fluxo de ar ajust\u00e1vel personaliza o vapor de acordo com o seu gosto individual.<\/li>\n<\/ul>\n<p><img loading=\"lazy\" decoding=\"async\" class=\"alignnone wp-image-2299 size-full\" title=\"Arymi IFun 28000 Z\u00fcge Einweg E Zigarette - Fizzy Cherry - Blue Razz Lemonade 2 becomes Arymi IFun 28000 Z\u00fcge Einweg E Zigarette - Fizzy Cherry - Blue Razz Lemonade 2  No translation needed  Arymi IFun 28000 Z\u00fcge Einweg E Zigarette - Fizzy Cherry - Blue Razz Lemonade 2  Result Arymi IFun 28000 Z\u00fcge Einweg E Zigarette - Fizzy Cherry - Blue Razz Lemonade 2\" src=\"https:\/\/alfakher24h.de\/wp-content\/uploads\/2025\/03\/arymi-hookalit-2.webp\" sizes=\"auto, (max-width: 1077px) 100vw, 1077px\" srcset=\"https:\/\/alfakher24h.de\/wp-content\/uploads\/2025\/03\/arymi-hookalit-2.webp 1077w, https:\/\/alfakher24h.de\/wp-content\/uploads\/2025\/03\/arymi-hookalit-2-300x284.webp 300w, https:\/\/alfakher24h.de\/wp-content\/uploads\/2025\/03\/arymi-hookalit-2-1024x970.webp 1024w, https:\/\/alfakher24h.de\/wp-content\/uploads\/2025\/03\/arymi-hookalit-2-768x727.webp 768w, https:\/\/alfakher24h.de\/wp-content\/uploads\/2025\/03\/arymi-hookalit-2-13x12.webp 13w, https:\/\/alfakher24h.de\/wp-content\/uploads\/2025\/03\/arymi-hookalit-2-600x568.webp 600w\" alt=\"Arymi IFun 28000 Z\u00fcge Einweg E Zigarette - Fizzy Cherry - Blue Razz Lemonade becomes Arymi IFun 28000 Zugs Disposable E-Cigarette - Fizzy Cherry - Blue Razz Lemonade\" width=\"1077\" height=\"1020\" \/><\/p>\n<h3 data-start=\"4208\" data-end=\"4279\"><strong data-start=\"4212\" data-end=\"4279\">Descri\u00e7\u00e3o detalhada dos aromas: Um prazer para todos os sentidos<\/strong><\/h3>\n<p data-start=\"4281\" data-end=\"4442\">A\u00a0<strong data-start=\"4285\" data-end=\"4329\">Arymi IFun 28000 Z\u00fcge Einweg E Zigarette\n\n becomes \n\nArymi IFun 28000 Z\u00fcge Einweg E Zigarette<\/strong>\u00a0vem com dois sabores exquisitos que tornam o vapor uma experi\u00eancia verdadeiramente \u00fanica.<\/p>\n<h4 data-start=\"4444\" data-end=\"4485\"><strong data-start=\"4449\" data-end=\"4485\">Fizzy Cherry<\/strong><\/h4>\n<p data-start=\"4487\" data-end=\"5065\">O\u00a0<strong data-start=\"4491\" data-end=\"4507\">Fizzy Cherry<\/strong>O sabor \u00e9 uma verdadeira obra-prima da diversidade de aromas. Na primeira tragada, voc\u00ea sente uma explos\u00e3o imediata de cerejas doces e suculentas, perfeitamente combinadas com uma refrescante efervesc\u00eancia. Essa combina\u00e7\u00e3o cria um efeito refrescante e revigorante, que d\u00e1 a sensa\u00e7\u00e3o de estar saboreando uma bebida de cereja borbulhante. O sabor \u00e9 rico e aut\u00eantico, permanece agrad\u00e1vel na boca sem sobrecarregar. Ideal para todos que amam sabores doces e refrescantes, mas ainda buscam algo novo e emocionante.<\/p>\n<h4 data-start=\"5067\" data-end=\"5119\"><strong data-start=\"5072\" data-end=\"5119\">Blue Razz Lemonade<\/strong><\/h4>\n<p data-start=\"5121\" data-end=\"5601\"><strong data-start=\"5121\" data-end=\"5143\">Blue Razz Lemonade<\/strong>\u00a0\u00e9 outro favorito para todos que amam experi\u00eancias de sabor complexas e vers\u00e1teis. Esta sabor combina a do\u00e7ura frutal dos mirtilos com a frescura picante do lim\u00e3o. Os mirtilos oferecem uma do\u00e7ura agrad\u00e1vel, enquanto o lim\u00e3o adiciona um toque refrescante que arredonda harmoniosamente todo o sabor. O final \u00e9 refrescante e duradouro, o que torna este sabor perfeito para o dia todo.<\/p>\n<p data-start=\"5603\" data-end=\"5875\">Ambos os sabores est\u00e3o perfeitamente harmonizados e oferecem uma mistura equilibrada de frutividade, do\u00e7ura e frescura. Seja qual for a sua escolha,\u00a0<strong data-start=\"5752\" data-end=\"5768\">Fizzy Cherry<\/strong>\u00a0ou\u00a0<strong data-start=\"5774\" data-end=\"5796\">Blue Razz Lemonade<\/strong>\u00a0Decida, voc\u00ea pode ter certeza de que cada vaporiza\u00e7\u00e3o \u00e9 um verdadeiro prazer.<\/p>\n<h3 data-start=\"5877\" data-end=\"5915\"><strong data-start=\"5881\" data-end=\"5915\">Perguntas Frequentes (FAQs)<\/strong><\/h3>\n<p data-start=\"5917\" data-end=\"6174\"><strong data-start=\"5917\" data-end=\"5985\">1. A Arymi IFun 28000 \u00e9 um cigarro eletr\u00f4nico descart\u00e1vel com nicotina?<\/strong><br data-start=\"5985\" data-end=\"5988\" \/>Sim, o Arymi IFun 28000 Z\u00fcge cigarro eletr\u00f4nico descart\u00e1vel cont\u00e9m\u00a0<strong data-start=\"6045\" data-end=\"6060\">2 % Nicotina<\/strong>, o que permite uma ingest\u00e3o moderada de nicotina, ideal para fumantes e vapeadores que procuram um impulso de nicotina claro.<\/p>\n<p data-start=\"6176\" data-end=\"6344\"><strong data-start=\"6176\" data-end=\"6220\">Quantos trens oferece a Arymi IFun?<\/strong><br data-start=\"6220\" data-end=\"6223\" \/>A Arymi IFun oferece at\u00e9\u00a0<strong data-start=\"6252\" data-end=\"6267\">28.000 trens<\/strong>, o que a torna uma das e-cigarros descart\u00e1veis mais dur\u00e1veis do mercado.<\/p>\n<p data-start=\"6346\" data-end=\"6523\"><strong data-start=\"6346\" data-end=\"6390\">3. Como posso carregar o Arymi IFun?<\/strong><br data-start=\"6390\" data-end=\"6393\" \/>A Arymi IFun \u00e9 equipada com um\u00a0<strong data-start=\"6422\" data-end=\"6442\">Conector Type-C<\/strong>\u00a0equipado com o qual voc\u00ea pode carregar o cigarro eletr\u00f4nico de forma r\u00e1pida e eficiente.<\/p>\n<p data-start=\"6525\" data-end=\"6731\"><strong data-start=\"6525\" data-end=\"6580\">4. Quanto tempo dura a capacidade de E-Liquid de 28 ml?<\/strong><br data-start=\"6580\" data-end=\"6583\" \/>A\u00a0<strong data-start=\"6587\" data-end=\"6605\">28 ml E-Liquid<\/strong>\u00a0podem durar at\u00e9 28.000 puffs, dependendo da frequ\u00eancia de uso. Dessa forma, voc\u00ea pode aproveitar por muito tempo sem precisar recarregar.<\/p>\n<p data-start=\"6733\" data-end=\"6979\"><strong data-start=\"6733\" data-end=\"6777\">Quais s\u00e3o as vantagens das bobinas mesh?<\/strong><br data-start=\"6777\" data-end=\"6780\" \/>A\u00a0<strong data-start=\"6784\" data-end=\"6808\">1,0 \u03a9 Bobina Dual Mesh<\/strong>\u00a0garante uma evapora\u00e7\u00e3o uniforme e proporciona um sabor intenso e pleno. Isto melhora a experi\u00eancia de vaporiza\u00e7\u00e3o e garante um desempenho consistentemente elevado.<\/p>\n<p data-start=\"6981\" data-end=\"7250\"><strong data-start=\"6981\" data-end=\"7020\">6. Posso ajustar o fluxo de ar?<\/strong><br data-start=\"7020\" data-end=\"7023\" \/>Sim, a\u00a0<strong data-start=\"7031\" data-end=\"7075\">Arymi IFun 28000 Z\u00fcge Einweg E Zigarette\n\n becomes \n\nArymi IFun 28000 Z\u00fcge Einweg E Zigarette<\/strong>\u00a0tem uma\u00a0<strong data-start=\"7085\" data-end=\"7109\">Airflow ajust\u00e1vel<\/strong>, que permite ajustar o suprimento de ar de acordo com suas prefer\u00eancias pessoais, para desfrutar de uma experi\u00eancia de vaporiza\u00e7\u00e3o personalizada.<\/p>\n<h3 data-start=\"7252\" data-end=\"7293\"><strong data-start=\"7256\" data-end=\"7293\">Por que comprar na alfakher24h.de?<\/strong><\/h3>\n<p data-start=\"7295\" data-end=\"7768\">Em alfakher24h.de, a maior plataforma online para cigarros eletr\u00f4nicos descart\u00e1veis na Alemanha, voc\u00ea encontra os\u00a0<strong data-start=\"7404\" data-end=\"7448\">Arymi IFun 28000 Z\u00fcge Einweg E Zigarette\n\n becomes \n\nArymi IFun 28000 Z\u00fcge Einweg E Zigarette<\/strong>\u00a0a pre\u00e7os excelentes. O nosso site, de f\u00e1cil utiliza\u00e7\u00e3o, permite-lhe efectuar uma encomenda r\u00e1pida e simples, e garantimos entrega r\u00e1pida e servi\u00e7o de atendimento ao cliente de primeira classe. Confie em n\u00f3s quando se trata de produtos de alta qualidade\u00a0<strong data-start=\"7685\" data-end=\"7720\">E-Zigarettes descart\u00e1veis com nicotina<\/strong>\u00a0vai -\u00a0<strong data-start=\"7728\" data-end=\"7743\">Comprar vape<\/strong>\u00a0Nunca foi t\u00e3o f\u00e1cil!<\/p>","protected":false},"excerpt":{"rendered":"<p>alfakher24h.de, a maior plataforma online para cigarros eletr\u00f4nicos descart\u00e1veis na Alemanha, voc\u00ea encontra o\u00a0<strong data-start=\"7404\" data-end=\"7448\">Arymi IFun 28000 Z\u00fcge Einweg E Zigarette\n\n becomes \n\nArymi IFun 28000 Z\u00fcge Einweg E Zigarette<\/strong>\u00a0a pre\u00e7os excelentes. O nosso site, de f\u00e1cil utiliza\u00e7\u00e3o, permite-lhe efectuar uma encomenda r\u00e1pida e simples,<\/p>","protected":false},"featured_media":1747,"comment_status":"open","ping_status":"closed","template":"","meta":{"om_disable_all_campaigns":false},"product_brand":[],"product_cat":[45],"product_tag":[],"class_list":{"0":"post-1744","1":"product","2":"type-product","3":"status-publish","4":"has-post-thumbnail","6":"product_cat-arymi-ifun-28000","8":"first","9":"outofstock","10":"shipping-taxable","11":"purchasable","12":"product-type-simple"},"_links":{"self":[{"href":"https:\/\/alfakher24h.de\/pt\/wp-json\/wp\/v2\/product\/1744","targetHints":{"allow":["GET"]}}],"collection":[{"href":"https:\/\/alfakher24h.de\/pt\/wp-json\/wp\/v2\/product"}],"about":[{"href":"https:\/\/alfakher24h.de\/pt\/wp-json\/wp\/v2\/types\/product"}],"replies":[{"embeddable":true,"href":"https:\/\/alfakher24h.de\/pt\/wp-json\/wp\/v2\/comments?post=1744"}],"wp:featuredmedia":[{"embeddable":true,"href":"https:\/\/alfakher24h.de\/pt\/wp-json\/wp\/v2\/media\/1747"}],"wp:attachment":[{"href":"https:\/\/alfakher24h.de\/pt\/wp-json\/wp\/v2\/media?parent=1744"}],"wp:term":[{"taxonomy":"product_brand","embeddable":true,"href":"https:\/\/alfakher24h.de\/pt\/wp-json\/wp\/v2\/product_brand?post=1744"},{"taxonomy":"product_cat","embeddable":true,"href":"https:\/\/alfakher24h.de\/pt\/wp-json\/wp\/v2\/product_cat?post=1744"},{"taxonomy":"product_tag","embeddable":true,"href":"https:\/\/alfakher24h.de\/pt\/wp-json\/wp\/v2\/product_tag?post=1744"}],"curies":[{"name":"wp","href":"https:\/\/api.w.org\/{rel}","templated":true}]}}