{"id":1714,"date":"2025-03-07T06:34:45","date_gmt":"2025-03-07T06:34:45","guid":{"rendered":"https:\/\/alfakher24h.de\/?post_type=product&#038;p=1714"},"modified":"2025-05-21T04:35:18","modified_gmt":"2025-05-21T04:35:18","slug":"httperror-response-code-429-too-many-requests-38","status":"publish","type":"product","link":"https:\/\/alfakher24h.de\/pt\/produto\/httperror-response-code-429-too-many-requests-38\/","title":{"rendered":"Coroa AI Fakher 15000 tragadas Cigarro eletr\u00f4nico descart\u00e1vel - Goma de hortel\u00e3"},"content":{"rendered":"<h2>Al Fakher Crown Bar 15000 PRO: Cigarra Eletr\u00f4nica Descart\u00e1vel com Variedade Intensa de Aromas e Maior Pot\u00eancia<\/h2>\n<p>A\u00a0<strong>Al Fakher Crown Bar 15000 PRO<\/strong>\u00a0Oferece um prazer de vapor incompar\u00e1vel e \u00e9 feito para todos aqueles que valorizam qualidade, aroma e durabilidade. Este dispositivo inovador de vape oferece uma bateria recarreg\u00e1vel USB-C potente de 600mAh, uma capacidade impressionante de 22ml de l\u00edquido eletr\u00f4nico e at\u00e9 15.000 tragadas. Com este novo design, Al Fakher eleva o vape a um novo n\u00edvel - especialmente para todos aqueles que na Alemanha est\u00e3o procurando por um cigarro eletr\u00f4nico descart\u00e1vel confi\u00e1vel e potente.<\/p>\n<h3>Caracter\u00edsticas \u00fanicas do Al Fakher Crown Bar 15000 PRO<\/h3>\n<ul>\n<li><strong>Imponentes caracter\u00edsticas:<\/strong>\u00a0Desfrute at\u00e9 15.000 tragadas - ideal para um prazer de vapor prolongado.<\/li>\n<li><strong>Dura\u00e7\u00e3o da bateria:<\/strong>\u00a0A bateria de 600mAh garante que o dispositivo dure at\u00e9 que todo o l\u00edquido eletr\u00f4nico seja consumido - pr\u00e1tico e confi\u00e1vel.<\/li>\n<li><strong>Capacidade de E-L\u00edquido de 22ml:<\/strong>\u00a0Desfrute de uma grande quantidade de l\u00edquido, sem a necessidade de reabastecer constantemente.<\/li>\n<li><strong>Conte\u00fado de nicotina de 5% (50mg):<\/strong>\u00a0Perfeitamente adaptado \u00e0s necessidades de muitos vapers.<\/li>\n<li><strong>Design moderno:<\/strong>\u00a0Com um visor LED para o n\u00edvel da bateria e o n\u00edvel de l\u00edquido, voc\u00ea permanece sempre informado.<\/li>\n<li><strong>Manuseio f\u00e1cil e recarregabilidade:<\/strong>\u00a0A conex\u00e3o USB tipo C ( cabo n\u00e3o inclu\u00eddo ) permite carregar de forma simples e r\u00e1pida.<\/li>\n<\/ul>\n<p>Visite nosso site alfakher24h.de e descubra nossa ampla oferta de cigarros eletr\u00f4nicos descart\u00e1veis.<\/p>\n<hr \/>\n<h2>Um olhar detalhado para o mundo de sabores do Al Fakher Crown Bar 15000 PRO<\/h2>\n<p>Al Fakher transferiu sua expertise na \u00e1rea tradicional de Shisha para o mercado de vape de forma perfeita. Com uma variedade impressionante de aromas aut\u00eanticos e intensos, cada experi\u00eancia de vaporiza\u00e7\u00e3o torna-se um momento de verdadeiro prazer.<\/p>\n<h3>Experi\u00eancia de sabor: Gum Mint<\/h3>\n<p><strong>Gum Mint<\/strong>\u00a0\u00e9 uma mistura refrescante que combina hortel\u00e3 fresca com um toque de goma de mascar doce. Em cada tragada, voc\u00ea experimenta a frescura revigorante da hortel\u00e3, complementada pela do\u00e7ura de um sabor familiar de goma de mascar. \u00c9 uma escolha perfeita para quem gosta de um toque de frescor com um aroma doce e familiar. A combina\u00e7\u00e3o de sabores oferece um aroma duradouro que voc\u00ea vai querer desfrutar repetidamente.<\/p>\n<p><img loading=\"lazy\" decoding=\"async\" class=\"alignnone wp-image-824 size-full\" title=\"Coroa AI Fakher Bar 15000 tragadas Cigarro eletr\u00f4nico descart\u00e1vel - Goma de hortel\u00e3 2\" src=\"https:\/\/alfakher24h.de\/wp-content\/uploads\/2025\/03\/1AI-Fakher-Crown-Bar-15000.webp\" sizes=\"auto, (max-width: 1080px) 100vw, 1080px\" srcset=\"https:\/\/alfakher24h.de\/wp-content\/uploads\/2025\/03\/1AI-Fakher-Crown-Bar-15000.webp 1080w, https:\/\/alfakher24h.de\/wp-content\/uploads\/2025\/03\/1AI-Fakher-Crown-Bar-15000-225x300.webp 225w, https:\/\/alfakher24h.de\/wp-content\/uploads\/2025\/03\/1AI-Fakher-Crown-Bar-15000-768x1024.webp 768w, https:\/\/alfakher24h.de\/wp-content\/uploads\/2025\/03\/1AI-Fakher-Crown-Bar-15000-600x800.webp 600w\" alt=\"Coroa AI Fakher 15000 tragadas Cigarro eletr\u00f4nico descart\u00e1vel - Goma de hortel\u00e3 \" width=\"1080\" height=\"1440\" \/><\/p>\n<hr \/>\n<h2>Por que o Al Fakher Crown Bar 15000 PRO \u00e9 a melhor escolha para os vapers<\/h2>\n<ol>\n<li><strong>Qualidade e confiabilidade:<\/strong>\u00a0A alta qualidade de processamento da Al Fakher garante um dispositivo duradouro que n\u00e3o o deixa na m\u00e3o.<\/li>\n<li><strong>Experi\u00eancia intensiva de vapor:<\/strong>\u00a0Com at\u00e9 15.000 tragadas, voc\u00ea experimenta um prazer de vapor cont\u00ednuo e intenso.<\/li>\n<li><strong>Carregamento simples:<\/strong>\u00a0O conector de carga USB-C permite um carregamento f\u00e1cil e r\u00e1pido.<\/li>\n<li><strong>Alto teor de nicotina:<\/strong>\u00a0O teor de nicotina de 5%ge fala especialmente em experientes vapers que procuram uma experi\u00eancia mais intensa.<\/li>\n<li><strong>Diversidade arom\u00e1tica:<\/strong>\u00a0Gra\u00e7as \u00e0 ampla sele\u00e7\u00e3o de aromas, h\u00e1 algo para todos os gostos.<\/li>\n<\/ol>\n<p>&nbsp;<\/p>\n<p>A\u00a0<strong>Al Fakher Crown Bar 15000 PRO<\/strong> \u00c9 mais do que apenas um cigarro eletr\u00f4nico descart\u00e1vel - \u00e9 uma declara\u00e7\u00e3o em termos de qualidade e desempenho. Seja voc\u00ea um vapeador experiente ou um iniciante, este dispositivo oferece tudo o que voc\u00ea precisa para levar seu prazer de vaporiza\u00e7\u00e3o ao pr\u00f3ximo n\u00edvel. Visite-nos em alfakher24h.de e garanta seu dispositivo hoje mesmo!<\/p>\n<p><img loading=\"lazy\" decoding=\"async\" class=\"alignnone size-full wp-image-855\" title=\"AI Fakher Crown Bar 15000 Z\u00fcge Einweg E Zigarette - Gum Mint 3 becomes AI Fakher Crown Bar 15000 trag\u00e1veis E Cigarros - Gum Mint 3\" src=\"https:\/\/alfakher24h.de\/wp-content\/uploads\/2025\/03\/2AI-Fakher-Crown-Bar-15000-1.webp\" sizes=\"auto, (max-width: 1920px) 100vw, 1920px\" srcset=\"https:\/\/alfakher24h.de\/wp-content\/uploads\/2025\/03\/2AI-Fakher-Crown-Bar-15000-1.webp 1920w, https:\/\/alfakher24h.de\/wp-content\/uploads\/2025\/03\/2AI-Fakher-Crown-Bar-15000-1-300x169.webp 300w, https:\/\/alfakher24h.de\/wp-content\/uploads\/2025\/03\/2AI-Fakher-Crown-Bar-15000-1-1024x576.webp 1024w, https:\/\/alfakher24h.de\/wp-content\/uploads\/2025\/03\/2AI-Fakher-Crown-Bar-15000-1-768x432.webp 768w, https:\/\/alfakher24h.de\/wp-content\/uploads\/2025\/03\/2AI-Fakher-Crown-Bar-15000-1-1536x864.webp 1536w, https:\/\/alfakher24h.de\/wp-content\/uploads\/2025\/03\/2AI-Fakher-Crown-Bar-15000-1-600x338.webp 600w\" alt=\"Coroa AI Fakher 15000 tragadas Cigarro eletr\u00f4nico descart\u00e1vel - Goma de hortel\u00e3 \" width=\"1920\" height=\"1080\" \/><\/p>","protected":false},"excerpt":{"rendered":"<p><strong>Al Fakher Crown Bar 15000 PRO<\/strong> \u00c9 mais do que apenas um cigarro eletr\u00f4nico descart\u00e1vel - \u00e9 uma declara\u00e7\u00e3o em termos de qualidade e desempenho. Seja voc\u00ea um vapeador experiente ou um iniciante, este dispositivo oferece tudo o que voc\u00ea precisa.<\/p>","protected":false},"featured_media":1715,"comment_status":"open","ping_status":"closed","template":"","meta":{"om_disable_all_campaigns":false},"product_brand":[],"product_cat":[43],"product_tag":[],"class_list":{"0":"post-1714","1":"product","2":"type-product","3":"status-publish","4":"has-post-thumbnail","6":"product_cat-al-fakher-crown-bar-15000","8":"first","9":"outofstock","10":"shipping-taxable","11":"purchasable","12":"product-type-simple"},"_links":{"self":[{"href":"https:\/\/alfakher24h.de\/pt\/wp-json\/wp\/v2\/product\/1714","targetHints":{"allow":["GET"]}}],"collection":[{"href":"https:\/\/alfakher24h.de\/pt\/wp-json\/wp\/v2\/product"}],"about":[{"href":"https:\/\/alfakher24h.de\/pt\/wp-json\/wp\/v2\/types\/product"}],"replies":[{"embeddable":true,"href":"https:\/\/alfakher24h.de\/pt\/wp-json\/wp\/v2\/comments?post=1714"}],"wp:featuredmedia":[{"embeddable":true,"href":"https:\/\/alfakher24h.de\/pt\/wp-json\/wp\/v2\/media\/1715"}],"wp:attachment":[{"href":"https:\/\/alfakher24h.de\/pt\/wp-json\/wp\/v2\/media?parent=1714"}],"wp:term":[{"taxonomy":"product_brand","embeddable":true,"href":"https:\/\/alfakher24h.de\/pt\/wp-json\/wp\/v2\/product_brand?post=1714"},{"taxonomy":"product_cat","embeddable":true,"href":"https:\/\/alfakher24h.de\/pt\/wp-json\/wp\/v2\/product_cat?post=1714"},{"taxonomy":"product_tag","embeddable":true,"href":"https:\/\/alfakher24h.de\/pt\/wp-json\/wp\/v2\/product_tag?post=1714"}],"curies":[{"name":"wp","href":"https:\/\/api.w.org\/{rel}","templated":true}]}}