{"id":1712,"date":"2025-03-06T09:22:05","date_gmt":"2025-03-06T09:22:05","guid":{"rendered":"https:\/\/alfakher24h.de\/?post_type=product&#038;p=1712"},"modified":"2025-05-21T04:35:19","modified_gmt":"2025-05-21T04:35:19","slug":"httperror-response-code-429-too-many-requests-3","status":"publish","type":"product","link":"https:\/\/alfakher24h.de\/pt\/produto\/httperror-response-code-429-too-many-requests-3\/","title":{"rendered":"AI Fakher Crown Bar 15000 Z\u00fcge Einweg E Zigarette \u2013 Lucid Dream \nAI Fakher Crown Bar 15000 trag\u00e1veis Cigarros Eletr\u00f4nicos Descart\u00e1veis \u2013 Sonho L\u00facido"},"content":{"rendered":"<h2><strong><a href=\"https:\/\/alfakher24h.de\/pt\/\">Al Fakher Crown Bar 15000 PRO<\/a> Disposable Vape \u2013 Vape Descart\u00e1vel de Alta Performance e Sabor<\/strong><\/h2>\n<hr \/>\n<h3>Sobre o produto<\/h3>\n<p>Experiencie o vaping definitivo com o\u00a0<strong><a href=\"https:\/\/alfakher24h.de\/pt\/\">Al Fakher<\/a> Crown Bar 15000 PRO<\/strong>\u00a0- Um potente cigarro eletr\u00f4nico descart\u00e1vel, que convence com recursos inovadores e prazer incompar\u00e1vel. Este vape avan\u00e7ado oferece um desempenho impressionante com\u00a0<strong>15.000 trens<\/strong>um\u00a0<strong>bateria recarreg\u00e1vel de 600mAh USB-C<\/strong>\u00a0e um\u00a0<strong>22ml E-Liquid-Tank \n\n(deu mesmo, n\u00e3o h\u00e1 tradu\u00e7\u00e3o para esse tipo de termo)\n\n Tanque de E-L\u00edquido 22ml<\/strong>. Al Fakher, conhecido por produtos de alta qualidade, desenvolveu com este cigarro eletr\u00f3nico uma experi\u00eancia especificamente adaptada ao gosto e \u00e0s necessidades de vaporizadores exigentes na Alemanha.<\/p>\n<p>Com um visor LED \u00fanico, voc\u00ea pode manter o n\u00edvel de preenchimento e a vida \u00fatil da bateria sob controle - ideal para todos que valorizam vis\u00e3o geral e controle. A Al Fakher Crown Bar 15000 PRO \u00e9 perfeita para uma experi\u00eancia de vaporiza\u00e7\u00e3o intensa e duradoura e \u00e9 a escolha ideal para usu\u00e1rios frequentes devido ao seu design moderno e longa durabilidade.<\/p>\n<hr \/>\n<h3>Principais caracter\u00edsticas<\/h3>\n<ul>\n<li><strong>N\u00famero de Puffs<\/strong>: At\u00e9\u00a0<strong>15.000 trens<\/strong>que proporcionam uma experi\u00eancia de vapor excepcionalmente longa.<\/li>\n<li><strong>Capacidade do E-L\u00edquido<\/strong>: 22ml, perfeitamente ajustado para o alto n\u00famero de puffs para um prazer duradouro.<\/li>\n<li><strong>Bateria<\/strong>Recarreg\u00e1veis\u00a0<strong>600mAh Bateria USB-C<\/strong>\u00a0(N\u00e3o inclu\u00eddo cabo) para utiliza\u00e7\u00e3o flex\u00edvel e longa dura\u00e7\u00e3o da bateria.<\/li>\n<li><strong>Teor de nicotina<\/strong>: 5% (50mg) Nicotina \u2013 uma for\u00e7a adequada tanto para vaporizadores regulares quanto para aqueles que est\u00e3o mudando.<\/li>\n<li><strong>Destaque de Design<\/strong>: A marca logotipo Al Fakher gravada na caixa torna o vape um companheiro elegante e um chamariz.<\/li>\n<li><strong>Manuseio simples<\/strong>Devido ao seu formato compacto e port\u00e1til, a Al Fakher Crown Bar 15000 PRO \u00e9 ideal para uso em movimento.<\/li>\n<\/ul>\n<hr \/>\n<h3>Por que comprar o Al Fakher Crown Bar 15000 PRO?<\/h3>\n<p>Este cigarro eletr\u00f4nico descart\u00e1vel n\u00e3o s\u00f3 oferece excel\u00eancia tecnol\u00f3gica, mas tamb\u00e9m atende aos padr\u00f5es de qualidade e design. Foi desenvolvido especialmente para vapers na Alemanha e oferece uma combina\u00e7\u00e3o perfeita de facilidade de uso e desempenho. Com seu alto n\u00famero de puffs e generoso volume de l\u00edquido, n\u00e3o \u00e9 apenas pr\u00e1tico, mas tamb\u00e9m extremamente econ\u00f4mico. Para todos que buscam experi\u00eancias prolongadas de vaporiza\u00e7\u00e3o sem recarregar constantemente, o Al Fakher Crown Bar 15000 PRO \u00e9 a escolha perfeita.<\/p>\n<hr \/>\n<h3>Um universo de sabores intensos<\/h3>\n<p>Al Fakher criou uma ampla gama de sabores aut\u00eanticos e de alta qualidade com sua experi\u00eancia na ind\u00fastria de Shisha. Essa expertise tamb\u00e9m se reflete nos E-L\u00edquidos do Crown Bar 15000 PRO, oferecendo aos entusiastas do vape uma diversidade de sabores excepcional:<\/p>\n<h4><strong>Sonho L\u00facido<\/strong><\/h4>\n<p>Uma experi\u00eancia gastron\u00f4mica que o transporta para um mundo de sonho.\u00a0<strong>Sonho L\u00facido<\/strong>\u00a0Oferece uma mistura exquisita de notas frutadas e cremosas, que proporcionam uma experi\u00eancia de vaporiza\u00e7\u00e3o suave e ao mesmo tempo intensa. O sabor \u00e9 perfeito para vapers que preferem um equil\u00edbrio harmonioso entre do\u00e7ura e frescor. As nuances cremosas fazem com que o vapor pare\u00e7a seda macia, enquanto os aromas frutados proporcionam uma nota refrescante. Cada tragada desdobra um sabor rico e pleno, que n\u00e3o perde sua intensidade mesmo ap\u00f3s um consumo prolongado.<\/p>\n<hr \/>\n<h3>Vantagens do produto em detalhes<\/h3>\n<p>Com o Al Fakher Crown Bar 15000 PRO, voc\u00ea n\u00e3o s\u00f3 recebe um dispositivo de vaporiza\u00e7\u00e3o excepcional, mas tamb\u00e9m um companheiro confi\u00e1vel no dia a dia.<\/p>\n<ul>\n<li><strong>Longevidade e desempenho<\/strong>15.000 puffs e uma grande capacidade de e-l\u00edquido permitem que voc\u00ea aproveite sua experi\u00eancia de vaporiza\u00e7\u00e3o por um longo per\u00edodo, sem fazer concess\u00f5es.<\/li>\n<li><strong>Rechargeabilidade<\/strong>A possibilidade de carregar a bateria via USB-C torna o uso especialmente flex\u00edvel e ecol\u00f3gico.<\/li>\n<li><strong>Design ergon\u00f4mico<\/strong>: O design fino e compacto do cigarro eletr\u00f4nico garante que ele caiba confortavelmente em qualquer bolso e seja perfeito para uso em movimento.<\/li>\n<li><strong>Aut\u00eantica experi\u00eancia de sabor<\/strong>: Al Fakher \u00e9 sin\u00f4nimo de qualidade e oferece sabores aut\u00eanticos e ricos.<\/li>\n<\/ul>","protected":false},"excerpt":{"rendered":"<p>Al Fakher\u00a0Crown Bar 15000 PRO Disposable Vape \u2013 Einweg-E-Zigarette mit Hochleistung &amp; Geschmack \u00dcber das Produkt Erleben Sie das ultimative Vaping mit der\u00a0Al Fakher Crown Bar 15000 PRO\u00a0\u2013 einer leistungsstarken Einweg-E-Zigarette, die mit innovativen Features und unvergleichlichem Genuss \u00fcberzeugt. Diese fortschrittliche Vape bietet eine beeindruckende Leistung mit\u00a015000 Z\u00fcgen, einer\u00a0nachf\u00fcllbaren 600mAh USB-C-Batterie\u00a0und einem\u00a022ml E-Liquid-Tank. Al Fakher, [\u2026]","protected":false},"featured_media":1713,"comment_status":"open","ping_status":"closed","template":"","meta":{"om_disable_all_campaigns":false},"product_brand":[],"product_cat":[43],"product_tag":[],"class_list":{"0":"post-1712","1":"product","2":"type-product","3":"status-publish","4":"has-post-thumbnail","6":"product_cat-al-fakher-crown-bar-15000","8":"first","9":"outofstock","10":"shipping-taxable","11":"purchasable","12":"product-type-simple"},"_links":{"self":[{"href":"https:\/\/alfakher24h.de\/pt\/wp-json\/wp\/v2\/product\/1712","targetHints":{"allow":["GET"]}}],"collection":[{"href":"https:\/\/alfakher24h.de\/pt\/wp-json\/wp\/v2\/product"}],"about":[{"href":"https:\/\/alfakher24h.de\/pt\/wp-json\/wp\/v2\/types\/product"}],"replies":[{"embeddable":true,"href":"https:\/\/alfakher24h.de\/pt\/wp-json\/wp\/v2\/comments?post=1712"}],"wp:featuredmedia":[{"embeddable":true,"href":"https:\/\/alfakher24h.de\/pt\/wp-json\/wp\/v2\/media\/1713"}],"wp:attachment":[{"href":"https:\/\/alfakher24h.de\/pt\/wp-json\/wp\/v2\/media?parent=1712"}],"wp:term":[{"taxonomy":"product_brand","embeddable":true,"href":"https:\/\/alfakher24h.de\/pt\/wp-json\/wp\/v2\/product_brand?post=1712"},{"taxonomy":"product_cat","embeddable":true,"href":"https:\/\/alfakher24h.de\/pt\/wp-json\/wp\/v2\/product_cat?post=1712"},{"taxonomy":"product_tag","embeddable":true,"href":"https:\/\/alfakher24h.de\/pt\/wp-json\/wp\/v2\/product_tag?post=1712"}],"curies":[{"name":"wp","href":"https:\/\/api.w.org\/{rel}","templated":true}]}}