{"id":1710,"date":"2025-03-06T09:18:00","date_gmt":"2025-03-06T09:18:00","guid":{"rendered":"https:\/\/alfakher24h.de\/?post_type=product&#038;p=1710"},"modified":"2025-05-21T04:35:19","modified_gmt":"2025-05-21T04:35:19","slug":"httperror-response-code-429-too-many-requests-4","status":"publish","type":"product","link":"https:\/\/alfakher24h.de\/pt\/produto\/httperror-response-code-429-too-many-requests-4\/","title":{"rendered":"AI Fakher Crown Bar 15000 tragadas Cigarro eletr\u00f4nico descart\u00e1vel \u2013 Sabor Lush Ice"},"content":{"rendered":"<h2>Al Fakher Crown Bar 15000 PRO Descart\u00e1vel Vape - Cigarro Eletr\u00f4nico Descart\u00e1vel com Estilo e Desempenho<\/h2>\n<p><img loading=\"lazy\" decoding=\"async\" class=\"alignnone size-full wp-image-1703\" src=\"https:\/\/alfakher24h.de\/wp-content\/uploads\/2025\/03\/5AI-Fakher-Crown-Bar-15000.webp\" alt=\"\" width=\"800\" height=\"800\" title=\"\" srcset=\"https:\/\/alfakher24h.de\/wp-content\/uploads\/2025\/03\/5AI-Fakher-Crown-Bar-15000.webp 800w, https:\/\/alfakher24h.de\/wp-content\/uploads\/2025\/03\/5AI-Fakher-Crown-Bar-15000-300x300.webp 300w, https:\/\/alfakher24h.de\/wp-content\/uploads\/2025\/03\/5AI-Fakher-Crown-Bar-15000-150x150.webp 150w, https:\/\/alfakher24h.de\/wp-content\/uploads\/2025\/03\/5AI-Fakher-Crown-Bar-15000-768x768.webp 768w, https:\/\/alfakher24h.de\/wp-content\/uploads\/2025\/03\/5AI-Fakher-Crown-Bar-15000-12x12.webp 12w, https:\/\/alfakher24h.de\/wp-content\/uploads\/2025\/03\/5AI-Fakher-Crown-Bar-15000-600x600.webp 600w, https:\/\/alfakher24h.de\/wp-content\/uploads\/2025\/03\/5AI-Fakher-Crown-Bar-15000-100x100.webp 100w\" sizes=\"auto, (max-width: 800px) 100vw, 800px\" \/><\/p>\n<p>Experimente a pr\u00f3xima gera\u00e7\u00e3o do vape com o Al Fakher Crown Bar 15000 PRO, o cigarro eletr\u00f4nico descart\u00e1vel definitivo para prazer e desempenho. Com uma capacidade impressionante de 15.000 tragadas e um design desenvolvido recentemente, este dispositivo combina for\u00e7a, estilo e o sabor inconfund\u00edvel pelo qual Al Fakher \u00e9 conhecido. Perfeito tanto para iniciantes quanto para vapers experientes, o Crown Bar 15000 oferece uma experi\u00eancia de vape de primeira classe que voc\u00ea pode desfrutar a qualquer momento e em qualquer lugar.<\/p>\n<h3>Maior qualidade e t\u00e9cnica inovadora<\/h3>\n<p>Com uma capacidade de 22 ml de l\u00edquido eletr\u00f4nico e uma for\u00e7a de nicotina de 5% \u00e9 o Al Fakher Crown Bar 15000 PRO mais do que apenas um\u00a0<a href=\"https:\/\/alfakherwelt.de\/\" target=\"_blank\" rel=\"noopener\">Cigarrilha descart\u00e1vel eletr\u00f4nica<\/a>\u00a0\u2013 \u00c9 uma declara\u00e7\u00e3o no mundo do vapor. A bateria integrada de 600mAh recarreg\u00e1vel por USB-C garante que o dispositivo dure at\u00e9 o \u00faltimo gota de l\u00edquido eletr\u00f4nico, para que nenhuma tragada valiosa seja perdida.<\/p>\n<ul>\n<li><strong>Capacidade:<\/strong>\u00a022 ml de e-l\u00edquido de alta qualidade, que garante um desempenho de vapor intenso e duradouro<\/li>\n<li><strong>Nicotina\u0e40\u0e02\u0e49\u0e21idade:<\/strong>\u00a05% (50 mg) para uma experi\u00eancia de vapor forte e satisfat\u00f3ria<\/li>\n<li><strong>Bateria:<\/strong>\u00a0Bateria recarreg\u00e1vel de 600mAh, USB-C ( cabo de carregamento n\u00e3o inclu\u00eddo), garante desempenho prolongado<\/li>\n<li><strong>Trens:<\/strong>\u00a0Mais de 15.000 trens para um prazer duradouro<\/li>\n<li><strong>Exibi\u00e7\u00e3o de LED:<\/strong>\u00a0Exibi\u00e7\u00e3o avan\u00e7ada para carga da bateria e n\u00edvel do l\u00edquido eletr\u00f4nico<\/li>\n<\/ul>\n<h3>Por que o Al Fakher Crown Bar 15000 PRO \u00e9 a escolha certa<\/h3>\n<ol>\n<li><strong>Incompar\u00e1vel longevidade:<\/strong>\u00a0Desfrute at\u00e9 15.000 puffs - o m\u00e1ximo em pot\u00eancia e valor.<\/li>\n<li><strong>Elegante e design exclusivo:<\/strong>\u00a0O ic\u00f4nico logotipo Al Fakher e o design elegante tornam o dispositivo um chamariz.<\/li>\n<li><strong>Re carregabilidade via USB-C:<\/strong>\u00a0Com a bateria recarreg\u00e1vel de 600mAh, voc\u00ea pode prolongar sua experi\u00eancia de vaporiza\u00e7\u00e3o sempre que precisar.<\/li>\n<li><strong>Tela avan\u00e7ada de LED:<\/strong>\u00a0O Crown Bar 15000 mostra o status do E-Liquid e da bateria a qualquer momento, para que voc\u00ea esteja sempre informado.<\/li>\n<li><strong>Manuseio simples:<\/strong>\u00a0Sem necessidade de reabastecimento ou configura\u00e7\u00e3o complicada - simplesmente desfrute.<\/li>\n<\/ol>\n<hr \/>\n<h3>Descri\u00e7\u00e3o detalhada dos sabores<\/h3>\n<h4>Lush Ice<\/h4>\n<p>O sabor Lush Ice transporta-o para um mundo cheio de frescor e frutividade. A cada tragada, desdobra-se uma base de melancia suculenta, que \u00e9 perfeitamente arredondada por um toque de mentol. Este aroma \u00e9 ideal para todos aqueles que procuram uma experi\u00eancia de vaporiza\u00e7\u00e3o refrescante e frutal, que arrefece e refresca o paladar. O equil\u00edbrio entre a melancia doce e o mentol intenso assegura um agrad\u00e1vel retrogosto, que deixa desejo de mais. Cada tragada \u00e9 uma viagem \u00e0 frescura tropical, que nunca se torna mon\u00f3tona.<\/p>\n<hr \/>\n<h3>Explos\u00f5es de sabor para cada momento<\/h3>\n<p>O Al Fakher Crown Bar 15000 PRO foi desenvolvido para oferecer uma ampla gama de sabores intensos e emocionais. Descubra a experi\u00eancia de sabor incompar\u00e1vel que a Al Fakher traz para o mundo dos vaporizadores descart\u00e1veis - uma diversidade que reinventa cada experi\u00eancia de vaporiza\u00e7\u00e3o.<\/p>\n<hr \/>\n<h3>Por que comprar conosco?<\/h3>\n<p>Como o maior fornecedor online de cigarros eletr\u00f4nicos descart\u00e1veis na Alemanha, nossa loja - alfakher24h.de - oferece uma ampla sele\u00e7\u00e3o dos melhores e mais atuais vapes descart\u00e1veis do mercado. Com foco em qualidade e servi\u00e7o ao cliente, somos o ponto de encontro para todos que buscam uma experi\u00eancia de vaporiza\u00e7\u00e3o de alta qualidade e confi\u00e1vel.<\/p>","protected":false},"excerpt":{"rendered":"<p>Al Fakher Crown Bar 15000 PRO foi desenvolvido para oferecer uma ampla gama de sabores intensos e emocionais. Descubra a experi\u00eancia de sabor incompar\u00e1vel<\/p>","protected":false},"featured_media":1711,"comment_status":"open","ping_status":"closed","template":"","meta":{"om_disable_all_campaigns":false},"product_brand":[],"product_cat":[43],"product_tag":[],"class_list":{"0":"post-1710","1":"product","2":"type-product","3":"status-publish","4":"has-post-thumbnail","6":"product_cat-al-fakher-crown-bar-15000","8":"first","9":"outofstock","10":"shipping-taxable","11":"purchasable","12":"product-type-simple"},"_links":{"self":[{"href":"https:\/\/alfakher24h.de\/pt\/wp-json\/wp\/v2\/product\/1710","targetHints":{"allow":["GET"]}}],"collection":[{"href":"https:\/\/alfakher24h.de\/pt\/wp-json\/wp\/v2\/product"}],"about":[{"href":"https:\/\/alfakher24h.de\/pt\/wp-json\/wp\/v2\/types\/product"}],"replies":[{"embeddable":true,"href":"https:\/\/alfakher24h.de\/pt\/wp-json\/wp\/v2\/comments?post=1710"}],"wp:featuredmedia":[{"embeddable":true,"href":"https:\/\/alfakher24h.de\/pt\/wp-json\/wp\/v2\/media\/1711"}],"wp:attachment":[{"href":"https:\/\/alfakher24h.de\/pt\/wp-json\/wp\/v2\/media?parent=1710"}],"wp:term":[{"taxonomy":"product_brand","embeddable":true,"href":"https:\/\/alfakher24h.de\/pt\/wp-json\/wp\/v2\/product_brand?post=1710"},{"taxonomy":"product_cat","embeddable":true,"href":"https:\/\/alfakher24h.de\/pt\/wp-json\/wp\/v2\/product_cat?post=1710"},{"taxonomy":"product_tag","embeddable":true,"href":"https:\/\/alfakher24h.de\/pt\/wp-json\/wp\/v2\/product_tag?post=1710"}],"curies":[{"name":"wp","href":"https:\/\/api.w.org\/{rel}","templated":true}]}}