{"id":1706,"date":"2025-03-06T09:04:23","date_gmt":"2025-03-06T09:04:23","guid":{"rendered":"https:\/\/alfakher24h.de\/?post_type=product&#038;p=1706"},"modified":"2025-05-21T04:35:19","modified_gmt":"2025-05-21T04:35:19","slug":"httperror-response-code-429-too-many-requests-2","status":"publish","type":"product","link":"https:\/\/alfakher24h.de\/pt\/produto\/httperror-response-code-429-too-many-requests-2\/","title":{"rendered":"Coroa AI Fakher 15000 tragadas Cigarro eletr\u00f4nico descart\u00e1vel - Berry Ice"},"content":{"rendered":"<h2><a href=\"https:\/\/alfakher24h.de\/pt\/\">Al Fakher<\/a> Crown Bar 15000 PRO: O \u00faltimo <a href=\"https:\/\/alfakher24h.de\/pt\/\">Cigarrinha eletr\u00f4nica descart\u00e1vel<\/a> para a Alemanha<\/h2>\n<p><img loading=\"lazy\" decoding=\"async\" class=\"alignnone size-full wp-image-1703\" src=\"https:\/\/alfakher24h.de\/wp-content\/uploads\/2025\/03\/5AI-Fakher-Crown-Bar-15000.webp\" alt=\"\" width=\"800\" height=\"800\" title=\"\" srcset=\"https:\/\/alfakher24h.de\/wp-content\/uploads\/2025\/03\/5AI-Fakher-Crown-Bar-15000.webp 800w, https:\/\/alfakher24h.de\/wp-content\/uploads\/2025\/03\/5AI-Fakher-Crown-Bar-15000-300x300.webp 300w, https:\/\/alfakher24h.de\/wp-content\/uploads\/2025\/03\/5AI-Fakher-Crown-Bar-15000-150x150.webp 150w, https:\/\/alfakher24h.de\/wp-content\/uploads\/2025\/03\/5AI-Fakher-Crown-Bar-15000-768x768.webp 768w, https:\/\/alfakher24h.de\/wp-content\/uploads\/2025\/03\/5AI-Fakher-Crown-Bar-15000-12x12.webp 12w, https:\/\/alfakher24h.de\/wp-content\/uploads\/2025\/03\/5AI-Fakher-Crown-Bar-15000-600x600.webp 600w, https:\/\/alfakher24h.de\/wp-content\/uploads\/2025\/03\/5AI-Fakher-Crown-Bar-15000-100x100.webp 100w\" sizes=\"auto, (max-width: 800px) 100vw, 800px\" \/><\/p>\n<p>A\u00a0<strong>Al Fakher Crown Bar 15000 PRO<\/strong>\u00a0\u00e9 a \u00faltima inova\u00e7\u00e3o no mundo da\u00a0<strong>E-Zigarettes descart\u00e1veis<\/strong>Com impressionantes 15.000 movimentos, um avan\u00e7ado display LED e um\u00a0<strong>bateria recarreg\u00e1vel de 600mAh USB-C<\/strong>, oferece a solu\u00e7\u00e3o perfeita para os amantes de vaporiza\u00e7\u00e3o na Alemanha. Este e-cigarro combina design moderno, tecnologia e os conhecidos\u00a0<strong>Al Fakher Aromen<\/strong>\u00a0num dispositivo pr\u00e1tico. Seja para iniciantes ou experientes usu\u00e1rios de vaporizadores - este dispositivo oferece uma experi\u00eancia \u00fanica.<\/p>\n<hr \/>\n<h3>Descri\u00e7\u00e3o do produto<\/h3>\n<p>A\u00a0<strong>Al Fakher Crown Bar 15000 PRO<\/strong>\u00a0\u00e9 uma das mais potentes\u00a0<a href=\"https:\/\/alfakher24h.de\/pt\/\"><strong>E-Zigarettes descart\u00e1veis<\/strong><\/a>\u00a0No mercado. Equipado com um impressionante 22ml de enchimento de e-l\u00edquido de alta qualidade e um 600mAh\u00a0<strong>Bateria recarreg\u00e1vel USB-C<\/strong>permite este dispositivo at\u00e9\u00a0<strong>15.000 trens<\/strong>. Gra\u00e7as ao ecr\u00e3 LED incorporado, os utilizadores t\u00eam sempre uma vis\u00e3o geral sobre o\u00a0<strong>E-Liquid-Stand<\/strong>\u00a0e o\u00a0<strong>Status da bateria<\/strong>O design elegante e ergon\u00f4mico com o logotipo embutido torna este dispositivo um verdadeiro destaque.<\/p>\n<p>Esta\u00a0<strong>Cigarrinha eletr\u00f4nica descart\u00e1vel<\/strong>\u00a0\u00e9 especialmente adequado para aqueles que valorizam\u00a0<strong>grande forma\u00e7\u00e3o de nuvens<\/strong>confiabilidade, uso prolongado e f\u00e1cil manuseio. Outra vantagem \u00e9 a grande\u00a0<strong>Variedade de aromas<\/strong>os Al Fakher das suas tradi\u00e7\u00f5es\u00a0<strong>Sabores de tabaco para narguil\u00e9<\/strong>\u00a0adquiriu e agora adapta perfeitamente ao\u00a0<strong>Vaping<\/strong>\u00a0abstinado<\/p>\n<hr \/>\n<h3>Detalhes t\u00e9cnicos e caracter\u00edsticas especiais<\/h3>\n<ul>\n<li><strong>N\u00famero de Puffs<\/strong>: Mais de 15.000 trens<\/li>\n<li><strong>Quantidade de enchimento<\/strong>: 22ml E-Liquid<\/li>\n<li><strong>Teor de nicotina<\/strong>: 5% (50mg)<\/li>\n<li><strong>Capacidade da bateria<\/strong>: Bateria recarreg\u00e1vel de 600mAh USB-C<\/li>\n<li><strong>Tempo de carregamento<\/strong>: Conector USB-C para carregamento r\u00e1pido ( cabo n\u00e3o inclu\u00eddo )<\/li>\n<li><strong>Visor LED<\/strong>: Exibi\u00e7\u00e3o do n\u00edvel de E-Liquid e status da bateria<\/li>\n<li><strong>Design<\/strong>: Ergon\u00f4mico com logotipo embutido<\/li>\n<li><strong>Compatibilidade<\/strong>Perfeito para viagem e uso di\u00e1rio<\/li>\n<li><strong>particularidade<\/strong>: Longevidade devido ao alto n\u00famero de viagens<\/li>\n<\/ul>\n<p>Esses detalhes fazem a\u00a0<strong>Crown Bar 15000 PRO<\/strong>\u00a0para a escolha ideal para todos que procuram algo confi\u00e1vel e de alto desempenho\u00a0<strong>Dispositivo de vaporiza\u00e7\u00e3o<\/strong>\u00a0procurar.<\/p>\n<hr \/>\n<h3>Variedade de sabores - Muito mais do que apenas um prazer<\/h3>\n<p>Al Fakher \u00e9 conhecido por seus inconfund\u00edveis\u00a0<strong>Aromas<\/strong>que t\u00eam uma longa tradi\u00e7\u00e3o na \u00e1rea de Shisha. Esta expertise foi agora tamb\u00e9m aplicada no mundo dos\u00a0<strong>Vapes descart\u00e1veis<\/strong>\u00a0transferir para criar um excelente\u00a0<strong>Experi\u00eancia de vapor<\/strong>\u00a0garantir. A\u00a0<strong>Crown Bar 15000 PRO<\/strong>\u00a0oferece uma ampla variedade de sabores deliciosos, todos cuidadosamente desenvolvidos para fornecer um aroma aut\u00eantico e intenso. Um sabor particularmente popular \u00e9\u00a0<strong>Berry Ice<\/strong>.<\/p>\n<h4><strong>Berry Ice<\/strong>: Frutado prazer com um chute gelado<\/h4>\n<p>O\u00a0<strong>Berry Ice<\/strong>\u00a0Aroma do\u00a0<strong>Al Fakher Crown Bar 15000 PRO<\/strong>\u00a0combina o sabor intenso de frutas doces com um frescor refrescante. J\u00e1 na primeira tragada, revela todo o seu sabor\u00a0<strong>Sabor de amora<\/strong>que lembra frutas maduras e suculentas. \u00c9 uma mistura harmoniosa de diferentes variedades de frutas vermelhas, que se destacam pela sua do\u00e7ura, mas ao mesmo tempo oferecem uma acidez natural que proporciona variedade.<\/p>\n<p>A componente frutal \u00e9 obtida por meio de uma sutileza\u00a0<strong>Nota de gelo<\/strong>\u00a0complementa, dando a cada viagem uma agrad\u00e1vel frescura. Este efeito refrescante torna o\u00a0<strong>Berry Ice Aroma<\/strong>\u00a0para uma escolha perfeita para dias quentes de ver\u00e3o ou momentos em que simplesmente precisamos de um impulso fresco e revigorante. O aroma permanece constante ao longo das 15.000 tragadas e n\u00e3o perde intensidade mesmo ap\u00f3s uso prolongado.<\/p>\n<p>Cada aroma da\u00a0<strong>Crown Bar 15000 PRO<\/strong>\u00a0foi projetado para ser adequado tanto para iniciantes quanto para experientes usu\u00e1rios de vaporizadores. Os sabores s\u00e3o ricos, intensos e proporcionam uma experi\u00eancia totalmente satisfat\u00f3ria.<\/p>\n<hr \/>\n<h3>Por que o Al Fakher Crown Bar 15000 PRO \u00e9 a melhor escolha<\/h3>\n<ol>\n<li><strong>Longevidade<\/strong>: Com\u00a0<strong>15.000 trens<\/strong>\u00a0Este dispositivo dura\u660e\u986f mais do que muitos outros\u00a0<strong>E-Zigarettes descart\u00e1veis<\/strong>\u00a0no mercado.<\/li>\n<li><strong>Variedade de aromas<\/strong>: A sele\u00e7\u00e3o de aromas, como por exemplo.\u00a0<strong>Berry Ice<\/strong>oferece a experi\u00eancia certa para cada gosto.<\/li>\n<li><strong>Conforto<\/strong>: Gra\u00e7as a\u00a0<strong>bateria recarreg\u00e1vel<\/strong>\u00a0e a f\u00e1cil manipula\u00e7\u00e3o \u00e9 a\u00a0<strong>Crown Bar 15000 PRO<\/strong>\u00a0Ideal para unterwegs.<\/li>\n<li><strong>Design inovador<\/strong>: O design ergon\u00f4mico e a\u00a0<strong>Exibi\u00e7\u00e3o de LED<\/strong>\u00a0Oferecem n\u00e3o apenas confort, mas tamb\u00e9m uma apar\u00eancia moderna e elegante.<\/li>\n<li><strong>Confiabilidade<\/strong>: Al Fakher \u00e9 sin\u00f4nimo de qualidade e sabor h\u00e1 d\u00e9cadas - uma marca em que se pode confiar.<\/li>\n<li><strong>Compra simples<\/strong>Visite nosso site alfakher24h.de e descubra nossa grande sele\u00e7\u00e3o de\u00a0<a href=\"https:\/\/alfakher24h.de\/pt\/\"><strong>E-Zigarettes descart\u00e1veis<\/strong>.<\/a><\/li>\n<\/ol>\n<hr \/>\n<h3>Al Fakher Crown Bar 15000 PRO \u2013 Eleve sua experi\u00eancia de vaporiza\u00e7\u00e3o para o pr\u00f3ximo n\u00edvel<\/h3>\n<p>Com a\u00a0<strong>Al Fakher Crown Bar 15000 PRO<\/strong>\u00a0t\u00eam a solu\u00e7\u00e3o perfeita para os seus\u00a0<strong>Necessidades de vape<\/strong>\u00a0encontrado. Se voc\u00ea est\u00e1 procurando por um dispositivo que dure muito tempo ou por algo mais intensivo,\u00a0<strong>Sabores<\/strong>que transformam cada viagem em uma experi\u00eancia - este produto oferece tudo o que o cora\u00e7\u00e3o de um entusiasta de trens a vapor deseja.<\/p>\n<p>N\u00e3o perca a oportunidade de fazer isso\u00a0<strong>produto de alta qualidade<\/strong> zu testen. Besuchen Sie uns auf -&gt; para testar. Visite-nos em <a href=\"https:\/\/alfakher24h.de\/pt\/\">alfakher24h.de<\/a>\u00a0e experimente o mundo do vaping em uma nova dimens\u00e3o. Com a\u00a0<strong>Al Fakher Crown Bar 15000 PRO<\/strong>\u00a0voc\u00ea com certeza estar\u00e1 satisfeito!<\/p>","protected":false},"excerpt":{"rendered":"<p><strong>Al Fakher Crown Bar 15000 PRO<\/strong>\u00a0t\u00eam a solu\u00e7\u00e3o perfeita para os seus\u00a0<strong>Necessidades de vape<\/strong>\u00a0encontrado. Se voc\u00ea est\u00e1 procurando por um dispositivo que dure muito tempo ou por algo mais intensivo,\u00a0<strong>Sabores<\/strong><\/p>","protected":false},"featured_media":1707,"comment_status":"open","ping_status":"closed","template":"","meta":{"om_disable_all_campaigns":false},"product_brand":[],"product_cat":[43],"product_tag":[],"class_list":{"0":"post-1706","1":"product","2":"type-product","3":"status-publish","4":"has-post-thumbnail","6":"product_cat-al-fakher-crown-bar-15000","8":"first","9":"outofstock","10":"shipping-taxable","11":"purchasable","12":"product-type-simple"},"_links":{"self":[{"href":"https:\/\/alfakher24h.de\/pt\/wp-json\/wp\/v2\/product\/1706","targetHints":{"allow":["GET"]}}],"collection":[{"href":"https:\/\/alfakher24h.de\/pt\/wp-json\/wp\/v2\/product"}],"about":[{"href":"https:\/\/alfakher24h.de\/pt\/wp-json\/wp\/v2\/types\/product"}],"replies":[{"embeddable":true,"href":"https:\/\/alfakher24h.de\/pt\/wp-json\/wp\/v2\/comments?post=1706"}],"wp:featuredmedia":[{"embeddable":true,"href":"https:\/\/alfakher24h.de\/pt\/wp-json\/wp\/v2\/media\/1707"}],"wp:attachment":[{"href":"https:\/\/alfakher24h.de\/pt\/wp-json\/wp\/v2\/media?parent=1706"}],"wp:term":[{"taxonomy":"product_brand","embeddable":true,"href":"https:\/\/alfakher24h.de\/pt\/wp-json\/wp\/v2\/product_brand?post=1706"},{"taxonomy":"product_cat","embeddable":true,"href":"https:\/\/alfakher24h.de\/pt\/wp-json\/wp\/v2\/product_cat?post=1706"},{"taxonomy":"product_tag","embeddable":true,"href":"https:\/\/alfakher24h.de\/pt\/wp-json\/wp\/v2\/product_tag?post=1706"}],"curies":[{"name":"wp","href":"https:\/\/api.w.org\/{rel}","templated":true}]}}