{"id":1669,"date":"2025-02-15T01:56:01","date_gmt":"2025-02-15T01:56:01","guid":{"rendered":"https:\/\/alfakher24h.de\/?post_type=product&#038;p=1669"},"modified":"2025-05-21T04:35:19","modified_gmt":"2025-05-21T04:35:19","slug":"ai-fakher-crown-bar-15000-zuge-einweg-e-mint","status":"publish","type":"product","link":"https:\/\/alfakher24h.de\/pt\/produto\/ai-fakher-crown-bar-15000-zuge-einweg-e-mint\/","title":{"rendered":"Coroa AI Fakher 15000 tragadas Cigarro eletr\u00f4nico descart\u00e1vel - Uva Menta"},"content":{"rendered":"<h2><a href=\"https:\/\/alfakher24h.de\/pt\/\">Al Fakher Crown Bar 15000 PRO<\/a>: A revolu\u00e7\u00e3o entre os cigarros eletr\u00f4nicos descart\u00e1veis<\/h2>\n<p>A\u00a0<strong>Al Fakher Crown Bar 15000 PRO<\/strong>\u00a0\u00e9 a mais recente inova\u00e7\u00e3o entre os cigarros eletr\u00f4nicos descart\u00e1veis, que se adequa perfeitamente ao mercado alem\u00e3o e oferece uma experi\u00eancia de vaporiza\u00e7\u00e3o excepcional. Com uma combina\u00e7\u00e3o \u00fanica de design de primeira classe, desempenho impressionante e funcionalidade f\u00e1cil de usar, este cigarro eletr\u00f4nico estabelece novos padr\u00f5es no mundo do vaping. Experimente sabores intensos e prazer duradouro com 15.000 tragadas - uma verdadeira revolu\u00e7\u00e3o para os entusiastas do vaping.<\/p>\n<p>Visite alfakher24h.de, a maior plataforma de vendas online de cigarros eletr\u00f4nicos descart\u00e1veis na Alemanha, e descubra o Al Fakher Crown Bar 15000 PRO.<\/p>\n<p>&nbsp;<\/p>\n<h3>Design \u00fanico e processamento de alta qualidade<\/h3>\n<p>O design da Al Fakher Crown Bar 15000 PRO \u00e9 t\u00e3o fascinante quanto funcional. A constru\u00e7\u00e3o robusta e a caixa moderna d\u00e3o ao cigarro eletr\u00f4nico n\u00e3o apenas uma apar\u00eancia elegante, mas tamb\u00e9m o tornam dur\u00e1vel e pr\u00e1tico para uso di\u00e1rio. O inovador display LED mostra a qualquer momento o n\u00edvel da bateria e a quantidade restante de l\u00edquido eletr\u00f4nico, permitindo que voc\u00ea mantenha o controle do seu cigarro eletr\u00f4nico.<\/p>\n<h3><strong>Al Fakher Crown Bar 15000 PRO<\/strong>\u00a0Caracter\u00edsticas em resumo<\/h3>\n<ul>\n<li><strong>Longa vida \u00fatil<\/strong>: At\u00e9\u00a0<strong>15.000 trens<\/strong>Isso significa prazer ao longo de v\u00e1rios dias sem recarregar frequentemente.<\/li>\n<li><strong>Grande capacidade de E-Liquid<\/strong>:\u00a0<strong>22ml l\u00edquido pr\u00e9-preenchido<\/strong>\u00a0provoca uma explos\u00e3o de sabor duradoura.<\/li>\n<li><strong>Capacidade da bateria<\/strong>:\u00a0<strong>600mAh<\/strong>\u00a0Bateria recarreg\u00e1vel USB-C, r\u00e1pida e f\u00e1cil de carregar.<\/li>\n<li><strong>Visor LED<\/strong>: Informa sobre o n\u00edvel de l\u00edquido e o status da bateria - um verdadeiro plus para confort e seguran\u00e7a.<\/li>\n<li><strong>Forte concentra\u00e7\u00e3o de nicotina<\/strong>:\u00a0<strong>5% Nicotina<\/strong>\u00a0para uma satisfa\u00e7\u00e3o intensa, especialmente adequada para fumantes e vapers que desejam fazer a mudan\u00e7a.<\/li>\n<\/ul>\n<h3>Por que comprar o Al Fakher Crown Bar 15000 PRO?<\/h3>\n<p>A Al Fakher Crown Bar 15000 PRO foi desenvolvida para extrair o melhor da experi\u00eancia de vaporiza\u00e7\u00e3o. Ela fornece fortes golpes de nicotina, produ\u00e7\u00e3o de vapor duradoura e uma ampla sele\u00e7\u00e3o de sabores intensos que refletem perfeitamente a expertise da Al Fakher no desenvolvimento de sabores. O cigarro eletr\u00f4nico \u00e9 perfeito para todos que procuram uma experi\u00eancia de vaporiza\u00e7\u00e3o descomplicada e de alta qualidade, sem necessidade de reabastecimento ou recarga frequente.<\/p>\n<ol>\n<li><strong>Poderoso prazer a vapor<\/strong>\u00a0\u2013 At\u00e9 15.000 trens proporcionam horas de prazer a vapor, ideal para dias e noites longos.<\/li>\n<li><strong>Bateria recarreg\u00e1vel<\/strong>\u00a0\u2013 A bateria duradoura de 600mAh garante que o vapor n\u00e3o acabe antes do l\u00edquido se esgotar.<\/li>\n<li><strong>Design amigo do usu\u00e1rio<\/strong>\u00a0\u2013 Com o visor LED, voc\u00ea sempre ter\u00e1 uma vis\u00e3o geral do seu cigarro eletr\u00f4nico.<\/li>\n<li><strong>A qualidade consagrada da Al Fakhers<\/strong>\u00a0\u2013 D\u00e9cadas de experi\u00eancia no desenvolvimento de sabores para uma experi\u00eancia de vaporiza\u00e7\u00e3o incompar\u00e1vel.<\/li>\n<li><strong>Alta concentra\u00e7\u00e3o de nicotina<\/strong>\u00a0\u2013 Ideal para todos que valorizam uma experi\u00eancia de nicotina de alta qualidade.<\/li>\n<\/ol>\n<h3>Sabor intenso - Diversidade e autenticidade<\/h3>\n<p>Os sabores do Al Fakher Crown Bar 15000 PRO n\u00e3o s\u00e3o apenas variados, mas tamb\u00e9m oferecem uma experi\u00eancia aut\u00eantica e intensa que os f\u00e3s de Al Fakher adoram. Aqui est\u00e1 um olhar detalhado sobre os aromas:<\/p>\n<h4>Grape Mint - A mistura perfeita de frescor e do\u00e7ura<\/h4>\n<p>Um sabor inconfund\u00edvel que combina a do\u00e7ura e frescura suculenta das uvas com um toque de menta fresca. O equil\u00edbrio perfeito entre do\u00e7ura e frescura que desperta as papilas gustativas e \u00e9 agrad\u00e1vel em qualquer momento do dia.<\/p>\n<ul>\n<li><strong>Experi\u00eancia gustativa<\/strong>: A nota doce e plena da uva \u00e9 perfeitamente complementada por uma fina nota de hortel\u00e3 e proporciona um final agradavelmente fresco.<\/li>\n<li><strong>Autenticidade<\/strong>: Al Fakher deu grande import\u00e2ncia \u00e0 autenticidade no desenvolvimento deste aroma, de modo que cada tragada capta o sabor de uvas frescas.<\/li>\n<li><strong>Aplica\u00e7\u00e3o<\/strong>Ideal para amantes de aromas frescos e frutados que procuram um sabor claro e intenso.<\/li>\n<\/ul>\n<h4>ampla variedade de aromas de <a href=\"https:\/\/alfakher24h.de\/pt\/\">Al Fakher<\/a><\/h4>\n<p>Al\u00e9m do Grape Mint, a Al Fakher Crown Bar 15000 PRO oferece uma ampla gama de sabores. Cada sabor \u00e9 cuidadosamente criado para proporcionar uma experi\u00eancia de vaporiza\u00e7\u00e3o \u00fanica e refletir perfeitamente o mundo de sabores dos e-cigarros Al Fakher. Se voc\u00ea prefere notas frutadas, doces ou mais amargas - a Crown Bar 15000 tem algo para todos os gostos.<\/p>\n<h3>Como voc\u00ea usa o Al Fakher Crown Bar 15000 PRO em<a href=\"https:\/\/alfakher24h.de\/pt\/\"> alfakher24h.de<\/a>\u00a0comprar<\/h3>\n<p>Visite alfakher24h.de e navegue por nossa ampla sele\u00e7\u00e3o de <a href=\"https:\/\/alfakher24h.de\/pt\/\">E-Zigarettes descart\u00e1veis<\/a>Como a maior plataforma para vaporizadores descart\u00e1veis na Alemanha, oferecemos-lhe uma sele\u00e7\u00e3o exclusiva de produtos Al Fakher, que se destacam pela excelente qualidade e caracter\u00edsticas inovadoras.<\/p>\n<p>Escolha o Al Fakher Crown Bar 15000 PRO e experimente um prazer de vapor incompar\u00e1vel.<\/p>","protected":false},"excerpt":{"rendered":"<p>Visite alfakher24h.de e navegue por nossa ampla sele\u00e7\u00e3o de <a href=\"https:\/\/alfakher24h.de\/pt\/\">E-Zigarettes descart\u00e1veis<\/a>Como a maior plataforma para vaporizadores descart\u00e1veis na Alemanha, oferecemos-lhe uma sele\u00e7\u00e3o exclusiva de produtos Al Fakher, que se destacam pela excelente qualidade e caracter\u00edsticas inovadoras.<\/p>","protected":false},"featured_media":1670,"comment_status":"open","ping_status":"closed","template":"","meta":{"om_disable_all_campaigns":false},"product_brand":[],"product_cat":[43],"product_tag":[],"class_list":{"0":"post-1669","1":"product","2":"type-product","3":"status-publish","4":"has-post-thumbnail","6":"product_cat-al-fakher-crown-bar-15000","8":"first","9":"outofstock","10":"shipping-taxable","11":"purchasable","12":"product-type-simple"},"_links":{"self":[{"href":"https:\/\/alfakher24h.de\/pt\/wp-json\/wp\/v2\/product\/1669","targetHints":{"allow":["GET"]}}],"collection":[{"href":"https:\/\/alfakher24h.de\/pt\/wp-json\/wp\/v2\/product"}],"about":[{"href":"https:\/\/alfakher24h.de\/pt\/wp-json\/wp\/v2\/types\/product"}],"replies":[{"embeddable":true,"href":"https:\/\/alfakher24h.de\/pt\/wp-json\/wp\/v2\/comments?post=1669"}],"wp:featuredmedia":[{"embeddable":true,"href":"https:\/\/alfakher24h.de\/pt\/wp-json\/wp\/v2\/media\/1670"}],"wp:attachment":[{"href":"https:\/\/alfakher24h.de\/pt\/wp-json\/wp\/v2\/media?parent=1669"}],"wp:term":[{"taxonomy":"product_brand","embeddable":true,"href":"https:\/\/alfakher24h.de\/pt\/wp-json\/wp\/v2\/product_brand?post=1669"},{"taxonomy":"product_cat","embeddable":true,"href":"https:\/\/alfakher24h.de\/pt\/wp-json\/wp\/v2\/product_cat?post=1669"},{"taxonomy":"product_tag","embeddable":true,"href":"https:\/\/alfakher24h.de\/pt\/wp-json\/wp\/v2\/product_tag?post=1669"}],"curies":[{"name":"wp","href":"https:\/\/api.w.org\/{rel}","templated":true}]}}