{"id":1631,"date":"2025-02-08T15:05:32","date_gmt":"2025-02-08T15:05:32","guid":{"rendered":"https:\/\/alfakher24h.de\/?post_type=product&#038;p=1631"},"modified":"2025-05-21T05:11:13","modified_gmt":"2025-05-21T05:11:13","slug":"solobar-solo-30000-zuege-einweg-e-zigarette-raspberry-cherry-ice","status":"publish","type":"product","link":"https:\/\/alfakher24h.de\/pt\/produto\/solobar-solo-30000-zuege-einweg-e-zigarette-raspberry-cherry-ice\/","title":{"rendered":"Solobar Solo 30000 Z\u00fcge Einweg E Zigarette \u2013 Raspberry Cherry Ice \n\u00e9 traduzido para \nSolobar Solo 30000 Puffs E Cigarette Descart\u00e1vel \u2013 Morango Cereja Gelo"},"content":{"rendered":"<div style=\"width: 1020px;\" class=\"wp-video\"><video class=\"wp-video-shortcode\" id=\"video-1631-1\" width=\"1020\" height=\"574\" preload=\"metadata\" controls=\"controls\"><source type=\"video\/mp4\" src=\"https:\/\/alfakher24h.de\/wp-content\/uploads\/2025\/02\/solobar-solo-30000-2.mp4?_=1\" \/><a href=\"https:\/\/alfakher24h.de\/wp-content\/uploads\/2025\/02\/solobar-solo-30000-2.mp4\">https:\/\/alfakher24h.de\/wp-content\/uploads\/2025\/02\/solobar-solo-30000-2.mp4<\/a><\/video><\/div>\n<h2><strong>Solobar Solo 30000 Z\u00fcge Einweg E Zigarette \u2013 A escolha perfeita para experi\u00eancias vape fant\u00e1sticas<\/strong><\/h2>\n<p>A\u00a0<strong>Solobar Solo 30000 Z\u00fcge Einweg E Zigarette \n\u00e9 traduzido para \nSolobar Solo 30000 tragadas Cigarro eletr\u00f4nico descart\u00e1vel<\/strong> \u00e9 a escolha ideal para todos que procuram uma experi\u00eancia de vaporiza\u00e7\u00e3o de primeira classe e duradoura. Conhecida na Alemanha pela sua constru\u00e7\u00e3o de alta qualidade e tecnologia inovadora, este cigarro eletr\u00f3nico descart\u00e1vel oferece a combina\u00e7\u00e3o perfeita de desempenho, sabor e facilidade de uso. Se voc\u00ea est\u00e1 procurando por um cigarro eletr\u00f3nico fi\u00e1vel, f\u00e1cil de usar e com sabor intenso, o Solobar Solo 30000 Z\u00fcge Einweg E-Zigarette \u00e9 exatamente o que voc\u00ea precisa. No \/alfakher24h.de, o maior comerciante online de cigarros eletr\u00f3nicos descart\u00e1veis na Alemanha, voc\u00ea pode comprar e desfrutar deste produto inovador confortavelmente.<\/p>\n<h3><strong>Principais caracter\u00edsticas do Solobar Solo 30000 Puffs Cigarro Eletr\u00f4nico Descart\u00e1vel<\/strong><\/h3>\n<p>A\u00a0<strong>Solobar Solo 30000 Z\u00fcge Einweg E Zigarette \n\u00e9 traduzido para \nSolobar Solo 30000 tragadas Cigarro eletr\u00f4nico descart\u00e1vel<\/strong>\u00a0Destaca-se pelo seu equipamento de \u00faltima gera\u00e7\u00e3o e design amigo do utilizador. Foi desenvolvida para proporcionar-lhe a melhor experi\u00eancia de vaporiza\u00e7\u00e3o poss\u00edvel. Aqui est\u00e3o algumas das caracter\u00edsticas de destaque:<\/p>\n<p><strong>Visor LED para monitoramento simples<\/strong><\/p>\n<p>O visor LED mostra a qualquer momento o status atual do seu cigarro eletr\u00f4nico. Ele fornece informa\u00e7\u00f5es claras sobre o estado de carga e o uso do cigarro eletr\u00f4nico, para que voc\u00ea sempre saiba exatamente quando \u00e9 hora de aproveitar a pr\u00f3xima tragada.<\/p>\n<p><strong>30.000 trens para um prazer duradouro<\/strong><\/p>\n<p>Com um n\u00famero impressionante de at\u00e9 30.000 tragadas, o Solobar Solo 30000 Tragadas E Cigarro Descart\u00e1vel \u00e9 especialmente dur\u00e1vel. Voc\u00ea pode experimentar o prazer completo por mais tempo, sem se preocupar com frequentes reabastecimentos ou problemas de carregamento. Perfeito para uso di\u00e1rio e em movimento!<\/p>\n<h4><strong>Controle de fluxo de ar para experi\u00eancias de vapor individuais<\/strong><\/h4>\n<p>A Solobar Solo oferece um controle preciso do fluxo de ar, permitindo que voc\u00ea personalize a experi\u00eancia de vaporiza\u00e7\u00e3o de acordo com suas prefer\u00eancias. Ajuste o fluxo de ar para obter uma produ\u00e7\u00e3o de vapor mais intensa ou uma tragada mais suave e tranquila.<\/p>\n<h4><strong>Pot\u00eancia poderosa com sa\u00edda de 10-30W<\/strong><\/h4>\n<p>Com uma pot\u00eancia de 10-30W, o Solobar Solo garante que voc\u00ea sempre tenha uma gera\u00e7\u00e3o de vapor constante e poderosa. Voc\u00ea n\u00e3o precisa se preocupar com tragadas fracas - cada tragada se sente forte e completa.<\/p>\n<h4><strong>Bateria de 880 mAh para desfrute ininterrupto<\/strong><\/h4>\n<p>A bateria de 880 mAh garante uma longa vida \u00fatil do cigarro eletr\u00f4nico. Ela \u00e9 recarreg\u00e1vel, permitindo que voc\u00ea recarregue rapidamente o Solobar Solo conforme necess\u00e1rio, sem ter que desistir da \u00f3tima experi\u00eancia de vaporiza\u00e7\u00e3o.<\/p>\n<h4><strong>Luz Ambiente para um toque adicional<\/strong><\/h4>\n<p>O Solobar Solo possui uma luz ambiente que complementa perfeitamente o design do cigarro eletr\u00f4nico. Ela pode ser ligada ou desligada conforme necess\u00e1rio, permitindo que voc\u00ea ative a luz de acordo com o seu humor ou necessidade.<\/p>\n<h4><strong>Bobina de dupla malha para sabor intenso<\/strong><\/h4>\n<p>A bobina Dual Mesh garante uma vaporiza\u00e7\u00e3o ainda mais uniforme e intensa. Isso significa que cada tragada \u00e9 cheia de sabor e vapor. Voc\u00ea sentir\u00e1 o aroma defumado e doce do seu sabor favorito em cada nuvem de vapor.<\/p>\n<h4><strong>Amig\u00e1vel para iniciantes<\/strong><\/h4>\n<p>A Solobar Solo foi projetada para ser adequada para vaporizadores de todos os n\u00edveis de experi\u00eancia. \u00c9 f\u00e1cil de usar e n\u00e3o requer configura\u00e7\u00e3o complicada. Se voc\u00ea \u00e9 um iniciante ou um vaporizador experiente, este cigarro eletr\u00f4nico oferece uma experi\u00eancia suave e agrad\u00e1vel.<\/p>\n<h3><strong>Conte\u00fado do produto e volume de entrega<\/strong><\/h3>\n<p>Se voc\u00ea se inscrever para a\u00a0<strong>Solobar Solo 30000 Z\u00fcge Einweg E-Zigarette<\/strong>\u00a0decidir, voc\u00ea recebe um conjunto abrangente que oferece tudo o que voc\u00ea precisa para uma experi\u00eancia de vaporiza\u00e7\u00e3o fant\u00e1stica:<\/p>\n<ul>\n<li>1 x\u00a0<strong>SOLOBAR Solo 30K 30000 Vape<\/strong>\u00a0Cigarro eletr\u00f4nico<\/li>\n<\/ul>\n<p>Tudo o que voc\u00ea precisa fazer \u00e9 tirar o dispositivo da embalagem e come\u00e7ar a vaporizar imediatamente. Mais simples n\u00e3o \u00e9 poss\u00edvel!<\/p>\n<h3><strong>Intensos e inesquec\u00edveis aromas - Raspberry Cherry Ice<\/strong><\/h3>\n<p>O sabor \u00e9 um fator decisivo no vape, e a\u00a0<strong>Solobar Solo 30000 Z\u00fcge Einweg E Zigarette \n\u00e9 traduzido para \nSolobar Solo 30000 tragadas Cigarro eletr\u00f4nico descart\u00e1vel<\/strong>\u00a0deixa nesse aspecto nenhum desejo por cumprir. \u00c9 especialmente digno de nota o popular\u00a0<strong>Raspberry Cherry Ice<\/strong>Uma variedade de sabores que proporciona uma verdadeira explos\u00e3o de sabor neste cigarro eletr\u00f3nico.<\/p>\n<h4><strong>Raspberry Cherry Ice - Uma experi\u00eancia gustativa para os sentidos<\/strong><\/h4>\n<p>A\u00a0<strong>Raspberry Cherry Ice<\/strong>Combina a do\u00e7ura das framboesas maduras com a nota frutada das cerejas e um frescor refrescante que d\u00e1 ao vapor uma frescura gelada. Imagine que voc\u00ea est\u00e1 mordendo uma framboesa suculenta e uma cereja fresca, enquanto um sopro refrescante de gelo envolve os seus sentidos - \u00e9 exatamente assim que se sente cada tragada deste cigarro eletr\u00f3nico.<\/p>\n<p>o sabor da\u00a0<strong>Raspberry Cherry Ice<\/strong>O cigarro eletr\u00f4nico descart\u00e1vel \u00e9 perfeitamente equilibrado. A do\u00e7ura das frutas \u00e9 complementada pela frescura gelada, sem que nenhum dos dois aspectos seja preponderante. Cada tragada proporciona uma mistura harmoniosa de do\u00e7ura frutada e frescura refrescante, ideal para dias quentes de ver\u00e3o ou em qualquer ocasi\u00e3o para uma experi\u00eancia refrescante.<\/p>\n<p>Esses aromas n\u00e3o s\u00e3o apenas particularmente agrad\u00e1veis, mas tamb\u00e9m duradouros. Ao longo de toda a experi\u00eancia de vaporiza\u00e7\u00e3o, o sabor permanece fresco e delicioso - ideal para todos que procuram uma experi\u00eancia gustativa \u00fanica e duradoura.<\/p>\n<h3><strong>Por que voc\u00ea deve comprar o Solobar Solo 30000 Puffs Cigarro Eletr\u00f4nico Descart\u00e1vel?<\/strong><\/h3>\n<h4><strong>1. Longevidade e conforto<\/strong><\/h4>\n<p>Com 30.000 tragadas, voc\u00ea n\u00e3o precisa se preocupar com o constante reabastecimento ou troca do cigarro eletr\u00f4nico. Isso significa menos estresse e mais tempo para aproveitar o vapor em toda a sua extens\u00e3o.<\/p>\n<h4><strong>2. Uso simples para todos<\/strong><\/h4>\n<p>O Solobar Solo 30000 Z\u00fcge Einweg E Zigarette \u00e9 especialmente amig\u00e1vel ao usu\u00e1rio. Ele est\u00e1 pronto para uso imediato, n\u00e3o requer configura\u00e7\u00e3o complicada e \u00e9 altamente adequado para iniciantes e tamb\u00e9m para vaporizadores experientes.<\/p>\n<h4><strong>3. Aromas perfeitos<\/strong><\/h4>\n<p>A\u00a0<strong>Raspberry Cherry Ice<\/strong>A sabor oferece uma experi\u00eancia gastron\u00f4mica incompar\u00e1vel. A mistura de frutas doces e gelo refrescante garante um prazer que voc\u00ea n\u00e3o quer mais perder.<\/p>\n<h4><strong>4. T\u00e9cnica mais moderna<\/strong><\/h4>\n<p>Com recursos como um display LED, controle de fluxo de ar, bobina de dupla malha e uma bateria potente, o Solobar Solo 30000 puffs descart\u00e1vel cigarro eletr\u00f4nico fornece um desempenho excepcional e uma experi\u00eancia de vaporiza\u00e7\u00e3o distinta.<\/p>\n<h4><strong>5. Ideal para viagem<\/strong><\/h4>\n<p>Gra\u00e7as ao design compacto e \u00e0 longa durabilidade, a Solobar Solo \u00e9 a escolha perfeita para levar consigo. Voc\u00ea pode transport\u00e1-la facilmente na sua bolsa e desfrutar a qualquer momento.<\/p>\n<p><img loading=\"lazy\" decoding=\"async\" class=\"alignnone wp-image-1855 size-full\" title=\"Solobar Solo 30000 Z\u00fcge Einweg E Zigarette - Raspberry Cherry Ice 2 Solobar Solo 30000 trag\u00e1veis E Cigarro Eletr\u00f4nico Descart\u00e1vel - Framboesa Cereja Gelo 2\" src=\"https:\/\/alfakher24h.de\/wp-content\/uploads\/2025\/02\/solobar-solo-30000-4.webp\" sizes=\"auto, (max-width: 1024px) 100vw, 1024px\" srcset=\"https:\/\/alfakher24h.de\/wp-content\/uploads\/2025\/02\/solobar-solo-30000-4.webp 1024w, https:\/\/alfakher24h.de\/wp-content\/uploads\/2025\/02\/solobar-solo-30000-4-300x174.webp 300w, https:\/\/alfakher24h.de\/wp-content\/uploads\/2025\/02\/solobar-solo-30000-4-768x446.webp 768w, https:\/\/alfakher24h.de\/wp-content\/uploads\/2025\/02\/solobar-solo-30000-4-18x10.webp 18w, https:\/\/alfakher24h.de\/wp-content\/uploads\/2025\/02\/solobar-solo-30000-4-600x348.webp 600w\" alt=\"Solobar Solo 30000 Z\u00fcge Einweg E Zigarette - Framboesa Cereja Gelo\" width=\"1024\" height=\"594\" \/><\/p>\n<div class=\"flex-1 overflow-hidden @container\/thread\">\n<div class=\"h-full\">\n<div class=\"react-scroll-to-bottom--css-kyafg-79elbk h-full\">\n<div class=\"react-scroll-to-bottom--css-kyafg-1n7m0yu\">\n<div class=\"flex flex-col text-sm md:pb-9\">\n<article class=\"w-full scroll-mb-[var(--thread-trailing-height,150px)] text-token-text-primary focus-visible:outline-2 focus-visible:outline-offset-[-4px]\" dir=\"auto\" data-testid=\"conversation-turn-3\" data-scroll-anchor=\"true\">\n<div class=\"m-auto text-base py-[18px] px-3 md:px-4 w-full md:px-5 lg:px-4 xl:px-5\">\n<div class=\"mx-auto flex flex-1 gap-4 text-base md:gap-5 lg:gap-6 md:max-w-3xl lg:max-w-[40rem] xl:max-w-[48rem]\">\n<div class=\"group\/conversation-turn relative flex w-full min-w-0 flex-col agent-turn\">\n<div class=\"flex-col gap-1 md:gap-3\">\n<div class=\"flex max-w-full flex-col flex-grow\">\n<div class=\"min-h-8 text-message flex w-full flex-col items-end gap-2 whitespace-normal break-words text-start [.text-message+&amp;]:mt-5\" dir=\"auto\" data-message-author-role=\"assistant\" data-message-id=\"fda66e34-14d2-41e7-8c3d-231a0be2fd20\" data-message-model-slug=\"gpt-4o\">\n<div class=\"flex w-full flex-col gap-1 empty:hidden first:pt-[3px]\">\n<div class=\"markdown prose w-full break-words dark:prose-invert light\">\n<div class=\"flex-1 overflow-hidden @container\/thread\">\n<div class=\"h-full\">\n<div class=\"react-scroll-to-bottom--css-uwpvj-79elbk h-full\">\n<div class=\"react-scroll-to-bottom--css-uwpvj-1n7m0yu\">\n<div class=\"flex flex-col text-sm md:pb-9\">\n<article class=\"w-full scroll-mb-[var(--thread-trailing-height,150px)] text-token-text-primary focus-visible:outline-2 focus-visible:outline-offset-[-4px]\" dir=\"auto\" data-testid=\"conversation-turn-3\" data-scroll-anchor=\"true\">\n<div class=\"m-auto text-base py-[18px] px-3 md:px-4 w-full md:px-5 lg:px-4 xl:px-5\">\n<div class=\"mx-auto flex flex-1 gap-4 text-base md:gap-5 lg:gap-6 md:max-w-3xl lg:max-w-[40rem] xl:max-w-[48rem]\">\n<div class=\"group\/conversation-turn relative flex w-full min-w-0 flex-col agent-turn\">\n<div class=\"flex-col gap-1 md:gap-3\">\n<div class=\"flex max-w-full flex-col flex-grow\">\n<div class=\"min-h-8 text-message flex w-full flex-col items-end gap-2 whitespace-normal break-words text-start [.text-message+&amp;]:mt-5\" dir=\"auto\" data-message-author-role=\"assistant\" data-message-id=\"6f1c4ac8-ea94-4f09-b7d1-13a9a5054a86\" data-message-model-slug=\"gpt-4o\">\n<div class=\"flex w-full flex-col gap-1 empty:hidden first:pt-[3px]\">\n<div class=\"markdown prose w-full break-words dark:prose-invert light\">\n<h3>**6. Compre em \/alfakher24h.de<\/h3>\n<p>Se voc\u00ea est\u00e1 procurando por uma de alta qualidade\u00a0<strong>Cigarra Eletr\u00f4nica Descart\u00e1vel<\/strong> Em Alemanha, \u00e9 \/alfakher24h.de a primeira escolha. Somos o maior comerciante online para\u00a0<strong>Cigarros eletr\u00f4nicos descart\u00e1veis com nicotina<\/strong>\u00a0e oferecem uma ampla sele\u00e7\u00e3o de produtos de alta qualidade. Compre agora o Solobar Solo 30000 Ziguegas Cigarro Eletr\u00f4nico Descart\u00e1vel e desfrute de uma experi\u00eancia de vaporiza\u00e7\u00e3o incompar\u00e1vel!<\/p>\n<h2><strong>Conclus\u00e3o<\/strong><\/h2>\n<p>A\u00a0<strong>Solobar Solo 30000 Z\u00fcge Einweg E Zigarette \n\u00e9 traduzido para \nSolobar Solo 30000 tragadas Cigarro eletr\u00f4nico descart\u00e1vel<\/strong>\u00a0\u00e9 mais do que apenas mais um produto de vape - \u00e9 uma solu\u00e7\u00e3o personalizada para todos que procuram uma experi\u00eancia de vaporiza\u00e7\u00e3o duradoura, saborosa e f\u00e1cil de usar. Com a\u00a0<strong>Raspberry Cherry Ice<\/strong>Cada sabor torna cada vaporiza\u00e7\u00e3o num verdadeiro prazer. Compre agora em \/alfakher24h.de e experimente o vaping num novo n\u00edvel!<\/p>\n<\/div>\n<\/div>\n<\/div>\n<\/div>\n<\/div>\n<\/div>\n<\/div>\n<\/div>\n<\/article>\n<\/div>\n<\/div>\n<\/div>\n<\/div>\n<\/div>\n<\/div>\n<\/div>\n<\/div>\n<\/div>\n<\/div>\n<\/div>\n<\/div>\n<\/div>\n<\/article>\n<\/div>\n<\/div>\n<\/div>\n<\/div>\n<\/div>","protected":false},"excerpt":{"rendered":"<p><strong>Solobar Solo 30000 Z\u00fcge Einweg E Zigarette \n\u00e9 traduzido para \nSolobar Solo 30000 tragadas Cigarro eletr\u00f4nico descart\u00e1vel<\/strong>\u00a0\u00e9 mais do que apenas mais um produto de vape - \u00e9 uma solu\u00e7\u00e3o personalizada para todos que procuram uma experi\u00eancia prolongada<\/p>","protected":false},"featured_media":1630,"comment_status":"open","ping_status":"closed","template":"","meta":{"om_disable_all_campaigns":false},"product_brand":[],"product_cat":[41],"product_tag":[],"class_list":{"0":"post-1631","1":"product","2":"type-product","3":"status-publish","4":"has-post-thumbnail","6":"product_cat-solobar-solo-30000","8":"first","9":"outofstock","10":"shipping-taxable","11":"purchasable","12":"product-type-simple"},"_links":{"self":[{"href":"https:\/\/alfakher24h.de\/pt\/wp-json\/wp\/v2\/product\/1631","targetHints":{"allow":["GET"]}}],"collection":[{"href":"https:\/\/alfakher24h.de\/pt\/wp-json\/wp\/v2\/product"}],"about":[{"href":"https:\/\/alfakher24h.de\/pt\/wp-json\/wp\/v2\/types\/product"}],"replies":[{"embeddable":true,"href":"https:\/\/alfakher24h.de\/pt\/wp-json\/wp\/v2\/comments?post=1631"}],"wp:featuredmedia":[{"embeddable":true,"href":"https:\/\/alfakher24h.de\/pt\/wp-json\/wp\/v2\/media\/1630"}],"wp:attachment":[{"href":"https:\/\/alfakher24h.de\/pt\/wp-json\/wp\/v2\/media?parent=1631"}],"wp:term":[{"taxonomy":"product_brand","embeddable":true,"href":"https:\/\/alfakher24h.de\/pt\/wp-json\/wp\/v2\/product_brand?post=1631"},{"taxonomy":"product_cat","embeddable":true,"href":"https:\/\/alfakher24h.de\/pt\/wp-json\/wp\/v2\/product_cat?post=1631"},{"taxonomy":"product_tag","embeddable":true,"href":"https:\/\/alfakher24h.de\/pt\/wp-json\/wp\/v2\/product_tag?post=1631"}],"curies":[{"name":"wp","href":"https:\/\/api.w.org\/{rel}","templated":true}]}}