{"id":1600,"date":"2025-02-05T05:10:39","date_gmt":"2025-02-05T05:10:39","guid":{"rendered":"https:\/\/alfakher24h.de\/?post_type=product&#038;p=1600"},"modified":"2025-05-21T05:11:14","modified_gmt":"2025-05-21T05:11:14","slug":"1600","status":"publish","type":"product","link":"https:\/\/alfakher24h.de\/pt\/produto\/1600\/","title":{"rendered":"Solobar Solo 30000 Z\u00fcge Einweg E Zigarette \u2013 Mango Ice \nSolobar Solo 30000 trag\u00e1veis Cigarro Eletr\u00f4nico Descart\u00e1vel - Gelo Manga"},"content":{"rendered":"<h2>Solobar Solo 30000 Z\u00fcge Einweg E-Zigarette \u2013 Perfekte Wahl f\u00fcr Einsteiger und Profis \n\nbecomes \n\nSolobar Solo 30000 Puffs Disposable E-Cigarette - Perfect Choice for Beginners and Professionals<\/h2>\n<p>A\u00a0<a href=\"https:\/\/alfakher24h.de\/pt\/\"><strong>Solobar Solo 30000 Z\u00fcge Einweg E Zigarette \n\u00e9 traduzido para \nSolobar Solo 30000 tragadas Cigarro eletr\u00f4nico descart\u00e1vel<\/strong><\/a>\u00a0\u00e9 o dispositivo ideal para todos que procuram um\u00a0<strong>potentes, dur\u00e1veis<\/strong>\u00a0e\u00a0<strong>f\u00e1cil de usar<\/strong>\u00a0Vape s\u00e3o. Com um extraordin\u00e1rio\u00a0<strong>Capacidade de 30.000 trens<\/strong>\u00a0oferece este modelo uma incompar\u00e1vel\u00a0<strong>Vida \u00fatil<\/strong>, o que o torna a melhor escolha para usu\u00e1rios que valorizam o prazer cont\u00ednuo e o conforto. Neste artigo, voc\u00ea aprender\u00e1 tudo sobre o\u00a0<strong>Solobar Solo 30000 Z\u00fcge Einweg E Zigarette \n\u00e9 traduzido para \nSolobar Solo 30000 tragadas Cigarro eletr\u00f4nico descart\u00e1vel<\/strong>delas\u00a0<strong>Funcionalidades<\/strong>que\u00a0<strong>descri\u00e7\u00e3o detalhada do sabor<\/strong> e por que voc\u00ea deve compr\u00e1-los em nossa plataforma alfakher24h.de - a maior plataforma de vendas online para\u00a0<strong>Vapes Descart\u00e1veis na Alemanha<\/strong>.<\/p>\n<h3>Por que o Solobar Solo 30000 Puffs Cigarro Eletr\u00f4nico Descart\u00e1vel?<\/h3>\n<p>Num mundo em que o mercado para\u00a0<a href=\"https:\/\/alfakher24h.de\/pt\/\"><strong>Cigarros eletr\u00f4nicos descart\u00e1veis<\/strong>\u00a0<\/a>est\u00e1 crescendo constantemente, tem a\u00a0<strong>Solobar Solo 30000 Z\u00fcge<\/strong>\u00a0conquistou uma posi\u00e7\u00e3o not\u00e1vel. Estas\u00a0<strong>com nicotina<\/strong>\u00a0provido \nequipado \ndotado \nmunido \nacompanhado\u00a0<strong>Vape<\/strong>\u00a0oferece n\u00e3o apenas uma impressionante\u00a0<strong>Produ\u00e7\u00e3o de vapor<\/strong>\u00a0e um\u00a0<strong>experi\u00eancia gustativa rica<\/strong>mas tamb\u00e9m in\u00fameras caracter\u00edsticas pr\u00e1ticas que tornam a vaporiza\u00e7\u00e3o uma experi\u00eancia agrad\u00e1vel. \u00c9 perfeita para iniciantes e vaporizadores experientes que procuram um dispositivo descomplicado que esteja pronto para uso imediato. Seja qual for, se voc\u00ea \u00e9 um\u00a0<strong>Solobar Solo<\/strong>\u00a0Seja pela primeira vez que voc\u00ea est\u00e1 experimentando ou j\u00e1 \u00e9 um usu\u00e1rio experiente de vaporizadores - este modelo definitivamente superar\u00e1 suas expectativas.<\/p>\n<h3>Caracter\u00edsticas excepcionais do Solobar Solo 30000 Puffs Cigarro Eletr\u00f4nico Descart\u00e1vel<\/h3>\n<p>A\u00a0<strong>Solobar Solo 30000 Z\u00fcge Einweg E Zigarette \n\u00e9 traduzido para \nSolobar Solo 30000 tragadas Cigarro eletr\u00f4nico descart\u00e1vel<\/strong>\u00a0oferece in\u00fameras fun\u00e7\u00f5es que tornam o vapor mais agrad\u00e1vel e f\u00e1cil de usar. Aqui est\u00e3o as principais caracter\u00edsticas:<\/p>\n<ul>\n<li><strong>Tela de display LED<\/strong>Um guia pr\u00e1tico\u00a0<strong>Visor LED<\/strong>\u00a0mostra o status atual e a vida \u00fatil restante, para que voc\u00ea sempre saiba exatamente quanto tempo o dispositivo ainda dura.<\/li>\n<li><strong>30.000 trens<\/strong>Com uma extremamente alta\u00a0<strong>Capacidade de trem<\/strong>\u00a0Este dispositivo \u00e9 especialmente dur\u00e1vel e ideal para experi\u00eancias de vaporiza\u00e7\u00e3o prolongadas. 30.000 tragadas significam que voc\u00ea pode desfrutar por muito tempo sem se preocupar em reabastecer ou substituir o cigarro eletr\u00f4nico.<\/li>\n<li><strong>Controle de Fluxo de Ar<\/strong>: Ajuste o fluxo de ar de acordo com as suas prefer\u00eancias. Isso permite que voc\u00ea regule individualmente a resist\u00eancia e a intensidade do vapor e, assim, crie a experi\u00eancia de vaporiza\u00e7\u00e3o perfeita.<\/li>\n<li><strong>10-30W de sa\u00edda de pot\u00eancia<\/strong>Uma\u00a0<strong>Vari\u00e1vel de pot\u00eancia \nou \nPot\u00eancia vari\u00e1vel<\/strong>\u00a0permite regular a pot\u00eancia de acordo com a intensidade de vapor desejada, o que permite um controle mais preciso da experi\u00eancia de vaporiza\u00e7\u00e3o.<\/li>\n<li><strong>880 mAh bateria<\/strong>A bateria est\u00e1\u00a0<strong>recarreg\u00e1vel<\/strong>, o que significa que voc\u00ea pode usar o dispositivo por um longo per\u00edodo de tempo sem precisar carreg\u00e1-lo com frequ\u00eancia. Uma alta capacidade garante que a vaporiza\u00e7\u00e3o permane\u00e7a constante ao longo de muitas tragadas.<\/li>\n<li><strong>Luz Ambiente Ligada\/Desligada<\/strong>Um assunto fascinante\u00a0<strong>Luz Ambiente<\/strong>\u00a0torna o vapor n\u00e3o apenas funcional, mas tamb\u00e9m visualmente atraente. Ele d\u00e1 ao seu dispositivo uma apar\u00eancia elegante e moderna.<\/li>\n<li><strong>Bobina de Dupla Malha<\/strong>: A\u00a0<strong>Tecnologia de Bobina de Malha Dupla<\/strong>\u00a0garante um aquecimento uniforme e uma melhor liberta\u00e7\u00e3o de sabor, tornando cada tragada mais intensa e satisfat\u00f3ria.<\/li>\n<li><strong>Amig\u00e1vel para o usu\u00e1rio<\/strong>A Solobar Solo 30000 Z\u00fcge Einweg E Zigarette \u00e9 especialmente\u00a0<strong>amig\u00e1vel para iniciantes<\/strong>\u00a0e n\u00e3o requer opera\u00e7\u00e3o complicada. Simplesmente\u00a0<strong>vestir<\/strong>\u00a0e aproveitar \u2013 n\u00e3o h\u00e1 configura\u00e7\u00f5es t\u00e9cnicas ou reabastecimentos que voc\u00ea precise fazer.<\/li>\n<\/ul>\n<h2><img loading=\"lazy\" decoding=\"async\" class=\"alignnone wp-image-1853 size-full\" title=\"Solobar Solo 30000 Z\u00fcge Einweg E Zigarette - Manga Gelo 2\" src=\"https:\/\/alfakher24h.de\/wp-content\/uploads\/2025\/02\/solobar-solo-30000-2.webp\" sizes=\"auto, (max-width: 1024px) 100vw, 1024px\" srcset=\"https:\/\/alfakher24h.de\/wp-content\/uploads\/2025\/02\/solobar-solo-30000-2.webp 1024w, https:\/\/alfakher24h.de\/wp-content\/uploads\/2025\/02\/solobar-solo-30000-2-300x145.webp 300w, https:\/\/alfakher24h.de\/wp-content\/uploads\/2025\/02\/solobar-solo-30000-2-768x371.webp 768w, https:\/\/alfakher24h.de\/wp-content\/uploads\/2025\/02\/solobar-solo-30000-2-18x9.webp 18w, https:\/\/alfakher24h.de\/wp-content\/uploads\/2025\/02\/solobar-solo-30000-2-600x289.webp 600w\" alt=\"Solobar Solo 30000 Z\u00fcge Einweg E Zigarette - Mango Ice  Solobar Solo 30000 tragadas Cigarrinho eletr\u00f4nico descart\u00e1vel - Gelo de Manga \" width=\"1024\" height=\"494\" \/><\/h2>\n<h3>Descri\u00e7\u00e3o detalhada do sabor do Mango Ice<\/h3>\n<p>Um dos destacados\u00a0<strong>Sabores<\/strong>\u00a0o\u00a0<a href=\"https:\/\/alfakher24h.de\/pt\/\"><strong>Solobar Solo 30000 Z\u00fcge Einweg E-Zigarette<\/strong><\/a>\u00a0\u00e9\u00a0<strong>Mango Ice<\/strong>Diese Geschmackskomposition kombiniert die tropische S\u00fc\u00dfe der \nEsta composi\u00e7\u00e3o de sabor combina a do\u00e7ura tropical da\u00a0<strong>Mango<\/strong>\u00a0com um refrescante\u00a0<strong>Sabor de gelo<\/strong>que levou a um especialmente\u00a0<strong>resfriar<\/strong>mas\u00a0<strong>doce e frutado<\/strong>\u00a0Experi\u00eancia de vapor.<\/p>\n<h4>Mango: Uma explos\u00e3o frutada<\/h4>\n<p>A\u00a0<strong>Mango<\/strong>\u00a0\u00e9 conhecida por sua do\u00e7ura intensa e sabor ex\u00f3tico. Cada tragada do\u00a0<strong>Mango Ice<\/strong>\u00a0E-Zigarette traz o sabor completo de uma\u00a0<strong>manga colhida madura<\/strong>\u00a0aparece, mimando os sentidos com sua do\u00e7ura fresca e suculenta. O sabor natural da manga permanece maravilhosamente aut\u00eantico e n\u00e3o adulterado, o que d\u00e1 \u00e0 experi\u00eancia de vaporiza\u00e7\u00e3o uma dimens\u00e3o refrescante e ainda assim rica.<\/p>\n<h4>Sorvete: O golpe refrescante<\/h4>\n<p>A\u00a0<strong>Gelo<\/strong>-Note confere ao sabor um agrad\u00e1vel frescor, especialmente em dias quentes de ver\u00e3o ou para aqueles que preferem\u00a0<strong>efeito de resfriamento<\/strong>\u00a0oferece um refrescante bem-vindo. Este efeito refrescante arredonda a experi\u00eancia gustativa perfeitamente e garante um\u00a0<strong>equilibrado<\/strong>mas ao mesmo tempo vaporiza\u00e7\u00e3o intensa. A intera\u00e7\u00e3o de\u00a0<strong>doce manga<\/strong>\u00a0e\u00a0<strong>gelo refrescante<\/strong>\u00a0Cria um equil\u00edbrio harmonioso entre frescura e frutividade, que satisfaz o desejo de prazer ao longo do dia.<\/p>\n<h4>Perfita mistura para todos os gostos<\/h4>\n<p>A\u00a0<strong>Mango Ice<\/strong>Esta combina\u00e7\u00e3o de sabores \u00e9 adequada para todos que procuram uma experi\u00eancia de vaporiza\u00e7\u00e3o frutal e refrescante. Se voc\u00ea \u00e9 um vapizador experiente ou est\u00e1 come\u00e7ando agora - este sabor oferece a voc\u00ea o equil\u00edbrio perfeito entre frescor e do\u00e7ura. A combina\u00e7\u00e3o de manga e gelo garante que voc\u00ea nunca precise procurar por outro sabor novamente. Cada tragada \u00e9 uma pequena aventura para os sentidos!<\/p>\n<h3>Por que voc\u00ea deve comprar o Solobar Solo 30000 puffs cigarro eletr\u00f4nico descart\u00e1vel em alfakher24h.de?<\/h3>\n<p>alfakher24h.de \u00e9 o principal mercado online para <strong>Cigarros eletr\u00f4nicos descart\u00e1veis na Alemanha<\/strong>Se voc\u00ea est\u00e1 procurando por uma\u00a0<strong>cigarro eletr\u00f4nico de alta qualidade<\/strong>\u00a0que voc\u00ea est\u00e1 em\u00a0<strong>Alemanha<\/strong>\u00a0r\u00e1pida e segura, nossa plataforma \u00e9 a escolha ideal. Oferecemos n\u00e3o apenas de primeira classe\u00a0<strong>Vapes<\/strong>mas tamb\u00e9m um servi\u00e7o de atendimento ao cliente excelente e um processamento de pedidos amig\u00e1vel.<\/p>\n<h3>Vantagens ao comprar em <a href=\"https:\/\/alfakher24h.de\/pt\/\">alfakher24h.de<\/a><\/h3>\n<ul>\n<li><strong>Entrega r\u00e1pida<\/strong>: A sua encomenda ser\u00e1 entregue de forma r\u00e1pida e segura.<\/li>\n<li><strong>Grande sele\u00e7\u00e3o<\/strong>Encontre uma enorme sele\u00e7\u00e3o de\u00a0<strong>Vapes Descart\u00e1veis<\/strong>\u00a0e acess\u00f3rios.<\/li>\n<li><strong>Pagamento seguro<\/strong>Oferecemos m\u00e9todos de pagamento seguros para seus pedidos.<\/li>\n<li><strong>Suporte ao cliente<\/strong>Nossa equipe de suporte amig\u00e1vel ficar\u00e1 feliz em ajud\u00e1-lo com qualquer d\u00favida relacionada ao seu pedido.<\/li>\n<\/ul>\n<h3>Conclus\u00e3o: Solobar Solo 30000 tragadas Cigarro eletr\u00f4nico descart\u00e1vel - A escolha para vaporizadores exigentes<\/h3>\n<p>A\u00a0<strong>Solobar Solo 30000 Z\u00fcge Einweg E Zigarette \n\u00e9 traduzido para \nSolobar Solo 30000 tragadas Cigarro eletr\u00f4nico descart\u00e1vel<\/strong>\u00a0\u00e9 uma das\u00a0<strong>melhores E-Zigaretten no mercado<\/strong>Com uma longa vida \u00fatil, um\u00a0<strong>sabor rico<\/strong>\u00a0e inovadoras caracter\u00edsticas, este modelo \u00e9 uma excelente escolha para todos que desejam levar o vape para o pr\u00f3ximo n\u00edvel. Se voc\u00ea est\u00e1 procurando por uma op\u00e7\u00e3o confi\u00e1vel e saborosa\u00a0<strong>Cigarra Eletr\u00f4nica Descart\u00e1vel<\/strong>\u00a0procurar, voc\u00ea deve\u00a0<strong>Solobar Solo 30000 Z\u00fcge<\/strong>\u00a0Experimente absolutamente. Visite ainda hoje o site alfakher24h.de e compre os produtos\u00a0<strong>melhor cigarro eletr\u00f4nico descart\u00e1vel<\/strong>\u00a0na Alemanha.<\/p>","protected":false},"excerpt":{"rendered":"<p><strong>Solobar Solo 30000 Z\u00fcge Einweg E Zigarette \n\u00e9 traduzido para \nSolobar Solo 30000 tragadas Cigarro eletr\u00f4nico descart\u00e1vel<\/strong>\u00a0\u00e9 uma das\u00a0<strong>melhores E-Zigaretten no mercado<\/strong>Com uma longa vida \u00fatil, um\u00a0<strong>sabor rico<\/strong>\u00a0e recursos inovadores, este modelo \u00e9 uma excelente escolha para todos que desejam levar o vaping para o pr\u00f3ximo n\u00edvel<\/p>","protected":false},"featured_media":1601,"comment_status":"open","ping_status":"closed","template":"","meta":{"om_disable_all_campaigns":false},"product_brand":[],"product_cat":[41],"product_tag":[],"class_list":{"0":"post-1600","1":"product","2":"type-product","3":"status-publish","4":"has-post-thumbnail","6":"product_cat-solobar-solo-30000","8":"first","9":"outofstock","10":"shipping-taxable","11":"purchasable","12":"product-type-simple"},"_links":{"self":[{"href":"https:\/\/alfakher24h.de\/pt\/wp-json\/wp\/v2\/product\/1600","targetHints":{"allow":["GET"]}}],"collection":[{"href":"https:\/\/alfakher24h.de\/pt\/wp-json\/wp\/v2\/product"}],"about":[{"href":"https:\/\/alfakher24h.de\/pt\/wp-json\/wp\/v2\/types\/product"}],"replies":[{"embeddable":true,"href":"https:\/\/alfakher24h.de\/pt\/wp-json\/wp\/v2\/comments?post=1600"}],"wp:featuredmedia":[{"embeddable":true,"href":"https:\/\/alfakher24h.de\/pt\/wp-json\/wp\/v2\/media\/1601"}],"wp:attachment":[{"href":"https:\/\/alfakher24h.de\/pt\/wp-json\/wp\/v2\/media?parent=1600"}],"wp:term":[{"taxonomy":"product_brand","embeddable":true,"href":"https:\/\/alfakher24h.de\/pt\/wp-json\/wp\/v2\/product_brand?post=1600"},{"taxonomy":"product_cat","embeddable":true,"href":"https:\/\/alfakher24h.de\/pt\/wp-json\/wp\/v2\/product_cat?post=1600"},{"taxonomy":"product_tag","embeddable":true,"href":"https:\/\/alfakher24h.de\/pt\/wp-json\/wp\/v2\/product_tag?post=1600"}],"curies":[{"name":"wp","href":"https:\/\/api.w.org\/{rel}","templated":true}]}}