{"id":1596,"date":"2025-02-05T05:04:03","date_gmt":"2025-02-05T05:04:03","guid":{"rendered":"https:\/\/alfakher24h.de\/?post_type=product&#038;p=1596"},"modified":"2025-05-21T05:11:14","modified_gmt":"2025-05-21T05:11:14","slug":"solobar-solo-30000-zuege-einweg-e-gelo-de-melilona-de-cigulacao","status":"publish","type":"product","link":"https:\/\/alfakher24h.de\/pt\/produto\/solobar-solo-30000-zuege-einweg-e-gelo-de-melilona-de-cigulacao\/","title":{"rendered":"Solobar Solo 30000 Z\u00fcge Einweg E Zigarette \u2013 Watermelon Ice \nSolobar Solo 30000 trag\u00e1veis Cigarro Eletr\u00f4nico Descart\u00e1vel - Sabor Melancia Gelo"},"content":{"rendered":"<div style=\"width: 1020px;\" class=\"wp-video\"><video class=\"wp-video-shortcode\" id=\"video-1596-1\" width=\"1020\" height=\"574\" preload=\"metadata\" controls=\"controls\"><source type=\"video\/mp4\" src=\"https:\/\/alfakher24h.de\/wp-content\/uploads\/2025\/02\/solobar-solo-30000-2.mp4?_=1\" \/><a href=\"https:\/\/alfakher24h.de\/wp-content\/uploads\/2025\/02\/solobar-solo-30000-2.mp4\">https:\/\/alfakher24h.de\/wp-content\/uploads\/2025\/02\/solobar-solo-30000-2.mp4<\/a><\/video><\/div>\n<h2><strong>Solobar Solo 30000 Z\u00fcge Einweg E Zigarette \u2013 A escolha definitiva para vapers na Alemanha<\/strong><\/h2>\n<p>A\u00a0<a href=\"https:\/\/alfakher24h.de\/pt\/\"><strong>Solobar Solo 30000 Z\u00fcge Einweg E Zigarette \n\u00e9 traduzido para \nSolobar Solo 30000 tragadas Cigarro eletr\u00f4nico descart\u00e1vel<\/strong><\/a>\u00a0\u00e9 uma verdadeira obra-prima do mundo dos vaporizadores. Para os vaporizadores que procuram um produto inovador, f\u00e1cil de usar e potente, este cigarro eletr\u00f4nico descart\u00e1vel oferece uma experi\u00eancia de vaporiza\u00e7\u00e3o incompar\u00e1vel. Com 30.000 tragadas, um controle preciso do fluxo de ar e uma tecnologia avan\u00e7ada de bobina dupla de malha, o Solobar Solo 30000 se destaca de outros cigarros eletr\u00f4nicos descart\u00e1veis no mercado. Vamos descobrir em detalhes os numerosos recursos e benef\u00edcios deste produto.<\/p>\n<hr \/>\n<h3><strong>Descri\u00e7\u00e3o do produto<\/strong><\/h3>\n<p>A\u00a0<strong>Solobar Solo 30000 Z\u00fcge Einweg E Zigarette \n\u00e9 traduzido para \nSolobar Solo 30000 tragadas Cigarro eletr\u00f4nico descart\u00e1vel<\/strong>\u00a0\u00e9 mais do que apenas um cigarro eletr\u00f4nico descart\u00e1vel convencional. Foi desenvolvido especificamente para os vapers que procuram uma durabilidade longa, desempenho excepcional e uma experi\u00eancia de sabor incompar\u00e1vel. Com sua impressionante contagem de\u00a0<strong>30.000 trens<\/strong>\u00a0e um\u00a0<strong>880 mAh bateria recarreg\u00e1vel<\/strong>\u00a0\u00e9 ideal para quem vaporiza regularmente, mas quer a facilidade de uso de um vape descart\u00e1vel.<\/p>\n<p><strong>O que torna o Solobar Solo t\u00e3o especial?<\/strong><\/p>\n<p>A\u00a0<strong>Solobar Solo 30000 Z\u00fcge Einweg E Zigarette \n\u00e9 traduzido para \nSolobar Solo 30000 tragadas Cigarro eletr\u00f4nico descart\u00e1vel<\/strong>\u00a0oferece uma variedade de fun\u00e7\u00f5es que a tornam um produto de ponta no mercado para\u00a0<strong>Cigarros eletr\u00f4nicos descart\u00e1veis na Alemanha<\/strong>\u00a0fazer<\/p>\n<ul>\n<li><strong>Tela de LED:<\/strong>\u00a0O ecr\u00e3 LED mostra os movimentos restantes e o status da bateria, para que voc\u00ea sempre saiba exatamente quando \u00e9 hora de carregar ou substituir o dispositivo.<\/li>\n<li><strong>30.000 trens:<\/strong>\u00a0Com uma not\u00e1vel quantidade de tragadas de 30.000, este cigarro eletr\u00f4nico descart\u00e1vel \u00e9 projetado para durar muito tempo e atender \u00e0s necessidades di\u00e1rias de vaporiza\u00e7\u00e3o.<\/li>\n<li><strong>Controle de fluxo de ar:<\/strong>\u00a0A regula\u00e7\u00e3o precisa do fluxo de ar permite adaptar a resist\u00eancia do fluxo de ar conforme desejado e assim individualizar a experi\u00eancia de vaporiza\u00e7\u00e3o.<\/li>\n<li><strong>10-30W de sa\u00edda de pot\u00eancia:<\/strong>\u00a0Uma sa\u00edda de pot\u00eancia vari\u00e1vel garante que o dispositivo possa ser adaptado para um vapor mais intenso ou mais suave, dependendo da prefer\u00eancia.<\/li>\n<li><strong>Bateria recarreg\u00e1vel de 880 mAh:<\/strong>\u00a0A bateria potente garante uma longa vida \u00fatil, enquanto a possibilidade de carregar o dispositivo garante que o prazer nunca seja interrompido.<\/li>\n<li><strong>Luz Ambiente Ligada\/Desligada:<\/strong>\u00a0A possibilidade de ligar ou desligar a luz ambiente acrescenta um charme adicional \u00e0 experi\u00eancia de vaporiza\u00e7\u00e3o e torna o Solobar Solo particularmente estiloso.<\/li>\n<li><strong>Tecnologia de bobina de dupla malha:<\/strong>\u00a0Esta tecnologia garante uma evapora\u00e7\u00e3o uniforme e intensa, o que intensifica o sabor e torna o vapor mais agrad\u00e1vel.<\/li>\n<li><strong>Para iniciantes:<\/strong>\u00a0A Solobar Solo \u00e9 perfeita para iniciantes. \u00c9 f\u00e1cil de usar, n\u00e3o requer configura\u00e7\u00f5es complicadas e ainda oferece uma experi\u00eancia de vaporiza\u00e7\u00e3o excepcional.<\/li>\n<\/ul>\n<p>Com a\u00a0<strong>Solobar Solo 30000 Z\u00fcge Einweg E-Zigarette<\/strong>\u00a0Voc\u00ea tem o dispositivo ideal para uma experi\u00eancia de vaporiza\u00e7\u00e3o confort\u00e1vel e duradoura na Alemanha. Desfrute da sensa\u00e7\u00e3o inconfund\u00edvel que este cigarro eletr\u00f4nico descart\u00e1vel oferece e deixe-se convencer por sua qualidade excepcional.<\/p>\n<h2><img loading=\"lazy\" decoding=\"async\" class=\"alignnone wp-image-1853 size-full\" title=\"Solobar Solo 30000 Z\u00fcge Einweg E Zigarette - Melancia Gelo 2\" src=\"https:\/\/alfakher24h.de\/wp-content\/uploads\/2025\/02\/solobar-solo-30000-2.webp\" sizes=\"auto, (max-width: 1024px) 100vw, 1024px\" srcset=\"https:\/\/alfakher24h.de\/wp-content\/uploads\/2025\/02\/solobar-solo-30000-2.webp 1024w, https:\/\/alfakher24h.de\/wp-content\/uploads\/2025\/02\/solobar-solo-30000-2-300x145.webp 300w, https:\/\/alfakher24h.de\/wp-content\/uploads\/2025\/02\/solobar-solo-30000-2-768x371.webp 768w, https:\/\/alfakher24h.de\/wp-content\/uploads\/2025\/02\/solobar-solo-30000-2-18x9.webp 18w, https:\/\/alfakher24h.de\/wp-content\/uploads\/2025\/02\/solobar-solo-30000-2-600x289.webp 600w\" alt=\"Solobar Solo 30000 Z\u00fcge Einweg E Zigarette - Melancia Gelo \" width=\"1024\" height=\"494\" \/><\/h2>\n<h3><strong>Caracter\u00edsticas do produto em detalhes<\/strong><\/h3>\n<p>A\u00a0<strong>Solobar Solo 30000 Z\u00fcge Einweg E-Zigarette<\/strong>\u00a0convincente por uma s\u00e9rie de fun\u00e7\u00f5es pensadas especificamente para melhorar as suas experi\u00eancias de vaporiza\u00e7\u00e3o:<\/p>\n<h4>1.\u00a0<strong>Tela de LED<\/strong><\/h4>\n<p>O ecr\u00e3 LED integrado mostra-lhe os movimentos restantes, bem como o status da bateria. Desta forma, voc\u00ea sempre tem uma vis\u00e3o geral e pode usar o dispositivo de forma eficiente, sem experimentar surpresas desagrad\u00e1veis.<\/p>\n<h4>2.\u00a0<strong>30.000 trens<\/strong><\/h4>\n<p>Com um n\u00famero de trem de\u00a0<strong>30.000 trens<\/strong>\u00a0Oferece este vape de uso \u00fanico uma vida \u00fatil excepcionalmente longa. \u00c9 a escolha perfeita para todos que vapam frequentemente e procuram um companheiro fi\u00e1vel.<\/p>\n<h4>3.\u00a0<strong>Controle de fluxo de ar<\/strong><\/h4>\n<p>Com o controle de fluxo de ar, voc\u00ea pode personalizar o vape ao seu jeito preferido. Voc\u00ea quer uma produ\u00e7\u00e3o de vapor mais intensa ou uma tragada mais suave? Este cigarro eletr\u00f4nico descart\u00e1vel d\u00e1 a voc\u00ea todas as liberdades para criar sua experi\u00eancia de vape de acordo com seus desejos.<\/p>\n<h4>4.\u00a0<strong>Bateria potente (880 mAh)<\/strong><\/h4>\n<p>Recarreg\u00e1vel\u00a0<strong>Bateria de 880 mAh<\/strong>\u00a0garante que voc\u00ea possa vaporizar por muito tempo com seu dispositivo. Mesmo quando a bateria estiver chegando ao fim, voc\u00ea pode simplesmente recarreg\u00e1-la e continuar a vaporizar.<\/p>\n<h4>5.\u00a0<strong>Bobina Dupla Malha<\/strong><\/h4>\n<p>Gra\u00e7as a\u00a0<strong>Tecnologia de Bobina Dupla<\/strong>\u00a0Experimente uma vaporiza\u00e7\u00e3o ainda mais uniforme e um sabor mais intenso. As bobinas de malha garantem que o sabor seja distribu\u00eddo uniformemente, o que aumenta consideravelmente o prazer de cada tragada.<\/p>\n<h4>6.\u00a0<strong>Fun\u00e7\u00e3o de Luz Ambiente<\/strong><\/h4>\n<p>A\u00a0<strong>Fun\u00e7\u00e3o de Luz Ambiente<\/strong>\u00a0Traga uma experi\u00eancia visual adicional para o seu vape. Ajuste o ambiente com uma simples fun\u00e7\u00e3o de interruptor e desfrute de uma experi\u00eancia de vape estilosa.<\/p>\n<h4>7.\u00a0<strong>Amig\u00e1vel para iniciantes<\/strong><\/h4>\n<p>A\u00a0<strong>Solobar Solo 30000 Z\u00fcge Einweg E Zigarette \n\u00e9 traduzido para \nSolobar Solo 30000 tragadas Cigarro eletr\u00f4nico descart\u00e1vel<\/strong>\u00a0\u00c9 especialmente adequada para iniciantes. Oferece todas as fun\u00e7\u00f5es necess\u00e1rias para um manuseio simples e, ao mesmo tempo, um desempenho excepcional.<\/p>\n<hr \/>\n<h3><strong>Experi\u00eancia de sabor - Solobar Solo 30000 tragadas Cigarro eletr\u00f4nico descart\u00e1vel: Melancia Gelo<\/strong><\/h3>\n<p>Um evento importante do<a href=\"https:\/\/alfakher24h.de\/pt\/\">\u00a0<strong>Solobar Solo 30000 Z\u00fcge Einweg E Zigarette \n\u00e9 traduzido para \nSolobar Solo 30000 tragadas Cigarro eletr\u00f4nico descart\u00e1vel<\/strong>\u00a0<\/a>\u00e9 a experi\u00eancia de sabor. O e-cigarro vem com o exclusivo\u00a0<strong>Watermelon Ice<\/strong>Sabor que deleita o seu paladar com uma mistura refrescante de mel\u00e3o doce e um toque frio de gelo.<\/p>\n<h4><strong>Mel\u00e3o de \u00e1gua<\/strong><\/h4>\n<p>O sabor de mel\u00e3o de \u00e1gua fresco \u00e9 particularmente arom\u00e1tico e doce em compara\u00e7\u00e3o com muitas outras frutas. Cada tragada lembra o sabor pleno e suculento das mel\u00f5es de \u00e1gua mais maduras colhidas no ver\u00e3o. Esta do\u00e7ura natural harmoniza perfeitamente com a frescura que o elemento de gelo acrescenta.<\/p>\n<h3><strong>Gelo<\/strong><\/h3>\n<p>O\u00a0<strong>Gelo<\/strong>- Efeito proporciona uma sensa\u00e7\u00e3o fresca e refrescante na boca. A combina\u00e7\u00e3o de mel\u00e3o doce e frescura gelada torna o vape uma experi\u00eancia especial, que n\u00e3o s\u00f3 mata a sede, mas tamb\u00e9m proporciona um resfriamento revigorante. \u00c9 o sabor perfeito para quem procura um equil\u00edbrio entre frescura e frutividade.<\/p>\n<p><strong>Watermelon Ice<\/strong>\u00a0\u00e9 um sabor que proporciona emo\u00e7\u00f5es positivas imediatas. O efeito refrescante e frio combinado com a do\u00e7ura frutada torna cada tragada um prazer. Este sabor \u00e9 ideal para o todo o dia - quer voc\u00ea esteja relaxando ou ativamente em movimento.<\/p>\n<hr \/>\n<h3><strong>Por que voc\u00ea deve comprar o Solobar Solo 30000 puffs cigarro eletr\u00f4nico descart\u00e1vel?<\/strong><\/h3>\n<p>H\u00e1 muitos motivos pelos quais as\u00a0<strong>Solobar Solo 30000 Z\u00fcge <a href=\"https:\/\/alfakher24h.de\/pt\/\">Cigarra Eletr\u00f4nica Descart\u00e1vel<\/a><\/strong><a href=\"https:\/\/alfakher24h.de\/pt\/\">\u00a0<\/a>A melhor escolha para voc\u00ea \u00e9:<\/p>\n<ol>\n<li><strong>Longevidade:<\/strong>\u00a0Com 30.000 tragadas, este cigarro eletr\u00f4nico descart\u00e1vel \u00e9 um dos mais dur\u00e1veis do mercado e oferece uma longa durabilidade que atende \u00e0s necessidades di\u00e1rias.<\/li>\n<li><strong>Desempenho:<\/strong>\u00a0A\u00a0<strong>880 mAh bateria recarreg\u00e1vel<\/strong>\u00a0e a\u00a0<strong>Tecnologia de Bobina Dupla<\/strong>\u00a0garantem um desempenho de primeira classe e uma experi\u00eancia de sabor intensa.<\/li>\n<li><strong>Usabilidade:<\/strong>\u00a0A\u00a0<strong>Solobar Solo<\/strong>\u00a0\u00e9 perfeito para iniciantes e oferece fun\u00e7\u00f5es avan\u00e7adas para vapers experientes.<\/li>\n<li><strong>Versatilidade:<\/strong>\u00a0Com recursos como\u00a0<strong>Controle de fluxo de ar<\/strong>\u00a0e\u00a0<strong>Luz Ambiente<\/strong>\u00a0podem personalizar a sua experi\u00eancia de vaporiza\u00e7\u00e3o.<\/li>\n<li><strong>K\u00fchle Frische<\/strong>\u00a0A\u00a0<strong>Watermelon Ice<\/strong>O sabor proporciona uma experi\u00eancia de vaporiza\u00e7\u00e3o refrescante que voc\u00ea pode desfrutar o dia todo.<\/li>\n<\/ol>\n<p>Se voc\u00ea est\u00e1 procurando por uma op\u00e7\u00e3o de alta qualidade e durabilidade\u00a0<strong>Cigarrinha eletr\u00f4nica descart\u00e1vel com nicotina<\/strong>\u00a0s\u00e3o, ent\u00e3o \u00e9 a\u00a0<strong>Solobar Solo 30000 Z\u00fcge Einweg E Zigarette \n\u00e9 traduzido para \nSolobar Solo 30000 tragadas Cigarro eletr\u00f4nico descart\u00e1vel<\/strong>\u00a0a escolha perfeita. Compre o seu\u00a0<a href=\"https:\/\/alfakher24h.de\/pt\/\"><strong>Cigarra Eletr\u00f4nica Descart\u00e1vel<\/strong><\/a> beconveniente em alfakher24h.de, seu provedor confi\u00e1vel para\u00a0<strong>Vapes Descart\u00e1veis na Alemanha<\/strong>.<\/p>","protected":false},"excerpt":{"rendered":"<p>Procure por uma de alta qualidade e dur\u00e1vel\u00a0<strong>Cigarrinha eletr\u00f4nica descart\u00e1vel com nicotina<\/strong>\u00a0s\u00e3o, ent\u00e3o \u00e9 a\u00a0<strong>Solobar Solo 30000 Z\u00fcge Einweg E Zigarette \n\u00e9 traduzido para \nSolobar Solo 30000 tragadas Cigarro eletr\u00f4nico descart\u00e1vel<\/strong>\u00a0a escolha perfeita. Compre o seu\u00a0<a href=\"https:\/\/alfakher24h.de\/pt\/\"><strong>Cigarra Eletr\u00f4nica Descart\u00e1vel<\/strong><\/a> beconveniente em alfakher24h.de,<\/p>","protected":false},"featured_media":1597,"comment_status":"open","ping_status":"closed","template":"","meta":{"om_disable_all_campaigns":false},"product_brand":[],"product_cat":[41],"product_tag":[],"class_list":{"0":"post-1596","1":"product","2":"type-product","3":"status-publish","4":"has-post-thumbnail","6":"product_cat-solobar-solo-30000","8":"first","9":"outofstock","10":"shipping-taxable","11":"purchasable","12":"product-type-simple"},"_links":{"self":[{"href":"https:\/\/alfakher24h.de\/pt\/wp-json\/wp\/v2\/product\/1596","targetHints":{"allow":["GET"]}}],"collection":[{"href":"https:\/\/alfakher24h.de\/pt\/wp-json\/wp\/v2\/product"}],"about":[{"href":"https:\/\/alfakher24h.de\/pt\/wp-json\/wp\/v2\/types\/product"}],"replies":[{"embeddable":true,"href":"https:\/\/alfakher24h.de\/pt\/wp-json\/wp\/v2\/comments?post=1596"}],"wp:featuredmedia":[{"embeddable":true,"href":"https:\/\/alfakher24h.de\/pt\/wp-json\/wp\/v2\/media\/1597"}],"wp:attachment":[{"href":"https:\/\/alfakher24h.de\/pt\/wp-json\/wp\/v2\/media?parent=1596"}],"wp:term":[{"taxonomy":"product_brand","embeddable":true,"href":"https:\/\/alfakher24h.de\/pt\/wp-json\/wp\/v2\/product_brand?post=1596"},{"taxonomy":"product_cat","embeddable":true,"href":"https:\/\/alfakher24h.de\/pt\/wp-json\/wp\/v2\/product_cat?post=1596"},{"taxonomy":"product_tag","embeddable":true,"href":"https:\/\/alfakher24h.de\/pt\/wp-json\/wp\/v2\/product_tag?post=1596"}],"curies":[{"name":"wp","href":"https:\/\/api.w.org\/{rel}","templated":true}]}}