{"id":1591,"date":"2025-02-05T04:56:12","date_gmt":"2025-02-05T04:56:12","guid":{"rendered":"https:\/\/alfakher24h.de\/?post_type=product&#038;p=1591"},"modified":"2025-05-21T05:11:14","modified_gmt":"2025-05-21T05:11:14","slug":"solobar-solo-30000-zuege-einweg-e-cigarro-morango-watermelon","status":"publish","type":"product","link":"https:\/\/alfakher24h.de\/pt\/produto\/solobar-solo-30000-zuege-einweg-e-cigarro-morango-watermelon\/","title":{"rendered":"Solobar Solo 30000 Z\u00fcge Einweg E Zigarette \u2013 Morango Mel\u00e3o"},"content":{"rendered":"<div style=\"width: 1020px;\" class=\"wp-video\"><video class=\"wp-video-shortcode\" id=\"video-1591-1\" width=\"1020\" height=\"574\" preload=\"metadata\" controls=\"controls\"><source type=\"video\/mp4\" src=\"https:\/\/alfakher24h.de\/wp-content\/uploads\/2025\/02\/solobar-solo-30000-2.mp4?_=1\" \/><a href=\"https:\/\/alfakher24h.de\/wp-content\/uploads\/2025\/02\/solobar-solo-30000-2.mp4\">https:\/\/alfakher24h.de\/wp-content\/uploads\/2025\/02\/solobar-solo-30000-2.mp4<\/a><\/video><\/div>\n<h2><strong><a href=\"https:\/\/alfakher24h.de\/pt\/\">Solobar Solo 30000 Z\u00fcge Einweg E-Zigarette<\/a> \u2013 O futuro do vapor na sua m\u00e3o<\/strong><\/h2>\n<p>A\u00a0<strong>Solobar Solo 30000 Z\u00fcge Einweg E Zigarette \n\u00e9 traduzido para \nSolobar Solo 30000 tragadas Cigarro eletr\u00f4nico descart\u00e1vel<\/strong>\u00a0\u00e9 uma solu\u00e7\u00e3o inovadora para todos os vapers que procuram uma experi\u00eancia incompar\u00e1vel e um desempenho duradouro. Com tecnologia de ponta e um design amig\u00e1vel, este produto garante que voc\u00ea possa desfrutar do vape sem complica\u00e7\u00f5es. Seja voc\u00ea um vaper experiente ou um iniciante, o\u00a0<a href=\"https:\/\/alfakher24h.de\/pt\/\"><strong>Solobar Solo 30000<\/strong>\u00a0<\/a>superar\u00e1 as suas expectativas e proporcionar\u00e1 uma experi\u00eancia incompar\u00e1vel.<\/p>\n<h3><strong>Descri\u00e7\u00e3o do produto<\/strong><\/h3>\n<p>A\u00a0<strong>Solobar Solo 30000 Z\u00fcge Einweg E Zigarette \n\u00e9 traduzido para \nSolobar Solo 30000 tragadas Cigarro eletr\u00f4nico descart\u00e1vel<\/strong>\u00a0foi especialmente projetado para proporcionar-lhe uma experi\u00eancia de vaporiza\u00e7\u00e3o tranquila e agrad\u00e1vel. Com impressionantes\u00a0<strong>30.000 trens<\/strong>\u00a0Esta cigarrinha eletr\u00f3nica descart\u00e1vel garante que voc\u00ea possa desfrutar de uma vida \u00fatil excepcionalmente longa antes de precisar ser substitu\u00edda. Isso a torna uma companheira ideal para o uso di\u00e1rio. Voc\u00ea n\u00e3o precisa de recargas adicionais ou manuten\u00e7\u00e3o complicada - simplesmente desembale e comece a vaporizar!<\/p>\n<p>Gra\u00e7as ao design avan\u00e7ado e \u00e0s fun\u00e7\u00f5es poderosas, este cigarro eletr\u00f4nico descart\u00e1vel n\u00e3o \u00e9 apenas ideal para vapers experientes, mas tamb\u00e9m perfeitamente adequado para iniciantes. A\u00a0<strong>Solobar Solo 30000<\/strong>\u00a0oferece uma combina\u00e7\u00e3o perfeita de facilidade de uso e tecnologia.\u00a0<strong>Controle de fluxo de ar<\/strong>\u00a0permite personalizar o vapor, para que voc\u00ea possa desfrutar exatamente da quantidade de vapor que prefere.<\/p>\n<p>Umstellung war die Gr\u00fcndung der weltweit ersten \nFinanzakademie.\u00a0<strong>Solobar Solo 30000<\/strong>\u00a0\u00e9 o\u00a0<strong>Visor LED<\/strong>-Tela que mostra claramente o status da bateria e os golpes restantes. Com o\u00a0<strong>880 mAh bateria recarreg\u00e1vel<\/strong>\u00a0Voc\u00ea pode ter certeza de que sua experi\u00eancia de vaporiza\u00e7\u00e3o sempre dura muito tempo. E quando a bateria estiver quase vazia, voc\u00ea pode simplesmente recarreg\u00e1-la para continuar desfrutando de um desempenho ininterrupto.<\/p>\n<h3><strong>Caracter\u00edsticas do produto do Solobar Solo 30000 Puffs Cigarro Eletr\u00f4nico Descart\u00e1vel<\/strong><\/h3>\n<ul>\n<li><strong>Visor LED<\/strong>: O visor LED mostra o status da bateria e os puffs restantes, para que voc\u00ea sempre saiba quanto tempo ainda pode vaporizar.<\/li>\n<li><strong>30.000 trens<\/strong>: Com um n\u00famero not\u00e1vel de 30.000 tragadas, este cigarro eletr\u00f4nico descart\u00e1vel oferece uma vida \u00fatil extremamente longa que n\u00e3o ir\u00e1 decepcion\u00e1-lo.<\/li>\n<li><strong>Controle de fluxo de ar<\/strong>: Ajuste o fluxo de ar para personalizar a vaporiza\u00e7\u00e3o exatamente do seu jeito - para uma vaporiza\u00e7\u00e3o intensa ou uma tragada mais leve.<\/li>\n<li><strong>10-30W de sa\u00edda de pot\u00eancia<\/strong>: A faixa de pot\u00eancia de 10-30W garante que voc\u00ea sempre atinja a intensidade de vapor e o calor desejados para desfrutar da experi\u00eancia de vaporiza\u00e7\u00e3o perfeita.<\/li>\n<li><strong>880 mAh bateria recarreg\u00e1vel<\/strong>: A bateria potente e dur\u00e1vel garante que o seu\u00a0<strong>Solobar Solo 30000<\/strong>\u00a0Cigarrinho eletr\u00f4nico descart\u00e1vel funciona de forma confi\u00e1vel o dia todo.<\/li>\n<li><strong>Luz Ambiente Ligada\/Desligada<\/strong>: Ative ou desative a Luz Ambiente conforme desejar, para personalizar ainda mais a sua experi\u00eancia de vaporiza\u00e7\u00e3o.<\/li>\n<li><strong>Bobina de Dupla Malha<\/strong>: A bobina dupla em malha garante um sabor uniforme e intenso, tornando a vaporiza\u00e7\u00e3o ainda mais agrad\u00e1vel.<\/li>\n<li><strong>Amig\u00e1vel para iniciantes<\/strong>: A opera\u00e7\u00e3o amig\u00e1vel tamb\u00e9m torna f\u00e1cil para iniciantes operarem com o\u00a0<strong>Solobar Solo 30000<\/strong>\u00a0para vaporizar sem ter de se preocupar com configura\u00e7\u00f5es complicadas.<\/li>\n<\/ul>\n<h3><strong>Por que o Solobar Solo 30000 Puffs E Cigarro Descart\u00e1vel \u00e9 a melhor escolha<\/strong><\/h3>\n<p>A\u00a0<strong>Solobar Solo 30000 Z\u00fcge Einweg E Zigarette \n\u00e9 traduzido para \nSolobar Solo 30000 tragadas Cigarro eletr\u00f4nico descart\u00e1vel<\/strong>\u00a0caracteriza-se pela sua alta qualidade de processamento e manuseio amig\u00e1vel. Em compara\u00e7\u00e3o com os cigarros eletr\u00f3nicos convencionais, oferece um desempenho superior e uma longa vida \u00fatil, que permitem que voc\u00ea experimente o vapor de uma forma completamente nova.<\/p>\n<p>A\u00a0<strong>Controle de fluxo de ar<\/strong>\u00a0e o\u00a0<strong>Bobina de alta performance<\/strong>\u00a0garantem um sabor intensamente consistente que ir\u00e1 mim\u00e1-lo em cada tragada. Durante esse processo, a\u00a0<strong>Solobar Solo 30000<\/strong>\u00a0ideal para todos que procuram uma forma simples, mas muito eficaz de lidar com\u00a0<strong>Nicotina<\/strong>\u00a0para vaporizar sem ter de se preocupar com a manuten\u00e7\u00e3o ou configura\u00e7\u00f5es complicadas.<\/p>\n<h4><strong>Longevidade e simplicidade<\/strong><\/h4>\n<p>Uma das caracter\u00edsticas mais marcantes da\u00a0<strong>Solobar Solo 30000<\/strong>\u00a0sua extraordin\u00e1ria\u00a0<strong>Longevidade<\/strong>Com 30.000 tragadas, voc\u00ea pode usar o cigarro eletr\u00f4nico por um longo per\u00edodo de tempo antes de precisar ser substitu\u00eddo. Este \u00e9 um claro benef\u00edcio em compara\u00e7\u00e3o com outros cigarros eletr\u00f4nicos descart\u00e1veis, que geralmente oferecem apenas um n\u00famero limitado de tragadas.<\/p>\n<h4><strong>Experi\u00eancias gustativas \u00f3timas<\/strong><\/h4>\n<p>O Dual Mesh Coil e o excelente controle de fluxo de ar garantem um desenvolvimento uniforme de vapor e um sabor intenso. Isso permite que voc\u00ea aproveite todo o potencial de cada aroma, sem que o sabor seja falsificado ou dilu\u00eddo. Seja voc\u00ea um usu\u00e1rio que\u00a0<strong>Solobar Solo 30000<\/strong>\u00a0como uma oportunidade para relaxar ou como um companheiro durante o dia de trabalho - o vaping torna-se um verdadeiro prazer.<\/p>\n<p><img loading=\"lazy\" decoding=\"async\" class=\"alignnone size-full wp-image-1855\" title=\"Solobar Solo 30000 Z\u00fcge Einweg E Zigarette - Morango Mel\u00e3o 2\" src=\"https:\/\/alfakher24h.de\/wp-content\/uploads\/2025\/02\/solobar-solo-30000-4.webp\" sizes=\"auto, (max-width: 1024px) 100vw, 1024px\" srcset=\"https:\/\/alfakher24h.de\/wp-content\/uploads\/2025\/02\/solobar-solo-30000-4.webp 1024w, https:\/\/alfakher24h.de\/wp-content\/uploads\/2025\/02\/solobar-solo-30000-4-300x174.webp 300w, https:\/\/alfakher24h.de\/wp-content\/uploads\/2025\/02\/solobar-solo-30000-4-768x446.webp 768w, https:\/\/alfakher24h.de\/wp-content\/uploads\/2025\/02\/solobar-solo-30000-4-18x10.webp 18w, https:\/\/alfakher24h.de\/wp-content\/uploads\/2025\/02\/solobar-solo-30000-4-600x348.webp 600w\" alt=\"Solobar Solo 30000 Z\u00fcge Einweg E Zigarette - Morango Mel\u00e3o\" width=\"1024\" height=\"594\" \/><\/p>\n<h3><strong>Os melhores sabores do Solobar Solo 30000 cigarro eletr\u00f4nico descart\u00e1vel<\/strong><\/h3>\n<p>A\u00a0<strong>Solobar Solo 30000 Z\u00fcge Einweg E Zigarette \n\u00e9 traduzido para \nSolobar Solo 30000 tragadas Cigarro eletr\u00f4nico descart\u00e1vel<\/strong>\u00a0oferece uma experi\u00eancia gustativa fant\u00e1stica. \u00c9 especialmente digno de nota o\u00a0<strong>Morango Mel\u00e3o de \u00c1gua<\/strong>Sabor.<\/p>\n<h4><strong>Strawberry Watermelon: O prazer perfeito do ver\u00e3o<\/strong><\/h4>\n<p>O\u00a0<strong>Morango Mel\u00e3o de \u00c1gua<\/strong>O sabor \u00e9 uma combina\u00e7\u00e3o perfeita da do\u00e7ura frutada de morangos frescos e da refrescante e suculenta melancia.\u00a0<strong>Morango Mel\u00e3o de \u00c1gua<\/strong>Os aromas transportam os seus bot\u00f5es gustativos para um para\u00edso tropical que regala todo o paladar. Esta mistura de morango doce e mel\u00e3o refrescante proporciona uma experi\u00eancia de vaporiza\u00e7\u00e3o agrad\u00e1vel e frutada, que \u00e9 especialmente refrescante em dias quentes de ver\u00e3o.<\/p>\n<p>A\u00a0<strong>do\u00e7ura frutada do morango<\/strong>\u00a0encontra-se com a\u00a0<strong>A frescura refrescante do mel\u00e3o de \u00e1gua<\/strong>, o que leva a um sabor equilibrado e harmonioso. Cada tragada traz a frescura de um coquetel de frutas de ver\u00e3o, perfeito para qualquer momento do dia. Esta sabor \u00e9 especialmente popular entre os usu\u00e1rios que preferem aromas frutados, refrescantes e, no entanto, doces.<\/p>\n<h3><strong>Por que voc\u00ea deve\u00a0<a href=\"https:\/\/alfakher24h.de\/pt\/\">Solobar Solo 30000 Z\u00fcge Einweg E-Zigarette<\/a> Comprar?<\/strong><\/h3>\n<ul>\n<li><strong>Longa vida \u00fatil<\/strong>: Com 30.000 passes voc\u00ea pode\u00a0<strong>Solobar Solo 30000<\/strong>\u00a0desfrutar por um longo per\u00edodo antes de precisar substitu\u00ed-los.<\/li>\n<li><strong>Usabilidade<\/strong>Esta cigarreta eletr\u00f4nica descart\u00e1vel \u00e9 f\u00e1cil de usar - ideal para iniciantes e vaporizadores experientes.<\/li>\n<li><strong>Tecnologia inovadora<\/strong>Com fun\u00e7\u00f5es como a\u00a0<strong>Controle de fluxo de ar<\/strong>,\u00a0<strong>Bobina de Dupla Malha<\/strong>\u00a0e\u00a0<strong>Visor LED<\/strong>\u00a0Obtenha uma experi\u00eancia de vaporiza\u00e7\u00e3o poderosa e personalizada.<\/li>\n<li><strong>Desejo por aromas frutados<\/strong>: Desfrute do\u00a0<strong>Morango Mel\u00e3o de \u00c1gua<\/strong>Sabor em toda a sua intensidade e frescura.<\/li>\n<li><strong>Confiabilidade<\/strong>: A\u00a0<strong>Solobar Solo 30000 Z\u00fcge Einweg E Zigarette \n\u00e9 traduzido para \nSolobar Solo 30000 tragadas Cigarro eletr\u00f4nico descart\u00e1vel<\/strong>\u00a0\u00e9 com uma\u00a0<strong>880 mAh bateria recarreg\u00e1vel<\/strong>\u00a0equipado, o que permite um uso prolongado sem interrup\u00e7\u00f5es.<\/li>\n<\/ul>\n<h3><strong>Compre seu Solobar Solo 30000 Puffs E Cigarro Descart\u00e1vel em alfakher24h.de<\/strong><\/h3>\n<p>A\u00a0<strong>Solobar Solo 30000 Z\u00fcge Einweg E Zigarette \n\u00e9 traduzido para \nSolobar Solo 30000 tragadas Cigarro eletr\u00f4nico descart\u00e1vel<\/strong>\u00a0\u00e9 uma escolha excepcional para vapers na Alemanha que est\u00e3o procurando por uma\u00a0<strong>Cigarro eletr\u00f4nico com nicotina<\/strong> s\u00e3o, que s\u00e3o dur\u00e1veis e impressionais em termos de sabor. Ordene j\u00e1 hoje em alfakher24h.de, a maior plataforma para\u00a0<strong>Vapes Descart\u00e1veis<\/strong>\u00a0na Alemanha, e experimente o pr\u00f3ximo passo na tecnologia de cigarros eletr\u00f4nicos.<\/p>\n<p>N\u00e3o perca a chance de aproveitar essa inova\u00e7\u00e3o\u00a0<a href=\"https:\/\/alfakher24h.de\/pt\/\"><strong>Cigarrinha eletr\u00f4nica descart\u00e1vel<\/strong><\/a>\u00a0para adquirir e elevar sua experi\u00eancia de vaporiza\u00e7\u00e3o para o pr\u00f3ximo n\u00edvel!<\/p>","protected":false},"excerpt":{"rendered":"<p><strong>Olobar Solo 30000 Z\u00fcge Einweg E-Zigarette<\/strong>\u00a0\u00e9 uma escolha excepcional para vapers na Alemanha que est\u00e3o procurando por uma\u00a0<strong>Cigarro eletr\u00f4nico com nicotina<\/strong><\/p>","protected":false},"featured_media":1590,"comment_status":"open","ping_status":"closed","template":"","meta":{"om_disable_all_campaigns":false},"product_brand":[],"product_cat":[41],"product_tag":[],"class_list":{"0":"post-1591","1":"product","2":"type-product","3":"status-publish","4":"has-post-thumbnail","6":"product_cat-solobar-solo-30000","8":"first","9":"outofstock","10":"shipping-taxable","11":"purchasable","12":"product-type-simple"},"_links":{"self":[{"href":"https:\/\/alfakher24h.de\/pt\/wp-json\/wp\/v2\/product\/1591","targetHints":{"allow":["GET"]}}],"collection":[{"href":"https:\/\/alfakher24h.de\/pt\/wp-json\/wp\/v2\/product"}],"about":[{"href":"https:\/\/alfakher24h.de\/pt\/wp-json\/wp\/v2\/types\/product"}],"replies":[{"embeddable":true,"href":"https:\/\/alfakher24h.de\/pt\/wp-json\/wp\/v2\/comments?post=1591"}],"wp:featuredmedia":[{"embeddable":true,"href":"https:\/\/alfakher24h.de\/pt\/wp-json\/wp\/v2\/media\/1590"}],"wp:attachment":[{"href":"https:\/\/alfakher24h.de\/pt\/wp-json\/wp\/v2\/media?parent=1591"}],"wp:term":[{"taxonomy":"product_brand","embeddable":true,"href":"https:\/\/alfakher24h.de\/pt\/wp-json\/wp\/v2\/product_brand?post=1591"},{"taxonomy":"product_cat","embeddable":true,"href":"https:\/\/alfakher24h.de\/pt\/wp-json\/wp\/v2\/product_cat?post=1591"},{"taxonomy":"product_tag","embeddable":true,"href":"https:\/\/alfakher24h.de\/pt\/wp-json\/wp\/v2\/product_tag?post=1591"}],"curies":[{"name":"wp","href":"https:\/\/api.w.org\/{rel}","templated":true}]}}