{"id":1564,"date":"2025-01-30T05:52:31","date_gmt":"2025-01-30T05:52:31","guid":{"rendered":"https:\/\/alfakher24h.de\/?post_type=product&#038;p=1564"},"modified":"2025-01-30T05:52:32","modified_gmt":"2025-01-30T05:52:32","slug":"magic-bar-alpha-20000-zuege-einweg-e-cigarette-cola-ice","status":"publish","type":"product","link":"https:\/\/alfakher24h.de\/pt\/produto\/magic-bar-alpha-20000-zuege-einweg-e-cigarette-cola-ice\/","title":{"rendered":"Magic Bar Alpha 20000 Z\u00fcge Einweg E Zigarette \u2013 Cola Ice \nBarra M\u00e1gica Alpha 20000 Puxadas Cigarro Eletr\u00f4nico Descart\u00e1vel - Gelo Cola"},"content":{"rendered":"<h2><strong><img loading=\"lazy\" decoding=\"async\" class=\"alignnone size-full wp-image-1471\" src=\"https:\/\/alfakher24h.de\/wp-content\/uploads\/2025\/01\/3Magic-Bar-Alpha-20000-scaled.webp\" alt=\"\" width=\"2560\" height=\"2560\" title=\"\" srcset=\"https:\/\/alfakher24h.de\/wp-content\/uploads\/2025\/01\/3Magic-Bar-Alpha-20000-scaled.webp 2560w, https:\/\/alfakher24h.de\/wp-content\/uploads\/2025\/01\/3Magic-Bar-Alpha-20000-300x300.webp 300w, https:\/\/alfakher24h.de\/wp-content\/uploads\/2025\/01\/3Magic-Bar-Alpha-20000-1024x1024.webp 1024w, https:\/\/alfakher24h.de\/wp-content\/uploads\/2025\/01\/3Magic-Bar-Alpha-20000-150x150.webp 150w, https:\/\/alfakher24h.de\/wp-content\/uploads\/2025\/01\/3Magic-Bar-Alpha-20000-768x768.webp 768w, https:\/\/alfakher24h.de\/wp-content\/uploads\/2025\/01\/3Magic-Bar-Alpha-20000-1536x1536.webp 1536w, https:\/\/alfakher24h.de\/wp-content\/uploads\/2025\/01\/3Magic-Bar-Alpha-20000-2048x2048.webp 2048w, https:\/\/alfakher24h.de\/wp-content\/uploads\/2025\/01\/3Magic-Bar-Alpha-20000-12x12.webp 12w, https:\/\/alfakher24h.de\/wp-content\/uploads\/2025\/01\/3Magic-Bar-Alpha-20000-600x600.webp 600w, https:\/\/alfakher24h.de\/wp-content\/uploads\/2025\/01\/3Magic-Bar-Alpha-20000-100x100.webp 100w\" sizes=\"auto, (max-width: 2560px) 100vw, 2560px\" \/>Magic Bar Alpha 20000 Z\u00fcge Einweg E Zigarette: O Prazer Final para Entusiastas de Vaping na Alemanha<\/strong><\/h2>\n<p>A\u00a0<a href=\"https:\/\/alfakher24h.de\/pt\/\"><strong>Magic Bar Alpha 20000 Z\u00fcge Einweg E Zigarette \nBarra M\u00e1gica Alpha 20000 Puffs Cigarra Eletr\u00f4nica Descart\u00e1vel<\/strong><\/a>\u00a0\u00e9 um destaque absoluto para os f\u00e3s de vaporiza\u00e7\u00e3o que procuram um cigarro eletr\u00f4nico potente, duradouro e com sabor intenso. Ele combina tecnologia inovadora com design amig\u00e1vel ao usu\u00e1rio e proporciona uma experi\u00eancia de vaporiza\u00e7\u00e3o incompar\u00e1vel. Se voc\u00ea j\u00e1 \u00e9 um vaporizador experiente ou est\u00e1 apenas come\u00e7ando a explorar o mundo da vaporiza\u00e7\u00e3o, este cigarro eletr\u00f4nico descart\u00e1vel oferecer\u00e1 uma experi\u00eancia agrad\u00e1vel e satisfat\u00f3ria.<\/p>\n<h3><strong>Por que voc\u00ea deve escolher o Magic Bar Alpha 20000 Puffs Cigarro Eletr\u00f4nico Descart\u00e1vel<\/strong><\/h3>\n<p>com um alcance de at\u00e9\u00a0<strong>20.000 trens<\/strong>\u00a0e um\u00a0<strong>25 ml E-Liquid<\/strong>\u00a0oferece a\u00a0<strong>Magic Bar Alpha<\/strong>\u00a0Resist\u00eancia excepcional e uma produ\u00e7\u00e3o de vapor cont\u00ednua e deliciosa. Este cigarro eletr\u00f4nico descart\u00e1vel foi projetado especificamente para usu\u00e1rios que buscam alto conforto e uma experi\u00eancia de vaporiza\u00e7\u00e3o prolongada.<\/p>\n<p>Para aqueles que est\u00e3o procurando por uma\u00a0<strong>Cigarrinha eletr\u00f4nica descart\u00e1vel com nicotina<\/strong>\u00a0s\u00e3o, oferece a\u00a0<strong>Magic Bar Alpha<\/strong>\u00a0uma variedade de\u00a0<strong>Sal de nicotina<\/strong>-Variantes (0%, 2%, 3%, 5%), para atender \u00e0s suas necessidades individuais. Esta flexibilidade torna-os uma das op\u00e7\u00f5es mais populares no mercado em\u00a0<strong>Alemanha<\/strong>Com uma\u00a0<strong>650mAh bateria<\/strong>-Capacidade e um\u00a0<strong>0,5\u03a9 Mesh Coil<\/strong>\u00a0oferece a\u00a0<strong>Magic Bar Alpha<\/strong>\u00a0uma produ\u00e7\u00e3o de vapor excepcional, que suporta facilmente tanto a vaporiza\u00e7\u00e3o MTL quanto DTL.<\/p>\n<h3><strong>Caracter\u00edsticas do produto em detalhes<\/strong><\/h3>\n<ul>\n<li><strong>Quantidade de E-L\u00edquido<\/strong>: 25 ml \u2013 Oferece um prazer prolongado sem a necessidade de reabastecimento frequente.<\/li>\n<li><strong>Concentra\u00e7\u00f5es de sal de nicotina<\/strong>: 0%, 2%, 3%, 5% \u2013 Adapt\u00e1vel a diferentes necessidades.<\/li>\n<li><strong>Bateria<\/strong>: 650mAh recarreg\u00e1vel - Suficiente para at\u00e9 20.000 tragadas sem recarregar regularmente.<\/li>\n<li><strong>Bobina<\/strong>: Bobina Mesh 0,5\u03a9 - Para desenvolvimento de vapor intenso e sabor puro.<\/li>\n<li><strong>Op\u00e7\u00e3o MTL\/DTL<\/strong>: DTL (Direct-to-Lung) \u2013 Para uma produ\u00e7\u00e3o de vapor ainda mais intensa.<\/li>\n<li><strong>Tamanho<\/strong>: 40 x 29 x 110 mm - Compacto e port\u00e1til para uso confort\u00e1vel.<\/li>\n<li><strong>Peso l\u00edquido<\/strong>: 110g - Leve e port\u00e1til.<\/li>\n<li><strong>Tamanho da embalagem<\/strong>: 495 x 355 x H285 mm - Adequado para grandes pedidos ou revendedores.<\/li>\n<\/ul>\n<h3><strong>Experi\u00eancia de sabor: Cola Ice - O Prazer Refrescante<\/strong><\/h3>\n<p>A\u00a0<strong>Magic Bar Alpha 20000 Z\u00fcge Einweg E Zigarette \nBarra M\u00e1gica Alpha 20000 Puffs Cigarra Eletr\u00f4nica Descart\u00e1vel<\/strong>\u00a0vem com um sabor \u00fanico:\u00a0<strong>Cola Ice<\/strong>O sabor de cola, que vem em combina\u00e7\u00e3o com um agrad\u00e1vel frescor, proporciona uma experi\u00eancia refrescante inesquec\u00edvel que reflete o prazer total de uma bebida de cola cl\u00e1ssica em forma de vapor.<\/p>\n<h4><strong>Sabor em detalhe<\/strong><\/h4>\n<p><strong>Cola Ice<\/strong>\u00a0\u00c9 mais do que apenas uma simples nota de cola. No in\u00edcio, o sabor da cola cl\u00e1ssica \u00e9 revelado - doce, com um toque de caramelo e uma leve nota c\u00edtrica que intensifica a experi\u00eancia gustativa. Os aromas frescos de cola combinam-se com uma refrescante nota de mentol, que proporciona uma agrad\u00e1vel sensa\u00e7\u00e3o de frescura na garganta, tornando a vaporiza\u00e7\u00e3o uma experi\u00eancia revigorante.<\/p>\n<p>O\u00a0<strong>mentol\u00edstica<\/strong>\u00a0O efeito refrescante n\u00e3o \u00e9 intenso demais, mas sim proporciona um equil\u00edbrio perfeito - para que voc\u00ea possa saborear o sabor de cola em toda a sua profundidade, sem que o efeito fresco sobreponha o sabor. Essa combina\u00e7\u00e3o \u00fanica torna o sabor Cola Ice da Magic Bar Alpha uma das sabores mais populares de cigarros eletr\u00f4nicos descart\u00e1veis na Alemanha.<\/p>\n<h4><strong>Prazer para cada momento<\/strong><\/h4>\n<p>Seja para fazer uma pausa curta ou relaxar depois de um longo dia, o\u00a0<strong>Cola Ice<\/strong>O sabor da Magic Bar Alpha proporciona sempre o kick certo. \u00c9 perfeito para vapers que amam o sabor refrescante e vibrante de cola e, ao mesmo tempo, n\u00e3o querem desistir de uma frescura refrescante. A mistura perfeita de do\u00e7ura e mentol d\u00e1-lhe a sensa\u00e7\u00e3o de saborear cola com um toque de cubos de gelo diretamente - e isso a cada tragada.<\/p>\n<p><img loading=\"lazy\" decoding=\"async\" class=\"alignnone wp-image-1774 size-full\" title=\"Magic Bar Alpha 20000 Z\u00fcge Einweg E Zigarette - Cola Ice 3 traduz-se para Magic Bar Alpha 20000 Puffs E-cigarrinho Descart\u00e1vel - Gelo Cola 3\" src=\"https:\/\/alfakher24h.de\/wp-content\/uploads\/2025\/01\/9Magic-Bar-Alpha-20000-scaled.webp\" sizes=\"auto, (max-width: 2560px) 100vw, 2560px\" srcset=\"https:\/\/alfakher24h.de\/wp-content\/uploads\/2025\/01\/9Magic-Bar-Alpha-20000-scaled.webp 2560w, https:\/\/alfakher24h.de\/wp-content\/uploads\/2025\/01\/9Magic-Bar-Alpha-20000-300x300.webp 300w, https:\/\/alfakher24h.de\/wp-content\/uploads\/2025\/01\/9Magic-Bar-Alpha-20000-1024x1024.webp 1024w, https:\/\/alfakher24h.de\/wp-content\/uploads\/2025\/01\/9Magic-Bar-Alpha-20000-150x150.webp 150w, https:\/\/alfakher24h.de\/wp-content\/uploads\/2025\/01\/9Magic-Bar-Alpha-20000-768x768.webp 768w, https:\/\/alfakher24h.de\/wp-content\/uploads\/2025\/01\/9Magic-Bar-Alpha-20000-1536x1536.webp 1536w, https:\/\/alfakher24h.de\/wp-content\/uploads\/2025\/01\/9Magic-Bar-Alpha-20000-2048x2048.webp 2048w, https:\/\/alfakher24h.de\/wp-content\/uploads\/2025\/01\/9Magic-Bar-Alpha-20000-12x12.webp 12w, https:\/\/alfakher24h.de\/wp-content\/uploads\/2025\/01\/9Magic-Bar-Alpha-20000-600x600.webp 600w, https:\/\/alfakher24h.de\/wp-content\/uploads\/2025\/01\/9Magic-Bar-Alpha-20000-100x100.webp 100w\" alt=\"Magic Bar Alpha 20000 Z\u00fcge Einweg E Zigarette - Cola Ice traduzido para Portugu\u00eas:Magic Bar Alpha 20000 Puffs Cigarro Eletr\u00f4nico Descart\u00e1vel - Cola Gelo\" width=\"2560\" height=\"2560\" \/><\/p>\n<h3><strong>Por que voc\u00ea deve comprar o cigarro eletr\u00f4nico descart\u00e1vel Magic Bar Alpha 20000 puffs<\/strong><\/h3>\n<ol>\n<li><strong>Longevidade e desempenho<\/strong>Com uma capacidade de 20.000 tragadas e um E-L\u00edquido de 25 ml, a Magic Bar Alpha \u00e9 uma das e-cigarros descart\u00e1veis mais dur\u00e1veis do mercado. Dessa forma, voc\u00ea desfruta por muito tempo do sabor completo e das tragadas cheias.<\/li>\n<li><strong>Op\u00e7\u00f5es de nicotina vers\u00e1teis<\/strong>: Gra\u00e7as \u00e0s diferentes\u00a0<strong>Sal de nicotina<\/strong>-Com as for\u00e7as (0%, 2%, 3%, 5%) voc\u00ea pode escolher a for\u00e7a de nicotina que atende \u00e0s suas necessidades. Ideal para iniciantes ou vaporizadores experientes que desejam ajustar sua ingest\u00e3o de nicotina.<\/li>\n<li><strong>Sabor de primeira classe<\/strong>: A\u00a0<strong>Cola Ice<\/strong>O sabor \u00e9 uma mistura perfeita de cola e hortel\u00e3, que seduz os seus bot\u00f5es gustativos a cada tragada. Voc\u00ea experimenta a refrescante sensa\u00e7\u00e3o da cola de uma forma nova e emocionante.<\/li>\n<li><strong>Amig\u00e1vel para o usu\u00e1rio<\/strong>: A\u00a0<strong>Magic Bar Alpha<\/strong>\u00a0\u00e9\u00a0<strong>descart\u00e1vel<\/strong>\u00a0e\u00a0<strong>recarreg\u00e1vel<\/strong>o que significa que voc\u00ea n\u00e3o precisa se preocupar com recargas ou configura\u00e7\u00f5es complicadas. Simplesmente ligue e aproveite.<\/li>\n<li><strong>Tamanho compacto<\/strong>Com um tamanho compacto de 40 x 29 x 110 mm e um peso leve de apenas 110g, a Magic Bar Alpha cabe facilmente em qualquer bolso e \u00e9 o companheiro ideal para viagem.<\/li>\n<li><strong>Perfeito para vaporiza\u00e7\u00e3o DTL<\/strong>: O\u00a0<strong>0,5\u03a9 Mesh Coil<\/strong>\u00a0garante uma produ\u00e7\u00e3o de vapor excelente e permite que voc\u00ea aproveite ao m\u00e1ximo o sabor em um\u00a0<strong>Directo ao Pulm\u00e3o<\/strong>\u00a0(DTL) para desfrutar da experi\u00eancia. Ideal para todos que preferem trens a vapor mais intensivos.<\/li>\n<\/ol>\n<h3><strong>Compre Agora Seu Magic Bar Alpha 20000 Puffs E Cigarro Descart\u00e1vel em alfakher24h.de<\/strong><\/h3>\n<p>Se voc\u00ea est\u00e1 procurando por um cigarro eletr\u00f4nico descart\u00e1vel potente, com sabor intenso e f\u00e1cil de usar, ent\u00e3o o\u00a0<strong>Magic Bar Alpha 20000 Z\u00fcge Einweg E Zigarette \nBarra M\u00e1gica Alpha 20000 Puffs Cigarra Eletr\u00f4nica Descart\u00e1vel<\/strong>\u00a0a escolha perfeita. Ordene o seu\u00a0<strong>Magic Bar Alpha<\/strong>\u00a0com\u00a0<strong>Nicotina<\/strong>\u00a0e o popular\u00a0<strong>Cola Ice<\/strong>-Geschmacksrichtung auf unserer Website alfakher24h.de \u2013 der f\u00fchrenden Plattform f\u00fcr den Kauf von \n\ntaste em nosso site alfakher24h.de - a principal plataforma para a compra de\u00a0<strong>Vapes Descart\u00e1veis na Alemanha<\/strong>.<\/p>\n<p>Aproveite da encomenda f\u00e1cil, entrega r\u00e1pida e uma ampla oferta de\u00a0<strong>Cigarros eletr\u00f4nicos<\/strong>\u00a0e\u00a0<strong>E-L\u00edquidos<\/strong>Seja voc\u00ea um experiente vapeador ou um iniciante, aqui voc\u00ea encontra tudo o que precisa para uma experi\u00eancia de vape perfeita. Visite agora alfakher24h.de e experimente o vape definitivo com a\u00a0<strong>Magic Bar Alpha 20000 Z\u00fcge \n\n(Translation not needed for \"Magic Bar Alpha 20000 Z\u00fcge\") <a href=\"https:\/\/alfakher24h.de\/pt\/\">Cigarra Eletr\u00f4nica Descart\u00e1vel<\/a><\/strong>!<\/p>","protected":false},"excerpt":{"rendered":"<p><strong>Magic Bar Alpha<\/strong>\u00a0com\u00a0<strong>Nicotina<\/strong>\u00a0e o popular\u00a0<strong>Cola Ice<\/strong>-Geschmacksrichtung auf unserer Website alfakher24h.de \u2013 der f\u00fchrenden Plattform f\u00fcr den Kauf von \n\ntaste em nosso site alfakher24h.de - a principal plataforma para a compra de\u00a0<strong>Vapes Descart\u00e1veis na Alemanha<\/strong>.<\/p>","protected":false},"featured_media":1565,"comment_status":"open","ping_status":"closed","template":"","meta":{"om_disable_all_campaigns":false},"product_brand":[],"product_cat":[39],"product_tag":[],"class_list":{"0":"post-1564","1":"product","2":"type-product","3":"status-publish","4":"has-post-thumbnail","6":"product_cat-magic-bar-20000","8":"first","9":"instock","10":"shipping-taxable","11":"purchasable","12":"product-type-simple"},"_links":{"self":[{"href":"https:\/\/alfakher24h.de\/pt\/wp-json\/wp\/v2\/product\/1564","targetHints":{"allow":["GET"]}}],"collection":[{"href":"https:\/\/alfakher24h.de\/pt\/wp-json\/wp\/v2\/product"}],"about":[{"href":"https:\/\/alfakher24h.de\/pt\/wp-json\/wp\/v2\/types\/product"}],"replies":[{"embeddable":true,"href":"https:\/\/alfakher24h.de\/pt\/wp-json\/wp\/v2\/comments?post=1564"}],"wp:featuredmedia":[{"embeddable":true,"href":"https:\/\/alfakher24h.de\/pt\/wp-json\/wp\/v2\/media\/1565"}],"wp:attachment":[{"href":"https:\/\/alfakher24h.de\/pt\/wp-json\/wp\/v2\/media?parent=1564"}],"wp:term":[{"taxonomy":"product_brand","embeddable":true,"href":"https:\/\/alfakher24h.de\/pt\/wp-json\/wp\/v2\/product_brand?post=1564"},{"taxonomy":"product_cat","embeddable":true,"href":"https:\/\/alfakher24h.de\/pt\/wp-json\/wp\/v2\/product_cat?post=1564"},{"taxonomy":"product_tag","embeddable":true,"href":"https:\/\/alfakher24h.de\/pt\/wp-json\/wp\/v2\/product_tag?post=1564"}],"curies":[{"name":"wp","href":"https:\/\/api.w.org\/{rel}","templated":true}]}}