{"id":1562,"date":"2025-01-30T05:47:29","date_gmt":"2025-01-30T05:47:29","guid":{"rendered":"https:\/\/alfakher24h.de\/?post_type=product&#038;p=1562"},"modified":"2025-01-30T05:47:30","modified_gmt":"2025-01-30T05:47:30","slug":"magic-bar-alpha-20000-zuege-einweg-e-cigarro-double-apple","status":"publish","type":"product","link":"https:\/\/alfakher24h.de\/pt\/produto\/magic-bar-alpha-20000-zuege-einweg-e-cigarro-double-apple\/","title":{"rendered":"Magic Bar Alpha 20000 Z\u00fcge Einweg E Zigarette \u2013 Double Apple \nBarra M\u00e1gica Alpha 20000 Puffs Cigarro Eletr\u00f4nico Descart\u00e1vel - Ma\u00e7\u00e3 Dupla"},"content":{"rendered":"<h2><strong><img loading=\"lazy\" decoding=\"async\" class=\"alignnone size-full wp-image-1479\" src=\"https:\/\/alfakher24h.de\/wp-content\/uploads\/2025\/01\/8Magic-Bar-Alpha-20000-scaled.webp\" alt=\"\" width=\"2560\" height=\"2560\" title=\"\" srcset=\"https:\/\/alfakher24h.de\/wp-content\/uploads\/2025\/01\/8Magic-Bar-Alpha-20000-scaled.webp 2560w, https:\/\/alfakher24h.de\/wp-content\/uploads\/2025\/01\/8Magic-Bar-Alpha-20000-300x300.webp 300w, https:\/\/alfakher24h.de\/wp-content\/uploads\/2025\/01\/8Magic-Bar-Alpha-20000-1024x1024.webp 1024w, https:\/\/alfakher24h.de\/wp-content\/uploads\/2025\/01\/8Magic-Bar-Alpha-20000-150x150.webp 150w, https:\/\/alfakher24h.de\/wp-content\/uploads\/2025\/01\/8Magic-Bar-Alpha-20000-768x768.webp 768w, https:\/\/alfakher24h.de\/wp-content\/uploads\/2025\/01\/8Magic-Bar-Alpha-20000-1536x1536.webp 1536w, https:\/\/alfakher24h.de\/wp-content\/uploads\/2025\/01\/8Magic-Bar-Alpha-20000-2048x2048.webp 2048w, https:\/\/alfakher24h.de\/wp-content\/uploads\/2025\/01\/8Magic-Bar-Alpha-20000-12x12.webp 12w, https:\/\/alfakher24h.de\/wp-content\/uploads\/2025\/01\/8Magic-Bar-Alpha-20000-600x600.webp 600w, https:\/\/alfakher24h.de\/wp-content\/uploads\/2025\/01\/8Magic-Bar-Alpha-20000-100x100.webp 100w\" sizes=\"auto, (max-width: 2560px) 100vw, 2560px\" \/>Magic Bar Alpha 20000 Z\u00fcge Einweg E Zigarette \u2013 O companheiro ideal para entusiastas de vaporiza\u00e7\u00e3o na Alemanha<\/strong><\/h2>\n<p>No mundo dos cigarros eletr\u00f4nicos descart\u00e1veis, tem-se\u00a0<a href=\"https:\/\/alfakher24h.de\/pt\/\"><strong>Magic Bar Alpha 20000 Z\u00fcge Einweg E Zigarette \nBarra M\u00e1gica Alpha 20000 Puffs Cigarra Eletr\u00f4nica Descart\u00e1vel<\/strong><\/a>\u00a0estabeleceu-se como um dos principais representantes. Com uma tecnologia inovadora, uma capacidade not\u00e1vel de E-Liquid e uma longa vida \u00fatil, representa uma escolha excelente para os amantes de vaporiza\u00e7\u00e3o na Alemanha. Este cigarro eletr\u00f4nico descart\u00e1vel oferece n\u00e3o apenas um manuseio descomplicado, mas tamb\u00e9m uma experi\u00eancia intensa e saborosa para todos que desejam desfrutar do mundo da vaporiza\u00e7\u00e3o sem muito esfor\u00e7o.<\/p>\n<p>Dispon\u00edvel em diferentes n\u00edveis de nicotina (0%, 2%, 3%, 5%) e com uma impressionante capacidade de e-l\u00edquido de 25 ml, oferece a<a href=\"https:\/\/alfakher24h.de\/pt\/\">\u00a0<\/a><strong><a href=\"https:\/\/alfakher24h.de\/pt\/\">Magic Bar<\/a> Alpha<\/strong>\u00a0um prazer inconfund\u00edvel que satisfaz at\u00e9 mesmo os vaporizadores mais exigentes. \u00c9 especialmente digno de nota o fato de que este modelo tem\u00a0<strong>20.000 trens<\/strong>\u00a0disponibiliza - um desempenho que ultrapassa em muito a vida \u00fatil comum de muitos outros cigarros eletr\u00f3nicos descart\u00e1veis.<\/p>\n<h3><strong>Por que o Magic Bar Alpha 20000 Puffs Cigarro Eletr\u00f4nico Descart\u00e1vel \u00e9 a melhor escolha para vapers<\/strong><\/h3>\n<p>A\u00a0<strong>Magic Bar Alpha 20000 Z\u00fcge \n\n(Translation not needed for \"Magic Bar Alpha 20000 Z\u00fcge\") <a href=\"https:\/\/alfakher24h.de\/pt\/\">Cigarra Eletr\u00f4nica Descart\u00e1vel<\/a><\/strong><a href=\"https:\/\/alfakher24h.de\/pt\/\">\u00a0<\/a>\u00e9 uma verdadeira obra-prima da t\u00e9cnica. Oferece uma experi\u00eancia de vapor perfeita e pontua com sua facilidade de uso e funcionamento poderoso. Aqui est\u00e1 por que este produto pode ser a melhor escolha para voc\u00ea:<\/p>\n<h4><strong>Caracter\u00edsticas t\u00e9cnicas da Magic Bar Alpha<\/strong><\/h4>\n<ul>\n<li><strong>Trens<\/strong>: 20.000 tragadas \u2013 Perfeito para um prazer prolongado sem trocas frequentes.<\/li>\n<li><strong>Sal de Nicotina<\/strong>Dispon\u00edvel nas variantes 0%, 2%, 3% e 5%, o que lhe d\u00e1 a possibilidade de escolher o teor de nicotina de acordo com as suas prefer\u00eancias.<\/li>\n<li><strong>Capacidade de E-L\u00edquido<\/strong>: 25 ml \u2013 Garante uma vida \u00fatil mais longa para o cigarro eletr\u00f4nico sem necessidade de reabastecimento frequente.<\/li>\n<li><strong>Bateria<\/strong>: 650 mAh recarreg\u00e1vel - Energia suficiente para todo o ciclo de vida do cigarro eletr\u00f4nico.<\/li>\n<li><strong>Bobina<\/strong>: Bobina Mesh 0,5 \u03a9 - Para um transporte \u00f3ptimo de vapor e sabor.<\/li>\n<li><strong>Tamanho<\/strong>: Medidas compactas de 40 x 29 x 110 mm - Ideal para transporte f\u00e1cil e vaporiza\u00e7\u00e3o discreta.<\/li>\n<li><strong>Peso<\/strong>: Apenas 110 g - Leve e confort\u00e1vel no manuseio.<\/li>\n<\/ul>\n<p>Com todas essas fun\u00e7\u00f5es, a\u00a0<strong>Magic Bar Alpha<\/strong>\u00a0N\u00e3o apenas um design moderno, mas tamb\u00e9m um desempenho impressionante que permite que voc\u00ea aproveite ao m\u00e1ximo cada tragada. Perfeito para todos que procuram uma experi\u00eancia de vaporiza\u00e7\u00e3o aut\u00eantica e duradoura.<\/p>\n<h3><strong>Sabores da Magic Bar Alpha 20000 Puffs Cigarro Eletr\u00f4nico Descart\u00e1vel: Uma Experi\u00eancia de Prazer Extraordin\u00e1ria<\/strong><\/h3>\n<p>A\u00a0<strong>Magic Bar Alpha<\/strong>\u00a0existe em uma variedade de sabores, que oferecem algo para cada vapeador. O foco aqui est\u00e1 em sabores intensos e naturais que se destacam plenamente com cada tragada. \u00c9 especialmente digno de nota o\u00a0<strong>Double Apple<\/strong>\u00a0Sabor - uma combina\u00e7\u00e3o de ma\u00e7\u00e3 doce e refrescante que entusiasma at\u00e9 os paladares mais exigentes.<\/p>\n<h4><strong>Sabor de Ma\u00e7\u00e3 Dupla<\/strong><\/h4>\n<p>O\u00a0<strong>Double Apple<\/strong>\u00a0O sabor da Magic Bar Alpha \u00e9 uma verdadeira obra-prima de aromas. Ele combina duas variedades de ma\u00e7\u00e3 diferentes, que juntas criam uma experi\u00eancia incrivelmente harmoniosa e refrescante. A primeira ma\u00e7\u00e3 oferece uma do\u00e7ura agrad\u00e1vel, enquanto a segunda ma\u00e7\u00e3, com uma nota ligeiramente \u00e1cida, proporciona o impulso necess\u00e1rio. Essa mistura proporciona uma experi\u00eancia de sabor intensa, mas ao mesmo tempo equilibrada, que \u00e9 perfeita para toda a sess\u00e3o de vaporiza\u00e7\u00e3o.<\/p>\n<p>O\u00a0<strong>Double Apple<\/strong>\u00a0O sabor n\u00e3o \u00e9 apenas um prazer para as papilas gustativas, mas tamb\u00e9m para os sentidos. O aroma arom\u00e1tico da ma\u00e7\u00e3 confere a cada tragada uma frescura agrad\u00e1vel e torna o vape um verdadeiro prazer. Para os vapers que preferem sabores frutados e frescos, este sabor \u00e9 uma obriga\u00e7\u00e3o.<\/p>\n<h4><strong>Mais sabores para todos os gostos<\/strong><\/h4>\n<p>Al\u00e9m do cl\u00e1ssico\u00a0<strong>Double Apple<\/strong>\u00a0A Magic Bar Alpha tamb\u00e9m oferece uma variedade de outros sabores que voc\u00ea pode experimentar ao seu gosto. Cada um desses sabores \u00e9 elaborado com o maior cuidado para proporcionar uma experi\u00eancia de sabor intensa e aut\u00eantica.<\/p>\n<ul>\n<li><strong>Mentol e Gelo<\/strong>: Para quem ama frescura e calma.<\/li>\n<li><strong>Mirtilo<\/strong>: Doce e suculenta mirtilo para o prazer frutado.<\/li>\n<li><strong>Mel\u00e3o<\/strong>Um sabor refrescante e doce de melancia, perfeito para dias quentes de ver\u00e3o.<\/li>\n<li><strong>Lush Ice<\/strong>Uma mistura de frutas doces e um toque de frescor mentolado que refresca o paladar.<\/li>\n<\/ul>\n<h3><strong>Por que voc\u00ea deve comprar o Magic Bar Alpha 20000 puffs cigarro eletr\u00f4nico descart\u00e1vel na alfakher24h.de?<\/strong><\/h3>\n<p>Como plataforma l\u00edder para a compra de\u00a0<a href=\"https:\/\/alfakher24h.de\/pt\/\"><strong>Cigarros eletr\u00f4nicos descart\u00e1veis<\/strong><\/a> Em Alemanha, a alfakher24h.de oferece uma ampla sele\u00e7\u00e3o de produtos de alta qualidade\u00a0<strong>Vapes Descart\u00e1veis<\/strong>que s\u00e3o insuper\u00e1veis em termos de sabor, qualidade e durabilidade. Se voc\u00ea est\u00e1 procurando por uma op\u00e7\u00e3o de primeira classe\u00a0<strong>Magic Bar Alpha 20000 Z\u00fcge Einweg E Zigarette \nBarra M\u00e1gica Alpha 20000 Puffs Cigarra Eletr\u00f4nica Descart\u00e1vel<\/strong>\u00a0Se voc\u00ea \u00e9 um deles, ent\u00e3o est\u00e1 no lugar certo. Nossos produtos se destacam por servi\u00e7o excelente, entrega r\u00e1pida e uma experi\u00eancia de compra amig\u00e1vel.<\/p>\n<h4><strong>Por que alfakher24h.de?<\/strong><\/h4>\n<ul>\n<li><strong>Grande sele\u00e7\u00e3o<\/strong>: Como a maior plataforma para\u00a0<strong>Cigarros eletr\u00f4nicos descart\u00e1veis<\/strong>\u00a0Na Alemanha, oferecemos uma ampla sele\u00e7\u00e3o das melhores marcas e modelos.<\/li>\n<li><strong>Compra confort\u00e1vel<\/strong>: Conosco voc\u00ea pode muito simplesmente\u00a0<strong>Comprar vaporizadores<\/strong>com apenas alguns cliques e pagamento seguro.<\/li>\n<li><strong>Atendimento ao Cliente<\/strong>Nossa equipe de suporte amig\u00e1vel e competente est\u00e1 sempre \u00e0 sua disposi\u00e7\u00e3o.<\/li>\n<li><strong>Entrega r\u00e1pida<\/strong>Entregamos os seus produtos de forma r\u00e1pida e fi\u00e1vel em sua casa.<\/li>\n<\/ul>\n<p><img loading=\"lazy\" decoding=\"async\" class=\"alignnone wp-image-1774 size-full\" title=\"Magic Bar Alpha 20000 Z\u00fcge Einweg E Zigarette - Double Apple 3 (Magic Bar Alpha 20000 trag\u00e1veis cigarros eletr\u00f4nicos descart\u00e1veis - Ma\u00e7\u00e3 Dupla 3) becomes Magic Bar Alpha 20000 Z\u00fcge Einweg E Zigarette - Double Apple 3\" src=\"https:\/\/alfakher24h.de\/wp-content\/uploads\/2025\/01\/9Magic-Bar-Alpha-20000-scaled.webp\" sizes=\"auto, (max-width: 2560px) 100vw, 2560px\" srcset=\"https:\/\/alfakher24h.de\/wp-content\/uploads\/2025\/01\/9Magic-Bar-Alpha-20000-scaled.webp 2560w, https:\/\/alfakher24h.de\/wp-content\/uploads\/2025\/01\/9Magic-Bar-Alpha-20000-300x300.webp 300w, https:\/\/alfakher24h.de\/wp-content\/uploads\/2025\/01\/9Magic-Bar-Alpha-20000-1024x1024.webp 1024w, https:\/\/alfakher24h.de\/wp-content\/uploads\/2025\/01\/9Magic-Bar-Alpha-20000-150x150.webp 150w, https:\/\/alfakher24h.de\/wp-content\/uploads\/2025\/01\/9Magic-Bar-Alpha-20000-768x768.webp 768w, https:\/\/alfakher24h.de\/wp-content\/uploads\/2025\/01\/9Magic-Bar-Alpha-20000-1536x1536.webp 1536w, https:\/\/alfakher24h.de\/wp-content\/uploads\/2025\/01\/9Magic-Bar-Alpha-20000-2048x2048.webp 2048w, https:\/\/alfakher24h.de\/wp-content\/uploads\/2025\/01\/9Magic-Bar-Alpha-20000-12x12.webp 12w, https:\/\/alfakher24h.de\/wp-content\/uploads\/2025\/01\/9Magic-Bar-Alpha-20000-600x600.webp 600w, https:\/\/alfakher24h.de\/wp-content\/uploads\/2025\/01\/9Magic-Bar-Alpha-20000-100x100.webp 100w\" alt=\"Magic Bar Alpha 20000 Z\u00fcge Einweg E Zigarette - Double Apple traduz-se para Magic Bar Alpha 20000 Puffs E Cigarette Descart\u00e1vel - Double Apple\" width=\"2560\" height=\"2560\" \/><\/p>\n<h3><strong>Conclus\u00e3o<\/strong><\/h3>\n<p>A\u00a0<strong>Magic Bar Alpha 20000 Z\u00fcge Einweg E Zigarette \nBarra M\u00e1gica Alpha 20000 Puffs Cigarra Eletr\u00f4nica Descart\u00e1vel<\/strong>\u00a0\u00e9 a escolha perfeita para todos que procuram um cigarro eletr\u00f4nico potente e f\u00e1cil de usar. Com uma capacidade impressionante de l\u00edquido eletr\u00f4nico, v\u00e1rias intensidades de nicotina e uma sele\u00e7\u00e3o de sabores deliciosos como o\u00a0<strong>Double Apple<\/strong>\u00a0Essa \u00e9 a solu\u00e7\u00e3o ideal para os vapers na Alemanha.<\/p>\n<p>Perca a oportunidade de aprimorar a sua\u00a0<strong>Magic Bar Alpha<\/strong> bei <a href=\"https:\/\/alfakher24h.de\/pt\/\">alfakher24h.de<\/a> para comprar, a maior loja online para <strong>Vapes Descart\u00e1veis<\/strong>\u00a0na Alemanha.\u00a0<strong>Compre hoje mesmo e desfrute do melhor sabor!<\/strong><\/p>","protected":false},"excerpt":{"rendered":"<p><strong>Magic Bar Alpha<\/strong> bei <a href=\"https:\/\/alfakher24h.de\/pt\/\">alfakher24h.de<\/a> para comprar, a maior loja online para <strong>Vapes Descart\u00e1veis<\/strong>\u00a0na Alemanha.\u00a0<strong>Compre hoje mesmo e desfrute do melhor sabor!<\/strong><\/p>","protected":false},"featured_media":1563,"comment_status":"open","ping_status":"closed","template":"","meta":{"om_disable_all_campaigns":false},"product_brand":[],"product_cat":[39],"product_tag":[],"class_list":{"0":"post-1562","1":"product","2":"type-product","3":"status-publish","4":"has-post-thumbnail","6":"product_cat-magic-bar-20000","8":"first","9":"instock","10":"shipping-taxable","11":"purchasable","12":"product-type-simple"},"_links":{"self":[{"href":"https:\/\/alfakher24h.de\/pt\/wp-json\/wp\/v2\/product\/1562","targetHints":{"allow":["GET"]}}],"collection":[{"href":"https:\/\/alfakher24h.de\/pt\/wp-json\/wp\/v2\/product"}],"about":[{"href":"https:\/\/alfakher24h.de\/pt\/wp-json\/wp\/v2\/types\/product"}],"replies":[{"embeddable":true,"href":"https:\/\/alfakher24h.de\/pt\/wp-json\/wp\/v2\/comments?post=1562"}],"wp:featuredmedia":[{"embeddable":true,"href":"https:\/\/alfakher24h.de\/pt\/wp-json\/wp\/v2\/media\/1563"}],"wp:attachment":[{"href":"https:\/\/alfakher24h.de\/pt\/wp-json\/wp\/v2\/media?parent=1562"}],"wp:term":[{"taxonomy":"product_brand","embeddable":true,"href":"https:\/\/alfakher24h.de\/pt\/wp-json\/wp\/v2\/product_brand?post=1562"},{"taxonomy":"product_cat","embeddable":true,"href":"https:\/\/alfakher24h.de\/pt\/wp-json\/wp\/v2\/product_cat?post=1562"},{"taxonomy":"product_tag","embeddable":true,"href":"https:\/\/alfakher24h.de\/pt\/wp-json\/wp\/v2\/product_tag?post=1562"}],"curies":[{"name":"wp","href":"https:\/\/api.w.org\/{rel}","templated":true}]}}