{"id":1558,"date":"2025-01-30T05:37:09","date_gmt":"2025-01-30T05:37:09","guid":{"rendered":"https:\/\/alfakher24h.de\/?post_type=product&#038;p=1558"},"modified":"2025-01-30T05:38:10","modified_gmt":"2025-01-30T05:38:10","slug":"magic-bar-alpha-20000-zuege-einweg-e-cigarette-lady-killer","status":"publish","type":"product","link":"https:\/\/alfakher24h.de\/pt\/produto\/magic-bar-alpha-20000-zuege-einweg-e-cigarette-lady-killer\/","title":{"rendered":"Magic Bar Alpha 20000 Z\u00fcge Einweg E Zigarette \u2013 Lady Killer \nBarra M\u00e1gica Alpha 20000 Puffs Cigarro Eletr\u00f4nico Descart\u00e1vel - Lady Killer"},"content":{"rendered":"<h2><img loading=\"lazy\" decoding=\"async\" class=\"alignnone size-full wp-image-1471\" src=\"https:\/\/alfakher24h.de\/wp-content\/uploads\/2025\/01\/3Magic-Bar-Alpha-20000-scaled.webp\" alt=\"\" width=\"2560\" height=\"2560\" title=\"\" srcset=\"https:\/\/alfakher24h.de\/wp-content\/uploads\/2025\/01\/3Magic-Bar-Alpha-20000-scaled.webp 2560w, https:\/\/alfakher24h.de\/wp-content\/uploads\/2025\/01\/3Magic-Bar-Alpha-20000-300x300.webp 300w, https:\/\/alfakher24h.de\/wp-content\/uploads\/2025\/01\/3Magic-Bar-Alpha-20000-1024x1024.webp 1024w, https:\/\/alfakher24h.de\/wp-content\/uploads\/2025\/01\/3Magic-Bar-Alpha-20000-150x150.webp 150w, https:\/\/alfakher24h.de\/wp-content\/uploads\/2025\/01\/3Magic-Bar-Alpha-20000-768x768.webp 768w, https:\/\/alfakher24h.de\/wp-content\/uploads\/2025\/01\/3Magic-Bar-Alpha-20000-1536x1536.webp 1536w, https:\/\/alfakher24h.de\/wp-content\/uploads\/2025\/01\/3Magic-Bar-Alpha-20000-2048x2048.webp 2048w, https:\/\/alfakher24h.de\/wp-content\/uploads\/2025\/01\/3Magic-Bar-Alpha-20000-12x12.webp 12w, https:\/\/alfakher24h.de\/wp-content\/uploads\/2025\/01\/3Magic-Bar-Alpha-20000-600x600.webp 600w, https:\/\/alfakher24h.de\/wp-content\/uploads\/2025\/01\/3Magic-Bar-Alpha-20000-100x100.webp 100w\" sizes=\"auto, (max-width: 2560px) 100vw, 2560px\" \/><\/h2>\n<h2><strong>Magic Bar Alpha 20K\u00a0Einweg E Zigarette \u2013 20000 Z\u00fcge mit Nikotin: A escolha perfeita para vapers na Alemanha<\/strong><\/h2>\n<p>Bem-vindo ao mundo do Magic Bar Alpha 20K, um cigarro eletr\u00f4nico descart\u00e1vel que representa uma das melhores op\u00e7\u00f5es para os vapers na Alemanha. Este cigarro eletr\u00f4nico descart\u00e1vel oferece n\u00e3o apenas uma longa vida \u00fatil de at\u00e9 20.000 tragadas, mas tamb\u00e9m uma variedade excepcional de sabores e uma opera\u00e7\u00e3o f\u00e1cil de usar. Se voc\u00ea est\u00e1 procurando por um novo cigarro eletr\u00f4nico pr\u00e1tico, potente e f\u00e1cil de usar, o Magic Bar Alpha 20K \u00e9 a escolha perfeita. Descubra as vantagens e a diversidade de aromas deste inovador cigarro eletr\u00f4nico descart\u00e1vel.<\/p>\n<p><strong>Descri\u00e7\u00e3o do produto:<\/strong><\/p>\n<p>A Magic Bar Alpha 20K, cigarro eletr\u00f4nico descart\u00e1vel, \u00e9 a \u00faltima inova\u00e7\u00e3o no mercado de vaporizadores descart\u00e1veis. Ela combina alta pot\u00eancia, tecnologia moderna e uma experi\u00eancia de vaporiza\u00e7\u00e3o incompar\u00e1vel em um dispositivo pr\u00e1tico. Com 20.000 tragadas e uma quantidade de 25 ml de e-l\u00edquido, este cigarro eletr\u00f4nico \u00e9 perfeitamente adequado para uso di\u00e1rio. Voc\u00ea pode lev\u00e1-lo para qualquer lugar e n\u00e3o precisa se preocupar com recargas ou configura\u00e7\u00f5es complicadas. A Magic Bar Alpha 20K est\u00e1 pronta para uso assim que voc\u00ea a retira da embalagem e oferece uma experi\u00eancia de vaporiza\u00e7\u00e3o confi\u00e1vel sem complica\u00e7\u00f5es.<\/p>\n<p>O uso de sal de nicotina na Magic Bar Alpha proporciona uma inala\u00e7\u00e3o particularmente suave, enquanto a experi\u00eancia de vaporiza\u00e7\u00e3o permanece muito intensa. Com as op\u00e7\u00f5es de 0,1%, 0,2%, 0,3% e 0,5% de nicotina, voc\u00ea pode escolher o teor de nicotina ideal para si e personalizar sua experi\u00eancia de vaporiza\u00e7\u00e3o. Gra\u00e7as \u00e0 bateria de 650 mAh, que pode ser carregada atrav\u00e9s de um cabo de carregamento USB-C, voc\u00ea pode usar o cigarro eletr\u00f4nico por muitas horas sem se preocupar com a descarga.<\/p>\n<p>A Magic Bar Alpha 20K oferece uma experi\u00eancia real de MTL (boca para pulm\u00e3o) e DTL (direto para pulm\u00e3o). Isso significa que voc\u00ea tem a flexibilidade de fazer uma tragada suave pela boca ou inalar diretamente para os pulm\u00f5es, dependendo de sua prefer\u00eancia pessoal.<\/p>\n<h3><strong>Principais caracter\u00edsticas do Magic Bar Alpha 20K cigarro eletr\u00f4nico descart\u00e1vel:<\/strong><\/h3>\n<ul>\n<li><strong>20000 trens:<\/strong>\u00a0Com uma capacidade de at\u00e9 20.000 tragadas, a Magic Bar Alpha 20K oferece uma vida \u00fatil excepcional e um longo per\u00edodo de uso.<\/li>\n<li><strong>Op\u00e7\u00f5es de nicotina:<\/strong>\u00a0A Magic Bar Alpha 20K est\u00e1 dispon\u00edvel nas variantes 0%, 2%, 3% e 5% de nicotina, permitindo que voc\u00ea escolha o teor de nicotina de acordo com suas prefer\u00eancias individuais.<\/li>\n<li><strong>Grande capacidade de E-Liquid:<\/strong>\u00a0Com um tanque generoso de 25 ml de e-l\u00edquido, voc\u00ea pode usar o seu Magic Bar Alpha 20K por um per\u00edodo mais longo de tempo antes de precisar substitu\u00ed-lo.<\/li>\n<li><strong>Bateria de longa dura\u00e7\u00e3o:<\/strong>\u00a0A bateria de 650 mAh garante uma experi\u00eancia prolongada de vapor e \u00e9 f\u00e1cil de carregar gra\u00e7as ao carregamento pr\u00e1tico via USB-C.<\/li>\n<li><strong>Tecnologia de bobina:<\/strong>\u00a0A bobina Mesh de 0,5 \u03a9 garante uma produ\u00e7\u00e3o de vapor uniforme e excelente, que destaca perfeitamente o sabor do E-Liquid.<\/li>\n<li><strong>Tamanho compacto:<\/strong>\u00a0Com dimens\u00f5es compactas de 40 x 29 x 110 mm e um peso de apenas 110 g, a Magic Bar Alpha 20K \u00e9 leve e f\u00e1cil de manusear, ideal para uso di\u00e1rio.<\/li>\n<li><strong>Diferentes sabores:<\/strong>\u00a0Aproveite a diversidade de sabores, incluindo o popular sabor \"Lady Killer\", e encontre o seu aroma favorito.<\/li>\n<\/ul>\n<h3><strong>Por que voc\u00ea deve comprar o Magic Bar Alpha 20K?<\/strong><\/h3>\n<p>A Magic Bar Alpha 20K, cigarra eletr\u00f4nica descart\u00e1vel, destaca-se por sua not\u00e1vel facilidade de uso e tecnologia de primeira classe em rela\u00e7\u00e3o a outros produtos do mercado. \u00c9 perfeita para todos que procuram uma cigarra eletr\u00f4nica simples, potente e de alta qualidade. Ao contr\u00e1rio das cigarros eletr\u00f4nicos tradicionais, voc\u00ea n\u00e3o precisa se preocupar em reabastecer ou configura\u00e7\u00f5es complicadas. Voc\u00ea pode come\u00e7ar a vaporizar imediatamente e desfrutar da experi\u00eancia excepcional de vaporiza\u00e7\u00e3o. A alta quantidade de 20.000 tragadas garante uma longa dura\u00e7\u00e3o de uso, e o grande tanque de e-l\u00edquido garante que voc\u00ea possa vaporizar por mais tempo sem precisar trocar ou reabastecer o dispositivo.<\/p>\n<p>Um outro grande benef\u00edcio do Magic Bar Alpha 20K \u00e9 a alta flexibilidade na escolha do teor de nicotina. Se voc\u00ea est\u00e1 procurando por uma op\u00e7\u00e3o sem nicotina ou prefere uma for\u00e7a de nicotina moderada a alta, aqui voc\u00ea encontra a escolha certa. O sal de nicotina proporciona uma experi\u00eancia de vaporiza\u00e7\u00e3o suave e uma r\u00e1pida absor\u00e7\u00e3o de nicotina, sem irritar a garganta. Com uma op\u00e7\u00e3o DTL e MTL, voc\u00ea pode desfrutar do vaporiza\u00e7\u00e3o de acordo com o seu gosto pessoal.<\/p>\n<p>A Magic Bar Alpha 20K cigarreira descart\u00e1vel e-cigarro n\u00e3o \u00e9 apenas uma escolha excelente para vapers, mas tamb\u00e9m uma op\u00e7\u00e3o pr\u00e1tica para uso em movimento. Seu tamanho compacto e manuseio simples a tornam ideal para uso di\u00e1rio e para vapers que procuram uma solu\u00e7\u00e3o confi\u00e1vel e port\u00e1til.<\/p>\n<p><img loading=\"lazy\" decoding=\"async\" class=\"alignnone wp-image-1774 size-full\" title=\"Magic Bar Alpha 20000 Z\u00fcge Einweg E Zigarette - Lady Killer 3\" src=\"https:\/\/alfakher24h.de\/wp-content\/uploads\/2025\/01\/9Magic-Bar-Alpha-20000-scaled.webp\" sizes=\"auto, (max-width: 2560px) 100vw, 2560px\" srcset=\"https:\/\/alfakher24h.de\/wp-content\/uploads\/2025\/01\/9Magic-Bar-Alpha-20000-scaled.webp 2560w, https:\/\/alfakher24h.de\/wp-content\/uploads\/2025\/01\/9Magic-Bar-Alpha-20000-300x300.webp 300w, https:\/\/alfakher24h.de\/wp-content\/uploads\/2025\/01\/9Magic-Bar-Alpha-20000-1024x1024.webp 1024w, https:\/\/alfakher24h.de\/wp-content\/uploads\/2025\/01\/9Magic-Bar-Alpha-20000-150x150.webp 150w, https:\/\/alfakher24h.de\/wp-content\/uploads\/2025\/01\/9Magic-Bar-Alpha-20000-768x768.webp 768w, https:\/\/alfakher24h.de\/wp-content\/uploads\/2025\/01\/9Magic-Bar-Alpha-20000-1536x1536.webp 1536w, https:\/\/alfakher24h.de\/wp-content\/uploads\/2025\/01\/9Magic-Bar-Alpha-20000-2048x2048.webp 2048w, https:\/\/alfakher24h.de\/wp-content\/uploads\/2025\/01\/9Magic-Bar-Alpha-20000-12x12.webp 12w, https:\/\/alfakher24h.de\/wp-content\/uploads\/2025\/01\/9Magic-Bar-Alpha-20000-600x600.webp 600w, https:\/\/alfakher24h.de\/wp-content\/uploads\/2025\/01\/9Magic-Bar-Alpha-20000-100x100.webp 100w\" alt=\"Magic Bar Alpha 20000 Z\u00fcge Einweg E Zigarette - Lady Killer Barra M\u00e1gica Alpha 20000 Puffs Cigarro Eletr\u00f4nico Descart\u00e1vel - Lady Killer\" width=\"2560\" height=\"2560\" \/><\/p>\n<h3><strong>Geschmacksrichtungen der Magic Bar Alpha 20K:\n \n(keine \u00dcbersetzung erforderlich, da es sich um ein Produkt und dessen Eigenschaften handelt)\n\nGeschmacksrichtungen der Magic Bar Alpha 20K:<\/strong><\/h3>\n<p><strong>Lady Killer<\/strong><br \/>\nO sabor \"Lady Killer\" \u00e9 uma experi\u00eancia distinta para os sentidos. Este sabor combina frutas frescas e aromas doces em uma mistura \u00fanica que imita perfeitamente o sabor de frutas tropicais. Imagine uma mistura suculenta de mangos maduros, abacaxis ex\u00f3ticos e um toque de p\u00eassego, reunidos em um vapor refrescante. O sabor \u00e9 perfeitamente equilibrado, n\u00e3o muito doce, mas ainda intenso e satisfat\u00f3rio. O sabor \"Lady Killer\" deixa um agrad\u00e1vel e duradouro retrogosto que deixa vontade de mais. Se voc\u00ea ama aromas tropicais, vai gostar dessa op\u00e7\u00e3o de sabor. O \"Lady Killer\" oferece uma mistura perfeita de frescor e frutividade que voc\u00ea pode desfrutar em cada tragada.<\/p>\n<p>Este sabor \u00e9 perfeito para vapers que procuram uma experi\u00eancia ex\u00f3tica e frutada para acompanhar em cada pausa para fumar. Seja voc\u00ea um vaper experiente ou um novato, o sabor \"Lady Killer\" oferece uma op\u00e7\u00e3o agrad\u00e1vel e refrescante que leva sua experi\u00eancia de vaporiza\u00e7\u00e3o para o pr\u00f3ximo n\u00edvel.<\/p>\n<h3><strong>Compre agora o Magic Bar Alpha 20K Cigarro Eletr\u00f4nico Descart\u00e1vel!<\/strong><\/h3>\n<p>N\u00e3o perca a oportunidade de experimentar o Magic Bar Alpha 20K, cigarro eletr\u00f4nico descart\u00e1vel!  Em alfakher24h.de oferecemos-lhe as melhores ofertas e acesso exclusivo a este cigarro eletr\u00f4nico de alta qualidade. Tenha a certeza de que ir\u00e1 obter os produtos originais a pre\u00e7os justos. Fa\u00e7a o seu pedido agora e desfrute de uma experi\u00eancia de vaporiza\u00e7\u00e3o incompar\u00e1vel que excede as suas expectativas!<\/p>\n<h4><strong>Conclus\u00e3o:<\/strong><\/h4>\n<p>A Magic Bar Alpha 20K cigarra eletr\u00f3nica descart\u00e1vel oferece aos vapers na Alemanha uma experi\u00eancia de vaporiza\u00e7\u00e3o excepcional com uma ampla sele\u00e7\u00e3o de op\u00e7\u00f5es de nicotina, um alto n\u00famero de tragadas e um manuseio simples. Com a possibilidade de desfrutar de uma variedade de sabores deliciosos, essa cigarra eletr\u00f3nica \u00e9 a escolha ideal para todos os vapers. N\u00e3o espere mais e encomende hoje mesmo a sua Magic Bar Alpha 20K na alfakher24h.de!<\/p>","protected":false},"excerpt":{"rendered":"<p>Magic Bar Alpha 20K Einweg E Zigarette oferece aos vapers na Alemanha uma experi\u00eancia de vaporiza\u00e7\u00e3o excepcional com uma ampla sele\u00e7\u00e3o de op\u00e7\u00f5es de nicotina,<\/p>","protected":false},"featured_media":1559,"comment_status":"open","ping_status":"closed","template":"","meta":{"om_disable_all_campaigns":false},"product_brand":[],"product_cat":[39],"product_tag":[],"class_list":{"0":"post-1558","1":"product","2":"type-product","3":"status-publish","4":"has-post-thumbnail","6":"product_cat-magic-bar-20000","8":"first","9":"instock","10":"shipping-taxable","11":"purchasable","12":"product-type-simple"},"_links":{"self":[{"href":"https:\/\/alfakher24h.de\/pt\/wp-json\/wp\/v2\/product\/1558","targetHints":{"allow":["GET"]}}],"collection":[{"href":"https:\/\/alfakher24h.de\/pt\/wp-json\/wp\/v2\/product"}],"about":[{"href":"https:\/\/alfakher24h.de\/pt\/wp-json\/wp\/v2\/types\/product"}],"replies":[{"embeddable":true,"href":"https:\/\/alfakher24h.de\/pt\/wp-json\/wp\/v2\/comments?post=1558"}],"wp:featuredmedia":[{"embeddable":true,"href":"https:\/\/alfakher24h.de\/pt\/wp-json\/wp\/v2\/media\/1559"}],"wp:attachment":[{"href":"https:\/\/alfakher24h.de\/pt\/wp-json\/wp\/v2\/media?parent=1558"}],"wp:term":[{"taxonomy":"product_brand","embeddable":true,"href":"https:\/\/alfakher24h.de\/pt\/wp-json\/wp\/v2\/product_brand?post=1558"},{"taxonomy":"product_cat","embeddable":true,"href":"https:\/\/alfakher24h.de\/pt\/wp-json\/wp\/v2\/product_cat?post=1558"},{"taxonomy":"product_tag","embeddable":true,"href":"https:\/\/alfakher24h.de\/pt\/wp-json\/wp\/v2\/product_tag?post=1558"}],"curies":[{"name":"wp","href":"https:\/\/api.w.org\/{rel}","templated":true}]}}