{"id":1472,"date":"2025-01-10T06:59:58","date_gmt":"2025-01-10T06:59:58","guid":{"rendered":"https:\/\/alfakher24h.de\/?post_type=product&#038;p=1472"},"modified":"2025-01-10T07:02:28","modified_gmt":"2025-01-10T07:02:28","slug":"barra-magica-alfa-20000-baforadas-descartaveis-e-cigarro-melancia-chiclete","status":"publish","type":"product","link":"https:\/\/alfakher24h.de\/pt\/produto\/barra-magica-alfa-20000-baforadas-descartaveis-e-cigarro-melancia-chiclete\/","title":{"rendered":"Magic Bar Alpha 20000 Z\u00fcge Einweg E Zigarette \u2013 Melancia Goma de Bolha"},"content":{"rendered":"<h2><img loading=\"lazy\" decoding=\"async\" class=\"alignnone size-full wp-image-1473\" src=\"https:\/\/alfakher24h.de\/wp-content\/uploads\/2025\/01\/7Magic-Bar-Alpha-20000-scaled.webp\" alt=\"Magic-Bar-Alpha-20000.\" width=\"2560\" height=\"2560\" title=\"\" srcset=\"https:\/\/alfakher24h.de\/wp-content\/uploads\/2025\/01\/7Magic-Bar-Alpha-20000-scaled.webp 2560w, https:\/\/alfakher24h.de\/wp-content\/uploads\/2025\/01\/7Magic-Bar-Alpha-20000-300x300.webp 300w, https:\/\/alfakher24h.de\/wp-content\/uploads\/2025\/01\/7Magic-Bar-Alpha-20000-1024x1024.webp 1024w, https:\/\/alfakher24h.de\/wp-content\/uploads\/2025\/01\/7Magic-Bar-Alpha-20000-150x150.webp 150w, https:\/\/alfakher24h.de\/wp-content\/uploads\/2025\/01\/7Magic-Bar-Alpha-20000-768x768.webp 768w, https:\/\/alfakher24h.de\/wp-content\/uploads\/2025\/01\/7Magic-Bar-Alpha-20000-1536x1536.webp 1536w, https:\/\/alfakher24h.de\/wp-content\/uploads\/2025\/01\/7Magic-Bar-Alpha-20000-2048x2048.webp 2048w, https:\/\/alfakher24h.de\/wp-content\/uploads\/2025\/01\/7Magic-Bar-Alpha-20000-12x12.webp 12w, https:\/\/alfakher24h.de\/wp-content\/uploads\/2025\/01\/7Magic-Bar-Alpha-20000-600x600.webp 600w, https:\/\/alfakher24h.de\/wp-content\/uploads\/2025\/01\/7Magic-Bar-Alpha-20000-100x100.webp 100w\" sizes=\"auto, (max-width: 2560px) 100vw, 2560px\" \/><\/h2>\n<h2>Magic Bar Alpha 20000 Z\u00fcge Einweg E Zigarette: A escolha perfeita para entusiastas de vape na Alemanha<\/h2>\n<p>A\u00a0<a href=\"https:\/\/alfakher24h.de\/pt\/\"><strong>Magic Bar Alpha 20000 Z\u00fcge Einweg E Zigarette \nBarra M\u00e1gica Alpha 20000 Puffs Cigarra Eletr\u00f4nica Descart\u00e1vel<\/strong>\u00a0<\/a>Oferece uma experi\u00eancia de vaporiza\u00e7\u00e3o incompar\u00e1vel com uma capacidade impressionante de at\u00e9 20.000 tragadas. Desenvolvido para todos que buscam tanto uma experi\u00eancia de sabor de primeira classe quanto uma aplica\u00e7\u00e3o pr\u00e1tica e confort\u00e1vel, este produto de alta qualidade re\u00fane tudo o que se deseja de um cigarro eletr\u00f4nico moderno. Ideal tanto para iniciantes quanto para vaporizadores experientes, a Magic Bar Alpha 20k representa um verdadeiro avan\u00e7o no setor de cigarros eletr\u00f4nicos descart\u00e1veis.<\/p>\n<p>Em alfakher24h.de voc\u00ea pode comprar este not\u00e1vel cigarro eletr\u00f4nico diretamente online e se beneficiar de uma entrega r\u00e1pida e dos melhores pre\u00e7os. Somos a plataforma l\u00edder da Alemanha para<a href=\"https:\/\/alfakher24h.de\/pt\/\">\u00a0<strong>E-Zigarettes descart\u00e1veis<\/strong><\/a>\u00a0e oferecemos a maior sele\u00e7\u00e3o de produtos para todas as necessidades de vape.<\/p>\n<h3>Por que escolher o Magic Bar Alpha 20000 Puffs Cigarro Eletr\u00f4nico Descart\u00e1vel<\/h3>\n<h4>1.\u00a0<strong>Excelente n\u00famero de trens de 20.000 trens<\/strong><\/h4>\n<p>Com a Magic Bar Alpha 20k voc\u00ea recebe\u00a0<strong>at\u00e9 20.000 trens<\/strong>\u00a0por unidade, o que \u00e9 excepcional para um dispositivo descart\u00e1vel. Isso significa para voc\u00ea: aproveitar por mais tempo e precisar pegar uma nova e-cigarro com menos frequ\u00eancia.<\/p>\n<h4>2.\u00a0<strong>Capacidade de E-L\u00edquido de 25ml<\/strong><\/h4>\n<p>O dispositivo \u00e9 equipado com um generoso\u00a0<strong>25 ml E-Liquid<\/strong>\u00a0equipado com um l\u00edquido rico em sabor e nicotina. Quer voc\u00ea escolha nicotina zero, 20mg, 30mg ou 50mg de nicotina, a Magic Bar Alpha atende \u00e0s suas necessidades e oferece uma experi\u00eancia de vaporiza\u00e7\u00e3o consistentemente potente ao longo de toda a vida \u00fatil do cigarro eletr\u00f4nico.<\/p>\n<h4>3.\u00a0<strong>Bateria potente com 650mAh<\/strong><\/h4>\n<p>Equipado com um\u00a0<strong>bateria recarreg\u00e1vel de 650mAh<\/strong>\u00a0\u00e9 ideal para desfrutar de vapor prolongado. Mesmo com uso intensivo, a bateria permanece sempre potente e garante uma experi\u00eancia consistentemente boa.<\/p>\n<h4>4.\u00a0<strong>Resist\u00eancia ideal para vaporiza\u00e7\u00e3o DTL<\/strong><\/h4>\n<p>A Magic Bar Alpha est\u00e1 equipada com uma\u00a0<strong>0,5 \u03a9 Bobina de Malha<\/strong>\u00a0equipados, que s\u00e3o especificamente para o\u00a0<strong>DTL (Directo ao Pulm\u00e3o)<\/strong>\u00a0Otimizados para vaporiza\u00e7\u00e3o. Esta tecnologia de coil n\u00e3o s\u00f3 oferece um sabor intenso, mas tamb\u00e9m nuvens densas e ricas que elevam a sua experi\u00eancia de vaporiza\u00e7\u00e3o a um novo n\u00edvel.<\/p>\n<h4>5.\u00a0<strong>Tamanho pr\u00e1tico e compacto<\/strong><\/h4>\n<p>Com um tamanho compacto de\u00a0<strong>40 x 29 x 110 mm<\/strong>\u00a0e um peso de apenas\u00a0<strong>110g<\/strong>\u00a0A Magic Bar Alpha \u00e9 f\u00e1cil de manusear e transportar. Seja em casa ou em movimento - o dispositivo cabe facilmente em qualquer bolso.<\/p>\n<h4>6.\u00a0<strong>Moderna variedade de aromas<\/strong><\/h4>\n<p>Um weitere Informationen zu ben\u00f6tigen, da der Text nicht vollst\u00e4ndig ist, kann ich nur einen Teil \u00fcbersetzen:\n\nUm mais destaque da Magic Bar Alpha \u00e9 a variedade de sabores deliciosos. Muito popular \u00e9 o\u00a0<strong>Goma de Mascar Watermelon<\/strong>Um sabor que lhe d\u00e1 a sensa\u00e7\u00e3o de mergulhar em um prazer fresco e frutado. Mas as outras variedades tamb\u00e9m oferecem experi\u00eancias de sabor \u00fanicas que v\u00e3o emocionar todos os vapers.<\/p>\n<h3>Magic Bar Alpha 20000 Z\u00fcge Einweg E Zigarette: A escolha perfeita para o vapeador moderno<\/h3>\n<p>A\u00a0<strong>Magic Bar Alpha 20k<\/strong>\u00a0foi desenvolvido com um objetivo claro: oferecer uma experi\u00eancia de vaporiza\u00e7\u00e3o de primeira classe, que seja c\u00f3moda e potente. Em compara\u00e7\u00e3o com os cigarros eletr\u00f3nicos descart\u00e1veis tradicionais, a Magic Bar Alpha n\u00e3o \u00e9 apenas superior em termos de n\u00famero de tragadas e variedade de sabores, mas tamb\u00e9m na sua facilidade de uso geral. Gra\u00e7as \u00e0\u00a0<strong>Bateria recarreg\u00e1vel de 650mAh<\/strong>\u00a0e o\u00a0<strong>Capacidade de E-L\u00edquido 25ml<\/strong>\u00a0Desfrute de uma experi\u00eancia de vaporiza\u00e7\u00e3o uniforme e duradoura, sem precisar recarregar ou reabastecer com frequ\u00eancia.<\/p>\n<p><img loading=\"lazy\" decoding=\"async\" class=\"alignnone wp-image-1774 size-full\" title=\"Magic Bar Alpha 20000 Z\u00fcge Einweg E Zigarette - Mel\u00e3o Goma de Bolha 3\" src=\"https:\/\/alfakher24h.de\/wp-content\/uploads\/2025\/01\/9Magic-Bar-Alpha-20000-scaled.webp\" sizes=\"auto, (max-width: 2560px) 100vw, 2560px\" srcset=\"https:\/\/alfakher24h.de\/wp-content\/uploads\/2025\/01\/9Magic-Bar-Alpha-20000-scaled.webp 2560w, https:\/\/alfakher24h.de\/wp-content\/uploads\/2025\/01\/9Magic-Bar-Alpha-20000-300x300.webp 300w, https:\/\/alfakher24h.de\/wp-content\/uploads\/2025\/01\/9Magic-Bar-Alpha-20000-1024x1024.webp 1024w, https:\/\/alfakher24h.de\/wp-content\/uploads\/2025\/01\/9Magic-Bar-Alpha-20000-150x150.webp 150w, https:\/\/alfakher24h.de\/wp-content\/uploads\/2025\/01\/9Magic-Bar-Alpha-20000-768x768.webp 768w, https:\/\/alfakher24h.de\/wp-content\/uploads\/2025\/01\/9Magic-Bar-Alpha-20000-1536x1536.webp 1536w, https:\/\/alfakher24h.de\/wp-content\/uploads\/2025\/01\/9Magic-Bar-Alpha-20000-2048x2048.webp 2048w, https:\/\/alfakher24h.de\/wp-content\/uploads\/2025\/01\/9Magic-Bar-Alpha-20000-12x12.webp 12w, https:\/\/alfakher24h.de\/wp-content\/uploads\/2025\/01\/9Magic-Bar-Alpha-20000-600x600.webp 600w, https:\/\/alfakher24h.de\/wp-content\/uploads\/2025\/01\/9Magic-Bar-Alpha-20000-100x100.webp 100w\" alt=\"Magic Bar Alpha 20000 Z\u00fcge Einweg E Zigarette - Mel\u00e3o Goma de Bolha\" width=\"2560\" height=\"2560\" \/><\/p>\n<h3>Funcionalidade \u00f3ptima para vaporizadores MTL e DTL<\/h3>\n<p>A barra Magic Bar Alpha permite tanto\u00a0<strong>MTL<\/strong>\u00a0(Mouth to Lung) tamb\u00e9m\u00a0<strong>DTL<\/strong>\u00a0(Directo ao Pulm\u00e3o) Vaping, o que permite aos usu\u00e1rios encontrar a resist\u00eancia perfeita para seu gosto pessoal. Enquanto os iniciantes geralmente preferem MTL para ter uma tragada mais fechada, semelhante a um cigarro, DTL \u00e9 apreciado por vapers experientes que buscam uma experi\u00eancia de vapor mais intensa.<\/p>\n<h3>Sabores da Magic Bar Alpha 20000 Puffs Cigarro Eletr\u00f4nico Descart\u00e1vel<\/h3>\n<p>A sele\u00e7\u00e3o de\u00a0<strong>Aromas<\/strong>\u00a0\u00e9 t\u00e3o excepcional quanto suas caracter\u00edsticas t\u00e9cnicas. Cada sabor \u00e9 criado atrav\u00e9s do uso de ingredientes de alta qualidade e uma t\u00e9cnica de fabrica\u00e7\u00e3o precisa, que garante um sabor limpo e puro.<\/p>\n<h3>Melancia Goma de Bolha: Um prazer refrescante<\/h3>\n<p>O\u00a0<strong>Goma de Mascar Watermelon<\/strong>O sabor \u00e9 a verdadeira estrela da Magic Bar Alpha. Ele combina a do\u00e7ura fresca e suculenta de mel\u00e3o com a nota doce e divertida de chiclete. Imagine que voc\u00ea est\u00e1 mordendo um peda\u00e7o fresco\u00a0<strong>Mel\u00e3o de \u00e1gua<\/strong>\u00a0e desfrutam tamb\u00e9m do cl\u00e1ssico, doce\u00a0<strong>Bubble Gum<\/strong>-Aroma \u2013 uma combina\u00e7\u00e3o perfeita de frescor e do\u00e7ura que n\u00e3o vai deixar voc\u00ea soltar durante o vapor. O sabor \u00e9 agrad\u00e1vel e intenso, sem ser invasivo, e proporciona um verdadeiro \"sentimento de ver\u00e3o\" em cada tragada.<\/p>\n<p>A\u00a0<strong>Mel\u00e3o de \u00e1gua<\/strong>\u00a0Traz uma refrescante frescura consigo, que \u00e9 tanto revigorante quanto doce. A sua do\u00e7ura frutada harmoniza perfeitamente com o chiclete, que com sua do\u00e7ura nost\u00e1lgica e leve textura para mastigar, lembra a inf\u00e2ncia. Este sabor \u00e9 uma verdadeira obra-prima, que proporciona alegria o dia todo. A cada inala\u00e7\u00e3o, voc\u00ea chega mais perto da sensa\u00e7\u00e3o de saborear uma fatia de mel\u00e3o suculenta e rec\u00e9m-cortada, enquanto um toque de chiclete o acompanha - o sabor ideal para todos que procuram uma experi\u00eancia doce e refrescante.<\/p>\n<h3>Outras sabores da Magic Bar Alpha<\/h3>\n<p>Ao lado\u00a0<strong>Goma de Mascar Watermelon<\/strong>\u00a0A Magic Bar Alpha tamb\u00e9m oferece uma variedade de outros sabores excelentes que tornam a vaporiza\u00e7\u00e3o variada e emocionante. Cada sabor foi desenvolvido com o mesmo cuidado e precis\u00e3o para proporcionar uma experi\u00eancia de sabor excepcional que o transporta para um mundo diferente.<\/p>\n<h3>Por que voc\u00ea deve comprar o cigarro eletr\u00f4nico descart\u00e1vel Magic Bar Alpha 20000 puffs<\/h3>\n<p>A\u00a0<strong>Magic Bar Alpha 20k<\/strong>\u00a0\u00e9 a escolha perfeita para todos que procuram uma experi\u00eancia de vaporiza\u00e7\u00e3o confi\u00e1vel e duradoura. A combina\u00e7\u00e3o de um n\u00famero impressionante de\u00a0<strong>20.000 trens<\/strong>Com uma bateria potente e uma ampla variedade de sabores, ela se torna um companheiro indispens\u00e1vel para todos os entusiastas de vape. Al\u00e9m disso, voc\u00ea pode comprar o produto de forma conveniente e segura em nosso sitealfakher24h.de, o principal fornecedor de\u00a0<strong>E-Zigarettes descart\u00e1veis na Alemanha<\/strong>.<\/p>\n<p>Se voc\u00ea est\u00e1 procurando por algo de alta qualidade, pr\u00e1tico e com um sabor convincente\u00a0<strong>Cigarrinha eletr\u00f4nica descart\u00e1vel com nicotina<\/strong>\u00a0s\u00e3o, ent\u00e3o \u00e9 a\u00a0<strong>Magic Bar Alpha 20k<\/strong>\u00a0A melhor escolha para voc\u00ea!<\/p>\n<h2>Conclus\u00e3o<\/h2>\n<p>Com a<a href=\"https:\/\/alfakher24h.de\/pt\/\">\u00a0<strong>Magic Bar Alpha 20000 Z\u00fcge Einweg E Zigarette \nBarra M\u00e1gica Alpha 20000 Puffs Cigarra Eletr\u00f4nica Descart\u00e1vel<\/strong>\u00a0<\/a>Escolha um produto que n\u00e3o deixe nenhum desejo em aberto, tanto em termos de qualidade quanto de sabor.\u00a0<strong>Capacidade de E-L\u00edquido 25ml<\/strong>, a bateria recarreg\u00e1vel e a ampla sele\u00e7\u00e3o de sabores deliciosos proporcionam uma experi\u00eancia de vaporiza\u00e7\u00e3o incompar\u00e1vel que voc\u00ea n\u00e3o deve perder. Visite alfakher24h.de e compre sua Magic Bar Alpha hoje mesmo - vaporizar nunca foi t\u00e3o f\u00e1cil e delicioso!<\/p>","protected":false},"excerpt":{"rendered":"<p>Com a<a href=\"https:\/\/alfakher24h.de\/pt\/\">\u00a0<strong>Magic Bar Alpha 20000 Z\u00fcge Einweg E Zigarette \nBarra M\u00e1gica Alpha 20000 Puffs Cigarra Eletr\u00f4nica Descart\u00e1vel<\/strong>\u00a0<\/a>Escolha um produto que n\u00e3o deixe nenhum desejo em aberto, tanto em termos de qualidade quanto de sabor.\u00a0<strong>Capacidade de E-L\u00edquido 25ml<\/strong>,<\/p>","protected":false},"featured_media":1475,"comment_status":"open","ping_status":"closed","template":"","meta":{"om_disable_all_campaigns":false},"product_brand":[],"product_cat":[39],"product_tag":[],"class_list":{"0":"post-1472","1":"product","2":"type-product","3":"status-publish","4":"has-post-thumbnail","6":"product_cat-magic-bar-20000","8":"first","9":"instock","10":"shipping-taxable","11":"purchasable","12":"product-type-simple"},"_links":{"self":[{"href":"https:\/\/alfakher24h.de\/pt\/wp-json\/wp\/v2\/product\/1472","targetHints":{"allow":["GET"]}}],"collection":[{"href":"https:\/\/alfakher24h.de\/pt\/wp-json\/wp\/v2\/product"}],"about":[{"href":"https:\/\/alfakher24h.de\/pt\/wp-json\/wp\/v2\/types\/product"}],"replies":[{"embeddable":true,"href":"https:\/\/alfakher24h.de\/pt\/wp-json\/wp\/v2\/comments?post=1472"}],"wp:featuredmedia":[{"embeddable":true,"href":"https:\/\/alfakher24h.de\/pt\/wp-json\/wp\/v2\/media\/1475"}],"wp:attachment":[{"href":"https:\/\/alfakher24h.de\/pt\/wp-json\/wp\/v2\/media?parent=1472"}],"wp:term":[{"taxonomy":"product_brand","embeddable":true,"href":"https:\/\/alfakher24h.de\/pt\/wp-json\/wp\/v2\/product_brand?post=1472"},{"taxonomy":"product_cat","embeddable":true,"href":"https:\/\/alfakher24h.de\/pt\/wp-json\/wp\/v2\/product_cat?post=1472"},{"taxonomy":"product_tag","embeddable":true,"href":"https:\/\/alfakher24h.de\/pt\/wp-json\/wp\/v2\/product_tag?post=1472"}],"curies":[{"name":"wp","href":"https:\/\/api.w.org\/{rel}","templated":true}]}}