{"id":1457,"date":"2025-01-10T06:48:11","date_gmt":"2025-01-10T06:48:11","guid":{"rendered":"https:\/\/alfakher24h.de\/?post_type=product&#038;p=1457"},"modified":"2025-01-10T06:48:12","modified_gmt":"2025-01-10T06:48:12","slug":"magic-bar-alpha-20000-puffs-descartaveis-e-cigarro-gelo-de-mirtilo","status":"publish","type":"product","link":"https:\/\/alfakher24h.de\/pt\/produto\/magic-bar-alpha-20000-puffs-descartaveis-e-cigarro-gelo-de-mirtilo\/","title":{"rendered":"Magic Bar Alpha 20000 Z\u00fcge Einweg E Zigarette \u2013 Blueberry Ice\n\nBarra M\u00e1gica Alpha 20000 Puffs Cigarro Eletr\u00f4nico Descart\u00e1vel - Blueberry Ice"},"content":{"rendered":"<h2><strong><a href=\"https:\/\/alfakher24h.de\/pt\/\">Magic Bar Alpha 20000 Z\u00fcge Einweg E Zigarette \n\nBarra M\u00e1gica Alpha 20000 Puffs Cigarro Eletr\u00f4nico Descart\u00e1vel<\/a> - O seu companheiro perfeito para o prazer!<\/strong><\/h2>\n<p>O Magic Bar Alpha 20000 Z\u00fcge Einweg E Zigarette \u00e9 um dispositivo de vape descart\u00e1vel de alta qualidade e potente, especialmente projetado para oferecer uma experi\u00eancia de vaporiza\u00e7\u00e3o incompar\u00e1vel. Com seu design elegante, um n\u00famero impressionante de tragadas e uma variedade de sabores deliciosos, o Magic Bar Alpha 20k \u00e9 a escolha perfeita para todos que procuram um cigarro eletr\u00f4nico conveniente, potente e com sabor excelente. Este cigarro eletr\u00f4nico com nicotina \u00e9 adequado tanto para iniciantes quanto para vaporizadores experientes.<\/p>\n<h3><strong>Vis\u00e3o geral do produto e caracter\u00edsticas:<\/strong><\/h3>\n<p>A Magic Bar Alpha 20k \u00e9 o cigarro eletr\u00f4nico descart\u00e1vel definitivo, que impressiona com uma s\u00e9rie de caracter\u00edsticas inovadoras e uma longa vida \u00fatil. Com um total de 20.000 tragadas e uma bateria potente, ela \u00e9 capaz de fornecer uma produ\u00e7\u00e3o de vapor constante por muito tempo. O dispositivo \u00e9 f\u00e1cil de usar e n\u00e3o requer opera\u00e7\u00e3o complicada - simplesmente desembale e aproveite.<\/p>\n<ul>\n<li><strong>Capacidade de E-L\u00edquido<\/strong>: 25ml<\/li>\n<li><strong>Teor de nicotina<\/strong>: 0%, 2%, 3%, 5% (conforme desejado)<\/li>\n<li><strong>Bateria<\/strong>: 650mAh (recarreg\u00e1vel)<\/li>\n<li><strong>Bobina<\/strong>: 0,5\u03a9 Mesh Coil para sabor \u00f3timo<\/li>\n<li><strong>MTL\/DTL<\/strong>: DTL (Direct to Lung) - para um vapor intenso<\/li>\n<li><strong>Tamanho<\/strong>: 40 x 29 x 110 mm<\/li>\n<li><strong>Peso<\/strong>: 110g<\/li>\n<li><strong>Tamanho da caixa<\/strong>: 495<em>355<\/em>H285mm<\/li>\n<\/ul>\n<p>A Magic Bar Alpha 20k oferece n\u00e3o apenas um desempenho excepcional, mas tamb\u00e9m uma variedade de sabores que ir\u00e3o encantar todos os vapers. Com uma ampla gama de sabores, voc\u00ea pode escolher o sabor de vape perfeito para cada humor.<\/p>\n<h3><strong>Por que a Magic Bar Alpha 20000 tragadas\u00a0<a href=\"https:\/\/alfakher24h.de\/pt\/\">Cigarra Eletr\u00f4nica Descart\u00e1vel<\/a> A melhor escolha para voc\u00ea \u00e9:<\/strong><\/h3>\n<ul>\n<li><strong>Longevidade<\/strong>: Com 20.000 tragadas, o Magic Bar Alpha 20k dura significativamente mais do que muitos outros vapes descart\u00e1veis no mercado. Voc\u00ea pode ter certeza de que o dispositivo oferece um desempenho consistentemente alto por um longo per\u00edodo de tempo.<\/li>\n<li><strong>Manuseio simples<\/strong>: Sem configura\u00e7\u00f5es complicadas ou recargas - simplesmente pegue sua Magic Bar Alpha e desfrute do sabor.<\/li>\n<li><strong>Op\u00e7\u00f5es de nicotina vers\u00e1teis<\/strong>Com as for\u00e7as de nicotina dispon\u00edveis de 0%, 2%, 3% e 5%, voc\u00ea pode escolher a experi\u00eancia de nicotina certa para voc\u00ea.<\/li>\n<li><strong>Design ergon\u00f4mico<\/strong>O dispositivo \u00e9 leve, compacto e ergonomicamente projetado, encaixando-se perfeitamente na m\u00e3o e sendo ideal para uso em movimento.<\/li>\n<li><strong>Excelentes aromas<\/strong>: Com uma sele\u00e7\u00e3o de 20 sabores diferentes, a Magic Bar Alpha oferece uma diversidade que atinge o gosto pessoal de cada vapeador.<\/li>\n<li><strong>Recarreg\u00e1vel<\/strong>: A bateria recarreg\u00e1vel de 650mAh garante que voc\u00ea possa aproveitar os 20.000 puffs completos sem se preocupar com a dura\u00e7\u00e3o da bateria.<\/li>\n<\/ul>\n<p><img loading=\"lazy\" decoding=\"async\" class=\"alignnone wp-image-1774 size-full\" title=\"Magic Bar Alpha 20000 Z\u00fcge Einweg E Zigarette - Blueberry Ice 3 (Manuten\u00e7\u00e3o da mesma estrutura, sem altera\u00e7\u00f5es, exceto a tradu\u00e7\u00e3o de &quot;E Zigarette&quot; para &quot;Cigarro Eletr\u00f4nico&quot;)Magic Bar Alpha 20000 Z\u00fcge Einweg Cigarro Eletr\u00f4nico - Blueberry Ice 3\" src=\"https:\/\/alfakher24h.de\/wp-content\/uploads\/2025\/01\/9Magic-Bar-Alpha-20000-scaled.webp\" sizes=\"auto, (max-width: 2560px) 100vw, 2560px\" srcset=\"https:\/\/alfakher24h.de\/wp-content\/uploads\/2025\/01\/9Magic-Bar-Alpha-20000-scaled.webp 2560w, https:\/\/alfakher24h.de\/wp-content\/uploads\/2025\/01\/9Magic-Bar-Alpha-20000-300x300.webp 300w, https:\/\/alfakher24h.de\/wp-content\/uploads\/2025\/01\/9Magic-Bar-Alpha-20000-1024x1024.webp 1024w, https:\/\/alfakher24h.de\/wp-content\/uploads\/2025\/01\/9Magic-Bar-Alpha-20000-150x150.webp 150w, https:\/\/alfakher24h.de\/wp-content\/uploads\/2025\/01\/9Magic-Bar-Alpha-20000-768x768.webp 768w, https:\/\/alfakher24h.de\/wp-content\/uploads\/2025\/01\/9Magic-Bar-Alpha-20000-1536x1536.webp 1536w, https:\/\/alfakher24h.de\/wp-content\/uploads\/2025\/01\/9Magic-Bar-Alpha-20000-2048x2048.webp 2048w, https:\/\/alfakher24h.de\/wp-content\/uploads\/2025\/01\/9Magic-Bar-Alpha-20000-12x12.webp 12w, https:\/\/alfakher24h.de\/wp-content\/uploads\/2025\/01\/9Magic-Bar-Alpha-20000-600x600.webp 600w, https:\/\/alfakher24h.de\/wp-content\/uploads\/2025\/01\/9Magic-Bar-Alpha-20000-100x100.webp 100w\" alt=\"Magic Bar Alpha 20000 Z\u00fcge Einweg E Zigarette - Blueberry IceBarra M\u00e1gica Alpha 20000 tragadas Cigarro eletr\u00f4nico descart\u00e1vel - Mirtilo Gelo\" width=\"2560\" height=\"2560\" \/><\/p>\n<h3><strong>Diferentes sabores da Magic Bar Alpha 20k:<\/strong><\/h3>\n<p>A Magic Bar Alpha 20k oferece uma sele\u00e7\u00e3o impressionante de sabores que ir\u00e3o mimar seus bot\u00f5es gustativos. Cada sabor foi desenvolvido com amor e precis\u00e3o para proporcionar uma experi\u00eancia de vaporiza\u00e7\u00e3o inesquec\u00edvel.<\/p>\n<ol>\n<li><strong>Blueberry Ice<\/strong><br \/>\nO sabor fresco de mirtilos suculentos \u00e9 complementado por um toque agrad\u00e1vel de mentol refrescante. Blueberry Ice \u00e9 a escolha perfeita para todos que procuram um sabor doce, mas refrescante.<\/li>\n<li><strong>Cola Ice<\/strong><br \/>\nCola Ice traz o sabor cl\u00e1ssico de cola com uma nota fria e refrescante. Um verdadeiro prazer para todos os amantes da bebida de cola borbulhante, que \u00e9 complementada por uma frescura gelada.<\/li>\n<li><strong>Double Apple<\/strong><br \/>\nUm mix harmonioso de aromas de ma\u00e7\u00e3 doce e fresca - Double Apple \u00e9 um cl\u00e1ssico entre os sabores de vape, que convence com sua do\u00e7ura equilibrada.<\/li>\n<li><strong>Gum Mint<\/strong><br \/>\nUma mistura de hortel\u00e3 fresca e goma doce - este sabor traz mem\u00f3rias de dias de inf\u00e2ncia sem preocupa\u00e7\u00f5es e, ao mesmo tempo, proporciona um sabor refrescante.<\/li>\n<li><strong>Lady Killer<\/strong><br \/>\nUm sabor doce e inconfund\u00edvel, que representa uma mistura sedutora de v\u00e1rias frutas. Lady Killer \u00e9 uma escolha excelente para todos que amam aromas complexos e frutados.<\/li>\n<li><strong>Limon e Lim\u00e3o<\/strong><br \/>\nA combina\u00e7\u00e3o de lim\u00e3o \u00e1cido e lima refrescante proporciona uma experi\u00eancia efervescente que desperta e refresca os seus bot\u00f5es gustativos.<\/li>\n<li><strong>Limonete de Hortel\u00e3<\/strong><br \/>\nO sabor refrescante e c\u00edtrico combinado com hortel\u00e3 fresca - perfeito para todos que procuram um sabor refrescante e estimulante.<\/li>\n<li><strong>Love 212<\/strong><br \/>\nUma mistura misteriosa de frutas doces e uma leve nota de mentol, que oferece uma experi\u00eancia de vaporiza\u00e7\u00e3o \u00fanica e vers\u00e1til.<\/li>\n<li><strong>Mix Berry<\/strong><br \/>\nUm cocktail de frutas feito de diferentes tipos de bagas, que \u00e9 ao mesmo tempo doce e refrescante. O Mix Berry oferece uma experi\u00eancia gastron\u00f4mica que seduz os seus sentidos.<\/li>\n<li><strong>Peach Ice<\/strong><br \/>\nO sabor doce e suculento de p\u00eassegos maduros \u00e9 real\u00e7ado por uma mistura gelada. O Peach Ice \u00e9 a escolha perfeita para todos que preferem um sabor frutado e ao mesmo tempo refrescante.<\/li>\n<li><strong>Pink Lemonade<\/strong><br \/>\nUm aroma cl\u00e1ssico de limonada, que agrada com um frescor agrad\u00e1vel e uma do\u00e7ura delicada. O Pink Lemonade oferece-lhe a experi\u00eancia de vaporiza\u00e7\u00e3o perfeita para o ver\u00e3o.<\/li>\n<li><strong>Raspberry Watermelon \n(Nenhuma tradu\u00e7\u00e3o necess\u00e1ria, pois aparentemente \u00e9 um nome pr\u00f3prio, possivelmente de um produto ou marca) \nMorango de Amora e Mel\u00e3o n\u00e3o, apenas \nMorangos e Mel\u00e3o de Amora n\u00e3o; \nRaspberry Watermelon<\/strong><br \/>\nA combina\u00e7\u00e3o frutal de framboesas doces e mel\u00e3o refrescante proporciona uma experi\u00eancia gustativa tropical que traz o ver\u00e3o para os seus pulm\u00f5es.<\/li>\n<li><strong>Morango Banana<\/strong><br \/>\nA deliciosa combina\u00e7\u00e3o de morangos doces e bananas maduras cria um aroma perfeitamente equilibrado, que \u00e9 ao mesmo tempo frutado e cremoso.<\/li>\n<li><strong>Strawberry Ice<\/strong><br \/>\nO sabor fresco de morango \u00e9 acompanhado por uma sa\u00edda refrescante e cool de mentol, o que torna esse vape uma experi\u00eancia refrescante.<\/li>\n<li><strong>Morango Mel\u00e3o de \u00c1gua<\/strong><br \/>\nUma mistura harmoniosa de morangos doces e mel\u00e3o suculento - este sabor \u00e9 perfeito para todos que amam aromas frutados e refrescantes.<\/li>\n<li><strong>Goma de Mascar Watermelon<\/strong><br \/>\nO sabor de melancia suculenta combinado com o aroma doce e cl\u00e1ssico de chiclete - Watermelon Bubble Gum traz para voc\u00ea a experi\u00eancia perfeita de ver\u00e3o.<\/li>\n<li><strong>Watermelon Ice<\/strong><br \/>\nMelancia encontra menta - uma combina\u00e7\u00e3o perfeita de fruta doce e suculenta com um toque refrescante e frio. Watermelon Ice \u00e9 o companheiro ideal para dias quentes.<\/li>\n<\/ol>\n<p><strong>Por que comprar conosco?<\/strong><\/p>\n<p>Visite nosso site alfakher24h.de, a maior plataforma online para\u00a0<strong>Vapes Descart\u00e1veis<\/strong>\u00a0em\u00a0<strong>Alemanha<\/strong>e descubra o mundo da Magic Bar Alpha 20k. Nossa oferta \u00e9 diversificada e abrange todos os sabores populares deste excelente cigarro eletr\u00f4nico descart\u00e1vel. Oferecemos-lhe n\u00e3o apenas produtos de primeira qualidade, mas tamb\u00e9m uma entrega r\u00e1pida e fi\u00e1vel. Compre connosco para desfrutar da melhor experi\u00eancia de vaporiza\u00e7\u00e3o!<\/p>\n<h3><strong>Conclus\u00e3o<\/strong>:<\/h3>\n<p>A\u00a0<a href=\"https:\/\/alfakher24h.de\/pt\/\"><strong>Magic Bar Alpha 20000 Z\u00fcge Einweg E Zigarette \nBarra M\u00e1gica Alpha 20000 Puffs Cigarra Eletr\u00f4nica Descart\u00e1vel<\/strong> i<\/a>\u00e9 a escolha perfeita para todos que procuram um dispositivo de vape potente, f\u00e1cil de usar e com sabor excepcional. Com uma variedade de sabores deliciosos e uma longa vida \u00fatil, este cigarro eletr\u00f4nico \u00e9 ideal para uso di\u00e1rio. Encomende agora em <a href=\"https:\/\/alfakher24h.de\/pt\/\">alfakher24h.de<\/a>\u00a0e experimente o vapor em uma nova dimens\u00e3o.<\/p>","protected":false},"excerpt":{"rendered":"<p><a href=\"https:\/\/alfakher24h.de\/pt\/\"><strong>Magic Bar Alpha 20000 Z\u00fcge Einweg E Zigarette \nBarra M\u00e1gica Alpha 20000 Puffs Cigarra Eletr\u00f4nica Descart\u00e1vel<\/strong> i<\/a>\u00e9 a escolha perfeita para todos que procuram um dispositivo de vape de alta performance, f\u00e1cil de usar e com sabor excepcional<\/p>","protected":false},"featured_media":1458,"comment_status":"open","ping_status":"closed","template":"","meta":{"om_disable_all_campaigns":false},"product_brand":[],"product_cat":[39],"product_tag":[],"class_list":{"0":"post-1457","1":"product","2":"type-product","3":"status-publish","4":"has-post-thumbnail","6":"product_cat-magic-bar-20000","8":"first","9":"instock","10":"shipping-taxable","11":"purchasable","12":"product-type-simple"},"_links":{"self":[{"href":"https:\/\/alfakher24h.de\/pt\/wp-json\/wp\/v2\/product\/1457","targetHints":{"allow":["GET"]}}],"collection":[{"href":"https:\/\/alfakher24h.de\/pt\/wp-json\/wp\/v2\/product"}],"about":[{"href":"https:\/\/alfakher24h.de\/pt\/wp-json\/wp\/v2\/types\/product"}],"replies":[{"embeddable":true,"href":"https:\/\/alfakher24h.de\/pt\/wp-json\/wp\/v2\/comments?post=1457"}],"wp:featuredmedia":[{"embeddable":true,"href":"https:\/\/alfakher24h.de\/pt\/wp-json\/wp\/v2\/media\/1458"}],"wp:attachment":[{"href":"https:\/\/alfakher24h.de\/pt\/wp-json\/wp\/v2\/media?parent=1457"}],"wp:term":[{"taxonomy":"product_brand","embeddable":true,"href":"https:\/\/alfakher24h.de\/pt\/wp-json\/wp\/v2\/product_brand?post=1457"},{"taxonomy":"product_cat","embeddable":true,"href":"https:\/\/alfakher24h.de\/pt\/wp-json\/wp\/v2\/product_cat?post=1457"},{"taxonomy":"product_tag","embeddable":true,"href":"https:\/\/alfakher24h.de\/pt\/wp-json\/wp\/v2\/product_tag?post=1457"}],"curies":[{"name":"wp","href":"https:\/\/api.w.org\/{rel}","templated":true}]}}