{"id":143,"date":"2024-09-11T13:07:21","date_gmt":"2024-09-11T13:07:21","guid":{"rendered":"https:\/\/alfakher24h.de\/?post_type=product&#038;p=143"},"modified":"2025-07-23T04:17:28","modified_gmt":"2025-07-23T04:17:28","slug":"titulo-do-produto-al-fakher-coroa-bar-8000-baforadas-cigarro-eletronico-descartavel-com-nicotina-gelo-de-pessego","status":"publish","type":"product","link":"https:\/\/alfakher24h.de\/pt\/produto\/titulo-do-produto-al-fakher-coroa-bar-8000-baforadas-cigarro-eletronico-descartavel-com-nicotina-gelo-de-pessego\/","title":{"rendered":"AL Fakher Crown Bar 8000 Z\u00fcge Einweg E Zigarette Mit Nikotin -Peach Ice \nse torna \nAL Fakher Crown Bar 8000 tragadas Cigarro eletr\u00f4nico descart\u00e1vel com nicotina -P\u00eassego Gelo"},"content":{"rendered":"<h2><a href=\"https:\/\/alfakher24h.de\/pt\/categoria-de-produto\/barra-de-coroa-al-fakher-8000\/\">AL Fakher Crown Bar 8000 Z\u00fcge \n\nbecomes \n\nAL Fakher Crown Bar 8000 puffs<\/a> E-Zigarette descart\u00e1vel com nicotina - P\u00eassego Gelo<\/h2>\n<p>A Coroa AL Fakher 8000 tragadas<a href=\"https:\/\/alfakher24h.de\/pt\/\"> E-Cigarro descart\u00e1vel eletr\u00f4nico com nicotina<\/a> No sabor Peach Ice, oferece uma experi\u00eancia de vaporiza\u00e7\u00e3o incompar\u00e1vel, que combina aromas intensos com tecnologia de ponta. Este vape n\u00e3o s\u00f3 se destaca pela qualidade do sabor, mas tamb\u00e9m convence pela sua facilidade de uso e longa durabilidade. Como a maior plataforma online para cigarros eletr\u00f3nicos descart\u00e1veis na Alemanha, a alfakher24h.de oferece-lhe a possibilidade de adquirir este produto premium de forma r\u00e1pida e f\u00e1cil.<\/p>\n<p>&nbsp;<\/p>\n<div style=\"width: 362px;\" class=\"wp-video\"><video class=\"wp-video-shortcode\" id=\"video-143-1\" width=\"362\" height=\"640\" preload=\"metadata\" controls=\"controls\"><source type=\"video\/mp4\" src=\"https:\/\/alfakher24h.de\/wp-content\/uploads\/2024\/09\/AL-Fakher-Crown-Bar-8000-Zuege-Einweg-E-Zigarette-Mit-Nikotin-Peach-Ice.mp4?_=1\" \/><a href=\"https:\/\/alfakher24h.de\/wp-content\/uploads\/2024\/09\/AL-Fakher-Crown-Bar-8000-Zuege-Einweg-E-Zigarette-Mit-Nikotin-Peach-Ice.mp4\">https:\/\/alfakher24h.de\/wp-content\/uploads\/2024\/09\/AL-Fakher-Crown-Bar-8000-Zuege-Einweg-E-Zigarette-Mit-Nikotin-Peach-Ice.mp4<\/a><\/video><\/div>\n<h2>AL Fakher Crown Bar 8000 tragadas Por que a AL Fakher Crown Bar 8000?<\/h2>\n<p>A <a href=\"https:\/\/alfakher24h.de\/pt\/\">AL Fakher<\/a> Crown Bar 8000 \u00e9 muito mais do que um cigarro eletr\u00f4nico descart\u00e1vel comum. Ela oferece:<\/p>\n<h4>1. <strong>Longa dura\u00e7\u00e3o do desempenho do vapor<\/strong><\/h4>\n<ul>\n<li><strong>8000 trens:<\/strong> Com at\u00e9 8000 tragadas por dispositivo, a Crown Bar oferece uma vida \u00fatil excepcionalmente longa. Perfeito para vapers regulares que procuram uma experi\u00eancia prolongada e satisfat\u00f3ria.<\/li>\n<li><strong>600 mAh bateria recarreg\u00e1vel:<\/strong> Um recurso not\u00e1vel deste vape descart\u00e1vel \u00e9 a bateria recarreg\u00e1vel de 600 mAh, que garante que voc\u00ea possa aproveitar ao m\u00e1ximo a vida \u00fatil do l\u00edquido eletr\u00f4nico. Em vez de descartar o dispositivo ap\u00f3s a bateria acabar, voc\u00ea pode simplesmente recarreg\u00e1-lo.<\/li>\n<\/ul>\n<h4>2. <strong>Opera\u00e7\u00e3o simples<\/strong><\/h4>\n<ul>\n<li><strong>Ativa\u00e7\u00e3o do trem:<\/strong> Sem bot\u00f5es, sem configura\u00e7\u00f5es complicadas. A Crown Bar 8000 \u00e9 ativada simplesmente inalando, o que torna todo o processo de vaporiza\u00e7\u00e3o descomplicado e agrad\u00e1vel. Isso \u00e9 especialmente ben\u00e9fico para iniciantes que procuram um dispositivo f\u00e1cil de usar, mas tamb\u00e9m para vaporizadores experientes que valorizam o conforto.<\/li>\n<\/ul>\n<h4>3. <strong>Processamento e tecnologia de alta qualidade<\/strong><\/h4>\n<ul>\n<li><strong>Tecnologia de bobina de malha:<\/strong> Esta tecnologia avan\u00e7ada garante uma evapora\u00e7\u00e3o uniforme do e-l\u00edquido e maximiza a intensidade do sabor. Como resultado, voc\u00ea experimenta um sabor claro e intenso em cada tragada.<\/li>\n<li><strong>Projeto livre de vazamentos:<\/strong> Gra\u00e7as ao design inteligente, voc\u00ea n\u00e3o precisa se preocupar com vazamentos ou derramamentos. O dispositivo permanece limpo e pronto para uso.<\/li>\n<\/ul>\n<h2>AL Fakher Crown Bar 8000 Z\u00fcge Geschmacksprofil: P\u00eassego Gelo<\/h2>\n<p>O <strong>Peach Ice<\/strong>-Aroma \u00e9 um dos sabores mais populares da s\u00e9rie Crown Bar 8000. Ele combina a do\u00e7ura de p\u00eassegos maduros com um toque refrescante de frescura, tornando o vape uma experi\u00eancia revigorante.<\/p>\n<p>A nota de p\u00eassego domina o primeiro golpe e deixa imediatamente um sabor suculento e completo na l\u00edngua. No final, segue-se um frescor subtil que complementa perfeitamente o sabor doce. Esta composi\u00e7\u00e3o de sabores \u00e9 especialmente adequada para vaporizadores que preferem aromas frutados e refrescantes.<\/p>\n<p>Seja qual for o caso, se voc\u00ea est\u00e1 procurando por um vapor refrescante para o ver\u00e3o ou simplesmente deseja trazer um pouco de variedade para o seu dia a dia de vape, o Peach Ice ir\u00e1 atender \u00e0s suas expectativas. O equil\u00edbrio entre do\u00e7ura e frescor torna este sabor ideal para qualquer ocasi\u00e3o.<\/p>\n<h2>AL Fakher Crown Bar 8000 Z\u00fcge Warum bei alfakher24h.de kaufen?\n\n \nAL Fakher Crown Bar 8000 tragadas Por que comprar em alfakher24h.de?<\/h2>\n<p>&nbsp;<\/p>\n<p><img loading=\"lazy\" decoding=\"async\" class=\"alignnone size-full wp-image-148\" src=\"https:\/\/alfakher24h.de\/wp-content\/uploads\/2024\/09\/AL-Fakher-Crown-Bar-8000-Zuege-Einweg-E-Zigarette-Mit-Nikotin-Peach-Ice-2.webp\" alt=\"AL-Fakher-Crown-Bar-8000-Z\u00fcge-Einweg-E-Zigarette-Mit-Nikotin-Peach-Eis  becomes AL-Fakher-Crown-Bar-8000-Z\u00fcge-Einweg-E-Zigarette-Mit-Nikotin-Peach-Ice No change needed However I can change to AL-Fakher Crown Bar 8000 tragadas Descart\u00e1vel E-Zigarro Com Nicotina Sabor P\u00eassego Gelo\" width=\"480\" height=\"596\" title=\"\" srcset=\"https:\/\/alfakher24h.de\/wp-content\/uploads\/2024\/09\/AL-Fakher-Crown-Bar-8000-Zuege-Einweg-E-Zigarette-Mit-Nikotin-Peach-Ice-2.webp 480w, https:\/\/alfakher24h.de\/wp-content\/uploads\/2024\/09\/AL-Fakher-Crown-Bar-8000-Zuege-Einweg-E-Zigarette-Mit-Nikotin-Peach-Ice-2-242x300.webp 242w\" sizes=\"auto, (max-width: 480px) 100vw, 480px\" \/><\/p>\n<p>Se voc\u00ea est\u00e1 procurando por cigarros eletr\u00f4nicos descart\u00e1veis na Alemanha, \u00e9 <strong>alfakher24h.de<\/strong> A primeira escolha. Como o maior comerciante online de vapores na Alemanha, oferecemos n\u00e3o apenas uma enorme sele\u00e7\u00e3o, mas tamb\u00e9m um excelente servi\u00e7o ao cliente. Com foco na qualidade e satisfa\u00e7\u00e3o do cliente, garantimos que voc\u00ea sempre obtenha o melhor produto por pre\u00e7os justos.<\/p>\n<ul>\n<li><strong>Variedade de sabores:<\/strong> Oferecemos uma ampla variedade de sabores que atendem tanto a iniciantes quanto a vapers experientes.<\/li>\n<li><strong>Entrega r\u00e1pida:<\/strong> Nossos processos de entrega eficientes garantem que seu pedido chegue r\u00e1pida e seguramente at\u00e9 voc\u00ea.<\/li>\n<li><strong>Suporte ao cliente:<\/strong> Se tiver alguma d\u00favida ou problema, a nossa equipa de apoio est\u00e1 dispon\u00edvel para o ajudar com todas as quest\u00f5es relacionadas com a sua compra.<\/li>\n<\/ul>\n<h2>AL Fakher Crown Bar 8000 Z\u00fcge \nWeitere Geschmacksvarianten \n Crown Bar 8000 \n Fakher<\/h2>\n<p>Ao lado <strong>Peach Ice<\/strong> A AL Fakher Crown Bar 8000-Serie oferece uma variedade de sabores emocionais adicionais que far\u00e3o o cora\u00e7\u00e3o de cada vaper bater mais r\u00e1pido:<\/p>\n<h4>1. <strong>Magic Love<\/strong><\/h4>\n<p>O Magic Love \u00e9 uma mistura fascinante de notas frutadas, florais e mentoladas que leva o usu\u00e1rio em uma viagem dos sentidos a cada inala\u00e7\u00e3o. A complexidade deste aroma garante que nunca se torne entediante e sempre surpreenda novamente.<\/p>\n<h4>2. <strong>Sorvete de frutas<\/strong><\/h4>\n<p>Para os amantes de aromas de frutas vermelhas, o sorvete de frutas vermelhas oferece uma combina\u00e7\u00e3o perfeita de frutas vermelhas doces e \u00e1cidas, arredondada com um toque refrescante de mentol. Esta mistura fresca e frutada \u00e9 um absoluto deve-ser em dias quentes.<\/p>\n<h4>3. <strong>Mango Freeze<\/strong><\/h4>\n<p>Mango Freeze \u00e9 a escolha tropical para todos aqueles que gostam de exotismo. O sabor suculento de mangos maduros combinado com um toque refrescante de mentol torna esta variedade especialmente refrescante e vers\u00e1til.<\/p>\n<h4>4. <strong>Blue Razz Limonade<\/strong><\/h4>\n<p>Uma mistura refrescante e ligeiramente \u00e1cida de mirtilos e limonada, que estimula o paladar e termina com um retrogosto \u00fanico e picante. Este sabor \u00e9 ideal para todos que procuram algo especial.<\/p>\n<h4>5. <strong>hortel\u00e3-de-uva<\/strong><\/h4>\n<p>Uva Menta combina a do\u00e7ura das uvas com a frescura da menta e oferece<\/p>\n<p>uma combina\u00e7\u00e3o de sabores excepcional, por\u00e9m harmoniosa. Um favorito entre os vapers que amam aromas frutados e refrescantes.<\/p>\n<h2>AL Fakher Crown Bar 8000 Z\u00fcge Conclus\u00e3o: Qualidade superior e sabor sem limites<\/h2>\n<p>A Coroa AL Fakher 8000 tragadas<a href=\"https:\/\/alfakher24h.de\/pt\/\"> Cigarrinha eletr\u00f4nica descart\u00e1vel<\/a> oferece tudo o que um vaporizador precisa - desde aromas intensos at\u00e9 opera\u00e7\u00e3o simples e longa vida \u00fatil da bateria. Se voc\u00ea \u00e9 um iniciante ou um vaporizador experiente, este dispositivo atende \u00e0s suas necessidades. Em <a href=\"https:\/\/alfakher24h.de\/pt\/\"><strong>alfakher24h.de<\/strong><\/a> Voc\u00ea pode ter certeza de obter a melhor experi\u00eancia de vapor por um pre\u00e7o justo.<\/p>\n<p><strong>Compre hoje mesmo o seu AL Fakher Crown Bar 8000 cigarro eletr\u00f4nico descart\u00e1vel em alfakher24h.de<\/strong> e descubra o sabor incompar\u00e1vel e o conforto deste vape premium!<\/p>","protected":false},"excerpt":{"rendered":"<p>A AL Fakher Crown Bar 8000 Z\u00fcge Einweg E-Zigarette mit Nikotin oferece, com sua bateria recarreg\u00e1vel de 600 mAh e sabores intensos como Peach Ice, uma experi\u00eancia de vaporiza\u00e7\u00e3o duradoura, amig\u00e1vel e refrescante.<\/p>","protected":false},"featured_media":144,"comment_status":"open","ping_status":"closed","template":"","meta":{"om_disable_all_campaigns":false},"product_brand":[],"product_cat":[19],"product_tag":[],"class_list":{"0":"post-143","1":"product","2":"type-product","3":"status-publish","4":"has-post-thumbnail","6":"product_cat-al-fakher-crown-bar-8000","8":"first","9":"instock","10":"shipping-taxable","11":"purchasable","12":"product-type-simple"},"_links":{"self":[{"href":"https:\/\/alfakher24h.de\/pt\/wp-json\/wp\/v2\/product\/143","targetHints":{"allow":["GET"]}}],"collection":[{"href":"https:\/\/alfakher24h.de\/pt\/wp-json\/wp\/v2\/product"}],"about":[{"href":"https:\/\/alfakher24h.de\/pt\/wp-json\/wp\/v2\/types\/product"}],"replies":[{"embeddable":true,"href":"https:\/\/alfakher24h.de\/pt\/wp-json\/wp\/v2\/comments?post=143"}],"wp:featuredmedia":[{"embeddable":true,"href":"https:\/\/alfakher24h.de\/pt\/wp-json\/wp\/v2\/media\/144"}],"wp:attachment":[{"href":"https:\/\/alfakher24h.de\/pt\/wp-json\/wp\/v2\/media?parent=143"}],"wp:term":[{"taxonomy":"product_brand","embeddable":true,"href":"https:\/\/alfakher24h.de\/pt\/wp-json\/wp\/v2\/product_brand?post=143"},{"taxonomy":"product_cat","embeddable":true,"href":"https:\/\/alfakher24h.de\/pt\/wp-json\/wp\/v2\/product_cat?post=143"},{"taxonomy":"product_tag","embeddable":true,"href":"https:\/\/alfakher24h.de\/pt\/wp-json\/wp\/v2\/product_tag?post=143"}],"curies":[{"name":"wp","href":"https:\/\/api.w.org\/{rel}","templated":true}]}}