{"id":1422,"date":"2025-01-07T05:30:42","date_gmt":"2025-01-07T05:30:42","guid":{"rendered":"https:\/\/alfakher24h.de\/?post_type=product&#038;p=1422"},"modified":"2025-01-09T04:38:18","modified_gmt":"2025-01-09T04:38:18","slug":"1422","status":"publish","type":"product","link":"https:\/\/alfakher24h.de\/pt\/produto\/1422\/","title":{"rendered":"Fizzy GREAT 10000 Z\u00fcge Einweg E Zigarette \u2013 Mixed Berry \nFizzy GREAT 10000 trag\u00e1veis E Cigarros Eletr\u00f4nicos Descart\u00e1veis - Mirtilo Misto"},"content":{"rendered":"<div class=\"wp-video\"><\/div>\n<h2><strong><a href=\"https:\/\/alfakher24h.de\/pt\/\">Fizzy<\/a> GRANDE 10000 Z\u00fcge Einweg E-Zigarette \u2013 O Ultimate Experi\u00eancia de Vape<\/strong><\/h2>\n<p>A\u00a0<strong>Fizzy GREAT 10000 Z\u00fcge Einweg E Zigarette \n\nFizzy GREAT 10000 trag\u00e1veis E Cigarro Eletr\u00f4nico Descart\u00e1vel<\/strong>\u00a0Oferece uma experi\u00eancia de vaporiza\u00e7\u00e3o incompar\u00e1vel - compacta, potente e com uma variedade de sabores atraentes que ir\u00e3o mimar os seus bot\u00f5es gustativos. Com at\u00e9 10.000 tragadas, este dispositivo inovador de vape descart\u00e1vel \u00e9 o companheiro perfeito para os vaporizadores que procuram tanto conforto como qualidade. Descubra por que o Fizzy GREAT 10000 \u00e9 uma obriga\u00e7\u00e3o para todos os entusiastas de vape na Alemanha.<\/p>\n<h2><strong>Descri\u00e7\u00e3o do produto: Vers\u00e1til e poderoso<\/strong><\/h2>\n<p>A\u00a0<strong>Fizzy GREAT 10000 Z\u00fcge Einweg E Zigarette \n\nFizzy GREAT 10000 trag\u00e1veis E Cigarro Eletr\u00f4nico Descart\u00e1vel<\/strong>\u00a0caracteriza-se pela sua facilidade de uso e longa durabilidade. Gra\u00e7as \u00e0\u00a0<strong>18 ml de capacidade de suco eletr\u00f4nico<\/strong>\u00a0voc\u00ea tem l\u00edquido suficiente para uma vaporiza\u00e7\u00e3o prolongada, sem precisar recarregar constantemente. O dispositivo oferece\u00a0<strong>at\u00e9 10.000 movimentos<\/strong>sendo que voc\u00ea n\u00e3o precisa se preocupar com o vapor escapar.<\/p>\n<p>Dispon\u00edvel em for\u00e7as de nicotina\u00a0<strong>2% und 5%<\/strong>, voc\u00ea tem a liberdade de escolher o teor de nicotina que atende \u00e0s suas necessidades, de acordo com suas prefer\u00eancias. O\u00a0<strong>sistema de bobina de malha avan\u00e7ado<\/strong>\u00a0garante um sabor uniforme e intenso, para que cada tragada seja uma experi\u00eancia completamente satisfat\u00f3ria.<\/p>\n<p>O\u00a0<strong>constru\u00e7\u00e3o compacta e port\u00e1til<\/strong>\u00a0O Fizzy GREAT torna-o um companheiro ideal para viagem. Ele cabe facilmente na sua bolsa ou carteira e pode ser facilmente integrado no dia a dia. Com um\u00a0<strong>bateria recarreg\u00e1vel de 650mAh<\/strong>\u00a0e\u00a0<strong>Conector de carregamento tipo C<\/strong>\u00a0N\u00e3o \u00e9 apenas potente, mas tamb\u00e9m economiza tempo. A carga demora apenas um pouco, para que voc\u00ea possa aproveitar novamente mais rapidamente.<\/p>\n<p>O dispositivo \u00e9 pr\u00e1tico\u00a0<strong>Pacotes com 10 dispositivos<\/strong>\u00a0oferecido - ideal para uso pessoal ou para partilhar com amigos. Gra\u00e7as \u00e0 sua f\u00e1cil utiliza\u00e7\u00e3o e ao design elegante, o Fizzy GREAT 10000 \u00e9 um produto excelente para todos aqueles que querem elevar a sua experi\u00eancia de vaporiza\u00e7\u00e3o ao pr\u00f3ximo n\u00edvel.<\/p>\n<h2><strong>Caracter\u00edsticas do produto:<\/strong><\/h2>\n<ul>\n<li><strong>Marca:<\/strong>\u00a0Fizzy<\/li>\n<li><strong>N\u00famero do modelo:<\/strong>\u00a0Fizzy GREAT 10000<\/li>\n<li><strong>Tamanho do produto:<\/strong>\u00a085,3 mm x 53 mm<\/li>\n<li><strong>Capacidade do E-Saft:<\/strong>\u00a018 ml<\/li>\n<li><strong>Nicotina\u0e40\u0e02\u0e49\u0e21idade:<\/strong>\u00a05% oder 2%<\/li>\n<li><strong>Puffs (tiros):<\/strong>\u00a0At\u00e9 10000<\/li>\n<li><strong>Bateria:<\/strong>\u00a0650 mAh (recarreg\u00e1vel)<\/li>\n<li><strong>Ladeanschluss:<\/strong>\u00a0Type-C<\/li>\n<li><strong>Tecnologia:<\/strong>\u00a0Bobina de malha para sabor e produ\u00e7\u00e3o de vapor melhorados<\/li>\n<li><strong>Unidade de embalagem:<\/strong>\u00a010 dispositivos por embalagem<\/li>\n<li><strong>Dispon\u00edveis sabores:<\/strong>\u00a0Mirtilo, Mel\u00e3o e outros<\/li>\n<\/ul>\n<h2><strong>Experi\u00eancia gastron\u00f4mica: Uma variedade de op\u00e7\u00f5es<\/strong><\/h2>\n<p>A\u00a0<a href=\"https:\/\/alfakher24h.de\/pt\/\"><strong>Fizzy GREAT 10000 Z\u00fcge Einweg E Zigarette \n\nFizzy GREAT 10000 trag\u00e1veis E Cigarro Eletr\u00f4nico Descart\u00e1vel<\/strong>\u00a0<\/a>Vem com uma variedade de aromas que o ir\u00e3o entusiasmar a cada tragada. Aqui voc\u00ea encontra os melhores sabores que intensificam a sua experi\u00eancia de vaporiza\u00e7\u00e3o e oferecem algo para todos os sentidos de paladar. Deixe-se seduzir pela sele\u00e7\u00e3o!<\/p>\n<h3><strong>Mirtilo Misto - Frutado e Refrescante<\/strong><\/h3>\n<p>O\u00a0<strong>Mirtilo Misto<\/strong>O sabor \u00e9 uma deliciosa mistura de diferentes tipos de frutas vermelhas que se unem perfeitamente. No primeiro contato, voc\u00ea sente uma do\u00e7ura refrescante, sustentada pela framboesa suculenta e pelas morangos doces. Essa frutividade \u00e9 complementada por uma leve acidez, que torna o sabor ainda mais vibrante. O\u00a0<strong>Mirtilo Misto<\/strong>Sabor \u00e9 um jogo harmonioso de\u00a0<strong>Mirtilo<\/strong>,\u00a0<strong>Amora-preta<\/strong>, e\u00a0<strong>amora-preta<\/strong>que juntos oferecem uma experi\u00eancia gastron\u00f4mica \u00fanica.<\/p>\n<p>a combina\u00e7\u00e3o de notas doces e ligeiramente \u00e1cidas faz com que o sabor de\u00a0<strong>Mirtilo Misto<\/strong>\u00a0permanece refrescante e emocionante. A mistura destas frutas vermelhas proporciona uma explos\u00e3o de sabores multifacetada que revela constantemente novos aromas ao vaporizar. O sabor permanece constante ao longo de todas as 10.000 tragadas e oferece uma experi\u00eancia de vaporiza\u00e7\u00e3o inesquec\u00edvel.<\/p>\n<h3><strong>Melancia - Fresca e Suculenta<\/strong><\/h3>\n<p>A\u00a0<strong>Mel\u00e3o<\/strong>sabor deixa o ver\u00e3o entrar nas suas experi\u00eancias de vaporiza\u00e7\u00e3o. O sabor doce e suculento da\u00a0<strong>Mel\u00e3o de \u00e1gua<\/strong>\u00a0D\u00e1 a cada tragada uma sensa\u00e7\u00e3o fresca e agrad\u00e1vel. A do\u00e7ura natural da fruta \u00e9 acompanhada por um leve frescor, proporcionando uma vaporiza\u00e7\u00e3o absolutamente refrescante. \u00c9 como saborear um peda\u00e7o de melancia rec\u00e9m-cortada, que mata a sede e ao mesmo tempo pamonha as papilas gustativas.<\/p>\n<p>Com cada inala\u00e7\u00e3o voc\u00ea sente o sabor\u00a0<strong>frescura natural<\/strong>\u00a0da mel\u00e3o, que \u00e9 suave e ao mesmo tempo intenso. O sabor permanece por muito tempo na l\u00edngua e deixa um agrad\u00e1vel retrogosto, que o transporta para os quentes dias de ver\u00e3o.<\/p>\n<h3><strong>Outras sabores<\/strong><\/h3>\n<p>Al\u00e9m de Mixed Berry e Watermelon, o Fizzy GREAT 10000 oferece uma variedade de outros sabores atraentes que podem ser constantemente adaptados \u00e0s suas prefer\u00eancias. Quer voc\u00ea prefira um sabor doce ou refrescante, com as in\u00fameras op\u00e7\u00f5es, com certeza encontrar\u00e1 sua combina\u00e7\u00e3o de sabores perfeita.<\/p>\n<h2><strong>Por que voc\u00ea deve comprar o cigarro eletr\u00f4nico descart\u00e1vel Fizzy GREAT 10000 puffs<\/strong><\/h2>\n<p>H\u00e1 muitos motivos pelos quais as\u00a0<strong>Fizzy GREAT 10000 Z\u00fcge Einweg E Zigarette \n\nFizzy GREAT 10000 trag\u00e1veis E Cigarro Eletr\u00f4nico Descart\u00e1vel<\/strong>\u00a0\u00e9 a escolha perfeita para voc\u00ea. Aqui est\u00e3o algumas das principais vantagens que ir\u00e3o convenc\u00ea-lo:<\/p>\n<h3><strong>Durabilidade e conforto<\/strong><\/h3>\n<p>Com\u00a0<strong>at\u00e9 10.000 movimentos<\/strong>\u00a0O Fizzy GREAT oferece uma durabilidade excepcionalmente longa. Voc\u00ea n\u00e3o precisa se preocupar que o vaporizador acabe em poucos dias. A capacidade de 18 ml do e-l\u00edquido garante que voc\u00ea possa desfrutar por um longo per\u00edodo de tempo.<\/p>\n<h3><strong>Usabilidade<\/strong><\/h3>\n<p>A facilidade de uso torna o Fizzy GREAT um produto ideal tanto para iniciantes quanto para vapers experientes. N\u00e3o \u00e9 necess\u00e1rio carregar ou reabastecer o e-l\u00edquido - simplesmente desembale o dispositivo e comece a vaporizar imediatamente.<\/p>\n<h3><strong>Bateria potente<\/strong><\/h3>\n<p>O\u00a0<strong>650mAh bateria<\/strong>\u00a0garante um desempenho confi\u00e1vel e constante. Com o\u00a0<strong>Conector de carga tipo C<\/strong>\u00a0o dispositivo tamb\u00e9m \u00e9 carregado rapidamente, permitindo que voc\u00ea passe menos tempo esperando e mais tempo vaporizando.<\/p>\n<h3><strong>Op\u00e7\u00f5es de sabores vers\u00e1teis<\/strong><\/h3>\n<p>Seja qual for o seu gosto, se voc\u00ea \u00e9 um f\u00e3 de aromas frutados e refrescantes ou sabores doces e ex\u00f3ticos - os\u00a0<strong>Fizzy GREAT 10000 Z\u00fcge Einweg E Zigarette \n\nFizzy GREAT 10000 trag\u00e1veis E Cigarro Eletr\u00f4nico Descart\u00e1vel<\/strong>\u00a0oferece tudo o que voc\u00ea pode desejar. A variedade de sabores garante que haja algo para todos.<\/p>\n<h3><strong>Dispon\u00edvel em diferentes intensidades de nicotina<\/strong><\/h3>\n<p>Com as op\u00e7\u00f5es\u00a0<strong>2% e 5% nicotina<\/strong>\u00a0Voc\u00ea pode ajustar a intensidade da vaporiza\u00e7\u00e3o de acordo com suas pr\u00f3prias prefer\u00eancias. Se voc\u00ea prefere uma vaporiza\u00e7\u00e3o mais leve ou procura uma experi\u00eancia mais intensa, o Fizzy GREAT oferece a solu\u00e7\u00e3o perfeita.<\/p>\n<h3><strong>Tamanho compacto<\/strong><\/h3>\n<p>Atrav\u00e9s do design compacto voc\u00ea pode\u00a0<strong>Fizzy GREAT 10000 Z\u00fcge Einweg E-Zigarette \n\nbecomes \n\nFizzy GREAT 10000 Z\u00fcge Disposable E-Cigarette<\/strong>\u00a0Leve-o sem problemas para qualquer lugar. Seja na bolsa, mochila ou carteira - o dispositivo est\u00e1 sempre ao alcance da m\u00e3o.<\/p>\n<p><img loading=\"lazy\" decoding=\"async\" class=\"alignnone wp-image-1323 size-full\" title=\"Fizzy GREAT 10000 Z\u00fcge Einweg E Zigarette - Mixed Berry 2 Fizzy GREAT 10000 trag\u00e1veis E Cigarros Eletr\u00f4nicos Descart\u00e1veis - Mirtilo Misto 2\" src=\"https:\/\/alfakher24h.de\/wp-content\/uploads\/2025\/01\/Fizzy-GREAT-10000-3-scaled.webp\" sizes=\"auto, (max-width: 1810px) 100vw, 1810px\" srcset=\"https:\/\/alfakher24h.de\/wp-content\/uploads\/2025\/01\/Fizzy-GREAT-10000-3-scaled.webp 1810w, https:\/\/alfakher24h.de\/wp-content\/uploads\/2025\/01\/Fizzy-GREAT-10000-3-212x300.webp 212w, https:\/\/alfakher24h.de\/wp-content\/uploads\/2025\/01\/Fizzy-GREAT-10000-3-724x1024.webp 724w, https:\/\/alfakher24h.de\/wp-content\/uploads\/2025\/01\/Fizzy-GREAT-10000-3-768x1086.webp 768w, https:\/\/alfakher24h.de\/wp-content\/uploads\/2025\/01\/Fizzy-GREAT-10000-3-1086x1536.webp 1086w, https:\/\/alfakher24h.de\/wp-content\/uploads\/2025\/01\/Fizzy-GREAT-10000-3-1448x2048.webp 1448w, https:\/\/alfakher24h.de\/wp-content\/uploads\/2025\/01\/Fizzy-GREAT-10000-3-8x12.webp 8w, https:\/\/alfakher24h.de\/wp-content\/uploads\/2025\/01\/Fizzy-GREAT-10000-3-600x849.webp 600w\" alt=\"Fizzy GREAT 10000 Z\u00fcge Einweg E Zigarette - Mixed Berry Fizzy GREAT 10000 trag\u00e1veis Cigarro Eletr\u00f4nico Descart\u00e1vel - Mirtilo Misto\" width=\"1810\" height=\"2560\" \/><\/p>\n<h2><strong>Conclus\u00e3o: Seu companheiro perfeito para vaporizar<\/strong><\/h2>\n<p>A\u00a0<a href=\"https:\/\/alfakher24h.de\/pt\/\"><strong>Fizzy GREAT 10000 Z\u00fcge Einweg E Zigarette \n\nFizzy GREAT 10000 trag\u00e1veis E Cigarro Eletr\u00f4nico Descart\u00e1vel<\/strong><\/a>\u00a0\u00e9 a escolha perfeita para vapers que procuram um dispositivo pr\u00e1tico, dur\u00e1vel e potente. Com uma variedade de sabores deliciosos, um alto n\u00famero de tragadas e um manuseio f\u00e1cil de usar, este produto de vape se destaca dos demais.<\/p>\n<p>Visite <a href=\"https:\/\/alfakher24h.de\/pt\/\">alfakher24h.de<\/a>a maior plataforma para a compra de\u00a0<strong><a href=\"https:\/\/alfakher24h.de\/pt\/\">Cigarros eletr\u00f4nicos descart\u00e1veis<\/a>\u00a0na Alemanha<\/strong>e obtenha a sua ainda hoje\u00a0<strong>Fizzy GREAT 10000 Z\u00fcge Einweg E Zigarette \n\nFizzy GREAT 10000 trag\u00e1veis E Cigarro Eletr\u00f4nico Descart\u00e1vel<\/strong>! Desfrute de uma experi\u00eancia inesquec\u00edvel de vaporiza\u00e7\u00e3o e descubra o mundo vers\u00e1til dos vapes descart\u00e1veis na Alemanha.<\/p>","protected":false},"excerpt":{"rendered":"<p><strong>Fizzy GREAT 10000 Z\u00fcge Einweg E Zigarette \n\nFizzy GREAT 10000 trag\u00e1veis E Cigarro Eletr\u00f4nico Descart\u00e1vel<\/strong>\u00a0\u00e9 a escolha perfeita para vapers que procuram um dispositivo pr\u00e1tico, dur\u00e1vel e potente. Com uma variedade de sabores deliciosos, um alto n\u00famero de tragadas e um manuseio f\u00e1cil de usar, este produto de vape se destaca dos demais.<\/p>","protected":false},"featured_media":1445,"comment_status":"open","ping_status":"closed","template":"","meta":{"om_disable_all_campaigns":false},"product_brand":[],"product_cat":[38],"product_tag":[],"class_list":{"0":"post-1422","1":"product","2":"type-product","3":"status-publish","4":"has-post-thumbnail","6":"product_cat-fizzy-great-10000","8":"first","9":"instock","10":"shipping-taxable","11":"purchasable","12":"product-type-simple"},"_links":{"self":[{"href":"https:\/\/alfakher24h.de\/pt\/wp-json\/wp\/v2\/product\/1422","targetHints":{"allow":["GET"]}}],"collection":[{"href":"https:\/\/alfakher24h.de\/pt\/wp-json\/wp\/v2\/product"}],"about":[{"href":"https:\/\/alfakher24h.de\/pt\/wp-json\/wp\/v2\/types\/product"}],"replies":[{"embeddable":true,"href":"https:\/\/alfakher24h.de\/pt\/wp-json\/wp\/v2\/comments?post=1422"}],"wp:featuredmedia":[{"embeddable":true,"href":"https:\/\/alfakher24h.de\/pt\/wp-json\/wp\/v2\/media\/1445"}],"wp:attachment":[{"href":"https:\/\/alfakher24h.de\/pt\/wp-json\/wp\/v2\/media?parent=1422"}],"wp:term":[{"taxonomy":"product_brand","embeddable":true,"href":"https:\/\/alfakher24h.de\/pt\/wp-json\/wp\/v2\/product_brand?post=1422"},{"taxonomy":"product_cat","embeddable":true,"href":"https:\/\/alfakher24h.de\/pt\/wp-json\/wp\/v2\/product_cat?post=1422"},{"taxonomy":"product_tag","embeddable":true,"href":"https:\/\/alfakher24h.de\/pt\/wp-json\/wp\/v2\/product_tag?post=1422"}],"curies":[{"name":"wp","href":"https:\/\/api.w.org\/{rel}","templated":true}]}}