{"id":1400,"date":"2025-01-06T05:41:45","date_gmt":"2025-01-06T05:41:45","guid":{"rendered":"https:\/\/alfakher24h.de\/?post_type=product&#038;p=1400"},"modified":"2025-01-06T05:41:45","modified_gmt":"2025-01-06T05:41:45","slug":"ultimo-amor-20-000-baforadas-dtl-cigarro-eletronico-descartavel-gelo-exuberante","status":"publish","type":"product","link":"https:\/\/alfakher24h.de\/pt\/produto\/ultimo-amor-20-000-baforadas-dtl-cigarro-eletronico-descartavel-gelo-exuberante\/","title":{"rendered":"\u00daltimo Amor 20000 Puxadas DTL Cigarro Eletr\u00f4nico Descart\u00e1vel - Sabor Lush Ice"},"content":{"rendered":"<h2><strong>\u00daltimo Amor 20000 Puxadas Cigarro Eletr\u00f4nico Descart\u00e1vel - O Prazer Supremo para Amantes de Vaping na Alemanha<\/strong><\/h2>\n<p>Experimente a pr\u00f3xima gera\u00e7\u00e3o de cigarros eletr\u00f4nicos descart\u00e1veis com a\u00a0<strong>\u00daltimo Amor 20000 Puxadas Cigarro Eletr\u00f4nico Descart\u00e1vel<\/strong>Esta inovadora e-cigarrilha recarreg\u00e1vel oferece at\u00e9 20.000 tragadas e uma sele\u00e7\u00e3o exclusiva de 12 deliciosos sabores que proporcionam uma experi\u00eancia de vaporiza\u00e7\u00e3o incompar\u00e1vel. Desenvolvida para aqueles que desejam aproveitar ao m\u00e1ximo suas sess\u00f5es de vaporiza\u00e7\u00e3o, a Last Love 20000 \u00e9 um item indispens\u00e1vel para todos que valorizam qualidade e desempenho.<\/p>\n<h3><strong>Por que voc\u00ea deve comprar o Last Love 20000 Z\u00fcge One-Way E-Zigarro na Alemanha<\/strong><\/h3>\n<p>A\u00a0<strong>\u00daltimo Amor 20000 Puxadas Cigarro Eletr\u00f4nico Descart\u00e1vel<\/strong>\u00a0Foi especialmente desenvolvido para proporcionar uma experi\u00eancia de vaporiza\u00e7\u00e3o duradoura e fi\u00e1vel. Com uma bateria recarreg\u00e1vel pr\u00e1tica e um indicador de l\u00edquido incorporado, voc\u00ea tem sempre o controle sobre o seu vape. Voc\u00ea pode ter certeza de que cada dose individual do seu sabor favorito \u00e9 utilizada at\u00e9 \u00e0 \u00faltima gota. A bateria integrada de 800mAh permite uma longa dura\u00e7\u00e3o de uso e torna o dispositivo especialmente f\u00e1cil de usar. Seja voc\u00ea um iniciante ou um vapizador experiente, este dispositivo oferece a solu\u00e7\u00e3o perfeita para o seu dia a dia de vaporiza\u00e7\u00e3o.<\/p>\n<p>Se voc\u00ea est\u00e1 procurando por uma\u00a0<strong>Cigarrinha eletr\u00f4nica descart\u00e1vel com nicotina<\/strong>\u00a0s\u00e3o, tanto pr\u00e1ticas quanto poderosas, ent\u00e3o \u00e9 a\u00a0<strong>\u00daltimo Amor 20000 Puxadas Cigarro Eletr\u00f4nico Descart\u00e1vel<\/strong> A escolha perfeita. Compre agora em alfakher24h.de, a loja online l\u00edder para\u00a0<strong>E-Zigarettes descart\u00e1veis na Alemanha<\/strong>e experimente uma experi\u00eancia de vapor incompar\u00e1vel.<\/p>\n<h3><strong>As principais caracter\u00edsticas do Last Love 20000 tragadas cigarro eletr\u00f4nico descart\u00e1vel<\/strong><\/h3>\n<ul>\n<li><strong>20000 trens<\/strong>: Desfrute de longas sess\u00f5es de vaporiza\u00e7\u00e3o sem interrup\u00e7\u00e3o. Com uma vida \u00fatil m\u00e1xima de at\u00e9 20.000 tragadas, voc\u00ea pode aproveitar seu cigarro eletr\u00f4nico por um longo per\u00edodo sem precisar se preocupar com uma troca r\u00e1pida.<\/li>\n<li><strong>Recarreg\u00e1vel<\/strong>: Com a bateria recarreg\u00e1vel integrada de 800mAh, voc\u00ea pode garantir que cada refill de l\u00edquido seja totalmente utilizado - sem desperd\u00edcio, sem interrup\u00e7\u00e3o.<\/li>\n<li><strong>22 ml E-Liquid<\/strong>Cada\u00a0<strong>\u00daltimo Amor 20000 Puxadas Cigarro Eletr\u00f4nico Descart\u00e1vel<\/strong>\u00a0cont\u00e9m 22 ml de l\u00edquido com um teor de nicotina de 2,1% (20 mg). Isso \u00e9 suficiente para in\u00fameras sess\u00f5es de vaporiza\u00e7\u00e3o e garante uma experi\u00eancia de vaporiza\u00e7\u00e3o duradoura.<\/li>\n<li><strong>12 sabores diferentes<\/strong>: Escolha entre uma ampla variedade de sabores que ir\u00e3o entusiasmar voc\u00ea. Seja frutado, fresco ou doce - h\u00e1 algo para todos os gostos.<\/li>\n<li><strong>0,6 Mesh Coil<\/strong>: A bobina Mesh garante uma evapora\u00e7\u00e3o uniforme e maximiza o sabor e a produ\u00e7\u00e3o de vapor.<\/li>\n<li><strong>Vape at\u00e9 a \u00faltima gota<\/strong>Gra\u00e7as ao indicador pr\u00e1tico de l\u00edquido, voc\u00ea tem o controle do n\u00edvel de preenchimento a qualquer momento e pode recarregar seu e-cigarro antes que o l\u00edquido seja completamente consumido.<\/li>\n<\/ul>\n<h3><strong>As 12 sabores dispon\u00edveis do Last Love 20000 Puffs cigarro eletr\u00f4nico descart\u00e1vel<\/strong><\/h3>\n<p>A\u00a0<strong>\u00daltimo Amor 20000 Puxadas Cigarro Eletr\u00f4nico Descart\u00e1vel<\/strong>\u00a0est\u00e1 dispon\u00edvel em uma variedade de sabores emocionais. Cada sabor foi cuidadosamente desenvolvido para oferecer-lhe a experi\u00eancia de vaporiza\u00e7\u00e3o definitiva. Aqui est\u00e3o os 12 sabores exclusivos que voc\u00ea pode esperar:<\/p>\n<ol>\n<li><strong>Lush Ice<\/strong>Um mix refrescante de mel\u00e3o doce e hortel\u00e3 fresca que proporciona a sensa\u00e7\u00e3o de relaxar num para\u00edso tropical.<\/li>\n<li><strong>Mango Ice<\/strong>Mangos maduros e suculentos combinados com uma nota refrescante de mentol, que proporcionam a voc\u00ea a experi\u00eancia de vaporiza\u00e7\u00e3o frutada perfeita.<\/li>\n<li><strong>Blueberry Mint<\/strong>Saborosas mirtilos encontram-se com uma refrescante nota de hortel\u00e3 - uma combina\u00e7\u00e3o deliciosa e refrescante.<\/li>\n<li><strong>Sorvete de Uva<\/strong>O sabor intenso de uvas maduras \u00e9 perfeitamente complementado por um componente refrescante de gelo.<\/li>\n<li><strong>Peach Ice<\/strong>: Suculentos p\u00eassegos que refrescam em um abra\u00e7o gelado - ideais para dias quentes de ver\u00e3o.<\/li>\n<li><strong>Morango Banana<\/strong>Uma deliciosa mistura de morangos doces e bananas cremosas - um cl\u00e1ssico frutado.<\/li>\n<li><strong>Tropical Punch<\/strong>Uma explos\u00e3o tropical de v\u00e1rias frutas que exala o sabor de f\u00e9rias e sol.<\/li>\n<li><strong>Watermelon Ice<\/strong>Uma melancia refrescante com uma nota gelada - o perfeito mata sede.<\/li>\n<li><strong>Cola Ice<\/strong>: O sabor refrescante de cola encontra uma nota fresca de mentol - para todos os amantes de bebidas refrescantes.<\/li>\n<li><strong>Bebida Energ\u00e9tica<\/strong>O sabor revigorante de um cl\u00e1ssico energ\u00e9tico - ideal para um impulso no meio do caminho.<\/li>\n<li><strong>Vanilla Tobacco<\/strong>Um equil\u00edbrio harmonioso entre o doce da baunilha e o sabor robusto do tabaco - para os amantes de aromas tradicionais.<\/li>\n<li><strong>hortel\u00e3<\/strong>Um aroma refrescante de hortel\u00e3 que proporciona uma frescura duradoura.<\/li>\n<\/ol>\n<h3><strong>Detalhes do Sabor: Lush Ice - Um Prazer Refrescante<\/strong><\/h3>\n<p><strong>Lush Ice<\/strong>\u00a0\u00e9 um sabor particularmente popular\u00a0<strong>\u00daltimo Amor 20000 Puxadas Cigarro Eletr\u00f4nico Descart\u00e1vel<\/strong>E isso por um bom motivo. A combina\u00e7\u00e3o de melancia suculenta e hortel\u00e3 refrescante oferece uma mistura equilibrada de do\u00e7ura e frescor que torna o vape um experi\u00eancia luxuosa.<\/p>\n<h4><strong>Experi\u00eancia gustativa:<\/strong><\/h4>\n<p>A melancia em\u00a0<strong>Lush Ice<\/strong>\u00a0\u00c9 a estrela do show - ela fornece o sabor doce e suculento de uma fruta perfeitamente madura. O car\u00e1ter frutado e refrescante da melancia se desdobra imediatamente a cada tragada, e a do\u00e7ura natural permanece agrad\u00e1vel na l\u00edngua.<\/p>\n<p>Mas o que d\u00e1 o sabor de\u00a0<strong>Lush Ice<\/strong>\u00a0O que realmente o distingue \u00e9 o mentol refrescante, que complementa perfeitamente a do\u00e7ura frutada. Proporciona uma sensa\u00e7\u00e3o refrescante e duradoura na boca e d\u00e1 a cada tragada uma agrad\u00e1vel frescura, muito apreciada especialmente em dias quentes. O sabor de mentol n\u00e3o \u00e9 muito dominante, mas proporciona o equil\u00edbrio perfeito entre frescura e do\u00e7ura, sem sobrecarregar o sabor.<\/p>\n<h4><strong>Por que o Lush Ice \u00e9 o sabor perfeito para cada vapeador:<\/strong><\/h4>\n<ul>\n<li><strong>Refrescante<\/strong>Ideal para todos que procuram uma experi\u00eancia de vaporiza\u00e7\u00e3o refrescante e ao mesmo tempo frutada.<\/li>\n<li><strong>Vers\u00e1til<\/strong>Um sabor perfeito para qualquer ocasi\u00e3o - seja como um vape di\u00e1rio ou como um destaque especial para o ver\u00e3o.<\/li>\n<li><strong>Prolongadamente<\/strong>O sabor permanece agradavelmente por muito tempo na l\u00edngua, sem se tornar muito intenso.<\/li>\n<\/ul>\n<h3><strong>Conclus\u00e3o: Por que o Last Love 20000 Z\u00fcge de cigarro eletr\u00f4nico descart\u00e1vel \u00e9 a escolha perfeita<\/strong><\/h3>\n<p>A\u00a0<strong>\u00daltimo Amor 20000 Puxadas Cigarro Eletr\u00f4nico Descart\u00e1vel<\/strong>\u00a0\u00e9 mais do que apenas mais um dispositivo de vape no mercado. Com sua bateria recarreg\u00e1vel, grande capacidade de l\u00edquido e uma variedade de sabores deliciosos, \u00e9 uma excelente escolha para entusiastas de vape na Alemanha. Se voc\u00ea est\u00e1 procurando por um cigarro eletr\u00f4nico dur\u00e1vel, potente e com variedade de sabores, ent\u00e3o este modelo \u00e9 exatamente o que voc\u00ea precisa.<\/p>\n<p><strong>Bestelen Sie noch heute bei alfakher24h.de<\/strong>\u00a0e aproveite a melhor sele\u00e7\u00e3o de\u00a0<strong>E-Zigarettes descart\u00e1veis com nicotina<\/strong>\u00a0em Alemanha. Aproveite a nossa oferta exclusiva e descubra por que a\u00a0<strong>\u00daltimo Amor 20000 Puxadas Cigarro Eletr\u00f4nico Descart\u00e1vel<\/strong>\u00a0a escolha para vaporizadores exigentes.<\/p>","protected":false},"excerpt":{"rendered":"<p><strong>\u00daltimo Amor 20000 Puxadas Cigarro Eletr\u00f4nico Descart\u00e1vel<\/strong>\u00a0\u00c9 mais do que apenas mais um dispositivo de vape no mercado.<\/p>","protected":false},"featured_media":1401,"comment_status":"open","ping_status":"closed","template":"","meta":{"om_disable_all_campaigns":false},"product_brand":[],"product_cat":[36],"product_tag":[],"class_list":{"0":"post-1400","1":"product","2":"type-product","3":"status-publish","4":"has-post-thumbnail","6":"product_cat-last-love-20000","8":"first","9":"instock","10":"shipping-taxable","11":"purchasable","12":"product-type-simple"},"_links":{"self":[{"href":"https:\/\/alfakher24h.de\/pt\/wp-json\/wp\/v2\/product\/1400","targetHints":{"allow":["GET"]}}],"collection":[{"href":"https:\/\/alfakher24h.de\/pt\/wp-json\/wp\/v2\/product"}],"about":[{"href":"https:\/\/alfakher24h.de\/pt\/wp-json\/wp\/v2\/types\/product"}],"replies":[{"embeddable":true,"href":"https:\/\/alfakher24h.de\/pt\/wp-json\/wp\/v2\/comments?post=1400"}],"wp:featuredmedia":[{"embeddable":true,"href":"https:\/\/alfakher24h.de\/pt\/wp-json\/wp\/v2\/media\/1401"}],"wp:attachment":[{"href":"https:\/\/alfakher24h.de\/pt\/wp-json\/wp\/v2\/media?parent=1400"}],"wp:term":[{"taxonomy":"product_brand","embeddable":true,"href":"https:\/\/alfakher24h.de\/pt\/wp-json\/wp\/v2\/product_brand?post=1400"},{"taxonomy":"product_cat","embeddable":true,"href":"https:\/\/alfakher24h.de\/pt\/wp-json\/wp\/v2\/product_cat?post=1400"},{"taxonomy":"product_tag","embeddable":true,"href":"https:\/\/alfakher24h.de\/pt\/wp-json\/wp\/v2\/product_tag?post=1400"}],"curies":[{"name":"wp","href":"https:\/\/api.w.org\/{rel}","templated":true}]}}