{"id":1375,"date":"2025-01-03T06:17:45","date_gmt":"2025-01-03T06:17:45","guid":{"rendered":"https:\/\/alfakher24h.de\/?post_type=product&#038;p=1375"},"modified":"2025-01-03T06:20:17","modified_gmt":"2025-01-03T06:20:17","slug":"request-failed-with-status-code-504","status":"publish","type":"product","link":"https:\/\/alfakher24h.de\/pt\/produto\/request-failed-with-status-code-504\/","title":{"rendered":"HighPuffs %95 HHC DISPOSABLE PEN Einweg E Zigarette \u2013 GORILLA GLUE"},"content":{"rendered":"<p>Bem-vindo ao mundo dos cigarros eletr\u00f4nicos descart\u00e1veis exclusivos! Os\u00a0<a href=\"https:\/\/alfakher24h.de\/pt\/\"><strong>GELATO HHC E-Zigarette 95% HHC \n\nbecomes \n\nGELATO HHC E-Zigarette 95% HHC<\/strong><\/a>\u00a0de\u00a0<strong>HighPuffs<\/strong>\u00a0oferece uma experi\u00eancia de vaporiza\u00e7\u00e3o excepcional, elevando cada sabor a um novo n\u00edvel. Com seu sabor \u00fanico e intenso, o GELATO E-Zigarette n\u00e3o s\u00f3 proporciona uma experi\u00eancia inesquec\u00edvel, mas tamb\u00e9m um efeito relaxante, oferecendo o equil\u00edbrio perfeito.<\/p>\n<p><strong>Experimente o melhor da tecnologia HHC<\/strong><\/p>\n<p>HHC (Hydroxyhexahydrocannabinol) \u00e9 o principal componente do\u00a0<a href=\"https:\/\/alfakher24h.de\/pt\/\"><strong>GELATO HHC E-Zigarette<\/strong><\/a>com uma concentra\u00e7\u00e3o impressionante de 95 %. Este canabin\u00f3ide inovador proporciona uma sensa\u00e7\u00e3o \u00fanica e intensa, que proporciona momentos relaxantes e uma experi\u00eancia de prazer especial. Gra\u00e7as ao alto teor de HHC, o cigarro eletr\u00f4nico GELATO da HighPuffs oferece uma experi\u00eancia de vaporiza\u00e7\u00e3o \u00fanica que o cativa a cada tragada.<\/p>\n<h3><strong>A versatilidade do GELATO HHC E-Zigarette: Uma explos\u00e3o de sabor para os seus sentidos<\/strong><\/h3>\n<p>A\u00a0<strong>GELATO HHC E-Zigarette<\/strong>\u00a0\u00e9 mais do que apenas um produto - \u00e9 um convite para uma viagem gastron\u00f4mica. Com uma mistura sofisticada de\u00a0<strong>Terpenos<\/strong>\u00a0e ao aut\u00eantico\u00a0<strong>GELATO<\/strong>-Sabor, esta e-cigarrilha oferece uma verdadeira explos\u00e3o de sabor. \u00c9 como se voc\u00ea estivesse em um caf\u00e9 exclusivo, desfrutando do caf\u00e9 perfeito em combina\u00e7\u00e3o com a do\u00e7ura quente de gelato cremoso.<\/p>\n<p><strong>Cigarro eletr\u00f4nico descart\u00e1vel com nicotina: Perfeito para o consumo r\u00e1pido<\/strong><\/p>\n<p>Como\u00a0<strong>Cigarrinha eletr\u00f4nica descart\u00e1vel com nicotina<\/strong>\u00a0\u00e9 a\u00a0<strong>GELATO HHC E-Zigarette<\/strong>\u00a0ideal para o prazer descomplicado. Sem reabastecimento, sem complica\u00e7\u00f5es - simplesmente desfrute! O tanque generoso \u00e9 suficiente para v\u00e1rias tragadas e proporciona uma experi\u00eancia duradoura. Especialmente na Alemanha, a demanda por\u00a0<strong>E-Zigarettes descart\u00e1veis com nicotina<\/strong>\u00a0subiu, e com\u00a0<strong>GELATO HHC E-Zigarette<\/strong>\u00a0Oferecemos um produto que atende aos mais altos padr\u00f5es de qualidade.<\/p>\n<h3><strong>Caracter\u00edsticas do produto do GELATO HHC E-Zigarro<\/strong><\/h3>\n<ul>\n<li><strong>95% HHC:<\/strong>\u00a0Alto teor de HHC para um prazer intenso.<\/li>\n<li><strong>Sabor de gelato:<\/strong>\u00a0Cremoso, doce e \u00fanico.<\/li>\n<li><strong>Cigarrinha eletr\u00f4nica descart\u00e1vel:<\/strong>\u00a0F\u00e1cil de usar e conveniente para o consumo di\u00e1rio.<\/li>\n<li><strong>Terpen-Mischung<\/strong>\u00a0Terpenos perfeitamente afinados garantem uma experi\u00eancia de vaporiza\u00e7\u00e3o excepcional.<\/li>\n<li><strong>Sem reabastecimento:<\/strong>\u00a0Uso \u00fanico, nenhuma manuten\u00e7\u00e3o necess\u00e1ria.<\/li>\n<li><strong>Duradouro<\/strong>\u00a0A bateria integrada garante uma longa vida \u00fatil.<\/li>\n<li><strong>Diversidade de sabores:<\/strong>\u00a0Ao lado\u00a0<a href=\"https:\/\/alfakher24h.de\/pt\/\"><strong>GELATO<\/strong><\/a>\u00a0tamb\u00e9m oferecemos outros sabores interessantes como\u00a0<strong>GORILLA GLUE<\/strong>que proporcionam variedade.<\/li>\n<\/ul>\n<p><strong>Importante: Notas sobre o uso do GELATO HHC E-Cigarro<\/strong><\/p>\n<p>Gostar\u00edamos de salientar que\u00a0<strong>HighPuffs<\/strong>\u00a0n\u00e3o fornece aconselhamento m\u00e9dico e os nossos\u00a0<strong>GELATO HHC E-Zigarette<\/strong>\u00a0n\u00e3o se destina ao diagn\u00f3stico, cura ou preven\u00e7\u00e3o de doen\u00e7as. Este e-cigarro destina-se ao uso para prazer e n\u00e3o deve ser usado em contexto m\u00e9dico.\u00a0<strong>O consumo \u00e9 exclusivamente destinado a adultos a partir de 18 anos<\/strong>e recomendamos fortemente que mantenha o produto fora do alcance de crian\u00e7as.<\/p>\n<p>\u00c9 importante saber que\u00a0<strong>uso excessivo do GELATO HHC cigarro eletr\u00f4nico<\/strong>\u00a0em algumas pessoas pode levar a um efeito intoxicante. Por esse motivo, recomendamos que voc\u00ea n\u00e3o opere m\u00e1quinas pesadas ou dirija durante o uso. Aproveite o produto com cautela e use-o com modera\u00e7\u00e3o para o consumo ideal.<\/p>\n<p><strong>Nossa recomenda\u00e7\u00e3o para o melhor prazer<\/strong><\/p>\n<p>Para garantir a melhor experi\u00eancia, recomendamos que voc\u00ea atualize\u00a0<strong>GELATO HHC E-Zigarette<\/strong>\u00a0consumir com modera\u00e7\u00e3o. A dosagem ideal \u00e9 de no m\u00e1ximo 6 tragadas por dia. Dessa forma, voc\u00ea pode aproveitar os benef\u00edcios do\u00a0<strong>95% HHC<\/strong>\u00a0Aproveite ao m\u00e1ximo e desfrute da experi\u00eancia de vaporiza\u00e7\u00e3o definitiva. Menos \u00e9, \u00e0s vezes, mais - e isso \u00e9 especialmente verdadeiro para a alta qualidade deste produto.<\/p>\n<p><img loading=\"lazy\" decoding=\"async\" class=\"alignnone wp-image-1731 size-full\" title=\"HighPuffs %95 HHC DISPOSABLE PEN Einweg E Zigarette - GORILLA GLUE 2\" src=\"https:\/\/alfakher24h.de\/wp-content\/uploads\/2025\/01\/HighPuffs-HHC-VAPE-2.webp\" sizes=\"auto, (max-width: 1280px) 100vw, 1280px\" srcset=\"https:\/\/alfakher24h.de\/wp-content\/uploads\/2025\/01\/HighPuffs-HHC-VAPE-2.webp 1280w, https:\/\/alfakher24h.de\/wp-content\/uploads\/2025\/01\/HighPuffs-HHC-VAPE-2-300x300.webp 300w, https:\/\/alfakher24h.de\/wp-content\/uploads\/2025\/01\/HighPuffs-HHC-VAPE-2-1024x1024.webp 1024w, https:\/\/alfakher24h.de\/wp-content\/uploads\/2025\/01\/HighPuffs-HHC-VAPE-2-150x150.webp 150w, https:\/\/alfakher24h.de\/wp-content\/uploads\/2025\/01\/HighPuffs-HHC-VAPE-2-768x768.webp 768w, https:\/\/alfakher24h.de\/wp-content\/uploads\/2025\/01\/HighPuffs-HHC-VAPE-2-12x12.webp 12w, https:\/\/alfakher24h.de\/wp-content\/uploads\/2025\/01\/HighPuffs-HHC-VAPE-2-600x600.webp 600w, https:\/\/alfakher24h.de\/wp-content\/uploads\/2025\/01\/HighPuffs-HHC-VAPE-2-100x100.webp 100w\" alt=\"GELATO %95 HHC DISPOSABLE PEN Einweg E Zigarette - GORILLA GLUE\" width=\"1280\" height=\"1280\" \/><\/p>\n<h3><strong>Por que voc\u00ea deve comprar o GELATO HHC E-cigarro da HighPuffs?<\/strong><\/h3>\n<ol>\n<li><strong>Ingredientes de alta qualidade:<\/strong>\u00a0A\u00a0<strong>GELATO HHC E-Zigarette<\/strong>\u00a0\u00e9 fabricado com ingredientes de alta qualidade, incluindo 95% HHC e terpenos cuidadosamente selecionados. Isso garante n\u00e3o apenas uma experi\u00eancia de sabor intensa, mas tamb\u00e9m um produto de alt\u00edssima qualidade.<\/li>\n<li><strong>Gosto exclusivo:<\/strong>\u00a0Com o popular\u00a0<strong>sabor de gelato<\/strong>\u00a0e outros sabores como\u00a0<strong>GORILLA GLUE<\/strong>\u00a0Voc\u00ea tem a possibilidade de personalizar e ampliar sua experi\u00eancia de vaporiza\u00e7\u00e3o.<\/li>\n<li><strong>Perfeito para um consumo r\u00e1pido:<\/strong>\u00a0Como\u00a0<strong>Cigarrinha eletr\u00f4nica descart\u00e1vel<\/strong>\u00a0N\u00e3o precisa se preocupar em reabastecer ou fazer manuten\u00e7\u00e3o - simplesmente desembale e aproveite.<\/li>\n<li><strong>Seguran\u00e7a:<\/strong>\u00a0Nossos produtos atendem aos mais altos padr\u00f5es de seguran\u00e7a e garantimos que sejam adequados apenas para adultos.<\/li>\n<li><strong>Diretamente do l\u00edder de mercado:<\/strong>\u00a0<strong>HighPuffs<\/strong>\u00a0\u00e9 um dos fabricantes mais conhecidos e confi\u00e1veis de\u00a0<strong>E-Zigarettes descart\u00e1veis<\/strong>\u00a0na Alemanha.<\/li>\n<\/ol>\n<h3><strong>Experi\u00eancia de sabor do GELATO HHC E-cigarro<\/strong><\/h3>\n<p>Um caracter\u00edstica marcante da\u00a0<strong>GELATO HHC E-Zigarette<\/strong>\u00a0\u00e9 deles\u00a0<strong>composi\u00e7\u00e3o exclusiva de sabores<\/strong>. A base do perfil de sabor \u00e9 formado pelo famoso\u00a0<strong>Gelato-Aroma<\/strong>Mas o que exatamente d\u00e1 o sabor de\u00a0<strong>Gelato<\/strong>\u00a0t\u00e3o especial?\u00a0<strong>Gelato<\/strong>\u00a0\u00e9 uma mistura de\u00a0<strong>cremoso de baunilha<\/strong>\u00a0e um\u00a0<strong>delicada fruticidade<\/strong>que se encaixam perfeitamente com os\u00a0<strong>Terpenos<\/strong>\u00a0do HHC complementado. Se voc\u00ea o\u00a0<strong>GELATO HHC E-Zigarette<\/strong>\u00a0comece por experienciar\u00a0<strong>doce suave<\/strong>que se transformou em um\u00a0<strong>aroma de baunilha rico, mas n\u00e3o opressor<\/strong>\u00a0desenvolvido. Este \u00e9 gerido por uma\u00a0<strong>nota delicada e frutada<\/strong>\u00a0lembram os aromas de frutas vermelhas maduras ou de frutas c\u00edtricas.<\/p>\n<p>A\u00a0<strong>Terpenos<\/strong>\u00a0desempenham um papel importante nesta experi\u00eancia gustativa e conferem \u00e0 experi\u00eancia de vaporiza\u00e7\u00e3o um\u00a0<strong>subt\u00eds, mas profundos<\/strong>\u00a0Sabor. Em combina\u00e7\u00e3o com o 95% HHC, o sabor \u00e9 ainda mais enriquecido, para que cada tragada seja tanto\u00a0<strong>tranq\u00fcilizador \n(acento) \nou \nacalma \n(mais informal) \nou \ntranq\u00fcilizing \n N\u00c3O, \nacalma \nou \ntranq\u00fcilizador<\/strong>\u00a0bem como tamb\u00e9m \nou \nassim como tamb\u00e9m\u00a0<strong>deliciosamente<\/strong>\u00a0\u00e9. Especialmente digno de nota \u00e9 o\u00a0<strong>suave cremosidade<\/strong>\u00a0do aroma que, ao ser inalado, causa quase\u00a0<strong>leitoso<\/strong>transmite um car\u00e1cter levemente doce, sem parecer intrusivo.<\/p>\n<p>Al\u00e9m disso, existe o\u00a0<strong>GORILLA GLUE<\/strong>Sabor ideal para todos os amantes de aromas mais intensos.\u00a0<strong>Gorilla Glue<\/strong>\u00a0oferece uma robusta\u00a0<strong>Nota de terra e madeira<\/strong>de uma ligeira\u00a0<strong>Nota de caf\u00e9 e cacau<\/strong>\u00a0acompanha. \u00c9 o companheiro perfeito para aqueles que o\u00a0<strong>sabor terroso<\/strong>\u00a0com uma\u00a0<strong>pequeno efeito semelhante \u00e0 cafe\u00edna<\/strong>\u00a0preferem. O sabor tem uma\u00a0<strong>complexidade profunda<\/strong>que s\u00e3o de\u00a0<strong>Fumacidade<\/strong>\u00a0e uma pitada\u00a0<strong>doce de baunilha<\/strong>\u00a0\u00e9 acompanhado.<\/p>\n<h3><strong>Conclus\u00e3o<\/strong><\/h3>\n<p>A\u00a0<strong>GELATO HHC E-Zigarette 95% HHC Einweg E-Zigarette \n\nbecomes \n\nGELATO HHC E-Zigarette 95% HHC E-Zigarette descart\u00e1vel<\/strong>\u00a0n\u00e3o \u00e9 apenas um produto - \u00e9 uma experi\u00eancia. Se voc\u00ea o\u00a0<strong>GELATO<\/strong>desfrutar do sabor ou a\u00a0<strong>GORILLA GLUE<\/strong>-Variante bevorzugen, jede E-Zigarette verspricht ein einzigartiges Dampferlebnis. Wenn Sie in Deutschland auf der Suche nach einer \n\n Prefira a variante, cada cigarro eletr\u00f4nico promete uma experi\u00eancia de vaporiza\u00e7\u00e3o \u00fanica. Se voc\u00ea estiver procurando por um na Alemanha\u00a0<strong>Cigarros eletr\u00f4nicos descart\u00e1veis de alta qualidade com nicotina<\/strong>\u00a0ent\u00e3o \u00e9 esta a escolha perfeita para voc\u00ea. Ordene agora o seu\u00a0<strong>GELATO HHC E-Zigarette<\/strong> em <a href=\"https:\/\/alfakher24h.de\/pt\/\">alfakher24h.de<\/a>a maior plataforma de vendas online de cigarros eletr\u00f4nicos descart\u00e1veis na Alemanha.<\/p>\n<p><strong>N\u00e3o hesite - descubra a experi\u00eancia de vaporiza\u00e7\u00e3o incompar\u00e1vel com HighPuffs e aproveite o mundo do HHC.<\/strong><\/p>","protected":false},"excerpt":{"rendered":"<p><strong>GELATO HHC E-Zigarette 95% HHC Einweg E-Zigarette \n\nbecomes \n\nGELATO HHC E-Zigarette 95% HHC E-Zigarette descart\u00e1vel<\/strong>\u00a0N\u00e3o \u00e9 apenas um produto - \u00e9 uma experi\u00eancia.<\/p>","protected":false},"featured_media":1373,"comment_status":"open","ping_status":"closed","template":"","meta":{"om_disable_all_campaigns":false},"product_brand":[],"product_cat":[35],"product_tag":[],"class_list":{"0":"post-1375","1":"product","2":"type-product","3":"status-publish","4":"has-post-thumbnail","6":"product_cat-hhc-disposable-pen","8":"first","9":"instock","10":"shipping-taxable","11":"purchasable","12":"product-type-simple"},"_links":{"self":[{"href":"https:\/\/alfakher24h.de\/pt\/wp-json\/wp\/v2\/product\/1375","targetHints":{"allow":["GET"]}}],"collection":[{"href":"https:\/\/alfakher24h.de\/pt\/wp-json\/wp\/v2\/product"}],"about":[{"href":"https:\/\/alfakher24h.de\/pt\/wp-json\/wp\/v2\/types\/product"}],"replies":[{"embeddable":true,"href":"https:\/\/alfakher24h.de\/pt\/wp-json\/wp\/v2\/comments?post=1375"}],"wp:featuredmedia":[{"embeddable":true,"href":"https:\/\/alfakher24h.de\/pt\/wp-json\/wp\/v2\/media\/1373"}],"wp:attachment":[{"href":"https:\/\/alfakher24h.de\/pt\/wp-json\/wp\/v2\/media?parent=1375"}],"wp:term":[{"taxonomy":"product_brand","embeddable":true,"href":"https:\/\/alfakher24h.de\/pt\/wp-json\/wp\/v2\/product_brand?post=1375"},{"taxonomy":"product_cat","embeddable":true,"href":"https:\/\/alfakher24h.de\/pt\/wp-json\/wp\/v2\/product_cat?post=1375"},{"taxonomy":"product_tag","embeddable":true,"href":"https:\/\/alfakher24h.de\/pt\/wp-json\/wp\/v2\/product_tag?post=1375"}],"curies":[{"name":"wp","href":"https:\/\/api.w.org\/{rel}","templated":true}]}}