{"id":1361,"date":"2025-01-03T04:51:34","date_gmt":"2025-01-03T04:51:34","guid":{"rendered":"https:\/\/alfakher24h.de\/?post_type=product&#038;p=1361"},"modified":"2025-07-16T07:13:09","modified_gmt":"2025-07-16T07:13:09","slug":"smpo-dl02-10000-baforadas-descartaveis-e-cigarros-entrega-aleatoria-de-sabores-rapidos","status":"publish","type":"product","link":"https:\/\/alfakher24h.de\/pt\/produto\/smpo-dl02-10000-baforadas-descartaveis-e-cigarros-entrega-aleatoria-de-sabores-rapidos\/","title":{"rendered":"SMPO DL02 10000 Z\u00fcge Einweg E Zigarette \u2013 Random flavors(fast delivery)\n\n \nSMPO DL02 10000 cigarros eletr\u00f4nicos descart\u00e1veis - Sabores aleat\u00f3rios (entrega r\u00e1pida)"},"content":{"rendered":"<h2><strong>SMPO DL02 10000 Z\u00fcge Einweg E Zigarette: A escolha definitiva para vapers na Alemanha<\/strong><\/h2>\n<p>A\u00a0<a href=\"https:\/\/alfakher24h.de\/pt\/?post_type=product&amp;p=1361&amp;preview=true\"><strong>SMPO DL02 10000 Z\u00fcge Einweg E Zigarette \n\nbecomes \n\nSMPO DL02 10000 Trens Cigarro Eletr\u00f4nico Descart\u00e1vel<\/strong><\/a>\u00a0\u00e9 o companheiro perfeito para vapeadores que procuram uma solu\u00e7\u00e3o amig\u00e1vel, dur\u00e1vel e vers\u00e1til. Com uma capacidade impressionante de\u00a0<strong>10.000 trens<\/strong>\u00a0e uma variedade de sabores que agradam ao paladar, este produto estabelece novos padr\u00f5es no mundo da\u00a0<strong>E-Zigarettes descart\u00e1veis<\/strong>Para todos que na Alemanha procuram por uma de alta qualidade <a href=\"https:\/\/alfakher24h.de\/pt\/\"><strong>Cigarro eletr\u00f4nico com nicotina<\/strong><\/a>\u00a0procurar, \u00e9 o\u00a0<a href=\"https:\/\/alfakher24h.de\/pt\/\"><strong>SMPO DL02<\/strong><\/a>\u00a0A escolha perfeita. Se voc\u00ea \u00e9 um vapeador experiente ou um novato, este modelo oferece tudo o que voc\u00ea precisa para uma experi\u00eancia de vaporiza\u00e7\u00e3o agrad\u00e1vel.<\/p>\n<hr \/>\n<h2><strong>Por que o SMPO DL02 10000 trem de cigarros eletr\u00f4nicos descart\u00e1veis \u00e9 a melhor escolha para voc\u00ea<\/strong><\/h2>\n<p>A\u00a0<strong>SMPO DL02 10000 Z\u00fcge Einweg E Zigarette \n\nbecomes \n\nSMPO DL02 10000 Trens Cigarro Eletr\u00f4nico Descart\u00e1vel<\/strong>\u00a0\u00e9 uma escolha excepcional para todos que procuram uma maneira confort\u00e1vel e eficiente de desfrutar do vapor. Ela n\u00e3o \u00e9 apenas particularmente atraente devido \u00e0 sua alta capacidade de tiragem e \u00e0 tecnologia inovadora, mas tamb\u00e9m devido \u00e0 sua facilidade de uso e \u00e0 excelente experi\u00eancia de sabor. Seja voc\u00ea est\u00e1 na Alemanha procurando por uma\u00a0<strong>Cigarrinha eletr\u00f4nica descart\u00e1vel com nicotina<\/strong>\u00a0precisam de uma op\u00e7\u00e3o pr\u00e1tica para viagem - o SMPO DL02 convence em todos os aspectos.<\/p>\n<h3><strong>Cigarrinho eletr\u00f4nico descart\u00e1vel com nicotina - Ideal para viagem<\/strong><\/h3>\n<p>Com uma for\u00e7a de nicotina de\u00a0<strong>2 % (20 mg)<\/strong>\u00a0\u00e9 adequada a\u00a0<strong>SMPO DL02<\/strong>\u00a0Perfeito para vapers que procuram o chute de nicotina em combina\u00e7\u00e3o com um prazer de vapor agrad\u00e1vel. Estas\u00a0<strong>Cigarro eletr\u00f4nico com nicotina<\/strong>\u00a0oferece um prazer imediato, sem que seja necess\u00e1rio reabastecer ou realizar manuten\u00e7\u00e3o complicada.\u00a0<strong>SMPO DL02<\/strong>\u00a0\u00e9 especialmente pr\u00e1tico para uso em movimento ou como um backup para o vape di\u00e1rio.<\/p>\n<h3><strong>Fun\u00e7\u00f5es e caracter\u00edsticas dos trens SMPO DL02 10000 cigarros eletr\u00f4nicos descart\u00e1veis<\/strong><\/h3>\n<ul>\n<li><strong>Capacidade:<\/strong>\u00a020 ml - Com isso, o\u00a0<strong>SMPO DL02<\/strong>\u00a0Perfeito para um prazer prolongado, pois a generosa capacidade de l\u00edquido garante um grande n\u00famero de tragadas.<\/li>\n<li><strong>Trens:<\/strong>\u00a0Mais do que\u00a0<strong>10.000 trens<\/strong>\u00a0\u2013 Uma conquista impressionante para uma\u00a0<a href=\"https:\/\/alfakher24h.de\/pt\/\"><strong>Cigarrinha eletr\u00f4nica descart\u00e1vel<\/strong>,<\/a> que oferece uma longa vida \u00fatil e uma experi\u00eancia de vapor intensa.<\/li>\n<li><strong>Capacidade da bateria:<\/strong>\u00a0750 mAh - A alta capacidade garante que a bateria dure o suficiente para atingir facilmente os 10.000 puffs.<\/li>\n<li><strong>Pot\u00eancia de pico:<\/strong>\u00a020 W - Ideal para um prazer de vapor constante com um desempenho consistente.<\/li>\n<li><strong>Resist\u00eancia:<\/strong>\u00a00,6 Ohm - A resist\u00eancia garante uma produ\u00e7\u00e3o de vapor equilibrada e uma experi\u00eancia agrad\u00e1vel de MTL (boca para pulm\u00e3o) ou DL (direto para pulm\u00e3o).<\/li>\n<li><strong>Tecnologia:<\/strong>\u00a0Com a\u00a0<strong>Tecnologia inteligente de prote\u00e7\u00e3o contra superaquecimento do secador CRUX<\/strong>\u00a0Desfrute de cada tragada com sabor puro. Esta tecnologia inovadora protege o dispositivo contra superaquecimento e garante uma maior durabilidade.<\/li>\n<li><strong>Design ergon\u00f4mico:<\/strong>\u00a0O\u00a0<strong>SMPO DL02<\/strong>\u00a0\u00e9 ergonomicamente projetado para ficar confort\u00e1vel na m\u00e3o e garantir um uso conveniente.<\/li>\n<\/ul>\n<h3><strong>Vantagens do SMPO DL02 10000 Trens Cigarro Eletr\u00f4nico Descart\u00e1vel<\/strong><\/h3>\n<ul>\n<li><strong>Manuseio simples:<\/strong>\u00a0Nenhuma recarga ou manuten\u00e7\u00e3o necess\u00e1ria - simplesmente desembale e comece a vaporizar!<\/li>\n<li><strong>Longa durabilidade:<\/strong>\u00a0Com mais de\u00a0<strong>10.000 trens<\/strong>\u00a0podem se manter por muito tempo em sua\u00a0<strong>Cigarrinha eletr\u00f4nica descart\u00e1vel<\/strong>\u00a0deixar.<\/li>\n<li><strong>Sabor requintado:<\/strong>\u00a0Gra\u00e7as a\u00a0<strong>Tecnologia de prote\u00e7\u00e3o contra superaquecimento CRUX<\/strong>\u00a0O sabor \u00e9 reproduzido de forma \u00f3ptima em cada tragada.<\/li>\n<li><strong>Versatilidade:<\/strong>\u00a0A\u00a0<strong>SMPO DL02<\/strong>\u00a0\u00e9 adequado tanto para vaporizadores MTL quanto DL, oferecendo assim um amplo p\u00fablico-alvo.<\/li>\n<\/ul>\n<p><img loading=\"lazy\" decoding=\"async\" class=\"alignnone wp-image-1560 size-full\" title=\"SMPO DL02 10000 Z\u00fcge Einweg E Zigarette - Random flavors(fast delivery) 3 SMPO DL02 10000 trag\u00e1veis E Cigarros - Sabores aleat\u00f3rios (entrega r\u00e1pida) 3\" src=\"https:\/\/alfakher24h.de\/wp-content\/uploads\/2025\/01\/SMPO-DL02-product-profile_01.webp\" sizes=\"auto, (max-width: 2133px) 100vw, 2133px\" srcset=\"https:\/\/alfakher24h.de\/wp-content\/uploads\/2025\/01\/SMPO-DL02-product-profile_01.webp 2133w, https:\/\/alfakher24h.de\/wp-content\/uploads\/2025\/01\/SMPO-DL02-product-profile_01-300x169.webp 300w, https:\/\/alfakher24h.de\/wp-content\/uploads\/2025\/01\/SMPO-DL02-product-profile_01-1024x576.webp 1024w, https:\/\/alfakher24h.de\/wp-content\/uploads\/2025\/01\/SMPO-DL02-product-profile_01-768x432.webp 768w, https:\/\/alfakher24h.de\/wp-content\/uploads\/2025\/01\/SMPO-DL02-product-profile_01-1536x864.webp 1536w, https:\/\/alfakher24h.de\/wp-content\/uploads\/2025\/01\/SMPO-DL02-product-profile_01-2048x1152.webp 2048w, https:\/\/alfakher24h.de\/wp-content\/uploads\/2025\/01\/SMPO-DL02-product-profile_01-18x10.webp 18w, https:\/\/alfakher24h.de\/wp-content\/uploads\/2025\/01\/SMPO-DL02-product-profile_01-600x338.webp 600w\" alt=\"SMPO DL02 10000 Z\u00fcge Einweg E Zigarette - Random flavors(fast delivery) SMPO DL02 10000 trag\u00e1veis E-cigarros descart\u00e1veis - Sabores aleat\u00f3rios (entrega r\u00e1pida)\" width=\"2133\" height=\"1200\" \/><\/p>\n<h2><strong>Descubra os sabores do SMPO DL02 10000 Puffs Cigarro Eletr\u00f4nico Descart\u00e1vel<\/strong><\/h2>\n<p>Umstellung war die Gr\u00fcndung der weltweit ersten \nFinanzakademie.\u00a0<strong>SMPO DL02 10000 Z\u00fcge Einweg E Zigarette \n\nbecomes \n\nSMPO DL02 10000 Trens Cigarro Eletr\u00f4nico Descart\u00e1vel<\/strong>\u00a0s\u00e3o os diferentes\u00a0<strong>Sabores<\/strong>que voc\u00ea pode desfrutar durante o vapor. Uma op\u00e7\u00e3o particularmente popular \u00e9 a\u00a0<strong>Bal\u00e3o de Lim\u00e3o<\/strong>Sabor que combina o prazer pleno de um lim\u00e3o doce e refrescante com uma agrad\u00e1vel nota de algod\u00e3o doce.<\/p>\n<h3><strong>Outras sabores (Dispon\u00edvel em <a href=\"https:\/\/alfakher24h.de\/pt\/\">alfakher24h.de<\/a>)<\/strong><\/h3>\n<p>Ao lado\u00a0<strong>Bal\u00e3o de Lim\u00e3o<\/strong>\u00a0oferece a\u00a0<strong>SMPO DL02<\/strong>\u00a0numerosas outras variedades de sabores que enriquecem a sua experi\u00eancia de vaporiza\u00e7\u00e3o. Todos os aromas s\u00e3o cuidadosamente selecionados e oferecem uma mistura equilibrada de\u00a0<strong>fresco, frutado<\/strong>\u00a0ou\u00a0<strong>cremigen<\/strong>\u00a0Notas que tornam o vapor uma experi\u00eancia inesquec\u00edvel.<\/p>\n<hr \/>\n<h2><strong>Por que voc\u00ea deve comprar o SMPO DL02 10000 Z\u00fcge Einweg E Zigarette na alfakher24h.de<\/strong><\/h2>\n<p>alfakher24h.de \u00e9 a maior loja online para <strong>E-Zigarettes descart\u00e1veis<\/strong>\u00a0em\u00a0<strong>Alemanha<\/strong>. Encontrar\u00e1s n\u00e3o apenas as\u00a0<strong>SMPO DL02 10000 Z\u00fcge Einweg E Zigarette \n\nbecomes \n\nSMPO DL02 10000 Trens Cigarro Eletr\u00f4nico Descart\u00e1vel<\/strong>mas tamb\u00e9m uma enorme sele\u00e7\u00e3o de outras op\u00e7\u00f5es de alta qualidade\u00a0<strong>Produtos de vape<\/strong>Nossos clientes apreciam n\u00e3o apenas a enorme sele\u00e7\u00e3o e os pre\u00e7os acess\u00edveis, mas tamb\u00e9m nosso r\u00e1pido envio e nosso excelente servi\u00e7o ao cliente.<\/p>\n<p>Ao fazer isso, voc\u00ea\u00a0<strong>SMPO DL02 10000 Z\u00fcge Einweg E Zigarette \n\nbecomes \n\nSMPO DL02 10000 Trens Cigarro Eletr\u00f4nico Descart\u00e1vel<\/strong>\u00a0Ao comprar conosco, voc\u00ea se beneficia de:<\/p>\n<ul>\n<li><strong>Envio r\u00e1pido<\/strong>\u00a0diretamente para sua casa<\/li>\n<li><strong>Ofertas exclusivas<\/strong>\u00a0e\u00a0<strong>Descontos<\/strong><\/li>\n<li><strong>Excelente servi\u00e7o ao cliente<\/strong>que est\u00e1 sempre l\u00e1 para voc\u00ea<\/li>\n<li><strong>M\u00e9todos de pagamento confi\u00e1veis<\/strong>\u00a0para a sua seguran\u00e7a<\/li>\n<\/ul>\n<p>Em alfakher24h.de voc\u00ea encontra apenas produtos de alta qualidade. Nossos <strong>E-Zigarettes descart\u00e1veis<\/strong>\u00a0est\u00e3o sempre atualizados com a \u00faltima tecnologia, para que voc\u00ea possa ter certeza de que sempre ter\u00e1 a melhor experi\u00eancia.<\/p>\n<hr \/>\n<h2><strong>Conclus\u00e3o: O SMPO DL02 10000 Z\u00fcge descart\u00e1vel cigarro eletr\u00f4nico \u00e9 uma obriga\u00e7\u00e3o para os vapers na Alemanha<\/strong><\/h2>\n<p>A\u00a0<strong>SMPO DL02 10000 Z\u00fcge Einweg E Zigarette \n\nbecomes \n\nSMPO DL02 10000 Trens Cigarro Eletr\u00f4nico Descart\u00e1vel<\/strong>\u00a0\u00e9 uma escolha excelente para todos os vapeadores em\u00a0<strong>Alemanha<\/strong>que procuram uma solu\u00e7\u00e3o potente, f\u00e1cil de usar e convincente em termos de sabor\u00a0<strong>Cigarro eletr\u00f4nico com nicotina<\/strong>\u00a0procurar. Com uma\u00a0<strong>Capacidade de 10.000 trens<\/strong>inovador\u00a0<strong>Tecnologia de prote\u00e7\u00e3o contra superaquecimento CRUX<\/strong>\u00a0e uma variedade de deliciosos\u00a0<strong>Sabores<\/strong>\u00a0oferece tudo o que voc\u00ea precisa para uma experi\u00eancia de vaporiza\u00e7\u00e3o incr\u00edvel.<\/p>\n<p><strong>Compre hoje mesmo o seu SMPO DL02 10000 Zigueiras Cigarro Eletr\u00f4nico Descart\u00e1vel <a href=\"https:\/\/alfakher24h.de\/pt\/\">alfakher24h.de <\/a><\/strong>e aproveite o melhor prazer de vapor que o mercado tem a oferecer!<\/p>","protected":false},"excerpt":{"rendered":"<p><strong>SMPO DL02 10000 Z\u00fcge Einweg E Zigarette \n\nbecomes \n\nSMPO DL02 10000 Trens Cigarro Eletr\u00f4nico Descart\u00e1vel<\/strong>\u00a0\u00e9 uma escolha excelente para todos os vapeadores em\u00a0<strong>Alemanha<\/strong><\/p>","protected":false},"featured_media":1335,"comment_status":"open","ping_status":"closed","template":"","meta":{"om_disable_all_campaigns":false},"product_brand":[],"product_cat":[34],"product_tag":[],"class_list":{"0":"post-1361","1":"product","2":"type-product","3":"status-publish","4":"has-post-thumbnail","6":"product_cat-smpo-dl02-10000","8":"first","9":"outofstock","10":"shipping-taxable","11":"purchasable","12":"product-type-simple"},"_links":{"self":[{"href":"https:\/\/alfakher24h.de\/pt\/wp-json\/wp\/v2\/product\/1361","targetHints":{"allow":["GET"]}}],"collection":[{"href":"https:\/\/alfakher24h.de\/pt\/wp-json\/wp\/v2\/product"}],"about":[{"href":"https:\/\/alfakher24h.de\/pt\/wp-json\/wp\/v2\/types\/product"}],"replies":[{"embeddable":true,"href":"https:\/\/alfakher24h.de\/pt\/wp-json\/wp\/v2\/comments?post=1361"}],"wp:featuredmedia":[{"embeddable":true,"href":"https:\/\/alfakher24h.de\/pt\/wp-json\/wp\/v2\/media\/1335"}],"wp:attachment":[{"href":"https:\/\/alfakher24h.de\/pt\/wp-json\/wp\/v2\/media?parent=1361"}],"wp:term":[{"taxonomy":"product_brand","embeddable":true,"href":"https:\/\/alfakher24h.de\/pt\/wp-json\/wp\/v2\/product_brand?post=1361"},{"taxonomy":"product_cat","embeddable":true,"href":"https:\/\/alfakher24h.de\/pt\/wp-json\/wp\/v2\/product_cat?post=1361"},{"taxonomy":"product_tag","embeddable":true,"href":"https:\/\/alfakher24h.de\/pt\/wp-json\/wp\/v2\/product_tag?post=1361"}],"curies":[{"name":"wp","href":"https:\/\/api.w.org\/{rel}","templated":true}]}}