{"id":1284,"date":"2024-12-29T01:21:54","date_gmt":"2024-12-29T01:21:54","guid":{"rendered":"https:\/\/alfakher24h.de\/?post_type=product&#038;p=1284"},"modified":"2025-05-21T05:10:21","modified_gmt":"2025-05-21T05:10:21","slug":"fumot-randm-tornado-20000-baforadas-cigarro-eletronico-descartavel-pina-colada","status":"publish","type":"product","link":"https:\/\/alfakher24h.de\/pt\/produto\/fumot-randm-tornado-20000-baforadas-cigarro-eletronico-descartavel-pina-colada\/","title":{"rendered":"Fumot RandM 20000 Z\u00fcge Einweg E Zigarette \u2013 Pina Colada \nFumot RandM 20000 trag\u00e1veis E Cigarro - Pina Colada"},"content":{"rendered":"<div class=\"group\/conversation-turn relative flex w-full min-w-0 flex-col agent-turn\">\n<div class=\"flex-col gap-1 md:gap-3\">\n<div class=\"flex max-w-full flex-col flex-grow\">\n<div class=\"min-h-8 text-message flex w-full flex-col items-end gap-2 whitespace-normal break-words text-start [.text-message+&amp;]:mt-5\" dir=\"auto\" data-message-author-role=\"assistant\" data-message-id=\"da376c24-a816-4be3-a54c-31e09123b95f\" data-message-model-slug=\"gpt-4o\">\n<div class=\"flex w-full flex-col gap-1 empty:hidden first:pt-[3px]\">\n<div class=\"markdown prose w-full break-words dark:prose-invert light\">\n<h2>Fumot RandM 20000 Z\u00fcge Einweg E Zigarette \u2013 Durable, Prazeroso e Inovador<\/h2>\n<p>A\u00a0<a href=\"https:\/\/alfakher24h.de\/pt\/?post_type=product&amp;p=1284&amp;preview=true\"><strong>Fumot RandM 20000 trag\u00e1veis cigarros eletr\u00f3nicos descart\u00e1veis<\/strong><\/a>\u00a0Une dispositivos tecnologia excepcional e facilidade de uso em um \u00fanico aparelho. Com sua incr\u00edvel capacidade de at\u00e9 20.000 tragadas, \u00e9 a escolha perfeita para todos que procuram um cigarro eletr\u00f4nico descart\u00e1vel de alta qualidade, dur\u00e1vel e com sabor intenso. Seja para iniciantes ou vapers experientes, esse cigarro eletr\u00f4nico descart\u00e1vel atende aos mais altos padr\u00f5es e oferece uma experi\u00eancia de vaporiza\u00e7\u00e3o incompar\u00e1vel.<\/p>\n<hr \/>\n<h3>\ud83d\udee0\ufe0f\u00a0<strong>Descri\u00e7\u00e3o do produto - O que faz o\u00a0<\/strong>RandM <strong>20K especialmente?<\/strong><\/h3>\n<p>O Tornado 20000 destaca-se pelo seu design moderno e pelas suas fun\u00e7\u00f5es inovadoras. N\u00e3o \u00e9 apenas extremamente potente, mas tamb\u00e9m intuitivo de utilizar. Equipado com dois modos de pot\u00eancia \u2013\u00a0<strong>Modo de Motor \u00danico<\/strong>\u00a0e\u00a0<strong>Modo de Duplo Motor<\/strong>\u00a0\u2013 permite uma personaliza\u00e7\u00e3o individual de acordo com as suas prefer\u00eancias.<\/p>\n<ul>\n<li><strong>Modo de Motor \u00danico<\/strong>: Perfeito para uma experi\u00eancia de vapor longa e constante com at\u00e9 20.000 tragadas.<\/li>\n<li><strong>Modo de Duplo Motor<\/strong>: Ideal para sess\u00f5es de vapor mais intensivas com uma capacidade m\u00e1xima de 10.000 tragadas.<\/li>\n<\/ul>\n<p>Al\u00e9m disso, asseguram uma\u00a0<strong>Indica\u00e7\u00e3o da bateria<\/strong>\u00a0e uma\u00a0<strong>Exibi\u00e7\u00e3o de E-L\u00edquido<\/strong>\u00a0para garantir que voc\u00ea sempre tenha uma vis\u00e3o geral. O inovador\u00a0<strong>Sistema de Controle de Fluxo de Ar<\/strong>\u00a0permite ajustar a corrente de ar com precis\u00e3o - seja estreita ou arejada, voc\u00ea tem a escolha.<\/p>\n<p>A robusta\u00a0<strong>Bateria de 850 mAh<\/strong>\u00a0Fornece energia suficiente para todo o dia, sem necessidade de recarregar frequentemente.<\/p>\n<p><img loading=\"lazy\" decoding=\"async\" class=\"alignnone size-full wp-image-1274\" src=\"https:\/\/alfakher24h.de\/wp-content\/uploads\/2024\/12\/Fumot-RandM-Tornado-20000-3-2048x1313.jpg.webp\" alt=\"\" width=\"2048\" height=\"1313\" title=\"\" srcset=\"https:\/\/alfakher24h.de\/wp-content\/uploads\/2024\/12\/Fumot-RandM-Tornado-20000-3-2048x1313.jpg.webp 2048w, https:\/\/alfakher24h.de\/wp-content\/uploads\/2024\/12\/Fumot-RandM-Tornado-20000-3-2048x1313.jpg-300x192.webp 300w, https:\/\/alfakher24h.de\/wp-content\/uploads\/2024\/12\/Fumot-RandM-Tornado-20000-3-2048x1313.jpg-1024x657.webp 1024w, https:\/\/alfakher24h.de\/wp-content\/uploads\/2024\/12\/Fumot-RandM-Tornado-20000-3-2048x1313.jpg-768x492.webp 768w, https:\/\/alfakher24h.de\/wp-content\/uploads\/2024\/12\/Fumot-RandM-Tornado-20000-3-2048x1313.jpg-1536x985.webp 1536w, https:\/\/alfakher24h.de\/wp-content\/uploads\/2024\/12\/Fumot-RandM-Tornado-20000-3-2048x1313.jpg-18x12.webp 18w, https:\/\/alfakher24h.de\/wp-content\/uploads\/2024\/12\/Fumot-RandM-Tornado-20000-3-2048x1313.jpg-600x385.webp 600w\" sizes=\"auto, (max-width: 2048px) 100vw, 2048px\" \/><\/p>\n<hr \/>\n<h3>\ud83c\udf1f\u00a0<strong>Principais caracter\u00edsticas em resumo<\/strong><\/h3>\n<ol>\n<li><strong>Tecnologia de malha dupla<\/strong>: Densa produ\u00e7\u00e3o de vapor com sabor intenso.<\/li>\n<li><strong>Opera\u00e7\u00e3o simples<\/strong>: Perfeito para iniciantes e experientes vapeadores.<\/li>\n<li><strong>Dois modos de desempenho<\/strong>: Modo Single e Dual Engine para vaporiza\u00e7\u00e3o flex\u00edvel.<\/li>\n<li><strong>An\u00fancios inteligentes<\/strong>: N\u00edvel da bateria e do l\u00edquido eletr\u00f4nico sempre em vista.<\/li>\n<li><strong>Fluxo de ar ajust\u00e1vel<\/strong>: Personalize sua experi\u00eancia de vaporiza\u00e7\u00e3o.<\/li>\n<li><strong>Bateria de longa dura\u00e7\u00e3o<\/strong>: Bateria de 850 mAh para desempenho confi\u00e1vel.<\/li>\n<li><strong>Design descart\u00e1vel<\/strong>: Nenhuma manuten\u00e7\u00e3o ou limpeza necess\u00e1ria.<\/li>\n<\/ol>\n<\/div>\n<\/div>\n<\/div>\n<\/div>\n<\/div>\n<\/div>\n<p>&nbsp;<\/p>\n<h3>\ud83c\udf4d\u00a0<strong>Sabores \u2013 Pina Colada: Prazer tropical puro<\/strong><\/h3>\n<p>Tornado 20000 est\u00e1 dispon\u00edvel em uma variedade de sabores atraentes, incluindo o popular\u00a0<strong>Pina Colada<\/strong>Esta sabor leva voc\u00ea em uma viagem tropical cheia de aromas ex\u00f3ticos:<\/p>\n<ul>\n<li><strong>Anan\u00e1s<\/strong>Doce, frutado e refrescante - um sopro de sol tropical em cada gole.<\/li>\n<li><strong>Noz de coco<\/strong>: Cremoso e rico, complementa perfeitamente o abacaxi e proporciona um acabamento aveludado.<\/li>\n<li><strong>Brisa fresca<\/strong>: Uma nota subtil e fresca que arredonda o perfil tropical.<\/li>\n<\/ul>\n<p>O resultado \u00e9 uma combina\u00e7\u00e3o de sabores perfeitamente harmonizada, que une tanto nuances doces quanto ex\u00f3ticas de forma harmoniosa, tornando cada tragada uma experi\u00eancia especial.<\/p>\n<hr \/>\n<h3>\ud83d\udca1\u00a0<strong>Por que em<a href=\"https:\/\/alfakher24h.de\/pt\/?post_type=product&amp;p=1284&amp;preview=true\"> alfakher24h.de\u00a0<\/a>Comprar?<\/strong><\/h3>\n<ul>\n<li><strong>Oferta exclusiva<\/strong>Somos a maior plataforma para cigarros eletr\u00f3nicos descart\u00e1veis na Alemanha.<\/li>\n<li><strong>Produtos de alta qualidade<\/strong>: Apenas vaporizadores cuidadosamente testados e certificados.<\/li>\n<li><strong>Compra conveniente<\/strong>: Simplesmente encomende e desfrute - entregue diretamente em sua casa.<\/li>\n<li><strong>Sele\u00e7\u00e3o m\u00faltipla<\/strong>Numerosos sabores e designs.<\/li>\n<li><strong>Servi\u00e7o de atendimento ao cliente confi\u00e1vel<\/strong>: Sempre aqui para suas perguntas.<\/li>\n<\/ul>","protected":false},"excerpt":{"rendered":"<h2><strong>Fumot RandM 20000<\/strong> Trens Descart\u00e1veis E Cigarros Eletr\u00f4nicos - Dur\u00e1veis, Prazerosos e Inovadores<\/h2>","protected":false},"featured_media":1285,"comment_status":"open","ping_status":"closed","template":"","meta":{"om_disable_all_campaigns":false},"product_brand":[],"product_cat":[33],"product_tag":[],"class_list":{"0":"post-1284","1":"product","2":"type-product","3":"status-publish","4":"has-post-thumbnail","6":"product_cat-randm-fumot-20000","8":"first","9":"outofstock","10":"shipping-taxable","11":"purchasable","12":"product-type-simple"},"_links":{"self":[{"href":"https:\/\/alfakher24h.de\/pt\/wp-json\/wp\/v2\/product\/1284","targetHints":{"allow":["GET"]}}],"collection":[{"href":"https:\/\/alfakher24h.de\/pt\/wp-json\/wp\/v2\/product"}],"about":[{"href":"https:\/\/alfakher24h.de\/pt\/wp-json\/wp\/v2\/types\/product"}],"replies":[{"embeddable":true,"href":"https:\/\/alfakher24h.de\/pt\/wp-json\/wp\/v2\/comments?post=1284"}],"wp:featuredmedia":[{"embeddable":true,"href":"https:\/\/alfakher24h.de\/pt\/wp-json\/wp\/v2\/media\/1285"}],"wp:attachment":[{"href":"https:\/\/alfakher24h.de\/pt\/wp-json\/wp\/v2\/media?parent=1284"}],"wp:term":[{"taxonomy":"product_brand","embeddable":true,"href":"https:\/\/alfakher24h.de\/pt\/wp-json\/wp\/v2\/product_brand?post=1284"},{"taxonomy":"product_cat","embeddable":true,"href":"https:\/\/alfakher24h.de\/pt\/wp-json\/wp\/v2\/product_cat?post=1284"},{"taxonomy":"product_tag","embeddable":true,"href":"https:\/\/alfakher24h.de\/pt\/wp-json\/wp\/v2\/product_tag?post=1284"}],"curies":[{"name":"wp","href":"https:\/\/api.w.org\/{rel}","templated":true}]}}