{"id":1254,"date":"2024-12-26T05:43:11","date_gmt":"2024-12-26T05:43:11","guid":{"rendered":"https:\/\/alfakher24h.de\/?post_type=product&#038;p=1254"},"modified":"2024-12-26T05:43:11","modified_gmt":"2024-12-26T05:43:11","slug":"fumot-randm-caixa-digital-12000-baforadas-descartaveis-e-cigarro-morango-kiwi","status":"publish","type":"product","link":"https:\/\/alfakher24h.de\/pt\/produto\/fumot-randm-caixa-digital-12000-baforadas-descartaveis-e-cigarro-morango-kiwi\/","title":{"rendered":"Fumot RandM Caixa Digital 12000 Puxadas Cigarro Eletr\u00f4nico Descart\u00e1vel - Morango Kiwi"},"content":{"rendered":"<h2>Fumot RandM Digital Box 12000 Puffs Descart\u00e1vel E Cigarro: Sua escolha final para uma experi\u00eancia de vaporiza\u00e7\u00e3o premium<\/h2>\n<div style=\"width: 1020px;\" class=\"wp-video\"><video class=\"wp-video-shortcode\" id=\"video-1254-1\" width=\"1020\" height=\"574\" preload=\"metadata\" controls=\"controls\"><source type=\"video\/mp4\" src=\"https:\/\/alfakher24h.de\/wp-content\/uploads\/2024\/12\/Fumot-RandM-Digital-Box-12000.mp4?_=1\" \/><a href=\"https:\/\/alfakher24h.de\/wp-content\/uploads\/2024\/12\/Fumot-RandM-Digital-Box-12000.mp4\">https:\/\/alfakher24h.de\/wp-content\/uploads\/2024\/12\/Fumot-RandM-Digital-Box-12000.mp4<\/a><\/video><\/div>\n<p>A\u00a0<a href=\"https:\/\/alfakher24h.de\/pt\/?post_type=product&amp;p=1254&amp;preview=true\"><strong>Fumot RandM Caixa Digital 12000 Puxadas Cigarro Eletr\u00f4nico Descart\u00e1vel<\/strong>\u00a0i<\/a>\u00e9 o \u00faltimo avan\u00e7o no mundo dos vaporizadores descart\u00e1veis e uma das melhores op\u00e7\u00f5es para todos que procuram uma experi\u00eancia de vaporiza\u00e7\u00e3o confi\u00e1vel e intensa. Este avan\u00e7ado\u00a0<a href=\"https:\/\/alfakher24h.de\/pt\/\"><strong>Cigarra Eletr\u00f4nica Descart\u00e1vel<\/strong><\/a>\u00a0combina inova\u00e7\u00e3o e qualidade para oferecer-lhe a experi\u00eancia de vaporiza\u00e7\u00e3o definitiva. Com uma capacidade impressionante de\u00a0<strong>12.000 trens<\/strong>a um\u00a0<strong>Visor LED<\/strong>e um\u00a0<strong>forte op\u00e7\u00e3o de nicotina<\/strong>, oferece estes\u00a0<strong>E-cigarro com nicotina<\/strong>\u00a0tudo o que voc\u00ea deseja de um dispositivo vape moderno.<\/p>\n<p>A\u00a0<strong>Fumot RandM Digital Box 12000<\/strong>\u00a0N\u00e3o \u00e9 apenas um dispositivo tecnologicamente avan\u00e7ado, mas tamb\u00e9m uma obra-prima da usabilidade. Seja voc\u00ea um vapeador experiente ou um novato nessa \u00e1rea - com este dispositivo, voc\u00ea experimentar\u00e1 o equil\u00edbrio perfeito entre design, desempenho e funcionalidade. Vamos examinar em detalhes as caracter\u00edsticas \u00fanicas deste produto e descobrir por que voc\u00ea deve absolutamente\u00a0<strong>em alfakher24h.de<\/strong>comprar devem, a principal plataforma para\u00a0<strong>Vapes Descart\u00e1veis na Alemanha<\/strong>.<\/p>\n<h3>Descri\u00e7\u00e3o do produto<\/h3>\n<p>A\u00a0<strong>Fumot RandM Caixa Digital 12000 Puxadas Cigarro Eletr\u00f4nico Descart\u00e1vel<\/strong>\u00a0\u00e9 um dos vaporizadores descart\u00e1veis mais potentes do mercado. Com um\u00a0<strong>20 ml de e-l\u00edquido pr\u00e9-preenchido<\/strong>que at\u00e9\u00a0<strong>12000 trens<\/strong>\u00a0e permite, e um\u00a0<strong>bateria potente de 550mAh<\/strong>que tem mais de\u00a0<strong>Conector Type-C<\/strong>\u00a0ser carregado, este dispositivo \u00e9 ideal para sess\u00f5es prolongadas de vaporiza\u00e7\u00e3o. Gra\u00e7as \u00e0\u00a0<strong>Bobinas de malha<\/strong>\u00a0Essa e-cigarrilha proporciona um vapor excepcionalmente intenso e saboroso que, a cada tragada, permanece agrad\u00e1vel e suave na boca.<\/p>\n<p>O design \u00e9 funcional e esteticamente atraente. Oferece uma forma compacta e ergon\u00f4mica que se ajusta confortavelmente na m\u00e3o e vem com um\u00a0<strong>Visor LED<\/strong>que o\u00a0<strong>Consumo de E-L\u00edquido<\/strong>\u00a0e o\u00a0<strong>Status da bateria<\/strong>\u00a0em tempo real. A \n(continuar...), however I only got \"in Echtzeit anzeigt. Die\", I will translate only that.\n\nexibe em tempo real. A\u00a0<strong>Luzes RGB<\/strong>que acendem durante o vape d\u00e3o ao dispositivo um toque adicional, moderno e fixe.<\/p>\n<h3>Caracter\u00edsticas da Fumot RandM Digital Box 12000 Puffs<\/h3>\n<ul>\n<li><strong>20ml de capacidade de E-L\u00edquido<\/strong>: Desfrute at\u00e9\u00a0<strong>12000 trens<\/strong>\u00a0sem reabastecimento.<\/li>\n<li><strong>Longa vida \u00fatil<\/strong>: O\u00a0<strong>Bateria de 550mAh<\/strong>\u00a0\u00e9\u00a0<strong>recarreg\u00e1vel<\/strong>\u00a0sobre o\u00a0<strong>Conector Type-C<\/strong>, o que torna o uso ainda mais confort\u00e1vel.<\/li>\n<li><strong>Op\u00e7\u00f5es avan\u00e7adas de nicotina<\/strong>Selecione entre\u00a0<strong>5%<\/strong>\u00a0ou\u00a0<strong>2% Nikotin<\/strong>\u00a0para a intensidade desejada.<\/li>\n<li><strong>6 luzes RGB<\/strong>: D\u00ea uma dimens\u00e3o visual emocionante \u00e0 sua experi\u00eancia de vaporiza\u00e7\u00e3o.<\/li>\n<li><strong>Controle de fluxo de ar<\/strong>: Ajuste o fluxo de ar conforme necess\u00e1rio para obter a quantidade perfeita de vapor.<\/li>\n<li><strong>Mesh Coils<\/strong>Para um sabor intenso e vapor uniforme.<\/li>\n<li><strong>Opera\u00e7\u00e3o confort\u00e1vel<\/strong>: Sem bot\u00f5es, ativado simplesmente por arrasto.<\/li>\n<\/ul>\n<h3>Fumot RandM Caixa Digital 12000 Puxadas  Cigarros Eletr\u00f4nicos Descart\u00e1veis Sabores<\/h3>\n<p>Uma das maiores for\u00e7as da\u00a0<strong>Fumot RandM Digital Box 12000<\/strong>\u00a0\u00e9 a grande variedade de sabores. Especial destaque para o\u00a0<a href=\"https:\/\/alfakher24h.de\/pt\/\"><strong>Morango Kiwi<\/strong>&#8211;<\/a>sabor que combina harmoniosamente\u00a0<strong>frutado morango<\/strong>\u00a0e\u00a0<strong>kiwi refrescante<\/strong>\u00a0oferece. O\u00a0<strong>doce sabor de morango, mas n\u00e3o avassalador<\/strong>\u00a0\u00e9 perfeitamente complementado pela\u00a0<strong>kiwi herb\u00e1cea e ligeiramente \u00e1cida<\/strong>\u00a0arredondado, o que leva a uma experi\u00eancia gustativa absolutamente satisfat\u00f3ria e equilibrada.<\/p>\n<h4>Sabor Morango Kiwi<\/h4>\n<p>O\u00a0<strong>Morango Kiwi<\/strong>Sabor leva voc\u00ea em uma viagem frutal que pamonha suas papilas gustativas a cada inala\u00e7\u00e3o. O\u00a0<strong>doce sabor de morango<\/strong>\u00a0oferece uma experi\u00eancia intensa, mas agrad\u00e1vel, que lembra o prazer de morangos rec\u00e9m colhidos. Em combina\u00e7\u00e3o com a\u00a0<strong>Kiwi fresca<\/strong>, conhecida por sua nota levemente \u00e1cida, mas ainda refrescante, cria um aroma perfeitamente equilibrado.\u00a0<strong>Frutalidade<\/strong>\u00a0seus frutos se conectam harmoniosamente e proporcionam uma experi\u00eancia fresca, doce e ao mesmo tempo ligeiramente picante. Isso torna o\u00a0<strong>Morango Kiwi<\/strong>-Sabor \u00e9 uma escolha ideal para vapers que preferem sabores frutados, mas n\u00e3o muito doces.<\/p>\n<p>A\u00a0<strong>Fumot RandM Digital Box 12000<\/strong>\u00a0\u00e9 ideal para todos aqueles que um\u00a0<strong>experi\u00eancia de sabor longa e intensa<\/strong>\u00a0procurar. Mediante o uso de\u00a0<strong>Bobinas de malha<\/strong>\u00a0o sabor se torna especialmente intenso e uniforme. Com este e-cigarro voc\u00ea experimenta n\u00e3o apenas o\u00a0<strong>Sabor de fruta<\/strong>mas tamb\u00e9m o\u00a0<strong>vapor pleno<\/strong>que \u00e9 liberado a cada trem.<\/p>\n<h4>Outros sabores<\/h4>\n<p>Ao lado\u00a0<strong>Morango Kiwi<\/strong>\u00a0h\u00e1 uma ampla sele\u00e7\u00e3o de outras op\u00e7\u00f5es de sabores dispon\u00edveis para voc\u00ea. Com\u00a0<strong>at\u00e9 48 sabores dispon\u00edveis<\/strong>\u00a0encontre com certeza algo que corresponda ao seu gosto pessoal. Esta variedade de op\u00e7\u00f5es garante que haja a escolha certa para cada vapeador - de\u00a0<strong>doce<\/strong>\u00a0e\u00a0<strong>suculentos<\/strong>\u00a0at\u00e9\u00a0<strong>refrescantes<\/strong>\u00a0e\u00a0<strong>similar a mentol<\/strong>\u00a0Sabores. Assim, o vape nunca fica entediante!<\/p>\n<h3>Por que voc\u00ea deve comprar o Fumot RandM Digital Box 12000 Puffs Cigarro Eletr\u00f4nico Descart\u00e1vel?<\/h3>\n<p>A\u00a0<strong>Fumot RandM Caixa Digital 12000 Puxadas Cigarro Eletr\u00f4nico Descart\u00e1vel<\/strong>\u00a0oferece uma\u00a0<strong>combina\u00e7\u00e3o imbat\u00edvel de desempenho, design e sabor<\/strong>Seja voc\u00ea um fumante ocasional ou um usu\u00e1rio regular, este cigarro eletr\u00f4nico exceder\u00e1 suas expectativas.<\/p>\n<ul>\n<li><strong>Duradouro e eficaz em termos de custos<\/strong>Mit einer\u00a0<strong>Capacidade de 12000 trens<\/strong>\u00a0voc\u00ea n\u00e3o precisa se preocupar que o\u00a0<strong>Estoque de E-L\u00edquido<\/strong>\u00a0vai acabar muito r\u00e1pido. Um\u00a0<strong>compra \u00fanica<\/strong>\u00a0mant\u00e9m-se durante muito tempo, o que torna este cigarro eletr\u00f3nico descart\u00e1vel numa\u00a0<strong>escolha econ\u00f4mica<\/strong>\u00a0faz.<\/li>\n<li><strong>Fun\u00e7\u00f5es inovadoras<\/strong>: A\u00a0<strong>Luzes RGB<\/strong>\u00a0e isso\u00a0<strong>Visor LED<\/strong>\u00a0oferecem n\u00e3o apenas vantagens pr\u00e1ticas, mas tamb\u00e9m uma\u00a0<strong>melhoria visual<\/strong>\u00a0do experi\u00eancia de vaporiza\u00e7\u00e3o.<\/li>\n<li><strong>Aromas refrescantes<\/strong>: O\u00a0<strong>Morango Kiwi<\/strong>sabor e a variedade de outras op\u00e7\u00f5es oferecem um\u00a0<strong>fruity, agrad\u00e1vel vaporiza\u00e7\u00e3o<\/strong>\u00a0para todos os gostos.<\/li>\n<li><strong>Usabilidade<\/strong>F\u00e1cil de usar - n\u00e3o s\u00e3o necess\u00e1rias configura\u00e7\u00f5es complicadas ou bot\u00f5es.\u00a0<strong>Ativado por arrasto<\/strong>.<\/li>\n<\/ul>\n<p>Se voc\u00ea est\u00e1 procurando por um\u00a0<strong>pr\u00e1ticos, poderosos<\/strong>\u00a0e\u00a0<strong>Vape saborosa<\/strong>\u00a0s\u00e3o, ent\u00e3o \u00e9 a\u00a0<strong>Fumot RandM Caixa Digital 12000 Puxadas Cigarro Eletr\u00f4nico Descart\u00e1vel<\/strong>\u00a0exatamente o que voc\u00ea precisa. Pegue o seu pr\u00f3prio hoje mesmo\u00a0<strong>Fumot RandM Caixa Digital<\/strong> na alfakher24h.de , a maior plataforma de vendas para\u00a0<strong>Vapes Descart\u00e1veis na Alemanha<\/strong>e experimente a experi\u00eancia final de vaporiza\u00e7\u00e3o!<\/p>\n<h3>Conclus\u00e3o<\/h3>\n<p>A\u00a0<strong>Fumot RandM Caixa Digital 12000 Puxadas Cigarro Eletr\u00f4nico Descart\u00e1vel<\/strong>\u00a0estabelece novos padr\u00f5es para\u00a0<strong>E-Zigarettes descart\u00e1veis<\/strong>Com uma\u00a0<strong>grande capacidade de E-Liquid<\/strong>, o\u00a0<strong>bateria recarreg\u00e1vel<\/strong>a um\u00a0<strong>Visor LED<\/strong>e uma variedade de\u00a0<strong>sabores refrescantes<\/strong>\u00a0oferece este dispositivo tudo o que voc\u00ea precisa para um\u00a0<strong>experi\u00eancia de vaporiza\u00e7\u00e3o de alta qualidade<\/strong>\u00a0precisamos. A tecnologia inovadora, o design atraente e o manuseio simples tornam este\u00a0<strong>Cigarrinha eletr\u00f4nica descart\u00e1vel com nicotina<\/strong>\u00a0uma das melhores no mercado.<\/p>\n<p>N\u00e3o perca a oportunidade de comprar este excelente e-cigarro e\u00a0<strong>em <a href=\"https:\/\/alfakher24h.de\/pt\/\">alfakher24h.de<\/a><\/strong>\u00a0A desfrutar!<\/p>","protected":false},"excerpt":{"rendered":"<p><strong>A caixa Fumot RandM Digital Box 12000, um cigarro eletr\u00f4nico descart\u00e1vel, oferece um sabor intenso de p\u00eassego com gelo, tecnologia inovadora de bobina de malha e at\u00e9 12.000 tragadas para uma experi\u00eancia de vaporiza\u00e7\u00e3o de primeira qualidade.<\/strong><\/p>","protected":false},"featured_media":1255,"comment_status":"open","ping_status":"closed","template":"","meta":{"om_disable_all_campaigns":false},"product_brand":[],"product_cat":[27],"product_tag":[],"class_list":{"0":"post-1254","1":"product","2":"type-product","3":"status-publish","4":"has-post-thumbnail","6":"product_cat-fumot-randm-digital-box-12000-puffs","8":"first","9":"instock","10":"shipping-taxable","11":"purchasable","12":"product-type-simple"},"_links":{"self":[{"href":"https:\/\/alfakher24h.de\/pt\/wp-json\/wp\/v2\/product\/1254","targetHints":{"allow":["GET"]}}],"collection":[{"href":"https:\/\/alfakher24h.de\/pt\/wp-json\/wp\/v2\/product"}],"about":[{"href":"https:\/\/alfakher24h.de\/pt\/wp-json\/wp\/v2\/types\/product"}],"replies":[{"embeddable":true,"href":"https:\/\/alfakher24h.de\/pt\/wp-json\/wp\/v2\/comments?post=1254"}],"wp:featuredmedia":[{"embeddable":true,"href":"https:\/\/alfakher24h.de\/pt\/wp-json\/wp\/v2\/media\/1255"}],"wp:attachment":[{"href":"https:\/\/alfakher24h.de\/pt\/wp-json\/wp\/v2\/media?parent=1254"}],"wp:term":[{"taxonomy":"product_brand","embeddable":true,"href":"https:\/\/alfakher24h.de\/pt\/wp-json\/wp\/v2\/product_brand?post=1254"},{"taxonomy":"product_cat","embeddable":true,"href":"https:\/\/alfakher24h.de\/pt\/wp-json\/wp\/v2\/product_cat?post=1254"},{"taxonomy":"product_tag","embeddable":true,"href":"https:\/\/alfakher24h.de\/pt\/wp-json\/wp\/v2\/product_tag?post=1254"}],"curies":[{"name":"wp","href":"https:\/\/api.w.org\/{rel}","templated":true}]}}