{"id":1234,"date":"2024-12-24T04:40:15","date_gmt":"2024-12-24T04:40:15","guid":{"rendered":"https:\/\/alfakher24h.de\/?post_type=product&#038;p=1234"},"modified":"2024-12-26T05:32:24","modified_gmt":"2024-12-26T05:32:24","slug":"fumot-randm-caixa-digital-12000-baforadas-descartaveis-e-cigarro-frutas-misturadas","status":"publish","type":"product","link":"https:\/\/alfakher24h.de\/pt\/produto\/fumot-randm-caixa-digital-12000-baforadas-descartaveis-e-cigarro-frutas-misturadas\/","title":{"rendered":"Fumot RandM Caixa Digital 12000 Puxadas Cigarro Eletr\u00f4nico Descart\u00e1vel - Frutas Mistas"},"content":{"rendered":"<h2><strong>Fumot RandM Digital Box 12000 Z\u00fcge Einweg E-Zigarette \u2013 Mixed Berries: Um obra-prima da tecnologia de vaporiza\u00e7\u00e3o<\/strong><\/h2>\n<div style=\"width: 640px;\" class=\"wp-video\"><video class=\"wp-video-shortcode\" id=\"video-1234-1\" width=\"640\" height=\"360\" preload=\"metadata\" controls=\"controls\"><source type=\"video\/mp4\" src=\"https:\/\/alfakher24h.de\/wp-content\/uploads\/2024\/12\/Fumot-RandM-Digital-Box-120002.mp4?_=1\" \/><a href=\"https:\/\/alfakher24h.de\/wp-content\/uploads\/2024\/12\/Fumot-RandM-Digital-Box-120002.mp4\">https:\/\/alfakher24h.de\/wp-content\/uploads\/2024\/12\/Fumot-RandM-Digital-Box-120002.mp4<\/a><\/video><\/div>\n<p>A <a href=\"https:\/\/alfakher24h.de\/pt\/\"><strong>Fumot RandM Digital Box 12000 Z\u00fcge Einweg E-Zigarette \n Caixa Fumot RandM Digital 12000 Puffs Cigarro Eletr\u00f4nico Descart\u00e1vel<\/strong><\/a> \u00e9 a escolha perfeita para todos que procuram uma experi\u00eancia de vaporiza\u00e7\u00e3o excepcional. Com seu design elegante, fun\u00e7\u00f5es inovadoras e um sabor inconfund\u00edvel, este cigarro eletr\u00f4nico descart\u00e1vel \u00e9 um companheiro indispens\u00e1vel para vapers na Alemanha. A <strong>Frutas Vermelhas Misturadas<\/strong>Essa sabor oferece uma explos\u00e3o frutal que certamente encantar\u00e1 tanto os iniciantes quanto os vapers experientes. Deixe-se seduzir por essa tecnologia avan\u00e7ada e pelo sabor intenso.<\/p>\n<h3>Inova\u00e7\u00e3o Tecnol\u00f3gica e Design<\/h3>\n<p>A <strong>Fumot RandM Digital Box 12000 Z\u00fcge Einweg E-Zigarette \n Caixa Fumot RandM Digital 12000 Puffs Cigarro Eletr\u00f4nico Descart\u00e1vel<\/strong> representa um verdadeiro destaque com sua combina\u00e7\u00e3o \u00fanica de desempenho e estilo. Com uma capacidade de at\u00e9 12.000 tragadas e um recheio de e-l\u00edquido de 20 ml, este dispositivo oferece uma durabilidade longa e proporciona um prazer duradouro. Gra\u00e7as \u00e0 <strong>Tecnologia Ativada por Desenho<\/strong> Voc\u00ea n\u00e3o precisa procurar por bot\u00f5es - um simples pux\u00e3o \u00e9 suficiente para colocar o dispositivo em opera\u00e7\u00e3o. Isso torna o vaping incrivelmente f\u00e1cil e conveniente.<\/p>\n<p>Um outro recurso excepcional \u00e9 o <strong>Fluxo de ar ajust\u00e1vel<\/strong>, que permite personalizar a experi\u00eancia de vapor de acordo com as suas prefer\u00eancias individuais. Se voc\u00ea preferir uma nuvem de vapor leve ou mais forte, este vape se adapta flexivelmente aos seus desejos. Al\u00e9m disso, garante a <strong>Tecnologia de Bobina de Malha<\/strong> para que o sabor permane\u00e7a uniforme e intenso - em cada tragada.<\/p>\n<p>O design compacto e ergon\u00f4mico se ajusta perfeitamente \u00e0 m\u00e3o, permitindo que o vape seja agrad\u00e1vel mesmo em movimento. O <strong>Conector de carga tipo C<\/strong> permite um carregamento r\u00e1pido da bateria recarreg\u00e1vel de 550mAh, garantindo que voc\u00ea sempre tenha energia suficiente para as suas sess\u00f5es de vaporiza\u00e7\u00e3o.<\/p>\n<h3>Sabor refrescante de Mixed Berries - Uma tenta\u00e7\u00e3o frutada<\/h3>\n<p>A <strong>Frutas Vermelhas Misturadas<\/strong>Sabor da <strong>Fumot RandM Digital Box 12000 Z\u00fcge Einweg E-Zigarette \n Caixa Fumot RandM Digital 12000 Puffs Cigarro Eletr\u00f4nico Descart\u00e1vel<\/strong> \u00e9 uma verdadeira explos\u00e3o de sabor. Esta mistura cuidadosamente equilibrada de morangos frescos, framboesas, amoras e mirtilos promete uma experi\u00eancia frutal incompar\u00e1vel. O sabor ligeiramente doce dos morangos harmoniza-se perfeitamente com as notas \u00e1cidas das framboesas e amoras, enquanto os mirtilos acrescentam uma profundidade refrescante.<\/p>\n<h3>Descri\u00e7\u00e3o do sabor - Um verdadeiro espet\u00e1culo de frutas<\/h3>\n<p>A <strong>Frutas Vermelhas Misturadas<\/strong>-Composi\u00e7\u00e3o se desdobra em um verdadeiro prazer em cada gole. No in\u00edcio, voc\u00ea experimenta as morangos doces e suculentos que acariciam as suas papilas gustativas e deixam uma agrad\u00e1vel frutividade na l\u00edngua. Logo em seguida, segue o sabor inconfund\u00edvel das framboesas, cuja nota ligeiramente \u00e1cida real\u00e7a a sensa\u00e7\u00e3o de frescor. O experience de sabor \u00e9 complementado pelas amoras, que conferem uma complexidade picante \u00e0 mistura. A <strong>Mirtilos<\/strong> concluem o conjunto com uma nota subtil e refrescante que arredonda perfeitamente o sabor.<\/p>\n<p>Gra\u00e7as a <strong>Tecnologia de Bobina de Malha<\/strong> na Fumot RandM Digital Box, cada um destes aromas frutados \u00e9 apresentado em toda a sua intensidade. Esta tecnologia garante que o e-l\u00edquido seja vaporizado uniformemente, para que cada tragada esteja cheia de sabor e vapor. A <strong>Frutas Vermelhas Misturadas<\/strong>Essa sabor \u00e9 a escolha perfeita para vapers que procuram uma experi\u00eancia frutada, ligeiramente doce e ainda refrescante - ideal para o consumo di\u00e1rio.<\/p>\n<h3>Excelentes caracter\u00edsticas do produto<\/h3>\n<p>A <strong>Fumot RandM Digital Box 12000 Z\u00fcge Einweg E-Zigarette \n Caixa Fumot RandM Digital 12000 Puffs Cigarro Eletr\u00f4nico Descart\u00e1vel<\/strong> oferece uma variedade de caracter\u00edsticas excepcionais que a tornam uma das melhores op\u00e7\u00f5es do mercado:<\/p>\n<ul>\n<li><strong>12.000 trens por dispositivo<\/strong>: Gra\u00e7as \u00e0 generosa capacidade de E-Liquid e \u00e0 longa durabilidade, voc\u00ea pode contar com longas sess\u00f5es de vaporiza\u00e7\u00e3o sem precisar reabastecer constantemente.<\/li>\n<li><strong>20 ml E-L\u00edquido<\/strong>Esta grande quantidade \u00e9 suficiente para um prazer duradouro, para que voc\u00ea n\u00e3o precise procurar constantemente por um novo cigarro eletr\u00f4nico.<\/li>\n<li><strong>Bateria recarreg\u00e1vel de 550mAh<\/strong>: Com a fun\u00e7\u00e3o de carregamento r\u00e1pido via <strong>Conector de carga tipo C<\/strong> est\u00e3o sempre prontos para a sua pr\u00f3xima sess\u00e3o de vapor.<\/li>\n<li><strong>6 luzes RGB<\/strong>: As luzes estilizadas n\u00e3o s\u00f3 criam um destaque \u00f3ptico, mas tamb\u00e9m oferecem um visor informativo sobre o consumo de E-Liquid e o status da bateria.<\/li>\n<li><strong>Fluxo de ar ajust\u00e1vel<\/strong>: Ajuste a pot\u00eancia do vapor de acordo com as suas prefer\u00eancias.<\/li>\n<li><strong>Mesh Coils<\/strong>Para um sabor intenso e uniforme em cada tragada.<\/li>\n<li><strong>Dois n\u00edveis de nicotina para escolher<\/strong>: Escolha entre 5% ou 2% de nicotina, dependendo da prefer\u00eancia pessoal.<\/li>\n<\/ul>\n<h3>Por que voc\u00ea deve comprar a Fumot RandM Digital Box 12000 Puffs Cigarro Eletr\u00f4nico Descart\u00e1vel?<\/h3>\n<p>A <strong>Fumot RandM Digital Box 12000 Z\u00fcge Einweg E-Zigarette \n Caixa Fumot RandM Digital 12000 Puffs Cigarro Eletr\u00f4nico Descart\u00e1vel<\/strong> \u00e9 a escolha perfeita para todos que procuram um dispositivo de vape de alta qualidade, f\u00e1cil de usar e duradouro. Seu desempenho impressionante, a ampla sele\u00e7\u00e3o de sabores e o manuseio simples fazem dela uma excelente op\u00e7\u00e3o para vapers na Alemanha.<\/p>\n<p>Com a <strong>Frutas Vermelhas Misturadas<\/strong>Experimente uma explos\u00e3o \u00fanica de frutas em cada tragada, com um sabor que seduz. A mistura perfeita de aromas doces e \u00e1cidos proporciona uma experi\u00eancia de vaporiza\u00e7\u00e3o refrescante e equilibrada, que agrada tanto a iniciantes quanto a vapers experientes.<\/p>\n<p>Visite agora <a href=\"https:\/\/alfakher24h.de\/pt\/\">alfakher24h.de<\/a>, seu maior ponto de encontro para <strong>Vapes Descart\u00e1veis<\/strong> em Alemanha. No nosso site, voc\u00ea encontra n\u00e3o apenas as <strong>Fumot RandM Digital Box 12000 Z\u00fcge Einweg E-Zigarette \n Caixa Fumot RandM Digital 12000 Puffs Cigarro Eletr\u00f4nico Descart\u00e1vel<\/strong>mas tamb\u00e9m uma variedade de outros produtos de alta qualidade. Desfrute dos melhores pre\u00e7os, envio r\u00e1pido e um excelente servi\u00e7o ao cliente.<\/p>\n<h3>Conclus\u00e3o<\/h3>\n<p>A <strong>Fumot RandM Digital Box 12000 Z\u00fcge Einweg E-Zigarette \u2013 Mixed Berries \n Caixa Fumot RandM Digital 12000 Puffs Cigarro Eletr\u00f4nico Descart\u00e1vel - Frutas Mistas<\/strong> \u00e9 uma verdadeira obra-prima da tecnologia de vaporiza\u00e7\u00e3o. Com uma combina\u00e7\u00e3o de desempenho excepcional, recursos inovadores e um sabor inconfund\u00edvel, este cigarro eletr\u00f4nico oferece tudo o que o cora\u00e7\u00e3o de um vaper deseja. Se voc\u00ea est\u00e1 procurando por uma experi\u00eancia de vaporiza\u00e7\u00e3o de primeira classe, este dispositivo \u00e9 a escolha perfeita. Visite<strong> alfakher24h.de<\/strong> para satisfazer as suas necessidades <strong>Fumot RandM Digital Box 12000 Z\u00fcge Einweg E-Zigarette \n Caixa Fumot RandM Digital 12000 Puffs Cigarro Eletr\u00f4nico Descart\u00e1vel<\/strong> Ainda hoje para encomendar e desfrutar da experi\u00eancia de vaporiza\u00e7\u00e3o definitiva.<\/p>","protected":false},"excerpt":{"rendered":"<p>A <strong>Fumot RandM Digital Box 12000 Z\u00fcge Einweg E-Zigarette \n Caixa Fumot RandM Digital 12000 Puffs Cigarro Eletr\u00f4nico Descart\u00e1vel<\/strong> oferece uma experi\u00eancia de vaporiza\u00e7\u00e3o intensa com at\u00e9 12.000 tragadas, fluxo de ar ajust\u00e1vel, bobinas de malha e um sabor frutado de Mixed Berries, ideal para sess\u00f5es de vaporiza\u00e7\u00e3o longas e agrad\u00e1veis.<\/p>","protected":false},"featured_media":1235,"comment_status":"open","ping_status":"closed","template":"","meta":{"om_disable_all_campaigns":false},"product_brand":[],"product_cat":[27],"product_tag":[],"class_list":{"0":"post-1234","1":"product","2":"type-product","3":"status-publish","4":"has-post-thumbnail","6":"product_cat-fumot-randm-digital-box-12000-puffs","8":"first","9":"instock","10":"shipping-taxable","11":"purchasable","12":"product-type-simple"},"_links":{"self":[{"href":"https:\/\/alfakher24h.de\/pt\/wp-json\/wp\/v2\/product\/1234","targetHints":{"allow":["GET"]}}],"collection":[{"href":"https:\/\/alfakher24h.de\/pt\/wp-json\/wp\/v2\/product"}],"about":[{"href":"https:\/\/alfakher24h.de\/pt\/wp-json\/wp\/v2\/types\/product"}],"replies":[{"embeddable":true,"href":"https:\/\/alfakher24h.de\/pt\/wp-json\/wp\/v2\/comments?post=1234"}],"wp:featuredmedia":[{"embeddable":true,"href":"https:\/\/alfakher24h.de\/pt\/wp-json\/wp\/v2\/media\/1235"}],"wp:attachment":[{"href":"https:\/\/alfakher24h.de\/pt\/wp-json\/wp\/v2\/media?parent=1234"}],"wp:term":[{"taxonomy":"product_brand","embeddable":true,"href":"https:\/\/alfakher24h.de\/pt\/wp-json\/wp\/v2\/product_brand?post=1234"},{"taxonomy":"product_cat","embeddable":true,"href":"https:\/\/alfakher24h.de\/pt\/wp-json\/wp\/v2\/product_cat?post=1234"},{"taxonomy":"product_tag","embeddable":true,"href":"https:\/\/alfakher24h.de\/pt\/wp-json\/wp\/v2\/product_tag?post=1234"}],"curies":[{"name":"wp","href":"https:\/\/api.w.org\/{rel}","templated":true}]}}