{"id":1231,"date":"2024-12-24T04:25:29","date_gmt":"2024-12-24T04:25:29","guid":{"rendered":"https:\/\/alfakher24h.de\/?post_type=product&#038;p=1231"},"modified":"2024-12-24T04:41:37","modified_gmt":"2024-12-24T04:41:37","slug":"1231","status":"publish","type":"product","link":"https:\/\/alfakher24h.de\/pt\/produto\/1231\/","title":{"rendered":"Fumot RandM Digital Box 12000 Puffs Cigarro Eletr\u00f4nico Descart\u00e1vel - Manga no Gelo"},"content":{"rendered":"<h2><strong>Fumot RandM Digital Box 12000 Puffs Cigarros Eletr\u00f4nicos Descart\u00e1veis \u2013 Manga On Ice: A experi\u00eancia de vaporiza\u00e7\u00e3o definitiva para vapers exigentes na Alemanha<\/strong><\/h2>\n<div style=\"width: 640px;\" class=\"wp-video\"><video class=\"wp-video-shortcode\" id=\"video-1231-1\" width=\"640\" height=\"360\" preload=\"metadata\" controls=\"controls\"><source type=\"video\/mp4\" src=\"https:\/\/alfakher24h.de\/wp-content\/uploads\/2024\/12\/Fumot-RandM-Digital-Box-120002.mp4?_=1\" \/><a href=\"https:\/\/alfakher24h.de\/wp-content\/uploads\/2024\/12\/Fumot-RandM-Digital-Box-120002.mp4\">https:\/\/alfakher24h.de\/wp-content\/uploads\/2024\/12\/Fumot-RandM-Digital-Box-120002.mp4<\/a><\/video><\/div>\n<p>A<a href=\"https:\/\/alfakher24h.de\/pt\/?post_type=product&amp;p=1231&amp;preview=true\"> <strong>Fumot RandM Digital Box 12000 Puffs Cigarro Eletr\u00f4nico Descart\u00e1vel - Manga no Gelo<\/strong> <\/a>Representa um avan\u00e7o significativo na \u00e1rea dos cigarros eletr\u00f3nicos descart\u00e1veis. Combina tecnologia de ponta com um design inovador para oferecer uma experi\u00eancia de vaporiza\u00e7\u00e3o incompar\u00e1vel. Com uma impressionante vida \u00fatil de at\u00e9 12.000 tragadas, uma bateria recarreg\u00e1vel e um ecr\u00e3 LED de f\u00e1cil utiliza\u00e7\u00e3o que exibe todas as informa\u00e7\u00f5es importantes em tempo real, a Fumot RandM Digital Box \u00e9 a escolha perfeita para vaporizadores exigentes. O design oferece n\u00e3o apenas conforto, mas tamb\u00e9m destaques visuais que tornam a vaporiza\u00e7\u00e3o uma experi\u00eancia.<\/p>\n<h3>Descri\u00e7\u00e3o do produto: Fun\u00e7\u00f5es \u00fanicas para o m\u00e1ximo prazer<\/h3>\n<p>A <strong>Fumot RandM Digital Box 12000 Z\u00fcge Einweg E-Zigarette \n Caixa Fumot RandM Digital 12000 Puffs Cigarro Eletr\u00f4nico Descart\u00e1vel<\/strong> destaca-se por sua constru\u00e7\u00e3o inovadora e fun\u00e7\u00f5es avan\u00e7adas em rela\u00e7\u00e3o a outros dispositivos. Est\u00e1 equipada com um 20 ml de e-l\u00edquido, o que proporciona at\u00e9 12.000 tragadas e garante, assim, uma experi\u00eancia prolongada de vapor. O <strong>550 mAh bateria<\/strong>que \u00e9 feito atrav\u00e9s de <strong>Conector de carregamento tipo C<\/strong> que pode ser carregada rapidamente novamente, garante que o dispositivo esteja sempre pronto para uso. <strong>Mesh Coils<\/strong> garantem um sabor intenso e uniforme, proporcionando uma experi\u00eancia rica em cada tragada.<\/p>\n<p>Al\u00e9m disso, a <strong>Controle de fluxo de ar ajust\u00e1vel<\/strong> um dos destaques deste produto. Ela permite que voc\u00ea personalize o vape de acordo com suas prefer\u00eancias - se voc\u00ea preferir uma tragada mais forte ou mais suave, com essa fun\u00e7\u00e3o voc\u00ea tem o controle total sobre sua experi\u00eancia de vape. Outro destaque visual s\u00e3o os <strong>6 luzes RGB<\/strong>que transformam o vapor em um verdadeiro evento de apresenta\u00e7\u00e3o e d\u00e3o ao dispositivo uma est\u00e9tica moderna e atraente.<\/p>\n<h3>A Manga On Ice - Um prazer ex\u00f3tico com um toque refrescante<\/h3>\n<p>Um das Problem zu l\u00f6sen, muss ich wissen, was der vollst\u00e4ndige Text ist. Bitte geben Sie den vollst\u00e4ndigen Text ein. <strong>Fumot RandM Digital Box 12000 Z\u00fcge Einweg E-Zigarette \n Caixa Fumot RandM Digital 12000 Puffs Cigarro Eletr\u00f4nico Descart\u00e1vel<\/strong> \u00e9 o <strong>Mango On Ice<\/strong> Sabor. Esta mistura \u00fanica de manga tropical doce e hortel\u00e3 refrescante \u00e9 um verdadeiro destaque e entusiasma com o equil\u00edbrio perfeito de do\u00e7ura e frescura. O sabor de manga \u00e9 pleno e intenso - doce, mas n\u00e3o avassalador, com uma acidez leve e frutada que refresca as papilas gustativas.<\/p>\n<p>O que torna este sabor especialmente atraente \u00e9 o toque refrescante de mentol, que transforma a experi\u00eancia tropical em algo ainda mais revigorante. O mentol traz uma frescura agrad\u00e1vel que complementa harmoniosamente o doce sabor da manga, proporcionando simultaneamente um efeito refrescante. Este sabor fresco e ao mesmo tempo doce torna o <strong>Mango On Ice<\/strong>Sabor ideal para dias quentes ou para todos que procuram uma experi\u00eancia de vaporiza\u00e7\u00e3o refrescante e ex\u00f3tica.<\/p>\n<p>Gra\u00e7as a <strong>Mesh Coils<\/strong> Esse sabor \u00e9 reproduzido de forma especialmente intensa e uniforme. Cada puff oferece a combina\u00e7\u00e3o perfeita de do\u00e7ura frutada e mentol refrescante, tornando o vaping uma verdadeira viagem de prazer. O uso de Mesh Coils garante uma vaporiza\u00e7\u00e3o uniforme e garante que o sabor permane\u00e7a consistentemente de alta qualidade durante todo o per\u00edodo de uso.<\/p>\n<p>Para muitos vapers, o <strong>Mango On Ice<\/strong> Um sabor uma agrad\u00e1vel mudan\u00e7a em rela\u00e7\u00e3o \u00e0s op\u00e7\u00f5es cl\u00e1ssicas frutadas ou mentoladas. Ele fala tanto aos amantes de frutas tropicais quanto aos f\u00e3s de mentol refrescante e, portanto, \u00e9 um verdadeiro all-rounder para o ano todo.<\/p>\n<h3>Por que voc\u00ea deve comprar a Fumot RandM Digital Box 12000 Puffs Cigarro Eletr\u00f4nico Descart\u00e1vel<\/h3>\n<p>H\u00e1 muitos motivos pelos quais as <strong>Fumot RandM Digital Box 12000 Z\u00fcge Einweg E-Zigarette \n Caixa Fumot RandM Digital 12000 Puffs Cigarro Eletr\u00f4nico Descart\u00e1vel<\/strong> a escolha ideal para a sua experi\u00eancia de vaporiza\u00e7\u00e3o \u00e9:<\/p>\n<ul>\n<li><strong>Longa durabilidade:<\/strong> Com at\u00e9 12.000 tragadas, voc\u00ea n\u00e3o precisa se preocupar em substituir o dispositivo constantemente. Ele oferece uma longa vida \u00fatil e garante uma experi\u00eancia de vapor duradoura.<\/li>\n<li><strong>Experi\u00eancia diversificada com vapor:<\/strong> Gra\u00e7as ao controle de fluxo de ar ajust\u00e1vel, voc\u00ea pode personalizar o vape ao seu gosto, seja uma tragada mais forte ou mais suave.<\/li>\n<li><strong>Manuseio simples:<\/strong> A <strong>Tecnologia Ativada por Desenho<\/strong> permite que voc\u00ea simplesmente puxe e aproveite o vapor sem fazer configura\u00e7\u00f5es complicadas.<\/li>\n<li><strong>Eindrucksvolles Design: \nDesign impressionante:<\/strong> A <strong>Luzes RGB<\/strong> e o <strong>Tela de LED<\/strong> n\u00e3o s\u00f3 criam um destaque visual, mas tamb\u00e9m tornam o vaporar numa experi\u00eancia genu\u00edna.<\/li>\n<li><strong>Bobinas de malha<\/strong> O uso de Mesh Coils garante uma evapora\u00e7\u00e3o uniforme e um sabor intenso.<\/li>\n<li><strong>Variedades de sabores:<\/strong> A <strong>Fumot RandM Caixa Digital<\/strong> est dispon\u00edvel em at\u00e9 48 sabores diferentes, garantindo que voc\u00ea encontre uma op\u00e7\u00e3o que atenda ao seu gosto.<\/li>\n<\/ul>\n<h3>Mango On Ice: Uma experi\u00eancia tropical com um toque fresco<\/h3>\n<p>O <strong>Mango On Ice<\/strong>sabor oferece-lhe a mistura perfeita de do\u00e7ura de manga e um frescor refrescante que torna a vaporiza\u00e7\u00e3o ainda mais agrad\u00e1vel. A pr\u00f3pria manga tem um sabor tropical intenso e uma acidez subtil e fresca que pamonha as suas papilas gustativas. Mas o verdadeiro destaque \u00e9 o <strong>Menthol-Kick<\/strong>que torna a experi\u00eancia do vapor uma experi\u00eancia \u00fanica e revigorante.<\/p>\n<p>O toque de mentol proporciona uma frescura refrescante que complementa perfeitamente o aroma tropical de manga. Esta combina\u00e7\u00e3o de sabores \u00e9 especialmente adequada para dias quentes ou para vapers que procuram uma alternativa agrad\u00e1vel e refrescante \u00e0s sabores cl\u00e1ssicos. O <strong>Mango On Ice<\/strong>O sabor oferece o melhor de dois mundos - fruta ex\u00f3tica e frescor refrescante, tornando cada vaporiza\u00e7\u00e3o um prazer.<\/p>\n<p>Gra\u00e7as \u00e0 alta qualidade <strong>Mesh Coils<\/strong> Aproveite este sabor em sua plena intensidade. Cada tragada se torna suave, mas encorpada, com uma vaporiza\u00e7\u00e3o uniforme que torna o sabor mais intenso e duradouro. Esta mistura perfeita de manga e mentol oferece uma experi\u00eancia de vaporiza\u00e7\u00e3o equilibrada que pode ser apreciada o dia todo.<\/p>\n<h3>Conclus\u00e3o: Obtenha a experi\u00eancia de vaporiza\u00e7\u00e3o definitiva<\/h3>\n<p>A <strong>Fumot RandM Digital Box 12000 Puffs Cigarro Eletr\u00f4nico Descart\u00e1vel - Manga no Gelo<\/strong> \u00e9 mais do que apenas mais um dispositivo de vape. Une fun\u00e7\u00f5es inovadoras, prazer de vapor de longa dura\u00e7\u00e3o e uma experi\u00eancia de sabor \u00fanica. Com at\u00e9 <strong>12.000 trens<\/strong>a um <strong>bateria recarreg\u00e1vel<\/strong>, <strong>Mesh Coils<\/strong> e uma variedade de <strong>Sabores<\/strong> Oferece este cigarro eletr\u00f4nico descart\u00e1vel tudo o que voc\u00ea precisa para uma experi\u00eancia de vaporiza\u00e7\u00e3o perfeita. Visite ainda hoje <a href=\"https:\/\/alfakher24h.de\/pt\/\"><strong>alfakher24h.de<\/strong><\/a>a maior plataforma para <strong>Vapes Descart\u00e1veis na Alemanha<\/strong>e pegue o seu <strong><a href=\"https:\/\/alfakher24h.de\/pt\/\">Fumot RandM Digital Box 12000 Z\u00fcge \n\nbecomes \n\nFumot RandM Digital Box 12000 Puffs<\/a> E-Zigarro descart\u00e1vel - Manga no Gelo<\/strong>Aproveite o melhor que o mundo do vapor tem a oferecer!<\/p>","protected":false},"excerpt":{"rendered":"<p>A <strong>Fumot RandM Digital Box 12000 Puffs Cigarro Eletr\u00f4nico Descart\u00e1vel - Manga no Gelo<\/strong> oferece uma experi\u00eancia de vapor \u00fanica com o sabor ex\u00f3tico de manga madura, combinada com uma nota refrescante de mentol e uma longa vida \u00fatil de at\u00e9 12.000 tragadas<\/p>","protected":false},"featured_media":1232,"comment_status":"open","ping_status":"closed","template":"","meta":{"om_disable_all_campaigns":false},"product_brand":[],"product_cat":[27],"product_tag":[],"class_list":{"0":"post-1231","1":"product","2":"type-product","3":"status-publish","4":"has-post-thumbnail","6":"product_cat-fumot-randm-digital-box-12000-puffs","8":"first","9":"instock","10":"shipping-taxable","11":"purchasable","12":"product-type-simple"},"_links":{"self":[{"href":"https:\/\/alfakher24h.de\/pt\/wp-json\/wp\/v2\/product\/1231","targetHints":{"allow":["GET"]}}],"collection":[{"href":"https:\/\/alfakher24h.de\/pt\/wp-json\/wp\/v2\/product"}],"about":[{"href":"https:\/\/alfakher24h.de\/pt\/wp-json\/wp\/v2\/types\/product"}],"replies":[{"embeddable":true,"href":"https:\/\/alfakher24h.de\/pt\/wp-json\/wp\/v2\/comments?post=1231"}],"wp:featuredmedia":[{"embeddable":true,"href":"https:\/\/alfakher24h.de\/pt\/wp-json\/wp\/v2\/media\/1232"}],"wp:attachment":[{"href":"https:\/\/alfakher24h.de\/pt\/wp-json\/wp\/v2\/media?parent=1231"}],"wp:term":[{"taxonomy":"product_brand","embeddable":true,"href":"https:\/\/alfakher24h.de\/pt\/wp-json\/wp\/v2\/product_brand?post=1231"},{"taxonomy":"product_cat","embeddable":true,"href":"https:\/\/alfakher24h.de\/pt\/wp-json\/wp\/v2\/product_cat?post=1231"},{"taxonomy":"product_tag","embeddable":true,"href":"https:\/\/alfakher24h.de\/pt\/wp-json\/wp\/v2\/product_tag?post=1231"}],"curies":[{"name":"wp","href":"https:\/\/api.w.org\/{rel}","templated":true}]}}