{"id":1193,"date":"2024-12-19T05:36:45","date_gmt":"2024-12-19T05:36:45","guid":{"rendered":"https:\/\/alfakher24h.de\/?post_type=product&#038;p=1193"},"modified":"2025-07-16T07:25:09","modified_gmt":"2025-07-16T07:25:09","slug":"1193","status":"publish","type":"product","link":"https:\/\/alfakher24h.de\/pt\/produto\/1193\/","title":{"rendered":"Random Tornado 12000 Z\u00fcge Einweg E Zigarette \u2013 Morango Uva"},"content":{"rendered":"<div class=\"flex max-w-full flex-col flex-grow\">\n<div class=\"min-h-8 text-message flex w-full flex-col items-end gap-2 whitespace-normal break-words text-start [.text-message+&amp;]:mt-5\" dir=\"auto\" data-message-author-role=\"assistant\" data-message-id=\"b32ed0c2-1ae4-4303-93e8-97abb2d72a45\" data-message-model-slug=\"gpt-4o\">\n<div class=\"flex w-full flex-col gap-1 empty:hidden first:pt-[3px]\">\n<h2 class=\"markdown prose w-full break-words dark:prose-invert light\"><strong>Random Tornado 12000 Z\u00fcge Einweg E Zigarette \u2013 Morango Uva<\/strong><\/h2>\n<p><img loading=\"lazy\" decoding=\"async\" class=\"alignnone size-full wp-image-1176\" src=\"https:\/\/alfakher24h.de\/wp-content\/uploads\/2024\/12\/Fumot-RandM-Digital-Box-12000-Puffs.webp\" alt=\"Fumot-RandM-Digital-Box-12000\" width=\"1280\" height=\"1810\" title=\"\" srcset=\"https:\/\/alfakher24h.de\/wp-content\/uploads\/2024\/12\/Fumot-RandM-Digital-Box-12000-Puffs.webp 1280w, https:\/\/alfakher24h.de\/wp-content\/uploads\/2024\/12\/Fumot-RandM-Digital-Box-12000-Puffs-212x300.webp 212w, https:\/\/alfakher24h.de\/wp-content\/uploads\/2024\/12\/Fumot-RandM-Digital-Box-12000-Puffs-724x1024.webp 724w, https:\/\/alfakher24h.de\/wp-content\/uploads\/2024\/12\/Fumot-RandM-Digital-Box-12000-Puffs-768x1086.webp 768w, https:\/\/alfakher24h.de\/wp-content\/uploads\/2024\/12\/Fumot-RandM-Digital-Box-12000-Puffs-1086x1536.webp 1086w, https:\/\/alfakher24h.de\/wp-content\/uploads\/2024\/12\/Fumot-RandM-Digital-Box-12000-Puffs-8x12.webp 8w, https:\/\/alfakher24h.de\/wp-content\/uploads\/2024\/12\/Fumot-RandM-Digital-Box-12000-Puffs-600x848.webp 600w\" sizes=\"auto, (max-width: 1280px) 100vw, 1280px\" \/><\/p>\n<p>A <a href=\"https:\/\/alfakher24h.de\/pt\/produto\/1193\/\"><strong>Random Tornado 12000 Z\u00fcge Einweg E Zigarette \u2013 Morango Uva<\/strong> <\/a>\u00e9 a escolha perfeita para todos que procuram um dispositivo de vape potente e duradouro. Com uma impressionante contagem de 12.000 tragadas e uma variedade de fun\u00e7\u00f5es inovadoras, este dispositivo oferece tanto aos vapers experientes quanto aos iniciantes uma experi\u00eancia de vaporiza\u00e7\u00e3o incompar\u00e1vel. Neste artigo, voc\u00ea descobrir\u00e1 tudo o que precisa saber sobre este produto excepcional e por que ele \u00e9 o complemento perfeito para a sua jornada de vaporiza\u00e7\u00e3o.<\/p>\n<p>Como uma das principais<a href=\"https:\/\/alfakher24h.de\/pt\/\"> Cigarros eletr\u00f4nicos descart\u00e1veis<\/a> Na Alemanha, o Random Tornado 12000 Z\u00fcge representa uma nova dimens\u00e3o de vaporiza\u00e7\u00e3o. O dispositivo oferece um equil\u00edbrio ideal entre facilidade de uso e tecnologia avan\u00e7ada, permitindo-lhe uma experi\u00eancia de vaporiza\u00e7\u00e3o distinta e agrad\u00e1vel. Quer planeje uma sess\u00e3o de vaporiza\u00e7\u00e3o ocasional ou um uso prolongado, este produto ir\u00e1 proporcionar-lhe uma longa satisfa\u00e7\u00e3o devido \u00e0s suas caracter\u00edsticas pr\u00e1ticas e ao impressionante perfil de sabor.<\/p>\n<h3>Por que o Random Tornado 12000 Z\u00fcge Einweg E Zigarette \u00e9 a melhor escolha para voc\u00ea<\/h3>\n<p>O Random Tornado 12000 Z\u00fcge Einweg E Zigarette destaca-se pelo seu desempenho excepcional e opera\u00e7\u00e3o f\u00e1cil de usar. \u00c9 especificamente projetado para atender \u00e0s necessidades dos vapers que procuram uma solu\u00e7\u00e3o confi\u00e1vel e de alta qualidade para uso di\u00e1rio. Aqui est\u00e3o algumas das caracter\u00edsticas not\u00e1veis que tornam o dispositivo uma escolha excelente.<\/p>\n<h4>Principais caracter\u00edsticas do Random Tornado 12000 Puffs Cigarro Eletr\u00f4nico Descart\u00e1vel<\/h4>\n<ol>\n<li><strong>Capacidade de E-L\u00edquido de longa dura\u00e7\u00e3o<\/strong>\n<ul>\n<li>Com 20 ml de e-l\u00edquido pr\u00e9-preenchido e um alcance impressionante de at\u00e9 12.000 tragadas, o Random Tornado garante uma vida \u00fatil excepcionalmente longa. Isso significa que voc\u00ea pode desfrutar de horas de prazer sem precisar reabastecer ou substituir o dispositivo constantemente.<\/li>\n<\/ul>\n<\/li>\n<li><strong>Carregamento r\u00e1pido com Type-C<\/strong>\n<ul>\n<li>Gra\u00e7as \u00e0 moderna <strong>Tecnologia Type-C<\/strong> permite carregar o dispositivo de forma r\u00e1pida e eficiente. A bateria integrada de 850 mAh garante que voc\u00ea possa continuar a vaporizar imediatamente ap\u00f3s um curto per\u00edodo de carregamento. Isso economiza tempo e garante que voc\u00ea possa usar o dispositivo sempre que precisar.<\/li>\n<\/ul>\n<\/li>\n<li><strong>Controle de fluxo de ar ajust\u00e1vel<\/strong>\n<ul>\n<li>O controlo do fluxo de ar permite-lhe ajustar a resist\u00eancia \u00e0 trac\u00e7\u00e3o de acordo com as suas prefer\u00eancias individuais. Tem a op\u00e7\u00e3o de escolher entre uma trac\u00e7\u00e3o mais restritiva para um sabor mais intenso ou uma trac\u00e7\u00e3o mais a\u00e9rea para uma experi\u00eancia mais suave.<\/li>\n<\/ul>\n<\/li>\n<li><strong>Luzes RGB para uma experi\u00eancia visual<\/strong>\n<ul>\n<li>As seis integradas <strong>Luzes RGB<\/strong> Acendem com cada tragada e d\u00e3o ao vapor um destaque visual adicional. Este recurso estiloso torna o Random Tornado um verdadeiro chamariz, que n\u00e3o \u00e9 apenas funcional, mas tamb\u00e9m visualmente atraente.<\/li>\n<\/ul>\n<\/li>\n<li><strong>For\u00e7a de nicotina para todos os gostos<\/strong>\n<ul>\n<li>Com uma <strong>Nikotin-St\u00e4rke von 21mg (20 mg) \n N\u00e3o necessita de tradu\u00e7\u00e3o para este caso, mas se considerar  \"2%\" como marca\/modelo\/produto\/propriedade: \n\n2% com for\u00e7a de 20 mg de nicotina<\/strong> Oferece uma dose agrad\u00e1vel de nicotina, que \u00e9 confort\u00e1vel para a maioria dos vapeadores. Isso torna o dispositivo ideal para mudar do tabagismo ou para vapeadores que preferem uma absor\u00e7\u00e3o moderada de nicotina.<\/li>\n<\/ul>\n<\/li>\n<\/ol>\n<h3>Os benef\u00edcios do Random Tornado 12000 Z\u00fcge Einweg E Zigarette em detalhes<\/h3>\n<ol>\n<li><strong>Durabilidade e alta resist\u00eancia \u00e0 tra\u00e7\u00e3o<\/strong>\n<ul>\n<li>Com 12.000 puffs por dispositivo, voc\u00ea obt\u00e9m uma dura\u00e7\u00e3o de uso excepcionalmente longa. Isso significa que voc\u00ea n\u00e3o precisar\u00e1 comprar dispositivos de reposi\u00e7\u00e3o por um longo per\u00edodo, o que \u00e9 pr\u00e1tico e econ\u00f4mico.<\/li>\n<\/ul>\n<\/li>\n<li><strong>Fun\u00e7\u00e3o recarreg\u00e1vel para sustentabilidade<\/strong>\n<ul>\n<li>Uma grande vantagem do Random Tornado \u00e9 a fun\u00e7\u00e3o recarreg\u00e1vel, que n\u00e3o s\u00f3 poupa o ambiente, mas tamb\u00e9m o seu dinheiro. Carregar o dispositivo com a entrada Type-C \u00e9 r\u00e1pido e f\u00e1cil, para que voc\u00ea n\u00e3o precise constantemente de produtos descart\u00e1veis.<\/li>\n<\/ul>\n<\/li>\n<li><strong>Variedade de sabores para uma experi\u00eancia de vaporiza\u00e7\u00e3o diversificada<\/strong>\n<ul>\n<li>O cigarro eletr\u00f4nico descart\u00e1vel Random Tornado est\u00e1 dispon\u00edvel em uma ampla variedade de sabores que far\u00e3o o cora\u00e7\u00e3o de qualquer vapeador bater mais r\u00e1pido. Se voc\u00ea prefere sabores frutados, doces ou refrescantes, certamente encontrar\u00e1 o sabor perfeito para sua experi\u00eancia de vapear aqui.<\/li>\n<\/ul>\n<\/li>\n<li><strong>Design moderno para uma apresenta\u00e7\u00e3o elegante<\/strong>\n<ul>\n<li>O design futurista com as luzes RGB brilhantes proporciona uma experi\u00eancia de vaporiza\u00e7\u00e3o \u00fanica e chama a aten\u00e7\u00e3o. Seja em casa ou em movimento, o Random Tornado n\u00e3o \u00e9 apenas funcional, mas tamb\u00e9m uma verdadeira declara\u00e7\u00e3o de estilo.<\/li>\n<\/ul>\n<\/li>\n<li><strong>Fluxo de ar personaliz\u00e1vel para mais controle<\/strong>\n<ul>\n<li>A possibilidade de adaptar individualmente o fluxo de ar d\u00e1-lhe o controle sobre a sua experi\u00eancia de vaporiza\u00e7\u00e3o. Voc\u00ea pode ajustar a resist\u00eancia \u00e0 tra\u00e7\u00e3o conforme desejado e, assim, otimizar a intensidade e o sabor de acordo com as suas prefer\u00eancias pessoais.<\/li>\n<\/ul>\n<\/li>\n<\/ol>\n<h3>O mundo de sabores do Random Tornado 12000 Puffs Cigarro Eletr\u00f4nico Descart\u00e1vel - Morango Uva<\/h3>\n<p>A <strong>Morango uva<\/strong>Variante do Tornado Aleat\u00f3rio <a href=\"https:\/\/alfakher24h.de\/pt\/\">Cigarra Eletr\u00f4nica Descart\u00e1vel<\/a> \u00e9 uma verdadeira obra-prima da diversidade de aromas. A combina\u00e7\u00e3o perfeita da do\u00e7ura do morango e da acidez refrescante da uva cria uma explos\u00e3o de sabor que vai deliciar tanto os iniciantes quanto os vapers experientes.<\/p>\n<h4>Experi\u00eancia gustativa do morango uva<\/h4>\n<p><strong>Morango e uva<\/strong> pertencem a uma das combina\u00e7\u00f5es de frutas mais populares e a Random Tornado implementou perfeitamente esta mistura. J\u00e1 na primeira tragada voc\u00ea experimenta a do\u00e7ura e frescor do morango, que se une suavemente \u00e0 ligeira acidez da uva. O sabor do morango \u00e9 pleno e rico, enquanto a uva proporciona uma profundidade frutada agrad\u00e1vel, o que acrescenta uma dimens\u00e3o extra \u00e0 experi\u00eancia de vaporiza\u00e7\u00e3o.<\/p>\n<p>A combina\u00e7\u00e3o das duas frutas oferece uma experi\u00eancia de sabor equilibrada que agrada ao paladar sem sobrecarregar. O morango traz uma do\u00e7ura natural, por\u00e9m n\u00e3o muito intensa, enquanto a uva proporciona uma nota refrescante e ligeiramente \u00e1cida que perfeitamente arredonda o retrogosto.<\/p>\n<h4>Ideal para o consumo di\u00e1rio<\/h4>\n<p>combina\u00e7\u00e3o de morango e uva n\u00e3o \u00e9 apenas refrescante, mas tamb\u00e9m vers\u00e1til o suficiente para ser apreciada ao longo do dia. Se voc\u00ea a usa como seu companheiro di\u00e1rio ou como um prazer especial no meio do caminho, esse sabor n\u00e3o s\u00f3 permanece na mem\u00f3ria por muito tempo, mas tamb\u00e9m garante que voc\u00ea volte sempre ao seu <strong>Random Tornado 12000 Z\u00fcge Einweg E Zigarette \n\u00e9 traduzido para \nRandom Tornado 12000 Puffs E Cigarro Descart\u00e1vel<\/strong> ir\u00e3o recorrer.<\/p>\n<p>Com este sabor frutado, voc\u00ea n\u00e3o precisa se preocupar que sua experi\u00eancia de vaporiza\u00e7\u00e3o se torne mon\u00f3tona. Cada tragada traz uma nova alegria, e a mistura equilibrada de do\u00e7ura e frescor ir\u00e1 surpreend\u00ea-lo repetidamente.<\/p>\n<h3>Por que voc\u00ea deve comprar o Random Tornado 12000 Z\u00fcge Einweg E Zigarette na alfakher24h.de<\/h3>\n<p><strong>alfakher24h.de<\/strong> \u00e9 a maior loja online da Alemanha para a compra de <strong>Cigarros eletr\u00f4nicos descart\u00e1veis<\/strong>Oferecemos-lhe n\u00e3o apenas a <strong>Random Tornado 12000 Z\u00fcge Einweg E Zigarette \n\u00e9 traduzido para \nRandom Tornado 12000 Puffs E Cigarro Descart\u00e1vel<\/strong>mas tamb\u00e9m uma ampla sele\u00e7\u00e3o de vapes e E-L\u00edquidos de alta qualidade. Nossa plataforma \u00e9 conhecida por excelente atendimento ao cliente, m\u00e9todos de pagamento seguros e entrega r\u00e1pida.<\/p>\n<p>Se voc\u00ea est\u00e1 procurando por um cigarro eletr\u00f4nico descart\u00e1vel confi\u00e1vel, potente e com sabor excepcional, ent\u00e3o \u00e9 o <strong>Random Tornado 12000 Z\u00fcge Einweg E Zigarette \n\u00e9 traduzido para \nRandom Tornado 12000 Puffs E Cigarro Descart\u00e1vel<\/strong> exatamente o que voc\u00ea precisa. Descubra agora o mundo do vapor em <a href=\"https:\/\/alfakher24h.de\/pt\/\"><strong>alfakher24h.de<\/strong><\/a> \u2013 Sua primeira escolha para cigarros eletr\u00f4nicos descart\u00e1veis na Alemanha.<\/p>\n<p>N\u00e3o perca a oportunidade de elevar a sua experi\u00eancia de vaporiza\u00e7\u00e3o ao pr\u00f3ximo n\u00edvel. Visite-nos hoje e encomende o seu <strong>Random Tornado 12000 Z\u00fcge Einweg E Zigarette \u2013 Morango Uva<\/strong> diretamente conosco!<\/p>\n<\/div>\n<\/div>\n<\/div>\n<div class=\"mb-2 flex gap-3 empty:hidden -ml-2\">\n<div class=\"items-center justify-start rounded-xl p-1 flex\">\n<div class=\"flex items-center\"><\/div>\n<\/div>\n<\/div>","protected":false},"excerpt":{"rendered":"<p>A <strong>Random Tornado 12000 Z\u00fcge Einweg E Zigarette \u2013 Morango Uva<\/strong> oferece com 12.000 tragadas, uma bateria recarreg\u00e1vel de 850 mAh, controle de fluxo de ar ajust\u00e1vel e um sabor refrescante de morango e uva excepcional<\/p>","protected":false},"featured_media":1194,"comment_status":"open","ping_status":"closed","template":"","meta":{"om_disable_all_campaigns":false},"product_brand":[],"product_cat":[32],"product_tag":[],"class_list":{"0":"post-1193","1":"product","2":"type-product","3":"status-publish","4":"has-post-thumbnail","6":"product_cat-random-tornado-12000","8":"first","9":"outofstock","10":"shipping-taxable","11":"purchasable","12":"product-type-simple"},"_links":{"self":[{"href":"https:\/\/alfakher24h.de\/pt\/wp-json\/wp\/v2\/product\/1193","targetHints":{"allow":["GET"]}}],"collection":[{"href":"https:\/\/alfakher24h.de\/pt\/wp-json\/wp\/v2\/product"}],"about":[{"href":"https:\/\/alfakher24h.de\/pt\/wp-json\/wp\/v2\/types\/product"}],"replies":[{"embeddable":true,"href":"https:\/\/alfakher24h.de\/pt\/wp-json\/wp\/v2\/comments?post=1193"}],"wp:featuredmedia":[{"embeddable":true,"href":"https:\/\/alfakher24h.de\/pt\/wp-json\/wp\/v2\/media\/1194"}],"wp:attachment":[{"href":"https:\/\/alfakher24h.de\/pt\/wp-json\/wp\/v2\/media?parent=1193"}],"wp:term":[{"taxonomy":"product_brand","embeddable":true,"href":"https:\/\/alfakher24h.de\/pt\/wp-json\/wp\/v2\/product_brand?post=1193"},{"taxonomy":"product_cat","embeddable":true,"href":"https:\/\/alfakher24h.de\/pt\/wp-json\/wp\/v2\/product_cat?post=1193"},{"taxonomy":"product_tag","embeddable":true,"href":"https:\/\/alfakher24h.de\/pt\/wp-json\/wp\/v2\/product_tag?post=1193"}],"curies":[{"name":"wp","href":"https:\/\/api.w.org\/{rel}","templated":true}]}}