{"id":1190,"date":"2024-12-18T11:09:56","date_gmt":"2024-12-18T11:09:56","guid":{"rendered":"https:\/\/alfakher24h.de\/?post_type=product&#038;p=1190"},"modified":"2025-07-16T07:25:09","modified_gmt":"2025-07-16T07:25:09","slug":"tornado-aleatorio-12-000-baforadas-descartaveis-e-cigarro-morango-gelo","status":"publish","type":"product","link":"https:\/\/alfakher24h.de\/pt\/produto\/tornado-aleatorio-12-000-baforadas-descartaveis-e-cigarro-morango-gelo\/","title":{"rendered":"Random Tornado 12000 Z\u00fcge Einweg E Zigarette \u2013 Strawberry Ice\n\u00e9 traduzido para \nRandom Tornado 12000 Puffs E Cigarette Descart\u00e1vel - Morango Gelo"},"content":{"rendered":"<h2><strong>Random Tornado 12000 Z\u00fcge Einweg E Zigarette \u2013 Morango Gelo: Uma classe \u00e0 parte<\/strong><\/h2>\n<p><img loading=\"lazy\" decoding=\"async\" class=\"alignnone size-full wp-image-1176\" src=\"https:\/\/alfakher24h.de\/wp-content\/uploads\/2024\/12\/Fumot-RandM-Digital-Box-12000-Puffs.webp\" alt=\"Fumot-RandM-Digital-Box-12000\" width=\"1280\" height=\"1810\" title=\"\" srcset=\"https:\/\/alfakher24h.de\/wp-content\/uploads\/2024\/12\/Fumot-RandM-Digital-Box-12000-Puffs.webp 1280w, https:\/\/alfakher24h.de\/wp-content\/uploads\/2024\/12\/Fumot-RandM-Digital-Box-12000-Puffs-212x300.webp 212w, https:\/\/alfakher24h.de\/wp-content\/uploads\/2024\/12\/Fumot-RandM-Digital-Box-12000-Puffs-724x1024.webp 724w, https:\/\/alfakher24h.de\/wp-content\/uploads\/2024\/12\/Fumot-RandM-Digital-Box-12000-Puffs-768x1086.webp 768w, https:\/\/alfakher24h.de\/wp-content\/uploads\/2024\/12\/Fumot-RandM-Digital-Box-12000-Puffs-1086x1536.webp 1086w, https:\/\/alfakher24h.de\/wp-content\/uploads\/2024\/12\/Fumot-RandM-Digital-Box-12000-Puffs-8x12.webp 8w, https:\/\/alfakher24h.de\/wp-content\/uploads\/2024\/12\/Fumot-RandM-Digital-Box-12000-Puffs-600x848.webp 600w\" sizes=\"auto, (max-width: 1280px) 100vw, 1280px\" \/><\/p>\n<p>A <a href=\"https:\/\/alfakher24h.de\/pt\/?post_type=product&amp;p=1190&amp;preview=true\"><strong>Random Tornado 12000 Z\u00fcge Einweg E Zigarette \u2013 Strawberry Ice\n\u00e9 traduzido para \nRandom Tornado 12000 Puffs E Cigarette Descart\u00e1vel - Morango Gelo<\/strong><\/a> \u00e9 uma escolha revolucion\u00e1ria para vapers que procuram o m\u00e1ximo conforto, excelente desempenho e uma experi\u00eancia de sabor incompar\u00e1vel. Com seu design moderno, um n\u00famero impressionante de tragadas e o equil\u00edbrio perfeito entre funcionalidade e estilo, este produto estabelece novos padr\u00f5es na \u00e1rea de cigarros eletr\u00f4nicos descart\u00e1veis. Saiba por que o Random Tornado \u00e9 a primeira escolha para vapers exigentes na Alemanha e descubra as propriedades excepcionais deste dispositivo de vape premium.<\/p>\n<hr \/>\n<h2><strong>Por que o Random Tornado 12000 Z\u00fcge de cigarro eletr\u00f4nico descart\u00e1vel deve ser sua primeira escolha<\/strong><\/h2>\n<p>A Random Tornado oferece mais do que apenas um alto n\u00famero de tragadas - redefine o vape. Aqui est\u00e3o os principais motivos pelos quais este modelo merece um lugar no seu sortimento de vape:<\/p>\n<h3><strong>1. Capacidade de e-l\u00edquido excepcional<\/strong><\/h3>\n<ul>\n<li>Com um tanque generoso de <strong>20 ml E-L\u00edquido<\/strong> garante que este dispositivo at\u00e9 <strong>12.000 trens<\/strong> Perfeito para utilizadores de longo prazo que procuram uma solu\u00e7\u00e3o fi\u00e1vel sem necessidade de voltar a comprar constantemente.<\/li>\n<li>Ideal para viagens ou uso di\u00e1rio, pois proporciona uma experi\u00eancia de vaporiza\u00e7\u00e3o prolongada.<\/li>\n<\/ul>\n<h3><strong>2. Fun\u00e7\u00e3o de carregamento avan\u00e7ada<\/strong><\/h3>\n<ul>\n<li>A <strong>850 mAh bateria<\/strong> do dispositivo \u00e9 recarreg\u00e1vel e tem um <strong>Conector Type-C<\/strong>que permite carregar de forma r\u00e1pida e simples.<\/li>\n<li>N\u00e3o h\u00e1 mais espera desnecess\u00e1ria - voc\u00ea pode carregar seu dispositivo em pouco tempo e us\u00e1-lo novamente.<\/li>\n<\/ul>\n<h3><strong>3. Controlo de fluxo de ar personaliz\u00e1vel<\/strong><\/h3>\n<ul>\n<li>O ajust\u00e1vel <strong>Controle de Fluxo de Ar<\/strong> permite que voc\u00ea personalize a experi\u00eancia de vaporiza\u00e7\u00e3o - desde uma tragada firme at\u00e9 uma tragada aberta e arejada.<\/li>\n<li>Perfeito para iniciantes e experientes vapeadores igualmente, que valorizam uma experi\u00eancia personalizada.<\/li>\n<\/ul>\n<h3><strong>4. Ilumina\u00e7\u00e3o RGB elegante<\/strong><\/h3>\n<ul>\n<li>Seis <strong>Luzes RGB din\u00e2micas<\/strong> Ativam-se a cada turno e proporcionam um enriquecimento visual.<\/li>\n<li>Especialmente \u00e0 noite ou em ambientes sociais, este recurso torna o Random Tornado um verdadeiro chamariz.<\/li>\n<\/ul>\n<h3><strong>5. Conte\u00fado de nicotina perfeito<\/strong><\/h3>\n<ul>\n<li>Com <strong>2% (20 mg) Nicotina<\/strong> oferece uma experi\u00eancia de vaporiza\u00e7\u00e3o suave, mas satisfat\u00f3ria.<\/li>\n<li>\u9069ado para todos que desejam mudar de cigarros convencionais ou procuram uma experi\u00eancia de nicotina moderada.<\/li>\n<\/ul>\n<hr \/>\n<h2><strong>Variedade de aromas inesquec\u00edvel: Foco no Strawberry Ice<\/strong><\/h2>\n<h3><strong>Strawberry Ice - Um prazer frutado e fresco<\/strong><\/h3>\n<p>O <strong>Aroma de Morango Gelado<\/strong> \u00e9 uma combina\u00e7\u00e3o harmoniosa da do\u00e7ura natural de morangos maduros e uma refrescante nota de hortel\u00e3. Este aroma proporciona uma experi\u00eancia viciante:<\/p>\n<ul>\n<li><strong>Doce de morango<\/strong> A intensa frutividade de morangos rec\u00e9m-colhidos d\u00e1 a impress\u00e3o de que se est\u00e1 a morder uma fruta banhada a sol.<\/li>\n<li><strong>K\u00fchle Menthol-Frische: \nFrescura de Mentol Refrescante:<\/strong> Um toque suave de mentol proporciona um acabamento gelado que equilibra perfeitamente a do\u00e7ura e proporciona um sabor refrescante residual.<\/li>\n<li><strong>Equil\u00edbrio perfeito:<\/strong> A combina\u00e7\u00e3o de fruta e frescura oferece uma experi\u00eancia de sabor duradoura, ideal para uso di\u00e1rio ou momentos especiais.<\/li>\n<\/ul>\n<p>A combina\u00e7\u00e3o de do\u00e7ura de ver\u00e3o e frescura refrescante torna o Strawberry Ice um favorito absoluto entre os sabores de vaporiza\u00e7\u00e3o. Cada tragada se torna um pequeno momento de prazer que revigora os seus sentidos.<\/p>\n<hr \/>\n<h2><strong>Destaques de recursos do Random Tornado 12000 Z\u00fcge<\/strong><\/h2>\n<h3><strong>Longevidade e capacidade<\/strong><\/h3>\n<ul>\n<li>Desenvolvido para durar o dia todo ou at\u00e9 semanas - ideal para vapers pesados.<\/li>\n<li>Um produto inovador para todos que valorizam o conforto de uma <a href=\"https:\/\/alfakher24h.de\/pt\/\">Cigarrinha eletr\u00f4nica descart\u00e1vel<\/a> com o desempenho de um dispositivo premium.<\/li>\n<\/ul>\n<h3><strong>Design compacto e elegante<\/strong><\/h3>\n<ul>\n<li>O design elegante e ergon\u00f4mico garante um manuseio confort\u00e1vel e \u00e9 facilmente transport\u00e1vel.<\/li>\n<li>Perfeito para viagem, sem comprometer o estilo ou a fun\u00e7\u00e3o.<\/li>\n<\/ul>\n<h3><strong>Higi\u00eanico e f\u00e1cil de manusear<\/strong><\/h3>\n<ul>\n<li>Nenhum reabastecimento ou montagem complicada necess\u00e1ria - simplesmente desembalar, carregar e come\u00e7ar a vaporizar.<\/li>\n<li>A constru\u00e7\u00e3o selada garante uma experi\u00eancia de vapor higi\u00eanica.<\/li>\n<\/ul>\n<hr \/>\n<h2><strong>Como voc\u00ea compra o Random Tornado 12000 Z\u00fcge Cigarro Eletr\u00f4nico Descart\u00e1vel?<\/strong><\/h2>\n<p>A Random Tornado 12000 Z\u00fcge Einweg E Zigarette \u2013 Strawberry Ice \u00e9 exclusiva em <strong><a href=\"https:\/\/alfakher24h.de\/pt\/\" target=\"_new\" rel=\"noopener\">alfakher24h.de<\/a><\/strong> dispon\u00edvel. Como a maior loja online de cigarros eletr\u00f3nicos descart\u00e1veis na Alemanha, oferecemos uma ampla sele\u00e7\u00e3o de produtos premium, incluindo os \u00faltimos modelos e sabores.<\/p>\n<h3><strong>Por que comprar na alfakher24h.de?<\/strong><\/h3>\n<ul>\n<li><strong>Originalidade garantida:<\/strong> N\u00f3s conduzimos exclusivamente produtos testados e originais.<\/li>\n<li><strong>Grande sele\u00e7\u00e3o:<\/strong> Al\u00e9m do Random Tornado, voc\u00ea encontrar\u00e1 muitas outras marcas e sabores de ponta conosco.<\/li>\n<li><strong>Entrega r\u00e1pida:<\/strong> Compre confortavelmente em casa e receba seus produtos em pouco tempo.<\/li>\n<\/ul>\n<hr \/>\n<p>A <strong>Random Tornado 12000 Z\u00fcge Einweg E Zigarette \u2013 Strawberry Ice\n\u00e9 traduzido para \nRandom Tornado 12000 Puffs E Cigarette Descart\u00e1vel - Morango Gelo<\/strong> \u00e9 o companheiro perfeito para todos que procuram uma experi\u00eancia de vaporiza\u00e7\u00e3o duradoura e saborosa. Visite <a href=\"https:\/\/alfakher24h.de\/pt\/\"><strong>alfakher24h.de<\/strong><\/a>para fazer o seu pedido e descobrir o mundo do vapor premium. <strong>Compre agora e aproveite!<\/strong><\/p>","protected":false},"excerpt":{"rendered":"<p>A <strong>Random Tornado 12000 Z\u00fcge Einweg E Zigarette \u2013 Strawberry Ice\n\u00e9 traduzido para \nRandom Tornado 12000 Puffs E Cigarette Descart\u00e1vel - Morango Gelo<\/strong> Oferece uma experi\u00eancia de vaporiza\u00e7\u00e3o frutada e refrescante com 12.000 tragadas, bateria recarreg\u00e1vel e controle de fluxo de ar personaliz\u00e1vel para m\u00e1ximo prazer.<\/p>","protected":false},"featured_media":1191,"comment_status":"open","ping_status":"closed","template":"","meta":{"om_disable_all_campaigns":false},"product_brand":[],"product_cat":[32],"product_tag":[],"class_list":{"0":"post-1190","1":"product","2":"type-product","3":"status-publish","4":"has-post-thumbnail","6":"product_cat-random-tornado-12000","8":"first","9":"outofstock","10":"shipping-taxable","11":"purchasable","12":"product-type-simple"},"_links":{"self":[{"href":"https:\/\/alfakher24h.de\/pt\/wp-json\/wp\/v2\/product\/1190","targetHints":{"allow":["GET"]}}],"collection":[{"href":"https:\/\/alfakher24h.de\/pt\/wp-json\/wp\/v2\/product"}],"about":[{"href":"https:\/\/alfakher24h.de\/pt\/wp-json\/wp\/v2\/types\/product"}],"replies":[{"embeddable":true,"href":"https:\/\/alfakher24h.de\/pt\/wp-json\/wp\/v2\/comments?post=1190"}],"wp:featuredmedia":[{"embeddable":true,"href":"https:\/\/alfakher24h.de\/pt\/wp-json\/wp\/v2\/media\/1191"}],"wp:attachment":[{"href":"https:\/\/alfakher24h.de\/pt\/wp-json\/wp\/v2\/media?parent=1190"}],"wp:term":[{"taxonomy":"product_brand","embeddable":true,"href":"https:\/\/alfakher24h.de\/pt\/wp-json\/wp\/v2\/product_brand?post=1190"},{"taxonomy":"product_cat","embeddable":true,"href":"https:\/\/alfakher24h.de\/pt\/wp-json\/wp\/v2\/product_cat?post=1190"},{"taxonomy":"product_tag","embeddable":true,"href":"https:\/\/alfakher24h.de\/pt\/wp-json\/wp\/v2\/product_tag?post=1190"}],"curies":[{"name":"wp","href":"https:\/\/api.w.org\/{rel}","templated":true}]}}