{"id":112,"date":"2024-09-07T04:13:04","date_gmt":"2024-09-07T04:13:04","guid":{"rendered":"https:\/\/alfakher24h.de\/?post_type=product&#038;p=112"},"modified":"2025-07-23T04:17:28","modified_gmt":"2025-07-23T04:17:28","slug":"al-fakher-crown-bar-8000-baforadas-cigarro-eletronico-descartavel-com-nicotina-baga-hortela","status":"publish","type":"product","link":"https:\/\/alfakher24h.de\/pt\/produto\/al-fakher-crown-bar-8000-baforadas-cigarro-eletronico-descartavel-com-nicotina-baga-hortela\/","title":{"rendered":"AL Fakher Crown Bar 8000 Z\u00fcge Einweg E Zigarette Mit Nikotin \u2013 Berry Mint \nse torna \n\nAL Fakher Crown Bar 8000 tragadas Cigarro eletr\u00f4nico descart\u00e1vel com nicotina - Berry Mint"},"content":{"rendered":"<h2><a href=\"https:\/\/alfakher24h.de\/pt\/categoria-de-produto\/barra-de-coroa-al-fakher-8000\/\">AL Fakher Crown Bar 8000 Z\u00fcge \n\nbecomes \n\nAL Fakher Crown Bar 8000 puffs<\/a> Cigarrinha Eletr\u00f4nica Descart\u00e1vel com Nicotina - Berry Mint<\/h2>\n<p>&nbsp;<\/p>\n<div style=\"width: 362px;\" class=\"wp-video\"><video class=\"wp-video-shortcode\" id=\"video-112-1\" width=\"362\" height=\"640\" preload=\"metadata\" controls=\"controls\"><source type=\"video\/mp4\" src=\"https:\/\/alfakher24h.de\/wp-content\/uploads\/2024\/09\/AL-Fakher-Crown-Bar-8000-Zuege-Einweg-E-Zigarette-Mit-Nikotin-Berry-Mint.mp4?_=1\" \/><a href=\"https:\/\/alfakher24h.de\/wp-content\/uploads\/2024\/09\/AL-Fakher-Crown-Bar-8000-Zuege-Einweg-E-Zigarette-Mit-Nikotin-Berry-Mint.mp4\">https:\/\/alfakher24h.de\/wp-content\/uploads\/2024\/09\/AL-Fakher-Crown-Bar-8000-Zuege-Einweg-E-Zigarette-Mit-Nikotin-Berry-Mint.mp4<\/a><\/video><\/div>\n<p><strong>Introdu\u00e7\u00e3o<\/strong><br \/>\nA <strong>AL Fakher Crown Bar 8000 Z\u00fcge Einweg \n(AL Fakher Crown Bar 8000 trag\u00e1veis descart\u00e1vel) n\u00e3o necessita de tradu\u00e7\u00e3o, mas se for para portugu\u00eas \n\nAL Fakher Crown Bar 8000 Puffs Descart\u00e1vel <a href=\"https:\/\/alfakher24h.de\/pt\/\">E Cigarro Com Nicotina<\/a><\/strong> na sabor Berry Mint oferece uma experi\u00eancia de vaporiza\u00e7\u00e3o incompar\u00e1vel. Com uma combina\u00e7\u00e3o de frutas suculentas e um toque refrescante de hortel\u00e3, este dispositivo proporciona um sabor intenso e ao mesmo tempo agradavelmente fresco. O cigarro eletr\u00f4nico descart\u00e1vel oferece at\u00e9 <strong>8000 trens<\/strong>, o que a torna um dos dispositivos de vapor descart\u00e1veis mais dur\u00e1veis e potentes do mercado. Seja em movimento ou em casa - este dispositivo compacto e leve \u00e9 a escolha ideal para quem procura uma experi\u00eancia de vape simples, mas poderosa.<\/p>\n<p>Compre agora o seu AL Fakher Crown Bar 8000 puffs Cigarro Eletr\u00f4nico Descart\u00e1vel <strong><a href=\"https:\/\/alfakher24h.de\/pt\/\" target=\"_new\" rel=\"noopener\">alfakher24h.de<\/a><\/strong>, a maior plataforma online para vaporizadores descart\u00e1veis na Alemanha!<\/p>\n<hr \/>\n<h2>AL Fakher Crown Bar 8000 Z\u00fcge \n\nNota: N\u00e3o \u00e9 necess\u00e1rio traduzir \"AL Fakher Crown Bar 8000 Z\u00fcge\" pois parece ser um nome de produto. \n\nMas se voc\u00ea quiser a tradu\u00e7\u00e3o de \"Detaillierte Produktbeschreibung\" \npara Portugu\u00eas: Descri\u00e7\u00e3o detalhada do produto<\/h2>\n<p>A <strong>AL Fakher Crown Bar 8000 Z\u00fcge \n\nbecomes \n\nAL Fakher Crown Bar 8000 puffs <a href=\"https:\/\/alfakher24h.de\/pt\/\">Cigarra Eletr\u00f4nica Descart\u00e1vel<\/a><\/strong> \u00e9 perfeitamente adaptado \u00e0s necessidades dos vapers que valorizam o desempenho e o sabor. O dispositivo \u00e9 equipado com um <strong>18ml de e-l\u00edquido pr\u00e9-preenchido<\/strong> e um <strong>5%<\/strong> equipado. Isso garante n\u00e3o apenas uma longa vida \u00fatil de at\u00e9 <strong>8000 trens<\/strong>mas tamb\u00e9m uma experi\u00eancia gustativa intensa em cada tragada.<\/p>\n<p>O destaque deste vape \u00e9 a <strong>constru\u00e7\u00e3o ergon\u00f4mica<\/strong>Com um design elegante e amig\u00e1vel, o dispositivo se ajusta confortavelmente na m\u00e3o e \u00e9 facilmente transportado. O integrado <strong>600mAh bateria<\/strong> garante um desempenho constante, e gra\u00e7as \u00e0 <strong>Esta\u00e7\u00e3o de carregamento tipo C<\/strong> O dispositivo pode ser recarregado confortavelmente quando necess\u00e1rio.<\/p>\n<p><img loading=\"lazy\" decoding=\"async\" class=\"alignnone size-full wp-image-115\" src=\"https:\/\/alfakher24h.de\/wp-content\/uploads\/2024\/09\/AL-Fakher-Crown-Bar-8000-Zuege-Einweg-E-Zigarette-Mit-Nikotin-Berry-Mint-2.webp\" alt=\" AL-Fakher-Crown-Bar-8000-Z\u00fcge-Einweg-E-Zigarette-Mit-Nikotin-Berry-Mint becomes AL-Fakher Crown Bar 8000 tragadas Descart\u00e1vel E-Zigarro Com Nicotina Berry Mint\" width=\"823\" height=\"823\" data-wp-editing=\"1\" title=\"\" srcset=\"https:\/\/alfakher24h.de\/wp-content\/uploads\/2024\/09\/AL-Fakher-Crown-Bar-8000-Zuege-Einweg-E-Zigarette-Mit-Nikotin-Berry-Mint-2.webp 823w, https:\/\/alfakher24h.de\/wp-content\/uploads\/2024\/09\/AL-Fakher-Crown-Bar-8000-Zuege-Einweg-E-Zigarette-Mit-Nikotin-Berry-Mint-2-300x300.webp 300w, https:\/\/alfakher24h.de\/wp-content\/uploads\/2024\/09\/AL-Fakher-Crown-Bar-8000-Zuege-Einweg-E-Zigarette-Mit-Nikotin-Berry-Mint-2-150x150.webp 150w, https:\/\/alfakher24h.de\/wp-content\/uploads\/2024\/09\/AL-Fakher-Crown-Bar-8000-Zuege-Einweg-E-Zigarette-Mit-Nikotin-Berry-Mint-2-768x768.webp 768w, https:\/\/alfakher24h.de\/wp-content\/uploads\/2024\/09\/AL-Fakher-Crown-Bar-8000-Zuege-Einweg-E-Zigarette-Mit-Nikotin-Berry-Mint-2-600x600.webp 600w, https:\/\/alfakher24h.de\/wp-content\/uploads\/2024\/09\/AL-Fakher-Crown-Bar-8000-Zuege-Einweg-E-Zigarette-Mit-Nikotin-Berry-Mint-2-100x100.webp 100w\" sizes=\"auto, (max-width: 823px) 100vw, 823px\" \/><\/p>\n<h2>AL Fakher Crown Bar 8000 Z\u00fcge \n Recursos em resumo<\/h2>\n<ul>\n<li><strong>Trens:<\/strong> At\u00e9 8000 trens - divers\u00e3o prolongada a vapor<\/li>\n<li><strong>Capacidade de E-L\u00edquido:<\/strong> 18ml - pr\u00e9-preenchido, nenhum reabastecimento necess\u00e1rio<\/li>\n<li><strong>Nicotina<\/strong> 5% Nicotina \u2013 para uma experi\u00eancia de vaporiza\u00e7\u00e3o forte e satisfat\u00f3ria<\/li>\n<li><strong>Recarreg\u00e1vel:<\/strong> Bateria de 600mAh com esta\u00e7\u00e3o de carregamento Tipo-C<\/li>\n<li><strong>Bobina:<\/strong> Bobina de malha para um desenvolvimento de vapor uniforme e denso<\/li>\n<li><strong>Desenho:<\/strong> Ergonomicamente, leve e compacto<\/li>\n<li><strong>Experi\u00eancia de vapor:<\/strong> Diretamente para o pulm\u00e3o (DTL), perfeito para entusiastas de nuvem<\/li>\n<\/ul>\n<h2>AL Fakher Crown Bar 8000 tragadas \n Por que voc\u00ea deve comprar a AL Fakher Crown Bar 8000<\/h2>\n<ul>\n<li><strong>Sabor intenso<\/strong> A mistura de frutas vermelhas e hortel\u00e3 oferece uma experi\u00eancia arom\u00e1tica inesquec\u00edvel. O sabor frutado das frutas vermelhas \u00e9 harmoniosamente complementado pelo frescor refrescante da hortel\u00e3, proporcionando uma experi\u00eancia \u00fanica de vaporiza\u00e7\u00e3o.<\/li>\n<li><strong>F\u00e1cil de usar:<\/strong> N\u00e3o h\u00e1 configura\u00e7\u00e3o ou abastecimento complicados. O dispositivo vem pr\u00e9-preenchido e carregado. Ap\u00f3s desembalar, voc\u00ea pode vaporizar imediatamente. Ap\u00f3s o uso, simplesmente descarte ou recarregue se necess\u00e1rio - n\u00e3o h\u00e1 nada mais conveniente!<\/li>\n<li><strong>Duradouro<\/strong> At\u00e9 <strong>8000 trens<\/strong> A AL Fakher Crown Bar mant\u00e9m-se significativamente mais tempo do que muitos outros dispositivos descart\u00e1veis. Ideal para vapers que n\u00e3o querem reabastecer ou trocar constantemente.<\/li>\n<li><strong>Portabilidade:<\/strong> Pequeno, leve e f\u00e1cil de transportar - ideal para viagem. Cabe em qualquer bolso, sem ocupar muito espa\u00e7o.<\/li>\n<li><strong>Recarreg\u00e1vel:<\/strong> Embora a AL Fakher Crown Bar seja projetada como um dispositivo descart\u00e1vel, ela oferece a vantagem de poder ser recarregada quando necess\u00e1rio. Isso proporciona flexibilidade adicional e prolonga a vida \u00fatil do dispositivo.<\/li>\n<\/ul>\n<hr \/>\n<h3>Experi\u00eancia de sabor - Berry Mint (Descri\u00e7\u00e3o do sabor individual)<\/h3>\n<p>O sabor <strong>Berry Mint<\/strong> \u00e9 um verdadeiro destaque no mundo dos cigarros eletr\u00f4nicos. J\u00e1 na primeira tragada, explode uma explos\u00e3o de frutas suculentas, que lembram morangos doces e maduros, framboesas suculentas e mirtilos amargos. Esta composi\u00e7\u00e3o de sabores \u00e9 perfeitamente complementada pelo frescor refrescante da hortel\u00e3, proporcionando um prazer de vapor fresco e ao mesmo tempo frutado.<\/p>\n<p>O <strong>Berry Mint<\/strong> subjetividade \ne \nIndividualit\u00e4t \naus \nund \nkann \ndaher \nnicht \nobjektiv \ngemessen \nwerden. <strong>Clareza e intensidade<\/strong> A do\u00e7ura frutada das bagas forma uma base agrad\u00e1vel, enquanto a hortel\u00e3 no final proporciona um suave refrescamento. Esta combina\u00e7\u00e3o torna cada tragada uma experi\u00eancia e proporciona uma satisfa\u00e7\u00e3o duradoura. Especialmente em dias quentes, este sabor \u00e9 um companheiro refrescante que eleva a experi\u00eancia de vaporiza\u00e7\u00e3o a um novo n\u00edvel.<\/p>\n<p>Al\u00e9m disso, oferece a <strong>AL Fakher Crown Bar 8000<\/strong> com seu avan\u00e7ado <strong>Bobina de malha<\/strong> uma evapora\u00e7\u00e3o uniforme do l\u00edquido, o que torna o sabor ainda mais intenso e claro. Cada tragada se sente completa e deixa um agrad\u00e1vel retrogosto, que tanto os iniciantes quanto os experientes vapers apreciam igualmente.<\/p>\n<hr \/>\n<h2><a href=\"https:\/\/alfakher24h.de\/pt\/\">AL Fakher<\/a> Crown Bar 8000 Z\u00fcge \n Por que voc\u00ea deve comprar conosco<\/h2>\n<p>Como o principal fornecedor online de cigarros eletr\u00f3nicos descart\u00e1veis na Alemanha, oferece <strong><a href=\"https:\/\/alfakher24h.de\/pt\/\" target=\"_new\" rel=\"noopener\">alfakher24h.de<\/a><\/strong> n\u00e3o apenas uma ampla sele\u00e7\u00e3o de produtos de alta qualidade, mas tamb\u00e9m um servi\u00e7o ao cliente excelente. N\u00f3s garantimos:<\/p>\n<ul>\n<li><strong>Entrega r\u00e1pida<\/strong>Seu pedido ser\u00e1 processado imediatamente e entregue \u00e0 sua porta num curto per\u00edodo de tempo.<\/li>\n<li><strong>Produtos Exclusivos<\/strong>: A AL Fakher Crown Bar 8000 Z\u00fcge \u00e9 apenas uma das nossas ofertas de primeira qualidade. Encontre uma variedade de outros sabores e modelos conosco.<\/li>\n<li><strong>Compra segura<\/strong>Nossa plataforma oferece a voc\u00ea uma maneira segura e confi\u00e1vel de encomendar seus produtos favoritos.<\/li>\n<li><strong>Maior qualidade<\/strong>: Oferecemos apenas produtos certificados e testados para proporcionar a voc\u00ea a melhor experi\u00eancia de vaporiza\u00e7\u00e3o.<\/li>\n<\/ul>\n<p>Descubra hoje mesmo o AL Fakher Crown Bar 8000 Z\u00fcge Einweg E Zigarette e muitos outros produtos emocionais em <strong>alfakher24h.de<\/strong>Somos o seu parceiro de confian\u00e7a para vaporizadores descart\u00e1veis na Alemanha.<\/p>\n<hr \/>\n<h2>AL Fakher Crown Bar 8000 Z\u00fcge \n\n(Nenhuma altera\u00e7\u00e3o, pois parece ser um nome de produto e modelo)<\/h2>\n<p>A <strong>AL Fakher Crown Bar 8000 Z\u00fcge Einweg E Zigarette Mit Nikotin \u2013 Berry Mint \nse torna \n\nAL Fakher Crown Bar 8000 tragadas Cigarro eletr\u00f4nico descart\u00e1vel com nicotina - Berry Mint<\/strong> \u00e9 a escolha perfeita para todos que procuram uma experi\u00eancia de vaporiza\u00e7\u00e3o forte, duradoura e refrescante. Com at\u00e9 8000 tragadas, tamanho port\u00e1til e uma experi\u00eancia de sabor intensa, este produto \u00e9 um absoluto indispens\u00e1vel para vapers que valorizam qualidade e conforto.<\/p>\n<p>Fa\u00e7a seu pedido ainda hoje em <a href=\"https:\/\/alfakher24h.de\/pt\/\"><strong>alfakher24h.de<\/strong><\/a> e aproveite o sabor de primeira classe de frutas vermelhas e hortel\u00e3 em cada tragada!<\/p>","protected":false},"excerpt":{"rendered":"<p>O sabor <strong>Berry Mint<\/strong> \u00e9 um verdadeiro destaque no mundo dos cigarros eletr\u00f4nicos. J\u00e1 na primeira tragada, explode uma explos\u00e3o de frutas suculentas, que lembram morangos doces e maduros, framboesas suculentas e mirtilos amargos. Esta composi\u00e7\u00e3o de sabores \u00e9 perfeitamente complementada pelo frescor refrescante da hortel\u00e3, proporcionando um prazer de vapor fresco e ao mesmo tempo frutado.<\/p>","protected":false},"featured_media":113,"comment_status":"open","ping_status":"closed","template":"","meta":{"om_disable_all_campaigns":false},"product_brand":[],"product_cat":[19],"product_tag":[],"class_list":{"0":"post-112","1":"product","2":"type-product","3":"status-publish","4":"has-post-thumbnail","6":"product_cat-al-fakher-crown-bar-8000","8":"first","9":"instock","10":"shipping-taxable","11":"purchasable","12":"product-type-simple"},"_links":{"self":[{"href":"https:\/\/alfakher24h.de\/pt\/wp-json\/wp\/v2\/product\/112","targetHints":{"allow":["GET"]}}],"collection":[{"href":"https:\/\/alfakher24h.de\/pt\/wp-json\/wp\/v2\/product"}],"about":[{"href":"https:\/\/alfakher24h.de\/pt\/wp-json\/wp\/v2\/types\/product"}],"replies":[{"embeddable":true,"href":"https:\/\/alfakher24h.de\/pt\/wp-json\/wp\/v2\/comments?post=112"}],"wp:featuredmedia":[{"embeddable":true,"href":"https:\/\/alfakher24h.de\/pt\/wp-json\/wp\/v2\/media\/113"}],"wp:attachment":[{"href":"https:\/\/alfakher24h.de\/pt\/wp-json\/wp\/v2\/media?parent=112"}],"wp:term":[{"taxonomy":"product_brand","embeddable":true,"href":"https:\/\/alfakher24h.de\/pt\/wp-json\/wp\/v2\/product_brand?post=112"},{"taxonomy":"product_cat","embeddable":true,"href":"https:\/\/alfakher24h.de\/pt\/wp-json\/wp\/v2\/product_cat?post=112"},{"taxonomy":"product_tag","embeddable":true,"href":"https:\/\/alfakher24h.de\/pt\/wp-json\/wp\/v2\/product_tag?post=112"}],"curies":[{"name":"wp","href":"https:\/\/api.w.org\/{rel}","templated":true}]}}