{"id":1119,"date":"2024-12-09T13:19:29","date_gmt":"2024-12-09T13:19:29","guid":{"rendered":"https:\/\/alfakher24h.de\/?post_type=product&#038;p=1119"},"modified":"2024-12-11T10:47:16","modified_gmt":"2024-12-11T10:47:16","slug":"airmez-matrix-25000-baforadas-descartaveis-e-cigarro-melancia-baga-onda","status":"publish","type":"product","link":"https:\/\/alfakher24h.de\/pt\/produto\/airmez-matrix-25000-baforadas-descartaveis-e-cigarro-melancia-baga-onda\/","title":{"rendered":"Airmez Matrix 25000 Z\u00fcge Einweg E Zigarette \u2013 Watermelon Berry Wave \nAirmez Matrix 25000 trag\u00e1veis E Cigarro - Melancia Berry Wave"},"content":{"rendered":"<h1>Airmez Matrix 25000 Z\u00fcge Einweg E-Zigarette \u2013 Watermelon Berry Wave \n Airmez Matrix 25000 trag\u00e1veis cigarros eletr\u00f3nicos descart\u00e1veis - Melancia Sabor Morango<\/h1>\n<div style=\"width: 1020px;\" class=\"wp-video\"><video class=\"wp-video-shortcode\" id=\"video-1119-1\" width=\"1020\" height=\"1020\" preload=\"metadata\" controls=\"controls\"><source type=\"video\/mp4\" src=\"https:\/\/alfakher24h.de\/wp-content\/uploads\/2024\/12\/Airmez-Matrix-25000-3.mp4?_=1\" \/><a href=\"https:\/\/alfakher24h.de\/wp-content\/uploads\/2024\/12\/Airmez-Matrix-25000-3.mp4\">https:\/\/alfakher24h.de\/wp-content\/uploads\/2024\/12\/Airmez-Matrix-25000-3.mp4<\/a><\/video><\/div>\n<p>A <a href=\"https:\/\/alfakher24h.de\/pt\/?post_type=product&amp;p=1119&amp;preview=true\"><strong>Airmez Matrix 25000 Descart\u00e1vel E-Zigarro \u2013 Melancia Berry Wave<\/strong> <\/a>\u00c9 uma verdadeira obra-prima que combina as \u00faltimas tecnologias com uma experi\u00eancia de sabor incompar\u00e1vel. Com seu equipamento avan\u00e7ado e sabores excepcionais, ela estabelece novos padr\u00f5es para cigarros eletr\u00f4nicos descart\u00e1veis. Perfeito para iniciantes e vapers experientes, este modelo oferece conforto, desempenho e prazer em um design elegante e port\u00e1til.<\/p>\n<hr \/>\n<h2>Descri\u00e7\u00e3o do produto: Inova\u00e7\u00e3o e prazer em perfei\u00e7\u00e3o<\/h2>\n<p>A <a href=\"https:\/\/alfakher24h.de\/pt\/\"><strong>Airmez Matrix 25000<\/strong><\/a> \u00e9 mais do que um cigarro eletr\u00f4nico descart\u00e1vel comum - \u00e9 um s\u00edmbolo da tecnologia moderna e do m\u00e1ximo conforto. Com uma capacidade incr\u00edvel de at\u00e9 <strong>25.000 viagens no modo normal<\/strong> e <strong>15.000 trens no modo boost<\/strong> garantece uma experi\u00eancia de vapor duradoura.<\/p>\n<p>A tela de toque de 2,1 polegadas permite uma opera\u00e7\u00e3o f\u00e1cil e mostra todas as informa\u00e7\u00f5es importantes, como o n\u00edvel da bateria e o n\u00edvel de E-Liquid. As bobinas de malha dupla integradas fornecem um desenvolvimento de sabor incompar\u00e1vel e uma vapor suave e denso. Com a <strong>Fun\u00e7\u00e3o de carregamento r\u00e1pido USB-C<\/strong> A Airmez Matrix 25000 est\u00e1 pronta para uso a qualquer momento, e o fluxo de ar ajust\u00e1vel permite que voc\u00ea personalize o vape de acordo com suas prefer\u00eancias pessoais.<\/p>\n<p>Este modelo n\u00e3o \u00e9 apenas dur\u00e1vel e poderoso, mas tamb\u00e9m um acess\u00f3rio estiloso que o acompanha em todos os lugares. Seja para uso di\u00e1rio ou ocasi\u00f5es especiais - o Airmez Matrix 25000 convence em toda a linha.<\/p>\n<hr \/>\n<h2>Caracter\u00edsticas especiais da Airmez Matrix 25000<\/h2>\n<ol>\n<li><strong>N\u00famero m\u00e1ximo de trens<\/strong>: At\u00e9 25.000 tragadas no modo normal e 15.000 tragadas no modo boost - para um prazer de vapor sem limites.<\/li>\n<li><strong>Bobinas Duplas de Malha<\/strong>: Tecnologia de aquecimento optimizada para um sabor intenso e vapor uniforme.<\/li>\n<li><strong>2,1 polegadas de tela sens\u00edvel ao toque<\/strong>: Opera\u00e7\u00e3o intuitiva com indica\u00e7\u00f5es claras para o n\u00edvel da bateria e do l\u00edquido eletr\u00f4nico.<\/li>\n<li><strong>Fluxo de ar ajust\u00e1vel<\/strong>: Individualmente ajust\u00e1vel para uma experi\u00eancia de vapor personalizada.<\/li>\n<li><strong>5 % For\u00e7a da nicotina<\/strong>: Equil\u00edbrio perfeito para um vape intenso e satisfat\u00f3rio.<\/li>\n<li><strong>Carregamento USB-C<\/strong>Carregamento r\u00e1pido e fi\u00e1vel, ideal para o estilo de vida moderno.<\/li>\n<li><strong>Dois modos de desempenho<\/strong>: Escolha entre o modo normal e o modo boost, dependendo de suas prefer\u00eancias.<\/li>\n<li><strong>Entretenimento integrado<\/strong>: Fun\u00e7\u00f5es inovadoras que tornam o vape ainda mais variado.<\/li>\n<li><strong>Design ergon\u00f4mico<\/strong>: Compacto e leve, cabe perfeitamente em qualquer bolso - ideal para viagem.<\/li>\n<\/ol>\n<hr \/>\n<h2>Sabor: Onda de Melancia e Mirtilo<\/h2>\n<p>O sabor <a href=\"https:\/\/alfakher24h.de\/pt\/\"><strong>Watermelon Berry Wave<\/strong><\/a> \u00c9 uma verdadeira homenagem ao ver\u00e3o. Une a do\u00e7ura fresca do mel\u00e3o com a fruta viva das bagas e cria uma explos\u00e3o arom\u00e1tica harmoniosa e refrescante.<\/p>\n<h3>Perfil de sabor em detalhes<\/h3>\n<ol>\n<li><strong>Mel\u00e3o de \u00e1gua<\/strong>A do\u00e7ura suculenta de mel\u00f5es maduros forma a base deste aroma e proporciona uma experi\u00eancia de vaporiza\u00e7\u00e3o refrescante e revigorante.<\/li>\n<li><strong>Mistura de frutas vermelhas<\/strong>Uma combina\u00e7\u00e3o perfeitamente equilibrada de morangos, framboesas e mirtilos complementa a melancia e confere ao sabor uma do\u00e7ura natural de frutas.<\/li>\n<li><strong>Equil\u00edbrio harm\u00f4nico<\/strong>A mistura de doce e fresco garante um sabor que nunca fica entediante.<\/li>\n<li><strong>Sa\u00edda suave<\/strong>Um toque leve e fresco arredonda o aroma e deixa uma sensa\u00e7\u00e3o agrad\u00e1vel.<\/li>\n<\/ol>\n<p><strong>Watermelon Berry Wave<\/strong> \u00e9 o sabor ideal para vapers que procuram uma mistura harmoniosa e vibrante. Perfeito para o dia a dia ou como um prazer refrescante em dias quentes.<\/p>\n<hr \/>\n<h2>Por que a Airmez Matrix 25000 <a href=\"https:\/\/alfakher24h.de\/pt\/\">alfakher24h.de<\/a> Comprar?<\/h2>\n<ol>\n<li><strong>Tecnologia Exclusiva<\/strong>: Com recursos inovadores, como bobinas de dupla malha e tela sens\u00edvel ao toque, o Airmez Matrix 25000 se destaca de outros cigarros eletr\u00f4nicos descart\u00e1veis.<\/li>\n<li><strong>Longevidade<\/strong>: Com at\u00e9 25.000 tragadas, \u00e9 a escolha ideal para vapers que valorizam a confiabilidade.<\/li>\n<li><strong>Usabilidade<\/strong>F\u00e1cil de usar, perfeito para iniciantes e vaporizadores experientes.<\/li>\n<li><strong>Diversidade de sabores<\/strong>Sabores premium como Watermelon Berry Wave garantem uma experi\u00eancia de sabor incompar\u00e1vel.<\/li>\n<li><strong>Entrega r\u00e1pida<\/strong>: Compre o seu Airmez Matrix 25000 de forma simples e segura em <strong>alfakher24h.de<\/strong>, a maior plataforma online para cigarros eletr\u00f3nicos descart\u00e1veis na Alemanha.<\/li>\n<li><strong>Garantia de qualidade<\/strong>: Em alfakher24h.de voc\u00ea recebe exclusivamente produtos aut\u00eanticos de alta qualidade.<\/li>\n<\/ol>\n<hr \/>\n<h2>Conclus\u00e3o: Experimente o vapor de alta qualidade<\/h2>\n<p>A <a href=\"https:\/\/alfakher24h.de\/pt\/\"><strong>Airmez Matrix 25000 Descart\u00e1vel E-Zigarro \u2013 Melancia Berry Wave<\/strong><\/a> \u00c9 mais do que um vape - \u00e9 uma declara\u00e7\u00e3o de tecnologia moderna, fun\u00e7\u00f5es inovadoras e sabores \u00fanicos. Com sua incr\u00edvel capacidade de tiragem, design f\u00e1cil de usar e sabor delicioso de Watermelon Berry Wave, ela oferece uma experi\u00eancia de vaporiza\u00e7\u00e3o que n\u00e3o deixa desejos em aberto.<\/p>\n<p>Pe\u00e7a agora em <a href=\"https:\/\/alfakher24h.de\/pt\/\"><strong>alfakher24h.de<\/strong><\/a> e experimente por que somos o principal fornecedor alem\u00e3o de cigarros eletr\u00f4nicos descart\u00e1veis. Mergulhe no mundo do Airmez Matrix 25000 e desfrute de vaporizar no mais alto n\u00edvel!<\/p>","protected":false},"excerpt":{"rendered":"<p>A <strong>Airmez Matrix 25000 E-Zigarro Descart\u00e1vel \u2013 Melancia Mirtilo<\/strong> Wave combina tecnologia avan\u00e7ada com uma impressionante capacidade de tra\u00e7\u00e3o e um sabor refrescante de mel\u00e3o de \u00e1gua doce e frutas vermelhas.<\/p>","protected":false},"featured_media":1120,"comment_status":"open","ping_status":"closed","template":"","meta":{"om_disable_all_campaigns":false},"product_brand":[],"product_cat":[30],"product_tag":[],"class_list":{"0":"post-1119","1":"product","2":"type-product","3":"status-publish","4":"has-post-thumbnail","6":"product_cat-airmez-matrix-25000","8":"first","9":"instock","10":"shipping-taxable","11":"purchasable","12":"product-type-simple"},"_links":{"self":[{"href":"https:\/\/alfakher24h.de\/pt\/wp-json\/wp\/v2\/product\/1119","targetHints":{"allow":["GET"]}}],"collection":[{"href":"https:\/\/alfakher24h.de\/pt\/wp-json\/wp\/v2\/product"}],"about":[{"href":"https:\/\/alfakher24h.de\/pt\/wp-json\/wp\/v2\/types\/product"}],"replies":[{"embeddable":true,"href":"https:\/\/alfakher24h.de\/pt\/wp-json\/wp\/v2\/comments?post=1119"}],"wp:featuredmedia":[{"embeddable":true,"href":"https:\/\/alfakher24h.de\/pt\/wp-json\/wp\/v2\/media\/1120"}],"wp:attachment":[{"href":"https:\/\/alfakher24h.de\/pt\/wp-json\/wp\/v2\/media?parent=1119"}],"wp:term":[{"taxonomy":"product_brand","embeddable":true,"href":"https:\/\/alfakher24h.de\/pt\/wp-json\/wp\/v2\/product_brand?post=1119"},{"taxonomy":"product_cat","embeddable":true,"href":"https:\/\/alfakher24h.de\/pt\/wp-json\/wp\/v2\/product_cat?post=1119"},{"taxonomy":"product_tag","embeddable":true,"href":"https:\/\/alfakher24h.de\/pt\/wp-json\/wp\/v2\/product_tag?post=1119"}],"curies":[{"name":"wp","href":"https:\/\/api.w.org\/{rel}","templated":true}]}}