{"id":1058,"date":"2024-12-03T06:45:17","date_gmt":"2024-12-03T06:45:17","guid":{"rendered":"https:\/\/alfakher24h.de\/?post_type=product&#038;p=1058"},"modified":"2025-01-08T15:22:30","modified_gmt":"2025-01-08T15:22:30","slug":"adalya-16000-baforadas-descartaveis-e-cigarro-goma-de-mascar","status":"publish","type":"product","link":"https:\/\/alfakher24h.de\/pt\/produto\/adalya-16000-baforadas-descartaveis-e-cigarro-goma-de-mascar\/","title":{"rendered":"Adalya 16000 Z\u00fcge Einweg E Zigarette \u2013 Goma de Mascar Mel\u00e3o"},"content":{"rendered":"<h2><strong>Adalya 16000 Z\u00fcge Einweg E-Zigarette \u2013 Goma de Mascar Chewing Gummelon<\/strong><\/h2>\n<p>A <a href=\"https:\/\/alfakher24h.de\/pt\/?post_type=product&amp;p=1058&amp;preview=true\"><strong>Adalya 16000 Z\u00fcge Einweg E-Zigarette \u2013 Goma de Mascar Chewing Gummelon<\/strong><\/a> oferece uma experi\u00eancia de vaporiza\u00e7\u00e3o incompar\u00e1vel e \u00e9 uma escolha perfeita para vapers exigentes na Alemanha. Este produto combina tecnologia inovadora com um sabor delicioso para proporcionar o melhor prazer. Ideal para todos que procuram uma experi\u00eancia excepcional de cigarro eletr\u00f4nico, oferece a <strong>Adalya 16000 Z\u00fcge \n\nbecomes \n\nAdalya 16000 tragector \n No, \n\nAdalya 16000 Z\u00fcge<\/strong> tanto longos momentos de vapor como uma experi\u00eancia de sabor intensa, mas agrad\u00e1vel. Em <strong>fumotxpress.de<\/strong>, da maior plataforma para cigarros eletr\u00f4nicos descart\u00e1veis na Alemanha, voc\u00ea pode comprar este produto em poucos cliques e esperar por uma entrega confi\u00e1vel.<\/p>\n<h3>Vis\u00e3o geral do produto Adalya 16000 Z\u00fcge<\/h3>\n<p>A <strong>Adalya 16000 Z\u00fcge Einweg E-Zigarette \nAdalya 16000 trag\u00e1veis cigarros eletr\u00f3nicos descart\u00e1veis<\/strong> Impressiona com uma abund\u00e2ncia de caracter\u00edsticas excepcionais. O alto n\u00famero de tragadas - at\u00e9 16.000 - garante que os usu\u00e1rios desfrutem de momentos de vapor prolongados e ininterruptos. Al\u00e9m disso, este modelo oferece um volume generoso de e-l\u00edquido de 25 ml, que, em combina\u00e7\u00e3o com um teor de nicotina de 20 mg (2%), possibilita uma experi\u00eancia de vaporiza\u00e7\u00e3o intensa. A tecnologia de vaporiza\u00e7\u00e3o DTL (Direct-To-Lung) proporciona uma nuvem de vapor mais intensa e fluida, que real\u00e7a de forma impressionante o sabor do perfil de aromas.<\/p>\n<h3>Principais caracter\u00edsticas do Adalya 16000<\/h3>\n<ul>\n<li><strong>Capacidade de Puff<\/strong>: At\u00e9 16.000 puffs \u2013 Longa vida \u00fatil e n\u00e3o requer recarga.<\/li>\n<li><strong>Estilo vapor<\/strong>: DTL (Direct-To-Lung) \u2013 Para um vapor intenso e direto.<\/li>\n<li><strong>Teor de nicotina<\/strong>: 20mg (2%) \u2013 Para um consumo equilibrado de nicotina.<\/li>\n<li><strong>Volume de E-L\u00edquido<\/strong>: 25 ml - L\u00edquido suficiente para uma experi\u00eancia de vaporiza\u00e7\u00e3o prolongada.<\/li>\n<li><strong>Resist\u00eancia da bobina<\/strong>: 0,6 Ohm \u2013 Otimiza o sabor e garante vaporiza\u00e7\u00e3o uniforme.<\/li>\n<li><strong>Capacidade da bateria<\/strong>: 850 mAh - Capacidade suficiente para longas sess\u00f5es de vaporiza\u00e7\u00e3o.<\/li>\n<li><strong>Airflow<\/strong>: Ajuste de ar ajust\u00e1vel - Experi\u00eancia de vapor personalizada conforme desejado.<\/li>\n<li><strong>Display digital<\/strong>: Mostra o n\u00edvel atual da bateria e do l\u00edquido.<\/li>\n<li><strong>Prote\u00e7\u00e3o contra vazamentos<\/strong>: Protege contra l\u00edquidos vazados - Para uma vaporiza\u00e7\u00e3o limpa.<\/li>\n<li><strong>Manuten\u00e7\u00e3o livre<\/strong>: Nenhuma limpeza necess\u00e1ria - Apenas desfrute.<\/li>\n<\/ul>\n<p>Com todas essas propriedades combinadas, garante a <a href=\"https:\/\/alfakher24h.de\/pt\/\"><strong>Adalya 16000 Z\u00fcge \n\nbecomes \n\nAdalya 16000 tragector \n No, \n\nAdalya 16000 Z\u00fcge<\/strong> <\/a>para uma experi\u00eancia de vapor sem preocupa\u00e7\u00f5es e excelente, que torna cada viagem um prazer.<\/p>\n<h3>Experi\u00eancia gustativa do Adalya 16000 puffs - Gummelon<\/h3>\n<p>Um dos pontos altos <strong>Adalya 16000 Z\u00fcge Einweg E-Zigarette \nAdalya 16000 trag\u00e1veis cigarros eletr\u00f3nicos descart\u00e1veis<\/strong> \u00e9 a experi\u00eancia de sabor inconfund\u00edvel que voc\u00ea espera com cada tragada. O <strong>Chiclete de Mel\u00e3o<\/strong> Sabor \u00e9 uma combina\u00e7\u00e3o magistral de goma de mascar doce e frutal com mel\u00e3o refrescante, que o leva de volta \u00e0 inf\u00e2ncia despreocupada. O sabor doce de goma de mascar \u00e9 rico, mas n\u00e3o muito dominante, o que o torna uma base agrad\u00e1vel para o aroma fresco e suculento de mel\u00e3o.<\/p>\n<p>Cada vape se desdobra numa mistura harmoniosa de frutalidade e do\u00e7ura. A mel\u00e3o fresca d\u00e1 ao vape uma deliciosa leveza, enquanto o chiclete proporciona uma nota nost\u00e1lgica que mant\u00e9m o sabor na l\u00edngua por muito tempo. Gra\u00e7as \u00e0 <strong>Direct-To-Lung (DTL)<\/strong> A tecnologia faz com que o aroma seja notavelmente claro e forte em cada tragada, proporcionando uma experi\u00eancia excepcionalmente intensa e duradoura.<\/p>\n<p>O <strong>Chiclete de Mel\u00e3o<\/strong> O perfil \u00e9 perfeito para vapers que preferem uma nota doce e ao mesmo tempo refrescante. A combina\u00e7\u00e3o da do\u00e7ura do chiclete e da frescura do mel\u00e3o proporciona uma experi\u00eancia de sabor equilibrada e intensa. Especialmente durante sess\u00f5es de vaporiza\u00e7\u00e3o mais longas, o sabor n\u00e3o fica opaco, mas permanece claro e vivo, o que o torna uma escolha ideal para uso di\u00e1rio.<\/p>\n<p>A <strong>Adalya 16000 Z\u00fcge \n\nbecomes \n\nAdalya 16000 tragector \n No, \n\nAdalya 16000 Z\u00fcge<\/strong> E-Zigarette \u2013 O Chewing Gummelon oferece n\u00e3o apenas um alto n\u00famero de tragadas, mas tamb\u00e9m uma experi\u00eancia de sabor excepcionalmente intensa e satisfat\u00f3ria que ir\u00e1 encant\u00e1-lo a cada tragada.<\/p>\n<h3>Por que voc\u00ea deve comprar os Adalya 16000 Z\u00fcge em fumotxpress.de<\/h3>\n<p><strong>fumotxpress.de<\/strong> \u00e9 a maior plataforma de vendas online de cigarros eletr\u00f3nicos descart\u00e1veis na Alemanha e oferece-lhe uma s\u00e9rie de vantagens:<\/p>\n<ol>\n<li><strong>Exclusiva disponibilidade<\/strong>: Voc\u00ea pode <strong>Adalya 16000 Z\u00fcge \n\nbecomes \n\nAdalya 16000 tragector \n No, \n\nAdalya 16000 Z\u00fcge<\/strong> apenas em <a href=\"https:\/\/alfakher24h.de\/pt\/\"><strong>fumotxpress.de<\/strong><\/a> adquirir - nenhum outro neg\u00f3cio oferece este produto nesta forma.<\/li>\n<li><strong>Entrega r\u00e1pida<\/strong>Sua encomenda ser\u00e1 processada rapidamente e entregue com seguran\u00e7a, para que voc\u00ea possa desfrutar da experi\u00eancia de vaporiza\u00e7\u00e3o em breve.<\/li>\n<li><strong>Excelente servi\u00e7o ao cliente<\/strong>: Em caso de d\u00favidas ou preocupa\u00e7\u00f5es, a nossa equipa de apoio amig\u00e1vel est\u00e1 dispon\u00edvel a qualquer momento. Garantimos uma consultoria e suporte competentes.<\/li>\n<li><strong>Qualidade confi\u00e1vel<\/strong>: On <strong>fumotxpress.de<\/strong> Encontre apenas produtos de alta qualidade que foram cuidadosamente selecionados e testados para garantir os mais altos padr\u00f5es de seguran\u00e7a e qualidade.<\/li>\n<\/ol>\n<h3>A vantagem dos 16000 puffs Adalya para voc\u00ea<\/h3>\n<p>A <strong>Adalya 16000 Z\u00fcge Einweg E-Zigarette \nAdalya 16000 trag\u00e1veis cigarros eletr\u00f3nicos descart\u00e1veis<\/strong> \u00e9 um produto de primeira classe para vapers que procuram alta qualidade e um sabor inesquec\u00edvel. Atrav\u00e9s das caracter\u00edsticas inovadoras como a <strong>Tecnologia de evapora\u00e7\u00e3o DTL<\/strong>, o alto <strong>Teor de nicotina de 20mg<\/strong> e o generoso <strong>25 ml de volume l\u00edquido<\/strong> \u00e9 especialmente adequado para aqueles que procuram uma experi\u00eancia de vapor excepcional. Al\u00e9m disso, garante que o <strong>Airflow ajust\u00e1vel<\/strong> para que voc\u00ea possa personalizar sua experi\u00eancia de vaporiza\u00e7\u00e3o.<\/p>\n<h3>Conclus\u00e3o<\/h3>\n<p>A <strong>Adalya 16000 Z\u00fcge Einweg E-Zigarette \u2013 Goma de Mascar Chewing Gummelon<\/strong> \u00e9 uma escolha excelente para vapers que valorizam sabor, desempenho e conforto. Com sua <strong>longa durabilidade<\/strong>ao qual <strong>sabor intenso<\/strong> e o <strong>alta ingest\u00e3o de nicotina<\/strong> Oferece tudo o que um cora\u00e7\u00e3o de vapeador deseja. Compre hoje mesmo em <strong>fumotxpress.de<\/strong>, da maior e mais confi\u00e1vel plataforma de cigarros eletr\u00f4nicos descart\u00e1veis na Alemanha, e experimente a experi\u00eancia de vaporiza\u00e7\u00e3o definitiva!<\/p>","protected":false},"excerpt":{"rendered":"<p>A <strong>Adalya 16000 Z\u00fcge Einweg E-Zigarette \u2013 Goma de Mascar Chewing Gummelon<\/strong> Oferece at\u00e9 16.000 tragadas de vapor intenso e delicioso com um sabor \u00fanico de goma doce e mel\u00e3o refrescante, combinado com uma poderosa tecnologia DTL para uma experi\u00eancia de vaporiza\u00e7\u00e3o longa e intensa<\/p>","protected":false},"featured_media":1059,"comment_status":"open","ping_status":"closed","template":"","meta":{"om_disable_all_campaigns":false},"product_brand":[],"product_cat":[28],"product_tag":[],"class_list":{"0":"post-1058","1":"product","2":"type-product","3":"status-publish","4":"has-post-thumbnail","6":"product_cat-adalya-16000","8":"first","9":"outofstock","10":"shipping-taxable","11":"purchasable","12":"product-type-simple"},"_links":{"self":[{"href":"https:\/\/alfakher24h.de\/pt\/wp-json\/wp\/v2\/product\/1058","targetHints":{"allow":["GET"]}}],"collection":[{"href":"https:\/\/alfakher24h.de\/pt\/wp-json\/wp\/v2\/product"}],"about":[{"href":"https:\/\/alfakher24h.de\/pt\/wp-json\/wp\/v2\/types\/product"}],"replies":[{"embeddable":true,"href":"https:\/\/alfakher24h.de\/pt\/wp-json\/wp\/v2\/comments?post=1058"}],"wp:featuredmedia":[{"embeddable":true,"href":"https:\/\/alfakher24h.de\/pt\/wp-json\/wp\/v2\/media\/1059"}],"wp:attachment":[{"href":"https:\/\/alfakher24h.de\/pt\/wp-json\/wp\/v2\/media?parent=1058"}],"wp:term":[{"taxonomy":"product_brand","embeddable":true,"href":"https:\/\/alfakher24h.de\/pt\/wp-json\/wp\/v2\/product_brand?post=1058"},{"taxonomy":"product_cat","embeddable":true,"href":"https:\/\/alfakher24h.de\/pt\/wp-json\/wp\/v2\/product_cat?post=1058"},{"taxonomy":"product_tag","embeddable":true,"href":"https:\/\/alfakher24h.de\/pt\/wp-json\/wp\/v2\/product_tag?post=1058"}],"curies":[{"name":"wp","href":"https:\/\/api.w.org\/{rel}","templated":true}]}}