{"id":560,"date":"2024-10-11T13:47:59","date_gmt":"2024-10-11T13:47:59","guid":{"rendered":"https:\/\/alfakher24h.de\/?page_id=560"},"modified":"2024-10-12T08:05:51","modified_gmt":"2024-10-12T08:05:51","slug":"diretrizes-de-idade","status":"publish","type":"page","link":"https:\/\/alfakher24h.de\/pt\/diretrizes-de-idade\/","title":{"rendered":"Diretrizes de idade"},"content":{"rendered":"<p>Na Al Fakher 24h, damos grande import\u00e2ncia \u00e0 venda respons\u00e1vel e legal dos nossos cigarros eletr\u00f3nicos descart\u00e1veis premium. Em conformidade com os regulamentos europeus, a nossa pol\u00edtica de idade garante que todos os clientes que compram no nosso site cumpram a idade m\u00ednima legal para o consumo de produtos de tabaco no seu respetivo pa\u00eds.<\/p>\n<p><strong>Idade m\u00ednima para compra:<\/strong><\/p>\n<p>Para comprar cigarros eletr\u00f3nicos descart\u00e1veis Al Fakher 24h, voc\u00ea deve ter pelo menos 18 anos de idade. Este requisito est\u00e1 em conformidade com a idade m\u00ednima estabelecida por lei na maioria dos pa\u00edses da Uni\u00e3o Europeia, incluindo Alemanha, Holanda, B\u00e9lgica, Espanha, Fran\u00e7a, Portugal, Pol\u00f4nia e It\u00e1lia. Caso a idade m\u00ednima legalmente estabelecida em determinados pa\u00edses seja superior, ajustamos as nossas diretrizes em conformidade, de modo a garantir o cumprimento da exig\u00eancia de idade.<\/p>\n<p><strong>Proibi\u00e7\u00e3o de compras para menores:<\/strong><\/p>\n<p>\u00c9 estritamente proibido comprar nossos produtos para pessoas menores de idade. A participa\u00e7\u00e3o nessa pr\u00e1tica ilegal pode acarretar graves consequ\u00eancias legais e prejudicar nosso compromisso de garantir que nossos produtos sejam acess\u00edveis apenas para adultos. Reservamo-nos o direito de cancelar pedidos se houver suspeita de que os produtos sejam destinados a pessoas menores de idade.<\/p>\n<p><strong>Processo de verifica\u00e7\u00e3o de idade:<\/strong><\/p>\n<p>Para cumprirmos nossas obriga\u00e7\u00f5es legais, implementamos um rigoroso processo de verifica\u00e7\u00e3o de idade. Durante o processo de encomenda, ser-lhe-\u00e1 pedido que forne\u00e7a os seus dados pessoais, como nome, endere\u00e7o e data de nascimento, bem como um documento de identifica\u00e7\u00e3o oficial. Utilizamos estas informa\u00e7\u00f5es para verificar a sua idade atrav\u00e9s de sistemas de verifica\u00e7\u00e3o seguros.<\/p>\n<p>Caso uma verifica\u00e7\u00e3o autom\u00e1tica n\u00e3o seja poss\u00edvel, voc\u00ea poder\u00e1 ser solicitado a fazer o upload de uma c\u00f3pia n\u00edtida do seu documento de identidade para realizar a confirma\u00e7\u00e3o de idade manualmente. Se voc\u00ea n\u00e3o conseguir fornecer uma prova de idade v\u00e1lida, seu pedido ser\u00e1 cancelado.<\/p>\n<p><strong>Direito de recusar ou cancelar encomendas:<\/strong><\/p>\n<p>Reservamo-nos o direito de recusar ou cancelar qualquer encomenda caso n\u00e3o seja efectuada uma verifica\u00e7\u00e3o de idade suficiente. Esta pol\u00edtica \u00e9 para garantir o cumprimento total das leis locais e internacionais. A Al Fakher 24h prioriza a integridade e seguran\u00e7a dos seus clientes e tomar\u00e1 todas as medidas necess\u00e1rias para evitar compras ilegais.<\/p>\n<p><strong>Compromisso para prevenir o acesso de menores:<\/strong><\/p>\n<p>Em Al Fakher 24h, estamos empenhados em evitar que menores tenham acesso a cigarros eletr\u00f4nicos descart\u00e1veis. Utilizamos medidas de seguran\u00e7a l\u00edderes do setor para garantir que nossos produtos estejam dispon\u00edveis apenas para adultos. Por meio de verifica\u00e7\u00f5es rigorosas de idade e pr\u00e1ticas comerciais respons\u00e1veis, contribu\u00edmos para um ambiente seguro no qual os jovens n\u00e3o t\u00eam acesso a produtos de nicotina.<\/p>\n<p><strong>Notas legais e conformidade com os regulamentos:<\/strong><\/p>\n<p>Nosso site cont\u00e9m indica\u00e7\u00f5es claras sobre os requisitos legais de idade para a compra de cigarros eletr\u00f4nicos descart\u00e1veis. Essas indica\u00e7\u00f5es s\u00e3o colocadas de forma bem vis\u00edvel em todo o site e servem como lembrete de que os cigarros eletr\u00f4nicos s\u00f3 podem ser adquiridos e usados por pessoas com idade legalmente permitida.<\/p>\n<p>Al Fakher 24h est\u00e1 empenhado em promover pr\u00e1ticas de vaporiza\u00e7\u00e3o respons\u00e1veis e em cumprir totalmente as leis que regulamentam a venda de cigarros eletr\u00f3nicos na Europa. Ao aderir a esta diretiva de idade, garantimos que os nossos cigarros eletr\u00f3nicos descart\u00e1veis sejam vendidos de forma legal e eticamente correta, consolidando o nosso papel como fornecedor de confian\u00e7a no setor de vaporiza\u00e7\u00e3o.<\/p>\n<p>F\u00fcr weitere Informationen oder Fragen zu unserer Altersrichtlinie k\u00f6nnen Sie uns unter \n(translates to)\nPara obter mais informa\u00e7\u00f5es ou se tiver alguma d\u00favida sobre a nossa pol\u00edtica de idade, voc\u00ea pode entrar em contato conosco atrav\u00e9s do <a rel=\"noopener\">info@alfakher24h.de<\/a> contatar.<\/p>","protected":false},"excerpt":{"rendered":"<p>Em Al Fakher 24h, damos grande import\u00e2ncia \u00e0 venda respons\u00e1vel e legal das nossas Premium cigarros eletr\u00f3nicos descart\u00e1veis. Em conformidade com os regulamentos europeus, a nossa pol\u00edtica de idade garante que todos os clientes que compram no nosso site cumpram a idade m\u00ednima legal para o consumo de produtos de tabaco no seu respetivo pa\u00eds. Idade m\u00ednima para a compra: Para comprar cigarros eletr\u00f3nicos descart\u00e1veis da Al [\u2026]","protected":false},"author":1,"featured_media":0,"parent":0,"menu_order":0,"comment_status":"closed","ping_status":"closed","template":"page-blank-title-center.php","meta":{"om_disable_all_campaigns":false,"footnotes":""},"class_list":["post-560","page","type-page","status-publish","hentry"],"_links":{"self":[{"href":"https:\/\/alfakher24h.de\/pt\/wp-json\/wp\/v2\/pages\/560","targetHints":{"allow":["GET"]}}],"collection":[{"href":"https:\/\/alfakher24h.de\/pt\/wp-json\/wp\/v2\/pages"}],"about":[{"href":"https:\/\/alfakher24h.de\/pt\/wp-json\/wp\/v2\/types\/page"}],"author":[{"embeddable":true,"href":"https:\/\/alfakher24h.de\/pt\/wp-json\/wp\/v2\/users\/1"}],"replies":[{"embeddable":true,"href":"https:\/\/alfakher24h.de\/pt\/wp-json\/wp\/v2\/comments?post=560"}],"version-history":[{"count":2,"href":"https:\/\/alfakher24h.de\/pt\/wp-json\/wp\/v2\/pages\/560\/revisions"}],"predecessor-version":[{"id":611,"href":"https:\/\/alfakher24h.de\/pt\/wp-json\/wp\/v2\/pages\/560\/revisions\/611"}],"wp:attachment":[{"href":"https:\/\/alfakher24h.de\/pt\/wp-json\/wp\/v2\/media?parent=560"}],"curies":[{"name":"wp","href":"https:\/\/api.w.org\/{rel}","templated":true}]}}