{"id":502,"date":"2024-10-11T13:17:33","date_gmt":"2024-10-11T13:17:33","guid":{"rendered":"https:\/\/alfakher24h.de\/?page_id=502"},"modified":"2024-10-12T02:11:31","modified_gmt":"2024-10-12T02:11:31","slug":"metodos-de-pagamento","status":"publish","type":"page","link":"https:\/\/alfakher24h.de\/pt\/metodos-de-pagamento\/","title":{"rendered":"M\u00e9todos de pagamento"},"content":{"rendered":"<p>Em <strong>Al Fakher 24h \u2013 Premium E-Zigarettas descart\u00e1veis da Alemanha<\/strong> Entendemos a import\u00e2ncia de m\u00e9todos de pagamento seguros e convenientes para nossos clientes em toda a Europa. Para atender \u00e0s diferentes necessidades de nossos clientes e garantir um processo de pedido tranquilo, oferecemos uma variedade de op\u00e7\u00f5es de pagamento. Seja voc\u00ea comprando apenas um cigarro eletr\u00f4nico descart\u00e1vel ou fazendo um pedido maior, voc\u00ea encontrar\u00e1 o m\u00e9todo de pagamento certo conosco.<\/p>\n<h4>Pagamentos com cart\u00e3o de cr\u00e9dito<\/h4>\n<p>Aceitamos todos os cart\u00f5es de cr\u00e9dito comuns, como <strong>Visa<\/strong>, <strong>MasterCard<\/strong> e <strong>American Express<\/strong>Este m\u00e9todo de pagamento oferece uma forma r\u00e1pida e segura de pagar a sua encomenda. Gra\u00e7as a tecnologias de criptografia modernas, os seus dados est\u00e3o protegidos a todo o momento.<\/p>\n<h4>2. PayPal<\/h4>\n<p>Se voc\u00ea usar o servi\u00e7o de pagamento reconhecido mundialmente <strong>PayPal<\/strong> preferir, voc\u00ea tamb\u00e9m pode pagar de forma c\u00f3moda e segura connosco. O PayPal oferece prote\u00e7\u00e3o adicional ao comprador e \u00e9 especialmente vantajoso para encomendas maiores, uma vez que os pagamentos s\u00e3o processados imediatamente.<\/p>\n<h4>3. Transfer\u00eancia banc\u00e1ria (SEPA e transfer\u00eancias internacionais)<\/h4>\n<p>Para clientes que preferem m\u00e9todos de pagamento mais tradicionais ou fazem pedidos maiores, oferecemos a possibilidade de <strong>Transfer\u00eancia banc\u00e1ria<\/strong> isso inclui tanto <strong>Transfer\u00eancias SEPA<\/strong> dentro da zona euro, bem como transfer\u00eancias internacionais. As transfer\u00eancias SEPA s\u00e3o um m\u00e9todo econ\u00f4mico e eficiente para efectuar pagamentos em euros, enquanto as transfer\u00eancias internacionais s\u00e3o particularmente \u00fateis para encomendas transfronteiri\u00e7as.<\/p>\n<h4>4. Criptomoedas<\/h4>\n<p>Na dunia digital de hoje, tamb\u00e9m oferecemos <strong>Criptomoedas<\/strong> como op\u00e7\u00e3o de pagamento. Voc\u00ea pode conosco com <strong>Bitcoin (BTC)<\/strong>, <strong>Ethereum (ETH)<\/strong> e outras criptomoedas comuns. Este m\u00e9todo de pagamento \u00e9 descentralizado e oferece uma forma r\u00e1pida e ilimitada de concluir seu pedido.<\/p>\n<h4>5. iDEAL (Pa\u00edses Baixos)<\/h4>\n<p>Para nossos clientes na Holanda, oferecemos o m\u00e9todo de pagamento popular <strong>iDEAL<\/strong> Com o iDEAL, voc\u00ea pode pagar de forma segura e direta da sua conta banc\u00e1ria holandesa, permitindo um processo de transa\u00e7\u00e3o r\u00e1pido e tranquilo.<\/p>\n<h4>6. Bancontact (B\u00e9lgica)<\/h4>\n<p>Clientes da B\u00e9lgica podem conosco atrav\u00e9s de <strong>Bancontact<\/strong>, o sistema de pagamento online l\u00edder da B\u00e9lgica, para pagar as suas encomendas. A Bancontact oferece um m\u00e9todo de pagamento r\u00e1pido, seguro e eficiente, ideal para compradores na B\u00e9lgica.<\/p>\n<h4>7. Wise Transfer (antigo TransferWise)<\/h4>\n<p>Para clientes internacionais que procuram uma solu\u00e7\u00e3o econ\u00f4mica, oferecemos pagamentos via <strong>Wise Transfer<\/strong> Esse servi\u00e7o possibilita pagamentos transfronteiri\u00e7os simples com baixas taxas e taxas de c\u00e2mbio transparentes, ideais para clientes fora da zona do euro.<\/p>\n<h3>Seguran\u00e7a das suas transa\u00e7\u00f5es<\/h3>\n<p>Em <strong>Al Fakher 24h<\/strong> Damos grande import\u00e2ncia \u00e0 seguran\u00e7a dos seus pagamentos. Todas as transa\u00e7\u00f5es s\u00e3o processadas atrav\u00e9s de gateways de pagamento confi\u00e1veis e seguros. Os seus dados de pagamento s\u00e3o protegidos por sistemas de criptografia de \u00faltima gera\u00e7\u00e3o e de prote\u00e7\u00e3o contra fraudes, para que possa fazer compras conosco com total seguran\u00e7a.<\/p>\n<h3>Contate-nos para solu\u00e7\u00f5es individuais<\/h3>\n<p>Voc\u00ea tem requisitos de pagamento especiais ou precisa de ajuda com pedidos maiores? Nosso <strong>Equipe de atendimento ao cliente<\/strong> est\u00e1 \u00e0 sua disposi\u00e7\u00e3o a qualquer momento para responder \u00e0s suas perguntas e oferecer solu\u00e7\u00f5es personalizadas para as suas necessidades de pagamento. Basta escrever-nos um e-mail para <strong><a rel=\"noopener\">info@alfakher24h.de<\/a><\/strong>e ajudamos voc\u00ea com prazer.<\/p>\n<p>Muito obrigado por voc\u00ea <strong>Al Fakher 24h<\/strong> para os seus cigarros eletr\u00f3nicos descart\u00e1veis Premium da Alemanha!<\/p>","protected":false},"excerpt":{"rendered":"<p>Na Al Fakher 24h - Premium cigarros eletr\u00f3nicos descart\u00e1veis da Alemanha, entendemos a import\u00e2ncia de m\u00e9todos de pagamento seguros e c\u00f3modos para os nossos clientes em toda a Europa. Para atender \u00e0s diferentes necessidades dos nossos clientes e garantir um processo de encomenda sem problemas, oferecemos uma variedade de op\u00e7\u00f5es de pagamento. Seja voc\u00ea est\u00e1 a comprar apenas um cigarro eletr\u00f3nico descart\u00e1vel ou uma [...]","protected":false},"author":1,"featured_media":0,"parent":0,"menu_order":0,"comment_status":"closed","ping_status":"closed","template":"page-blank-title-center.php","meta":{"om_disable_all_campaigns":false,"footnotes":""},"class_list":["post-502","page","type-page","status-publish","hentry"],"_links":{"self":[{"href":"https:\/\/alfakher24h.de\/pt\/wp-json\/wp\/v2\/pages\/502","targetHints":{"allow":["GET"]}}],"collection":[{"href":"https:\/\/alfakher24h.de\/pt\/wp-json\/wp\/v2\/pages"}],"about":[{"href":"https:\/\/alfakher24h.de\/pt\/wp-json\/wp\/v2\/types\/page"}],"author":[{"embeddable":true,"href":"https:\/\/alfakher24h.de\/pt\/wp-json\/wp\/v2\/users\/1"}],"replies":[{"embeddable":true,"href":"https:\/\/alfakher24h.de\/pt\/wp-json\/wp\/v2\/comments?post=502"}],"version-history":[{"count":4,"href":"https:\/\/alfakher24h.de\/pt\/wp-json\/wp\/v2\/pages\/502\/revisions"}],"predecessor-version":[{"id":594,"href":"https:\/\/alfakher24h.de\/pt\/wp-json\/wp\/v2\/pages\/502\/revisions\/594"}],"wp:attachment":[{"href":"https:\/\/alfakher24h.de\/pt\/wp-json\/wp\/v2\/media?parent=502"}],"curies":[{"name":"wp","href":"https:\/\/api.w.org\/{rel}","templated":true}]}}