{"id":3,"date":"2024-09-01T15:37:18","date_gmt":"2024-09-01T15:37:18","guid":{"rendered":"http:\/\/alfakher24h.de\/?page_id=3"},"modified":"2024-10-12T07:55:55","modified_gmt":"2024-10-12T07:55:55","slug":"politica-de-privacidade","status":"publish","type":"page","link":"https:\/\/alfakher24h.de\/pt\/politica-de-privacidade\/","title":{"rendered":"Pol\u00edticas de Privacidade"},"content":{"rendered":"<div>\r\n<p>Em Al Fakher 24h, damos grande import\u00e2ncia \u00e0 prote\u00e7\u00e3o da sua privacidade e ao tratamento respons\u00e1vel dos seus dados pessoais. Esta pol\u00edtica de privacidade descreve como recolhemos, utilizamos e protegemos os seus dados quando visita o nosso site (alfakher24h.de) e compra os nossos cigarros eletr\u00f3nicos descart\u00e1veis premium.<\/p>\r\n<h3 class=\"wp-block-heading\">Coleta de informa\u00e7\u00f5es<\/h3>\r\n<p>Ao visitar nosso site e utilizar nossos servi\u00e7os, coletamos v\u00e1rios tipos de informa\u00e7\u00f5es para oferecer a voc\u00ea uma experi\u00eancia de compra segura e confort\u00e1vel:<\/p>\r\n<p><strong>Dados pessoais:<\/strong> Isso inclui o seu nome, endere\u00e7o de e-mail, detalhes de entrega e faturamento, bem como quaisquer outras informa\u00e7\u00f5es de contato que voc\u00ea nos forne\u00e7a ao fazer o pedido ou entrar em contato com o nosso servi\u00e7o de atendimento ao cliente.<\/p>\r\n<p><strong>Dados de transa\u00e7\u00e3o:<\/strong> N\u00f3s capturamos informa\u00e7\u00f5es sobre suas compras, incluindo m\u00e9todos de pagamento, hist\u00f3rico de pedidos e prefer\u00eancias de entrega.<\/p>\r\n<p><strong>Dados de utiliza\u00e7\u00e3o:<\/strong> Atrav\u00e9s de cookies e tecnologias semelhantes, rastreamos como voc\u00ea interage com nosso site, para capturar informa\u00e7\u00f5es sobre seu dispositivo, h\u00e1bitos de navega\u00e7\u00e3o e atividade geral no site.<\/p>\r\n<p><strong>Dados de comunica\u00e7\u00e3o:<\/strong> As informa\u00e7\u00f5es que nos fornece atrav\u00e9s de pedidos, coment\u00e1rios ou servi\u00e7o de apoio ao cliente tamb\u00e9m s\u00e3o armazenadas para melhorar os nossos servi\u00e7os.<\/p>\r\n<h3>2. Utiliza\u00e7\u00e3o das informa\u00e7\u00f5es<\/h3>\r\n<p>As informa\u00e7\u00f5es que coletamos s\u00e3o essenciais para permitir que voc\u00ea tenha uma experi\u00eancia perfeita e personalizada em nosso site. Utilizamos seus dados especialmente para os seguintes fins:<\/p>\r\n<p><strong>Processo de pedido:<\/strong> Para processar seus pedidos, liquidar pagamentos e garantir a entrega.<\/p>\r\n<p><strong>Comunica\u00e7\u00e3o com o cliente:<\/strong> Enviamos-lhe atualiza\u00e7\u00f5es sobre os seus pedidos e respondemos \u00e0s suas perguntas. Al\u00e9m disso, informamos sobre promo\u00e7\u00f5es, novos produtos e informa\u00e7\u00f5es relevantes, a menos que tenha cancelado a inscri\u00e7\u00e3o.<\/p>\r\n<p><strong>Melhorias do site:<\/strong> Seu comportamento de uso ajuda-nos a identificar pontos fracos no site e a otimizar nossa plataforma.<\/p>\r\n<p><strong>Seguran\u00e7a e preven\u00e7\u00e3o de fraude:<\/strong> Usamos as suas informa\u00e7\u00f5es para prevenir fraudes, garantir a integridade das transa\u00e7\u00f5es e proteger a seguran\u00e7a do nosso site.<\/p>\r\n<h3>3. Divulga\u00e7\u00e3o de informa\u00e7\u00f5es<\/h3>\r\n<p>Respeitamos a sua privacidade e n\u00e3o vendemos ou alugamos os seus dados pessoais a terceiros. No entanto, podemos divulgar os seus dados nos seguintes casos:<\/p>\r\n<p><strong>Prestadores de servi\u00e7os:<\/strong> Trabalhamos com terceiros (por exemplo, processadores de pagamentos, empresas de envio) que s\u00e3o necess\u00e1rios para processar seus pedidos e entregas.<\/p>\r\n<p><strong>Requisitos legais:<\/strong> No caso de obriga\u00e7\u00f5es legais, podemos transferir seus dados para as autoridades competentes.<\/p>\r\n<h3>4. Seguran\u00e7a de dados<\/h3>\r\n<p>A prote\u00e7\u00e3o dos seus dados tem prioridade m\u00e1xima na Al Fakher 24h. Utilizamos v\u00e1rias medidas de seguran\u00e7a para garantir que as suas informa\u00e7\u00f5es permane\u00e7am confidenciais:<\/p>\r\n<p><strong>Criptografia:<\/strong> Dados confidenciais s\u00e3o criptografados durante a transmiss\u00e3o por meio da tecnologia SSL (Secure Socket Layer).<\/p>\r\n<p><strong>Controles de acesso:<\/strong> Somente funcion\u00e1rios autorizados t\u00eam acesso aos seus dados pessoais.<\/p>\r\n<p><strong>Vigil\u00e2ncia de seguran\u00e7a:<\/strong> Realizamos avalia\u00e7\u00f5es e atualiza\u00e7\u00f5es de seguran\u00e7a regulares para proteger nossa plataforma contra novas amea\u00e7as.<\/p>\r\n<h3>5. Seus direitos<\/h3>\r\n<p>Acreditamos na transpar\u00eancia e no controle sobre as suas informa\u00e7\u00f5es pessoais. Como cliente da Al Fakher 24h, voc\u00ea tem os seguintes direitos:<\/p>\r\n<p><strong>Acesso e altera\u00e7\u00e3o:<\/strong> Voc\u00ea pode visualizar, atualizar ou corrigir seus dados pessoais a qualquer momento entrando em contato conosco.<\/p>\r\n<p><strong>Solicita\u00e7\u00f5es de exclus\u00e3o:<\/strong> A pedido, voc\u00ea pode solicitar a exclus\u00e3o dos seus dados, a menos que estes sejam necess\u00e1rios para transa\u00e7\u00f5es em curso ou obriga\u00e7\u00f5es legais.<\/p>\r\n<p><strong>Cancelar inscri\u00e7\u00e3o em marketing:<\/strong> Pode cancelar a subscri\u00e7\u00e3o de e-mails publicit\u00e1rios a qualquer momento, seguindo as instru\u00e7\u00f5es de cancelamento na mensagem de e-mail ou contactando-nos diretamente.<\/p>\r\n<h3>6. Tecnologias de cookies e rastreamento<\/h3>\r\n<p>Nosso site usa cookies para personalizar sua experi\u00eancia de navega\u00e7\u00e3o, analisar o tr\u00e1fego do site e oferecer a\u00e7\u00f5es de publicidade direcionadas. Voc\u00ea pode gerenciar suas configura\u00e7\u00f5es de cookies a qualquer momento por meio das configura\u00e7\u00f5es do seu navegador.<\/p>\r\n<h3>7. Atualiza\u00e7\u00f5es da Pol\u00edtica de Privacidade<\/h3>\r\n<p>Al Fakher 24h pode atualizar esta pol\u00edtica de privacidade se houver altera\u00e7\u00f5es nas nossas pr\u00e1ticas ou devido a requisitos regulamentares. Recomendamos que voc\u00ea verifique esta p\u00e1gina regularmente para se manter informado sobre quaisquer ajustes.<\/p>\r\n<h3>8. Contato<\/h3>\r\n<p>Ao utilizar o alfakher24h.de, voc\u00ea concorda com as condi\u00e7\u00f5es descritas nesta pol\u00edtica de privacidade. Caso voc\u00ea tenha d\u00favidas, preocupa\u00e7\u00f5es ou solicita\u00e7\u00f5es relacionadas \u00e0 sua privacidade, pode nos contatar pelo seguinte endere\u00e7o de e-mail:<\/p>\r\n<p><strong>E-Mail<\/strong> <a rel=\"noopener\">info@alfakher24h.de<\/a><\/p>\r\n<\/div>","protected":false},"excerpt":{"rendered":"<p>Na Al Fakher 24h, damos grande import\u00e2ncia \u00e0 prote\u00e7\u00e3o da sua privacidade e ao tratamento respons\u00e1vel dos seus dados pessoais. Esta pol\u00edtica de privacidade descreve como recolhemos, utilizamos e protegemos os seus dados quando visita o nosso site (alfakher24h.de) e compra os nossos cigarros eletr\u00f3nicos descart\u00e1veis premium. 1. Recolha de informa\u00e7\u00f5es Ao visitar o nosso site e utilizar os nossos servi\u00e7os [\u2026]","protected":false},"author":1,"featured_media":0,"parent":0,"menu_order":0,"comment_status":"closed","ping_status":"open","template":"page-blank-title-center.php","meta":{"om_disable_all_campaigns":false,"footnotes":""},"class_list":["post-3","page","type-page","status-publish","hentry"],"_links":{"self":[{"href":"https:\/\/alfakher24h.de\/pt\/wp-json\/wp\/v2\/pages\/3","targetHints":{"allow":["GET"]}}],"collection":[{"href":"https:\/\/alfakher24h.de\/pt\/wp-json\/wp\/v2\/pages"}],"about":[{"href":"https:\/\/alfakher24h.de\/pt\/wp-json\/wp\/v2\/types\/page"}],"author":[{"embeddable":true,"href":"https:\/\/alfakher24h.de\/pt\/wp-json\/wp\/v2\/users\/1"}],"replies":[{"embeddable":true,"href":"https:\/\/alfakher24h.de\/pt\/wp-json\/wp\/v2\/comments?post=3"}],"version-history":[{"count":4,"href":"https:\/\/alfakher24h.de\/pt\/wp-json\/wp\/v2\/pages\/3\/revisions"}],"predecessor-version":[{"id":610,"href":"https:\/\/alfakher24h.de\/pt\/wp-json\/wp\/v2\/pages\/3\/revisions\/610"}],"wp:attachment":[{"href":"https:\/\/alfakher24h.de\/pt\/wp-json\/wp\/v2\/media?parent=3"}],"curies":[{"name":"wp","href":"https:\/\/api.w.org\/{rel}","templated":true}]}}