{"id":393,"date":"2024-09-18T12:49:42","date_gmt":"2024-09-18T12:49:42","guid":{"rendered":"https:\/\/alfakher24h.de\/?post_type=product&#038;p=393"},"modified":"2025-07-23T04:17:50","modified_gmt":"2025-07-23T04:17:50","slug":"al-fakher-crown-bar-12000-sbuffi-e-sigaretta-usa-e-getta-con-nicotina-due-mele","status":"publish","type":"product","link":"https:\/\/alfakher24h.de\/it\/prodotto\/al-fakher-crown-bar-12000-sbuffi-e-sigaretta-usa-e-getta-con-nicotina-due-mele\/","title":{"rendered":"AL Fakher Crown Bar 12000 Z\u00fcge Einweg E Zigarette Mit Nikotin-Two Apple \ntraduce a \nAL Fakher Crown Bar 12000 tiri Sigaretta elettronica usa e getta con nicotina-Due Mele"},"content":{"rendered":"<h2><strong><a href=\"https:\/\/alfakher24h.de\/it\/categoria-di-prodotto\/ai-fakher-corona-barra-12000\/\">AL Fakher Crown Bar 12000 tiri<\/a> Sigaretta Elettronica Monouso con Nicotina \u2013 Two Apple<\/strong><\/h2>\n<p>La sigaretta elettronica usa e getta AL Fakher Crown Bar 12000 ti offre un'esperienza di svapo senza pari, che combina tradizione e innovazione. Con fino a 12.000 tiri e un design elegante e ricaricabile, questo modello \u00e8 rivolto agli svapatori che cercano un prodotto affidabile e facile da usare. La combinazione di tecnologia mesh moderna e aromi classici come \"Two Apple\" rende questo prodotto un compagno eccezionale per chi cerca un piacere di alta qualit\u00e0 e di lunga durata. Qui scopri tutto ci\u00f2 che c'\u00e8 da sapere sulla <a href=\"https:\/\/alfakher24h.de\/it\/\">AL Fakher<\/a> Crown Bar 12000 tiri e perch\u00e9 dovresti scegliere questo prodotto su <strong>alfakher24h.de<\/strong>, la pi\u00f9 grande piattaforma tedesca per le sigarette elettroniche usa e getta, dovrebbero comprare.<\/p>\n<h2><strong>AL Fakher Crown Bar 12000 tiri <\/strong>Innovazione incontra tradizione - Un capolavoro per i fumatori di sigarette elettroniche<\/h2>\n<p>La <strong>AL Fakher Crown Bar 12000 tiri <a href=\"https:\/\/alfakher24h.de\/it\/\">Sigaretta elettronica usa e getta<\/a><\/strong> offre un'esperienza di vapore moderna che si distingue per diverse innovazioni tecniche. Con la <strong>Tecnologia a bobina mesh<\/strong> (0,6 Ohm) viene prodotto un vapore uniforme e denso che entusiasmer\u00e0 sia i principianti che gli utenti esperti di vaporizzatori. Una caratteristica particolarmente vantaggiosa \u00e8 la <strong>visualizzazione digitale<\/strong>che mostra il livello attuale della batteria e dell'olio, in modo da poter mantenere sempre il controllo ed evitare spiacevoli sorprese.<\/p>\n<p>Il <strong>batteria ricaricabile<\/strong> con una connessione C-Port, questo modello \u00e8 inoltre durevole e ecologico. Nonostante l'elevata capacit\u00e0 di <strong>12.000 treni<\/strong> rimane compatto, leggero e portatile: ideale per essere utilizzato in movimento. Grazie al <strong>Tecnologia delle onde sonore Shisha<\/strong> viene simulata un'esperienza autentica di shisha, senza il fastidio e la preparazione di una vera pipa ad acqua.<\/p>\n<h4>Dettagli del prodotto in generale:<\/h4>\n<ul>\n<li><strong>Capacit\u00e0 del treno<\/strong>Fino a 12.000 tiri \u2013 piacere duraturo<\/li>\n<li><strong>Stile a vapore<\/strong>: DTL (Direct-To-Lung) - adatto per tiri diretti ai polmoni<\/li>\n<li><strong>Resistenza dell'avvolgimento<\/strong>: 0,6 Ohm \u2013 ottimizzato per esperienze di svapo intense<\/li>\n<li><strong>Costruzione della bobina<\/strong>: Mesh-Coil \u2013 uniforme e densa formazione di vapore<\/li>\n<li><strong>Caricare<\/strong>: Porta USB-C - ricaricabile velocemente ed efficientemente<\/li>\n<li><strong>Tipo di batteria<\/strong>: Ricaricabile - durevole e ecologico<\/li>\n<li><strong>Tecnologia delle onde sonore Shisha<\/strong> - esperienza autentica di shisha<\/li>\n<li><strong>Contenuto di nicotina<\/strong>: 5 mg \u2013 ideale per un'esperienza di svapo intensa ma equilibrata<\/li>\n<li><strong>Design a prova di perdite<\/strong> Perfetto per essere sempre in movimento<\/li>\n<li><strong>Compatto e leggero<\/strong> \u2013 entra in ogni tasca<\/li>\n<\/ul>\n<h2><strong>AL Fakher Crown Bar 12000 tiri <\/strong>Un'esperienza di gusto unica - Two Apple<\/h2>\n<p>Der Geschmack \u201c<strong>Due mele<\/strong>\u00c8 un vero classico nel mondo della vaporizzazione e un must per tutti coloro che apprezzano l'armonia di sapori dolci e acidi. Questo gusto riporta la nota tipica della doppia combinazione di mele, che potresti conoscere dalle tradizionali esperienze di shisha, in un dispositivo usa e getta comodo e pratico.<\/p>\n<p>La miscela \"Two Apple\" \u00e8 composta da un equilibrio armonioso tra il gusto dolce e succoso delle mele rosse e il sapore leggermente acidulo e fresco delle mele verdi. Entrambi gli aromi si fondono perfettamente insieme, creando un'esperienza di gusto unica, che \u00e8 allo stesso tempo fruttata e rinfrescante. Ogni aspirazione mette in evidenza le sfumature delle mele e garantisce un piacere di vapore rinfrescante e intenso che dura tutto il giorno.<\/p>\n<p>Questa miscela perfetta rende \"Two Apple\" non solo un gradevole aroma quotidiano, ma anche un ricordo di piacevoli serate di shisha con gli amici. Per gli appassionati di vaporizzazione che cercano un'esperienza gustativa familiare ma al tempo stesso moderna, questo aroma \u00e8 la scelta ideale.<\/p>\n<p>Con ogni tiro, la variet\u00e0 di aromi si sviluppa ulteriormente e offre un gusto pieno, rotondo e morbido che convince sia i principianti che gli svapatori esperti. Soprattutto in combinazione con la <strong>Tecnologia a bobina mesh<\/strong> Il sapore dell'AL Fakher Crown Bar viene riprodotto in modo intenso e autentico.<\/p>\n<h2><strong>AL Fakher Crown Bar 12000 tiri <\/strong>Perch\u00e9 scegliere AL Fakher Crown Bar 12000 Z\u00fcge?<\/h2>\n<p>La corona della AL Fakher 12000 tiraggi <a href=\"https:\/\/alfakher24h.de\/it\/\">Sigaretta elettronica usa e getta<\/a> Offre pi\u00f9 di un semplice highlight gustoso. Ecco alcuni dei principali vantaggi che contraddistinguono questo prodotto:<\/p>\n<ul>\n<li><strong>Longevit\u00e0<\/strong>Con 12.000 tiri, questa sigaretta elettronica usa e getta offre una delle capacit\u00e0 pi\u00f9 elevate sul mercato. Non devi preoccuparti che il piacere del vapore finisca troppo velocemente.<\/li>\n<li><strong>Comfort e facilit\u00e0 d'uso<\/strong>: Nessun rabbocco, nessuna configurazione complicata - semplicemente disballare, caricare e godere.<\/li>\n<li><strong>Qualit\u00e0<\/strong>Al Fakher \u00e8 noto per i suoi prodotti di alta qualit\u00e0 e \"Two Apple\" offre un'esperienza di svapo premium con aromi bilanciati e una produzione di vapore eccezionale.<\/li>\n<li><strong>ecologico<\/strong>Grazie alla batteria ricaricabile, la durata d'uso viene prolungata, il che produce meno rifiuti ed \u00e8 pi\u00f9 ecologico rispetto ai tradizionali prodotti usa e getta.<\/li>\n<li><strong>Sicuro e affidabile<\/strong>La visualizzazione digitale integrata fornisce informazioni sullo stato della batteria e del livello dell'olio in qualsiasi momento, in modo da sapere sempre quando \u00e8 il momento di ricaricare.<\/li>\n<\/ul>\n<h3>Acquista ora su alfakher24h.de - Il pi\u00f9 grande fornitore tedesco di sigarette elettroniche monouso<\/h3>\n<p>Perch\u00e9 dovreste <strong><a href=\"https:\/\/alfakher24h.de\/it\/\">AL Fakher<\/a> Crown Bar 12000 tiri sigaretta elettronica usa e getta al gusto di Two Apple<\/strong> su <strong>alfakher24h.de<\/strong> Acquistare? Il nostro negozio online \u00e8 la pi\u00f9 grande piattaforma di vendita di sigarette elettroniche usa e getta in Germania e offre i prezzi migliori e una consegna rapida e sicura. Da noi riceverete solo prodotti originali Al Fakher e potrete essere sicuri di godere sempre della migliore qualit\u00e0.<\/p>\n<p>Con il nostro sito web facile da usare e la rapida procedura d'ordine, la tua esperienza di acquisto sar\u00e0 priva di stress e piacevole. Inoltre, offriamo regolarmente azioni speciali e sconti in modo che tu possa acquistare i tuoi prodotti preferiti ancora pi\u00f9 a buon mercato. Non esitare oltre e ordina ora la tua AL Fakher Crown Bar 12000 Z\u00fcge Einweg E-Zigarette su <a href=\"https:\/\/alfakher24h.de\/it\/\"><strong>alfakher24h.de<\/strong><\/a> - Il tuo partner fidato per sigarette elettroniche monouso di alta qualit\u00e0 in Germania!<\/p>\n<p>&nbsp;<\/p>\n<h2><strong>AL Fakher Crown Bar 12000 tiri <\/strong>Conclusione<\/h2>\n<p>La <strong>AL Fakher Crown Bar 12000 tiri<a href=\"https:\/\/alfakher24h.de\/it\/\"> Sigaretta elettronica monouso con nicotina<\/a> \u2013 Due mele<\/strong> \u00e8 la scelta perfetta per tutti i vaporizzatori che cercano un prodotto durevole, dal sapore intenso e facile da usare. Con la sua alta capacit\u00e0 di aspirazione, la tecnologia Mesh-Coil e il sapore rinfrescante di \"Two Apple\", questo dispositivo offre un'esperienza di vaporizzazione senza pari. Non perdere l'occasione e assicurati questo prodotto premium su <a href=\"https:\/\/alfakher24h.de\/it\/\"><strong>alfakher24h.de<\/strong><\/a>il pi\u00f9 grande piattaforma per sigarette elettroniche usa e getta in Germania.<\/p>","protected":false},"excerpt":{"rendered":"<p>La AL Fakher Crown Bar 12000 Z\u00fcge Einweg E-Zigarette unisce la moderna tecnologia Mesh-Coil con un aroma rinfrescante \"Two Apple\" e offre fino a 12.000 tiri per un'esperienza di svapo intensa e duratura.<\/p>","protected":false},"featured_media":1696,"comment_status":"open","ping_status":"closed","template":"","meta":{"om_disable_all_campaigns":false},"product_brand":[],"product_cat":[20],"product_tag":[],"class_list":{"0":"post-393","1":"product","2":"type-product","3":"status-publish","4":"has-post-thumbnail","6":"product_cat-ai-fakher-crown-bar-12000","8":"first","9":"instock","10":"shipping-taxable","11":"purchasable","12":"product-type-simple"},"_links":{"self":[{"href":"https:\/\/alfakher24h.de\/it\/wp-json\/wp\/v2\/product\/393","targetHints":{"allow":["GET"]}}],"collection":[{"href":"https:\/\/alfakher24h.de\/it\/wp-json\/wp\/v2\/product"}],"about":[{"href":"https:\/\/alfakher24h.de\/it\/wp-json\/wp\/v2\/types\/product"}],"replies":[{"embeddable":true,"href":"https:\/\/alfakher24h.de\/it\/wp-json\/wp\/v2\/comments?post=393"}],"wp:featuredmedia":[{"embeddable":true,"href":"https:\/\/alfakher24h.de\/it\/wp-json\/wp\/v2\/media\/1696"}],"wp:attachment":[{"href":"https:\/\/alfakher24h.de\/it\/wp-json\/wp\/v2\/media?parent=393"}],"wp:term":[{"taxonomy":"product_brand","embeddable":true,"href":"https:\/\/alfakher24h.de\/it\/wp-json\/wp\/v2\/product_brand?post=393"},{"taxonomy":"product_cat","embeddable":true,"href":"https:\/\/alfakher24h.de\/it\/wp-json\/wp\/v2\/product_cat?post=393"},{"taxonomy":"product_tag","embeddable":true,"href":"https:\/\/alfakher24h.de\/it\/wp-json\/wp\/v2\/product_tag?post=393"}],"curies":[{"name":"wp","href":"https:\/\/api.w.org\/{rel}","templated":true}]}}